{"id":17723,"date":"2025-02-04T08:21:41","date_gmt":"2025-02-04T08:21:41","guid":{"rendered":"https:\/\/hd-multimedia.com\/?post_type=product&#038;p=17723"},"modified":"2025-04-02T09:42:47","modified_gmt":"2025-04-02T09:42:47","slug":"elac-debut-c6-3","status":"publish","type":"product","link":"https:\/\/hd-multimedia.com\/sl\/trgovina\/elac-debut-c6-3\/","title":{"rendered":"ELAC Debut C6.3"},"content":{"rendered":"<p>Izdelan iz vrhunskih materialov in z izjemno natan\u010dnostjo, ima Debut C6.3 25 mm visokotonec iz aluminija in trdno ohi\u0161je debeline 16 mm z notranjimi oja\u010ditvami, ki zmanj\u0161ujejo ne\u017eelene resonance. Pozla\u010deni 5-kraki konektorji zagotavljajo odli\u010dno prevodnost in omogo\u010dajo razli\u010dne na\u010dine povezovanja. Zahvaljujo\u010d robustni konstrukciji in vrhunski akusti\u010dni zmogljivosti ELAC Debut C6.3 zagotavlja, da se vsak dialog in zvo\u010dni u\u010dinek preneseta z najve\u010djo natan\u010dnostjo, zaradi \u010desar je nepogre\u0161ljiv del vsakega doma\u010dega kina.<\/p>","protected":false},"excerpt":{"rendered":"<p>Osrednji zvo\u010dnik ELAC Debut C6.3 je popoln dodatek k va\u0161emu doma\u010demu kinu, saj zagotavlja mo\u010dan in impresiven zvok. Z dvema 160 mm nizkotoncema in ve\u010djim ohi\u0161jem ponuja ta zvo\u010dnik izbolj\u0161ano dinamiko in ve\u010d mo\u010di v primerjavi z manj\u0161imi modeli. C6.3, zasnovan za popolno dopolnjevanje zvo\u010dnikov B6.3 in F6.3, zagotavlja brezhibno tonsko ravnovesje, zaradi \u010desar so dialogi in zvo\u010dni u\u010dinki izjemno jasni. Ne glede na to, ali gledate filme ali svojo najljub\u0161o serijo, ta zvo\u010dnik zagotavlja realisti\u010dno in privla\u010dno zvo\u010dno izku\u0161njo.<\/p>\n<p>Cena velja za par (2 zvo\u010dnika)<\/p>\n<p><a href=\"https:\/\/hd-multimedia.com\/sl\/kontakt\/\" target=\"_blank\" rel=\"noopener\">Artikel je na voljo po naro\u010dilu, \u010de ste zainteresirani nas kontaktirajte preko kontaktnega obrazca!<\/a><\/p>","protected":false},"featured_media":17725,"template":"","meta":{"site-sidebar-layout":"default","site-content-layout":"","ast-site-content-layout":"default","site-content-style":"default","site-sidebar-style":"default","ast-global-header-display":"","ast-banner-title-visibility":"","ast-main-header-display":"","ast-hfb-above-header-display":"","ast-hfb-below-header-display":"","ast-hfb-mobile-header-display":"","site-post-title":"","ast-breadcrumbs-content":"","ast-featured-img":"","footer-sml-layout":"","theme-transparent-header-meta":"default","adv-header-id-meta":"","stick-header-meta":"default","header-above-stick-meta":"","header-main-stick-meta":"","header-below-stick-meta":"","astra-migrate-meta-layouts":"set","ast-page-background-enabled":"default","ast-page-background-meta":{"desktop":{"background-color":"","background-image":"","background-repeat":"repeat","background-position":"center center","background-size":"auto","background-attachment":"scroll","background-type":"","background-media":"","overlay-type":"","overlay-color":"","overlay-opacity":"","overlay-gradient":""},"tablet":{"background-color":"","background-image":"","background-repeat":"repeat","background-position":"center center","background-size":"auto","background-attachment":"scroll","background-type":"","background-media":"","overlay-type":"","overlay-color":"","overlay-opacity":"","overlay-gradient":""},"mobile":{"background-color":"","background-image":"","background-repeat":"repeat","background-position":"center center","background-size":"auto","background-attachment":"scroll","background-type":"","background-media":"","overlay-type":"","overlay-color":"","overlay-opacity":"","overlay-gradient":""}},"ast-content-background-meta":{"desktop":{"background-color":"var(--ast-global-color-5)","background-image":"","background-repeat":"repeat","background-position":"center center","background-size":"auto","background-attachment":"scroll","background-type":"","background-media":"","overlay-type":"","overlay-color":"","overlay-opacity":"","overlay-gradient":""},"tablet":{"background-color":"var(--ast-global-color-5)","background-image":"","background-repeat":"repeat","background-position":"center center","background-size":"auto","background-attachment":"scroll","background-type":"","background-media":"","overlay-type":"","overlay-color":"","overlay-opacity":"","overlay-gradient":""},"mobile":{"background-color":"var(--ast-global-color-5)","background-image":"","background-repeat":"repeat","background-position":"center center","background-size":"auto","background-attachment":"scroll","background-type":"","background-media":"","overlay-type":"","overlay-color":"","overlay-opacity":"","overlay-gradient":""}}},"class_list":["post-17723","product","type-product","status-publish","has-post-thumbnail","hentry","product_cat-pasivne-zvucne-kutije","product_cat-elac","product_tag-novi-modeli-elac","desktop-align-center","tablet-align-center","mobile-align-center","ast-product-gallery-layout-horizontal","ast-magnify-disabled","ast-product-tabs-layout-horizontal"],"yoast_head":"<!-- This site is optimized with the Yoast SEO plugin v21.4 - https:\/\/yoast.com\/wordpress\/plugins\/seo\/ -->\n<title>ELAC Debut C6.3 - hd-multimedia<\/title>\n<meta name=\"description\" content=\"ELAC Debut C6.3 sredi\u0161nji zvu\u010dnik savr\u0161en je dodatak va\u0161em ku\u0107nom kinu, pru\u017eaju\u0107i sna\u017ean i impresivan zvuk. Sa svoja dva 160 mm woofera.\" \/>\n<meta name=\"robots\" content=\"index, follow, max-snippet:-1, max-image-preview:large, max-video-preview:-1\" \/>\n<link rel=\"canonical\" href=\"https:\/\/hd-multimedia.com\/sl\/trgovina\/elac-debut-c6-3\/\" \/>\n<meta property=\"og:locale\" content=\"sl_SI\" \/>\n<meta property=\"og:type\" content=\"article\" \/>\n<meta property=\"og:title\" content=\"ELAC Debut C6.3 - hd-multimedia\" \/>\n<meta property=\"og:description\" content=\"ELAC Debut C6.3 sredi\u0161nji zvu\u010dnik savr\u0161en je dodatak va\u0161em ku\u0107nom kinu, pru\u017eaju\u0107i sna\u017ean i impresivan zvuk. Sa svoja dva 160 mm woofera.\" \/>\n<meta property=\"og:url\" content=\"https:\/\/hd-multimedia.com\/sl\/trgovina\/elac-debut-c6-3\/\" \/>\n<meta property=\"og:site_name\" content=\"hd-multimedia\" \/>\n<meta property=\"article:modified_time\" content=\"2025-04-02T09:42:47+00:00\" \/>\n<meta property=\"og:image\" content=\"https:\/\/hd-multimedia.com\/hdm_media\/debut-3-0-c6-3-zwart-4011822321552.jpg\" \/>\n\t<meta property=\"og:image:width\" content=\"1500\" \/>\n\t<meta property=\"og:image:height\" content=\"1500\" \/>\n\t<meta property=\"og:image:type\" content=\"image\/jpeg\" \/>\n<meta name=\"twitter:card\" content=\"summary_large_image\" \/>\n<meta name=\"twitter:label1\" content=\"Est. reading time\" \/>\n\t<meta name=\"twitter:data1\" content=\"1 minuta\" \/>\n<script type=\"application\/ld+json\" class=\"yoast-schema-graph\">{\"@context\":\"https:\/\/schema.org\",\"@graph\":[{\"@type\":\"WebPage\",\"@id\":\"https:\/\/hd-multimedia.com\/trgovina\/elac-debut-c6-3\/\",\"url\":\"https:\/\/hd-multimedia.com\/trgovina\/elac-debut-c6-3\/\",\"name\":\"ELAC Debut C6.3 - hd-multimedia\",\"isPartOf\":{\"@id\":\"https:\/\/hd-multimedia.com\/#website\"},\"datePublished\":\"2025-02-04T08:21:41+00:00\",\"dateModified\":\"2025-04-02T09:42:47+00:00\",\"description\":\"ELAC Debut C6.3 sredi\u0161nji zvu\u010dnik savr\u0161en je dodatak va\u0161em ku\u0107nom kinu, pru\u017eaju\u0107i sna\u017ean i impresivan zvuk. Sa svoja dva 160 mm woofera.\",\"breadcrumb\":{\"@id\":\"https:\/\/hd-multimedia.com\/trgovina\/elac-debut-c6-3\/#breadcrumb\"},\"inLanguage\":\"sl-SI\",\"potentialAction\":[{\"@type\":\"ReadAction\",\"target\":[\"https:\/\/hd-multimedia.com\/trgovina\/elac-debut-c6-3\/\"]}]},{\"@type\":\"BreadcrumbList\",\"@id\":\"https:\/\/hd-multimedia.com\/trgovina\/elac-debut-c6-3\/#breadcrumb\",\"itemListElement\":[{\"@type\":\"ListItem\",\"position\":1,\"name\":\"Po\u010detna stranica\",\"item\":\"https:\/\/hd-multimedia.com\/\"},{\"@type\":\"ListItem\",\"position\":2,\"name\":\"Trgovina\",\"item\":\"https:\/\/hd-multimedia.com\/trgovina\/\"},{\"@type\":\"ListItem\",\"position\":3,\"name\":\"ELAC Debut C6.3\"}]},{\"@type\":\"WebSite\",\"@id\":\"https:\/\/hd-multimedia.com\/#website\",\"url\":\"https:\/\/hd-multimedia.com\/\",\"name\":\"hd-multimedia\",\"description\":\"\",\"publisher\":{\"@id\":\"https:\/\/hd-multimedia.com\/#organization\"},\"potentialAction\":[{\"@type\":\"SearchAction\",\"target\":{\"@type\":\"EntryPoint\",\"urlTemplate\":\"https:\/\/hd-multimedia.com\/?s={search_term_string}\"},\"query-input\":\"required name=search_term_string\"}],\"inLanguage\":\"sl-SI\"},{\"@type\":\"Organization\",\"@id\":\"https:\/\/hd-multimedia.com\/#organization\",\"name\":\"hd-multimedia\",\"url\":\"https:\/\/hd-multimedia.com\/\",\"logo\":{\"@type\":\"ImageObject\",\"inLanguage\":\"sl-SI\",\"@id\":\"https:\/\/hd-multimedia.com\/#\/schema\/logo\/image\/\",\"url\":\"https:\/\/hd-multimedia.com\/hdm_media\/HD-curves-ok-196-56px-alpha-1.png\",\"contentUrl\":\"https:\/\/hd-multimedia.com\/hdm_media\/HD-curves-ok-196-56px-alpha-1.png\",\"width\":196,\"height\":53,\"caption\":\"hd-multimedia\"},\"image\":{\"@id\":\"https:\/\/hd-multimedia.com\/#\/schema\/logo\/image\/\"}}]}<\/script>\n<!-- \/ Yoast SEO plugin. -->","yoast_head_json":{"title":"ELAC Debut C6.3 - hd-multimedia","description":"ELAC Debut C6.3 sredi\u0161nji zvu\u010dnik savr\u0161en je dodatak va\u0161em ku\u0107nom kinu, pru\u017eaju\u0107i sna\u017ean i impresivan zvuk. Sa svoja dva 160 mm woofera.","robots":{"index":"index","follow":"follow","max-snippet":"max-snippet:-1","max-image-preview":"max-image-preview:large","max-video-preview":"max-video-preview:-1"},"canonical":"https:\/\/hd-multimedia.com\/sl\/trgovina\/elac-debut-c6-3\/","og_locale":"sl_SI","og_type":"article","og_title":"ELAC Debut C6.3 - hd-multimedia","og_description":"ELAC Debut C6.3 sredi\u0161nji zvu\u010dnik savr\u0161en je dodatak va\u0161em ku\u0107nom kinu, pru\u017eaju\u0107i sna\u017ean i impresivan zvuk. Sa svoja dva 160 mm woofera.","og_url":"https:\/\/hd-multimedia.com\/sl\/trgovina\/elac-debut-c6-3\/","og_site_name":"hd-multimedia","article_modified_time":"2025-04-02T09:42:47+00:00","og_image":[{"width":1500,"height":1500,"url":"https:\/\/hd-multimedia.com\/hdm_media\/debut-3-0-c6-3-zwart-4011822321552.jpg","type":"image\/jpeg"}],"twitter_card":"summary_large_image","twitter_misc":{"Est. reading time":"1 minuta"},"schema":{"@context":"https:\/\/schema.org","@graph":[{"@type":"WebPage","@id":"https:\/\/hd-multimedia.com\/trgovina\/elac-debut-c6-3\/","url":"https:\/\/hd-multimedia.com\/trgovina\/elac-debut-c6-3\/","name":"ELAC Debut C6.3 - hd-multimedia","isPartOf":{"@id":"https:\/\/hd-multimedia.com\/#website"},"datePublished":"2025-02-04T08:21:41+00:00","dateModified":"2025-04-02T09:42:47+00:00","description":"ELAC Debut C6.3 sredi\u0161nji zvu\u010dnik savr\u0161en je dodatak va\u0161em ku\u0107nom kinu, pru\u017eaju\u0107i sna\u017ean i impresivan zvuk. Sa svoja dva 160 mm woofera.","breadcrumb":{"@id":"https:\/\/hd-multimedia.com\/trgovina\/elac-debut-c6-3\/#breadcrumb"},"inLanguage":"sl-SI","potentialAction":[{"@type":"ReadAction","target":["https:\/\/hd-multimedia.com\/trgovina\/elac-debut-c6-3\/"]}]},{"@type":"BreadcrumbList","@id":"https:\/\/hd-multimedia.com\/trgovina\/elac-debut-c6-3\/#breadcrumb","itemListElement":[{"@type":"ListItem","position":1,"name":"Po\u010detna stranica","item":"https:\/\/hd-multimedia.com\/"},{"@type":"ListItem","position":2,"name":"Trgovina","item":"https:\/\/hd-multimedia.com\/trgovina\/"},{"@type":"ListItem","position":3,"name":"ELAC Debut C6.3"}]},{"@type":"WebSite","@id":"https:\/\/hd-multimedia.com\/#website","url":"https:\/\/hd-multimedia.com\/","name":"hd-multimedia","description":"","publisher":{"@id":"https:\/\/hd-multimedia.com\/#organization"},"potentialAction":[{"@type":"SearchAction","target":{"@type":"EntryPoint","urlTemplate":"https:\/\/hd-multimedia.com\/?s={search_term_string}"},"query-input":"required name=search_term_string"}],"inLanguage":"sl-SI"},{"@type":"Organization","@id":"https:\/\/hd-multimedia.com\/#organization","name":"hd-multimedia","url":"https:\/\/hd-multimedia.com\/","logo":{"@type":"ImageObject","inLanguage":"sl-SI","@id":"https:\/\/hd-multimedia.com\/#\/schema\/logo\/image\/","url":"https:\/\/hd-multimedia.com\/hdm_media\/HD-curves-ok-196-56px-alpha-1.png","contentUrl":"https:\/\/hd-multimedia.com\/hdm_media\/HD-curves-ok-196-56px-alpha-1.png","width":196,"height":53,"caption":"hd-multimedia"},"image":{"@id":"https:\/\/hd-multimedia.com\/#\/schema\/logo\/image\/"}}]}},"post_mailing_queue_ids":[],"_links":{"self":[{"href":"https:\/\/hd-multimedia.com\/sl\/wp-json\/wp\/v2\/product\/17723","targetHints":{"allow":["GET"]}}],"collection":[{"href":"https:\/\/hd-multimedia.com\/sl\/wp-json\/wp\/v2\/product"}],"about":[{"href":"https:\/\/hd-multimedia.com\/sl\/wp-json\/wp\/v2\/types\/product"}],"version-history":[{"count":6,"href":"https:\/\/hd-multimedia.com\/sl\/wp-json\/wp\/v2\/product\/17723\/revisions"}],"predecessor-version":[{"id":18109,"href":"https:\/\/hd-multimedia.com\/sl\/wp-json\/wp\/v2\/product\/17723\/revisions\/18109"}],"wp:featuredmedia":[{"embeddable":true,"href":"https:\/\/hd-multimedia.com\/sl\/wp-json\/wp\/v2\/media\/17725"}],"wp:attachment":[{"href":"https:\/\/hd-multimedia.com\/sl\/wp-json\/wp\/v2\/media?parent=17723"}],"curies":[{"name":"wp","href":"https:\/\/api.w.org\/{rel}","templated":true}]}}