{"id":17681,"date":"2025-01-28T10:59:44","date_gmt":"2025-01-28T10:59:44","guid":{"rendered":"https:\/\/hd-multimedia.com\/?post_type=product&#038;p=17681"},"modified":"2026-03-11T08:10:11","modified_gmt":"2026-03-11T08:10:11","slug":"fiio-cp13","status":"publish","type":"product","link":"https:\/\/hd-multimedia.com\/sl\/trgovina\/fiio-cp13\/","title":{"rendered":"FiiO CP13"},"content":{"rendered":"<p>Elegantna dvobarvna aluminijasta zasnova ne zagotavlja samo vzdr\u017eljivosti, temve\u010d daje napravi tudi vrhunski videz. FiiO CP13 zagotavlja do 13 ur neprekinjenega predvajanja zahvaljujo\u010d dvojnemu sistemu napajanja z mo\u017enostjo uporabe zamenljivih baterij ali zunanjega vira napajanja. Zdru\u017eljiv je z razli\u010dnimi vrstami kaset, njegovo intuitivno upravljanje pa omogo\u010da preprosto in prijetno poslu\u0161anje. Ne glede na to, ali ponovno odkrivate svojo zbirko kaset ali prvi\u010d raziskujete toplino analognega zvoka, FiiO CP13 zagotavlja zanesljivo in poglobljeno zvo\u010dno izku\u0161njo.<\/p>\n<p><a href=\"https:\/\/fiio.com\/cp13_parameters\" target=\"_blank\" rel=\"noopener\">Parametri<\/a><\/p>","protected":false},"excerpt":{"rendered":"<div class=\"flex-shrink-0 flex flex-col relative items-end\">\n<div>\n<div class=\"pt-0\">\n<div class=\"gizmo-bot-avatar flex h-8 w-8 items-center justify-center overflow-hidden rounded-full\">\n<div class=\"relative p-1 rounded-sm flex items-center justify-center bg-token-main-surface-primary text-token-text-primary h-8 w-8\">FiiO CP13 je prenosni stereo kasetofon, zasnovan za ljubitelje analognega zvoka, ki zdru\u017euje nostalgijo klasi\u010dnih kaset s sodobno tehnologijo. Zahvaljujo\u010d velikemu kolesu iz \u010distega bakra in visokonapetostnemu napajalniku motorja, CP13 zagotavlja izjemno nizke ravni hrupa in plapolanja ter zagotavlja stabilno in visokokakovostno reprodukcijo. Njegova prilagojena uravnote\u017eena oja\u010devalna glava v kombinaciji z avdiofilskim operacijskim oja\u010devalnikom JRC5532 zagotavlja bogat, podroben in 100% \u010disti analogni zvok, popoln za prave ljubitelje glasbe.<\/div>\n<div><\/div>\n<div><a href=\"https:\/\/fiio.com\/cp13\" target=\"_blank\" rel=\"noopener\">Ostale informacije najdete na tej povezavi.<\/a><\/div>\n<\/div>\n<\/div>\n<\/div>\n<\/div>","protected":false},"featured_media":17851,"template":"","meta":{"site-sidebar-layout":"default","site-content-layout":"","ast-site-content-layout":"default","site-content-style":"default","site-sidebar-style":"default","ast-global-header-display":"","ast-banner-title-visibility":"","ast-main-header-display":"","ast-hfb-above-header-display":"","ast-hfb-below-header-display":"","ast-hfb-mobile-header-display":"","site-post-title":"","ast-breadcrumbs-content":"","ast-featured-img":"","footer-sml-layout":"","theme-transparent-header-meta":"default","adv-header-id-meta":"","stick-header-meta":"default","header-above-stick-meta":"","header-main-stick-meta":"","header-below-stick-meta":"","astra-migrate-meta-layouts":"set","ast-page-background-enabled":"default","ast-page-background-meta":{"desktop":{"background-color":"","background-image":"","background-repeat":"repeat","background-position":"center center","background-size":"auto","background-attachment":"scroll","background-type":"","background-media":"","overlay-type":"","overlay-color":"","overlay-opacity":"","overlay-gradient":""},"tablet":{"background-color":"","background-image":"","background-repeat":"repeat","background-position":"center center","background-size":"auto","background-attachment":"scroll","background-type":"","background-media":"","overlay-type":"","overlay-color":"","overlay-opacity":"","overlay-gradient":""},"mobile":{"background-color":"","background-image":"","background-repeat":"repeat","background-position":"center center","background-size":"auto","background-attachment":"scroll","background-type":"","background-media":"","overlay-type":"","overlay-color":"","overlay-opacity":"","overlay-gradient":""}},"ast-content-background-meta":{"desktop":{"background-color":"var(--ast-global-color-5)","background-image":"","background-repeat":"repeat","background-position":"center center","background-size":"auto","background-attachment":"scroll","background-type":"","background-media":"","overlay-type":"","overlay-color":"","overlay-opacity":"","overlay-gradient":""},"tablet":{"background-color":"var(--ast-global-color-5)","background-image":"","background-repeat":"repeat","background-position":"center center","background-size":"auto","background-attachment":"scroll","background-type":"","background-media":"","overlay-type":"","overlay-color":"","overlay-opacity":"","overlay-gradient":""},"mobile":{"background-color":"var(--ast-global-color-5)","background-image":"","background-repeat":"repeat","background-position":"center center","background-size":"auto","background-attachment":"scroll","background-type":"","background-media":"","overlay-type":"","overlay-color":"","overlay-opacity":"","overlay-gradient":""}}},"class_list":["post-17681","product","type-product","status-publish","has-post-thumbnail","hentry","product_cat-mobilni-playeri","product_cat-fiio","product_tag-novo-u-ponudi-fiio","product_tag-novo-u-ponudi","desktop-align-center","tablet-align-center","mobile-align-center","ast-product-gallery-layout-horizontal","ast-magnify-disabled","ast-product-tabs-layout-horizontal"],"yoast_head":"<!-- This site is optimized with the Yoast SEO plugin v21.4 - https:\/\/yoast.com\/wordpress\/plugins\/seo\/ -->\n<title>FiiO CP13 - hd-multimedia<\/title>\n<meta name=\"description\" content=\"FiiO CP13 je prijenosni stereo kazetofon dizajniran za ljubitelje analognog zvuka, spajaju\u0107i nostalgiju klasi\u010dnih kazeta s modernom tehnologijom.\" \/>\n<meta name=\"robots\" content=\"index, follow, max-snippet:-1, max-image-preview:large, max-video-preview:-1\" \/>\n<link rel=\"canonical\" href=\"https:\/\/hd-multimedia.com\/sl\/trgovina\/fiio-cp13\/\" \/>\n<meta property=\"og:locale\" content=\"sl_SI\" \/>\n<meta property=\"og:type\" content=\"article\" \/>\n<meta property=\"og:title\" content=\"FiiO CP13 - hd-multimedia\" \/>\n<meta property=\"og:description\" content=\"FiiO CP13 je prijenosni stereo kazetofon dizajniran za ljubitelje analognog zvuka, spajaju\u0107i nostalgiju klasi\u010dnih kazeta s modernom tehnologijom.\" \/>\n<meta property=\"og:url\" content=\"https:\/\/hd-multimedia.com\/sl\/trgovina\/fiio-cp13\/\" \/>\n<meta property=\"og:site_name\" content=\"hd-multimedia\" \/>\n<meta property=\"article:modified_time\" content=\"2026-03-11T08:10:11+00:00\" \/>\n<meta property=\"og:image\" content=\"https:\/\/hd-multimedia.com\/hdm_media\/9052934-e1739173811745.jpg\" \/>\n\t<meta property=\"og:image:width\" content=\"696\" \/>\n\t<meta property=\"og:image:height\" content=\"696\" \/>\n\t<meta property=\"og:image:type\" content=\"image\/jpeg\" \/>\n<meta name=\"twitter:card\" content=\"summary_large_image\" \/>\n<meta name=\"twitter:label1\" content=\"Est. reading time\" \/>\n\t<meta name=\"twitter:data1\" content=\"1 minuta\" \/>\n<script type=\"application\/ld+json\" class=\"yoast-schema-graph\">{\"@context\":\"https:\/\/schema.org\",\"@graph\":[{\"@type\":\"WebPage\",\"@id\":\"https:\/\/hd-multimedia.com\/trgovina\/fiio-cp13\/\",\"url\":\"https:\/\/hd-multimedia.com\/trgovina\/fiio-cp13\/\",\"name\":\"FiiO CP13 - hd-multimedia\",\"isPartOf\":{\"@id\":\"https:\/\/hd-multimedia.com\/#website\"},\"datePublished\":\"2025-01-28T10:59:44+00:00\",\"dateModified\":\"2026-03-11T08:10:11+00:00\",\"description\":\"FiiO CP13 je prijenosni stereo kazetofon dizajniran za ljubitelje analognog zvuka, spajaju\u0107i nostalgiju klasi\u010dnih kazeta s modernom tehnologijom.\",\"breadcrumb\":{\"@id\":\"https:\/\/hd-multimedia.com\/trgovina\/fiio-cp13\/#breadcrumb\"},\"inLanguage\":\"sl-SI\",\"potentialAction\":[{\"@type\":\"ReadAction\",\"target\":[\"https:\/\/hd-multimedia.com\/trgovina\/fiio-cp13\/\"]}]},{\"@type\":\"BreadcrumbList\",\"@id\":\"https:\/\/hd-multimedia.com\/trgovina\/fiio-cp13\/#breadcrumb\",\"itemListElement\":[{\"@type\":\"ListItem\",\"position\":1,\"name\":\"Po\u010detna stranica\",\"item\":\"https:\/\/hd-multimedia.com\/\"},{\"@type\":\"ListItem\",\"position\":2,\"name\":\"Trgovina\",\"item\":\"https:\/\/hd-multimedia.com\/trgovina\/\"},{\"@type\":\"ListItem\",\"position\":3,\"name\":\"FiiO CP13\"}]},{\"@type\":\"WebSite\",\"@id\":\"https:\/\/hd-multimedia.com\/#website\",\"url\":\"https:\/\/hd-multimedia.com\/\",\"name\":\"hd-multimedia\",\"description\":\"\",\"publisher\":{\"@id\":\"https:\/\/hd-multimedia.com\/#organization\"},\"potentialAction\":[{\"@type\":\"SearchAction\",\"target\":{\"@type\":\"EntryPoint\",\"urlTemplate\":\"https:\/\/hd-multimedia.com\/?s={search_term_string}\"},\"query-input\":\"required name=search_term_string\"}],\"inLanguage\":\"sl-SI\"},{\"@type\":\"Organization\",\"@id\":\"https:\/\/hd-multimedia.com\/#organization\",\"name\":\"hd-multimedia\",\"url\":\"https:\/\/hd-multimedia.com\/\",\"logo\":{\"@type\":\"ImageObject\",\"inLanguage\":\"sl-SI\",\"@id\":\"https:\/\/hd-multimedia.com\/#\/schema\/logo\/image\/\",\"url\":\"https:\/\/hd-multimedia.com\/hdm_media\/HD-curves-ok-196-56px-alpha-1.png\",\"contentUrl\":\"https:\/\/hd-multimedia.com\/hdm_media\/HD-curves-ok-196-56px-alpha-1.png\",\"width\":196,\"height\":53,\"caption\":\"hd-multimedia\"},\"image\":{\"@id\":\"https:\/\/hd-multimedia.com\/#\/schema\/logo\/image\/\"}}]}<\/script>\n<!-- \/ Yoast SEO plugin. -->","yoast_head_json":{"title":"FiiO CP13 - hd-multimedia","description":"FiiO CP13 je prijenosni stereo kazetofon dizajniran za ljubitelje analognog zvuka, spajaju\u0107i nostalgiju klasi\u010dnih kazeta s modernom tehnologijom.","robots":{"index":"index","follow":"follow","max-snippet":"max-snippet:-1","max-image-preview":"max-image-preview:large","max-video-preview":"max-video-preview:-1"},"canonical":"https:\/\/hd-multimedia.com\/sl\/trgovina\/fiio-cp13\/","og_locale":"sl_SI","og_type":"article","og_title":"FiiO CP13 - hd-multimedia","og_description":"FiiO CP13 je prijenosni stereo kazetofon dizajniran za ljubitelje analognog zvuka, spajaju\u0107i nostalgiju klasi\u010dnih kazeta s modernom tehnologijom.","og_url":"https:\/\/hd-multimedia.com\/sl\/trgovina\/fiio-cp13\/","og_site_name":"hd-multimedia","article_modified_time":"2026-03-11T08:10:11+00:00","og_image":[{"width":696,"height":696,"url":"https:\/\/hd-multimedia.com\/hdm_media\/9052934-e1739173811745.jpg","type":"image\/jpeg"}],"twitter_card":"summary_large_image","twitter_misc":{"Est. reading time":"1 minuta"},"schema":{"@context":"https:\/\/schema.org","@graph":[{"@type":"WebPage","@id":"https:\/\/hd-multimedia.com\/trgovina\/fiio-cp13\/","url":"https:\/\/hd-multimedia.com\/trgovina\/fiio-cp13\/","name":"FiiO CP13 - hd-multimedia","isPartOf":{"@id":"https:\/\/hd-multimedia.com\/#website"},"datePublished":"2025-01-28T10:59:44+00:00","dateModified":"2026-03-11T08:10:11+00:00","description":"FiiO CP13 je prijenosni stereo kazetofon dizajniran za ljubitelje analognog zvuka, spajaju\u0107i nostalgiju klasi\u010dnih kazeta s modernom tehnologijom.","breadcrumb":{"@id":"https:\/\/hd-multimedia.com\/trgovina\/fiio-cp13\/#breadcrumb"},"inLanguage":"sl-SI","potentialAction":[{"@type":"ReadAction","target":["https:\/\/hd-multimedia.com\/trgovina\/fiio-cp13\/"]}]},{"@type":"BreadcrumbList","@id":"https:\/\/hd-multimedia.com\/trgovina\/fiio-cp13\/#breadcrumb","itemListElement":[{"@type":"ListItem","position":1,"name":"Po\u010detna stranica","item":"https:\/\/hd-multimedia.com\/"},{"@type":"ListItem","position":2,"name":"Trgovina","item":"https:\/\/hd-multimedia.com\/trgovina\/"},{"@type":"ListItem","position":3,"name":"FiiO CP13"}]},{"@type":"WebSite","@id":"https:\/\/hd-multimedia.com\/#website","url":"https:\/\/hd-multimedia.com\/","name":"hd-multimedia","description":"","publisher":{"@id":"https:\/\/hd-multimedia.com\/#organization"},"potentialAction":[{"@type":"SearchAction","target":{"@type":"EntryPoint","urlTemplate":"https:\/\/hd-multimedia.com\/?s={search_term_string}"},"query-input":"required name=search_term_string"}],"inLanguage":"sl-SI"},{"@type":"Organization","@id":"https:\/\/hd-multimedia.com\/#organization","name":"hd-multimedia","url":"https:\/\/hd-multimedia.com\/","logo":{"@type":"ImageObject","inLanguage":"sl-SI","@id":"https:\/\/hd-multimedia.com\/#\/schema\/logo\/image\/","url":"https:\/\/hd-multimedia.com\/hdm_media\/HD-curves-ok-196-56px-alpha-1.png","contentUrl":"https:\/\/hd-multimedia.com\/hdm_media\/HD-curves-ok-196-56px-alpha-1.png","width":196,"height":53,"caption":"hd-multimedia"},"image":{"@id":"https:\/\/hd-multimedia.com\/#\/schema\/logo\/image\/"}}]}},"post_mailing_queue_ids":[],"_links":{"self":[{"href":"https:\/\/hd-multimedia.com\/sl\/wp-json\/wp\/v2\/product\/17681","targetHints":{"allow":["GET"]}}],"collection":[{"href":"https:\/\/hd-multimedia.com\/sl\/wp-json\/wp\/v2\/product"}],"about":[{"href":"https:\/\/hd-multimedia.com\/sl\/wp-json\/wp\/v2\/types\/product"}],"version-history":[{"count":7,"href":"https:\/\/hd-multimedia.com\/sl\/wp-json\/wp\/v2\/product\/17681\/revisions"}],"predecessor-version":[{"id":17875,"href":"https:\/\/hd-multimedia.com\/sl\/wp-json\/wp\/v2\/product\/17681\/revisions\/17875"}],"wp:featuredmedia":[{"embeddable":true,"href":"https:\/\/hd-multimedia.com\/sl\/wp-json\/wp\/v2\/media\/17851"}],"wp:attachment":[{"href":"https:\/\/hd-multimedia.com\/sl\/wp-json\/wp\/v2\/media?parent=17681"}],"curies":[{"name":"wp","href":"https:\/\/api.w.org\/{rel}","templated":true}]}}