{"id":17639,"date":"2025-01-22T10:22:12","date_gmt":"2025-01-22T10:22:12","guid":{"rendered":"https:\/\/hd-multimedia.com\/?post_type=product&#038;p=17639"},"modified":"2025-01-22T11:07:03","modified_gmt":"2025-01-22T11:07:03","slug":"topping-centaurus","status":"publish","type":"product","link":"https:\/\/hd-multimedia.com\/sl\/trgovina\/topping-centaurus\/","title":{"rendered":"Topping Centaurus"},"content":{"rendered":"<p>Topping Centaurus ponuja tri izbirne na\u010dine delovanja\u2014NOS, OS in Best\u2014za prilagajanje razli\u010dnim zvo\u010dnim nastavitvam. Opremljen je z novo oblikovanim uporabni\u0161kim vmesnikom Aurora, 2,0-pal\u010dnim barvnim zaslonom na dotik in 10-pasovnim natan\u010dnim nastavljanjem PEQ, kar uporabnikom omogo\u010da enostavno prilagajanje njihove zvo\u010dne izku\u0161nje. Vgrajeni \u010dip Qualcomm QCC5125 podpira Bluetooth 5.1 z zdru\u017eljivostjo za visokokakovostne zvo\u010dne kodeke, kot sta LDAC in aptX. Centaurus ponuja \u0161iroko paleto vhodnih mo\u017enosti, vklju\u010dno z USB, opti\u010dnim, koaksialnim, AES, IIS in Bluetooth 5.1, skupaj z RCA in uravnote\u017eenimi XLR izhodi, kar zagotavlja celovite mo\u017enosti povezljivosti.<\/p>\n<p>Vse ostale specifikacije si oglejte na povezavi!<\/p>\n<p><a href=\"https:\/\/www.toppingaudio.com\/product-item\/centaurus\" target=\"_blank\" rel=\"noopener\">Vse specifikacije Topping Centaurus!<\/a><\/p>","protected":false},"excerpt":{"rendered":"<p>Topping Centaurus je visoko zmogljiv R2R namizni DAC, ki sta ga skupaj razvila Topping in HOLO AUDIO. Odlikuje ga inovativna 8-kanalna arhitektura niza uporov R2R, s \u0161tirimi namenskimi vezji na sprednji strani za dekodiranje DSD in \u0161e \u0161tirimi na zadnji strani za obdelavo signala PCM. Ta zasnova zagotavlja natan\u010dno reprodukcijo vsake podrobnosti, s \u010dimer se Centaurus razlikuje na podro\u010dju R2R DAC z izjemno glasbeno zvestobo. Dosega izjemno nizek THD+N 0,0005%, SNR 130dB @1kHz in DNR 130dB @1kHz.<\/p>\n<p><a href=\"https:\/\/www.toppingaudio.com\/product-item\/centaurus\" target=\"_blank\" rel=\"noopener\">Povezava za dodatne informacije o izdelku!<\/a><\/p>","protected":false},"featured_media":17644,"template":"","meta":{"site-sidebar-layout":"default","site-content-layout":"","ast-site-content-layout":"default","site-content-style":"default","site-sidebar-style":"default","ast-global-header-display":"","ast-banner-title-visibility":"","ast-main-header-display":"","ast-hfb-above-header-display":"","ast-hfb-below-header-display":"","ast-hfb-mobile-header-display":"","site-post-title":"","ast-breadcrumbs-content":"","ast-featured-img":"","footer-sml-layout":"","theme-transparent-header-meta":"default","adv-header-id-meta":"","stick-header-meta":"default","header-above-stick-meta":"","header-main-stick-meta":"","header-below-stick-meta":"","astra-migrate-meta-layouts":"set","ast-page-background-enabled":"default","ast-page-background-meta":{"desktop":{"background-color":"","background-image":"","background-repeat":"repeat","background-position":"center center","background-size":"auto","background-attachment":"scroll","background-type":"","background-media":"","overlay-type":"","overlay-color":"","overlay-opacity":"","overlay-gradient":""},"tablet":{"background-color":"","background-image":"","background-repeat":"repeat","background-position":"center center","background-size":"auto","background-attachment":"scroll","background-type":"","background-media":"","overlay-type":"","overlay-color":"","overlay-opacity":"","overlay-gradient":""},"mobile":{"background-color":"","background-image":"","background-repeat":"repeat","background-position":"center center","background-size":"auto","background-attachment":"scroll","background-type":"","background-media":"","overlay-type":"","overlay-color":"","overlay-opacity":"","overlay-gradient":""}},"ast-content-background-meta":{"desktop":{"background-color":"var(--ast-global-color-5)","background-image":"","background-repeat":"repeat","background-position":"center center","background-size":"auto","background-attachment":"scroll","background-type":"","background-media":"","overlay-type":"","overlay-color":"","overlay-opacity":"","overlay-gradient":""},"tablet":{"background-color":"var(--ast-global-color-5)","background-image":"","background-repeat":"repeat","background-position":"center center","background-size":"auto","background-attachment":"scroll","background-type":"","background-media":"","overlay-type":"","overlay-color":"","overlay-opacity":"","overlay-gradient":""},"mobile":{"background-color":"var(--ast-global-color-5)","background-image":"","background-repeat":"repeat","background-position":"center center","background-size":"auto","background-attachment":"scroll","background-type":"","background-media":"","overlay-type":"","overlay-color":"","overlay-opacity":"","overlay-gradient":""}}},"class_list":["post-17639","product","type-product","status-publish","has-post-thumbnail","hentry","product_cat-dac","product_cat-topping","desktop-align-center","tablet-align-center","mobile-align-center","ast-product-gallery-layout-horizontal","ast-magnify-disabled","ast-product-single-variable","ast-product-tabs-layout-horizontal"],"yoast_head":"<!-- This site is optimized with the Yoast SEO plugin v21.4 - https:\/\/yoast.com\/wordpress\/plugins\/seo\/ -->\n<title>Topping Centaurus - hd-multimedia<\/title>\n<meta name=\"description\" content=\"Topping Centaurus je R2R stolni DAC visokih performansi koji su zajedni\u010dki razvili Topping i HOLO AUDIO. Sadr\u017ei inovativnu 8-kanalnu R2R arhitekturu.\" \/>\n<meta name=\"robots\" content=\"index, follow, max-snippet:-1, max-image-preview:large, max-video-preview:-1\" \/>\n<link rel=\"canonical\" href=\"https:\/\/hd-multimedia.com\/sl\/trgovina\/topping-centaurus\/\" \/>\n<meta property=\"og:locale\" content=\"sl_SI\" \/>\n<meta property=\"og:type\" content=\"article\" \/>\n<meta property=\"og:title\" content=\"Topping Centaurus - hd-multimedia\" \/>\n<meta property=\"og:description\" content=\"Topping Centaurus je R2R stolni DAC visokih performansi koji su zajedni\u010dki razvili Topping i HOLO AUDIO. Sadr\u017ei inovativnu 8-kanalnu R2R arhitekturu.\" \/>\n<meta property=\"og:url\" content=\"https:\/\/hd-multimedia.com\/sl\/trgovina\/topping-centaurus\/\" \/>\n<meta property=\"og:site_name\" content=\"hd-multimedia\" \/>\n<meta property=\"article:modified_time\" content=\"2025-01-22T11:07:03+00:00\" \/>\n<meta property=\"og:image\" content=\"https:\/\/hd-multimedia.com\/hdm_media\/Topping-Centaurus-Black-e1737541945862.png\" \/>\n\t<meta property=\"og:image:width\" content=\"980\" \/>\n\t<meta property=\"og:image:height\" content=\"980\" \/>\n\t<meta property=\"og:image:type\" content=\"image\/png\" \/>\n<meta name=\"twitter:card\" content=\"summary_large_image\" \/>\n<meta name=\"twitter:label1\" content=\"Est. reading time\" \/>\n\t<meta name=\"twitter:data1\" content=\"1 minuta\" \/>\n<script type=\"application\/ld+json\" class=\"yoast-schema-graph\">{\"@context\":\"https:\/\/schema.org\",\"@graph\":[{\"@type\":\"WebPage\",\"@id\":\"https:\/\/hd-multimedia.com\/trgovina\/topping-centaurus\/\",\"url\":\"https:\/\/hd-multimedia.com\/trgovina\/topping-centaurus\/\",\"name\":\"Topping Centaurus - hd-multimedia\",\"isPartOf\":{\"@id\":\"https:\/\/hd-multimedia.com\/#website\"},\"datePublished\":\"2025-01-22T10:22:12+00:00\",\"dateModified\":\"2025-01-22T11:07:03+00:00\",\"description\":\"Topping Centaurus je R2R stolni DAC visokih performansi koji su zajedni\u010dki razvili Topping i HOLO AUDIO. Sadr\u017ei inovativnu 8-kanalnu R2R arhitekturu.\",\"breadcrumb\":{\"@id\":\"https:\/\/hd-multimedia.com\/trgovina\/topping-centaurus\/#breadcrumb\"},\"inLanguage\":\"sl-SI\",\"potentialAction\":[{\"@type\":\"ReadAction\",\"target\":[\"https:\/\/hd-multimedia.com\/trgovina\/topping-centaurus\/\"]}]},{\"@type\":\"BreadcrumbList\",\"@id\":\"https:\/\/hd-multimedia.com\/trgovina\/topping-centaurus\/#breadcrumb\",\"itemListElement\":[{\"@type\":\"ListItem\",\"position\":1,\"name\":\"Po\u010detna stranica\",\"item\":\"https:\/\/hd-multimedia.com\/\"},{\"@type\":\"ListItem\",\"position\":2,\"name\":\"Trgovina\",\"item\":\"https:\/\/hd-multimedia.com\/trgovina\/\"},{\"@type\":\"ListItem\",\"position\":3,\"name\":\"Topping Centaurus\"}]},{\"@type\":\"WebSite\",\"@id\":\"https:\/\/hd-multimedia.com\/#website\",\"url\":\"https:\/\/hd-multimedia.com\/\",\"name\":\"hd-multimedia\",\"description\":\"\",\"publisher\":{\"@id\":\"https:\/\/hd-multimedia.com\/#organization\"},\"potentialAction\":[{\"@type\":\"SearchAction\",\"target\":{\"@type\":\"EntryPoint\",\"urlTemplate\":\"https:\/\/hd-multimedia.com\/?s={search_term_string}\"},\"query-input\":\"required name=search_term_string\"}],\"inLanguage\":\"sl-SI\"},{\"@type\":\"Organization\",\"@id\":\"https:\/\/hd-multimedia.com\/#organization\",\"name\":\"hd-multimedia\",\"url\":\"https:\/\/hd-multimedia.com\/\",\"logo\":{\"@type\":\"ImageObject\",\"inLanguage\":\"sl-SI\",\"@id\":\"https:\/\/hd-multimedia.com\/#\/schema\/logo\/image\/\",\"url\":\"https:\/\/hd-multimedia.com\/hdm_media\/HD-curves-ok-196-56px-alpha-1.png\",\"contentUrl\":\"https:\/\/hd-multimedia.com\/hdm_media\/HD-curves-ok-196-56px-alpha-1.png\",\"width\":196,\"height\":53,\"caption\":\"hd-multimedia\"},\"image\":{\"@id\":\"https:\/\/hd-multimedia.com\/#\/schema\/logo\/image\/\"}}]}<\/script>\n<!-- \/ Yoast SEO plugin. -->","yoast_head_json":{"title":"Topping Centaurus - hd-multimedia","description":"Topping Centaurus je R2R stolni DAC visokih performansi koji su zajedni\u010dki razvili Topping i HOLO AUDIO. Sadr\u017ei inovativnu 8-kanalnu R2R arhitekturu.","robots":{"index":"index","follow":"follow","max-snippet":"max-snippet:-1","max-image-preview":"max-image-preview:large","max-video-preview":"max-video-preview:-1"},"canonical":"https:\/\/hd-multimedia.com\/sl\/trgovina\/topping-centaurus\/","og_locale":"sl_SI","og_type":"article","og_title":"Topping Centaurus - hd-multimedia","og_description":"Topping Centaurus je R2R stolni DAC visokih performansi koji su zajedni\u010dki razvili Topping i HOLO AUDIO. Sadr\u017ei inovativnu 8-kanalnu R2R arhitekturu.","og_url":"https:\/\/hd-multimedia.com\/sl\/trgovina\/topping-centaurus\/","og_site_name":"hd-multimedia","article_modified_time":"2025-01-22T11:07:03+00:00","og_image":[{"width":980,"height":980,"url":"https:\/\/hd-multimedia.com\/hdm_media\/Topping-Centaurus-Black-e1737541945862.png","type":"image\/png"}],"twitter_card":"summary_large_image","twitter_misc":{"Est. reading time":"1 minuta"},"schema":{"@context":"https:\/\/schema.org","@graph":[{"@type":"WebPage","@id":"https:\/\/hd-multimedia.com\/trgovina\/topping-centaurus\/","url":"https:\/\/hd-multimedia.com\/trgovina\/topping-centaurus\/","name":"Topping Centaurus - hd-multimedia","isPartOf":{"@id":"https:\/\/hd-multimedia.com\/#website"},"datePublished":"2025-01-22T10:22:12+00:00","dateModified":"2025-01-22T11:07:03+00:00","description":"Topping Centaurus je R2R stolni DAC visokih performansi koji su zajedni\u010dki razvili Topping i HOLO AUDIO. Sadr\u017ei inovativnu 8-kanalnu R2R arhitekturu.","breadcrumb":{"@id":"https:\/\/hd-multimedia.com\/trgovina\/topping-centaurus\/#breadcrumb"},"inLanguage":"sl-SI","potentialAction":[{"@type":"ReadAction","target":["https:\/\/hd-multimedia.com\/trgovina\/topping-centaurus\/"]}]},{"@type":"BreadcrumbList","@id":"https:\/\/hd-multimedia.com\/trgovina\/topping-centaurus\/#breadcrumb","itemListElement":[{"@type":"ListItem","position":1,"name":"Po\u010detna stranica","item":"https:\/\/hd-multimedia.com\/"},{"@type":"ListItem","position":2,"name":"Trgovina","item":"https:\/\/hd-multimedia.com\/trgovina\/"},{"@type":"ListItem","position":3,"name":"Topping Centaurus"}]},{"@type":"WebSite","@id":"https:\/\/hd-multimedia.com\/#website","url":"https:\/\/hd-multimedia.com\/","name":"hd-multimedia","description":"","publisher":{"@id":"https:\/\/hd-multimedia.com\/#organization"},"potentialAction":[{"@type":"SearchAction","target":{"@type":"EntryPoint","urlTemplate":"https:\/\/hd-multimedia.com\/?s={search_term_string}"},"query-input":"required name=search_term_string"}],"inLanguage":"sl-SI"},{"@type":"Organization","@id":"https:\/\/hd-multimedia.com\/#organization","name":"hd-multimedia","url":"https:\/\/hd-multimedia.com\/","logo":{"@type":"ImageObject","inLanguage":"sl-SI","@id":"https:\/\/hd-multimedia.com\/#\/schema\/logo\/image\/","url":"https:\/\/hd-multimedia.com\/hdm_media\/HD-curves-ok-196-56px-alpha-1.png","contentUrl":"https:\/\/hd-multimedia.com\/hdm_media\/HD-curves-ok-196-56px-alpha-1.png","width":196,"height":53,"caption":"hd-multimedia"},"image":{"@id":"https:\/\/hd-multimedia.com\/#\/schema\/logo\/image\/"}}]}},"post_mailing_queue_ids":[],"_links":{"self":[{"href":"https:\/\/hd-multimedia.com\/sl\/wp-json\/wp\/v2\/product\/17639","targetHints":{"allow":["GET"]}}],"collection":[{"href":"https:\/\/hd-multimedia.com\/sl\/wp-json\/wp\/v2\/product"}],"about":[{"href":"https:\/\/hd-multimedia.com\/sl\/wp-json\/wp\/v2\/types\/product"}],"version-history":[{"count":4,"href":"https:\/\/hd-multimedia.com\/sl\/wp-json\/wp\/v2\/product\/17639\/revisions"}],"predecessor-version":[{"id":17648,"href":"https:\/\/hd-multimedia.com\/sl\/wp-json\/wp\/v2\/product\/17639\/revisions\/17648"}],"wp:featuredmedia":[{"embeddable":true,"href":"https:\/\/hd-multimedia.com\/sl\/wp-json\/wp\/v2\/media\/17644"}],"wp:attachment":[{"href":"https:\/\/hd-multimedia.com\/sl\/wp-json\/wp\/v2\/media?parent=17639"}],"curies":[{"name":"wp","href":"https:\/\/api.w.org\/{rel}","templated":true}]}}