{"id":1760,"date":"2019-10-15T08:48:05","date_gmt":"2019-10-15T08:48:05","guid":{"rendered":"https:\/\/hd-multimedia.com\/trgovina\/elac-carina-bs-243-4-satin-white\/"},"modified":"2025-04-23T07:48:00","modified_gmt":"2025-04-23T07:48:00","slug":"elac-carina-bs-243-4","status":"publish","type":"product","link":"https:\/\/hd-multimedia.com\/sl\/trgovina\/elac-carina-bs-243-4\/","title":{"rendered":"ELAC Carina BS 243.4 (par)"},"content":{"rendered":"<p>\u2013 2-sistemski bas refleksni zvo\u010dnik<\/p>\n<p>\u2013 Visokotonec: transformator zra\u010dnega gibanja zlo\u017een po principu JET<\/p>\n<p>\u2013 Nizkotonec: 1 x 150 mm, aluminijasta membrana<\/p>\n<p>\u2013 Crossover frekvenca: 2.700 Hz<\/p>\n<p>\u2013 Frekven\u010dni razpon: 46 Hz \u2013 30.000 Hz<\/p>\n<p>\u2013 Ob\u010dutljivost: 85dB<\/p>\n<p>\u2013 Priporo\u010dena mo\u010d oja\u010devalnika: 30 \u2013 150 W na kanal<\/p>\n<p>\u2013 Glasbena obremenitev: 100 W na kanal<\/p>\n<p>\u2013 Nominalno | Najmanj\u0161a impedanca: 6 ohmov \/ 4,8 ohmov<\/p>\n<p>\u2013 Neto te\u017ea (vsak): 22,44 lbs<\/p>\n<p>\u2013 Mere (V x \u0160 x G): 12,54 x 8,06 x 8,52 palcev (319 x 216 x 245 mm)<\/p>\n<p><a href=\"https:\/\/www.elac.com\/category\/bookshelf-speakers\/carina-bs243-4\/\" target=\"_blank\" rel=\"noopener\">Ostale informacije najdete na tej povezavi.<\/a><\/p>","protected":false},"excerpt":{"rendered":"<p>ELAC Carina BS 243.4 navdu\u0161uje s poudarkom na stilu in eleganci. K prepri\u010dljivi zasnovi prispeva tudi material ohi\u0161ja (les). Za doseganje mo\u010dnega zvoka se lahko zvo\u010dnik zana\u0161a na mo\u010d 100 W. Pri 2-steznem zvo\u010dniku je dobra reprodukcija zvoka dose\u017eena z uporabo dveh gonilnikov, ker se visoki in nizki toni proizvajajo lo\u010deno. Priklju\u010dek za bas refleks omogo\u010da prost pretok nizkih tonov. Zvo\u010dnik vklju\u010duje tudi funkcijo bi-amping za povezavo ve\u010d oja\u010devalcev.<\/p>\n<p>Cena velja za par (2 zvo\u010dnika)<\/p>\n<p><a href=\"https:\/\/www.elac.com\/category\/bookshelf-speakers\/carina-bs243-4\/\" target=\"_blank\" rel=\"noopener\">Ostale informacije najdete na tej povezavi.<\/a><\/p>","protected":false},"featured_media":1811,"template":"","meta":{"site-sidebar-layout":"default","site-content-layout":"default","ast-site-content-layout":"default","site-content-style":"default","site-sidebar-style":"default","ast-global-header-display":"","ast-banner-title-visibility":"","ast-main-header-display":"","ast-hfb-above-header-display":"","ast-hfb-below-header-display":"","ast-hfb-mobile-header-display":"","site-post-title":"","ast-breadcrumbs-content":"","ast-featured-img":"","footer-sml-layout":"","theme-transparent-header-meta":"default","adv-header-id-meta":"","stick-header-meta":"default","header-above-stick-meta":"","header-main-stick-meta":"","header-below-stick-meta":"","astra-migrate-meta-layouts":"set","ast-page-background-enabled":"default","ast-page-background-meta":{"desktop":{"background-color":"","background-image":"","background-repeat":"repeat","background-position":"center center","background-size":"auto","background-attachment":"scroll","background-type":"","background-media":"","overlay-type":"","overlay-color":"","overlay-opacity":"","overlay-gradient":""},"tablet":{"background-color":"","background-image":"","background-repeat":"repeat","background-position":"center center","background-size":"auto","background-attachment":"scroll","background-type":"","background-media":"","overlay-type":"","overlay-color":"","overlay-opacity":"","overlay-gradient":""},"mobile":{"background-color":"","background-image":"","background-repeat":"repeat","background-position":"center center","background-size":"auto","background-attachment":"scroll","background-type":"","background-media":"","overlay-type":"","overlay-color":"","overlay-opacity":"","overlay-gradient":""}},"ast-content-background-meta":{"desktop":{"background-color":"var(--ast-global-color-5)","background-image":"","background-repeat":"repeat","background-position":"center center","background-size":"auto","background-attachment":"scroll","background-type":"","background-media":"","overlay-type":"","overlay-color":"","overlay-opacity":"","overlay-gradient":""},"tablet":{"background-color":"var(--ast-global-color-5)","background-image":"","background-repeat":"repeat","background-position":"center center","background-size":"auto","background-attachment":"scroll","background-type":"","background-media":"","overlay-type":"","overlay-color":"","overlay-opacity":"","overlay-gradient":""},"mobile":{"background-color":"var(--ast-global-color-5)","background-image":"","background-repeat":"repeat","background-position":"center center","background-size":"auto","background-attachment":"scroll","background-type":"","background-media":"","overlay-type":"","overlay-color":"","overlay-opacity":"","overlay-gradient":""}}},"class_list":["post-1760","product","type-product","status-publish","has-post-thumbnail","hentry","product_cat-pasivne-zvucne-kutije","product_cat-elac","desktop-align-center","tablet-align-center","mobile-align-center","ast-product-gallery-layout-horizontal","ast-magnify-disabled","ast-product-single-variable","ast-product-tabs-layout-horizontal"],"yoast_head":"<!-- This site is optimized with the Yoast SEO plugin v21.4 - https:\/\/yoast.com\/wordpress\/plugins\/seo\/ -->\n<title>ELAC Carina BS 243.4 (par) - hd-multimedia<\/title>\n<meta name=\"description\" content=\"Elac Carina BS 243.4 satin white naslje\u0111uje poznatu 240 seriju zvu\u010dnih kutija. Novi moderan dizajn sa nepravilnim kutevima kutije za bolju akustiku.\" \/>\n<meta name=\"robots\" content=\"index, follow, max-snippet:-1, max-image-preview:large, max-video-preview:-1\" \/>\n<link rel=\"canonical\" href=\"https:\/\/hd-multimedia.com\/sl\/trgovina\/elac-carina-bs-243-4\/\" \/>\n<meta property=\"og:locale\" content=\"sl_SI\" \/>\n<meta property=\"og:type\" content=\"article\" \/>\n<meta property=\"og:title\" content=\"ELAC Carina BS 243.4 (par) - hd-multimedia\" \/>\n<meta property=\"og:description\" content=\"Elac Carina BS 243.4 satin white naslje\u0111uje poznatu 240 seriju zvu\u010dnih kutija. Novi moderan dizajn sa nepravilnim kutevima kutije za bolju akustiku.\" \/>\n<meta property=\"og:url\" content=\"https:\/\/hd-multimedia.com\/sl\/trgovina\/elac-carina-bs-243-4\/\" \/>\n<meta property=\"og:site_name\" content=\"hd-multimedia\" \/>\n<meta property=\"article:modified_time\" content=\"2025-04-23T07:48:00+00:00\" \/>\n<meta property=\"og:image\" content=\"https:\/\/hd-multimedia.com\/hdm_media\/elac-carina-bs-243-4-sw-2-e1571235774679.jpg\" \/>\n\t<meta property=\"og:image:width\" content=\"960\" \/>\n\t<meta property=\"og:image:height\" content=\"960\" \/>\n\t<meta property=\"og:image:type\" content=\"image\/jpeg\" \/>\n<meta name=\"twitter:card\" content=\"summary_large_image\" \/>\n<meta name=\"twitter:label1\" content=\"Est. reading time\" \/>\n\t<meta name=\"twitter:data1\" content=\"1 minuta\" \/>\n<script type=\"application\/ld+json\" class=\"yoast-schema-graph\">{\"@context\":\"https:\/\/schema.org\",\"@graph\":[{\"@type\":\"WebPage\",\"@id\":\"https:\/\/hd-multimedia.com\/trgovina\/elac-carina-bs-243-4\/\",\"url\":\"https:\/\/hd-multimedia.com\/trgovina\/elac-carina-bs-243-4\/\",\"name\":\"ELAC Carina BS 243.4 (par) - hd-multimedia\",\"isPartOf\":{\"@id\":\"https:\/\/hd-multimedia.com\/#website\"},\"datePublished\":\"2019-10-15T08:48:05+00:00\",\"dateModified\":\"2025-04-23T07:48:00+00:00\",\"description\":\"Elac Carina BS 243.4 satin white naslje\u0111uje poznatu 240 seriju zvu\u010dnih kutija. Novi moderan dizajn sa nepravilnim kutevima kutije za bolju akustiku.\",\"breadcrumb\":{\"@id\":\"https:\/\/hd-multimedia.com\/trgovina\/elac-carina-bs-243-4\/#breadcrumb\"},\"inLanguage\":\"sl-SI\",\"potentialAction\":[{\"@type\":\"ReadAction\",\"target\":[\"https:\/\/hd-multimedia.com\/trgovina\/elac-carina-bs-243-4\/\"]}]},{\"@type\":\"BreadcrumbList\",\"@id\":\"https:\/\/hd-multimedia.com\/trgovina\/elac-carina-bs-243-4\/#breadcrumb\",\"itemListElement\":[{\"@type\":\"ListItem\",\"position\":1,\"name\":\"Po\u010detna stranica\",\"item\":\"https:\/\/hd-multimedia.com\/\"},{\"@type\":\"ListItem\",\"position\":2,\"name\":\"Trgovina\",\"item\":\"https:\/\/hd-multimedia.com\/trgovina\/\"},{\"@type\":\"ListItem\",\"position\":3,\"name\":\"ELAC Carina BS 243.4 (par)\"}]},{\"@type\":\"WebSite\",\"@id\":\"https:\/\/hd-multimedia.com\/#website\",\"url\":\"https:\/\/hd-multimedia.com\/\",\"name\":\"hd-multimedia\",\"description\":\"\",\"publisher\":{\"@id\":\"https:\/\/hd-multimedia.com\/#organization\"},\"potentialAction\":[{\"@type\":\"SearchAction\",\"target\":{\"@type\":\"EntryPoint\",\"urlTemplate\":\"https:\/\/hd-multimedia.com\/?s={search_term_string}\"},\"query-input\":\"required name=search_term_string\"}],\"inLanguage\":\"sl-SI\"},{\"@type\":\"Organization\",\"@id\":\"https:\/\/hd-multimedia.com\/#organization\",\"name\":\"hd-multimedia\",\"url\":\"https:\/\/hd-multimedia.com\/\",\"logo\":{\"@type\":\"ImageObject\",\"inLanguage\":\"sl-SI\",\"@id\":\"https:\/\/hd-multimedia.com\/#\/schema\/logo\/image\/\",\"url\":\"https:\/\/hd-multimedia.com\/hdm_media\/HD-curves-ok-196-56px-alpha-1.png\",\"contentUrl\":\"https:\/\/hd-multimedia.com\/hdm_media\/HD-curves-ok-196-56px-alpha-1.png\",\"width\":196,\"height\":53,\"caption\":\"hd-multimedia\"},\"image\":{\"@id\":\"https:\/\/hd-multimedia.com\/#\/schema\/logo\/image\/\"}}]}<\/script>\n<!-- \/ Yoast SEO plugin. -->","yoast_head_json":{"title":"ELAC Carina BS 243.4 (par) - hd-multimedia","description":"Elac Carina BS 243.4 satin white naslje\u0111uje poznatu 240 seriju zvu\u010dnih kutija. Novi moderan dizajn sa nepravilnim kutevima kutije za bolju akustiku.","robots":{"index":"index","follow":"follow","max-snippet":"max-snippet:-1","max-image-preview":"max-image-preview:large","max-video-preview":"max-video-preview:-1"},"canonical":"https:\/\/hd-multimedia.com\/sl\/trgovina\/elac-carina-bs-243-4\/","og_locale":"sl_SI","og_type":"article","og_title":"ELAC Carina BS 243.4 (par) - hd-multimedia","og_description":"Elac Carina BS 243.4 satin white naslje\u0111uje poznatu 240 seriju zvu\u010dnih kutija. Novi moderan dizajn sa nepravilnim kutevima kutije za bolju akustiku.","og_url":"https:\/\/hd-multimedia.com\/sl\/trgovina\/elac-carina-bs-243-4\/","og_site_name":"hd-multimedia","article_modified_time":"2025-04-23T07:48:00+00:00","og_image":[{"width":960,"height":960,"url":"https:\/\/hd-multimedia.com\/hdm_media\/elac-carina-bs-243-4-sw-2-e1571235774679.jpg","type":"image\/jpeg"}],"twitter_card":"summary_large_image","twitter_misc":{"Est. reading time":"1 minuta"},"schema":{"@context":"https:\/\/schema.org","@graph":[{"@type":"WebPage","@id":"https:\/\/hd-multimedia.com\/trgovina\/elac-carina-bs-243-4\/","url":"https:\/\/hd-multimedia.com\/trgovina\/elac-carina-bs-243-4\/","name":"ELAC Carina BS 243.4 (par) - hd-multimedia","isPartOf":{"@id":"https:\/\/hd-multimedia.com\/#website"},"datePublished":"2019-10-15T08:48:05+00:00","dateModified":"2025-04-23T07:48:00+00:00","description":"Elac Carina BS 243.4 satin white naslje\u0111uje poznatu 240 seriju zvu\u010dnih kutija. Novi moderan dizajn sa nepravilnim kutevima kutije za bolju akustiku.","breadcrumb":{"@id":"https:\/\/hd-multimedia.com\/trgovina\/elac-carina-bs-243-4\/#breadcrumb"},"inLanguage":"sl-SI","potentialAction":[{"@type":"ReadAction","target":["https:\/\/hd-multimedia.com\/trgovina\/elac-carina-bs-243-4\/"]}]},{"@type":"BreadcrumbList","@id":"https:\/\/hd-multimedia.com\/trgovina\/elac-carina-bs-243-4\/#breadcrumb","itemListElement":[{"@type":"ListItem","position":1,"name":"Po\u010detna stranica","item":"https:\/\/hd-multimedia.com\/"},{"@type":"ListItem","position":2,"name":"Trgovina","item":"https:\/\/hd-multimedia.com\/trgovina\/"},{"@type":"ListItem","position":3,"name":"ELAC Carina BS 243.4 (par)"}]},{"@type":"WebSite","@id":"https:\/\/hd-multimedia.com\/#website","url":"https:\/\/hd-multimedia.com\/","name":"hd-multimedia","description":"","publisher":{"@id":"https:\/\/hd-multimedia.com\/#organization"},"potentialAction":[{"@type":"SearchAction","target":{"@type":"EntryPoint","urlTemplate":"https:\/\/hd-multimedia.com\/?s={search_term_string}"},"query-input":"required name=search_term_string"}],"inLanguage":"sl-SI"},{"@type":"Organization","@id":"https:\/\/hd-multimedia.com\/#organization","name":"hd-multimedia","url":"https:\/\/hd-multimedia.com\/","logo":{"@type":"ImageObject","inLanguage":"sl-SI","@id":"https:\/\/hd-multimedia.com\/#\/schema\/logo\/image\/","url":"https:\/\/hd-multimedia.com\/hdm_media\/HD-curves-ok-196-56px-alpha-1.png","contentUrl":"https:\/\/hd-multimedia.com\/hdm_media\/HD-curves-ok-196-56px-alpha-1.png","width":196,"height":53,"caption":"hd-multimedia"},"image":{"@id":"https:\/\/hd-multimedia.com\/#\/schema\/logo\/image\/"}}]}},"post_mailing_queue_ids":[],"_links":{"self":[{"href":"https:\/\/hd-multimedia.com\/sl\/wp-json\/wp\/v2\/product\/1760","targetHints":{"allow":["GET"]}}],"collection":[{"href":"https:\/\/hd-multimedia.com\/sl\/wp-json\/wp\/v2\/product"}],"about":[{"href":"https:\/\/hd-multimedia.com\/sl\/wp-json\/wp\/v2\/types\/product"}],"version-history":[{"count":9,"href":"https:\/\/hd-multimedia.com\/sl\/wp-json\/wp\/v2\/product\/1760\/revisions"}],"predecessor-version":[{"id":18348,"href":"https:\/\/hd-multimedia.com\/sl\/wp-json\/wp\/v2\/product\/1760\/revisions\/18348"}],"wp:featuredmedia":[{"embeddable":true,"href":"https:\/\/hd-multimedia.com\/sl\/wp-json\/wp\/v2\/media\/1811"}],"wp:attachment":[{"href":"https:\/\/hd-multimedia.com\/sl\/wp-json\/wp\/v2\/media?parent=1760"}],"curies":[{"name":"wp","href":"https:\/\/api.w.org\/{rel}","templated":true}]}}