{"id":17544,"date":"2024-12-19T08:11:10","date_gmt":"2024-12-19T08:11:10","guid":{"rendered":"https:\/\/hd-multimedia.com\/?post_type=product&#038;p=17544"},"modified":"2025-08-28T15:36:39","modified_gmt":"2025-08-28T15:36:39","slug":"fiio-fp3","status":"publish","type":"product","link":"https:\/\/hd-multimedia.com\/sl\/trgovina\/fiio-fp3\/","title":{"rendered":"FiiO FP3"},"content":{"rendered":"<ul>\n<li>Izjemno tanka 1 \u00b5m diafragma<\/li>\n<li>Patentirana tehnologija dvojne prevleke iz titana in aluminija<\/li>\n<li>Vrhunska 28nm procesna tehnologija<\/li>\n<li>Izjemno fine prevodne sledi 0,055 mm<\/li>\n<li>Zmogljiva magnetna arhitektura s 14 neodimskimi magneti N52<\/li>\n<li>Lahek, ergonomski dizajn<\/li>\n<li>Vrhunski videz z lesenim ohi\u0161jem iz palisandra<\/li>\n<li>Kabel iz posrebrenega bakra visoke \u010distosti<\/li>\n<li>Zamenljivi kon\u010dni konektorji 3,5 mm + 4,4 mm<\/li>\n<\/ul>","protected":false},"excerpt":{"rendered":"<p>FiiO FP3 je vrhunski Hi-Fi u\u0161esni monitor, ki predstavlja vrhunec dveh let natan\u010dnih raziskav in razvoja. Opremljen je z drugo generacijo 14,5-mm ravnih magnetnih gonilnikov in ima ultra-tanko 1 \u03bcm PET diafragmo s FiiO-jevo patentirano tehnologijo dvojne prevleke iz aluminija in titana. Ta inovativna zasnova zagotavlja izjemno hitre prehode, globok bas, raz\u0161irjene visoke tone do 40 kHz in nizko popa\u010denje. Njegova zmogljiva magnetna arhitektura razreda Tesla uporablja 14 neodimovih magnetov N52 v dvostranski konfiguraciji za uravnote\u017eeno in enakomerno gibanje diafragme ter izbolj\u0161ano u\u010dinkovitost. FP3 vklju\u010duje tudi FiiO-jevo patentirano akusti\u010dno tehnologijo &quot;Tesla Valve&quot; za mo\u010dan bas in optimizirano dinamiko. FP3 je izdelan iz trdnega palisandra s 3D-natisnjenim ergonomskim ohi\u0161jem in zagotavlja lahek, stabilen in udoben oprijem. Paket vklju\u010duje visokokakovostni posrebreni bakreni kabel s strukturo pletenice Litz in zamenljivimi 3,5 mm in 4,4 mm konektorji.<\/p>","protected":false},"featured_media":17548,"template":"","meta":{"site-sidebar-layout":"default","site-content-layout":"","ast-site-content-layout":"default","site-content-style":"default","site-sidebar-style":"default","ast-global-header-display":"","ast-banner-title-visibility":"","ast-main-header-display":"","ast-hfb-above-header-display":"","ast-hfb-below-header-display":"","ast-hfb-mobile-header-display":"","site-post-title":"","ast-breadcrumbs-content":"","ast-featured-img":"","footer-sml-layout":"","theme-transparent-header-meta":"default","adv-header-id-meta":"","stick-header-meta":"default","header-above-stick-meta":"","header-main-stick-meta":"","header-below-stick-meta":"","astra-migrate-meta-layouts":"set","ast-page-background-enabled":"default","ast-page-background-meta":{"desktop":{"background-color":"","background-image":"","background-repeat":"repeat","background-position":"center center","background-size":"auto","background-attachment":"scroll","background-type":"","background-media":"","overlay-type":"","overlay-color":"","overlay-opacity":"","overlay-gradient":""},"tablet":{"background-color":"","background-image":"","background-repeat":"repeat","background-position":"center center","background-size":"auto","background-attachment":"scroll","background-type":"","background-media":"","overlay-type":"","overlay-color":"","overlay-opacity":"","overlay-gradient":""},"mobile":{"background-color":"","background-image":"","background-repeat":"repeat","background-position":"center center","background-size":"auto","background-attachment":"scroll","background-type":"","background-media":"","overlay-type":"","overlay-color":"","overlay-opacity":"","overlay-gradient":""}},"ast-content-background-meta":{"desktop":{"background-color":"var(--ast-global-color-5)","background-image":"","background-repeat":"repeat","background-position":"center center","background-size":"auto","background-attachment":"scroll","background-type":"","background-media":"","overlay-type":"","overlay-color":"","overlay-opacity":"","overlay-gradient":""},"tablet":{"background-color":"var(--ast-global-color-5)","background-image":"","background-repeat":"repeat","background-position":"center center","background-size":"auto","background-attachment":"scroll","background-type":"","background-media":"","overlay-type":"","overlay-color":"","overlay-opacity":"","overlay-gradient":""},"mobile":{"background-color":"var(--ast-global-color-5)","background-image":"","background-repeat":"repeat","background-position":"center center","background-size":"auto","background-attachment":"scroll","background-type":"","background-media":"","overlay-type":"","overlay-color":"","overlay-opacity":"","overlay-gradient":""}}},"class_list":["post-17544","product","type-product","status-publish","has-post-thumbnail","hentry","product_cat-usne-slusalice-iem","product_cat-fiio","product_tag-novo-u-ponudi-fiio","desktop-align-center","tablet-align-center","mobile-align-center","ast-product-gallery-layout-horizontal","ast-magnify-disabled","ast-product-tabs-layout-horizontal"],"yoast_head":"<!-- This site is optimized with the Yoast SEO plugin v21.4 - https:\/\/yoast.com\/wordpress\/plugins\/seo\/ -->\n<title>FiiO FP3 - hd-multimedia<\/title>\n<meta name=\"description\" content=\"FiiO FP3 je vrhunski Hi-Fi in-ear monitor opremljen drugom generacijom planarnih magnetskih drivera od 14,5 mm, sadr\u017ei ultra-tanki PET dijafragmu od 1 \u03bcm.\" \/>\n<meta name=\"robots\" content=\"index, follow, max-snippet:-1, max-image-preview:large, max-video-preview:-1\" \/>\n<link rel=\"canonical\" href=\"https:\/\/hd-multimedia.com\/sl\/trgovina\/fiio-fp3\/\" \/>\n<meta property=\"og:locale\" content=\"sl_SI\" \/>\n<meta property=\"og:type\" content=\"article\" \/>\n<meta property=\"og:title\" content=\"FiiO FP3 - hd-multimedia\" \/>\n<meta property=\"og:description\" content=\"FiiO FP3 je vrhunski Hi-Fi in-ear monitor opremljen drugom generacijom planarnih magnetskih drivera od 14,5 mm, sadr\u017ei ultra-tanki PET dijafragmu od 1 \u03bcm.\" \/>\n<meta property=\"og:url\" content=\"https:\/\/hd-multimedia.com\/sl\/trgovina\/fiio-fp3\/\" \/>\n<meta property=\"og:site_name\" content=\"hd-multimedia\" \/>\n<meta property=\"article:modified_time\" content=\"2025-08-28T15:36:39+00:00\" \/>\n<meta property=\"og:image\" content=\"https:\/\/hd-multimedia.com\/hdm_media\/9948396-e1734597263240.jpg\" \/>\n\t<meta property=\"og:image:width\" content=\"696\" \/>\n\t<meta property=\"og:image:height\" content=\"696\" \/>\n\t<meta property=\"og:image:type\" content=\"image\/jpeg\" \/>\n<meta name=\"twitter:card\" content=\"summary_large_image\" \/>\n<meta name=\"twitter:label1\" content=\"Est. reading time\" \/>\n\t<meta name=\"twitter:data1\" content=\"1 minuta\" \/>\n<script type=\"application\/ld+json\" class=\"yoast-schema-graph\">{\"@context\":\"https:\/\/schema.org\",\"@graph\":[{\"@type\":\"WebPage\",\"@id\":\"https:\/\/hd-multimedia.com\/trgovina\/fiio-fp3\/\",\"url\":\"https:\/\/hd-multimedia.com\/trgovina\/fiio-fp3\/\",\"name\":\"FiiO FP3 - hd-multimedia\",\"isPartOf\":{\"@id\":\"https:\/\/hd-multimedia.com\/#website\"},\"datePublished\":\"2024-12-19T08:11:10+00:00\",\"dateModified\":\"2025-08-28T15:36:39+00:00\",\"description\":\"FiiO FP3 je vrhunski Hi-Fi in-ear monitor opremljen drugom generacijom planarnih magnetskih drivera od 14,5 mm, sadr\u017ei ultra-tanki PET dijafragmu od 1 \u03bcm.\",\"breadcrumb\":{\"@id\":\"https:\/\/hd-multimedia.com\/trgovina\/fiio-fp3\/#breadcrumb\"},\"inLanguage\":\"sl-SI\",\"potentialAction\":[{\"@type\":\"ReadAction\",\"target\":[\"https:\/\/hd-multimedia.com\/trgovina\/fiio-fp3\/\"]}]},{\"@type\":\"BreadcrumbList\",\"@id\":\"https:\/\/hd-multimedia.com\/trgovina\/fiio-fp3\/#breadcrumb\",\"itemListElement\":[{\"@type\":\"ListItem\",\"position\":1,\"name\":\"Po\u010detna stranica\",\"item\":\"https:\/\/hd-multimedia.com\/\"},{\"@type\":\"ListItem\",\"position\":2,\"name\":\"Trgovina\",\"item\":\"https:\/\/hd-multimedia.com\/trgovina\/\"},{\"@type\":\"ListItem\",\"position\":3,\"name\":\"FiiO FP3\"}]},{\"@type\":\"WebSite\",\"@id\":\"https:\/\/hd-multimedia.com\/#website\",\"url\":\"https:\/\/hd-multimedia.com\/\",\"name\":\"hd-multimedia\",\"description\":\"\",\"publisher\":{\"@id\":\"https:\/\/hd-multimedia.com\/#organization\"},\"potentialAction\":[{\"@type\":\"SearchAction\",\"target\":{\"@type\":\"EntryPoint\",\"urlTemplate\":\"https:\/\/hd-multimedia.com\/?s={search_term_string}\"},\"query-input\":\"required name=search_term_string\"}],\"inLanguage\":\"sl-SI\"},{\"@type\":\"Organization\",\"@id\":\"https:\/\/hd-multimedia.com\/#organization\",\"name\":\"hd-multimedia\",\"url\":\"https:\/\/hd-multimedia.com\/\",\"logo\":{\"@type\":\"ImageObject\",\"inLanguage\":\"sl-SI\",\"@id\":\"https:\/\/hd-multimedia.com\/#\/schema\/logo\/image\/\",\"url\":\"https:\/\/hd-multimedia.com\/hdm_media\/HD-curves-ok-196-56px-alpha-1.png\",\"contentUrl\":\"https:\/\/hd-multimedia.com\/hdm_media\/HD-curves-ok-196-56px-alpha-1.png\",\"width\":196,\"height\":53,\"caption\":\"hd-multimedia\"},\"image\":{\"@id\":\"https:\/\/hd-multimedia.com\/#\/schema\/logo\/image\/\"}}]}<\/script>\n<!-- \/ Yoast SEO plugin. -->","yoast_head_json":{"title":"FiiO FP3 - hd-multimedia","description":"FiiO FP3 je vrhunski Hi-Fi in-ear monitor opremljen drugom generacijom planarnih magnetskih drivera od 14,5 mm, sadr\u017ei ultra-tanki PET dijafragmu od 1 \u03bcm.","robots":{"index":"index","follow":"follow","max-snippet":"max-snippet:-1","max-image-preview":"max-image-preview:large","max-video-preview":"max-video-preview:-1"},"canonical":"https:\/\/hd-multimedia.com\/sl\/trgovina\/fiio-fp3\/","og_locale":"sl_SI","og_type":"article","og_title":"FiiO FP3 - hd-multimedia","og_description":"FiiO FP3 je vrhunski Hi-Fi in-ear monitor opremljen drugom generacijom planarnih magnetskih drivera od 14,5 mm, sadr\u017ei ultra-tanki PET dijafragmu od 1 \u03bcm.","og_url":"https:\/\/hd-multimedia.com\/sl\/trgovina\/fiio-fp3\/","og_site_name":"hd-multimedia","article_modified_time":"2025-08-28T15:36:39+00:00","og_image":[{"width":696,"height":696,"url":"https:\/\/hd-multimedia.com\/hdm_media\/9948396-e1734597263240.jpg","type":"image\/jpeg"}],"twitter_card":"summary_large_image","twitter_misc":{"Est. reading time":"1 minuta"},"schema":{"@context":"https:\/\/schema.org","@graph":[{"@type":"WebPage","@id":"https:\/\/hd-multimedia.com\/trgovina\/fiio-fp3\/","url":"https:\/\/hd-multimedia.com\/trgovina\/fiio-fp3\/","name":"FiiO FP3 - hd-multimedia","isPartOf":{"@id":"https:\/\/hd-multimedia.com\/#website"},"datePublished":"2024-12-19T08:11:10+00:00","dateModified":"2025-08-28T15:36:39+00:00","description":"FiiO FP3 je vrhunski Hi-Fi in-ear monitor opremljen drugom generacijom planarnih magnetskih drivera od 14,5 mm, sadr\u017ei ultra-tanki PET dijafragmu od 1 \u03bcm.","breadcrumb":{"@id":"https:\/\/hd-multimedia.com\/trgovina\/fiio-fp3\/#breadcrumb"},"inLanguage":"sl-SI","potentialAction":[{"@type":"ReadAction","target":["https:\/\/hd-multimedia.com\/trgovina\/fiio-fp3\/"]}]},{"@type":"BreadcrumbList","@id":"https:\/\/hd-multimedia.com\/trgovina\/fiio-fp3\/#breadcrumb","itemListElement":[{"@type":"ListItem","position":1,"name":"Po\u010detna stranica","item":"https:\/\/hd-multimedia.com\/"},{"@type":"ListItem","position":2,"name":"Trgovina","item":"https:\/\/hd-multimedia.com\/trgovina\/"},{"@type":"ListItem","position":3,"name":"FiiO FP3"}]},{"@type":"WebSite","@id":"https:\/\/hd-multimedia.com\/#website","url":"https:\/\/hd-multimedia.com\/","name":"hd-multimedia","description":"","publisher":{"@id":"https:\/\/hd-multimedia.com\/#organization"},"potentialAction":[{"@type":"SearchAction","target":{"@type":"EntryPoint","urlTemplate":"https:\/\/hd-multimedia.com\/?s={search_term_string}"},"query-input":"required name=search_term_string"}],"inLanguage":"sl-SI"},{"@type":"Organization","@id":"https:\/\/hd-multimedia.com\/#organization","name":"hd-multimedia","url":"https:\/\/hd-multimedia.com\/","logo":{"@type":"ImageObject","inLanguage":"sl-SI","@id":"https:\/\/hd-multimedia.com\/#\/schema\/logo\/image\/","url":"https:\/\/hd-multimedia.com\/hdm_media\/HD-curves-ok-196-56px-alpha-1.png","contentUrl":"https:\/\/hd-multimedia.com\/hdm_media\/HD-curves-ok-196-56px-alpha-1.png","width":196,"height":53,"caption":"hd-multimedia"},"image":{"@id":"https:\/\/hd-multimedia.com\/#\/schema\/logo\/image\/"}}]}},"post_mailing_queue_ids":[],"_links":{"self":[{"href":"https:\/\/hd-multimedia.com\/sl\/wp-json\/wp\/v2\/product\/17544","targetHints":{"allow":["GET"]}}],"collection":[{"href":"https:\/\/hd-multimedia.com\/sl\/wp-json\/wp\/v2\/product"}],"about":[{"href":"https:\/\/hd-multimedia.com\/sl\/wp-json\/wp\/v2\/types\/product"}],"version-history":[{"count":3,"href":"https:\/\/hd-multimedia.com\/sl\/wp-json\/wp\/v2\/product\/17544\/revisions"}],"predecessor-version":[{"id":17550,"href":"https:\/\/hd-multimedia.com\/sl\/wp-json\/wp\/v2\/product\/17544\/revisions\/17550"}],"wp:featuredmedia":[{"embeddable":true,"href":"https:\/\/hd-multimedia.com\/sl\/wp-json\/wp\/v2\/media\/17548"}],"wp:attachment":[{"href":"https:\/\/hd-multimedia.com\/sl\/wp-json\/wp\/v2\/media?parent=17544"}],"curies":[{"name":"wp","href":"https:\/\/api.w.org\/{rel}","templated":true}]}}