{"id":17505,"date":"2024-12-18T09:18:21","date_gmt":"2024-12-18T09:18:21","guid":{"rendered":"https:\/\/hd-multimedia.com\/?post_type=product&#038;p=17505"},"modified":"2026-02-11T12:40:43","modified_gmt":"2026-02-11T12:40:43","slug":"fiio-dm13","status":"publish","type":"product","link":"https:\/\/hd-multimedia.com\/sl\/trgovina\/fiio-dm13\/","title":{"rendered":"FiiO DM13"},"content":{"rendered":"<div class=\"flex-shrink-0 flex flex-col relative items-end\">\n<div>\n<div class=\"pt-0\">\n<div class=\"gizmo-bot-avatar flex h-8 w-8 items-center justify-center overflow-hidden rounded-full\">\n<div class=\"relative p-1 rounded-sm flex items-center justify-center bg-token-main-surface-primary text-token-text-primary h-8 w-8\"><span style=\"font-size: 16px;\">Prenosni CD predvajalnik DM13 vsebuje dva \u010dipa Cirrus Logic CS43198 DAC in dva nizko\u0161umna HiFi SGM8262 oja\u010devalnika za slu\u0161alke, kar zagotavlja visoko kakovostno reprodukcijo zvoka. Naprava uporablja prilagojene kristalne oscilatorje z nizko zakasnitvijo za natan\u010dno digitalno sinhronizacijo ure, kar zmanj\u0161uje \u0161um signala. Dodatne tehni\u010dne lastnosti vklju\u010dujejo 99-stopenjsko natan\u010dno nastavitev glasnosti, ki jo nadzira \u010dip DAC, in podporo za neprekinjeno predvajanje, priljubljene pesmi in predvajanje v zanki za prilagodljivo poslu\u0161anje.<\/span><\/div>\n<div><a href=\"https:\/\/www.fiio.com\/dm13\" target=\"_blank\" rel=\"noopener\">Ostale informacije najdete na tej povezavi.<\/a><\/div>\n<\/div>\n<\/div>\n<\/div>\n<\/div>","protected":false},"excerpt":{"rendered":"<p>Prenosni CD predvajalnik FiiO DM13 zdru\u017euje napredno tehnologijo in premi\u0161ljen dizajn za vrhunsko zvo\u010dno izku\u0161njo. Z dvema \u010dipoma Cirrus Logic DAC in dvema HiFi oja\u010devalcema njegov dvojni DAC in oja\u010devalniki zagotavljajo visokokakovosten zvok. Natan\u010dna nastavitev glasnosti v 99 stopnjah zagotavlja natan\u010den in \u010dist zvok pri kateri koli glasnosti. S kompaktnimi merami 144 x 137 x 27 mm (brez nog) in stikalom ESP za za\u0161\u010dito pred preskakovanjem je DM13 idealen za uporabo doma ali na poti.<\/p>\n<p>Podpira 3,5 mm in 4,4 mm izhode za slu\u0161alke in linije ter opti\u010dne in koaksialne digitalne izhode, kar omogo\u010da povezavo z aktivnimi zvo\u010dniki ali zunanjimi oja\u010devalci. Kristalni oscilatorji z nizko zakasnitvijo zagotavljajo digitalno sinhronizacijo ure za \u010distej\u0161i prenos signala. S funkcijami, kot so neprekinjeno predvajanje, priljubljeni seznami predvajanja in zan\u010dno predvajanje, DM13 zagotavlja prilagodljivo in prijetno izku\u0161njo poslu\u0161anja.<\/p>","protected":false},"featured_media":17509,"template":"","meta":{"site-sidebar-layout":"default","site-content-layout":"","ast-site-content-layout":"default","site-content-style":"default","site-sidebar-style":"default","ast-global-header-display":"","ast-banner-title-visibility":"","ast-main-header-display":"","ast-hfb-above-header-display":"","ast-hfb-below-header-display":"","ast-hfb-mobile-header-display":"","site-post-title":"","ast-breadcrumbs-content":"","ast-featured-img":"","footer-sml-layout":"","theme-transparent-header-meta":"default","adv-header-id-meta":"","stick-header-meta":"default","header-above-stick-meta":"","header-main-stick-meta":"","header-below-stick-meta":"","astra-migrate-meta-layouts":"set","ast-page-background-enabled":"default","ast-page-background-meta":{"desktop":{"background-color":"","background-image":"","background-repeat":"repeat","background-position":"center center","background-size":"auto","background-attachment":"scroll","background-type":"","background-media":"","overlay-type":"","overlay-color":"","overlay-opacity":"","overlay-gradient":""},"tablet":{"background-color":"","background-image":"","background-repeat":"repeat","background-position":"center center","background-size":"auto","background-attachment":"scroll","background-type":"","background-media":"","overlay-type":"","overlay-color":"","overlay-opacity":"","overlay-gradient":""},"mobile":{"background-color":"","background-image":"","background-repeat":"repeat","background-position":"center center","background-size":"auto","background-attachment":"scroll","background-type":"","background-media":"","overlay-type":"","overlay-color":"","overlay-opacity":"","overlay-gradient":""}},"ast-content-background-meta":{"desktop":{"background-color":"var(--ast-global-color-5)","background-image":"","background-repeat":"repeat","background-position":"center center","background-size":"auto","background-attachment":"scroll","background-type":"","background-media":"","overlay-type":"","overlay-color":"","overlay-opacity":"","overlay-gradient":""},"tablet":{"background-color":"var(--ast-global-color-5)","background-image":"","background-repeat":"repeat","background-position":"center center","background-size":"auto","background-attachment":"scroll","background-type":"","background-media":"","overlay-type":"","overlay-color":"","overlay-opacity":"","overlay-gradient":""},"mobile":{"background-color":"var(--ast-global-color-5)","background-image":"","background-repeat":"repeat","background-position":"center center","background-size":"auto","background-attachment":"scroll","background-type":"","background-media":"","overlay-type":"","overlay-color":"","overlay-opacity":"","overlay-gradient":""}}},"class_list":["post-17505","product","type-product","status-publish","has-post-thumbnail","hentry","product_cat-cd-playeri","product_cat-fiio","desktop-align-center","tablet-align-center","mobile-align-center","ast-product-gallery-layout-horizontal","ast-magnify-disabled","ast-product-single-variable","ast-product-tabs-layout-horizontal"],"yoast_head":"<!-- This site is optimized with the Yoast SEO plugin v21.4 - https:\/\/yoast.com\/wordpress\/plugins\/seo\/ -->\n<title>FiiO DM13 - hd-multimedia<\/title>\n<meta name=\"description\" content=\"FiiO DM13 prijenosni CD player spaja naprednu tehnologiju i promi\u0161ljen dizajn za vrhunsko audio iskustvo. S dva Cirrus Logic DAC \u010dipa i dva HiFi poja\u010dala.\" \/>\n<meta name=\"robots\" content=\"index, follow, max-snippet:-1, max-image-preview:large, max-video-preview:-1\" \/>\n<link rel=\"canonical\" href=\"https:\/\/hd-multimedia.com\/sl\/trgovina\/fiio-dm13\/\" \/>\n<meta property=\"og:locale\" content=\"sl_SI\" \/>\n<meta property=\"og:type\" content=\"article\" \/>\n<meta property=\"og:title\" content=\"FiiO DM13 - hd-multimedia\" \/>\n<meta property=\"og:description\" content=\"FiiO DM13 prijenosni CD player spaja naprednu tehnologiju i promi\u0161ljen dizajn za vrhunsko audio iskustvo. S dva Cirrus Logic DAC \u010dipa i dva HiFi poja\u010dala.\" \/>\n<meta property=\"og:url\" content=\"https:\/\/hd-multimedia.com\/sl\/trgovina\/fiio-dm13\/\" \/>\n<meta property=\"og:site_name\" content=\"hd-multimedia\" \/>\n<meta property=\"article:modified_time\" content=\"2026-02-11T12:40:43+00:00\" \/>\n<meta property=\"og:image\" content=\"https:\/\/hd-multimedia.com\/hdm_media\/Dizajn-bez-naslova-e1734513785856.png\" \/>\n\t<meta property=\"og:image:width\" content=\"1080\" \/>\n\t<meta property=\"og:image:height\" content=\"1080\" \/>\n\t<meta property=\"og:image:type\" content=\"image\/png\" \/>\n<meta name=\"twitter:card\" content=\"summary_large_image\" \/>\n<meta name=\"twitter:label1\" content=\"Est. reading time\" \/>\n\t<meta name=\"twitter:data1\" content=\"1 minuta\" \/>\n<script type=\"application\/ld+json\" class=\"yoast-schema-graph\">{\"@context\":\"https:\/\/schema.org\",\"@graph\":[{\"@type\":\"WebPage\",\"@id\":\"https:\/\/hd-multimedia.com\/trgovina\/fiio-dm13\/\",\"url\":\"https:\/\/hd-multimedia.com\/trgovina\/fiio-dm13\/\",\"name\":\"FiiO DM13 - hd-multimedia\",\"isPartOf\":{\"@id\":\"https:\/\/hd-multimedia.com\/#website\"},\"datePublished\":\"2024-12-18T09:18:21+00:00\",\"dateModified\":\"2026-02-11T12:40:43+00:00\",\"description\":\"FiiO DM13 prijenosni CD player spaja naprednu tehnologiju i promi\u0161ljen dizajn za vrhunsko audio iskustvo. S dva Cirrus Logic DAC \u010dipa i dva HiFi poja\u010dala.\",\"breadcrumb\":{\"@id\":\"https:\/\/hd-multimedia.com\/trgovina\/fiio-dm13\/#breadcrumb\"},\"inLanguage\":\"sl-SI\",\"potentialAction\":[{\"@type\":\"ReadAction\",\"target\":[\"https:\/\/hd-multimedia.com\/trgovina\/fiio-dm13\/\"]}]},{\"@type\":\"BreadcrumbList\",\"@id\":\"https:\/\/hd-multimedia.com\/trgovina\/fiio-dm13\/#breadcrumb\",\"itemListElement\":[{\"@type\":\"ListItem\",\"position\":1,\"name\":\"Po\u010detna stranica\",\"item\":\"https:\/\/hd-multimedia.com\/\"},{\"@type\":\"ListItem\",\"position\":2,\"name\":\"Trgovina\",\"item\":\"https:\/\/hd-multimedia.com\/trgovina\/\"},{\"@type\":\"ListItem\",\"position\":3,\"name\":\"FiiO DM13\"}]},{\"@type\":\"WebSite\",\"@id\":\"https:\/\/hd-multimedia.com\/#website\",\"url\":\"https:\/\/hd-multimedia.com\/\",\"name\":\"hd-multimedia\",\"description\":\"\",\"publisher\":{\"@id\":\"https:\/\/hd-multimedia.com\/#organization\"},\"potentialAction\":[{\"@type\":\"SearchAction\",\"target\":{\"@type\":\"EntryPoint\",\"urlTemplate\":\"https:\/\/hd-multimedia.com\/?s={search_term_string}\"},\"query-input\":\"required name=search_term_string\"}],\"inLanguage\":\"sl-SI\"},{\"@type\":\"Organization\",\"@id\":\"https:\/\/hd-multimedia.com\/#organization\",\"name\":\"hd-multimedia\",\"url\":\"https:\/\/hd-multimedia.com\/\",\"logo\":{\"@type\":\"ImageObject\",\"inLanguage\":\"sl-SI\",\"@id\":\"https:\/\/hd-multimedia.com\/#\/schema\/logo\/image\/\",\"url\":\"https:\/\/hd-multimedia.com\/hdm_media\/HD-curves-ok-196-56px-alpha-1.png\",\"contentUrl\":\"https:\/\/hd-multimedia.com\/hdm_media\/HD-curves-ok-196-56px-alpha-1.png\",\"width\":196,\"height\":53,\"caption\":\"hd-multimedia\"},\"image\":{\"@id\":\"https:\/\/hd-multimedia.com\/#\/schema\/logo\/image\/\"}}]}<\/script>\n<!-- \/ Yoast SEO plugin. -->","yoast_head_json":{"title":"FiiO DM13 - hd-multimedia","description":"FiiO DM13 prijenosni CD player spaja naprednu tehnologiju i promi\u0161ljen dizajn za vrhunsko audio iskustvo. S dva Cirrus Logic DAC \u010dipa i dva HiFi poja\u010dala.","robots":{"index":"index","follow":"follow","max-snippet":"max-snippet:-1","max-image-preview":"max-image-preview:large","max-video-preview":"max-video-preview:-1"},"canonical":"https:\/\/hd-multimedia.com\/sl\/trgovina\/fiio-dm13\/","og_locale":"sl_SI","og_type":"article","og_title":"FiiO DM13 - hd-multimedia","og_description":"FiiO DM13 prijenosni CD player spaja naprednu tehnologiju i promi\u0161ljen dizajn za vrhunsko audio iskustvo. S dva Cirrus Logic DAC \u010dipa i dva HiFi poja\u010dala.","og_url":"https:\/\/hd-multimedia.com\/sl\/trgovina\/fiio-dm13\/","og_site_name":"hd-multimedia","article_modified_time":"2026-02-11T12:40:43+00:00","og_image":[{"width":1080,"height":1080,"url":"https:\/\/hd-multimedia.com\/hdm_media\/Dizajn-bez-naslova-e1734513785856.png","type":"image\/png"}],"twitter_card":"summary_large_image","twitter_misc":{"Est. reading time":"1 minuta"},"schema":{"@context":"https:\/\/schema.org","@graph":[{"@type":"WebPage","@id":"https:\/\/hd-multimedia.com\/trgovina\/fiio-dm13\/","url":"https:\/\/hd-multimedia.com\/trgovina\/fiio-dm13\/","name":"FiiO DM13 - hd-multimedia","isPartOf":{"@id":"https:\/\/hd-multimedia.com\/#website"},"datePublished":"2024-12-18T09:18:21+00:00","dateModified":"2026-02-11T12:40:43+00:00","description":"FiiO DM13 prijenosni CD player spaja naprednu tehnologiju i promi\u0161ljen dizajn za vrhunsko audio iskustvo. S dva Cirrus Logic DAC \u010dipa i dva HiFi poja\u010dala.","breadcrumb":{"@id":"https:\/\/hd-multimedia.com\/trgovina\/fiio-dm13\/#breadcrumb"},"inLanguage":"sl-SI","potentialAction":[{"@type":"ReadAction","target":["https:\/\/hd-multimedia.com\/trgovina\/fiio-dm13\/"]}]},{"@type":"BreadcrumbList","@id":"https:\/\/hd-multimedia.com\/trgovina\/fiio-dm13\/#breadcrumb","itemListElement":[{"@type":"ListItem","position":1,"name":"Po\u010detna stranica","item":"https:\/\/hd-multimedia.com\/"},{"@type":"ListItem","position":2,"name":"Trgovina","item":"https:\/\/hd-multimedia.com\/trgovina\/"},{"@type":"ListItem","position":3,"name":"FiiO DM13"}]},{"@type":"WebSite","@id":"https:\/\/hd-multimedia.com\/#website","url":"https:\/\/hd-multimedia.com\/","name":"hd-multimedia","description":"","publisher":{"@id":"https:\/\/hd-multimedia.com\/#organization"},"potentialAction":[{"@type":"SearchAction","target":{"@type":"EntryPoint","urlTemplate":"https:\/\/hd-multimedia.com\/?s={search_term_string}"},"query-input":"required name=search_term_string"}],"inLanguage":"sl-SI"},{"@type":"Organization","@id":"https:\/\/hd-multimedia.com\/#organization","name":"hd-multimedia","url":"https:\/\/hd-multimedia.com\/","logo":{"@type":"ImageObject","inLanguage":"sl-SI","@id":"https:\/\/hd-multimedia.com\/#\/schema\/logo\/image\/","url":"https:\/\/hd-multimedia.com\/hdm_media\/HD-curves-ok-196-56px-alpha-1.png","contentUrl":"https:\/\/hd-multimedia.com\/hdm_media\/HD-curves-ok-196-56px-alpha-1.png","width":196,"height":53,"caption":"hd-multimedia"},"image":{"@id":"https:\/\/hd-multimedia.com\/#\/schema\/logo\/image\/"}}]}},"post_mailing_queue_ids":[],"_links":{"self":[{"href":"https:\/\/hd-multimedia.com\/sl\/wp-json\/wp\/v2\/product\/17505","targetHints":{"allow":["GET"]}}],"collection":[{"href":"https:\/\/hd-multimedia.com\/sl\/wp-json\/wp\/v2\/product"}],"about":[{"href":"https:\/\/hd-multimedia.com\/sl\/wp-json\/wp\/v2\/types\/product"}],"version-history":[{"count":10,"href":"https:\/\/hd-multimedia.com\/sl\/wp-json\/wp\/v2\/product\/17505\/revisions"}],"predecessor-version":[{"id":18803,"href":"https:\/\/hd-multimedia.com\/sl\/wp-json\/wp\/v2\/product\/17505\/revisions\/18803"}],"wp:featuredmedia":[{"embeddable":true,"href":"https:\/\/hd-multimedia.com\/sl\/wp-json\/wp\/v2\/media\/17509"}],"wp:attachment":[{"href":"https:\/\/hd-multimedia.com\/sl\/wp-json\/wp\/v2\/media?parent=17505"}],"curies":[{"name":"wp","href":"https:\/\/api.w.org\/{rel}","templated":true}]}}