{"id":17484,"date":"2024-12-16T11:07:17","date_gmt":"2024-12-16T11:07:17","guid":{"rendered":"https:\/\/hd-multimedia.com\/?post_type=product&#038;p=17484"},"modified":"2025-05-19T11:01:49","modified_gmt":"2025-05-19T11:01:49","slug":"topping-hane-iem","status":"publish","type":"product","link":"https:\/\/hd-multimedia.com\/sl\/trgovina\/topping-hane-iem\/","title":{"rendered":"Topping Hana IEM"},"content":{"rendered":"<p>Poleg tega trpe\u017eni 1,5 m pleteni kabel, odporen proti zapletanju, s snemljivo zasnovo 0,78 mm zagotavlja zanesljivost za vsakodnevno uporabo in profesionalne nastavitve, zaradi \u010desar so slu\u0161alke TOPPING Hane IEM odli\u010dna izbira za vse, ki i\u0161\u010dejo vrhunsko kakovost zvoka in vzdr\u017eljivost. Sistem dip stikala PTC ponuja 16 prilagodljivih zvo\u010dnih nastavitev, ki uporabnikom omogo\u010dajo natan\u010dno nastavitev nizkih in visokih tonov za kateri koli \u017eanr ali osebne \u017eelje.<\/p>\n<ul>\n<li>CIEM 0,78 mm snemljiv kabel do 3,5 mm priklju\u010dka<\/li>\n<\/ul>","protected":false},"excerpt":{"rendered":"<p>VRHUNSKE slu\u0161alke Hane IEM zdru\u017eujejo vrhunsko izdelavo, napredno tehnologijo in izjemno kakovost zvoka, da zadovoljijo potrebe avdiofilov. Po navdihu tradicionalne kitajske obrti \u00bbdian cui\u00ab zadnja plo\u0161\u010da z vzorcem perja doda pridih elegance, medtem ko ergonomska in lahka oblika zagotavlja varno in udobno prileganje med dolgim poslu\u0161anjem.<\/p>\n<p>Napredna 10-milimetrska kompozitna diafragma DLC izbolj\u0161a visokofrekven\u010dne podrobnosti in dinami\u010dni razpon ter zagotavlja pregledno in prefinjeno zvo\u010dno zmogljivost. S frekven\u010dnim razponom 5Hz-35kHz in minimalnim popa\u010denjem (THD manj kot 0,05%) zvok ostane kristalno \u010dist.<\/p>","protected":false},"featured_media":17487,"template":"","meta":{"site-sidebar-layout":"default","site-content-layout":"","ast-site-content-layout":"default","site-content-style":"default","site-sidebar-style":"default","ast-global-header-display":"","ast-banner-title-visibility":"","ast-main-header-display":"","ast-hfb-above-header-display":"","ast-hfb-below-header-display":"","ast-hfb-mobile-header-display":"","site-post-title":"","ast-breadcrumbs-content":"","ast-featured-img":"","footer-sml-layout":"","theme-transparent-header-meta":"default","adv-header-id-meta":"","stick-header-meta":"default","header-above-stick-meta":"","header-main-stick-meta":"","header-below-stick-meta":"","astra-migrate-meta-layouts":"set","ast-page-background-enabled":"default","ast-page-background-meta":{"desktop":{"background-color":"","background-image":"","background-repeat":"repeat","background-position":"center center","background-size":"auto","background-attachment":"scroll","background-type":"","background-media":"","overlay-type":"","overlay-color":"","overlay-opacity":"","overlay-gradient":""},"tablet":{"background-color":"","background-image":"","background-repeat":"repeat","background-position":"center center","background-size":"auto","background-attachment":"scroll","background-type":"","background-media":"","overlay-type":"","overlay-color":"","overlay-opacity":"","overlay-gradient":""},"mobile":{"background-color":"","background-image":"","background-repeat":"repeat","background-position":"center center","background-size":"auto","background-attachment":"scroll","background-type":"","background-media":"","overlay-type":"","overlay-color":"","overlay-opacity":"","overlay-gradient":""}},"ast-content-background-meta":{"desktop":{"background-color":"var(--ast-global-color-5)","background-image":"","background-repeat":"repeat","background-position":"center center","background-size":"auto","background-attachment":"scroll","background-type":"","background-media":"","overlay-type":"","overlay-color":"","overlay-opacity":"","overlay-gradient":""},"tablet":{"background-color":"var(--ast-global-color-5)","background-image":"","background-repeat":"repeat","background-position":"center center","background-size":"auto","background-attachment":"scroll","background-type":"","background-media":"","overlay-type":"","overlay-color":"","overlay-opacity":"","overlay-gradient":""},"mobile":{"background-color":"var(--ast-global-color-5)","background-image":"","background-repeat":"repeat","background-position":"center center","background-size":"auto","background-attachment":"scroll","background-type":"","background-media":"","overlay-type":"","overlay-color":"","overlay-opacity":"","overlay-gradient":""}}},"class_list":["post-17484","product","type-product","status-publish","has-post-thumbnail","hentry","product_cat-usne-slusalice-iem","product_cat-topping","desktop-align-center","tablet-align-center","mobile-align-center","ast-product-gallery-layout-horizontal","ast-magnify-disabled","ast-product-tabs-layout-horizontal"],"yoast_head":"<!-- This site is optimized with the Yoast SEO plugin v21.4 - https:\/\/yoast.com\/wordpress\/plugins\/seo\/ -->\n<title>Topping Hane IEM - hd-multimedia<\/title>\n<meta name=\"description\" content=\"TOPPING Hane IEM slu\u0161alice kombiniraju vrhunsko umije\u0107e izrade, naprednu tehnologiju i iznimnu kvalitetu zvuka kako bi zadovoljile potrebe audiofila.\" \/>\n<meta name=\"robots\" content=\"index, follow, max-snippet:-1, max-image-preview:large, max-video-preview:-1\" \/>\n<link rel=\"canonical\" href=\"https:\/\/hd-multimedia.com\/sl\/trgovina\/topping-hane-iem\/\" \/>\n<meta property=\"og:locale\" content=\"sl_SI\" \/>\n<meta property=\"og:type\" content=\"article\" \/>\n<meta property=\"og:title\" content=\"Topping Hane IEM - hd-multimedia\" \/>\n<meta property=\"og:description\" content=\"TOPPING Hane IEM slu\u0161alice kombiniraju vrhunsko umije\u0107e izrade, naprednu tehnologiju i iznimnu kvalitetu zvuka kako bi zadovoljile potrebe audiofila.\" \/>\n<meta property=\"og:url\" content=\"https:\/\/hd-multimedia.com\/sl\/trgovina\/topping-hane-iem\/\" \/>\n<meta property=\"og:site_name\" content=\"hd-multimedia\" \/>\n<meta property=\"article:modified_time\" content=\"2025-05-19T11:01:49+00:00\" \/>\n<meta property=\"og:image\" content=\"https:\/\/hd-multimedia.com\/hdm_media\/topping-arpegear-hane-10mm-dynamic-driver-in-ear-earphone-hifigo-arpegear-hane-863690_695x695.webp\" \/>\n\t<meta property=\"og:image:width\" content=\"695\" \/>\n\t<meta property=\"og:image:height\" content=\"695\" \/>\n\t<meta property=\"og:image:type\" content=\"image\/webp\" \/>\n<meta name=\"twitter:card\" content=\"summary_large_image\" \/>\n<meta name=\"twitter:label1\" content=\"Est. reading time\" \/>\n\t<meta name=\"twitter:data1\" content=\"1 minuta\" \/>\n<script type=\"application\/ld+json\" class=\"yoast-schema-graph\">{\"@context\":\"https:\/\/schema.org\",\"@graph\":[{\"@type\":\"WebPage\",\"@id\":\"https:\/\/hd-multimedia.com\/trgovina\/topping-hane-iem\/\",\"url\":\"https:\/\/hd-multimedia.com\/trgovina\/topping-hane-iem\/\",\"name\":\"Topping Hane IEM - hd-multimedia\",\"isPartOf\":{\"@id\":\"https:\/\/hd-multimedia.com\/#website\"},\"datePublished\":\"2024-12-16T11:07:17+00:00\",\"dateModified\":\"2025-05-19T11:01:49+00:00\",\"description\":\"TOPPING Hane IEM slu\u0161alice kombiniraju vrhunsko umije\u0107e izrade, naprednu tehnologiju i iznimnu kvalitetu zvuka kako bi zadovoljile potrebe audiofila.\",\"breadcrumb\":{\"@id\":\"https:\/\/hd-multimedia.com\/trgovina\/topping-hane-iem\/#breadcrumb\"},\"inLanguage\":\"sl-SI\",\"potentialAction\":[{\"@type\":\"ReadAction\",\"target\":[\"https:\/\/hd-multimedia.com\/trgovina\/topping-hane-iem\/\"]}]},{\"@type\":\"BreadcrumbList\",\"@id\":\"https:\/\/hd-multimedia.com\/trgovina\/topping-hane-iem\/#breadcrumb\",\"itemListElement\":[{\"@type\":\"ListItem\",\"position\":1,\"name\":\"Po\u010detna stranica\",\"item\":\"https:\/\/hd-multimedia.com\/\"},{\"@type\":\"ListItem\",\"position\":2,\"name\":\"Trgovina\",\"item\":\"https:\/\/hd-multimedia.com\/trgovina\/\"},{\"@type\":\"ListItem\",\"position\":3,\"name\":\"Topping Hane IEM\"}]},{\"@type\":\"WebSite\",\"@id\":\"https:\/\/hd-multimedia.com\/#website\",\"url\":\"https:\/\/hd-multimedia.com\/\",\"name\":\"hd-multimedia\",\"description\":\"\",\"publisher\":{\"@id\":\"https:\/\/hd-multimedia.com\/#organization\"},\"potentialAction\":[{\"@type\":\"SearchAction\",\"target\":{\"@type\":\"EntryPoint\",\"urlTemplate\":\"https:\/\/hd-multimedia.com\/?s={search_term_string}\"},\"query-input\":\"required name=search_term_string\"}],\"inLanguage\":\"sl-SI\"},{\"@type\":\"Organization\",\"@id\":\"https:\/\/hd-multimedia.com\/#organization\",\"name\":\"hd-multimedia\",\"url\":\"https:\/\/hd-multimedia.com\/\",\"logo\":{\"@type\":\"ImageObject\",\"inLanguage\":\"sl-SI\",\"@id\":\"https:\/\/hd-multimedia.com\/#\/schema\/logo\/image\/\",\"url\":\"https:\/\/hd-multimedia.com\/hdm_media\/HD-curves-ok-196-56px-alpha-1.png\",\"contentUrl\":\"https:\/\/hd-multimedia.com\/hdm_media\/HD-curves-ok-196-56px-alpha-1.png\",\"width\":196,\"height\":53,\"caption\":\"hd-multimedia\"},\"image\":{\"@id\":\"https:\/\/hd-multimedia.com\/#\/schema\/logo\/image\/\"}}]}<\/script>\n<!-- \/ Yoast SEO plugin. -->","yoast_head_json":{"title":"Topping Hane IEM - hd-multimedia","description":"TOPPING Hane IEM slu\u0161alice kombiniraju vrhunsko umije\u0107e izrade, naprednu tehnologiju i iznimnu kvalitetu zvuka kako bi zadovoljile potrebe audiofila.","robots":{"index":"index","follow":"follow","max-snippet":"max-snippet:-1","max-image-preview":"max-image-preview:large","max-video-preview":"max-video-preview:-1"},"canonical":"https:\/\/hd-multimedia.com\/sl\/trgovina\/topping-hane-iem\/","og_locale":"sl_SI","og_type":"article","og_title":"Topping Hane IEM - hd-multimedia","og_description":"TOPPING Hane IEM slu\u0161alice kombiniraju vrhunsko umije\u0107e izrade, naprednu tehnologiju i iznimnu kvalitetu zvuka kako bi zadovoljile potrebe audiofila.","og_url":"https:\/\/hd-multimedia.com\/sl\/trgovina\/topping-hane-iem\/","og_site_name":"hd-multimedia","article_modified_time":"2025-05-19T11:01:49+00:00","og_image":[{"width":695,"height":695,"url":"https:\/\/hd-multimedia.com\/hdm_media\/topping-arpegear-hane-10mm-dynamic-driver-in-ear-earphone-hifigo-arpegear-hane-863690_695x695.webp","type":"image\/webp"}],"twitter_card":"summary_large_image","twitter_misc":{"Est. reading time":"1 minuta"},"schema":{"@context":"https:\/\/schema.org","@graph":[{"@type":"WebPage","@id":"https:\/\/hd-multimedia.com\/trgovina\/topping-hane-iem\/","url":"https:\/\/hd-multimedia.com\/trgovina\/topping-hane-iem\/","name":"Topping Hane IEM - hd-multimedia","isPartOf":{"@id":"https:\/\/hd-multimedia.com\/#website"},"datePublished":"2024-12-16T11:07:17+00:00","dateModified":"2025-05-19T11:01:49+00:00","description":"TOPPING Hane IEM slu\u0161alice kombiniraju vrhunsko umije\u0107e izrade, naprednu tehnologiju i iznimnu kvalitetu zvuka kako bi zadovoljile potrebe audiofila.","breadcrumb":{"@id":"https:\/\/hd-multimedia.com\/trgovina\/topping-hane-iem\/#breadcrumb"},"inLanguage":"sl-SI","potentialAction":[{"@type":"ReadAction","target":["https:\/\/hd-multimedia.com\/trgovina\/topping-hane-iem\/"]}]},{"@type":"BreadcrumbList","@id":"https:\/\/hd-multimedia.com\/trgovina\/topping-hane-iem\/#breadcrumb","itemListElement":[{"@type":"ListItem","position":1,"name":"Po\u010detna stranica","item":"https:\/\/hd-multimedia.com\/"},{"@type":"ListItem","position":2,"name":"Trgovina","item":"https:\/\/hd-multimedia.com\/trgovina\/"},{"@type":"ListItem","position":3,"name":"Topping Hane IEM"}]},{"@type":"WebSite","@id":"https:\/\/hd-multimedia.com\/#website","url":"https:\/\/hd-multimedia.com\/","name":"hd-multimedia","description":"","publisher":{"@id":"https:\/\/hd-multimedia.com\/#organization"},"potentialAction":[{"@type":"SearchAction","target":{"@type":"EntryPoint","urlTemplate":"https:\/\/hd-multimedia.com\/?s={search_term_string}"},"query-input":"required name=search_term_string"}],"inLanguage":"sl-SI"},{"@type":"Organization","@id":"https:\/\/hd-multimedia.com\/#organization","name":"hd-multimedia","url":"https:\/\/hd-multimedia.com\/","logo":{"@type":"ImageObject","inLanguage":"sl-SI","@id":"https:\/\/hd-multimedia.com\/#\/schema\/logo\/image\/","url":"https:\/\/hd-multimedia.com\/hdm_media\/HD-curves-ok-196-56px-alpha-1.png","contentUrl":"https:\/\/hd-multimedia.com\/hdm_media\/HD-curves-ok-196-56px-alpha-1.png","width":196,"height":53,"caption":"hd-multimedia"},"image":{"@id":"https:\/\/hd-multimedia.com\/#\/schema\/logo\/image\/"}}]}},"post_mailing_queue_ids":[],"_links":{"self":[{"href":"https:\/\/hd-multimedia.com\/sl\/wp-json\/wp\/v2\/product\/17484","targetHints":{"allow":["GET"]}}],"collection":[{"href":"https:\/\/hd-multimedia.com\/sl\/wp-json\/wp\/v2\/product"}],"about":[{"href":"https:\/\/hd-multimedia.com\/sl\/wp-json\/wp\/v2\/types\/product"}],"version-history":[{"count":6,"href":"https:\/\/hd-multimedia.com\/sl\/wp-json\/wp\/v2\/product\/17484\/revisions"}],"predecessor-version":[{"id":18317,"href":"https:\/\/hd-multimedia.com\/sl\/wp-json\/wp\/v2\/product\/17484\/revisions\/18317"}],"wp:featuredmedia":[{"embeddable":true,"href":"https:\/\/hd-multimedia.com\/sl\/wp-json\/wp\/v2\/media\/17487"}],"wp:attachment":[{"href":"https:\/\/hd-multimedia.com\/sl\/wp-json\/wp\/v2\/media?parent=17484"}],"curies":[{"name":"wp","href":"https:\/\/api.w.org\/{rel}","templated":true}]}}