{"id":17279,"date":"2024-10-29T09:49:09","date_gmt":"2024-10-29T09:49:09","guid":{"rendered":"https:\/\/hd-multimedia.com\/?post_type=product&#038;p=17279"},"modified":"2026-02-22T15:12:36","modified_gmt":"2026-02-22T15:12:36","slug":"fiio-ka15","status":"publish","type":"product","link":"https:\/\/hd-multimedia.com\/sl\/trgovina\/fiio-ka15\/","title":{"rendered":"FiiO KA15"},"content":{"rendered":"<p>Z uporabo aplikacije ali spletnega vmesnika lahko uporabniki prilagodijo, shranijo in delijo nastavitve EQ, mo\u017enosti pa vklju\u010dujejo prednastavljene ali prilagojene profile, zaradi \u010desar je izku\u0161nja preprosta za vse navdu\u0161ence. KA15 je prvi v svojem razredu z 0,96-pal\u010dnim barvnim zaslonom IPS z intuitivnim retro-navdihnjenim vmesnikom in animirano virtualno kaseto. Druge funkcije vklju\u010dujejo zmogljiv namizni na\u010din z izhodno mo\u010djo 560 mW+560 mW, dvojni DAC CS43198 z dvojnimi operacijskimi oja\u010devalniki, podporo za 768 kHz\/32-bitno in DSD256 predvajanje ter nadzor aplikacij. Naprava ponuja tudi hitro nastavitev v 60 in 120 korakih, podporo za mikrofon, standardne kontrole CTIA prek 3,5 mm priklju\u010dka in zdru\u017eljivost s konzolami, kot sta Nintendo Switch in PS5 v na\u010dinu UAC1.0.<\/p>\n<p><a href=\"https:\/\/www.fiio.com\/KA15_parameters\" target=\"_blank\" rel=\"noopener\">Parametri<\/a><\/p>","protected":false},"excerpt":{"rendered":"<p>FIIO je predstavil popolnoma prenovljen KA15 DAC in oja\u010devalnik za slu\u0161alke, ki zdru\u017euje napreden avdio in\u017eeniring in estetski retro dizajn kasetofona. Kompaktni KA15 je idealen za avdiofile in ljubitelje visokokakovostnega zvoka, saj ponuja vrhunsko kombinacijo prakti\u010dnosti, funkcionalnosti in elegance. Zahvaljujo\u010d vgrajenemu avdiofilskemu DSP-ju KA15 vklju\u010duje desetpasovni PEQ z lastnimi algoritmi FIIO za visoko natan\u010dnost in brezhibno prilagajanje frekvence. Ta naprava vsebuje tudi visoko zmogljiv procesor z nizko porabo energije, ki se samodejno prilagaja stanju predvajanja v napravi. To omogo\u010da pametno upravljanje porabe energije in na\u010din ultra nizke porabe energije za no\u010dno predvajanje, s \u010dimer pono\u010di prihranite energijo baterije.<\/p>\n<p><a href=\"https:\/\/www.fiio.com\/ka15\" target=\"_blank\" rel=\"noopener\">Ostale informacije najdete na tej povezavi.<\/a><\/p>","protected":false},"featured_media":17285,"template":"","meta":{"site-sidebar-layout":"default","site-content-layout":"","ast-site-content-layout":"default","site-content-style":"default","site-sidebar-style":"default","ast-global-header-display":"","ast-banner-title-visibility":"","ast-main-header-display":"","ast-hfb-above-header-display":"","ast-hfb-below-header-display":"","ast-hfb-mobile-header-display":"","site-post-title":"","ast-breadcrumbs-content":"","ast-featured-img":"","footer-sml-layout":"","theme-transparent-header-meta":"default","adv-header-id-meta":"","stick-header-meta":"default","header-above-stick-meta":"","header-main-stick-meta":"","header-below-stick-meta":"","astra-migrate-meta-layouts":"set","ast-page-background-enabled":"default","ast-page-background-meta":{"desktop":{"background-color":"","background-image":"","background-repeat":"repeat","background-position":"center center","background-size":"auto","background-attachment":"scroll","background-type":"","background-media":"","overlay-type":"","overlay-color":"","overlay-opacity":"","overlay-gradient":""},"tablet":{"background-color":"","background-image":"","background-repeat":"repeat","background-position":"center center","background-size":"auto","background-attachment":"scroll","background-type":"","background-media":"","overlay-type":"","overlay-color":"","overlay-opacity":"","overlay-gradient":""},"mobile":{"background-color":"","background-image":"","background-repeat":"repeat","background-position":"center center","background-size":"auto","background-attachment":"scroll","background-type":"","background-media":"","overlay-type":"","overlay-color":"","overlay-opacity":"","overlay-gradient":""}},"ast-content-background-meta":{"desktop":{"background-color":"var(--ast-global-color-5)","background-image":"","background-repeat":"repeat","background-position":"center center","background-size":"auto","background-attachment":"scroll","background-type":"","background-media":"","overlay-type":"","overlay-color":"","overlay-opacity":"","overlay-gradient":""},"tablet":{"background-color":"var(--ast-global-color-5)","background-image":"","background-repeat":"repeat","background-position":"center center","background-size":"auto","background-attachment":"scroll","background-type":"","background-media":"","overlay-type":"","overlay-color":"","overlay-opacity":"","overlay-gradient":""},"mobile":{"background-color":"var(--ast-global-color-5)","background-image":"","background-repeat":"repeat","background-position":"center center","background-size":"auto","background-attachment":"scroll","background-type":"","background-media":"","overlay-type":"","overlay-color":"","overlay-opacity":"","overlay-gradient":""}}},"class_list":["post-17279","product","type-product","status-publish","has-post-thumbnail","hentry","product_cat-pojacala-smartphone","product_cat-fiio","product_tag-novo-u-ponudi-fiio","desktop-align-center","tablet-align-center","mobile-align-center","ast-product-gallery-layout-horizontal","ast-magnify-disabled","ast-product-tabs-layout-horizontal"],"yoast_head":"<!-- This site is optimized with the Yoast SEO plugin v21.4 - https:\/\/yoast.com\/wordpress\/plugins\/seo\/ -->\n<title>FiiO KA15 - hd-multimedia<\/title>\n<meta name=\"description\" content=\"KA15 je prvi u svojoj klasi s 0,96-in\u010dnim IPS zaslonom u boji s intuitivnim retro-inspiriranim su\u010deljem i animiranom virtualnom kazetom.\" \/>\n<meta name=\"robots\" content=\"index, follow, max-snippet:-1, max-image-preview:large, max-video-preview:-1\" \/>\n<link rel=\"canonical\" href=\"https:\/\/hd-multimedia.com\/sl\/trgovina\/fiio-ka15\/\" \/>\n<meta property=\"og:locale\" content=\"sl_SI\" \/>\n<meta property=\"og:type\" content=\"article\" \/>\n<meta property=\"og:title\" content=\"FiiO KA15 - hd-multimedia\" \/>\n<meta property=\"og:description\" content=\"KA15 je prvi u svojoj klasi s 0,96-in\u010dnim IPS zaslonom u boji s intuitivnim retro-inspiriranim su\u010deljem i animiranom virtualnom kazetom.\" \/>\n<meta property=\"og:url\" content=\"https:\/\/hd-multimedia.com\/sl\/trgovina\/fiio-ka15\/\" \/>\n<meta property=\"og:site_name\" content=\"hd-multimedia\" \/>\n<meta property=\"article:modified_time\" content=\"2026-02-22T15:12:36+00:00\" \/>\n<meta property=\"og:image\" content=\"https:\/\/hd-multimedia.com\/hdm_media\/fiio-ka15-black-1.jpg\" \/>\n\t<meta property=\"og:image:width\" content=\"900\" \/>\n\t<meta property=\"og:image:height\" content=\"900\" \/>\n\t<meta property=\"og:image:type\" content=\"image\/jpeg\" \/>\n<meta name=\"twitter:card\" content=\"summary_large_image\" \/>\n<meta name=\"twitter:label1\" content=\"Est. reading time\" \/>\n\t<meta name=\"twitter:data1\" content=\"1 minuta\" \/>\n<script type=\"application\/ld+json\" class=\"yoast-schema-graph\">{\"@context\":\"https:\/\/schema.org\",\"@graph\":[{\"@type\":\"WebPage\",\"@id\":\"https:\/\/hd-multimedia.com\/trgovina\/fiio-ka15\/\",\"url\":\"https:\/\/hd-multimedia.com\/trgovina\/fiio-ka15\/\",\"name\":\"FiiO KA15 - hd-multimedia\",\"isPartOf\":{\"@id\":\"https:\/\/hd-multimedia.com\/#website\"},\"datePublished\":\"2024-10-29T09:49:09+00:00\",\"dateModified\":\"2026-02-22T15:12:36+00:00\",\"description\":\"KA15 je prvi u svojoj klasi s 0,96-in\u010dnim IPS zaslonom u boji s intuitivnim retro-inspiriranim su\u010deljem i animiranom virtualnom kazetom.\",\"breadcrumb\":{\"@id\":\"https:\/\/hd-multimedia.com\/trgovina\/fiio-ka15\/#breadcrumb\"},\"inLanguage\":\"sl-SI\",\"potentialAction\":[{\"@type\":\"ReadAction\",\"target\":[\"https:\/\/hd-multimedia.com\/trgovina\/fiio-ka15\/\"]}]},{\"@type\":\"BreadcrumbList\",\"@id\":\"https:\/\/hd-multimedia.com\/trgovina\/fiio-ka15\/#breadcrumb\",\"itemListElement\":[{\"@type\":\"ListItem\",\"position\":1,\"name\":\"Po\u010detna stranica\",\"item\":\"https:\/\/hd-multimedia.com\/\"},{\"@type\":\"ListItem\",\"position\":2,\"name\":\"Trgovina\",\"item\":\"https:\/\/hd-multimedia.com\/trgovina\/\"},{\"@type\":\"ListItem\",\"position\":3,\"name\":\"FiiO KA15\"}]},{\"@type\":\"WebSite\",\"@id\":\"https:\/\/hd-multimedia.com\/#website\",\"url\":\"https:\/\/hd-multimedia.com\/\",\"name\":\"hd-multimedia\",\"description\":\"\",\"publisher\":{\"@id\":\"https:\/\/hd-multimedia.com\/#organization\"},\"potentialAction\":[{\"@type\":\"SearchAction\",\"target\":{\"@type\":\"EntryPoint\",\"urlTemplate\":\"https:\/\/hd-multimedia.com\/?s={search_term_string}\"},\"query-input\":\"required name=search_term_string\"}],\"inLanguage\":\"sl-SI\"},{\"@type\":\"Organization\",\"@id\":\"https:\/\/hd-multimedia.com\/#organization\",\"name\":\"hd-multimedia\",\"url\":\"https:\/\/hd-multimedia.com\/\",\"logo\":{\"@type\":\"ImageObject\",\"inLanguage\":\"sl-SI\",\"@id\":\"https:\/\/hd-multimedia.com\/#\/schema\/logo\/image\/\",\"url\":\"https:\/\/hd-multimedia.com\/hdm_media\/HD-curves-ok-196-56px-alpha-1.png\",\"contentUrl\":\"https:\/\/hd-multimedia.com\/hdm_media\/HD-curves-ok-196-56px-alpha-1.png\",\"width\":196,\"height\":53,\"caption\":\"hd-multimedia\"},\"image\":{\"@id\":\"https:\/\/hd-multimedia.com\/#\/schema\/logo\/image\/\"}}]}<\/script>\n<!-- \/ Yoast SEO plugin. -->","yoast_head_json":{"title":"FiiO KA15 - hd-multimedia","description":"KA15 je prvi u svojoj klasi s 0,96-in\u010dnim IPS zaslonom u boji s intuitivnim retro-inspiriranim su\u010deljem i animiranom virtualnom kazetom.","robots":{"index":"index","follow":"follow","max-snippet":"max-snippet:-1","max-image-preview":"max-image-preview:large","max-video-preview":"max-video-preview:-1"},"canonical":"https:\/\/hd-multimedia.com\/sl\/trgovina\/fiio-ka15\/","og_locale":"sl_SI","og_type":"article","og_title":"FiiO KA15 - hd-multimedia","og_description":"KA15 je prvi u svojoj klasi s 0,96-in\u010dnim IPS zaslonom u boji s intuitivnim retro-inspiriranim su\u010deljem i animiranom virtualnom kazetom.","og_url":"https:\/\/hd-multimedia.com\/sl\/trgovina\/fiio-ka15\/","og_site_name":"hd-multimedia","article_modified_time":"2026-02-22T15:12:36+00:00","og_image":[{"width":900,"height":900,"url":"https:\/\/hd-multimedia.com\/hdm_media\/fiio-ka15-black-1.jpg","type":"image\/jpeg"}],"twitter_card":"summary_large_image","twitter_misc":{"Est. reading time":"1 minuta"},"schema":{"@context":"https:\/\/schema.org","@graph":[{"@type":"WebPage","@id":"https:\/\/hd-multimedia.com\/trgovina\/fiio-ka15\/","url":"https:\/\/hd-multimedia.com\/trgovina\/fiio-ka15\/","name":"FiiO KA15 - hd-multimedia","isPartOf":{"@id":"https:\/\/hd-multimedia.com\/#website"},"datePublished":"2024-10-29T09:49:09+00:00","dateModified":"2026-02-22T15:12:36+00:00","description":"KA15 je prvi u svojoj klasi s 0,96-in\u010dnim IPS zaslonom u boji s intuitivnim retro-inspiriranim su\u010deljem i animiranom virtualnom kazetom.","breadcrumb":{"@id":"https:\/\/hd-multimedia.com\/trgovina\/fiio-ka15\/#breadcrumb"},"inLanguage":"sl-SI","potentialAction":[{"@type":"ReadAction","target":["https:\/\/hd-multimedia.com\/trgovina\/fiio-ka15\/"]}]},{"@type":"BreadcrumbList","@id":"https:\/\/hd-multimedia.com\/trgovina\/fiio-ka15\/#breadcrumb","itemListElement":[{"@type":"ListItem","position":1,"name":"Po\u010detna stranica","item":"https:\/\/hd-multimedia.com\/"},{"@type":"ListItem","position":2,"name":"Trgovina","item":"https:\/\/hd-multimedia.com\/trgovina\/"},{"@type":"ListItem","position":3,"name":"FiiO KA15"}]},{"@type":"WebSite","@id":"https:\/\/hd-multimedia.com\/#website","url":"https:\/\/hd-multimedia.com\/","name":"hd-multimedia","description":"","publisher":{"@id":"https:\/\/hd-multimedia.com\/#organization"},"potentialAction":[{"@type":"SearchAction","target":{"@type":"EntryPoint","urlTemplate":"https:\/\/hd-multimedia.com\/?s={search_term_string}"},"query-input":"required name=search_term_string"}],"inLanguage":"sl-SI"},{"@type":"Organization","@id":"https:\/\/hd-multimedia.com\/#organization","name":"hd-multimedia","url":"https:\/\/hd-multimedia.com\/","logo":{"@type":"ImageObject","inLanguage":"sl-SI","@id":"https:\/\/hd-multimedia.com\/#\/schema\/logo\/image\/","url":"https:\/\/hd-multimedia.com\/hdm_media\/HD-curves-ok-196-56px-alpha-1.png","contentUrl":"https:\/\/hd-multimedia.com\/hdm_media\/HD-curves-ok-196-56px-alpha-1.png","width":196,"height":53,"caption":"hd-multimedia"},"image":{"@id":"https:\/\/hd-multimedia.com\/#\/schema\/logo\/image\/"}}]}},"post_mailing_queue_ids":[],"_links":{"self":[{"href":"https:\/\/hd-multimedia.com\/sl\/wp-json\/wp\/v2\/product\/17279","targetHints":{"allow":["GET"]}}],"collection":[{"href":"https:\/\/hd-multimedia.com\/sl\/wp-json\/wp\/v2\/product"}],"about":[{"href":"https:\/\/hd-multimedia.com\/sl\/wp-json\/wp\/v2\/types\/product"}],"version-history":[{"count":3,"href":"https:\/\/hd-multimedia.com\/sl\/wp-json\/wp\/v2\/product\/17279\/revisions"}],"predecessor-version":[{"id":17281,"href":"https:\/\/hd-multimedia.com\/sl\/wp-json\/wp\/v2\/product\/17279\/revisions\/17281"}],"wp:featuredmedia":[{"embeddable":true,"href":"https:\/\/hd-multimedia.com\/sl\/wp-json\/wp\/v2\/media\/17285"}],"wp:attachment":[{"href":"https:\/\/hd-multimedia.com\/sl\/wp-json\/wp\/v2\/media?parent=17279"}],"curies":[{"name":"wp","href":"https:\/\/api.w.org\/{rel}","templated":true}]}}