{"id":16945,"date":"2024-10-16T08:08:47","date_gmt":"2024-10-16T08:08:47","guid":{"rendered":"https:\/\/hd-multimedia.com\/?post_type=product&#038;p=16945"},"modified":"2025-04-22T09:52:04","modified_gmt":"2025-04-22T09:52:04","slug":"elac-vela-fs-407-2","status":"publish","type":"product","link":"https:\/\/hd-multimedia.com\/sl\/trgovina\/elac-vela-fs-407-2\/","title":{"rendered":"ELAC Vela FS 407.2 (par)"},"content":{"rendered":"<p>ELAC Vela FS 407.2 ima posebno zasnovo, ki omogo\u010da natan\u010dno reprodukcijo nizkih tonov brez popa\u010denj, medtem ko navzdol obrnjena vrata za bas refleks izbolj\u0161ajo zmogljivost nizkih tonov in zmanj\u0161ajo ne\u017eelene tresljaje. Zvo\u010dnik je idealen za moderne interierje, saj poleg tega, da zagotavlja neverjetno kvaliteto zvoka, njegova oblika prina\u0161a prefinjenost v vsak prostor.<\/p>\n<ul>\n<li>Tip: 2 \u00bd-smerni, bas refleks<\/li>\n<li>Nizkotonec: 2 \u00d7 150 mm \u00d8, sto\u017eec AS-XR<\/li>\n<li>Visokotonec: JET 6<\/li>\n<li>Magnetna za\u0161\u010dita: \u0161t<\/li>\n<li>Frekven\u010dni odziv: 450 | 2400 Hz<\/li>\n<li>Frekven\u010dno obmo\u010dje (IEC 268-5): 30 \u2013 50.000 Hz<\/li>\n<li>Ob\u010dutljivost: 88 dB pri 2,83 V\/m<\/li>\n<li>Vklju\u010deni dodatki: opa\u017e s konicami in podlo\u017eko<\/li>\n<li>Izbirni dodatek: re\u0161etke za zvo\u010dnike<\/li>\n<li>Vi\u0161ina x \u0161irina x globina: 1000 x 229 x 266 mm<\/li>\n<li>Te\u017ea: 19,1 kg<\/li>\n<\/ul>","protected":false},"excerpt":{"rendered":"<p>Samostoje\u010di zvo\u010dnik ELAC Vela FS 407.2 predstavlja popolno kombinacijo prefinjenega dizajna in vrhunske akusti\u010dne zmogljivosti, rezultat 95-letnega strokovnega znanja ELAC. Njegova trapezasta oblika in visokosijajni lak nista samo impresivna vizualno, ampak tudi optimizirata akustiko z zmanj\u0161anjem notranjih odbojev. Srce zvo\u010dnika je visokotonec JET 6, ki ponuja raz\u0161irjen frekven\u010dni razpon do 50 kHz, hiter odziv in minimalno popa\u010denje ter zagotavlja kristalno \u010diste in podrobne visoke tone. Skupaj z bi-wire konfiguracijo zagotavlja natan\u010dno reprodukcijo zvoka, kar ustvarja poglobljeno izku\u0161njo v stereo in ve\u010dkanalnih sistemih. Dodatno mo\u010d in natan\u010dnost zagotavlja nizkotonec z aluminijasto plastjo s kristalnim sto\u017ecem, znan po svoji togosti in raz\u0161irjenem frekven\u010dnem obmo\u010dju.<\/p>\n<p>Cena velja za par (2 zvo\u010dnika)<\/p>\n<p><a href=\"https:\/\/www.elac.com\/vfs407-2\" target=\"_blank\" rel=\"noopener\">Ostale informacije najdete na tej povezavi.<\/a><\/p>\n<p>\u010ce vas ta model zanima, nas kontaktirajte na 0998060160 ali preko kontaktnega obrazca:<\/p>\n<p><a href=\"https:\/\/hd-multimedia.com\/sl\/kontakt\/\" target=\"_blank\" rel=\"noopener\">Kontaktni obrazec<\/a><\/p>","protected":false},"featured_media":16955,"template":"","meta":{"site-sidebar-layout":"default","site-content-layout":"","ast-site-content-layout":"default","site-content-style":"default","site-sidebar-style":"default","ast-global-header-display":"","ast-banner-title-visibility":"","ast-main-header-display":"","ast-hfb-above-header-display":"","ast-hfb-below-header-display":"","ast-hfb-mobile-header-display":"","site-post-title":"","ast-breadcrumbs-content":"","ast-featured-img":"","footer-sml-layout":"","theme-transparent-header-meta":"default","adv-header-id-meta":"","stick-header-meta":"default","header-above-stick-meta":"","header-main-stick-meta":"","header-below-stick-meta":"","astra-migrate-meta-layouts":"set","ast-page-background-enabled":"default","ast-page-background-meta":{"desktop":{"background-color":"","background-image":"","background-repeat":"repeat","background-position":"center center","background-size":"auto","background-attachment":"scroll","background-type":"","background-media":"","overlay-type":"","overlay-color":"","overlay-opacity":"","overlay-gradient":""},"tablet":{"background-color":"","background-image":"","background-repeat":"repeat","background-position":"center center","background-size":"auto","background-attachment":"scroll","background-type":"","background-media":"","overlay-type":"","overlay-color":"","overlay-opacity":"","overlay-gradient":""},"mobile":{"background-color":"","background-image":"","background-repeat":"repeat","background-position":"center center","background-size":"auto","background-attachment":"scroll","background-type":"","background-media":"","overlay-type":"","overlay-color":"","overlay-opacity":"","overlay-gradient":""}},"ast-content-background-meta":{"desktop":{"background-color":"var(--ast-global-color-5)","background-image":"","background-repeat":"repeat","background-position":"center center","background-size":"auto","background-attachment":"scroll","background-type":"","background-media":"","overlay-type":"","overlay-color":"","overlay-opacity":"","overlay-gradient":""},"tablet":{"background-color":"var(--ast-global-color-5)","background-image":"","background-repeat":"repeat","background-position":"center center","background-size":"auto","background-attachment":"scroll","background-type":"","background-media":"","overlay-type":"","overlay-color":"","overlay-opacity":"","overlay-gradient":""},"mobile":{"background-color":"var(--ast-global-color-5)","background-image":"","background-repeat":"repeat","background-position":"center center","background-size":"auto","background-attachment":"scroll","background-type":"","background-media":"","overlay-type":"","overlay-color":"","overlay-opacity":"","overlay-gradient":""}}},"class_list":["post-16945","product","type-product","status-publish","has-post-thumbnail","hentry","product_cat-pasivne-zvucne-kutije","product_cat-elac","product_tag-novi-modeli-elac","desktop-align-center","tablet-align-center","mobile-align-center","ast-product-gallery-layout-horizontal","ast-product-gallery-with-no-image","ast-magnify-disabled","ast-product-tabs-layout-horizontal"],"yoast_head":"<!-- This site is optimized with the Yoast SEO plugin v21.4 - https:\/\/yoast.com\/wordpress\/plugins\/seo\/ -->\n<title>ELAC Vela FS 407.2 (par) - hd-multimedia<\/title>\n<meta name=\"description\" content=\"ELAC Vela 2.0 FS407.2 predstavljaju savr\u0161enu kombinaciju sofisticiranog dizajna i vrhunske akusti\u010dne izvedbe, rezultat 95 godina ELAC-ove stru\u010dnosti.\" \/>\n<meta name=\"robots\" content=\"index, follow, max-snippet:-1, max-image-preview:large, max-video-preview:-1\" \/>\n<link rel=\"canonical\" href=\"https:\/\/hd-multimedia.com\/sl\/trgovina\/elac-vela-fs-407-2\/\" \/>\n<meta property=\"og:locale\" content=\"sl_SI\" \/>\n<meta property=\"og:type\" content=\"article\" \/>\n<meta property=\"og:title\" content=\"ELAC Vela FS 407.2 (par) - hd-multimedia\" \/>\n<meta property=\"og:description\" content=\"ELAC Vela 2.0 FS407.2 predstavljaju savr\u0161enu kombinaciju sofisticiranog dizajna i vrhunske akusti\u010dne izvedbe, rezultat 95 godina ELAC-ove stru\u010dnosti.\" \/>\n<meta property=\"og:url\" content=\"https:\/\/hd-multimedia.com\/sl\/trgovina\/elac-vela-fs-407-2\/\" \/>\n<meta property=\"og:site_name\" content=\"hd-multimedia\" \/>\n<meta property=\"article:modified_time\" content=\"2025-04-22T09:52:04+00:00\" \/>\n<meta property=\"og:image\" content=\"https:\/\/hd-multimedia.com\/hdm_media\/0017741-e1729068642524.jpeg\" \/>\n\t<meta property=\"og:image:width\" content=\"1440\" \/>\n\t<meta property=\"og:image:height\" content=\"1440\" \/>\n\t<meta property=\"og:image:type\" content=\"image\/jpeg\" \/>\n<meta name=\"twitter:card\" content=\"summary_large_image\" \/>\n<meta name=\"twitter:label1\" content=\"Est. reading time\" \/>\n\t<meta name=\"twitter:data1\" content=\"1 minuta\" \/>\n<script type=\"application\/ld+json\" class=\"yoast-schema-graph\">{\"@context\":\"https:\/\/schema.org\",\"@graph\":[{\"@type\":\"WebPage\",\"@id\":\"https:\/\/hd-multimedia.com\/trgovina\/elac-vela-fs-407-2\/\",\"url\":\"https:\/\/hd-multimedia.com\/trgovina\/elac-vela-fs-407-2\/\",\"name\":\"ELAC Vela FS 407.2 (par) - hd-multimedia\",\"isPartOf\":{\"@id\":\"https:\/\/hd-multimedia.com\/#website\"},\"datePublished\":\"2024-10-16T08:08:47+00:00\",\"dateModified\":\"2025-04-22T09:52:04+00:00\",\"description\":\"ELAC Vela 2.0 FS407.2 predstavljaju savr\u0161enu kombinaciju sofisticiranog dizajna i vrhunske akusti\u010dne izvedbe, rezultat 95 godina ELAC-ove stru\u010dnosti.\",\"breadcrumb\":{\"@id\":\"https:\/\/hd-multimedia.com\/trgovina\/elac-vela-fs-407-2\/#breadcrumb\"},\"inLanguage\":\"sl-SI\",\"potentialAction\":[{\"@type\":\"ReadAction\",\"target\":[\"https:\/\/hd-multimedia.com\/trgovina\/elac-vela-fs-407-2\/\"]}]},{\"@type\":\"BreadcrumbList\",\"@id\":\"https:\/\/hd-multimedia.com\/trgovina\/elac-vela-fs-407-2\/#breadcrumb\",\"itemListElement\":[{\"@type\":\"ListItem\",\"position\":1,\"name\":\"Po\u010detna stranica\",\"item\":\"https:\/\/hd-multimedia.com\/\"},{\"@type\":\"ListItem\",\"position\":2,\"name\":\"Trgovina\",\"item\":\"https:\/\/hd-multimedia.com\/trgovina\/\"},{\"@type\":\"ListItem\",\"position\":3,\"name\":\"ELAC Vela FS 407.2 (par)\"}]},{\"@type\":\"WebSite\",\"@id\":\"https:\/\/hd-multimedia.com\/#website\",\"url\":\"https:\/\/hd-multimedia.com\/\",\"name\":\"hd-multimedia\",\"description\":\"\",\"publisher\":{\"@id\":\"https:\/\/hd-multimedia.com\/#organization\"},\"potentialAction\":[{\"@type\":\"SearchAction\",\"target\":{\"@type\":\"EntryPoint\",\"urlTemplate\":\"https:\/\/hd-multimedia.com\/?s={search_term_string}\"},\"query-input\":\"required name=search_term_string\"}],\"inLanguage\":\"sl-SI\"},{\"@type\":\"Organization\",\"@id\":\"https:\/\/hd-multimedia.com\/#organization\",\"name\":\"hd-multimedia\",\"url\":\"https:\/\/hd-multimedia.com\/\",\"logo\":{\"@type\":\"ImageObject\",\"inLanguage\":\"sl-SI\",\"@id\":\"https:\/\/hd-multimedia.com\/#\/schema\/logo\/image\/\",\"url\":\"https:\/\/hd-multimedia.com\/hdm_media\/HD-curves-ok-196-56px-alpha-1.png\",\"contentUrl\":\"https:\/\/hd-multimedia.com\/hdm_media\/HD-curves-ok-196-56px-alpha-1.png\",\"width\":196,\"height\":53,\"caption\":\"hd-multimedia\"},\"image\":{\"@id\":\"https:\/\/hd-multimedia.com\/#\/schema\/logo\/image\/\"}}]}<\/script>\n<!-- \/ Yoast SEO plugin. -->","yoast_head_json":{"title":"ELAC Vela FS 407.2 (par) - hd-multimedia","description":"ELAC Vela 2.0 FS407.2 predstavljaju savr\u0161enu kombinaciju sofisticiranog dizajna i vrhunske akusti\u010dne izvedbe, rezultat 95 godina ELAC-ove stru\u010dnosti.","robots":{"index":"index","follow":"follow","max-snippet":"max-snippet:-1","max-image-preview":"max-image-preview:large","max-video-preview":"max-video-preview:-1"},"canonical":"https:\/\/hd-multimedia.com\/sl\/trgovina\/elac-vela-fs-407-2\/","og_locale":"sl_SI","og_type":"article","og_title":"ELAC Vela FS 407.2 (par) - hd-multimedia","og_description":"ELAC Vela 2.0 FS407.2 predstavljaju savr\u0161enu kombinaciju sofisticiranog dizajna i vrhunske akusti\u010dne izvedbe, rezultat 95 godina ELAC-ove stru\u010dnosti.","og_url":"https:\/\/hd-multimedia.com\/sl\/trgovina\/elac-vela-fs-407-2\/","og_site_name":"hd-multimedia","article_modified_time":"2025-04-22T09:52:04+00:00","og_image":[{"width":1440,"height":1440,"url":"https:\/\/hd-multimedia.com\/hdm_media\/0017741-e1729068642524.jpeg","type":"image\/jpeg"}],"twitter_card":"summary_large_image","twitter_misc":{"Est. reading time":"1 minuta"},"schema":{"@context":"https:\/\/schema.org","@graph":[{"@type":"WebPage","@id":"https:\/\/hd-multimedia.com\/trgovina\/elac-vela-fs-407-2\/","url":"https:\/\/hd-multimedia.com\/trgovina\/elac-vela-fs-407-2\/","name":"ELAC Vela FS 407.2 (par) - hd-multimedia","isPartOf":{"@id":"https:\/\/hd-multimedia.com\/#website"},"datePublished":"2024-10-16T08:08:47+00:00","dateModified":"2025-04-22T09:52:04+00:00","description":"ELAC Vela 2.0 FS407.2 predstavljaju savr\u0161enu kombinaciju sofisticiranog dizajna i vrhunske akusti\u010dne izvedbe, rezultat 95 godina ELAC-ove stru\u010dnosti.","breadcrumb":{"@id":"https:\/\/hd-multimedia.com\/trgovina\/elac-vela-fs-407-2\/#breadcrumb"},"inLanguage":"sl-SI","potentialAction":[{"@type":"ReadAction","target":["https:\/\/hd-multimedia.com\/trgovina\/elac-vela-fs-407-2\/"]}]},{"@type":"BreadcrumbList","@id":"https:\/\/hd-multimedia.com\/trgovina\/elac-vela-fs-407-2\/#breadcrumb","itemListElement":[{"@type":"ListItem","position":1,"name":"Po\u010detna stranica","item":"https:\/\/hd-multimedia.com\/"},{"@type":"ListItem","position":2,"name":"Trgovina","item":"https:\/\/hd-multimedia.com\/trgovina\/"},{"@type":"ListItem","position":3,"name":"ELAC Vela FS 407.2 (par)"}]},{"@type":"WebSite","@id":"https:\/\/hd-multimedia.com\/#website","url":"https:\/\/hd-multimedia.com\/","name":"hd-multimedia","description":"","publisher":{"@id":"https:\/\/hd-multimedia.com\/#organization"},"potentialAction":[{"@type":"SearchAction","target":{"@type":"EntryPoint","urlTemplate":"https:\/\/hd-multimedia.com\/?s={search_term_string}"},"query-input":"required name=search_term_string"}],"inLanguage":"sl-SI"},{"@type":"Organization","@id":"https:\/\/hd-multimedia.com\/#organization","name":"hd-multimedia","url":"https:\/\/hd-multimedia.com\/","logo":{"@type":"ImageObject","inLanguage":"sl-SI","@id":"https:\/\/hd-multimedia.com\/#\/schema\/logo\/image\/","url":"https:\/\/hd-multimedia.com\/hdm_media\/HD-curves-ok-196-56px-alpha-1.png","contentUrl":"https:\/\/hd-multimedia.com\/hdm_media\/HD-curves-ok-196-56px-alpha-1.png","width":196,"height":53,"caption":"hd-multimedia"},"image":{"@id":"https:\/\/hd-multimedia.com\/#\/schema\/logo\/image\/"}}]}},"post_mailing_queue_ids":[],"_links":{"self":[{"href":"https:\/\/hd-multimedia.com\/sl\/wp-json\/wp\/v2\/product\/16945","targetHints":{"allow":["GET"]}}],"collection":[{"href":"https:\/\/hd-multimedia.com\/sl\/wp-json\/wp\/v2\/product"}],"about":[{"href":"https:\/\/hd-multimedia.com\/sl\/wp-json\/wp\/v2\/types\/product"}],"version-history":[{"count":9,"href":"https:\/\/hd-multimedia.com\/sl\/wp-json\/wp\/v2\/product\/16945\/revisions"}],"predecessor-version":[{"id":18338,"href":"https:\/\/hd-multimedia.com\/sl\/wp-json\/wp\/v2\/product\/16945\/revisions\/18338"}],"wp:featuredmedia":[{"embeddable":true,"href":"https:\/\/hd-multimedia.com\/sl\/wp-json\/wp\/v2\/media\/16955"}],"wp:attachment":[{"href":"https:\/\/hd-multimedia.com\/sl\/wp-json\/wp\/v2\/media?parent=16945"}],"curies":[{"name":"wp","href":"https:\/\/api.w.org\/{rel}","templated":true}]}}