{"id":16925,"date":"2024-10-14T08:08:18","date_gmt":"2024-10-14T08:08:18","guid":{"rendered":"https:\/\/hd-multimedia.com\/?post_type=product&#038;p=16925"},"modified":"2026-02-23T13:45:22","modified_gmt":"2026-02-23T13:45:22","slug":"elac-debut-f5-3","status":"publish","type":"product","link":"https:\/\/hd-multimedia.com\/sl\/trgovina\/elac-debut-f5-3\/","title":{"rendered":"ELAC Debut F5.3 (par)"},"content":{"rendered":"<p>ELAC Debut F5.3 je izdelan iz visokokakovostnih materialov, zgrajen tako, da zdr\u017ei in obeta leta odli\u010dne kakovosti zvoka. Debut F5.3, ki je enostaven za uporabo in zdru\u017eljiv z ve\u010dino AV-sprejemnikov in oja\u010devalnikov, ponuja vsestranskost in izjemno vrednost, idealen za vsak avdio sistem, bodisi za stereo poslu\u0161anje ali dinami\u010dni doma\u010di kino.<\/p>\n<ul>\n<li><strong>Vrsta zvo\u010dnika:<\/strong> 3-stezni, bas refleks<\/li>\n<li><strong>Frekven\u010dni odziv (-6 dB):<\/strong> 38 Hz do 38 kHz<\/li>\n<li><strong>Nazivna impedanca:<\/strong> 6 \u03a9<\/li>\n<li><strong>Frekvenca lo\u010devanja:<\/strong> 500Hz, 2100Hz<\/li>\n<li><strong>Priporo\u010dena mo\u010d oja\u010devalnika:<\/strong> 30-150 vatov<\/li>\n<li><strong>\u0161irina:<\/strong>\u00a0 17,2 cm<\/li>\n<li><strong>Vi\u0161ina:<\/strong>\u00a0 103,0 cm<\/li>\n<li><strong>Globina:<\/strong>\u00a024,6 cm<\/li>\n<li><strong>Neto te\u017ea:<\/strong>\u00a015,7 kg<\/li>\n<\/ul>","protected":false},"excerpt":{"rendered":"<p>Samostoje\u010di zvo\u010dnik ELAC Debut F5.3 izstopa s svojim vrhunskim zvokom in elegantnim dizajnom. Ta tristezni zvo\u010dni sistem, opremljen s prilagojenim aluminijastim visokotoncem in na novo razvitim nizkotoncem iz aramidnih vlaken, razdeli frekven\u010dni spekter med namenske zvo\u010dnike, kar zagotavlja uravnote\u017eeno in natan\u010dno zvo\u010dno izku\u0161njo. Lahek, a vzdr\u017eljiv aramidni nizkotonec reproducira globoke in mo\u010dne nizke tone, medtem ko visokotonski zvo\u010dnik iz aluminija zagotavlja izjemno jasnost in visokofrekven\u010dne podrobnosti. Notranja oja\u010ditev zvo\u010dnika zmanj\u0161a ne\u017eelene vibracije in dodatno izbolj\u0161a natan\u010dnost zvoka. Poleg akusti\u010dne zmogljivosti ima ELAC Debut F5.3 sodoben, minimalisti\u010den dizajn z elegantnim \u010drnim zaklju\u010dkom, zaradi \u010desar je prefinjen dodatek za vsak dom.<\/p>\n<p>Cena velja za par (2 zvo\u010dnika)<\/p>\n<p><a href=\"https:\/\/www.elac.com\/df53-bk\" target=\"_blank\" rel=\"noopener\">Ostale informacije najdete na tej povezavi.<\/a><\/p>","protected":false},"featured_media":16926,"template":"","meta":{"site-sidebar-layout":"default","site-content-layout":"","ast-site-content-layout":"default","site-content-style":"default","site-sidebar-style":"default","ast-global-header-display":"","ast-banner-title-visibility":"","ast-main-header-display":"","ast-hfb-above-header-display":"","ast-hfb-below-header-display":"","ast-hfb-mobile-header-display":"","site-post-title":"","ast-breadcrumbs-content":"","ast-featured-img":"","footer-sml-layout":"","theme-transparent-header-meta":"default","adv-header-id-meta":"","stick-header-meta":"default","header-above-stick-meta":"","header-main-stick-meta":"","header-below-stick-meta":"","astra-migrate-meta-layouts":"set","ast-page-background-enabled":"default","ast-page-background-meta":{"desktop":{"background-color":"","background-image":"","background-repeat":"repeat","background-position":"center center","background-size":"auto","background-attachment":"scroll","background-type":"","background-media":"","overlay-type":"","overlay-color":"","overlay-opacity":"","overlay-gradient":""},"tablet":{"background-color":"","background-image":"","background-repeat":"repeat","background-position":"center center","background-size":"auto","background-attachment":"scroll","background-type":"","background-media":"","overlay-type":"","overlay-color":"","overlay-opacity":"","overlay-gradient":""},"mobile":{"background-color":"","background-image":"","background-repeat":"repeat","background-position":"center center","background-size":"auto","background-attachment":"scroll","background-type":"","background-media":"","overlay-type":"","overlay-color":"","overlay-opacity":"","overlay-gradient":""}},"ast-content-background-meta":{"desktop":{"background-color":"var(--ast-global-color-5)","background-image":"","background-repeat":"repeat","background-position":"center center","background-size":"auto","background-attachment":"scroll","background-type":"","background-media":"","overlay-type":"","overlay-color":"","overlay-opacity":"","overlay-gradient":""},"tablet":{"background-color":"var(--ast-global-color-5)","background-image":"","background-repeat":"repeat","background-position":"center center","background-size":"auto","background-attachment":"scroll","background-type":"","background-media":"","overlay-type":"","overlay-color":"","overlay-opacity":"","overlay-gradient":""},"mobile":{"background-color":"var(--ast-global-color-5)","background-image":"","background-repeat":"repeat","background-position":"center center","background-size":"auto","background-attachment":"scroll","background-type":"","background-media":"","overlay-type":"","overlay-color":"","overlay-opacity":"","overlay-gradient":""}}},"class_list":["post-16925","product","type-product","status-publish","has-post-thumbnail","hentry","product_cat-pasivne-zvucne-kutije","product_cat-elac","product_tag-novi-modeli-elac","desktop-align-center","tablet-align-center","mobile-align-center","ast-product-gallery-layout-horizontal","ast-magnify-disabled","ast-product-single-variable","ast-product-tabs-layout-horizontal"],"yoast_head":"<!-- This site is optimized with the Yoast SEO plugin v21.4 - https:\/\/yoast.com\/wordpress\/plugins\/seo\/ -->\n<title>ELAC Debut F5.3 (par) - hd-multimedia<\/title>\n<meta name=\"description\" content=\"ELAC Debut F5.3 zvu\u010dnik izvrsno reproducira duboke i sna\u017ene niske tonove, dok aluminijski visokotonac pru\u017ea izuzetnu jasno\u0107u i detalje visokih frekvencija.\" \/>\n<meta name=\"robots\" content=\"index, follow, max-snippet:-1, max-image-preview:large, max-video-preview:-1\" \/>\n<link rel=\"canonical\" href=\"https:\/\/hd-multimedia.com\/sl\/trgovina\/elac-debut-f5-3\/\" \/>\n<meta property=\"og:locale\" content=\"sl_SI\" \/>\n<meta property=\"og:type\" content=\"article\" \/>\n<meta property=\"og:title\" content=\"ELAC Debut F5.3 (par) - hd-multimedia\" \/>\n<meta property=\"og:description\" content=\"ELAC Debut F5.3 zvu\u010dnik izvrsno reproducira duboke i sna\u017ene niske tonove, dok aluminijski visokotonac pru\u017ea izuzetnu jasno\u0107u i detalje visokih frekvencija.\" \/>\n<meta property=\"og:url\" content=\"https:\/\/hd-multimedia.com\/sl\/trgovina\/elac-debut-f5-3\/\" \/>\n<meta property=\"og:site_name\" content=\"hd-multimedia\" \/>\n<meta property=\"article:modified_time\" content=\"2026-02-23T13:45:22+00:00\" \/>\n<meta property=\"og:image\" content=\"https:\/\/hd-multimedia.com\/hdm_media\/Debut-V3.1577-e1728893074505.webp\" \/>\n\t<meta property=\"og:image:width\" content=\"900\" \/>\n\t<meta property=\"og:image:height\" content=\"900\" \/>\n\t<meta property=\"og:image:type\" content=\"image\/webp\" \/>\n<meta name=\"twitter:card\" content=\"summary_large_image\" \/>\n<meta name=\"twitter:label1\" content=\"Est. reading time\" \/>\n\t<meta name=\"twitter:data1\" content=\"1 minuta\" \/>\n<script type=\"application\/ld+json\" class=\"yoast-schema-graph\">{\"@context\":\"https:\/\/schema.org\",\"@graph\":[{\"@type\":\"WebPage\",\"@id\":\"https:\/\/hd-multimedia.com\/trgovina\/elac-debut-f5-3\/\",\"url\":\"https:\/\/hd-multimedia.com\/trgovina\/elac-debut-f5-3\/\",\"name\":\"ELAC Debut F5.3 (par) - hd-multimedia\",\"isPartOf\":{\"@id\":\"https:\/\/hd-multimedia.com\/#website\"},\"datePublished\":\"2024-10-14T08:08:18+00:00\",\"dateModified\":\"2026-02-23T13:45:22+00:00\",\"description\":\"ELAC Debut F5.3 zvu\u010dnik izvrsno reproducira duboke i sna\u017ene niske tonove, dok aluminijski visokotonac pru\u017ea izuzetnu jasno\u0107u i detalje visokih frekvencija.\",\"breadcrumb\":{\"@id\":\"https:\/\/hd-multimedia.com\/trgovina\/elac-debut-f5-3\/#breadcrumb\"},\"inLanguage\":\"sl-SI\",\"potentialAction\":[{\"@type\":\"ReadAction\",\"target\":[\"https:\/\/hd-multimedia.com\/trgovina\/elac-debut-f5-3\/\"]}]},{\"@type\":\"BreadcrumbList\",\"@id\":\"https:\/\/hd-multimedia.com\/trgovina\/elac-debut-f5-3\/#breadcrumb\",\"itemListElement\":[{\"@type\":\"ListItem\",\"position\":1,\"name\":\"Po\u010detna stranica\",\"item\":\"https:\/\/hd-multimedia.com\/\"},{\"@type\":\"ListItem\",\"position\":2,\"name\":\"Trgovina\",\"item\":\"https:\/\/hd-multimedia.com\/trgovina\/\"},{\"@type\":\"ListItem\",\"position\":3,\"name\":\"ELAC Debut F5.3 (par)\"}]},{\"@type\":\"WebSite\",\"@id\":\"https:\/\/hd-multimedia.com\/#website\",\"url\":\"https:\/\/hd-multimedia.com\/\",\"name\":\"hd-multimedia\",\"description\":\"\",\"publisher\":{\"@id\":\"https:\/\/hd-multimedia.com\/#organization\"},\"potentialAction\":[{\"@type\":\"SearchAction\",\"target\":{\"@type\":\"EntryPoint\",\"urlTemplate\":\"https:\/\/hd-multimedia.com\/?s={search_term_string}\"},\"query-input\":\"required name=search_term_string\"}],\"inLanguage\":\"sl-SI\"},{\"@type\":\"Organization\",\"@id\":\"https:\/\/hd-multimedia.com\/#organization\",\"name\":\"hd-multimedia\",\"url\":\"https:\/\/hd-multimedia.com\/\",\"logo\":{\"@type\":\"ImageObject\",\"inLanguage\":\"sl-SI\",\"@id\":\"https:\/\/hd-multimedia.com\/#\/schema\/logo\/image\/\",\"url\":\"https:\/\/hd-multimedia.com\/hdm_media\/HD-curves-ok-196-56px-alpha-1.png\",\"contentUrl\":\"https:\/\/hd-multimedia.com\/hdm_media\/HD-curves-ok-196-56px-alpha-1.png\",\"width\":196,\"height\":53,\"caption\":\"hd-multimedia\"},\"image\":{\"@id\":\"https:\/\/hd-multimedia.com\/#\/schema\/logo\/image\/\"}}]}<\/script>\n<!-- \/ Yoast SEO plugin. -->","yoast_head_json":{"title":"ELAC Debut F5.3 (par) - hd-multimedia","description":"ELAC Debut F5.3 zvu\u010dnik izvrsno reproducira duboke i sna\u017ene niske tonove, dok aluminijski visokotonac pru\u017ea izuzetnu jasno\u0107u i detalje visokih frekvencija.","robots":{"index":"index","follow":"follow","max-snippet":"max-snippet:-1","max-image-preview":"max-image-preview:large","max-video-preview":"max-video-preview:-1"},"canonical":"https:\/\/hd-multimedia.com\/sl\/trgovina\/elac-debut-f5-3\/","og_locale":"sl_SI","og_type":"article","og_title":"ELAC Debut F5.3 (par) - hd-multimedia","og_description":"ELAC Debut F5.3 zvu\u010dnik izvrsno reproducira duboke i sna\u017ene niske tonove, dok aluminijski visokotonac pru\u017ea izuzetnu jasno\u0107u i detalje visokih frekvencija.","og_url":"https:\/\/hd-multimedia.com\/sl\/trgovina\/elac-debut-f5-3\/","og_site_name":"hd-multimedia","article_modified_time":"2026-02-23T13:45:22+00:00","og_image":[{"width":900,"height":900,"url":"https:\/\/hd-multimedia.com\/hdm_media\/Debut-V3.1577-e1728893074505.webp","type":"image\/webp"}],"twitter_card":"summary_large_image","twitter_misc":{"Est. reading time":"1 minuta"},"schema":{"@context":"https:\/\/schema.org","@graph":[{"@type":"WebPage","@id":"https:\/\/hd-multimedia.com\/trgovina\/elac-debut-f5-3\/","url":"https:\/\/hd-multimedia.com\/trgovina\/elac-debut-f5-3\/","name":"ELAC Debut F5.3 (par) - hd-multimedia","isPartOf":{"@id":"https:\/\/hd-multimedia.com\/#website"},"datePublished":"2024-10-14T08:08:18+00:00","dateModified":"2026-02-23T13:45:22+00:00","description":"ELAC Debut F5.3 zvu\u010dnik izvrsno reproducira duboke i sna\u017ene niske tonove, dok aluminijski visokotonac pru\u017ea izuzetnu jasno\u0107u i detalje visokih frekvencija.","breadcrumb":{"@id":"https:\/\/hd-multimedia.com\/trgovina\/elac-debut-f5-3\/#breadcrumb"},"inLanguage":"sl-SI","potentialAction":[{"@type":"ReadAction","target":["https:\/\/hd-multimedia.com\/trgovina\/elac-debut-f5-3\/"]}]},{"@type":"BreadcrumbList","@id":"https:\/\/hd-multimedia.com\/trgovina\/elac-debut-f5-3\/#breadcrumb","itemListElement":[{"@type":"ListItem","position":1,"name":"Po\u010detna stranica","item":"https:\/\/hd-multimedia.com\/"},{"@type":"ListItem","position":2,"name":"Trgovina","item":"https:\/\/hd-multimedia.com\/trgovina\/"},{"@type":"ListItem","position":3,"name":"ELAC Debut F5.3 (par)"}]},{"@type":"WebSite","@id":"https:\/\/hd-multimedia.com\/#website","url":"https:\/\/hd-multimedia.com\/","name":"hd-multimedia","description":"","publisher":{"@id":"https:\/\/hd-multimedia.com\/#organization"},"potentialAction":[{"@type":"SearchAction","target":{"@type":"EntryPoint","urlTemplate":"https:\/\/hd-multimedia.com\/?s={search_term_string}"},"query-input":"required name=search_term_string"}],"inLanguage":"sl-SI"},{"@type":"Organization","@id":"https:\/\/hd-multimedia.com\/#organization","name":"hd-multimedia","url":"https:\/\/hd-multimedia.com\/","logo":{"@type":"ImageObject","inLanguage":"sl-SI","@id":"https:\/\/hd-multimedia.com\/#\/schema\/logo\/image\/","url":"https:\/\/hd-multimedia.com\/hdm_media\/HD-curves-ok-196-56px-alpha-1.png","contentUrl":"https:\/\/hd-multimedia.com\/hdm_media\/HD-curves-ok-196-56px-alpha-1.png","width":196,"height":53,"caption":"hd-multimedia"},"image":{"@id":"https:\/\/hd-multimedia.com\/#\/schema\/logo\/image\/"}}]}},"post_mailing_queue_ids":[],"_links":{"self":[{"href":"https:\/\/hd-multimedia.com\/sl\/wp-json\/wp\/v2\/product\/16925","targetHints":{"allow":["GET"]}}],"collection":[{"href":"https:\/\/hd-multimedia.com\/sl\/wp-json\/wp\/v2\/product"}],"about":[{"href":"https:\/\/hd-multimedia.com\/sl\/wp-json\/wp\/v2\/types\/product"}],"version-history":[{"count":7,"href":"https:\/\/hd-multimedia.com\/sl\/wp-json\/wp\/v2\/product\/16925\/revisions"}],"predecessor-version":[{"id":18339,"href":"https:\/\/hd-multimedia.com\/sl\/wp-json\/wp\/v2\/product\/16925\/revisions\/18339"}],"wp:featuredmedia":[{"embeddable":true,"href":"https:\/\/hd-multimedia.com\/sl\/wp-json\/wp\/v2\/media\/16926"}],"wp:attachment":[{"href":"https:\/\/hd-multimedia.com\/sl\/wp-json\/wp\/v2\/media?parent=16925"}],"curies":[{"name":"wp","href":"https:\/\/api.w.org\/{rel}","templated":true}]}}