{"id":16917,"date":"2024-10-14T07:41:40","date_gmt":"2024-10-14T07:41:40","guid":{"rendered":"https:\/\/hd-multimedia.com\/?post_type=product&#038;p=16917"},"modified":"2026-04-09T20:44:36","modified_gmt":"2026-04-09T20:44:36","slug":"elac-debut-b5-3","status":"publish","type":"product","link":"https:\/\/hd-multimedia.com\/sl\/trgovina\/elac-debut-b5-3\/","title":{"rendered":"ELAC Debut B5.3 (par)"},"content":{"rendered":"<p>ELAC Debut B5.3 ne zagotavlja le vrhunske zmogljivosti, ampak tudi izgleda odli\u010dno. Z elegantno \u010drno prevleko v kombinaciji z magnetnimi re\u0161etkami, ki omogo\u010dajo enostavno odstranitev brez vidnih pritrdilnih elementov, se zvo\u010dniki ELAC Debut B5.3 zlahka prilegajo vsakemu prostoru. Notranja oja\u010ditev dodatno zmanj\u0161a tresljaje in izbolj\u0161a kakovost zvoka, kompaktne dimenzije pa omogo\u010dajo enostavno namestitev v razli\u010dne prostore. Zaradi vseh teh lastnosti so idealna izbira za tiste, ki si \u017eelijo vrhunski zvok, moderen dizajn in dolgotrajno kakovost.<\/p>\n<ul>\n<li><strong>Vrsta zvo\u010dnika:<\/strong> 2-stezni, bas refleks<\/li>\n<li><strong>Frekven\u010dni odziv (-6 dB):<\/strong> 48 Hz do 38 kHz<\/li>\n<li><strong>Nazivna impedanca:<\/strong> 6 \u03a9<\/li>\n<li><strong>Ob\u010dutljivost (@ 2,83 V\/1m):<\/strong> 86,5 dB<\/li>\n<li><strong>Frekvenca lo\u010devanja:<\/strong> 1900 Hz<\/li>\n<li><strong>Priporo\u010dena mo\u010d oja\u010devalnika:<\/strong> 20-120 vatov<\/li>\n<li><strong>Kabinet:<\/strong> Ocena CARB2 16 mm MDF<\/li>\n<li><strong>Kon\u010dna obdelava:<\/strong> \u010crni hrast, satenasto \u010drna sprednja plo\u0161\u010da<\/li>\n<li><strong>vrata:<\/strong> Dual Flared<\/li>\n<li><strong>Vezava:<\/strong> 5-smerna kovina<\/li>\n<li><strong>\u0161irina:<\/strong>\u00a0 17,2 cm<\/li>\n<li><strong>Vi\u0161ina:<\/strong> 31,1 cm<\/li>\n<li><strong>Globina:<\/strong>\u00a0 26,7 cm<\/li>\n<li><strong>Neto te\u017ea:<\/strong>\u00a0 6,05 kg<\/li>\n<\/ul>\n<p>&nbsp;<\/p>","protected":false},"excerpt":{"rendered":"<p>Zvo\u010dniki ELAC Debut B5.3 Bookshelf zagotavljajo izbolj\u0161ano kakovost zvoka z novim nizkotoncem iz aramidnih vlaken, ki izstopa po svoji mo\u010di in vzdr\u017eljivosti. Ta material omogo\u010da natan\u010dno reprodukcijo nizkih tonov, zagotavlja globlje in bogatej\u0161e nizke tone, popolne za vse vrste glasbe in filmske u\u010dinke. Poleg tega so zvo\u010dniki opremljeni z enim samim aluminijastim visokotoncem, ki je znan po izjemni sposobnosti jasne in detajlne reprodukcije visokih tonov. Visokotonec je zaradi svoje aluminijaste konstrukcije lahek, a hkrati \u010dvrst, kar omogo\u010da hitro odzivnost in natan\u010dno sledenje vsem tanko\u010dutnostim zvoka, \u0161e posebej pri sodobnih dinami\u010dnih posnetkih.<\/p>\n<p>Cena velja za par (2 zvo\u010dnika)<\/p>\n<p><a href=\"https:\/\/www.elac.com\/db53-bk\" target=\"_blank\" rel=\"noopener\">Ostale informacije najdete na tej povezavi.<\/a><\/p>\n<p>&nbsp;<\/p>","protected":false},"featured_media":16920,"template":"","meta":{"site-sidebar-layout":"default","site-content-layout":"","ast-site-content-layout":"default","site-content-style":"default","site-sidebar-style":"default","ast-global-header-display":"","ast-banner-title-visibility":"","ast-main-header-display":"","ast-hfb-above-header-display":"","ast-hfb-below-header-display":"","ast-hfb-mobile-header-display":"","site-post-title":"","ast-breadcrumbs-content":"","ast-featured-img":"","footer-sml-layout":"","theme-transparent-header-meta":"default","adv-header-id-meta":"","stick-header-meta":"default","header-above-stick-meta":"","header-main-stick-meta":"","header-below-stick-meta":"","astra-migrate-meta-layouts":"set","ast-page-background-enabled":"default","ast-page-background-meta":{"desktop":{"background-color":"","background-image":"","background-repeat":"repeat","background-position":"center center","background-size":"auto","background-attachment":"scroll","background-type":"","background-media":"","overlay-type":"","overlay-color":"","overlay-opacity":"","overlay-gradient":""},"tablet":{"background-color":"","background-image":"","background-repeat":"repeat","background-position":"center center","background-size":"auto","background-attachment":"scroll","background-type":"","background-media":"","overlay-type":"","overlay-color":"","overlay-opacity":"","overlay-gradient":""},"mobile":{"background-color":"","background-image":"","background-repeat":"repeat","background-position":"center center","background-size":"auto","background-attachment":"scroll","background-type":"","background-media":"","overlay-type":"","overlay-color":"","overlay-opacity":"","overlay-gradient":""}},"ast-content-background-meta":{"desktop":{"background-color":"var(--ast-global-color-5)","background-image":"","background-repeat":"repeat","background-position":"center center","background-size":"auto","background-attachment":"scroll","background-type":"","background-media":"","overlay-type":"","overlay-color":"","overlay-opacity":"","overlay-gradient":""},"tablet":{"background-color":"var(--ast-global-color-5)","background-image":"","background-repeat":"repeat","background-position":"center center","background-size":"auto","background-attachment":"scroll","background-type":"","background-media":"","overlay-type":"","overlay-color":"","overlay-opacity":"","overlay-gradient":""},"mobile":{"background-color":"var(--ast-global-color-5)","background-image":"","background-repeat":"repeat","background-position":"center center","background-size":"auto","background-attachment":"scroll","background-type":"","background-media":"","overlay-type":"","overlay-color":"","overlay-opacity":"","overlay-gradient":""}}},"class_list":["post-16917","product","type-product","status-publish","has-post-thumbnail","hentry","product_cat-pasivne-zvucne-kutije","product_cat-elac","product_tag-novi-modeli-elac","desktop-align-center","tablet-align-center","mobile-align-center","ast-product-gallery-layout-horizontal","ast-magnify-disabled","ast-product-single-variable","ast-product-tabs-layout-horizontal"],"yoast_head":"<!-- This site is optimized with the Yoast SEO plugin v21.4 - https:\/\/yoast.com\/wordpress\/plugins\/seo\/ -->\n<title>ELAC Debut B5.3 (par) - hd-multimedia<\/title>\n<meta name=\"description\" content=\"ELAC Debut B5.3 zvu\u010dnici lako se uklapaju u svaki prostor. Unutarnje oja\u010danje dodatno smanjuje vibracije i pobolj\u0161ava kvalitetu zvuka.\" \/>\n<meta name=\"robots\" content=\"index, follow, max-snippet:-1, max-image-preview:large, max-video-preview:-1\" \/>\n<link rel=\"canonical\" href=\"https:\/\/hd-multimedia.com\/sl\/trgovina\/elac-debut-b5-3\/\" \/>\n<meta property=\"og:locale\" content=\"sl_SI\" \/>\n<meta property=\"og:type\" content=\"article\" \/>\n<meta property=\"og:title\" content=\"ELAC Debut B5.3 (par) - hd-multimedia\" \/>\n<meta property=\"og:description\" content=\"ELAC Debut B5.3 zvu\u010dnici lako se uklapaju u svaki prostor. Unutarnje oja\u010danje dodatno smanjuje vibracije i pobolj\u0161ava kvalitetu zvuka.\" \/>\n<meta property=\"og:url\" content=\"https:\/\/hd-multimedia.com\/sl\/trgovina\/elac-debut-b5-3\/\" \/>\n<meta property=\"og:site_name\" content=\"hd-multimedia\" \/>\n<meta property=\"article:modified_time\" content=\"2026-04-09T20:44:36+00:00\" \/>\n<meta property=\"og:image\" content=\"https:\/\/hd-multimedia.com\/hdm_media\/Debut-V3.1570_1-e1728892134131.webp\" \/>\n\t<meta property=\"og:image:width\" content=\"900\" \/>\n\t<meta property=\"og:image:height\" content=\"900\" \/>\n\t<meta property=\"og:image:type\" content=\"image\/webp\" \/>\n<meta name=\"twitter:card\" content=\"summary_large_image\" \/>\n<meta name=\"twitter:label1\" content=\"Est. reading time\" \/>\n\t<meta name=\"twitter:data1\" content=\"1 minuta\" \/>\n<script type=\"application\/ld+json\" class=\"yoast-schema-graph\">{\"@context\":\"https:\/\/schema.org\",\"@graph\":[{\"@type\":\"WebPage\",\"@id\":\"https:\/\/hd-multimedia.com\/trgovina\/elac-debut-b5-3\/\",\"url\":\"https:\/\/hd-multimedia.com\/trgovina\/elac-debut-b5-3\/\",\"name\":\"ELAC Debut B5.3 (par) - hd-multimedia\",\"isPartOf\":{\"@id\":\"https:\/\/hd-multimedia.com\/#website\"},\"datePublished\":\"2024-10-14T07:41:40+00:00\",\"dateModified\":\"2026-04-09T20:44:36+00:00\",\"description\":\"ELAC Debut B5.3 zvu\u010dnici lako se uklapaju u svaki prostor. Unutarnje oja\u010danje dodatno smanjuje vibracije i pobolj\u0161ava kvalitetu zvuka.\",\"breadcrumb\":{\"@id\":\"https:\/\/hd-multimedia.com\/trgovina\/elac-debut-b5-3\/#breadcrumb\"},\"inLanguage\":\"sl-SI\",\"potentialAction\":[{\"@type\":\"ReadAction\",\"target\":[\"https:\/\/hd-multimedia.com\/trgovina\/elac-debut-b5-3\/\"]}]},{\"@type\":\"BreadcrumbList\",\"@id\":\"https:\/\/hd-multimedia.com\/trgovina\/elac-debut-b5-3\/#breadcrumb\",\"itemListElement\":[{\"@type\":\"ListItem\",\"position\":1,\"name\":\"Po\u010detna stranica\",\"item\":\"https:\/\/hd-multimedia.com\/\"},{\"@type\":\"ListItem\",\"position\":2,\"name\":\"Trgovina\",\"item\":\"https:\/\/hd-multimedia.com\/trgovina\/\"},{\"@type\":\"ListItem\",\"position\":3,\"name\":\"ELAC Debut B5.3 (par)\"}]},{\"@type\":\"WebSite\",\"@id\":\"https:\/\/hd-multimedia.com\/#website\",\"url\":\"https:\/\/hd-multimedia.com\/\",\"name\":\"hd-multimedia\",\"description\":\"\",\"publisher\":{\"@id\":\"https:\/\/hd-multimedia.com\/#organization\"},\"potentialAction\":[{\"@type\":\"SearchAction\",\"target\":{\"@type\":\"EntryPoint\",\"urlTemplate\":\"https:\/\/hd-multimedia.com\/?s={search_term_string}\"},\"query-input\":\"required name=search_term_string\"}],\"inLanguage\":\"sl-SI\"},{\"@type\":\"Organization\",\"@id\":\"https:\/\/hd-multimedia.com\/#organization\",\"name\":\"hd-multimedia\",\"url\":\"https:\/\/hd-multimedia.com\/\",\"logo\":{\"@type\":\"ImageObject\",\"inLanguage\":\"sl-SI\",\"@id\":\"https:\/\/hd-multimedia.com\/#\/schema\/logo\/image\/\",\"url\":\"https:\/\/hd-multimedia.com\/hdm_media\/HD-curves-ok-196-56px-alpha-1.png\",\"contentUrl\":\"https:\/\/hd-multimedia.com\/hdm_media\/HD-curves-ok-196-56px-alpha-1.png\",\"width\":196,\"height\":53,\"caption\":\"hd-multimedia\"},\"image\":{\"@id\":\"https:\/\/hd-multimedia.com\/#\/schema\/logo\/image\/\"}}]}<\/script>\n<!-- \/ Yoast SEO plugin. -->","yoast_head_json":{"title":"ELAC Debut B5.3 (par) - hd-multimedia","description":"ELAC Debut B5.3 zvu\u010dnici lako se uklapaju u svaki prostor. Unutarnje oja\u010danje dodatno smanjuje vibracije i pobolj\u0161ava kvalitetu zvuka.","robots":{"index":"index","follow":"follow","max-snippet":"max-snippet:-1","max-image-preview":"max-image-preview:large","max-video-preview":"max-video-preview:-1"},"canonical":"https:\/\/hd-multimedia.com\/sl\/trgovina\/elac-debut-b5-3\/","og_locale":"sl_SI","og_type":"article","og_title":"ELAC Debut B5.3 (par) - hd-multimedia","og_description":"ELAC Debut B5.3 zvu\u010dnici lako se uklapaju u svaki prostor. Unutarnje oja\u010danje dodatno smanjuje vibracije i pobolj\u0161ava kvalitetu zvuka.","og_url":"https:\/\/hd-multimedia.com\/sl\/trgovina\/elac-debut-b5-3\/","og_site_name":"hd-multimedia","article_modified_time":"2026-04-09T20:44:36+00:00","og_image":[{"width":900,"height":900,"url":"https:\/\/hd-multimedia.com\/hdm_media\/Debut-V3.1570_1-e1728892134131.webp","type":"image\/webp"}],"twitter_card":"summary_large_image","twitter_misc":{"Est. reading time":"1 minuta"},"schema":{"@context":"https:\/\/schema.org","@graph":[{"@type":"WebPage","@id":"https:\/\/hd-multimedia.com\/trgovina\/elac-debut-b5-3\/","url":"https:\/\/hd-multimedia.com\/trgovina\/elac-debut-b5-3\/","name":"ELAC Debut B5.3 (par) - hd-multimedia","isPartOf":{"@id":"https:\/\/hd-multimedia.com\/#website"},"datePublished":"2024-10-14T07:41:40+00:00","dateModified":"2026-04-09T20:44:36+00:00","description":"ELAC Debut B5.3 zvu\u010dnici lako se uklapaju u svaki prostor. Unutarnje oja\u010danje dodatno smanjuje vibracije i pobolj\u0161ava kvalitetu zvuka.","breadcrumb":{"@id":"https:\/\/hd-multimedia.com\/trgovina\/elac-debut-b5-3\/#breadcrumb"},"inLanguage":"sl-SI","potentialAction":[{"@type":"ReadAction","target":["https:\/\/hd-multimedia.com\/trgovina\/elac-debut-b5-3\/"]}]},{"@type":"BreadcrumbList","@id":"https:\/\/hd-multimedia.com\/trgovina\/elac-debut-b5-3\/#breadcrumb","itemListElement":[{"@type":"ListItem","position":1,"name":"Po\u010detna stranica","item":"https:\/\/hd-multimedia.com\/"},{"@type":"ListItem","position":2,"name":"Trgovina","item":"https:\/\/hd-multimedia.com\/trgovina\/"},{"@type":"ListItem","position":3,"name":"ELAC Debut B5.3 (par)"}]},{"@type":"WebSite","@id":"https:\/\/hd-multimedia.com\/#website","url":"https:\/\/hd-multimedia.com\/","name":"hd-multimedia","description":"","publisher":{"@id":"https:\/\/hd-multimedia.com\/#organization"},"potentialAction":[{"@type":"SearchAction","target":{"@type":"EntryPoint","urlTemplate":"https:\/\/hd-multimedia.com\/?s={search_term_string}"},"query-input":"required name=search_term_string"}],"inLanguage":"sl-SI"},{"@type":"Organization","@id":"https:\/\/hd-multimedia.com\/#organization","name":"hd-multimedia","url":"https:\/\/hd-multimedia.com\/","logo":{"@type":"ImageObject","inLanguage":"sl-SI","@id":"https:\/\/hd-multimedia.com\/#\/schema\/logo\/image\/","url":"https:\/\/hd-multimedia.com\/hdm_media\/HD-curves-ok-196-56px-alpha-1.png","contentUrl":"https:\/\/hd-multimedia.com\/hdm_media\/HD-curves-ok-196-56px-alpha-1.png","width":196,"height":53,"caption":"hd-multimedia"},"image":{"@id":"https:\/\/hd-multimedia.com\/#\/schema\/logo\/image\/"}}]}},"post_mailing_queue_ids":[],"_links":{"self":[{"href":"https:\/\/hd-multimedia.com\/sl\/wp-json\/wp\/v2\/product\/16917","targetHints":{"allow":["GET"]}}],"collection":[{"href":"https:\/\/hd-multimedia.com\/sl\/wp-json\/wp\/v2\/product"}],"about":[{"href":"https:\/\/hd-multimedia.com\/sl\/wp-json\/wp\/v2\/types\/product"}],"version-history":[{"count":9,"href":"https:\/\/hd-multimedia.com\/sl\/wp-json\/wp\/v2\/product\/16917\/revisions"}],"predecessor-version":[{"id":18340,"href":"https:\/\/hd-multimedia.com\/sl\/wp-json\/wp\/v2\/product\/16917\/revisions\/18340"}],"wp:featuredmedia":[{"embeddable":true,"href":"https:\/\/hd-multimedia.com\/sl\/wp-json\/wp\/v2\/media\/16920"}],"wp:attachment":[{"href":"https:\/\/hd-multimedia.com\/sl\/wp-json\/wp\/v2\/media?parent=16917"}],"curies":[{"name":"wp","href":"https:\/\/api.w.org\/{rel}","templated":true}]}}