{"id":16880,"date":"2024-10-02T08:05:18","date_gmt":"2024-10-02T08:05:18","guid":{"rendered":"https:\/\/hd-multimedia.com\/?post_type=product&#038;p=16880"},"modified":"2024-10-03T12:34:58","modified_gmt":"2024-10-03T12:34:58","slug":"cayin-cs-100a-kt88","status":"publish","type":"product","link":"https:\/\/hd-multimedia.com\/sl\/trgovina\/cayin-cs-100a-kt88\/","title":{"rendered":"Cayin CS-100A (KT88)"},"content":{"rendered":"<div class=\"flex-shrink-0 flex flex-col relative items-end\">\n<div>\n<div class=\"pt-0\">\n<div class=\"gizmo-bot-avatar flex h-8 w-8 items-center justify-center overflow-hidden rounded-full\">\n<div class=\"relative p-1 rounded-sm flex items-center justify-center bg-token-main-surface-primary text-token-text-primary h-8 w-8\"><span style=\"font-size: 16px\">Vrsta naprave: integrirani oja\u010devalnik s konfiguracijama Triode in Ultralinear<\/span><\/div>\n<\/div>\n<\/div>\n<\/div>\n<\/div>\n<div class=\"group\/conversation-turn relative flex w-full min-w-0 flex-col agent-turn\">\n<div class=\"flex-col gap-1 md:gap-3\">\n<div class=\"flex max-w-full flex-col flex-grow\">\n<div class=\"min-h-8 text-message flex w-full flex-col items-end gap-2 whitespace-normal break-words [.text-message+&amp;]:mt-5\" dir=\"auto\" data-message-author-role=\"assistant\" data-message-id=\"99ffc29e-3e27-40b6-9f01-08ed4c16570f\">\n<div class=\"flex w-full flex-col gap-1 empty:hidden first:pt-[3px]\">\n<div class=\"markdown prose w-full break-words dark:prose-invert dark\">\n<p>Frekven\u010dni odziv: 8Hz-75kHz (-3dB)<br \/>\nSkupno harmoni\u010dno popa\u010denje (THD): 1% (1kHz)<br \/>\nRazmerje med signalom in \u0161umom: 92 dB<br \/>\nVhodna impedanca: 100K<br \/>\nVhodna ob\u010dutljivost: 450 mV line-in, 1300 mV pred-in<br \/>\nCevi: 6SN7 \u00d7 1, 12BH7EH \u00d7 2, 12AU7EH \u00d7 2, KT88 \u00d7 8<br \/>\nVhodi: Line 1, Line 2, Line 3, Pre-In<br \/>\nVezje: Razred A \/ B<br \/>\nBarva ohi\u0161ja: antracitno kovinska<br \/>\nSprednja plo\u0161\u010da: srebrna ali \u010drna<br \/>\nVezje: Razred A \/ B<br \/>\nIzhodna mo\u010d (RMS) na 4 in 8: KT88: 50 W + 50 W Triode, 80 W + 80 W Ultralinear<br \/>\nMaksimalna poraba energije: 480W<br \/>\nDimenzije (\u0160 x G x V): 420 mm \u00d7 394 mm \u00d7 200 mm<br \/>\nTe\u017ea: 30 kg<br \/>\nOprema: Daljinski upravljalnik, integriran merilnik pristranskosti<\/p>\n<\/div>\n<\/div>\n<\/div>\n<\/div>\n<\/div>\n<\/div>","protected":false},"excerpt":{"rendered":"<p>Novi dvojni cevni oja\u010devalnik Cayin Audio CS-100A zagotavlja 80 vatov na kanal v ultralinearnem na\u010dinu razreda AB in 50 vatov na kanal v triodnem na\u010dinu. Zasnovan za prilagodljivost, ima vgrajen merilnik prednapetosti in lahko deluje z elektronkami dru\u017eine KT-88 ali EL, ki so povezane prek notranje srebrne \u017eice za optimalno delovanje. Oja\u010devalnik uporablja cev 6SN7 za oja\u010danje napetosti, 12AU7EH za fazno inverzijo in oja\u010danje napetosti ter 12BH7EH za krmilne stopnje z izhodnimi ventili KT-88 ali EL-34. Mehak zagon vezja \u0161\u010diti notranje komponente in podalj\u0161uje \u017eivljenjsko dobo cevi, medtem ko vrhunske komponente, kot so visokokakovosten nadzor glasnosti Alps, zvo\u010dni kondenzatorji, upori iz ogljikovega filma in mo\u010dni transformatorji, zagotavljajo vrhunsko kakovost zvoka in dolgo \u017eivljenjsko dobo.<\/p>\n<p><a href=\"https:\/\/en.cayin.cn\/features\/8\/57\/73\/360.html\" target=\"_blank\" rel=\"noopener\">Povezava za dodatne informacije o izdelku!<\/a><\/p>","protected":false},"featured_media":16889,"template":"","meta":{"site-sidebar-layout":"default","site-content-layout":"","ast-site-content-layout":"default","site-content-style":"default","site-sidebar-style":"default","ast-global-header-display":"","ast-banner-title-visibility":"","ast-main-header-display":"","ast-hfb-above-header-display":"","ast-hfb-below-header-display":"","ast-hfb-mobile-header-display":"","site-post-title":"","ast-breadcrumbs-content":"","ast-featured-img":"","footer-sml-layout":"","theme-transparent-header-meta":"default","adv-header-id-meta":"","stick-header-meta":"default","header-above-stick-meta":"","header-main-stick-meta":"","header-below-stick-meta":"","astra-migrate-meta-layouts":"set","ast-page-background-enabled":"default","ast-page-background-meta":{"desktop":{"background-color":"","background-image":"","background-repeat":"repeat","background-position":"center center","background-size":"auto","background-attachment":"scroll","background-type":"","background-media":"","overlay-type":"","overlay-color":"","overlay-opacity":"","overlay-gradient":""},"tablet":{"background-color":"","background-image":"","background-repeat":"repeat","background-position":"center center","background-size":"auto","background-attachment":"scroll","background-type":"","background-media":"","overlay-type":"","overlay-color":"","overlay-opacity":"","overlay-gradient":""},"mobile":{"background-color":"","background-image":"","background-repeat":"repeat","background-position":"center center","background-size":"auto","background-attachment":"scroll","background-type":"","background-media":"","overlay-type":"","overlay-color":"","overlay-opacity":"","overlay-gradient":""}},"ast-content-background-meta":{"desktop":{"background-color":"var(--ast-global-color-5)","background-image":"","background-repeat":"repeat","background-position":"center center","background-size":"auto","background-attachment":"scroll","background-type":"","background-media":"","overlay-type":"","overlay-color":"","overlay-opacity":"","overlay-gradient":""},"tablet":{"background-color":"var(--ast-global-color-5)","background-image":"","background-repeat":"repeat","background-position":"center center","background-size":"auto","background-attachment":"scroll","background-type":"","background-media":"","overlay-type":"","overlay-color":"","overlay-opacity":"","overlay-gradient":""},"mobile":{"background-color":"var(--ast-global-color-5)","background-image":"","background-repeat":"repeat","background-position":"center center","background-size":"auto","background-attachment":"scroll","background-type":"","background-media":"","overlay-type":"","overlay-color":"","overlay-opacity":"","overlay-gradient":""}}},"class_list":["post-16880","product","type-product","status-publish","has-post-thumbnail","hentry","product_cat-cayin","product_cat-integrirana-pojacala","desktop-align-center","tablet-align-center","mobile-align-center","ast-product-gallery-layout-horizontal","ast-magnify-disabled","ast-product-tabs-layout-horizontal"],"yoast_head":"<!-- This site is optimized with the Yoast SEO plugin v21.4 - https:\/\/yoast.com\/wordpress\/plugins\/seo\/ -->\n<title>Cayin CS-100A (KT88) - hd-multimedia<\/title>\n<meta name=\"description\" content=\"Novi Cayin Audio CS-100A cijevni poja\u010dalo s dvostrukim na\u010dinom rada pru\u017ea 80 vata po kanalu u Class AB Ultra-linear modu i 50 vata po kanalu u triode modu.\" \/>\n<meta name=\"robots\" content=\"index, follow, max-snippet:-1, max-image-preview:large, max-video-preview:-1\" \/>\n<link rel=\"canonical\" href=\"https:\/\/hd-multimedia.com\/sl\/trgovina\/cayin-cs-100a-kt88\/\" \/>\n<meta property=\"og:locale\" content=\"sl_SI\" \/>\n<meta property=\"og:type\" content=\"article\" \/>\n<meta property=\"og:title\" content=\"Cayin CS-100A (KT88) - hd-multimedia\" \/>\n<meta property=\"og:description\" content=\"Novi Cayin Audio CS-100A cijevni poja\u010dalo s dvostrukim na\u010dinom rada pru\u017ea 80 vata po kanalu u Class AB Ultra-linear modu i 50 vata po kanalu u triode modu.\" \/>\n<meta property=\"og:url\" content=\"https:\/\/hd-multimedia.com\/sl\/trgovina\/cayin-cs-100a-kt88\/\" \/>\n<meta property=\"og:site_name\" content=\"hd-multimedia\" \/>\n<meta property=\"article:modified_time\" content=\"2024-10-03T12:34:58+00:00\" \/>\n<meta property=\"og:image\" content=\"https:\/\/hd-multimedia.com\/hdm_media\/1640240707363652.png\" \/>\n\t<meta property=\"og:image:width\" content=\"800\" \/>\n\t<meta property=\"og:image:height\" content=\"707\" \/>\n\t<meta property=\"og:image:type\" content=\"image\/png\" \/>\n<meta name=\"twitter:card\" content=\"summary_large_image\" \/>\n<meta name=\"twitter:label1\" content=\"Est. reading time\" \/>\n\t<meta name=\"twitter:data1\" content=\"1 minuta\" \/>\n<script type=\"application\/ld+json\" class=\"yoast-schema-graph\">{\"@context\":\"https:\/\/schema.org\",\"@graph\":[{\"@type\":\"WebPage\",\"@id\":\"https:\/\/hd-multimedia.com\/trgovina\/cayin-cs-100a-kt88\/\",\"url\":\"https:\/\/hd-multimedia.com\/trgovina\/cayin-cs-100a-kt88\/\",\"name\":\"Cayin CS-100A (KT88) - hd-multimedia\",\"isPartOf\":{\"@id\":\"https:\/\/hd-multimedia.com\/#website\"},\"datePublished\":\"2024-10-02T08:05:18+00:00\",\"dateModified\":\"2024-10-03T12:34:58+00:00\",\"description\":\"Novi Cayin Audio CS-100A cijevni poja\u010dalo s dvostrukim na\u010dinom rada pru\u017ea 80 vata po kanalu u Class AB Ultra-linear modu i 50 vata po kanalu u triode modu.\",\"breadcrumb\":{\"@id\":\"https:\/\/hd-multimedia.com\/trgovina\/cayin-cs-100a-kt88\/#breadcrumb\"},\"inLanguage\":\"sl-SI\",\"potentialAction\":[{\"@type\":\"ReadAction\",\"target\":[\"https:\/\/hd-multimedia.com\/trgovina\/cayin-cs-100a-kt88\/\"]}]},{\"@type\":\"BreadcrumbList\",\"@id\":\"https:\/\/hd-multimedia.com\/trgovina\/cayin-cs-100a-kt88\/#breadcrumb\",\"itemListElement\":[{\"@type\":\"ListItem\",\"position\":1,\"name\":\"Po\u010detna stranica\",\"item\":\"https:\/\/hd-multimedia.com\/\"},{\"@type\":\"ListItem\",\"position\":2,\"name\":\"Trgovina\",\"item\":\"https:\/\/hd-multimedia.com\/trgovina\/\"},{\"@type\":\"ListItem\",\"position\":3,\"name\":\"Cayin CS-100A (KT88)\"}]},{\"@type\":\"WebSite\",\"@id\":\"https:\/\/hd-multimedia.com\/#website\",\"url\":\"https:\/\/hd-multimedia.com\/\",\"name\":\"hd-multimedia\",\"description\":\"\",\"publisher\":{\"@id\":\"https:\/\/hd-multimedia.com\/#organization\"},\"potentialAction\":[{\"@type\":\"SearchAction\",\"target\":{\"@type\":\"EntryPoint\",\"urlTemplate\":\"https:\/\/hd-multimedia.com\/?s={search_term_string}\"},\"query-input\":\"required name=search_term_string\"}],\"inLanguage\":\"sl-SI\"},{\"@type\":\"Organization\",\"@id\":\"https:\/\/hd-multimedia.com\/#organization\",\"name\":\"hd-multimedia\",\"url\":\"https:\/\/hd-multimedia.com\/\",\"logo\":{\"@type\":\"ImageObject\",\"inLanguage\":\"sl-SI\",\"@id\":\"https:\/\/hd-multimedia.com\/#\/schema\/logo\/image\/\",\"url\":\"https:\/\/hd-multimedia.com\/hdm_media\/HD-curves-ok-196-56px-alpha-1.png\",\"contentUrl\":\"https:\/\/hd-multimedia.com\/hdm_media\/HD-curves-ok-196-56px-alpha-1.png\",\"width\":196,\"height\":53,\"caption\":\"hd-multimedia\"},\"image\":{\"@id\":\"https:\/\/hd-multimedia.com\/#\/schema\/logo\/image\/\"}}]}<\/script>\n<!-- \/ Yoast SEO plugin. -->","yoast_head_json":{"title":"Cayin CS-100A (KT88) - hd-multimedia","description":"Novi Cayin Audio CS-100A cijevni poja\u010dalo s dvostrukim na\u010dinom rada pru\u017ea 80 vata po kanalu u Class AB Ultra-linear modu i 50 vata po kanalu u triode modu.","robots":{"index":"index","follow":"follow","max-snippet":"max-snippet:-1","max-image-preview":"max-image-preview:large","max-video-preview":"max-video-preview:-1"},"canonical":"https:\/\/hd-multimedia.com\/sl\/trgovina\/cayin-cs-100a-kt88\/","og_locale":"sl_SI","og_type":"article","og_title":"Cayin CS-100A (KT88) - hd-multimedia","og_description":"Novi Cayin Audio CS-100A cijevni poja\u010dalo s dvostrukim na\u010dinom rada pru\u017ea 80 vata po kanalu u Class AB Ultra-linear modu i 50 vata po kanalu u triode modu.","og_url":"https:\/\/hd-multimedia.com\/sl\/trgovina\/cayin-cs-100a-kt88\/","og_site_name":"hd-multimedia","article_modified_time":"2024-10-03T12:34:58+00:00","og_image":[{"width":800,"height":707,"url":"https:\/\/hd-multimedia.com\/hdm_media\/1640240707363652.png","type":"image\/png"}],"twitter_card":"summary_large_image","twitter_misc":{"Est. reading time":"1 minuta"},"schema":{"@context":"https:\/\/schema.org","@graph":[{"@type":"WebPage","@id":"https:\/\/hd-multimedia.com\/trgovina\/cayin-cs-100a-kt88\/","url":"https:\/\/hd-multimedia.com\/trgovina\/cayin-cs-100a-kt88\/","name":"Cayin CS-100A (KT88) - hd-multimedia","isPartOf":{"@id":"https:\/\/hd-multimedia.com\/#website"},"datePublished":"2024-10-02T08:05:18+00:00","dateModified":"2024-10-03T12:34:58+00:00","description":"Novi Cayin Audio CS-100A cijevni poja\u010dalo s dvostrukim na\u010dinom rada pru\u017ea 80 vata po kanalu u Class AB Ultra-linear modu i 50 vata po kanalu u triode modu.","breadcrumb":{"@id":"https:\/\/hd-multimedia.com\/trgovina\/cayin-cs-100a-kt88\/#breadcrumb"},"inLanguage":"sl-SI","potentialAction":[{"@type":"ReadAction","target":["https:\/\/hd-multimedia.com\/trgovina\/cayin-cs-100a-kt88\/"]}]},{"@type":"BreadcrumbList","@id":"https:\/\/hd-multimedia.com\/trgovina\/cayin-cs-100a-kt88\/#breadcrumb","itemListElement":[{"@type":"ListItem","position":1,"name":"Po\u010detna stranica","item":"https:\/\/hd-multimedia.com\/"},{"@type":"ListItem","position":2,"name":"Trgovina","item":"https:\/\/hd-multimedia.com\/trgovina\/"},{"@type":"ListItem","position":3,"name":"Cayin CS-100A (KT88)"}]},{"@type":"WebSite","@id":"https:\/\/hd-multimedia.com\/#website","url":"https:\/\/hd-multimedia.com\/","name":"hd-multimedia","description":"","publisher":{"@id":"https:\/\/hd-multimedia.com\/#organization"},"potentialAction":[{"@type":"SearchAction","target":{"@type":"EntryPoint","urlTemplate":"https:\/\/hd-multimedia.com\/?s={search_term_string}"},"query-input":"required name=search_term_string"}],"inLanguage":"sl-SI"},{"@type":"Organization","@id":"https:\/\/hd-multimedia.com\/#organization","name":"hd-multimedia","url":"https:\/\/hd-multimedia.com\/","logo":{"@type":"ImageObject","inLanguage":"sl-SI","@id":"https:\/\/hd-multimedia.com\/#\/schema\/logo\/image\/","url":"https:\/\/hd-multimedia.com\/hdm_media\/HD-curves-ok-196-56px-alpha-1.png","contentUrl":"https:\/\/hd-multimedia.com\/hdm_media\/HD-curves-ok-196-56px-alpha-1.png","width":196,"height":53,"caption":"hd-multimedia"},"image":{"@id":"https:\/\/hd-multimedia.com\/#\/schema\/logo\/image\/"}}]}},"post_mailing_queue_ids":[],"_links":{"self":[{"href":"https:\/\/hd-multimedia.com\/sl\/wp-json\/wp\/v2\/product\/16880","targetHints":{"allow":["GET"]}}],"collection":[{"href":"https:\/\/hd-multimedia.com\/sl\/wp-json\/wp\/v2\/product"}],"about":[{"href":"https:\/\/hd-multimedia.com\/sl\/wp-json\/wp\/v2\/types\/product"}],"version-history":[{"count":5,"href":"https:\/\/hd-multimedia.com\/sl\/wp-json\/wp\/v2\/product\/16880\/revisions"}],"predecessor-version":[{"id":16893,"href":"https:\/\/hd-multimedia.com\/sl\/wp-json\/wp\/v2\/product\/16880\/revisions\/16893"}],"wp:featuredmedia":[{"embeddable":true,"href":"https:\/\/hd-multimedia.com\/sl\/wp-json\/wp\/v2\/media\/16889"}],"wp:attachment":[{"href":"https:\/\/hd-multimedia.com\/sl\/wp-json\/wp\/v2\/media?parent=16880"}],"curies":[{"name":"wp","href":"https:\/\/api.w.org\/{rel}","templated":true}]}}