{"id":16775,"date":"2024-09-26T13:55:48","date_gmt":"2024-09-26T13:55:48","guid":{"rendered":"https:\/\/hd-multimedia.com\/?post_type=product&#038;p=16775"},"modified":"2025-04-15T10:01:25","modified_gmt":"2025-04-15T10:01:25","slug":"fiio-fh19","status":"publish","type":"product","link":"https:\/\/hd-multimedia.com\/sl\/trgovina\/fiio-fh19\/","title":{"rendered":"FiiO FH19"},"content":{"rendered":"<p>FiiO FH19 je standardno opremljen s kablom iz \u010distega srebra visoke \u010distosti. Vsak od 8 pramenov je sestavljen iz 28 \u017eic, kar pomeni skupno 224 \u017eic.<\/p>\n<p>Podpira 3,5\/4,4 mm \u010depe in ima podalj\u0161ane MMCX \u010depe iz nerjave\u010dega jekla.<\/p>\n<p>FH19 je opremljen z 22 pari u\u0161esnih nastavkov razli\u010dnih oblik in velikosti, ki vam zagotavljajo udobno izku\u0161njo poslu\u0161anja.<\/p>\n<p>Tehni\u010dni podatki:<\/p>\n<p>Frekven\u010dni odziv: 8Hz-40kHz<br \/>\nImpedanca: 16\u03a9@1kHz<br \/>\nOb\u010dutljivost: 109dB\/mW@1kHz<br \/>\nVrsta kabla: 8 \u017eic s skupno 224 \u017eicami iz \u010distega srebra visoke \u010distosti<br \/>\nDol\u017eina kabla: pribli\u017eno 1,2 m<br \/>\nTe\u017ea slu\u0161alke: pribli\u017eno 12 g (brez kabla)<br \/>\nPriklju\u010dek za slu\u0161alke: Extended MMCX<br \/>\nAvdio vti\u010d: Ravni vti\u010d z zaklepom<\/p>","protected":false},"excerpt":{"rendered":"<p>Novi FIIO FH19 je opremljen z dvema 13,7 mm dinami\u010dnima gonilnikoma in \u0161estimi uravnote\u017eenimi armaturnimi gonilniki. Bas se reproducira s popolnoma novo potisno-vle\u010dno dvojno dinami\u010dno pogonsko enoto, ki je bila razvita v sodelovanju s Tokyo Onkyo Ltd. na Japonskem. Ta gonilnik je bistveno izbolj\u0161al raztezanje, kohezijo in hitrost v nizkofrekven\u010dnem obmo\u010dju. Srednje do visoke frekvence urejajo posebej ugla\u0161eni, izbolj\u0161ani Knowles Balanced Armature srednjetonci, ki dosegajo ve\u010djo gostoto zvo\u010dne energije za bogate in ob\u010dutljive vokale, ki so \u010dudovito muzikalni brez \u017ertvovanja podrobnosti. V primerjavi s tipi\u010dnimi dinami\u010dnimi zvo\u010dniki potrebujejo dvojni dinami\u010dni potisni in vle\u010dni zvo\u010dniki le polovico amplitude, da dose\u017eejo ciljno raven zvo\u010dnega tlaka. Posledica tega je manj\u0161e odstopanje sto\u017eca, kar bistveno izbolj\u0161a zmogljivost linearnega pogona in dodatno zmanj\u0161a intermodulacijsko popa\u010denje, kar pogonski enoti omogo\u010da, da zagotavlja \u010distej\u0161i zvok.<\/p>\n<p><a href=\"https:\/\/www.fiio.com\/fh19\" target=\"_blank\" rel=\"noopener\">Povezava za dodatne informacije o izdelku!<\/a><\/p>","protected":false},"featured_media":16786,"template":"","meta":{"site-sidebar-layout":"default","site-content-layout":"","ast-site-content-layout":"default","site-content-style":"default","site-sidebar-style":"default","ast-global-header-display":"","ast-banner-title-visibility":"","ast-main-header-display":"","ast-hfb-above-header-display":"","ast-hfb-below-header-display":"","ast-hfb-mobile-header-display":"","site-post-title":"","ast-breadcrumbs-content":"","ast-featured-img":"","footer-sml-layout":"","theme-transparent-header-meta":"default","adv-header-id-meta":"","stick-header-meta":"default","header-above-stick-meta":"","header-main-stick-meta":"","header-below-stick-meta":"","astra-migrate-meta-layouts":"set","ast-page-background-enabled":"default","ast-page-background-meta":{"desktop":{"background-color":"","background-image":"","background-repeat":"repeat","background-position":"center center","background-size":"auto","background-attachment":"scroll","background-type":"","background-media":"","overlay-type":"","overlay-color":"","overlay-opacity":"","overlay-gradient":""},"tablet":{"background-color":"","background-image":"","background-repeat":"repeat","background-position":"center center","background-size":"auto","background-attachment":"scroll","background-type":"","background-media":"","overlay-type":"","overlay-color":"","overlay-opacity":"","overlay-gradient":""},"mobile":{"background-color":"","background-image":"","background-repeat":"repeat","background-position":"center center","background-size":"auto","background-attachment":"scroll","background-type":"","background-media":"","overlay-type":"","overlay-color":"","overlay-opacity":"","overlay-gradient":""}},"ast-content-background-meta":{"desktop":{"background-color":"var(--ast-global-color-5)","background-image":"","background-repeat":"repeat","background-position":"center center","background-size":"auto","background-attachment":"scroll","background-type":"","background-media":"","overlay-type":"","overlay-color":"","overlay-opacity":"","overlay-gradient":""},"tablet":{"background-color":"var(--ast-global-color-5)","background-image":"","background-repeat":"repeat","background-position":"center center","background-size":"auto","background-attachment":"scroll","background-type":"","background-media":"","overlay-type":"","overlay-color":"","overlay-opacity":"","overlay-gradient":""},"mobile":{"background-color":"var(--ast-global-color-5)","background-image":"","background-repeat":"repeat","background-position":"center center","background-size":"auto","background-attachment":"scroll","background-type":"","background-media":"","overlay-type":"","overlay-color":"","overlay-opacity":"","overlay-gradient":""}}},"class_list":["post-16775","product","type-product","status-publish","has-post-thumbnail","hentry","product_cat-usne-slusalice-iem","product_cat-fiio","desktop-align-center","tablet-align-center","mobile-align-center","ast-product-gallery-layout-horizontal","ast-magnify-disabled","ast-product-tabs-layout-horizontal"],"yoast_head":"<!-- This site is optimized with the Yoast SEO plugin v21.4 - https:\/\/yoast.com\/wordpress\/plugins\/seo\/ -->\n<title>FiiO FH19 - hd-multimedia<\/title>\n<meta name=\"description\" content=\"Novi FIIO FH19 opremljen je s dva dinami\u010dka drivera od 13,7 mm i \u0161est balansiranih armaturnih drivera. Podr\u017eava utika\u010de od 3,5\/4,4 mm.\" \/>\n<meta name=\"robots\" content=\"index, follow, max-snippet:-1, max-image-preview:large, max-video-preview:-1\" \/>\n<link rel=\"canonical\" href=\"https:\/\/hd-multimedia.com\/sl\/trgovina\/fiio-fh19\/\" \/>\n<meta property=\"og:locale\" content=\"sl_SI\" \/>\n<meta property=\"og:type\" content=\"article\" \/>\n<meta property=\"og:title\" content=\"FiiO FH19 - hd-multimedia\" \/>\n<meta property=\"og:description\" content=\"Novi FIIO FH19 opremljen je s dva dinami\u010dka drivera od 13,7 mm i \u0161est balansiranih armaturnih drivera. Podr\u017eava utika\u010de od 3,5\/4,4 mm.\" \/>\n<meta property=\"og:url\" content=\"https:\/\/hd-multimedia.com\/sl\/trgovina\/fiio-fh19\/\" \/>\n<meta property=\"og:site_name\" content=\"hd-multimedia\" \/>\n<meta property=\"article:modified_time\" content=\"2025-04-15T10:01:25+00:00\" \/>\n<meta property=\"og:image\" content=\"https:\/\/hd-multimedia.com\/hdm_media\/FiiO-FH19-1-e1727427506267.jpg\" \/>\n\t<meta property=\"og:image:width\" content=\"696\" \/>\n\t<meta property=\"og:image:height\" content=\"696\" \/>\n\t<meta property=\"og:image:type\" content=\"image\/jpeg\" \/>\n<meta name=\"twitter:card\" content=\"summary_large_image\" \/>\n<meta name=\"twitter:label1\" content=\"Est. reading time\" \/>\n\t<meta name=\"twitter:data1\" content=\"1 minuta\" \/>\n<script type=\"application\/ld+json\" class=\"yoast-schema-graph\">{\"@context\":\"https:\/\/schema.org\",\"@graph\":[{\"@type\":\"WebPage\",\"@id\":\"https:\/\/hd-multimedia.com\/trgovina\/fiio-fh19\/\",\"url\":\"https:\/\/hd-multimedia.com\/trgovina\/fiio-fh19\/\",\"name\":\"FiiO FH19 - hd-multimedia\",\"isPartOf\":{\"@id\":\"https:\/\/hd-multimedia.com\/#website\"},\"datePublished\":\"2024-09-26T13:55:48+00:00\",\"dateModified\":\"2025-04-15T10:01:25+00:00\",\"description\":\"Novi FIIO FH19 opremljen je s dva dinami\u010dka drivera od 13,7 mm i \u0161est balansiranih armaturnih drivera. Podr\u017eava utika\u010de od 3,5\/4,4 mm.\",\"breadcrumb\":{\"@id\":\"https:\/\/hd-multimedia.com\/trgovina\/fiio-fh19\/#breadcrumb\"},\"inLanguage\":\"sl-SI\",\"potentialAction\":[{\"@type\":\"ReadAction\",\"target\":[\"https:\/\/hd-multimedia.com\/trgovina\/fiio-fh19\/\"]}]},{\"@type\":\"BreadcrumbList\",\"@id\":\"https:\/\/hd-multimedia.com\/trgovina\/fiio-fh19\/#breadcrumb\",\"itemListElement\":[{\"@type\":\"ListItem\",\"position\":1,\"name\":\"Po\u010detna stranica\",\"item\":\"https:\/\/hd-multimedia.com\/\"},{\"@type\":\"ListItem\",\"position\":2,\"name\":\"Trgovina\",\"item\":\"https:\/\/hd-multimedia.com\/trgovina\/\"},{\"@type\":\"ListItem\",\"position\":3,\"name\":\"FiiO FH19\"}]},{\"@type\":\"WebSite\",\"@id\":\"https:\/\/hd-multimedia.com\/#website\",\"url\":\"https:\/\/hd-multimedia.com\/\",\"name\":\"hd-multimedia\",\"description\":\"\",\"publisher\":{\"@id\":\"https:\/\/hd-multimedia.com\/#organization\"},\"potentialAction\":[{\"@type\":\"SearchAction\",\"target\":{\"@type\":\"EntryPoint\",\"urlTemplate\":\"https:\/\/hd-multimedia.com\/?s={search_term_string}\"},\"query-input\":\"required name=search_term_string\"}],\"inLanguage\":\"sl-SI\"},{\"@type\":\"Organization\",\"@id\":\"https:\/\/hd-multimedia.com\/#organization\",\"name\":\"hd-multimedia\",\"url\":\"https:\/\/hd-multimedia.com\/\",\"logo\":{\"@type\":\"ImageObject\",\"inLanguage\":\"sl-SI\",\"@id\":\"https:\/\/hd-multimedia.com\/#\/schema\/logo\/image\/\",\"url\":\"https:\/\/hd-multimedia.com\/hdm_media\/HD-curves-ok-196-56px-alpha-1.png\",\"contentUrl\":\"https:\/\/hd-multimedia.com\/hdm_media\/HD-curves-ok-196-56px-alpha-1.png\",\"width\":196,\"height\":53,\"caption\":\"hd-multimedia\"},\"image\":{\"@id\":\"https:\/\/hd-multimedia.com\/#\/schema\/logo\/image\/\"}}]}<\/script>\n<!-- \/ Yoast SEO plugin. -->","yoast_head_json":{"title":"FiiO FH19 - hd-multimedia","description":"Novi FIIO FH19 opremljen je s dva dinami\u010dka drivera od 13,7 mm i \u0161est balansiranih armaturnih drivera. Podr\u017eava utika\u010de od 3,5\/4,4 mm.","robots":{"index":"index","follow":"follow","max-snippet":"max-snippet:-1","max-image-preview":"max-image-preview:large","max-video-preview":"max-video-preview:-1"},"canonical":"https:\/\/hd-multimedia.com\/sl\/trgovina\/fiio-fh19\/","og_locale":"sl_SI","og_type":"article","og_title":"FiiO FH19 - hd-multimedia","og_description":"Novi FIIO FH19 opremljen je s dva dinami\u010dka drivera od 13,7 mm i \u0161est balansiranih armaturnih drivera. Podr\u017eava utika\u010de od 3,5\/4,4 mm.","og_url":"https:\/\/hd-multimedia.com\/sl\/trgovina\/fiio-fh19\/","og_site_name":"hd-multimedia","article_modified_time":"2025-04-15T10:01:25+00:00","og_image":[{"width":696,"height":696,"url":"https:\/\/hd-multimedia.com\/hdm_media\/FiiO-FH19-1-e1727427506267.jpg","type":"image\/jpeg"}],"twitter_card":"summary_large_image","twitter_misc":{"Est. reading time":"1 minuta"},"schema":{"@context":"https:\/\/schema.org","@graph":[{"@type":"WebPage","@id":"https:\/\/hd-multimedia.com\/trgovina\/fiio-fh19\/","url":"https:\/\/hd-multimedia.com\/trgovina\/fiio-fh19\/","name":"FiiO FH19 - hd-multimedia","isPartOf":{"@id":"https:\/\/hd-multimedia.com\/#website"},"datePublished":"2024-09-26T13:55:48+00:00","dateModified":"2025-04-15T10:01:25+00:00","description":"Novi FIIO FH19 opremljen je s dva dinami\u010dka drivera od 13,7 mm i \u0161est balansiranih armaturnih drivera. Podr\u017eava utika\u010de od 3,5\/4,4 mm.","breadcrumb":{"@id":"https:\/\/hd-multimedia.com\/trgovina\/fiio-fh19\/#breadcrumb"},"inLanguage":"sl-SI","potentialAction":[{"@type":"ReadAction","target":["https:\/\/hd-multimedia.com\/trgovina\/fiio-fh19\/"]}]},{"@type":"BreadcrumbList","@id":"https:\/\/hd-multimedia.com\/trgovina\/fiio-fh19\/#breadcrumb","itemListElement":[{"@type":"ListItem","position":1,"name":"Po\u010detna stranica","item":"https:\/\/hd-multimedia.com\/"},{"@type":"ListItem","position":2,"name":"Trgovina","item":"https:\/\/hd-multimedia.com\/trgovina\/"},{"@type":"ListItem","position":3,"name":"FiiO FH19"}]},{"@type":"WebSite","@id":"https:\/\/hd-multimedia.com\/#website","url":"https:\/\/hd-multimedia.com\/","name":"hd-multimedia","description":"","publisher":{"@id":"https:\/\/hd-multimedia.com\/#organization"},"potentialAction":[{"@type":"SearchAction","target":{"@type":"EntryPoint","urlTemplate":"https:\/\/hd-multimedia.com\/?s={search_term_string}"},"query-input":"required name=search_term_string"}],"inLanguage":"sl-SI"},{"@type":"Organization","@id":"https:\/\/hd-multimedia.com\/#organization","name":"hd-multimedia","url":"https:\/\/hd-multimedia.com\/","logo":{"@type":"ImageObject","inLanguage":"sl-SI","@id":"https:\/\/hd-multimedia.com\/#\/schema\/logo\/image\/","url":"https:\/\/hd-multimedia.com\/hdm_media\/HD-curves-ok-196-56px-alpha-1.png","contentUrl":"https:\/\/hd-multimedia.com\/hdm_media\/HD-curves-ok-196-56px-alpha-1.png","width":196,"height":53,"caption":"hd-multimedia"},"image":{"@id":"https:\/\/hd-multimedia.com\/#\/schema\/logo\/image\/"}}]}},"post_mailing_queue_ids":[],"_links":{"self":[{"href":"https:\/\/hd-multimedia.com\/sl\/wp-json\/wp\/v2\/product\/16775","targetHints":{"allow":["GET"]}}],"collection":[{"href":"https:\/\/hd-multimedia.com\/sl\/wp-json\/wp\/v2\/product"}],"about":[{"href":"https:\/\/hd-multimedia.com\/sl\/wp-json\/wp\/v2\/types\/product"}],"version-history":[{"count":3,"href":"https:\/\/hd-multimedia.com\/sl\/wp-json\/wp\/v2\/product\/16775\/revisions"}],"predecessor-version":[{"id":16790,"href":"https:\/\/hd-multimedia.com\/sl\/wp-json\/wp\/v2\/product\/16775\/revisions\/16790"}],"wp:featuredmedia":[{"embeddable":true,"href":"https:\/\/hd-multimedia.com\/sl\/wp-json\/wp\/v2\/media\/16786"}],"wp:attachment":[{"href":"https:\/\/hd-multimedia.com\/sl\/wp-json\/wp\/v2\/media?parent=16775"}],"curies":[{"name":"wp","href":"https:\/\/api.w.org\/{rel}","templated":true}]}}