{"id":16771,"date":"2024-09-26T13:48:32","date_gmt":"2024-09-26T13:48:32","guid":{"rendered":"https:\/\/hd-multimedia.com\/?post_type=product&#038;p=16771"},"modified":"2026-02-17T09:22:29","modified_gmt":"2026-02-17T09:22:29","slug":"fiio-btr13","status":"publish","type":"product","link":"https:\/\/hd-multimedia.com\/sl\/trgovina\/fiio-btr13\/","title":{"rendered":"FiiO BTR13"},"content":{"rendered":"<p>Zmogljiv izhod 220 mW zagotavlja neodvisen napajalni sistem, ki znatno pove\u010da uravnote\u017een izhod, kar mu omogo\u010da, da poganja \u0161iroko paleto slu\u0161alk. Naprava ima tudi 3,5 mm neuravnote\u017een in 4,4 mm uravnote\u017een izhod za slu\u0161alke, ki ponuja zdru\u017eljivost z razli\u010dnimi vrstami slu\u0161alk in zanesljivej\u0161e povezave.<\/p>","protected":false},"excerpt":{"rendered":"<p>FiiO BTR 13 je vsestranska avdio naprava, opremljena z 0,96-pal\u010dnim IPS zaslonom z lo\u010dljivostjo 80*160 slikovnih pik, ki zagotavlja jasne slike za enostavno uporabo. Poganja ga vrhunski nabor \u010dipov Cirrus Logic CS43131 dual DAC in zagotavlja vrhunsko kakovost zvoka z zmanj\u0161anim preslu\u0161avanjem, kar zagotavlja \u010distej\u0161i zvok visoke lo\u010dljivosti. BTR 13 izstopa kot ve\u010dnamenska naprava s tristopenjskim stikalom, ki omogo\u010da brezhibno preklapljanje med PC, Bluetooth in telefonskim na\u010dinom. Deluje lahko kot USB DAC in slu\u0161ni oja\u010devalnik za ra\u010dunalnike, Bluetooth dekoder in oja\u010devalnik, ki se napaja z notranjo baterijo, ali kot avdio klju\u010dek za telefone. Njegov napredni \u010dip QCC5125 Bluetooth 5.1 podpira visokokakovostne kodeke, kot so LDAC, aptX Adaptive in drugi, kar zagotavlja odli\u010dno brez\u017ei\u010dno zvo\u010dno izku\u0161njo.<\/p>\n<p><a href=\"https:\/\/www.fiio.com\/BTR13\" target=\"_blank\" rel=\"noopener\">Povezava za dodatne informacije o izdelku!<\/a><\/p>","protected":false},"featured_media":16836,"template":"","meta":{"site-sidebar-layout":"default","site-content-layout":"","ast-site-content-layout":"default","site-content-style":"default","site-sidebar-style":"default","ast-global-header-display":"","ast-banner-title-visibility":"","ast-main-header-display":"","ast-hfb-above-header-display":"","ast-hfb-below-header-display":"","ast-hfb-mobile-header-display":"","site-post-title":"","ast-breadcrumbs-content":"","ast-featured-img":"","footer-sml-layout":"","theme-transparent-header-meta":"default","adv-header-id-meta":"","stick-header-meta":"default","header-above-stick-meta":"","header-main-stick-meta":"","header-below-stick-meta":"","astra-migrate-meta-layouts":"set","ast-page-background-enabled":"default","ast-page-background-meta":{"desktop":{"background-color":"","background-image":"","background-repeat":"repeat","background-position":"center center","background-size":"auto","background-attachment":"scroll","background-type":"","background-media":"","overlay-type":"","overlay-color":"","overlay-opacity":"","overlay-gradient":""},"tablet":{"background-color":"","background-image":"","background-repeat":"repeat","background-position":"center center","background-size":"auto","background-attachment":"scroll","background-type":"","background-media":"","overlay-type":"","overlay-color":"","overlay-opacity":"","overlay-gradient":""},"mobile":{"background-color":"","background-image":"","background-repeat":"repeat","background-position":"center center","background-size":"auto","background-attachment":"scroll","background-type":"","background-media":"","overlay-type":"","overlay-color":"","overlay-opacity":"","overlay-gradient":""}},"ast-content-background-meta":{"desktop":{"background-color":"var(--ast-global-color-5)","background-image":"","background-repeat":"repeat","background-position":"center center","background-size":"auto","background-attachment":"scroll","background-type":"","background-media":"","overlay-type":"","overlay-color":"","overlay-opacity":"","overlay-gradient":""},"tablet":{"background-color":"var(--ast-global-color-5)","background-image":"","background-repeat":"repeat","background-position":"center center","background-size":"auto","background-attachment":"scroll","background-type":"","background-media":"","overlay-type":"","overlay-color":"","overlay-opacity":"","overlay-gradient":""},"mobile":{"background-color":"var(--ast-global-color-5)","background-image":"","background-repeat":"repeat","background-position":"center center","background-size":"auto","background-attachment":"scroll","background-type":"","background-media":"","overlay-type":"","overlay-color":"","overlay-opacity":"","overlay-gradient":""}}},"class_list":["post-16771","product","type-product","status-publish","has-post-thumbnail","hentry","product_cat-pojacala-smartphone","product_cat-fiio","desktop-align-center","tablet-align-center","mobile-align-center","ast-product-gallery-layout-horizontal","ast-magnify-disabled","ast-product-tabs-layout-horizontal"],"yoast_head":"<!-- This site is optimized with the Yoast SEO plugin v21.4 - https:\/\/yoast.com\/wordpress\/plugins\/seo\/ -->\n<title>FiiO BTR13 - hd-multimedia<\/title>\n<meta name=\"description\" content=\"BTR 13 se isti\u010de kao vi\u0161enamjenski ure\u0111aj s trostupanjskim prekida\u010dem koji omogu\u0107ava neprimjetno prebacivanje izme\u0111u PC, Bluetooth i telefonskog na\u010dina rada.\" \/>\n<meta name=\"robots\" content=\"index, follow, max-snippet:-1, max-image-preview:large, max-video-preview:-1\" \/>\n<link rel=\"canonical\" href=\"https:\/\/hd-multimedia.com\/sl\/trgovina\/fiio-btr13\/\" \/>\n<meta property=\"og:locale\" content=\"sl_SI\" \/>\n<meta property=\"og:type\" content=\"article\" \/>\n<meta property=\"og:title\" content=\"FiiO BTR13 - hd-multimedia\" \/>\n<meta property=\"og:description\" content=\"BTR 13 se isti\u010de kao vi\u0161enamjenski ure\u0111aj s trostupanjskim prekida\u010dem koji omogu\u0107ava neprimjetno prebacivanje izme\u0111u PC, Bluetooth i telefonskog na\u010dina rada.\" \/>\n<meta property=\"og:url\" content=\"https:\/\/hd-multimedia.com\/sl\/trgovina\/fiio-btr13\/\" \/>\n<meta property=\"og:site_name\" content=\"hd-multimedia\" \/>\n<meta property=\"article:modified_time\" content=\"2026-02-17T09:22:29+00:00\" \/>\n<meta property=\"og:image\" content=\"https:\/\/hd-multimedia.com\/hdm_media\/fiio_btr13-.png\" \/>\n\t<meta property=\"og:image:width\" content=\"700\" \/>\n\t<meta property=\"og:image:height\" content=\"700\" \/>\n\t<meta property=\"og:image:type\" content=\"image\/png\" \/>\n<meta name=\"twitter:card\" content=\"summary_large_image\" \/>\n<meta name=\"twitter:label1\" content=\"Est. reading time\" \/>\n\t<meta name=\"twitter:data1\" content=\"1 minuta\" \/>\n<script type=\"application\/ld+json\" class=\"yoast-schema-graph\">{\"@context\":\"https:\/\/schema.org\",\"@graph\":[{\"@type\":\"WebPage\",\"@id\":\"https:\/\/hd-multimedia.com\/trgovina\/fiio-btr13\/\",\"url\":\"https:\/\/hd-multimedia.com\/trgovina\/fiio-btr13\/\",\"name\":\"FiiO BTR13 - hd-multimedia\",\"isPartOf\":{\"@id\":\"https:\/\/hd-multimedia.com\/#website\"},\"datePublished\":\"2024-09-26T13:48:32+00:00\",\"dateModified\":\"2026-02-17T09:22:29+00:00\",\"description\":\"BTR 13 se isti\u010de kao vi\u0161enamjenski ure\u0111aj s trostupanjskim prekida\u010dem koji omogu\u0107ava neprimjetno prebacivanje izme\u0111u PC, Bluetooth i telefonskog na\u010dina rada.\",\"breadcrumb\":{\"@id\":\"https:\/\/hd-multimedia.com\/trgovina\/fiio-btr13\/#breadcrumb\"},\"inLanguage\":\"sl-SI\",\"potentialAction\":[{\"@type\":\"ReadAction\",\"target\":[\"https:\/\/hd-multimedia.com\/trgovina\/fiio-btr13\/\"]}]},{\"@type\":\"BreadcrumbList\",\"@id\":\"https:\/\/hd-multimedia.com\/trgovina\/fiio-btr13\/#breadcrumb\",\"itemListElement\":[{\"@type\":\"ListItem\",\"position\":1,\"name\":\"Po\u010detna stranica\",\"item\":\"https:\/\/hd-multimedia.com\/\"},{\"@type\":\"ListItem\",\"position\":2,\"name\":\"Trgovina\",\"item\":\"https:\/\/hd-multimedia.com\/trgovina\/\"},{\"@type\":\"ListItem\",\"position\":3,\"name\":\"FiiO BTR13\"}]},{\"@type\":\"WebSite\",\"@id\":\"https:\/\/hd-multimedia.com\/#website\",\"url\":\"https:\/\/hd-multimedia.com\/\",\"name\":\"hd-multimedia\",\"description\":\"\",\"publisher\":{\"@id\":\"https:\/\/hd-multimedia.com\/#organization\"},\"potentialAction\":[{\"@type\":\"SearchAction\",\"target\":{\"@type\":\"EntryPoint\",\"urlTemplate\":\"https:\/\/hd-multimedia.com\/?s={search_term_string}\"},\"query-input\":\"required name=search_term_string\"}],\"inLanguage\":\"sl-SI\"},{\"@type\":\"Organization\",\"@id\":\"https:\/\/hd-multimedia.com\/#organization\",\"name\":\"hd-multimedia\",\"url\":\"https:\/\/hd-multimedia.com\/\",\"logo\":{\"@type\":\"ImageObject\",\"inLanguage\":\"sl-SI\",\"@id\":\"https:\/\/hd-multimedia.com\/#\/schema\/logo\/image\/\",\"url\":\"https:\/\/hd-multimedia.com\/hdm_media\/HD-curves-ok-196-56px-alpha-1.png\",\"contentUrl\":\"https:\/\/hd-multimedia.com\/hdm_media\/HD-curves-ok-196-56px-alpha-1.png\",\"width\":196,\"height\":53,\"caption\":\"hd-multimedia\"},\"image\":{\"@id\":\"https:\/\/hd-multimedia.com\/#\/schema\/logo\/image\/\"}}]}<\/script>\n<!-- \/ Yoast SEO plugin. -->","yoast_head_json":{"title":"FiiO BTR13 - hd-multimedia","description":"BTR 13 se isti\u010de kao vi\u0161enamjenski ure\u0111aj s trostupanjskim prekida\u010dem koji omogu\u0107ava neprimjetno prebacivanje izme\u0111u PC, Bluetooth i telefonskog na\u010dina rada.","robots":{"index":"index","follow":"follow","max-snippet":"max-snippet:-1","max-image-preview":"max-image-preview:large","max-video-preview":"max-video-preview:-1"},"canonical":"https:\/\/hd-multimedia.com\/sl\/trgovina\/fiio-btr13\/","og_locale":"sl_SI","og_type":"article","og_title":"FiiO BTR13 - hd-multimedia","og_description":"BTR 13 se isti\u010de kao vi\u0161enamjenski ure\u0111aj s trostupanjskim prekida\u010dem koji omogu\u0107ava neprimjetno prebacivanje izme\u0111u PC, Bluetooth i telefonskog na\u010dina rada.","og_url":"https:\/\/hd-multimedia.com\/sl\/trgovina\/fiio-btr13\/","og_site_name":"hd-multimedia","article_modified_time":"2026-02-17T09:22:29+00:00","og_image":[{"width":700,"height":700,"url":"https:\/\/hd-multimedia.com\/hdm_media\/fiio_btr13-.png","type":"image\/png"}],"twitter_card":"summary_large_image","twitter_misc":{"Est. reading time":"1 minuta"},"schema":{"@context":"https:\/\/schema.org","@graph":[{"@type":"WebPage","@id":"https:\/\/hd-multimedia.com\/trgovina\/fiio-btr13\/","url":"https:\/\/hd-multimedia.com\/trgovina\/fiio-btr13\/","name":"FiiO BTR13 - hd-multimedia","isPartOf":{"@id":"https:\/\/hd-multimedia.com\/#website"},"datePublished":"2024-09-26T13:48:32+00:00","dateModified":"2026-02-17T09:22:29+00:00","description":"BTR 13 se isti\u010de kao vi\u0161enamjenski ure\u0111aj s trostupanjskim prekida\u010dem koji omogu\u0107ava neprimjetno prebacivanje izme\u0111u PC, Bluetooth i telefonskog na\u010dina rada.","breadcrumb":{"@id":"https:\/\/hd-multimedia.com\/trgovina\/fiio-btr13\/#breadcrumb"},"inLanguage":"sl-SI","potentialAction":[{"@type":"ReadAction","target":["https:\/\/hd-multimedia.com\/trgovina\/fiio-btr13\/"]}]},{"@type":"BreadcrumbList","@id":"https:\/\/hd-multimedia.com\/trgovina\/fiio-btr13\/#breadcrumb","itemListElement":[{"@type":"ListItem","position":1,"name":"Po\u010detna stranica","item":"https:\/\/hd-multimedia.com\/"},{"@type":"ListItem","position":2,"name":"Trgovina","item":"https:\/\/hd-multimedia.com\/trgovina\/"},{"@type":"ListItem","position":3,"name":"FiiO BTR13"}]},{"@type":"WebSite","@id":"https:\/\/hd-multimedia.com\/#website","url":"https:\/\/hd-multimedia.com\/","name":"hd-multimedia","description":"","publisher":{"@id":"https:\/\/hd-multimedia.com\/#organization"},"potentialAction":[{"@type":"SearchAction","target":{"@type":"EntryPoint","urlTemplate":"https:\/\/hd-multimedia.com\/?s={search_term_string}"},"query-input":"required name=search_term_string"}],"inLanguage":"sl-SI"},{"@type":"Organization","@id":"https:\/\/hd-multimedia.com\/#organization","name":"hd-multimedia","url":"https:\/\/hd-multimedia.com\/","logo":{"@type":"ImageObject","inLanguage":"sl-SI","@id":"https:\/\/hd-multimedia.com\/#\/schema\/logo\/image\/","url":"https:\/\/hd-multimedia.com\/hdm_media\/HD-curves-ok-196-56px-alpha-1.png","contentUrl":"https:\/\/hd-multimedia.com\/hdm_media\/HD-curves-ok-196-56px-alpha-1.png","width":196,"height":53,"caption":"hd-multimedia"},"image":{"@id":"https:\/\/hd-multimedia.com\/#\/schema\/logo\/image\/"}}]}},"post_mailing_queue_ids":[],"_links":{"self":[{"href":"https:\/\/hd-multimedia.com\/sl\/wp-json\/wp\/v2\/product\/16771","targetHints":{"allow":["GET"]}}],"collection":[{"href":"https:\/\/hd-multimedia.com\/sl\/wp-json\/wp\/v2\/product"}],"about":[{"href":"https:\/\/hd-multimedia.com\/sl\/wp-json\/wp\/v2\/types\/product"}],"version-history":[{"count":5,"href":"https:\/\/hd-multimedia.com\/sl\/wp-json\/wp\/v2\/product\/16771\/revisions"}],"predecessor-version":[{"id":16835,"href":"https:\/\/hd-multimedia.com\/sl\/wp-json\/wp\/v2\/product\/16771\/revisions\/16835"}],"wp:featuredmedia":[{"embeddable":true,"href":"https:\/\/hd-multimedia.com\/sl\/wp-json\/wp\/v2\/media\/16836"}],"wp:attachment":[{"href":"https:\/\/hd-multimedia.com\/sl\/wp-json\/wp\/v2\/media?parent=16771"}],"curies":[{"name":"wp","href":"https:\/\/api.w.org\/{rel}","templated":true}]}}