{"id":16767,"date":"2024-09-26T11:49:06","date_gmt":"2024-09-26T11:49:06","guid":{"rendered":"https:\/\/hd-multimedia.com\/?post_type=product&#038;p=16767"},"modified":"2025-11-17T23:02:16","modified_gmt":"2025-11-17T23:02:16","slug":"sivga-luan","status":"publish","type":"product","link":"https:\/\/hd-multimedia.com\/sl\/trgovina\/sivga-luan\/","title":{"rendered":"SIVGA Luan"},"content":{"rendered":"<p>SIVGA Luan<\/p>\n<p><span style=\"font-size: 16px;\">Napredna akusti\u010dna zasnova ustvarja prostorno zvo\u010dno kuliso z globokimi nizkimi toni, bogatimi srednjimi toni in \u010distimi visokimi toni, kar zagotavlja zvok visoke lo\u010dljivosti. Slu\u0161alke SIVGA Luan, izdelane z mislijo na vzdr\u017eljivost, so skrbno izdelane iz vrhunskih materialov, kar zagotavlja dolgotrajno delovanje.<\/span><\/p>","protected":false},"excerpt":{"rendered":"<p>Slu\u0161alke SIVGA Luan imajo vrhunsko leseno ohi\u0161je, ki dvigne tako njihovo estetsko privla\u010dnost kot zvo\u010dno zmogljivost. Za razliko od tradicionalnih plasti\u010dnih ali kovinskih ohi\u0161ij visokokakovosten les zagotavlja toplej\u0161i in bolj naraven zvo\u010dni profil, kar izbolj\u0161a celotno izku\u0161njo poslu\u0161anja. Slu\u0161alke, opremljene s 50 mm gonilnikom, ki uporablja tehnologijo prevleke iz niklja na robovih membrane za vrhunsko lahkotnost, trdnost in elasti\u010dnost, ter kupolo iz organskih kompozitnih vlaken, u\u010dinkovito absorbirajo in du\u0161ijo prekomerne vibracije za jasnej\u0161i zvok. Ergonomska konstrukcija, oblikovana za udobje, zagotavlja tesno prileganje, kar uporabnikom omogo\u010da dolgotrajno poslu\u0161anje z minimalnim neudobjem.<\/p>\n<p><a href=\"https:\/\/www.sivgaaudio.com\/product_d?id=15\" target=\"_blank\" rel=\"noopener\">Povezava za dodatne informacije o izdelku!<\/a><\/p>","protected":false},"featured_media":16825,"template":"","meta":{"site-sidebar-layout":"default","site-content-layout":"","ast-site-content-layout":"default","site-content-style":"default","site-sidebar-style":"default","ast-global-header-display":"","ast-banner-title-visibility":"","ast-main-header-display":"","ast-hfb-above-header-display":"","ast-hfb-below-header-display":"","ast-hfb-mobile-header-display":"","site-post-title":"","ast-breadcrumbs-content":"","ast-featured-img":"","footer-sml-layout":"","theme-transparent-header-meta":"default","adv-header-id-meta":"","stick-header-meta":"default","header-above-stick-meta":"","header-main-stick-meta":"","header-below-stick-meta":"","astra-migrate-meta-layouts":"set","ast-page-background-enabled":"default","ast-page-background-meta":{"desktop":{"background-color":"","background-image":"","background-repeat":"repeat","background-position":"center center","background-size":"auto","background-attachment":"scroll","background-type":"","background-media":"","overlay-type":"","overlay-color":"","overlay-opacity":"","overlay-gradient":""},"tablet":{"background-color":"","background-image":"","background-repeat":"repeat","background-position":"center center","background-size":"auto","background-attachment":"scroll","background-type":"","background-media":"","overlay-type":"","overlay-color":"","overlay-opacity":"","overlay-gradient":""},"mobile":{"background-color":"","background-image":"","background-repeat":"repeat","background-position":"center center","background-size":"auto","background-attachment":"scroll","background-type":"","background-media":"","overlay-type":"","overlay-color":"","overlay-opacity":"","overlay-gradient":""}},"ast-content-background-meta":{"desktop":{"background-color":"var(--ast-global-color-5)","background-image":"","background-repeat":"repeat","background-position":"center center","background-size":"auto","background-attachment":"scroll","background-type":"","background-media":"","overlay-type":"","overlay-color":"","overlay-opacity":"","overlay-gradient":""},"tablet":{"background-color":"var(--ast-global-color-5)","background-image":"","background-repeat":"repeat","background-position":"center center","background-size":"auto","background-attachment":"scroll","background-type":"","background-media":"","overlay-type":"","overlay-color":"","overlay-opacity":"","overlay-gradient":""},"mobile":{"background-color":"var(--ast-global-color-5)","background-image":"","background-repeat":"repeat","background-position":"center center","background-size":"auto","background-attachment":"scroll","background-type":"","background-media":"","overlay-type":"","overlay-color":"","overlay-opacity":"","overlay-gradient":""}}},"class_list":["post-16767","product","type-product","status-publish","has-post-thumbnail","hentry","product_cat-sivga","product_cat-naglavne-slusalice","desktop-align-center","tablet-align-center","mobile-align-center","ast-product-gallery-layout-horizontal","ast-magnify-disabled","ast-product-single-variable","ast-product-tabs-layout-horizontal"],"yoast_head":"<!-- This site is optimized with the Yoast SEO plugin v21.4 - https:\/\/yoast.com\/wordpress\/plugins\/seo\/ -->\n<title>SIVGA Luan - hd-multimedia<\/title>\n<meta name=\"description\" content=\"Slu\u0161alice SIVGA Luan odlikuju se vrhunskim drvenim ku\u0107i\u0161tem koje podi\u017ee kako njihovu estetsku privla\u010dnost, tako i akusti\u010dke performanse.\" \/>\n<meta name=\"robots\" content=\"index, follow, max-snippet:-1, max-image-preview:large, max-video-preview:-1\" \/>\n<link rel=\"canonical\" href=\"https:\/\/hd-multimedia.com\/sl\/trgovina\/sivga-luan\/\" \/>\n<meta property=\"og:locale\" content=\"sl_SI\" \/>\n<meta property=\"og:type\" content=\"article\" \/>\n<meta property=\"og:title\" content=\"SIVGA Luan - hd-multimedia\" \/>\n<meta property=\"og:description\" content=\"Slu\u0161alice SIVGA Luan odlikuju se vrhunskim drvenim ku\u0107i\u0161tem koje podi\u017ee kako njihovu estetsku privla\u010dnost, tako i akusti\u010dke performanse.\" \/>\n<meta property=\"og:url\" content=\"https:\/\/hd-multimedia.com\/sl\/trgovina\/sivga-luan\/\" \/>\n<meta property=\"og:site_name\" content=\"hd-multimedia\" \/>\n<meta property=\"article:modified_time\" content=\"2025-11-17T23:02:16+00:00\" \/>\n<meta property=\"og:image\" content=\"https:\/\/hd-multimedia.com\/hdm_media\/5ee7cca0e908bd407dda12454e842a5d.jpg\" \/>\n\t<meta property=\"og:image:width\" content=\"1000\" \/>\n\t<meta property=\"og:image:height\" content=\"1000\" \/>\n\t<meta property=\"og:image:type\" content=\"image\/jpeg\" \/>\n<meta name=\"twitter:card\" content=\"summary_large_image\" \/>\n<meta name=\"twitter:label1\" content=\"Est. reading time\" \/>\n\t<meta name=\"twitter:data1\" content=\"1 minuta\" \/>\n<script type=\"application\/ld+json\" class=\"yoast-schema-graph\">{\"@context\":\"https:\/\/schema.org\",\"@graph\":[{\"@type\":\"WebPage\",\"@id\":\"https:\/\/hd-multimedia.com\/trgovina\/sivga-luan\/\",\"url\":\"https:\/\/hd-multimedia.com\/trgovina\/sivga-luan\/\",\"name\":\"SIVGA Luan - hd-multimedia\",\"isPartOf\":{\"@id\":\"https:\/\/hd-multimedia.com\/#website\"},\"datePublished\":\"2024-09-26T11:49:06+00:00\",\"dateModified\":\"2025-11-17T23:02:16+00:00\",\"description\":\"Slu\u0161alice SIVGA Luan odlikuju se vrhunskim drvenim ku\u0107i\u0161tem koje podi\u017ee kako njihovu estetsku privla\u010dnost, tako i akusti\u010dke performanse.\",\"breadcrumb\":{\"@id\":\"https:\/\/hd-multimedia.com\/trgovina\/sivga-luan\/#breadcrumb\"},\"inLanguage\":\"sl-SI\",\"potentialAction\":[{\"@type\":\"ReadAction\",\"target\":[\"https:\/\/hd-multimedia.com\/trgovina\/sivga-luan\/\"]}]},{\"@type\":\"BreadcrumbList\",\"@id\":\"https:\/\/hd-multimedia.com\/trgovina\/sivga-luan\/#breadcrumb\",\"itemListElement\":[{\"@type\":\"ListItem\",\"position\":1,\"name\":\"Po\u010detna stranica\",\"item\":\"https:\/\/hd-multimedia.com\/\"},{\"@type\":\"ListItem\",\"position\":2,\"name\":\"Trgovina\",\"item\":\"https:\/\/hd-multimedia.com\/trgovina\/\"},{\"@type\":\"ListItem\",\"position\":3,\"name\":\"SIVGA Luan\"}]},{\"@type\":\"WebSite\",\"@id\":\"https:\/\/hd-multimedia.com\/#website\",\"url\":\"https:\/\/hd-multimedia.com\/\",\"name\":\"hd-multimedia\",\"description\":\"\",\"publisher\":{\"@id\":\"https:\/\/hd-multimedia.com\/#organization\"},\"potentialAction\":[{\"@type\":\"SearchAction\",\"target\":{\"@type\":\"EntryPoint\",\"urlTemplate\":\"https:\/\/hd-multimedia.com\/?s={search_term_string}\"},\"query-input\":\"required name=search_term_string\"}],\"inLanguage\":\"sl-SI\"},{\"@type\":\"Organization\",\"@id\":\"https:\/\/hd-multimedia.com\/#organization\",\"name\":\"hd-multimedia\",\"url\":\"https:\/\/hd-multimedia.com\/\",\"logo\":{\"@type\":\"ImageObject\",\"inLanguage\":\"sl-SI\",\"@id\":\"https:\/\/hd-multimedia.com\/#\/schema\/logo\/image\/\",\"url\":\"https:\/\/hd-multimedia.com\/hdm_media\/HD-curves-ok-196-56px-alpha-1.png\",\"contentUrl\":\"https:\/\/hd-multimedia.com\/hdm_media\/HD-curves-ok-196-56px-alpha-1.png\",\"width\":196,\"height\":53,\"caption\":\"hd-multimedia\"},\"image\":{\"@id\":\"https:\/\/hd-multimedia.com\/#\/schema\/logo\/image\/\"}}]}<\/script>\n<!-- \/ Yoast SEO plugin. -->","yoast_head_json":{"title":"SIVGA Luan - hd-multimedia","description":"Slu\u0161alice SIVGA Luan odlikuju se vrhunskim drvenim ku\u0107i\u0161tem koje podi\u017ee kako njihovu estetsku privla\u010dnost, tako i akusti\u010dke performanse.","robots":{"index":"index","follow":"follow","max-snippet":"max-snippet:-1","max-image-preview":"max-image-preview:large","max-video-preview":"max-video-preview:-1"},"canonical":"https:\/\/hd-multimedia.com\/sl\/trgovina\/sivga-luan\/","og_locale":"sl_SI","og_type":"article","og_title":"SIVGA Luan - hd-multimedia","og_description":"Slu\u0161alice SIVGA Luan odlikuju se vrhunskim drvenim ku\u0107i\u0161tem koje podi\u017ee kako njihovu estetsku privla\u010dnost, tako i akusti\u010dke performanse.","og_url":"https:\/\/hd-multimedia.com\/sl\/trgovina\/sivga-luan\/","og_site_name":"hd-multimedia","article_modified_time":"2025-11-17T23:02:16+00:00","og_image":[{"width":1000,"height":1000,"url":"https:\/\/hd-multimedia.com\/hdm_media\/5ee7cca0e908bd407dda12454e842a5d.jpg","type":"image\/jpeg"}],"twitter_card":"summary_large_image","twitter_misc":{"Est. reading time":"1 minuta"},"schema":{"@context":"https:\/\/schema.org","@graph":[{"@type":"WebPage","@id":"https:\/\/hd-multimedia.com\/trgovina\/sivga-luan\/","url":"https:\/\/hd-multimedia.com\/trgovina\/sivga-luan\/","name":"SIVGA Luan - hd-multimedia","isPartOf":{"@id":"https:\/\/hd-multimedia.com\/#website"},"datePublished":"2024-09-26T11:49:06+00:00","dateModified":"2025-11-17T23:02:16+00:00","description":"Slu\u0161alice SIVGA Luan odlikuju se vrhunskim drvenim ku\u0107i\u0161tem koje podi\u017ee kako njihovu estetsku privla\u010dnost, tako i akusti\u010dke performanse.","breadcrumb":{"@id":"https:\/\/hd-multimedia.com\/trgovina\/sivga-luan\/#breadcrumb"},"inLanguage":"sl-SI","potentialAction":[{"@type":"ReadAction","target":["https:\/\/hd-multimedia.com\/trgovina\/sivga-luan\/"]}]},{"@type":"BreadcrumbList","@id":"https:\/\/hd-multimedia.com\/trgovina\/sivga-luan\/#breadcrumb","itemListElement":[{"@type":"ListItem","position":1,"name":"Po\u010detna stranica","item":"https:\/\/hd-multimedia.com\/"},{"@type":"ListItem","position":2,"name":"Trgovina","item":"https:\/\/hd-multimedia.com\/trgovina\/"},{"@type":"ListItem","position":3,"name":"SIVGA Luan"}]},{"@type":"WebSite","@id":"https:\/\/hd-multimedia.com\/#website","url":"https:\/\/hd-multimedia.com\/","name":"hd-multimedia","description":"","publisher":{"@id":"https:\/\/hd-multimedia.com\/#organization"},"potentialAction":[{"@type":"SearchAction","target":{"@type":"EntryPoint","urlTemplate":"https:\/\/hd-multimedia.com\/?s={search_term_string}"},"query-input":"required name=search_term_string"}],"inLanguage":"sl-SI"},{"@type":"Organization","@id":"https:\/\/hd-multimedia.com\/#organization","name":"hd-multimedia","url":"https:\/\/hd-multimedia.com\/","logo":{"@type":"ImageObject","inLanguage":"sl-SI","@id":"https:\/\/hd-multimedia.com\/#\/schema\/logo\/image\/","url":"https:\/\/hd-multimedia.com\/hdm_media\/HD-curves-ok-196-56px-alpha-1.png","contentUrl":"https:\/\/hd-multimedia.com\/hdm_media\/HD-curves-ok-196-56px-alpha-1.png","width":196,"height":53,"caption":"hd-multimedia"},"image":{"@id":"https:\/\/hd-multimedia.com\/#\/schema\/logo\/image\/"}}]}},"post_mailing_queue_ids":[],"_links":{"self":[{"href":"https:\/\/hd-multimedia.com\/sl\/wp-json\/wp\/v2\/product\/16767","targetHints":{"allow":["GET"]}}],"collection":[{"href":"https:\/\/hd-multimedia.com\/sl\/wp-json\/wp\/v2\/product"}],"about":[{"href":"https:\/\/hd-multimedia.com\/sl\/wp-json\/wp\/v2\/types\/product"}],"version-history":[{"count":4,"href":"https:\/\/hd-multimedia.com\/sl\/wp-json\/wp\/v2\/product\/16767\/revisions"}],"predecessor-version":[{"id":17359,"href":"https:\/\/hd-multimedia.com\/sl\/wp-json\/wp\/v2\/product\/16767\/revisions\/17359"}],"wp:featuredmedia":[{"embeddable":true,"href":"https:\/\/hd-multimedia.com\/sl\/wp-json\/wp\/v2\/media\/16825"}],"wp:attachment":[{"href":"https:\/\/hd-multimedia.com\/sl\/wp-json\/wp\/v2\/media?parent=16767"}],"curies":[{"name":"wp","href":"https:\/\/api.w.org\/{rel}","templated":true}]}}