{"id":16765,"date":"2024-09-26T11:39:48","date_gmt":"2024-09-26T11:39:48","guid":{"rendered":"https:\/\/hd-multimedia.com\/?post_type=product&#038;p=16765"},"modified":"2024-10-03T12:37:36","modified_gmt":"2024-10-03T12:37:36","slug":"sivga-p2-pro","status":"publish","type":"product","link":"https:\/\/hd-multimedia.com\/sl\/trgovina\/sivga-p2-pro\/","title":{"rendered":"SIVGA P2 PRO"},"content":{"rendered":"<p>SIVGA P2 PRO in<span style=\"font-size: 16px;\">Skupaj z visokokakovostnim kablom 6N OCC zagotavljajo \u010dist in stabilen prenos zvoka ter zagotavljajo svetlej\u0161o in preglednej\u0161o zvo\u010dno izku\u0161njo. Poleg tega je kabel zamenljiv, kar uporabnikom omogo\u010da eksperimentiranje z razli\u010dnimi \u017eicami, da dose\u017eejo \u017eelene zvo\u010dne u\u010dinke in dodatno izbolj\u0161ajo izku\u0161njo poslu\u0161anja.<\/span><\/p>","protected":false},"excerpt":{"rendered":"<p>Lesene slu\u0161alke z odprtim hrbtom SIVGA P2 PRO zdru\u017eujejo izjemno kakovost zvoka z vrhunsko izdelavo za neprimerljivo izku\u0161njo poslu\u0161anja. S planarno-magnetnim gonilnikom zagotavljajo \u010dist in svetel zvok z natan\u010dnimi visokimi, gladkimi srednjimi in bogatimi, \u010dvrstimi nizkimi toni. Ergonomsko oblikovana opora za glavo in mehke usnjene u\u0161esne blazinice zagotavljajo maksimalno udobje med dolgotrajno uporabo. Ohi\u0161je slu\u0161alk je izdelano iz ro\u010dno poliranega rde\u010dega hrasta, ki nudi eleganten in prefinjen zaklju\u010dek. Vrhunska izdelava je o\u010ditna v CNC-rezanih kovinskih delih, obdelanih z eloksiranjem iz pi\u0161tolske kovine za prefinjeno teksturo. Inovativna zasnova ohi\u0161ja slu\u0161alk ima mre\u017eico iz nerjave\u010dega jekla z vgraviranimi detajli, kar daje edinstven in nov videz. Opremljeni so s kablom 6N OCC, ki zagotavlja svetel in pregleden zvok, zaradi \u010desar so idealna izbira za avdiofile, ki i\u0161\u010dejo zmogljivost in stil.<\/p>\n<p><a href=\"https:\/\/www.sivgaaudio.com\/product_d?id=20\" target=\"_blank\" rel=\"noopener\">Povezava za dodatne informacije o izdelku!<\/a><\/p>","protected":false},"featured_media":16811,"template":"","meta":{"site-sidebar-layout":"default","site-content-layout":"","ast-site-content-layout":"default","site-content-style":"default","site-sidebar-style":"default","ast-global-header-display":"","ast-banner-title-visibility":"","ast-main-header-display":"","ast-hfb-above-header-display":"","ast-hfb-below-header-display":"","ast-hfb-mobile-header-display":"","site-post-title":"","ast-breadcrumbs-content":"","ast-featured-img":"","footer-sml-layout":"","theme-transparent-header-meta":"default","adv-header-id-meta":"","stick-header-meta":"default","header-above-stick-meta":"","header-main-stick-meta":"","header-below-stick-meta":"","astra-migrate-meta-layouts":"set","ast-page-background-enabled":"default","ast-page-background-meta":{"desktop":{"background-color":"","background-image":"","background-repeat":"repeat","background-position":"center center","background-size":"auto","background-attachment":"scroll","background-type":"","background-media":"","overlay-type":"","overlay-color":"","overlay-opacity":"","overlay-gradient":""},"tablet":{"background-color":"","background-image":"","background-repeat":"repeat","background-position":"center center","background-size":"auto","background-attachment":"scroll","background-type":"","background-media":"","overlay-type":"","overlay-color":"","overlay-opacity":"","overlay-gradient":""},"mobile":{"background-color":"","background-image":"","background-repeat":"repeat","background-position":"center center","background-size":"auto","background-attachment":"scroll","background-type":"","background-media":"","overlay-type":"","overlay-color":"","overlay-opacity":"","overlay-gradient":""}},"ast-content-background-meta":{"desktop":{"background-color":"var(--ast-global-color-5)","background-image":"","background-repeat":"repeat","background-position":"center center","background-size":"auto","background-attachment":"scroll","background-type":"","background-media":"","overlay-type":"","overlay-color":"","overlay-opacity":"","overlay-gradient":""},"tablet":{"background-color":"var(--ast-global-color-5)","background-image":"","background-repeat":"repeat","background-position":"center center","background-size":"auto","background-attachment":"scroll","background-type":"","background-media":"","overlay-type":"","overlay-color":"","overlay-opacity":"","overlay-gradient":""},"mobile":{"background-color":"var(--ast-global-color-5)","background-image":"","background-repeat":"repeat","background-position":"center center","background-size":"auto","background-attachment":"scroll","background-type":"","background-media":"","overlay-type":"","overlay-color":"","overlay-opacity":"","overlay-gradient":""}}},"class_list":["post-16765","product","type-product","status-publish","has-post-thumbnail","hentry","product_cat-sivga","product_cat-naglavne-slusalice","desktop-align-center","tablet-align-center","mobile-align-center","ast-product-gallery-layout-horizontal","ast-magnify-disabled","ast-product-tabs-layout-horizontal"],"yoast_head":"<!-- This site is optimized with the Yoast SEO plugin v21.4 - https:\/\/yoast.com\/wordpress\/plugins\/seo\/ -->\n<title>SIVGA P2 PRO - hd-multimedia<\/title>\n<meta name=\"description\" content=\"SIVGA P2 PRO otvorene slu\u0161alice od drveta kombinira izuzetnu kvalitetu zvuka s vrhunskom izradom za neponovljivo iskustvo slu\u0161anja.\" \/>\n<meta name=\"robots\" content=\"index, follow, max-snippet:-1, max-image-preview:large, max-video-preview:-1\" \/>\n<link rel=\"canonical\" href=\"https:\/\/hd-multimedia.com\/sl\/trgovina\/sivga-p2-pro\/\" \/>\n<meta property=\"og:locale\" content=\"sl_SI\" \/>\n<meta property=\"og:type\" content=\"article\" \/>\n<meta property=\"og:title\" content=\"SIVGA P2 PRO - hd-multimedia\" \/>\n<meta property=\"og:description\" content=\"SIVGA P2 PRO otvorene slu\u0161alice od drveta kombinira izuzetnu kvalitetu zvuka s vrhunskom izradom za neponovljivo iskustvo slu\u0161anja.\" \/>\n<meta property=\"og:url\" content=\"https:\/\/hd-multimedia.com\/sl\/trgovina\/sivga-p2-pro\/\" \/>\n<meta property=\"og:site_name\" content=\"hd-multimedia\" \/>\n<meta property=\"article:modified_time\" content=\"2024-10-03T12:37:36+00:00\" \/>\n<meta property=\"og:image\" content=\"https:\/\/hd-multimedia.com\/hdm_media\/6cd7427a55d99e682a41a5be4fd31a63.jpg\" \/>\n\t<meta property=\"og:image:width\" content=\"1200\" \/>\n\t<meta property=\"og:image:height\" content=\"1200\" \/>\n\t<meta property=\"og:image:type\" content=\"image\/jpeg\" \/>\n<meta name=\"twitter:card\" content=\"summary_large_image\" \/>\n<meta name=\"twitter:label1\" content=\"Est. reading time\" \/>\n\t<meta name=\"twitter:data1\" content=\"1 minuta\" \/>\n<script type=\"application\/ld+json\" class=\"yoast-schema-graph\">{\"@context\":\"https:\/\/schema.org\",\"@graph\":[{\"@type\":\"WebPage\",\"@id\":\"https:\/\/hd-multimedia.com\/trgovina\/sivga-p2-pro\/\",\"url\":\"https:\/\/hd-multimedia.com\/trgovina\/sivga-p2-pro\/\",\"name\":\"SIVGA P2 PRO - hd-multimedia\",\"isPartOf\":{\"@id\":\"https:\/\/hd-multimedia.com\/#website\"},\"datePublished\":\"2024-09-26T11:39:48+00:00\",\"dateModified\":\"2024-10-03T12:37:36+00:00\",\"description\":\"SIVGA P2 PRO otvorene slu\u0161alice od drveta kombinira izuzetnu kvalitetu zvuka s vrhunskom izradom za neponovljivo iskustvo slu\u0161anja.\",\"breadcrumb\":{\"@id\":\"https:\/\/hd-multimedia.com\/trgovina\/sivga-p2-pro\/#breadcrumb\"},\"inLanguage\":\"sl-SI\",\"potentialAction\":[{\"@type\":\"ReadAction\",\"target\":[\"https:\/\/hd-multimedia.com\/trgovina\/sivga-p2-pro\/\"]}]},{\"@type\":\"BreadcrumbList\",\"@id\":\"https:\/\/hd-multimedia.com\/trgovina\/sivga-p2-pro\/#breadcrumb\",\"itemListElement\":[{\"@type\":\"ListItem\",\"position\":1,\"name\":\"Po\u010detna stranica\",\"item\":\"https:\/\/hd-multimedia.com\/\"},{\"@type\":\"ListItem\",\"position\":2,\"name\":\"Trgovina\",\"item\":\"https:\/\/hd-multimedia.com\/trgovina\/\"},{\"@type\":\"ListItem\",\"position\":3,\"name\":\"SIVGA P2 PRO\"}]},{\"@type\":\"WebSite\",\"@id\":\"https:\/\/hd-multimedia.com\/#website\",\"url\":\"https:\/\/hd-multimedia.com\/\",\"name\":\"hd-multimedia\",\"description\":\"\",\"publisher\":{\"@id\":\"https:\/\/hd-multimedia.com\/#organization\"},\"potentialAction\":[{\"@type\":\"SearchAction\",\"target\":{\"@type\":\"EntryPoint\",\"urlTemplate\":\"https:\/\/hd-multimedia.com\/?s={search_term_string}\"},\"query-input\":\"required name=search_term_string\"}],\"inLanguage\":\"sl-SI\"},{\"@type\":\"Organization\",\"@id\":\"https:\/\/hd-multimedia.com\/#organization\",\"name\":\"hd-multimedia\",\"url\":\"https:\/\/hd-multimedia.com\/\",\"logo\":{\"@type\":\"ImageObject\",\"inLanguage\":\"sl-SI\",\"@id\":\"https:\/\/hd-multimedia.com\/#\/schema\/logo\/image\/\",\"url\":\"https:\/\/hd-multimedia.com\/hdm_media\/HD-curves-ok-196-56px-alpha-1.png\",\"contentUrl\":\"https:\/\/hd-multimedia.com\/hdm_media\/HD-curves-ok-196-56px-alpha-1.png\",\"width\":196,\"height\":53,\"caption\":\"hd-multimedia\"},\"image\":{\"@id\":\"https:\/\/hd-multimedia.com\/#\/schema\/logo\/image\/\"}}]}<\/script>\n<!-- \/ Yoast SEO plugin. -->","yoast_head_json":{"title":"SIVGA P2 PRO - hd-multimedia","description":"SIVGA P2 PRO otvorene slu\u0161alice od drveta kombinira izuzetnu kvalitetu zvuka s vrhunskom izradom za neponovljivo iskustvo slu\u0161anja.","robots":{"index":"index","follow":"follow","max-snippet":"max-snippet:-1","max-image-preview":"max-image-preview:large","max-video-preview":"max-video-preview:-1"},"canonical":"https:\/\/hd-multimedia.com\/sl\/trgovina\/sivga-p2-pro\/","og_locale":"sl_SI","og_type":"article","og_title":"SIVGA P2 PRO - hd-multimedia","og_description":"SIVGA P2 PRO otvorene slu\u0161alice od drveta kombinira izuzetnu kvalitetu zvuka s vrhunskom izradom za neponovljivo iskustvo slu\u0161anja.","og_url":"https:\/\/hd-multimedia.com\/sl\/trgovina\/sivga-p2-pro\/","og_site_name":"hd-multimedia","article_modified_time":"2024-10-03T12:37:36+00:00","og_image":[{"width":1200,"height":1200,"url":"https:\/\/hd-multimedia.com\/hdm_media\/6cd7427a55d99e682a41a5be4fd31a63.jpg","type":"image\/jpeg"}],"twitter_card":"summary_large_image","twitter_misc":{"Est. reading time":"1 minuta"},"schema":{"@context":"https:\/\/schema.org","@graph":[{"@type":"WebPage","@id":"https:\/\/hd-multimedia.com\/trgovina\/sivga-p2-pro\/","url":"https:\/\/hd-multimedia.com\/trgovina\/sivga-p2-pro\/","name":"SIVGA P2 PRO - hd-multimedia","isPartOf":{"@id":"https:\/\/hd-multimedia.com\/#website"},"datePublished":"2024-09-26T11:39:48+00:00","dateModified":"2024-10-03T12:37:36+00:00","description":"SIVGA P2 PRO otvorene slu\u0161alice od drveta kombinira izuzetnu kvalitetu zvuka s vrhunskom izradom za neponovljivo iskustvo slu\u0161anja.","breadcrumb":{"@id":"https:\/\/hd-multimedia.com\/trgovina\/sivga-p2-pro\/#breadcrumb"},"inLanguage":"sl-SI","potentialAction":[{"@type":"ReadAction","target":["https:\/\/hd-multimedia.com\/trgovina\/sivga-p2-pro\/"]}]},{"@type":"BreadcrumbList","@id":"https:\/\/hd-multimedia.com\/trgovina\/sivga-p2-pro\/#breadcrumb","itemListElement":[{"@type":"ListItem","position":1,"name":"Po\u010detna stranica","item":"https:\/\/hd-multimedia.com\/"},{"@type":"ListItem","position":2,"name":"Trgovina","item":"https:\/\/hd-multimedia.com\/trgovina\/"},{"@type":"ListItem","position":3,"name":"SIVGA P2 PRO"}]},{"@type":"WebSite","@id":"https:\/\/hd-multimedia.com\/#website","url":"https:\/\/hd-multimedia.com\/","name":"hd-multimedia","description":"","publisher":{"@id":"https:\/\/hd-multimedia.com\/#organization"},"potentialAction":[{"@type":"SearchAction","target":{"@type":"EntryPoint","urlTemplate":"https:\/\/hd-multimedia.com\/?s={search_term_string}"},"query-input":"required name=search_term_string"}],"inLanguage":"sl-SI"},{"@type":"Organization","@id":"https:\/\/hd-multimedia.com\/#organization","name":"hd-multimedia","url":"https:\/\/hd-multimedia.com\/","logo":{"@type":"ImageObject","inLanguage":"sl-SI","@id":"https:\/\/hd-multimedia.com\/#\/schema\/logo\/image\/","url":"https:\/\/hd-multimedia.com\/hdm_media\/HD-curves-ok-196-56px-alpha-1.png","contentUrl":"https:\/\/hd-multimedia.com\/hdm_media\/HD-curves-ok-196-56px-alpha-1.png","width":196,"height":53,"caption":"hd-multimedia"},"image":{"@id":"https:\/\/hd-multimedia.com\/#\/schema\/logo\/image\/"}}]}},"post_mailing_queue_ids":[],"_links":{"self":[{"href":"https:\/\/hd-multimedia.com\/sl\/wp-json\/wp\/v2\/product\/16765","targetHints":{"allow":["GET"]}}],"collection":[{"href":"https:\/\/hd-multimedia.com\/sl\/wp-json\/wp\/v2\/product"}],"about":[{"href":"https:\/\/hd-multimedia.com\/sl\/wp-json\/wp\/v2\/types\/product"}],"version-history":[{"count":6,"href":"https:\/\/hd-multimedia.com\/sl\/wp-json\/wp\/v2\/product\/16765\/revisions"}],"predecessor-version":[{"id":16820,"href":"https:\/\/hd-multimedia.com\/sl\/wp-json\/wp\/v2\/product\/16765\/revisions\/16820"}],"wp:featuredmedia":[{"embeddable":true,"href":"https:\/\/hd-multimedia.com\/sl\/wp-json\/wp\/v2\/media\/16811"}],"wp:attachment":[{"href":"https:\/\/hd-multimedia.com\/sl\/wp-json\/wp\/v2\/media?parent=16765"}],"curies":[{"name":"wp","href":"https:\/\/api.w.org\/{rel}","templated":true}]}}