{"id":16761,"date":"2024-09-26T11:29:31","date_gmt":"2024-09-26T11:29:31","guid":{"rendered":"https:\/\/hd-multimedia.com\/?post_type=product&#038;p=16761"},"modified":"2025-04-15T10:14:02","modified_gmt":"2025-04-15T10:14:02","slug":"sivga-que","status":"publish","type":"product","link":"https:\/\/hd-multimedia.com\/sl\/trgovina\/sivga-que\/","title":{"rendered":"SIVGA Que"},"content":{"rendered":"<p>SIVGA Que uporablja enomagnetno in dvokomorno tehnologijo za optimizacijo akusti\u010dne zmogljivosti z izbolj\u0161anim nadzorom membrane, zmanj\u0161anim popa\u010denjem in ve\u010djo jasnostjo. Poleg tega kabel iz posrebrenega bakra visoke \u010distosti zagotavlja minimalno izgubo signala ter zagotavlja jasnej\u0161o in natan\u010dnej\u0161o reprodukcijo zvoka.<\/p>","protected":false},"excerpt":{"rendered":"<p>Slu\u0161alke so zasnovane tako, da zagotavljajo izjemno zvo\u010dno izku\u0161njo, saj imajo zmogljivo 10 mm dinami\u010dno pogonsko enoto z membrano iz berilija in mo\u010dno magnetno strukturo, ki zagotavlja bogat, poglobljen zvok z jasnimi visokimi, \u010distimi srednjimi toni in globokim, resonan\u010dnim basom. Slu\u0161alke, izdelane iz vrhunskega severnoameri\u0161kega javorjevega lesa, zagotavljajo toplo, naravno tonsko ravnovesje, ki izbolj\u0161uje jasnost in globino zvoka. Njihove edinstvene akusti\u010dne lastnosti so idealne za avdiofile, ki i\u0161\u010dejo podrobne visoke in gladke srednje tone. Slu\u0161alke vklju\u010dujejo tudi zamenljiv kabel z 0,78 mm 2-polnim dizajnom, ki omogo\u010da brezhibno prileganje in vzdr\u017eljivost.<\/p>\n<p><a href=\"https:\/\/www.sivgaaudio.com\/product_d?id=21\" target=\"_blank\" rel=\"noopener\">Povezava za dodatne informacije o izdelku!<\/a><\/p>","protected":false},"featured_media":16807,"template":"","meta":{"site-sidebar-layout":"default","site-content-layout":"","ast-site-content-layout":"default","site-content-style":"default","site-sidebar-style":"default","ast-global-header-display":"","ast-banner-title-visibility":"","ast-main-header-display":"","ast-hfb-above-header-display":"","ast-hfb-below-header-display":"","ast-hfb-mobile-header-display":"","site-post-title":"","ast-breadcrumbs-content":"","ast-featured-img":"","footer-sml-layout":"","theme-transparent-header-meta":"default","adv-header-id-meta":"","stick-header-meta":"default","header-above-stick-meta":"","header-main-stick-meta":"","header-below-stick-meta":"","astra-migrate-meta-layouts":"set","ast-page-background-enabled":"default","ast-page-background-meta":{"desktop":{"background-color":"","background-image":"","background-repeat":"repeat","background-position":"center center","background-size":"auto","background-attachment":"scroll","background-type":"","background-media":"","overlay-type":"","overlay-color":"","overlay-opacity":"","overlay-gradient":""},"tablet":{"background-color":"","background-image":"","background-repeat":"repeat","background-position":"center center","background-size":"auto","background-attachment":"scroll","background-type":"","background-media":"","overlay-type":"","overlay-color":"","overlay-opacity":"","overlay-gradient":""},"mobile":{"background-color":"","background-image":"","background-repeat":"repeat","background-position":"center center","background-size":"auto","background-attachment":"scroll","background-type":"","background-media":"","overlay-type":"","overlay-color":"","overlay-opacity":"","overlay-gradient":""}},"ast-content-background-meta":{"desktop":{"background-color":"var(--ast-global-color-5)","background-image":"","background-repeat":"repeat","background-position":"center center","background-size":"auto","background-attachment":"scroll","background-type":"","background-media":"","overlay-type":"","overlay-color":"","overlay-opacity":"","overlay-gradient":""},"tablet":{"background-color":"var(--ast-global-color-5)","background-image":"","background-repeat":"repeat","background-position":"center center","background-size":"auto","background-attachment":"scroll","background-type":"","background-media":"","overlay-type":"","overlay-color":"","overlay-opacity":"","overlay-gradient":""},"mobile":{"background-color":"var(--ast-global-color-5)","background-image":"","background-repeat":"repeat","background-position":"center center","background-size":"auto","background-attachment":"scroll","background-type":"","background-media":"","overlay-type":"","overlay-color":"","overlay-opacity":"","overlay-gradient":""}}},"class_list":["post-16761","product","type-product","status-publish","has-post-thumbnail","hentry","product_cat-sivga","product_cat-usne-slusalice-iem","desktop-align-center","tablet-align-center","mobile-align-center","ast-product-gallery-layout-horizontal","ast-magnify-disabled","ast-product-tabs-layout-horizontal"],"yoast_head":"<!-- This site is optimized with the Yoast SEO plugin v21.4 - https:\/\/yoast.com\/wordpress\/plugins\/seo\/ -->\n<title>SIVGA Que - hd-multimedia<\/title>\n<meta name=\"description\" content=\"SIVGA Que slu\u0161alice su dizajnirane da pru\u017ee izuzetno audio iskustvo, sadr\u017ee\u0107i sna\u017enu dinami\u010dku jedinicu drajvera od 10 mm s berilijskom dijafragmom.\" \/>\n<meta name=\"robots\" content=\"index, follow, max-snippet:-1, max-image-preview:large, max-video-preview:-1\" \/>\n<link rel=\"canonical\" href=\"https:\/\/hd-multimedia.com\/sl\/trgovina\/sivga-que\/\" \/>\n<meta property=\"og:locale\" content=\"sl_SI\" \/>\n<meta property=\"og:type\" content=\"article\" \/>\n<meta property=\"og:title\" content=\"SIVGA Que - hd-multimedia\" \/>\n<meta property=\"og:description\" content=\"SIVGA Que slu\u0161alice su dizajnirane da pru\u017ee izuzetno audio iskustvo, sadr\u017ee\u0107i sna\u017enu dinami\u010dku jedinicu drajvera od 10 mm s berilijskom dijafragmom.\" \/>\n<meta property=\"og:url\" content=\"https:\/\/hd-multimedia.com\/sl\/trgovina\/sivga-que\/\" \/>\n<meta property=\"og:site_name\" content=\"hd-multimedia\" \/>\n<meta property=\"article:modified_time\" content=\"2025-04-15T10:14:02+00:00\" \/>\n<meta property=\"og:image\" content=\"https:\/\/hd-multimedia.com\/hdm_media\/7fb917b40facf157d891fe38ee03ea3f.jpg\" \/>\n\t<meta property=\"og:image:width\" content=\"1200\" \/>\n\t<meta property=\"og:image:height\" content=\"1200\" \/>\n\t<meta property=\"og:image:type\" content=\"image\/jpeg\" \/>\n<meta name=\"twitter:card\" content=\"summary_large_image\" \/>\n<meta name=\"twitter:label1\" content=\"Est. reading time\" \/>\n\t<meta name=\"twitter:data1\" content=\"1 minuta\" \/>\n<script type=\"application\/ld+json\" class=\"yoast-schema-graph\">{\"@context\":\"https:\/\/schema.org\",\"@graph\":[{\"@type\":\"WebPage\",\"@id\":\"https:\/\/hd-multimedia.com\/trgovina\/sivga-que\/\",\"url\":\"https:\/\/hd-multimedia.com\/trgovina\/sivga-que\/\",\"name\":\"SIVGA Que - hd-multimedia\",\"isPartOf\":{\"@id\":\"https:\/\/hd-multimedia.com\/#website\"},\"datePublished\":\"2024-09-26T11:29:31+00:00\",\"dateModified\":\"2025-04-15T10:14:02+00:00\",\"description\":\"SIVGA Que slu\u0161alice su dizajnirane da pru\u017ee izuzetno audio iskustvo, sadr\u017ee\u0107i sna\u017enu dinami\u010dku jedinicu drajvera od 10 mm s berilijskom dijafragmom.\",\"breadcrumb\":{\"@id\":\"https:\/\/hd-multimedia.com\/trgovina\/sivga-que\/#breadcrumb\"},\"inLanguage\":\"sl-SI\",\"potentialAction\":[{\"@type\":\"ReadAction\",\"target\":[\"https:\/\/hd-multimedia.com\/trgovina\/sivga-que\/\"]}]},{\"@type\":\"BreadcrumbList\",\"@id\":\"https:\/\/hd-multimedia.com\/trgovina\/sivga-que\/#breadcrumb\",\"itemListElement\":[{\"@type\":\"ListItem\",\"position\":1,\"name\":\"Po\u010detna stranica\",\"item\":\"https:\/\/hd-multimedia.com\/\"},{\"@type\":\"ListItem\",\"position\":2,\"name\":\"Trgovina\",\"item\":\"https:\/\/hd-multimedia.com\/trgovina\/\"},{\"@type\":\"ListItem\",\"position\":3,\"name\":\"SIVGA Que\"}]},{\"@type\":\"WebSite\",\"@id\":\"https:\/\/hd-multimedia.com\/#website\",\"url\":\"https:\/\/hd-multimedia.com\/\",\"name\":\"hd-multimedia\",\"description\":\"\",\"publisher\":{\"@id\":\"https:\/\/hd-multimedia.com\/#organization\"},\"potentialAction\":[{\"@type\":\"SearchAction\",\"target\":{\"@type\":\"EntryPoint\",\"urlTemplate\":\"https:\/\/hd-multimedia.com\/?s={search_term_string}\"},\"query-input\":\"required name=search_term_string\"}],\"inLanguage\":\"sl-SI\"},{\"@type\":\"Organization\",\"@id\":\"https:\/\/hd-multimedia.com\/#organization\",\"name\":\"hd-multimedia\",\"url\":\"https:\/\/hd-multimedia.com\/\",\"logo\":{\"@type\":\"ImageObject\",\"inLanguage\":\"sl-SI\",\"@id\":\"https:\/\/hd-multimedia.com\/#\/schema\/logo\/image\/\",\"url\":\"https:\/\/hd-multimedia.com\/hdm_media\/HD-curves-ok-196-56px-alpha-1.png\",\"contentUrl\":\"https:\/\/hd-multimedia.com\/hdm_media\/HD-curves-ok-196-56px-alpha-1.png\",\"width\":196,\"height\":53,\"caption\":\"hd-multimedia\"},\"image\":{\"@id\":\"https:\/\/hd-multimedia.com\/#\/schema\/logo\/image\/\"}}]}<\/script>\n<!-- \/ Yoast SEO plugin. -->","yoast_head_json":{"title":"SIVGA Que - hd-multimedia","description":"SIVGA Que slu\u0161alice su dizajnirane da pru\u017ee izuzetno audio iskustvo, sadr\u017ee\u0107i sna\u017enu dinami\u010dku jedinicu drajvera od 10 mm s berilijskom dijafragmom.","robots":{"index":"index","follow":"follow","max-snippet":"max-snippet:-1","max-image-preview":"max-image-preview:large","max-video-preview":"max-video-preview:-1"},"canonical":"https:\/\/hd-multimedia.com\/sl\/trgovina\/sivga-que\/","og_locale":"sl_SI","og_type":"article","og_title":"SIVGA Que - hd-multimedia","og_description":"SIVGA Que slu\u0161alice su dizajnirane da pru\u017ee izuzetno audio iskustvo, sadr\u017ee\u0107i sna\u017enu dinami\u010dku jedinicu drajvera od 10 mm s berilijskom dijafragmom.","og_url":"https:\/\/hd-multimedia.com\/sl\/trgovina\/sivga-que\/","og_site_name":"hd-multimedia","article_modified_time":"2025-04-15T10:14:02+00:00","og_image":[{"width":1200,"height":1200,"url":"https:\/\/hd-multimedia.com\/hdm_media\/7fb917b40facf157d891fe38ee03ea3f.jpg","type":"image\/jpeg"}],"twitter_card":"summary_large_image","twitter_misc":{"Est. reading time":"1 minuta"},"schema":{"@context":"https:\/\/schema.org","@graph":[{"@type":"WebPage","@id":"https:\/\/hd-multimedia.com\/trgovina\/sivga-que\/","url":"https:\/\/hd-multimedia.com\/trgovina\/sivga-que\/","name":"SIVGA Que - hd-multimedia","isPartOf":{"@id":"https:\/\/hd-multimedia.com\/#website"},"datePublished":"2024-09-26T11:29:31+00:00","dateModified":"2025-04-15T10:14:02+00:00","description":"SIVGA Que slu\u0161alice su dizajnirane da pru\u017ee izuzetno audio iskustvo, sadr\u017ee\u0107i sna\u017enu dinami\u010dku jedinicu drajvera od 10 mm s berilijskom dijafragmom.","breadcrumb":{"@id":"https:\/\/hd-multimedia.com\/trgovina\/sivga-que\/#breadcrumb"},"inLanguage":"sl-SI","potentialAction":[{"@type":"ReadAction","target":["https:\/\/hd-multimedia.com\/trgovina\/sivga-que\/"]}]},{"@type":"BreadcrumbList","@id":"https:\/\/hd-multimedia.com\/trgovina\/sivga-que\/#breadcrumb","itemListElement":[{"@type":"ListItem","position":1,"name":"Po\u010detna stranica","item":"https:\/\/hd-multimedia.com\/"},{"@type":"ListItem","position":2,"name":"Trgovina","item":"https:\/\/hd-multimedia.com\/trgovina\/"},{"@type":"ListItem","position":3,"name":"SIVGA Que"}]},{"@type":"WebSite","@id":"https:\/\/hd-multimedia.com\/#website","url":"https:\/\/hd-multimedia.com\/","name":"hd-multimedia","description":"","publisher":{"@id":"https:\/\/hd-multimedia.com\/#organization"},"potentialAction":[{"@type":"SearchAction","target":{"@type":"EntryPoint","urlTemplate":"https:\/\/hd-multimedia.com\/?s={search_term_string}"},"query-input":"required name=search_term_string"}],"inLanguage":"sl-SI"},{"@type":"Organization","@id":"https:\/\/hd-multimedia.com\/#organization","name":"hd-multimedia","url":"https:\/\/hd-multimedia.com\/","logo":{"@type":"ImageObject","inLanguage":"sl-SI","@id":"https:\/\/hd-multimedia.com\/#\/schema\/logo\/image\/","url":"https:\/\/hd-multimedia.com\/hdm_media\/HD-curves-ok-196-56px-alpha-1.png","contentUrl":"https:\/\/hd-multimedia.com\/hdm_media\/HD-curves-ok-196-56px-alpha-1.png","width":196,"height":53,"caption":"hd-multimedia"},"image":{"@id":"https:\/\/hd-multimedia.com\/#\/schema\/logo\/image\/"}}]}},"post_mailing_queue_ids":[],"_links":{"self":[{"href":"https:\/\/hd-multimedia.com\/sl\/wp-json\/wp\/v2\/product\/16761","targetHints":{"allow":["GET"]}}],"collection":[{"href":"https:\/\/hd-multimedia.com\/sl\/wp-json\/wp\/v2\/product"}],"about":[{"href":"https:\/\/hd-multimedia.com\/sl\/wp-json\/wp\/v2\/types\/product"}],"version-history":[{"count":4,"href":"https:\/\/hd-multimedia.com\/sl\/wp-json\/wp\/v2\/product\/16761\/revisions"}],"predecessor-version":[{"id":16800,"href":"https:\/\/hd-multimedia.com\/sl\/wp-json\/wp\/v2\/product\/16761\/revisions\/16800"}],"wp:featuredmedia":[{"embeddable":true,"href":"https:\/\/hd-multimedia.com\/sl\/wp-json\/wp\/v2\/media\/16807"}],"wp:attachment":[{"href":"https:\/\/hd-multimedia.com\/sl\/wp-json\/wp\/v2\/media?parent=16761"}],"curies":[{"name":"wp","href":"https:\/\/api.w.org\/{rel}","templated":true}]}}