{"id":16737,"date":"2024-09-19T10:39:02","date_gmt":"2024-09-19T10:39:02","guid":{"rendered":"https:\/\/hd-multimedia.com\/?post_type=product&#038;p=16737"},"modified":"2026-03-17T11:53:13","modified_gmt":"2026-03-17T11:53:13","slug":"topping-d90-iii-discrete","status":"publish","type":"product","link":"https:\/\/hd-multimedia.com\/sl\/trgovina\/topping-d90-iii-discrete\/","title":{"rendered":"Topping D90 III Discrete"},"content":{"rendered":"<div class=\"flex-shrink-0 flex flex-col relative items-end\">\n<div>\n<div class=\"pt-0\">\n<div class=\"gizmo-bot-avatar flex h-8 w-8 items-center justify-center overflow-hidden rounded-full\">\n<div class=\"relative p-1 rounded-sm flex items-center justify-center bg-token-main-surface-primary text-token-text-primary h-8 w-8\"><\/div>\n<\/div>\n<\/div>\n<\/div>\n<\/div>\n<div class=\"group\/conversation-turn relative flex w-full min-w-0 flex-col agent-turn\">\n<div class=\"flex-col gap-1 md:gap-3\">\n<div class=\"flex max-w-full flex-col flex-grow\">\n<div class=\"min-h-[20px] text-message flex w-full flex-col items-end gap-2 whitespace-normal break-words [.text-message+&amp;]:mt-5\" dir=\"auto\" data-message-author-role=\"assistant\" data-message-id=\"130d0f18-3165-43d9-9b25-0946f9944d83\">\n<div class=\"flex w-full flex-col gap-1 empty:hidden first:pt-[3px]\">\n<div class=\"markdown prose w-full break-words dark:prose-invert dark\">\n<p><strong>Tehni\u010dni podatki:<\/strong><\/p>\n<ul>\n<li><strong>Vrsta izdelka:<\/strong> Uravnote\u017een DAC<\/li>\n<li><strong>DAC:<\/strong> PSRM modul<\/li>\n<li><strong>USB vmesnik:<\/strong> XMOS XU-316<\/li>\n<\/ul>\n<p><strong>Inputs:<\/strong><\/p>\n<ul>\n<li>1x USB-B<\/li>\n<li>1x AES\/EBU<\/li>\n<li>1x koaksialni<\/li>\n<li>1x opti\u010dni Toslink<\/li>\n<li>1x I2S preko HDMI<\/li>\n<li>Bluetooth 5.1<\/li>\n<\/ul>\n<p><strong>Izhodi:<\/strong><\/p>\n<ul>\n<li>1x enosmerni RCA stereo<\/li>\n<li>1x uravnote\u017een XLR stereo<\/li>\n<\/ul>\n<p><strong>Podprte stopnje vzor\u010denja:<\/strong><\/p>\n<ul>\n<li>PCM 32 bitov 768 kHz<\/li>\n<li>DSD512<\/li>\n<\/ul>\n<p><strong>Podprti kodeki Bluetooth:<\/strong><\/p>\n<ul>\n<li>SBC, AAC, aptX, aptX HD, aptX Adaptive, LDAC<\/li>\n<\/ul>\n<p><strong>U\u010dinkovitost:<\/strong><\/p>\n<ul>\n<li><strong>Frekven\u010dni odziv:<\/strong>\n<ul>\n<li>20Hz \u2013 20kHz (\u00b1 0,5dB)<\/li>\n<li>20Hz \u2013 40kHz (\u00b1 1,8dB)<\/li>\n<\/ul>\n<\/li>\n<li><strong>Izhodna raven:<\/strong>\n<ul>\n<li>2,1 Vrms pri 0 dBFS (na\u010din 4 V)<\/li>\n<li>2,6 Vrms pri 0 dBFS (na\u010din 5 V)<\/li>\n<\/ul>\n<\/li>\n<li><strong>Hrup (A-vrednoteno):<\/strong> &lt; 1,5uVrms<\/li>\n<li><strong>Preslu\u0161avanje kanala:<\/strong> -122dB pri 1kHz<\/li>\n<li><strong>Ravnovesje kanala:<\/strong> 0,3 dB<\/li>\n<li><strong>Izhodna impedanca:<\/strong> 50\u03a9<\/li>\n<\/ul>\n<\/div>\n<\/div>\n<\/div>\n<\/div>\n<\/div>\n<\/div>","protected":false},"excerpt":{"rendered":"<p>Topping D90 III Discrete balanced DAC je visoko zmogljiv in omogo\u010da pretvorbo do PCM 32bit 768kHz in DSD 512. Naprava vklju\u010duje napredno tehnologijo, kot je Qualcommov \u010dip QCC5125 Bluetooth 5.1, ki podpira aptX, aptX HD, aptX Adaptive in LDAC, kar omogo\u010da brez\u017ei\u010dni prenos do PCM 24bit 96kHz, kar je vi\u0161ja lo\u010dljivost kot CD standardi kakovosti. D90 III Discrete uporablja 16-fazni modul PSRM na kanal z ultra hitrimi logi\u010dnimi omre\u017eji za natan\u010dno pretvorbo. Topping je razvil napajalni sistem z upori brez \u0161uma, da zagotovi stabilno delovanje, medtem ko Altera Max II CPLD obdeluje signal ure in dosega izjemno nizko tresenje -157 dB. Poleg tega novo vezje za pretvorbo I\/V, sestavljeno iz nizko\u0161umnih operacijskih oja\u010devalnikov, omogo\u010da \u0161irok dinami\u010dni razpon. DAC podpira razli\u010dne protokole prenosa I2S, zaradi \u010desar je zdru\u017eljiv z ve\u010dino digitalnih vmesnikov na trgu.<\/p>\n<p><a href=\"https:\/\/www.toppingaudio.com\/product-item\/d90-iii-discrete\" target=\"_blank\" rel=\"noopener\">Ostale informacije najdete na tej povezavi.<\/a><\/p>","protected":false},"featured_media":16742,"template":"","meta":{"site-sidebar-layout":"default","site-content-layout":"","ast-site-content-layout":"default","site-content-style":"default","site-sidebar-style":"default","ast-global-header-display":"","ast-banner-title-visibility":"","ast-main-header-display":"","ast-hfb-above-header-display":"","ast-hfb-below-header-display":"","ast-hfb-mobile-header-display":"","site-post-title":"","ast-breadcrumbs-content":"","ast-featured-img":"","footer-sml-layout":"","theme-transparent-header-meta":"default","adv-header-id-meta":"","stick-header-meta":"default","header-above-stick-meta":"","header-main-stick-meta":"","header-below-stick-meta":"","astra-migrate-meta-layouts":"set","ast-page-background-enabled":"default","ast-page-background-meta":{"desktop":{"background-color":"","background-image":"","background-repeat":"repeat","background-position":"center center","background-size":"auto","background-attachment":"scroll","background-type":"","background-media":"","overlay-type":"","overlay-color":"","overlay-opacity":"","overlay-gradient":""},"tablet":{"background-color":"","background-image":"","background-repeat":"repeat","background-position":"center center","background-size":"auto","background-attachment":"scroll","background-type":"","background-media":"","overlay-type":"","overlay-color":"","overlay-opacity":"","overlay-gradient":""},"mobile":{"background-color":"","background-image":"","background-repeat":"repeat","background-position":"center center","background-size":"auto","background-attachment":"scroll","background-type":"","background-media":"","overlay-type":"","overlay-color":"","overlay-opacity":"","overlay-gradient":""}},"ast-content-background-meta":{"desktop":{"background-color":"var(--ast-global-color-5)","background-image":"","background-repeat":"repeat","background-position":"center center","background-size":"auto","background-attachment":"scroll","background-type":"","background-media":"","overlay-type":"","overlay-color":"","overlay-opacity":"","overlay-gradient":""},"tablet":{"background-color":"var(--ast-global-color-5)","background-image":"","background-repeat":"repeat","background-position":"center center","background-size":"auto","background-attachment":"scroll","background-type":"","background-media":"","overlay-type":"","overlay-color":"","overlay-opacity":"","overlay-gradient":""},"mobile":{"background-color":"var(--ast-global-color-5)","background-image":"","background-repeat":"repeat","background-position":"center center","background-size":"auto","background-attachment":"scroll","background-type":"","background-media":"","overlay-type":"","overlay-color":"","overlay-opacity":"","overlay-gradient":""}}},"class_list":["post-16737","product","type-product","status-publish","has-post-thumbnail","hentry","product_cat-dac","product_cat-topping","desktop-align-center","tablet-align-center","mobile-align-center","ast-product-gallery-layout-horizontal","ast-magnify-disabled","ast-product-single-variable","ast-product-tabs-layout-horizontal"],"yoast_head":"<!-- This site is optimized with the Yoast SEO plugin v21.4 - https:\/\/yoast.com\/wordpress\/plugins\/seo\/ -->\n<title>Topping D90 III Discrete - hd-multimedia<\/title>\n<meta name=\"description\" content=\"Ure\u0111aj uklju\u010duje naprednu tehnologiju poput Qualcommovog QCC5125 Bluetooth 5.1 \u010dipa, koji podr\u017eava aptX, aptX HD, aptX Adaptive i LDAC.\" \/>\n<meta name=\"robots\" content=\"index, follow, max-snippet:-1, max-image-preview:large, max-video-preview:-1\" \/>\n<link rel=\"canonical\" href=\"https:\/\/hd-multimedia.com\/sl\/trgovina\/topping-d90-iii-discrete\/\" \/>\n<meta property=\"og:locale\" content=\"sl_SI\" \/>\n<meta property=\"og:type\" content=\"article\" \/>\n<meta property=\"og:title\" content=\"Topping D90 III Discrete - hd-multimedia\" \/>\n<meta property=\"og:description\" content=\"Ure\u0111aj uklju\u010duje naprednu tehnologiju poput Qualcommovog QCC5125 Bluetooth 5.1 \u010dipa, koji podr\u017eava aptX, aptX HD, aptX Adaptive i LDAC.\" \/>\n<meta property=\"og:url\" content=\"https:\/\/hd-multimedia.com\/sl\/trgovina\/topping-d90-iii-discrete\/\" \/>\n<meta property=\"og:site_name\" content=\"hd-multimedia\" \/>\n<meta property=\"article:modified_time\" content=\"2026-03-17T11:53:13+00:00\" \/>\n<meta property=\"og:image\" content=\"https:\/\/hd-multimedia.com\/hdm_media\/topping-d90-iii-discrete-dac-black-3.jpg\" \/>\n\t<meta property=\"og:image:width\" content=\"900\" \/>\n\t<meta property=\"og:image:height\" content=\"900\" \/>\n\t<meta property=\"og:image:type\" content=\"image\/jpeg\" \/>\n<meta name=\"twitter:card\" content=\"summary_large_image\" \/>\n<meta name=\"twitter:label1\" content=\"Est. reading time\" \/>\n\t<meta name=\"twitter:data1\" content=\"1 minuta\" \/>\n<script type=\"application\/ld+json\" class=\"yoast-schema-graph\">{\"@context\":\"https:\/\/schema.org\",\"@graph\":[{\"@type\":\"WebPage\",\"@id\":\"https:\/\/hd-multimedia.com\/trgovina\/topping-d90-iii-discrete\/\",\"url\":\"https:\/\/hd-multimedia.com\/trgovina\/topping-d90-iii-discrete\/\",\"name\":\"Topping D90 III Discrete - hd-multimedia\",\"isPartOf\":{\"@id\":\"https:\/\/hd-multimedia.com\/#website\"},\"datePublished\":\"2024-09-19T10:39:02+00:00\",\"dateModified\":\"2026-03-17T11:53:13+00:00\",\"description\":\"Ure\u0111aj uklju\u010duje naprednu tehnologiju poput Qualcommovog QCC5125 Bluetooth 5.1 \u010dipa, koji podr\u017eava aptX, aptX HD, aptX Adaptive i LDAC.\",\"breadcrumb\":{\"@id\":\"https:\/\/hd-multimedia.com\/trgovina\/topping-d90-iii-discrete\/#breadcrumb\"},\"inLanguage\":\"sl-SI\",\"potentialAction\":[{\"@type\":\"ReadAction\",\"target\":[\"https:\/\/hd-multimedia.com\/trgovina\/topping-d90-iii-discrete\/\"]}]},{\"@type\":\"BreadcrumbList\",\"@id\":\"https:\/\/hd-multimedia.com\/trgovina\/topping-d90-iii-discrete\/#breadcrumb\",\"itemListElement\":[{\"@type\":\"ListItem\",\"position\":1,\"name\":\"Po\u010detna stranica\",\"item\":\"https:\/\/hd-multimedia.com\/\"},{\"@type\":\"ListItem\",\"position\":2,\"name\":\"Trgovina\",\"item\":\"https:\/\/hd-multimedia.com\/trgovina\/\"},{\"@type\":\"ListItem\",\"position\":3,\"name\":\"Topping D90 III Discrete\"}]},{\"@type\":\"WebSite\",\"@id\":\"https:\/\/hd-multimedia.com\/#website\",\"url\":\"https:\/\/hd-multimedia.com\/\",\"name\":\"hd-multimedia\",\"description\":\"\",\"publisher\":{\"@id\":\"https:\/\/hd-multimedia.com\/#organization\"},\"potentialAction\":[{\"@type\":\"SearchAction\",\"target\":{\"@type\":\"EntryPoint\",\"urlTemplate\":\"https:\/\/hd-multimedia.com\/?s={search_term_string}\"},\"query-input\":\"required name=search_term_string\"}],\"inLanguage\":\"sl-SI\"},{\"@type\":\"Organization\",\"@id\":\"https:\/\/hd-multimedia.com\/#organization\",\"name\":\"hd-multimedia\",\"url\":\"https:\/\/hd-multimedia.com\/\",\"logo\":{\"@type\":\"ImageObject\",\"inLanguage\":\"sl-SI\",\"@id\":\"https:\/\/hd-multimedia.com\/#\/schema\/logo\/image\/\",\"url\":\"https:\/\/hd-multimedia.com\/hdm_media\/HD-curves-ok-196-56px-alpha-1.png\",\"contentUrl\":\"https:\/\/hd-multimedia.com\/hdm_media\/HD-curves-ok-196-56px-alpha-1.png\",\"width\":196,\"height\":53,\"caption\":\"hd-multimedia\"},\"image\":{\"@id\":\"https:\/\/hd-multimedia.com\/#\/schema\/logo\/image\/\"}}]}<\/script>\n<!-- \/ Yoast SEO plugin. -->","yoast_head_json":{"title":"Topping D90 III Discrete - hd-multimedia","description":"Ure\u0111aj uklju\u010duje naprednu tehnologiju poput Qualcommovog QCC5125 Bluetooth 5.1 \u010dipa, koji podr\u017eava aptX, aptX HD, aptX Adaptive i LDAC.","robots":{"index":"index","follow":"follow","max-snippet":"max-snippet:-1","max-image-preview":"max-image-preview:large","max-video-preview":"max-video-preview:-1"},"canonical":"https:\/\/hd-multimedia.com\/sl\/trgovina\/topping-d90-iii-discrete\/","og_locale":"sl_SI","og_type":"article","og_title":"Topping D90 III Discrete - hd-multimedia","og_description":"Ure\u0111aj uklju\u010duje naprednu tehnologiju poput Qualcommovog QCC5125 Bluetooth 5.1 \u010dipa, koji podr\u017eava aptX, aptX HD, aptX Adaptive i LDAC.","og_url":"https:\/\/hd-multimedia.com\/sl\/trgovina\/topping-d90-iii-discrete\/","og_site_name":"hd-multimedia","article_modified_time":"2026-03-17T11:53:13+00:00","og_image":[{"width":900,"height":900,"url":"https:\/\/hd-multimedia.com\/hdm_media\/topping-d90-iii-discrete-dac-black-3.jpg","type":"image\/jpeg"}],"twitter_card":"summary_large_image","twitter_misc":{"Est. reading time":"1 minuta"},"schema":{"@context":"https:\/\/schema.org","@graph":[{"@type":"WebPage","@id":"https:\/\/hd-multimedia.com\/trgovina\/topping-d90-iii-discrete\/","url":"https:\/\/hd-multimedia.com\/trgovina\/topping-d90-iii-discrete\/","name":"Topping D90 III Discrete - hd-multimedia","isPartOf":{"@id":"https:\/\/hd-multimedia.com\/#website"},"datePublished":"2024-09-19T10:39:02+00:00","dateModified":"2026-03-17T11:53:13+00:00","description":"Ure\u0111aj uklju\u010duje naprednu tehnologiju poput Qualcommovog QCC5125 Bluetooth 5.1 \u010dipa, koji podr\u017eava aptX, aptX HD, aptX Adaptive i LDAC.","breadcrumb":{"@id":"https:\/\/hd-multimedia.com\/trgovina\/topping-d90-iii-discrete\/#breadcrumb"},"inLanguage":"sl-SI","potentialAction":[{"@type":"ReadAction","target":["https:\/\/hd-multimedia.com\/trgovina\/topping-d90-iii-discrete\/"]}]},{"@type":"BreadcrumbList","@id":"https:\/\/hd-multimedia.com\/trgovina\/topping-d90-iii-discrete\/#breadcrumb","itemListElement":[{"@type":"ListItem","position":1,"name":"Po\u010detna stranica","item":"https:\/\/hd-multimedia.com\/"},{"@type":"ListItem","position":2,"name":"Trgovina","item":"https:\/\/hd-multimedia.com\/trgovina\/"},{"@type":"ListItem","position":3,"name":"Topping D90 III Discrete"}]},{"@type":"WebSite","@id":"https:\/\/hd-multimedia.com\/#website","url":"https:\/\/hd-multimedia.com\/","name":"hd-multimedia","description":"","publisher":{"@id":"https:\/\/hd-multimedia.com\/#organization"},"potentialAction":[{"@type":"SearchAction","target":{"@type":"EntryPoint","urlTemplate":"https:\/\/hd-multimedia.com\/?s={search_term_string}"},"query-input":"required name=search_term_string"}],"inLanguage":"sl-SI"},{"@type":"Organization","@id":"https:\/\/hd-multimedia.com\/#organization","name":"hd-multimedia","url":"https:\/\/hd-multimedia.com\/","logo":{"@type":"ImageObject","inLanguage":"sl-SI","@id":"https:\/\/hd-multimedia.com\/#\/schema\/logo\/image\/","url":"https:\/\/hd-multimedia.com\/hdm_media\/HD-curves-ok-196-56px-alpha-1.png","contentUrl":"https:\/\/hd-multimedia.com\/hdm_media\/HD-curves-ok-196-56px-alpha-1.png","width":196,"height":53,"caption":"hd-multimedia"},"image":{"@id":"https:\/\/hd-multimedia.com\/#\/schema\/logo\/image\/"}}]}},"post_mailing_queue_ids":[],"_links":{"self":[{"href":"https:\/\/hd-multimedia.com\/sl\/wp-json\/wp\/v2\/product\/16737","targetHints":{"allow":["GET"]}}],"collection":[{"href":"https:\/\/hd-multimedia.com\/sl\/wp-json\/wp\/v2\/product"}],"about":[{"href":"https:\/\/hd-multimedia.com\/sl\/wp-json\/wp\/v2\/types\/product"}],"version-history":[{"count":7,"href":"https:\/\/hd-multimedia.com\/sl\/wp-json\/wp\/v2\/product\/16737\/revisions"}],"predecessor-version":[{"id":18963,"href":"https:\/\/hd-multimedia.com\/sl\/wp-json\/wp\/v2\/product\/16737\/revisions\/18963"}],"wp:featuredmedia":[{"embeddable":true,"href":"https:\/\/hd-multimedia.com\/sl\/wp-json\/wp\/v2\/media\/16742"}],"wp:attachment":[{"href":"https:\/\/hd-multimedia.com\/sl\/wp-json\/wp\/v2\/media?parent=16737"}],"curies":[{"name":"wp","href":"https:\/\/api.w.org\/{rel}","templated":true}]}}