{"id":16728,"date":"2024-09-19T09:18:58","date_gmt":"2024-09-19T09:18:58","guid":{"rendered":"https:\/\/hd-multimedia.com\/?post_type=product&#038;p=16728"},"modified":"2026-02-09T09:34:09","modified_gmt":"2026-02-09T09:34:09","slug":"topping-b200","status":"publish","type":"product","link":"https:\/\/hd-multimedia.com\/sl\/trgovina\/topping-b200\/","title":{"rendered":"Topping B200"},"content":{"rendered":"<div class=\"flex-shrink-0 flex flex-col relative items-end\">\n<div>\n<div class=\"pt-0\">\n<div class=\"gizmo-bot-avatar flex h-8 w-8 items-center justify-center overflow-hidden rounded-full\">\n<div class=\"relative p-1 rounded-sm flex items-center justify-center bg-token-main-surface-primary text-token-text-primary h-8 w-8\"><strong style=\"font-size: 16px;\">Specifikacije izdelka:<\/strong><\/div>\n<\/div>\n<\/div>\n<\/div>\n<\/div>\n<div class=\"group\/conversation-turn relative flex w-full min-w-0 flex-col agent-turn\">\n<div class=\"flex-col gap-1 md:gap-3\">\n<div class=\"flex max-w-full flex-col flex-grow\">\n<div class=\"min-h-[20px] text-message flex w-full flex-col items-end gap-2 whitespace-normal break-words [.text-message+&amp;]:mt-5\" dir=\"auto\" data-message-author-role=\"assistant\" data-message-id=\"2e13ebd2-a268-447d-9d2c-ddb0deb407c9\">\n<div class=\"flex w-full flex-col gap-1 empty:hidden first:pt-[3px]\">\n<div class=\"markdown prose w-full break-words dark:prose-invert dark\">\n<ul>\n<li><strong>Vrsta izdelka:<\/strong> Power Amplifier<\/li>\n<li><strong>Oja\u010ditev:<\/strong> NFCA Amplifier Circuit with Discrete Components<\/li>\n<li><strong>Kanali:<\/strong> Mono<\/li>\n<\/ul>\n<p><strong>Inputs:<\/strong><\/p>\n<ul>\n<li>3x Balanced XLR\/6.35mm Jack Combo Input<\/li>\n<\/ul>\n<p><strong>Output:<\/strong><\/p>\n<ul>\n<li>Speaker Terminal Block<\/li>\n<\/ul>\n<p><strong>Frekven\u010dni odziv:<\/strong><\/p>\n<ul>\n<li>20Hz-40kHz (+\/-2dB)<\/li>\n<li>20Hz-100kHz (+\/-0,4dB)<\/li>\n<\/ul>\n<p><strong>Izhodna raven:<\/strong><\/p>\n<ul>\n<li>80Vpp pri 4\u03a9<\/li>\n<li>110 Vpp pri 8 \u03a9<\/li>\n<\/ul>\n<p><strong>Izhodna impedanca:<\/strong><\/p>\n<ul>\n<li>&lt;5m\u03a9<\/li>\n<\/ul>\n<p><strong>Vhodna impedanca:<\/strong><\/p>\n<ul>\n<li>10 k\u03a9<\/li>\n<\/ul>\n<\/div>\n<\/div>\n<\/div>\n<\/div>\n<\/div>\n<\/div>","protected":false},"excerpt":{"rendered":"<p>Oja\u010devalnik mo\u010di Topping B200 je visoko u\u010dinkovit mono oja\u010devalnik, ki uporablja oja\u010devalno vezje NFCA z diskretnimi komponentami, zasnovanim za zagotavljanje impresivne mo\u010di in hkrati ohranjanje izjemne kakovosti zvoka. Lahko zagotovi 200 W mo\u010di pri 4 ohmih in 8 ohmih, z izjemno nizkim popa\u010denjem (&lt;0,000075%) in dinami\u010dnim razponom 145 dB. Vmesnik B200 je minimalisti\u010den s tremi uravnote\u017eenimi kombiniranimi vhodi XLR\/6,35 mm, ki podpirajo priklju\u010dke XLR in 3,5 mm, ter izhodom za zvo\u010dnike. Dvostopenjski nadzor oja\u010denja (11,6 dB nizko oja\u010denje, 22,0 dB visoko oja\u010denje) omogo\u010da prilagajanje oja\u010devalnika razli\u010dnim zvo\u010dnikom in konfiguracijam. B200, ki je v elegantnem aluminijastem ohi\u0161ju, ima tudi 12 V spro\u017eilec za brezhibno integracijo z va\u0161im Hi-Fi sistemom, ki se samodejno vklopi, ko je sistem aktiviran.<\/p>\n<p>Popolna dvojna mono konfiguracija zahteva dva mono oja\u010devalnika B200 v kombinaciji s pasivnimi zvo\u010dniki, kar zagotavlja popolnoma poglobljeno zvo\u010dno izku\u0161njo.<\/p>\n<p><a href=\"https:\/\/www.toppingaudio.com\/product-item\/b200\" target=\"_blank\" rel=\"noopener\">Ostale informacije najdete na tej povezavi.<\/a><\/p>","protected":false},"featured_media":16733,"template":"","meta":{"site-sidebar-layout":"default","site-content-layout":"","ast-site-content-layout":"default","site-content-style":"default","site-sidebar-style":"default","ast-global-header-display":"","ast-banner-title-visibility":"","ast-main-header-display":"","ast-hfb-above-header-display":"","ast-hfb-below-header-display":"","ast-hfb-mobile-header-display":"","site-post-title":"","ast-breadcrumbs-content":"","ast-featured-img":"","footer-sml-layout":"","theme-transparent-header-meta":"default","adv-header-id-meta":"","stick-header-meta":"default","header-above-stick-meta":"","header-main-stick-meta":"","header-below-stick-meta":"","astra-migrate-meta-layouts":"set","ast-page-background-enabled":"default","ast-page-background-meta":{"desktop":{"background-color":"","background-image":"","background-repeat":"repeat","background-position":"center center","background-size":"auto","background-attachment":"scroll","background-type":"","background-media":"","overlay-type":"","overlay-color":"","overlay-opacity":"","overlay-gradient":""},"tablet":{"background-color":"","background-image":"","background-repeat":"repeat","background-position":"center center","background-size":"auto","background-attachment":"scroll","background-type":"","background-media":"","overlay-type":"","overlay-color":"","overlay-opacity":"","overlay-gradient":""},"mobile":{"background-color":"","background-image":"","background-repeat":"repeat","background-position":"center center","background-size":"auto","background-attachment":"scroll","background-type":"","background-media":"","overlay-type":"","overlay-color":"","overlay-opacity":"","overlay-gradient":""}},"ast-content-background-meta":{"desktop":{"background-color":"var(--ast-global-color-5)","background-image":"","background-repeat":"repeat","background-position":"center center","background-size":"auto","background-attachment":"scroll","background-type":"","background-media":"","overlay-type":"","overlay-color":"","overlay-opacity":"","overlay-gradient":""},"tablet":{"background-color":"var(--ast-global-color-5)","background-image":"","background-repeat":"repeat","background-position":"center center","background-size":"auto","background-attachment":"scroll","background-type":"","background-media":"","overlay-type":"","overlay-color":"","overlay-opacity":"","overlay-gradient":""},"mobile":{"background-color":"var(--ast-global-color-5)","background-image":"","background-repeat":"repeat","background-position":"center center","background-size":"auto","background-attachment":"scroll","background-type":"","background-media":"","overlay-type":"","overlay-color":"","overlay-opacity":"","overlay-gradient":""}}},"class_list":["post-16728","product","type-product","status-publish","has-post-thumbnail","hentry","product_cat-pojacala-snage","product_cat-topping","desktop-align-center","tablet-align-center","mobile-align-center","ast-product-gallery-layout-horizontal","ast-magnify-disabled","ast-product-tabs-layout-horizontal"],"yoast_head":"<!-- This site is optimized with the Yoast SEO plugin v21.4 - https:\/\/yoast.com\/wordpress\/plugins\/seo\/ -->\n<title>Topping B200 - hd-multimedia<\/title>\n<meta name=\"description\" content=\"Topping B200 poja\u010dalo snage je visokou\u010dinkovito mono poja\u010dalo koje koristi NFCA poja\u010dava\u010dki sklop s diskretnim komponentama.\" \/>\n<meta name=\"robots\" content=\"index, follow, max-snippet:-1, max-image-preview:large, max-video-preview:-1\" \/>\n<link rel=\"canonical\" href=\"https:\/\/hd-multimedia.com\/sl\/trgovina\/topping-b200\/\" \/>\n<meta property=\"og:locale\" content=\"sl_SI\" \/>\n<meta property=\"og:type\" content=\"article\" \/>\n<meta property=\"og:title\" content=\"Topping B200 - hd-multimedia\" \/>\n<meta property=\"og:description\" content=\"Topping B200 poja\u010dalo snage je visokou\u010dinkovito mono poja\u010dalo koje koristi NFCA poja\u010dava\u010dki sklop s diskretnim komponentama.\" \/>\n<meta property=\"og:url\" content=\"https:\/\/hd-multimedia.com\/sl\/trgovina\/topping-b200\/\" \/>\n<meta property=\"og:site_name\" content=\"hd-multimedia\" \/>\n<meta property=\"article:modified_time\" content=\"2026-02-09T09:34:09+00:00\" \/>\n<meta property=\"og:image\" content=\"https:\/\/hd-multimedia.com\/hdm_media\/topping-b200-black-2.jpg\" \/>\n\t<meta property=\"og:image:width\" content=\"900\" \/>\n\t<meta property=\"og:image:height\" content=\"900\" \/>\n\t<meta property=\"og:image:type\" content=\"image\/jpeg\" \/>\n<meta name=\"twitter:card\" content=\"summary_large_image\" \/>\n<meta name=\"twitter:label1\" content=\"Est. reading time\" \/>\n\t<meta name=\"twitter:data1\" content=\"1 minuta\" \/>\n<script type=\"application\/ld+json\" class=\"yoast-schema-graph\">{\"@context\":\"https:\/\/schema.org\",\"@graph\":[{\"@type\":\"WebPage\",\"@id\":\"https:\/\/hd-multimedia.com\/trgovina\/topping-b200\/\",\"url\":\"https:\/\/hd-multimedia.com\/trgovina\/topping-b200\/\",\"name\":\"Topping B200 - hd-multimedia\",\"isPartOf\":{\"@id\":\"https:\/\/hd-multimedia.com\/#website\"},\"datePublished\":\"2024-09-19T09:18:58+00:00\",\"dateModified\":\"2026-02-09T09:34:09+00:00\",\"description\":\"Topping B200 poja\u010dalo snage je visokou\u010dinkovito mono poja\u010dalo koje koristi NFCA poja\u010dava\u010dki sklop s diskretnim komponentama.\",\"breadcrumb\":{\"@id\":\"https:\/\/hd-multimedia.com\/trgovina\/topping-b200\/#breadcrumb\"},\"inLanguage\":\"sl-SI\",\"potentialAction\":[{\"@type\":\"ReadAction\",\"target\":[\"https:\/\/hd-multimedia.com\/trgovina\/topping-b200\/\"]}]},{\"@type\":\"BreadcrumbList\",\"@id\":\"https:\/\/hd-multimedia.com\/trgovina\/topping-b200\/#breadcrumb\",\"itemListElement\":[{\"@type\":\"ListItem\",\"position\":1,\"name\":\"Po\u010detna stranica\",\"item\":\"https:\/\/hd-multimedia.com\/\"},{\"@type\":\"ListItem\",\"position\":2,\"name\":\"Trgovina\",\"item\":\"https:\/\/hd-multimedia.com\/trgovina\/\"},{\"@type\":\"ListItem\",\"position\":3,\"name\":\"Topping B200\"}]},{\"@type\":\"WebSite\",\"@id\":\"https:\/\/hd-multimedia.com\/#website\",\"url\":\"https:\/\/hd-multimedia.com\/\",\"name\":\"hd-multimedia\",\"description\":\"\",\"publisher\":{\"@id\":\"https:\/\/hd-multimedia.com\/#organization\"},\"potentialAction\":[{\"@type\":\"SearchAction\",\"target\":{\"@type\":\"EntryPoint\",\"urlTemplate\":\"https:\/\/hd-multimedia.com\/?s={search_term_string}\"},\"query-input\":\"required name=search_term_string\"}],\"inLanguage\":\"sl-SI\"},{\"@type\":\"Organization\",\"@id\":\"https:\/\/hd-multimedia.com\/#organization\",\"name\":\"hd-multimedia\",\"url\":\"https:\/\/hd-multimedia.com\/\",\"logo\":{\"@type\":\"ImageObject\",\"inLanguage\":\"sl-SI\",\"@id\":\"https:\/\/hd-multimedia.com\/#\/schema\/logo\/image\/\",\"url\":\"https:\/\/hd-multimedia.com\/hdm_media\/HD-curves-ok-196-56px-alpha-1.png\",\"contentUrl\":\"https:\/\/hd-multimedia.com\/hdm_media\/HD-curves-ok-196-56px-alpha-1.png\",\"width\":196,\"height\":53,\"caption\":\"hd-multimedia\"},\"image\":{\"@id\":\"https:\/\/hd-multimedia.com\/#\/schema\/logo\/image\/\"}}]}<\/script>\n<!-- \/ Yoast SEO plugin. -->","yoast_head_json":{"title":"Topping B200 - hd-multimedia","description":"Topping B200 poja\u010dalo snage je visokou\u010dinkovito mono poja\u010dalo koje koristi NFCA poja\u010dava\u010dki sklop s diskretnim komponentama.","robots":{"index":"index","follow":"follow","max-snippet":"max-snippet:-1","max-image-preview":"max-image-preview:large","max-video-preview":"max-video-preview:-1"},"canonical":"https:\/\/hd-multimedia.com\/sl\/trgovina\/topping-b200\/","og_locale":"sl_SI","og_type":"article","og_title":"Topping B200 - hd-multimedia","og_description":"Topping B200 poja\u010dalo snage je visokou\u010dinkovito mono poja\u010dalo koje koristi NFCA poja\u010dava\u010dki sklop s diskretnim komponentama.","og_url":"https:\/\/hd-multimedia.com\/sl\/trgovina\/topping-b200\/","og_site_name":"hd-multimedia","article_modified_time":"2026-02-09T09:34:09+00:00","og_image":[{"width":900,"height":900,"url":"https:\/\/hd-multimedia.com\/hdm_media\/topping-b200-black-2.jpg","type":"image\/jpeg"}],"twitter_card":"summary_large_image","twitter_misc":{"Est. reading time":"1 minuta"},"schema":{"@context":"https:\/\/schema.org","@graph":[{"@type":"WebPage","@id":"https:\/\/hd-multimedia.com\/trgovina\/topping-b200\/","url":"https:\/\/hd-multimedia.com\/trgovina\/topping-b200\/","name":"Topping B200 - hd-multimedia","isPartOf":{"@id":"https:\/\/hd-multimedia.com\/#website"},"datePublished":"2024-09-19T09:18:58+00:00","dateModified":"2026-02-09T09:34:09+00:00","description":"Topping B200 poja\u010dalo snage je visokou\u010dinkovito mono poja\u010dalo koje koristi NFCA poja\u010dava\u010dki sklop s diskretnim komponentama.","breadcrumb":{"@id":"https:\/\/hd-multimedia.com\/trgovina\/topping-b200\/#breadcrumb"},"inLanguage":"sl-SI","potentialAction":[{"@type":"ReadAction","target":["https:\/\/hd-multimedia.com\/trgovina\/topping-b200\/"]}]},{"@type":"BreadcrumbList","@id":"https:\/\/hd-multimedia.com\/trgovina\/topping-b200\/#breadcrumb","itemListElement":[{"@type":"ListItem","position":1,"name":"Po\u010detna stranica","item":"https:\/\/hd-multimedia.com\/"},{"@type":"ListItem","position":2,"name":"Trgovina","item":"https:\/\/hd-multimedia.com\/trgovina\/"},{"@type":"ListItem","position":3,"name":"Topping B200"}]},{"@type":"WebSite","@id":"https:\/\/hd-multimedia.com\/#website","url":"https:\/\/hd-multimedia.com\/","name":"hd-multimedia","description":"","publisher":{"@id":"https:\/\/hd-multimedia.com\/#organization"},"potentialAction":[{"@type":"SearchAction","target":{"@type":"EntryPoint","urlTemplate":"https:\/\/hd-multimedia.com\/?s={search_term_string}"},"query-input":"required name=search_term_string"}],"inLanguage":"sl-SI"},{"@type":"Organization","@id":"https:\/\/hd-multimedia.com\/#organization","name":"hd-multimedia","url":"https:\/\/hd-multimedia.com\/","logo":{"@type":"ImageObject","inLanguage":"sl-SI","@id":"https:\/\/hd-multimedia.com\/#\/schema\/logo\/image\/","url":"https:\/\/hd-multimedia.com\/hdm_media\/HD-curves-ok-196-56px-alpha-1.png","contentUrl":"https:\/\/hd-multimedia.com\/hdm_media\/HD-curves-ok-196-56px-alpha-1.png","width":196,"height":53,"caption":"hd-multimedia"},"image":{"@id":"https:\/\/hd-multimedia.com\/#\/schema\/logo\/image\/"}}]}},"post_mailing_queue_ids":[],"_links":{"self":[{"href":"https:\/\/hd-multimedia.com\/sl\/wp-json\/wp\/v2\/product\/16728","targetHints":{"allow":["GET"]}}],"collection":[{"href":"https:\/\/hd-multimedia.com\/sl\/wp-json\/wp\/v2\/product"}],"about":[{"href":"https:\/\/hd-multimedia.com\/sl\/wp-json\/wp\/v2\/types\/product"}],"version-history":[{"count":10,"href":"https:\/\/hd-multimedia.com\/sl\/wp-json\/wp\/v2\/product\/16728\/revisions"}],"predecessor-version":[{"id":18805,"href":"https:\/\/hd-multimedia.com\/sl\/wp-json\/wp\/v2\/product\/16728\/revisions\/18805"}],"wp:featuredmedia":[{"embeddable":true,"href":"https:\/\/hd-multimedia.com\/sl\/wp-json\/wp\/v2\/media\/16733"}],"wp:attachment":[{"href":"https:\/\/hd-multimedia.com\/sl\/wp-json\/wp\/v2\/media?parent=16728"}],"curies":[{"name":"wp","href":"https:\/\/api.w.org\/{rel}","templated":true}]}}