{"id":16720,"date":"2024-09-19T08:36:50","date_gmt":"2024-09-19T08:36:50","guid":{"rendered":"https:\/\/hd-multimedia.com\/?post_type=product&#038;p=16720"},"modified":"2025-06-16T11:29:41","modified_gmt":"2025-06-16T11:29:41","slug":"topping-b100","status":"publish","type":"product","link":"https:\/\/hd-multimedia.com\/sl\/trgovina\/topping-b100\/","title":{"rendered":"Topping B100"},"content":{"rendered":"<div class=\"flex-shrink-0 flex flex-col relative items-end\">\n<div>\n<div class=\"pt-0\">\n<div class=\"gizmo-bot-avatar flex h-8 w-8 items-center justify-center overflow-hidden rounded-full\">\n<div class=\"relative p-1 rounded-sm flex items-center justify-center bg-token-main-surface-primary text-token-text-primary h-8 w-8\"><\/div>\n<\/div>\n<\/div>\n<\/div>\n<\/div>\n<div class=\"group\/conversation-turn relative flex w-full min-w-0 flex-col agent-turn\">\n<div class=\"flex-col gap-1 md:gap-3\">\n<div class=\"flex max-w-full flex-col flex-grow\">\n<div class=\"min-h-[20px] text-message flex w-full flex-col items-end gap-2 whitespace-normal break-words [.text-message+&amp;]:mt-5\" dir=\"auto\" data-message-author-role=\"assistant\" data-message-id=\"dfc759e2-8dfb-41d4-b8d1-04b6a96d9fdf\">\n<div class=\"flex w-full flex-col gap-1 empty:hidden first:pt-[3px]\">\n<div class=\"markdown prose w-full break-words dark:prose-invert dark\">\n<p><strong>Specifikacije izdelka:<\/strong><\/p>\n<ul>\n<li><strong>Vrsta izdelka:<\/strong> Power Amplifier<\/li>\n<li><strong>Kanal:<\/strong> Mono<\/li>\n<\/ul>\n<p><strong>Inputs:<\/strong><\/p>\n<ul>\n<li>1x Balanced TRS 6.35mm\/XLR Combo Jack Input<\/li>\n<li>1x RCA Input<\/li>\n<\/ul>\n<p><strong>Mere preliva B100:<\/strong><\/p>\n<table>\n<thead>\n<tr>\n<th><strong>Vrsta vnosa<\/strong><\/th>\n<th><strong>Uravnote\u017een<\/strong><\/th>\n<th><strong>Neuravnote\u017een<\/strong><\/th>\n<\/tr>\n<\/thead>\n<tbody>\n<tr>\n<td><strong>THD+N @ 1kHz (A-wt)<\/strong><\/td>\n<td>&lt;0,00008% pri 4\u03a9 5W<br \/>\n&lt;0,00008% pri 8\u03a9 5W<\/td>\n<td>&lt;0,00008% pri 4\u03a9 5W<br \/>\n&lt;0,00008% pri 8\u03a9 5W<\/td>\n<\/tr>\n<tr>\n<td><strong>THD @ 20-20kHz (90kBW)<\/strong><\/td>\n<td>&lt;0,00007% pri 4\u03a9 5W<br \/>\n&lt;0,00007% pri 8\u03a9 5W<\/td>\n<td>&lt;0,00007% pri 4\u03a9 5W<br \/>\n&lt;0,00007% pri 8\u03a9 5W<\/td>\n<\/tr>\n<tr>\n<td><strong>SNR (A-wt)<\/strong><\/td>\n<td>151 dB<\/td>\n<td>149 dB<\/td>\n<\/tr>\n<tr>\n<td><strong>Dinami\u010dni razpon<\/strong><\/td>\n<td>151 dB<\/td>\n<td>149 dB<\/td>\n<\/tr>\n<tr>\n<td><strong>Izhodna impedanca<\/strong><\/td>\n<td>&lt;5m\u03a9<\/td>\n<td>&lt;5m\u03a9<\/td>\n<\/tr>\n<tr>\n<td><strong>Vhodna impedanca<\/strong><\/td>\n<td>20k\u03a9<\/td>\n<td>5k\u03a9<\/td>\n<\/tr>\n<\/tbody>\n<\/table>\n<\/div>\n<\/div>\n<\/div>\n<\/div>\n<\/div>\n<\/div>","protected":false},"excerpt":{"rendered":"<p>Mono oja\u010devalnik Topping B100 je zelo u\u010dinkovita re\u0161itev za avdiofile, ki i\u0161\u010dejo mo\u010dan zvok brez kompromisov. Idealen za konfiguracije z dvojnim mono sistemom, B100 zdru\u017euje vrhunsko mo\u010d z natan\u010dno kakovostjo zvoka. Njegov vsestranski vmesnik vklju\u010duje uravnote\u017een kombinirani vhod TRS 6,35 mm\/XLR, vhod RCA in izhod za zvo\u010dnike. Poleg tega 12V spro\u017eilec omogo\u010da enostavno integracijo z drugimi napravami, kar omogo\u010da hkraten vklop. Na zadnji strani je tristopenjski regulator oja\u010danja, ki ponuja dodatne mo\u017enosti prilagajanja zvoka za razli\u010dne nastavitve. Pri 5 W B100 vzdr\u017euje THD+N manj kot 0,00007%, kar se kosa z natan\u010dnostjo vrhunskih DAC \u010dipov, kot je ES9039SPRO. Pri 8 ohmih oja\u010devalnik zagotavlja 50 W mo\u010di, kar zagotavlja podrobno in mo\u010dno reprodukcijo zvoka tudi za najzahtevnej\u0161e zvo\u010dne signale.<\/p>\n<p>Popolna dvojna mono konfiguracija zahteva dva mono oja\u010devalnika B100 v kombinaciji s pasivnimi zvo\u010dniki, kar zagotavlja popolnoma poglobljeno zvo\u010dno izku\u0161njo.<\/p>\n<p><a href=\"https:\/\/www.toppingaudio.com\/product-item\/b100\" target=\"_blank\" rel=\"noopener\">Ostale informacije najdete na tej povezavi.<\/a><\/p>","protected":false},"featured_media":16722,"template":"","meta":{"site-sidebar-layout":"default","site-content-layout":"","ast-site-content-layout":"default","site-content-style":"default","site-sidebar-style":"default","ast-global-header-display":"","ast-banner-title-visibility":"","ast-main-header-display":"","ast-hfb-above-header-display":"","ast-hfb-below-header-display":"","ast-hfb-mobile-header-display":"","site-post-title":"","ast-breadcrumbs-content":"","ast-featured-img":"","footer-sml-layout":"","theme-transparent-header-meta":"default","adv-header-id-meta":"","stick-header-meta":"default","header-above-stick-meta":"","header-main-stick-meta":"","header-below-stick-meta":"","astra-migrate-meta-layouts":"set","ast-page-background-enabled":"default","ast-page-background-meta":{"desktop":{"background-color":"","background-image":"","background-repeat":"repeat","background-position":"center center","background-size":"auto","background-attachment":"scroll","background-type":"","background-media":"","overlay-type":"","overlay-color":"","overlay-opacity":"","overlay-gradient":""},"tablet":{"background-color":"","background-image":"","background-repeat":"repeat","background-position":"center center","background-size":"auto","background-attachment":"scroll","background-type":"","background-media":"","overlay-type":"","overlay-color":"","overlay-opacity":"","overlay-gradient":""},"mobile":{"background-color":"","background-image":"","background-repeat":"repeat","background-position":"center center","background-size":"auto","background-attachment":"scroll","background-type":"","background-media":"","overlay-type":"","overlay-color":"","overlay-opacity":"","overlay-gradient":""}},"ast-content-background-meta":{"desktop":{"background-color":"var(--ast-global-color-5)","background-image":"","background-repeat":"repeat","background-position":"center center","background-size":"auto","background-attachment":"scroll","background-type":"","background-media":"","overlay-type":"","overlay-color":"","overlay-opacity":"","overlay-gradient":""},"tablet":{"background-color":"var(--ast-global-color-5)","background-image":"","background-repeat":"repeat","background-position":"center center","background-size":"auto","background-attachment":"scroll","background-type":"","background-media":"","overlay-type":"","overlay-color":"","overlay-opacity":"","overlay-gradient":""},"mobile":{"background-color":"var(--ast-global-color-5)","background-image":"","background-repeat":"repeat","background-position":"center center","background-size":"auto","background-attachment":"scroll","background-type":"","background-media":"","overlay-type":"","overlay-color":"","overlay-opacity":"","overlay-gradient":""}}},"class_list":["post-16720","product","type-product","status-publish","has-post-thumbnail","hentry","product_cat-pojacala-snage","product_cat-topping","desktop-align-center","tablet-align-center","mobile-align-center","ast-product-gallery-layout-horizontal","ast-magnify-disabled","ast-product-tabs-layout-horizontal"],"yoast_head":"<!-- This site is optimized with the Yoast SEO plugin v21.4 - https:\/\/yoast.com\/wordpress\/plugins\/seo\/ -->\n<title>Topping B100 - hd-multimedia<\/title>\n<meta name=\"description\" content=\"Topping B100 mono poja\u010dalo, visoko je u\u010dinkovito rje\u0161enje za audiofile koji tra\u017ee sna\u017ean zvuk bez kompromisa. Idealno za dual-mono konfiguracije.\" \/>\n<meta name=\"robots\" content=\"index, follow, max-snippet:-1, max-image-preview:large, max-video-preview:-1\" \/>\n<link rel=\"canonical\" href=\"https:\/\/hd-multimedia.com\/sl\/trgovina\/topping-b100\/\" \/>\n<meta property=\"og:locale\" content=\"sl_SI\" \/>\n<meta property=\"og:type\" content=\"article\" \/>\n<meta property=\"og:title\" content=\"Topping B100 - hd-multimedia\" \/>\n<meta property=\"og:description\" content=\"Topping B100 mono poja\u010dalo, visoko je u\u010dinkovito rje\u0161enje za audiofile koji tra\u017ee sna\u017ean zvuk bez kompromisa. Idealno za dual-mono konfiguracije.\" \/>\n<meta property=\"og:url\" content=\"https:\/\/hd-multimedia.com\/sl\/trgovina\/topping-b100\/\" \/>\n<meta property=\"og:site_name\" content=\"hd-multimedia\" \/>\n<meta property=\"article:modified_time\" content=\"2025-06-16T11:29:41+00:00\" \/>\n<meta property=\"og:image\" content=\"https:\/\/hd-multimedia.com\/hdm_media\/topping-b100-black-2.jpg\" \/>\n\t<meta property=\"og:image:width\" content=\"900\" \/>\n\t<meta property=\"og:image:height\" content=\"900\" \/>\n\t<meta property=\"og:image:type\" content=\"image\/jpeg\" \/>\n<meta name=\"twitter:card\" content=\"summary_large_image\" \/>\n<meta name=\"twitter:label1\" content=\"Est. reading time\" \/>\n\t<meta name=\"twitter:data1\" content=\"1 minuta\" \/>\n<script type=\"application\/ld+json\" class=\"yoast-schema-graph\">{\"@context\":\"https:\/\/schema.org\",\"@graph\":[{\"@type\":\"WebPage\",\"@id\":\"https:\/\/hd-multimedia.com\/trgovina\/topping-b100\/\",\"url\":\"https:\/\/hd-multimedia.com\/trgovina\/topping-b100\/\",\"name\":\"Topping B100 - hd-multimedia\",\"isPartOf\":{\"@id\":\"https:\/\/hd-multimedia.com\/#website\"},\"datePublished\":\"2024-09-19T08:36:50+00:00\",\"dateModified\":\"2025-06-16T11:29:41+00:00\",\"description\":\"Topping B100 mono poja\u010dalo, visoko je u\u010dinkovito rje\u0161enje za audiofile koji tra\u017ee sna\u017ean zvuk bez kompromisa. Idealno za dual-mono konfiguracije.\",\"breadcrumb\":{\"@id\":\"https:\/\/hd-multimedia.com\/trgovina\/topping-b100\/#breadcrumb\"},\"inLanguage\":\"sl-SI\",\"potentialAction\":[{\"@type\":\"ReadAction\",\"target\":[\"https:\/\/hd-multimedia.com\/trgovina\/topping-b100\/\"]}]},{\"@type\":\"BreadcrumbList\",\"@id\":\"https:\/\/hd-multimedia.com\/trgovina\/topping-b100\/#breadcrumb\",\"itemListElement\":[{\"@type\":\"ListItem\",\"position\":1,\"name\":\"Po\u010detna stranica\",\"item\":\"https:\/\/hd-multimedia.com\/\"},{\"@type\":\"ListItem\",\"position\":2,\"name\":\"Trgovina\",\"item\":\"https:\/\/hd-multimedia.com\/trgovina\/\"},{\"@type\":\"ListItem\",\"position\":3,\"name\":\"Topping B100\"}]},{\"@type\":\"WebSite\",\"@id\":\"https:\/\/hd-multimedia.com\/#website\",\"url\":\"https:\/\/hd-multimedia.com\/\",\"name\":\"hd-multimedia\",\"description\":\"\",\"publisher\":{\"@id\":\"https:\/\/hd-multimedia.com\/#organization\"},\"potentialAction\":[{\"@type\":\"SearchAction\",\"target\":{\"@type\":\"EntryPoint\",\"urlTemplate\":\"https:\/\/hd-multimedia.com\/?s={search_term_string}\"},\"query-input\":\"required name=search_term_string\"}],\"inLanguage\":\"sl-SI\"},{\"@type\":\"Organization\",\"@id\":\"https:\/\/hd-multimedia.com\/#organization\",\"name\":\"hd-multimedia\",\"url\":\"https:\/\/hd-multimedia.com\/\",\"logo\":{\"@type\":\"ImageObject\",\"inLanguage\":\"sl-SI\",\"@id\":\"https:\/\/hd-multimedia.com\/#\/schema\/logo\/image\/\",\"url\":\"https:\/\/hd-multimedia.com\/hdm_media\/HD-curves-ok-196-56px-alpha-1.png\",\"contentUrl\":\"https:\/\/hd-multimedia.com\/hdm_media\/HD-curves-ok-196-56px-alpha-1.png\",\"width\":196,\"height\":53,\"caption\":\"hd-multimedia\"},\"image\":{\"@id\":\"https:\/\/hd-multimedia.com\/#\/schema\/logo\/image\/\"}}]}<\/script>\n<!-- \/ Yoast SEO plugin. -->","yoast_head_json":{"title":"Topping B100 - hd-multimedia","description":"Topping B100 mono poja\u010dalo, visoko je u\u010dinkovito rje\u0161enje za audiofile koji tra\u017ee sna\u017ean zvuk bez kompromisa. Idealno za dual-mono konfiguracije.","robots":{"index":"index","follow":"follow","max-snippet":"max-snippet:-1","max-image-preview":"max-image-preview:large","max-video-preview":"max-video-preview:-1"},"canonical":"https:\/\/hd-multimedia.com\/sl\/trgovina\/topping-b100\/","og_locale":"sl_SI","og_type":"article","og_title":"Topping B100 - hd-multimedia","og_description":"Topping B100 mono poja\u010dalo, visoko je u\u010dinkovito rje\u0161enje za audiofile koji tra\u017ee sna\u017ean zvuk bez kompromisa. Idealno za dual-mono konfiguracije.","og_url":"https:\/\/hd-multimedia.com\/sl\/trgovina\/topping-b100\/","og_site_name":"hd-multimedia","article_modified_time":"2025-06-16T11:29:41+00:00","og_image":[{"width":900,"height":900,"url":"https:\/\/hd-multimedia.com\/hdm_media\/topping-b100-black-2.jpg","type":"image\/jpeg"}],"twitter_card":"summary_large_image","twitter_misc":{"Est. reading time":"1 minuta"},"schema":{"@context":"https:\/\/schema.org","@graph":[{"@type":"WebPage","@id":"https:\/\/hd-multimedia.com\/trgovina\/topping-b100\/","url":"https:\/\/hd-multimedia.com\/trgovina\/topping-b100\/","name":"Topping B100 - hd-multimedia","isPartOf":{"@id":"https:\/\/hd-multimedia.com\/#website"},"datePublished":"2024-09-19T08:36:50+00:00","dateModified":"2025-06-16T11:29:41+00:00","description":"Topping B100 mono poja\u010dalo, visoko je u\u010dinkovito rje\u0161enje za audiofile koji tra\u017ee sna\u017ean zvuk bez kompromisa. Idealno za dual-mono konfiguracije.","breadcrumb":{"@id":"https:\/\/hd-multimedia.com\/trgovina\/topping-b100\/#breadcrumb"},"inLanguage":"sl-SI","potentialAction":[{"@type":"ReadAction","target":["https:\/\/hd-multimedia.com\/trgovina\/topping-b100\/"]}]},{"@type":"BreadcrumbList","@id":"https:\/\/hd-multimedia.com\/trgovina\/topping-b100\/#breadcrumb","itemListElement":[{"@type":"ListItem","position":1,"name":"Po\u010detna stranica","item":"https:\/\/hd-multimedia.com\/"},{"@type":"ListItem","position":2,"name":"Trgovina","item":"https:\/\/hd-multimedia.com\/trgovina\/"},{"@type":"ListItem","position":3,"name":"Topping B100"}]},{"@type":"WebSite","@id":"https:\/\/hd-multimedia.com\/#website","url":"https:\/\/hd-multimedia.com\/","name":"hd-multimedia","description":"","publisher":{"@id":"https:\/\/hd-multimedia.com\/#organization"},"potentialAction":[{"@type":"SearchAction","target":{"@type":"EntryPoint","urlTemplate":"https:\/\/hd-multimedia.com\/?s={search_term_string}"},"query-input":"required name=search_term_string"}],"inLanguage":"sl-SI"},{"@type":"Organization","@id":"https:\/\/hd-multimedia.com\/#organization","name":"hd-multimedia","url":"https:\/\/hd-multimedia.com\/","logo":{"@type":"ImageObject","inLanguage":"sl-SI","@id":"https:\/\/hd-multimedia.com\/#\/schema\/logo\/image\/","url":"https:\/\/hd-multimedia.com\/hdm_media\/HD-curves-ok-196-56px-alpha-1.png","contentUrl":"https:\/\/hd-multimedia.com\/hdm_media\/HD-curves-ok-196-56px-alpha-1.png","width":196,"height":53,"caption":"hd-multimedia"},"image":{"@id":"https:\/\/hd-multimedia.com\/#\/schema\/logo\/image\/"}}]}},"post_mailing_queue_ids":[],"_links":{"self":[{"href":"https:\/\/hd-multimedia.com\/sl\/wp-json\/wp\/v2\/product\/16720","targetHints":{"allow":["GET"]}}],"collection":[{"href":"https:\/\/hd-multimedia.com\/sl\/wp-json\/wp\/v2\/product"}],"about":[{"href":"https:\/\/hd-multimedia.com\/sl\/wp-json\/wp\/v2\/types\/product"}],"version-history":[{"count":5,"href":"https:\/\/hd-multimedia.com\/sl\/wp-json\/wp\/v2\/product\/16720\/revisions"}],"predecessor-version":[{"id":18597,"href":"https:\/\/hd-multimedia.com\/sl\/wp-json\/wp\/v2\/product\/16720\/revisions\/18597"}],"wp:featuredmedia":[{"embeddable":true,"href":"https:\/\/hd-multimedia.com\/sl\/wp-json\/wp\/v2\/media\/16722"}],"wp:attachment":[{"href":"https:\/\/hd-multimedia.com\/sl\/wp-json\/wp\/v2\/media?parent=16720"}],"curies":[{"name":"wp","href":"https:\/\/api.w.org\/{rel}","templated":true}]}}