{"id":167,"date":"2019-08-21T09:47:43","date_gmt":"2019-08-21T09:47:43","guid":{"rendered":"https:\/\/hd-multimedia.com\/?product=edifier-s880db"},"modified":"2026-03-24T09:59:35","modified_gmt":"2026-03-24T09:59:35","slug":"edifier-s880db","status":"publish","type":"product","link":"https:\/\/hd-multimedia.com\/sl\/trgovina\/edifier-s880db\/","title":{"rendered":"Edifier S880DB"},"content":{"rendered":"<p>HiFi stereo aktivni zvo\u010dniki studijske kakovosti, z Bluetooth povezavo, z analognimi RCA in digitalnimi vhodi (opcija). Upravljanje je mo\u017eno prek enostavno dostopnih kontrol na zadnji strani zvo\u010dnika ali z daljinskim upravljalnikom, ki je prilo\u017een zvo\u010dnikom. Nastavite glasnost, nizke in visoke tone z gumbi na zadnji strani zvo\u010dnika z vgrajenim oja\u010devalnikom.<br \/>\n19 mm kupolasti visokotonec je izdelan iz visoko poliranega titanovega laminata. S880DB zagotavlja visoko ob\u010dutljivo in optimalno lo\u010dljivost s svetlo in jasno zmogljivostjo. Edifier S880DB uporablja 3,75-pal\u010dni srednje nizkotonski zvo\u010dnik s kovinsko membrano. Aluminijast okvir zagotavlja ve\u010djo trdnost in minimalne tresljaje za crossover. To vodi do izjemno ostre dinamike za S880DB. Odpravite potrebo po zunanjem oja\u010devalniku ali sprejemniku z vgrajenim oja\u010devalnikom. S temi zvo\u010dniki se pove\u017eite neposredno z virom. V \u0161katli so prilo\u017eeni vsi potrebni kabli za povezavo z virom po va\u0161i izbiri.<\/p>\n<p><a href=\"https:\/\/www.edifier.com\/global\/p\/bookshelf-speakers\/s880db\" target=\"_blank\" rel=\"noopener\">Ostale informacije najdete na tej povezavi.<\/a><\/p>","protected":false},"excerpt":{"rendered":"<p>Z izhodno mo\u010djo 88 W RMS Edifier S880DB napolni vsak koti\u010dek va\u0161e sobe z realisti\u010dnim glasom in impresivnim zvokom. Visokokakovostno leseno ohi\u0161je zmanj\u0161a akusti\u010dno resonanco in dodatno zmanj\u0161a popa\u010denje. Bluetooth V5.0 ima visoko lo\u010dljivost, stabilen prenos, nizko porabo energije in \u0161iroko uporabo, kar zagotavlja visokokakovostno zvo\u010dno izku\u0161njo. Na voljo je ve\u010d vmesnikov za povezavo z razli\u010dnimi avdio viri. U\u017eivajte v glasbi iz AUX, PC, USB, OPT ali COX. Z zadnjimi gumbi in daljinskim upravljalnikom enostavno upravljajte in u\u017eivajte v vseh funkcijah. Na voljo so \u0161tirje prednastavljeni izena\u010devalniki, ki ustrezajo va\u0161im najljub\u0161im glasbenim zvrstem.<\/p>\n<p><a href=\"https:\/\/www.edifier.com\/global\/p\/bookshelf-speakers\/s880db\" target=\"_blank\" rel=\"noopener\">Ostale informacije najdete na tej povezavi.<\/a><\/p>","protected":false},"featured_media":2827,"template":"","meta":{"site-sidebar-layout":"default","site-content-layout":"default","ast-site-content-layout":"default","site-content-style":"default","site-sidebar-style":"default","ast-global-header-display":"","ast-banner-title-visibility":"","ast-main-header-display":"","ast-hfb-above-header-display":"","ast-hfb-below-header-display":"","ast-hfb-mobile-header-display":"","site-post-title":"","ast-breadcrumbs-content":"","ast-featured-img":"","footer-sml-layout":"","theme-transparent-header-meta":"default","adv-header-id-meta":"","stick-header-meta":"default","header-above-stick-meta":"","header-main-stick-meta":"","header-below-stick-meta":"","astra-migrate-meta-layouts":"set","ast-page-background-enabled":"default","ast-page-background-meta":{"desktop":{"background-color":"","background-image":"","background-repeat":"repeat","background-position":"center center","background-size":"auto","background-attachment":"scroll","background-type":"","background-media":"","overlay-type":"","overlay-color":"","overlay-opacity":"","overlay-gradient":""},"tablet":{"background-color":"","background-image":"","background-repeat":"repeat","background-position":"center center","background-size":"auto","background-attachment":"scroll","background-type":"","background-media":"","overlay-type":"","overlay-color":"","overlay-opacity":"","overlay-gradient":""},"mobile":{"background-color":"","background-image":"","background-repeat":"repeat","background-position":"center center","background-size":"auto","background-attachment":"scroll","background-type":"","background-media":"","overlay-type":"","overlay-color":"","overlay-opacity":"","overlay-gradient":""}},"ast-content-background-meta":{"desktop":{"background-color":"var(--ast-global-color-5)","background-image":"","background-repeat":"repeat","background-position":"center center","background-size":"auto","background-attachment":"scroll","background-type":"","background-media":"","overlay-type":"","overlay-color":"","overlay-opacity":"","overlay-gradient":""},"tablet":{"background-color":"var(--ast-global-color-5)","background-image":"","background-repeat":"repeat","background-position":"center center","background-size":"auto","background-attachment":"scroll","background-type":"","background-media":"","overlay-type":"","overlay-color":"","overlay-opacity":"","overlay-gradient":""},"mobile":{"background-color":"var(--ast-global-color-5)","background-image":"","background-repeat":"repeat","background-position":"center center","background-size":"auto","background-attachment":"scroll","background-type":"","background-media":"","overlay-type":"","overlay-color":"","overlay-opacity":"","overlay-gradient":""}}},"class_list":["post-167","product","type-product","status-publish","has-post-thumbnail","hentry","product_cat-aktivne-zvucne-kutije","product_cat-edifier","desktop-align-center","tablet-align-center","mobile-align-center","ast-product-gallery-layout-horizontal","ast-magnify-disabled","ast-product-tabs-layout-horizontal"],"yoast_head":"<!-- This site is optimized with the Yoast SEO plugin v21.4 - https:\/\/yoast.com\/wordpress\/plugins\/seo\/ -->\n<title>Edifier S880DB - hd-multimedia<\/title>\n<meta name=\"description\" content=\"Pomo\u0107u izlazne snage od 88 W RMS, Edifier S880DB ispunjava realisti\u010dan glas i impresivan zvuk u svakom kutu va\u0161e sobe ili poslovnog prostora.\" \/>\n<meta name=\"robots\" content=\"index, follow, max-snippet:-1, max-image-preview:large, max-video-preview:-1\" \/>\n<link rel=\"canonical\" href=\"https:\/\/hd-multimedia.com\/sl\/trgovina\/edifier-s880db\/\" \/>\n<meta property=\"og:locale\" content=\"sl_SI\" \/>\n<meta property=\"og:type\" content=\"article\" \/>\n<meta property=\"og:title\" content=\"Edifier S880DB - hd-multimedia\" \/>\n<meta property=\"og:description\" content=\"Pomo\u0107u izlazne snage od 88 W RMS, Edifier S880DB ispunjava realisti\u010dan glas i impresivan zvuk u svakom kutu va\u0161e sobe ili poslovnog prostora.\" \/>\n<meta property=\"og:url\" content=\"https:\/\/hd-multimedia.com\/sl\/trgovina\/edifier-s880db\/\" \/>\n<meta property=\"og:site_name\" content=\"hd-multimedia\" \/>\n<meta property=\"article:modified_time\" content=\"2026-03-24T09:59:35+00:00\" \/>\n<meta property=\"og:image\" content=\"https:\/\/hd-multimedia.com\/hdm_media\/edifier-s880db-e1583414814511.jpg\" \/>\n\t<meta property=\"og:image:width\" content=\"1170\" \/>\n\t<meta property=\"og:image:height\" content=\"1170\" \/>\n\t<meta property=\"og:image:type\" content=\"image\/jpeg\" \/>\n<meta name=\"twitter:card\" content=\"summary_large_image\" \/>\n<meta name=\"twitter:label1\" content=\"Est. reading time\" \/>\n\t<meta name=\"twitter:data1\" content=\"1 minuta\" \/>\n<script type=\"application\/ld+json\" class=\"yoast-schema-graph\">{\"@context\":\"https:\/\/schema.org\",\"@graph\":[{\"@type\":\"WebPage\",\"@id\":\"https:\/\/hd-multimedia.com\/trgovina\/edifier-s880db\/\",\"url\":\"https:\/\/hd-multimedia.com\/trgovina\/edifier-s880db\/\",\"name\":\"Edifier S880DB - hd-multimedia\",\"isPartOf\":{\"@id\":\"https:\/\/hd-multimedia.com\/#website\"},\"datePublished\":\"2019-08-21T09:47:43+00:00\",\"dateModified\":\"2026-03-24T09:59:35+00:00\",\"description\":\"Pomo\u0107u izlazne snage od 88 W RMS, Edifier S880DB ispunjava realisti\u010dan glas i impresivan zvuk u svakom kutu va\u0161e sobe ili poslovnog prostora.\",\"breadcrumb\":{\"@id\":\"https:\/\/hd-multimedia.com\/trgovina\/edifier-s880db\/#breadcrumb\"},\"inLanguage\":\"sl-SI\",\"potentialAction\":[{\"@type\":\"ReadAction\",\"target\":[\"https:\/\/hd-multimedia.com\/trgovina\/edifier-s880db\/\"]}]},{\"@type\":\"BreadcrumbList\",\"@id\":\"https:\/\/hd-multimedia.com\/trgovina\/edifier-s880db\/#breadcrumb\",\"itemListElement\":[{\"@type\":\"ListItem\",\"position\":1,\"name\":\"Po\u010detna stranica\",\"item\":\"https:\/\/hd-multimedia.com\/\"},{\"@type\":\"ListItem\",\"position\":2,\"name\":\"Trgovina\",\"item\":\"https:\/\/hd-multimedia.com\/trgovina\/\"},{\"@type\":\"ListItem\",\"position\":3,\"name\":\"Edifier S880DB\"}]},{\"@type\":\"WebSite\",\"@id\":\"https:\/\/hd-multimedia.com\/#website\",\"url\":\"https:\/\/hd-multimedia.com\/\",\"name\":\"hd-multimedia\",\"description\":\"\",\"publisher\":{\"@id\":\"https:\/\/hd-multimedia.com\/#organization\"},\"potentialAction\":[{\"@type\":\"SearchAction\",\"target\":{\"@type\":\"EntryPoint\",\"urlTemplate\":\"https:\/\/hd-multimedia.com\/?s={search_term_string}\"},\"query-input\":\"required name=search_term_string\"}],\"inLanguage\":\"sl-SI\"},{\"@type\":\"Organization\",\"@id\":\"https:\/\/hd-multimedia.com\/#organization\",\"name\":\"hd-multimedia\",\"url\":\"https:\/\/hd-multimedia.com\/\",\"logo\":{\"@type\":\"ImageObject\",\"inLanguage\":\"sl-SI\",\"@id\":\"https:\/\/hd-multimedia.com\/#\/schema\/logo\/image\/\",\"url\":\"https:\/\/hd-multimedia.com\/hdm_media\/HD-curves-ok-196-56px-alpha-1.png\",\"contentUrl\":\"https:\/\/hd-multimedia.com\/hdm_media\/HD-curves-ok-196-56px-alpha-1.png\",\"width\":196,\"height\":53,\"caption\":\"hd-multimedia\"},\"image\":{\"@id\":\"https:\/\/hd-multimedia.com\/#\/schema\/logo\/image\/\"}}]}<\/script>\n<!-- \/ Yoast SEO plugin. -->","yoast_head_json":{"title":"Edifier S880DB - hd-multimedia","description":"Pomo\u0107u izlazne snage od 88 W RMS, Edifier S880DB ispunjava realisti\u010dan glas i impresivan zvuk u svakom kutu va\u0161e sobe ili poslovnog prostora.","robots":{"index":"index","follow":"follow","max-snippet":"max-snippet:-1","max-image-preview":"max-image-preview:large","max-video-preview":"max-video-preview:-1"},"canonical":"https:\/\/hd-multimedia.com\/sl\/trgovina\/edifier-s880db\/","og_locale":"sl_SI","og_type":"article","og_title":"Edifier S880DB - hd-multimedia","og_description":"Pomo\u0107u izlazne snage od 88 W RMS, Edifier S880DB ispunjava realisti\u010dan glas i impresivan zvuk u svakom kutu va\u0161e sobe ili poslovnog prostora.","og_url":"https:\/\/hd-multimedia.com\/sl\/trgovina\/edifier-s880db\/","og_site_name":"hd-multimedia","article_modified_time":"2026-03-24T09:59:35+00:00","og_image":[{"width":1170,"height":1170,"url":"https:\/\/hd-multimedia.com\/hdm_media\/edifier-s880db-e1583414814511.jpg","type":"image\/jpeg"}],"twitter_card":"summary_large_image","twitter_misc":{"Est. reading time":"1 minuta"},"schema":{"@context":"https:\/\/schema.org","@graph":[{"@type":"WebPage","@id":"https:\/\/hd-multimedia.com\/trgovina\/edifier-s880db\/","url":"https:\/\/hd-multimedia.com\/trgovina\/edifier-s880db\/","name":"Edifier S880DB - hd-multimedia","isPartOf":{"@id":"https:\/\/hd-multimedia.com\/#website"},"datePublished":"2019-08-21T09:47:43+00:00","dateModified":"2026-03-24T09:59:35+00:00","description":"Pomo\u0107u izlazne snage od 88 W RMS, Edifier S880DB ispunjava realisti\u010dan glas i impresivan zvuk u svakom kutu va\u0161e sobe ili poslovnog prostora.","breadcrumb":{"@id":"https:\/\/hd-multimedia.com\/trgovina\/edifier-s880db\/#breadcrumb"},"inLanguage":"sl-SI","potentialAction":[{"@type":"ReadAction","target":["https:\/\/hd-multimedia.com\/trgovina\/edifier-s880db\/"]}]},{"@type":"BreadcrumbList","@id":"https:\/\/hd-multimedia.com\/trgovina\/edifier-s880db\/#breadcrumb","itemListElement":[{"@type":"ListItem","position":1,"name":"Po\u010detna stranica","item":"https:\/\/hd-multimedia.com\/"},{"@type":"ListItem","position":2,"name":"Trgovina","item":"https:\/\/hd-multimedia.com\/trgovina\/"},{"@type":"ListItem","position":3,"name":"Edifier S880DB"}]},{"@type":"WebSite","@id":"https:\/\/hd-multimedia.com\/#website","url":"https:\/\/hd-multimedia.com\/","name":"hd-multimedia","description":"","publisher":{"@id":"https:\/\/hd-multimedia.com\/#organization"},"potentialAction":[{"@type":"SearchAction","target":{"@type":"EntryPoint","urlTemplate":"https:\/\/hd-multimedia.com\/?s={search_term_string}"},"query-input":"required name=search_term_string"}],"inLanguage":"sl-SI"},{"@type":"Organization","@id":"https:\/\/hd-multimedia.com\/#organization","name":"hd-multimedia","url":"https:\/\/hd-multimedia.com\/","logo":{"@type":"ImageObject","inLanguage":"sl-SI","@id":"https:\/\/hd-multimedia.com\/#\/schema\/logo\/image\/","url":"https:\/\/hd-multimedia.com\/hdm_media\/HD-curves-ok-196-56px-alpha-1.png","contentUrl":"https:\/\/hd-multimedia.com\/hdm_media\/HD-curves-ok-196-56px-alpha-1.png","width":196,"height":53,"caption":"hd-multimedia"},"image":{"@id":"https:\/\/hd-multimedia.com\/#\/schema\/logo\/image\/"}}]}},"post_mailing_queue_ids":[],"_links":{"self":[{"href":"https:\/\/hd-multimedia.com\/sl\/wp-json\/wp\/v2\/product\/167","targetHints":{"allow":["GET"]}}],"collection":[{"href":"https:\/\/hd-multimedia.com\/sl\/wp-json\/wp\/v2\/product"}],"about":[{"href":"https:\/\/hd-multimedia.com\/sl\/wp-json\/wp\/v2\/types\/product"}],"version-history":[{"count":6,"href":"https:\/\/hd-multimedia.com\/sl\/wp-json\/wp\/v2\/product\/167\/revisions"}],"predecessor-version":[{"id":13519,"href":"https:\/\/hd-multimedia.com\/sl\/wp-json\/wp\/v2\/product\/167\/revisions\/13519"}],"wp:featuredmedia":[{"embeddable":true,"href":"https:\/\/hd-multimedia.com\/sl\/wp-json\/wp\/v2\/media\/2827"}],"wp:attachment":[{"href":"https:\/\/hd-multimedia.com\/sl\/wp-json\/wp\/v2\/media?parent=167"}],"curies":[{"name":"wp","href":"https:\/\/api.w.org\/{rel}","templated":true}]}}