{"id":16102,"date":"2024-07-24T07:05:52","date_gmt":"2024-07-24T07:05:52","guid":{"rendered":"https:\/\/hd-multimedia.com\/?post_type=product&#038;p=16102"},"modified":"2026-04-02T11:55:45","modified_gmt":"2026-04-02T11:55:45","slug":"fiio-fd11-type-c","status":"publish","type":"product","link":"https:\/\/hd-multimedia.com\/sl\/trgovina\/fiio-fd11-type-c\/","title":{"rendered":"FiiO FD11 type C"},"content":{"rendered":"<p>Konstrukcija iz tla\u010dno ulite cinkove zlitine, ki jo je navdihnila oblika \u0161koljke, ponuja teko\u010d in vzdr\u017eljiv videz. Akusti\u010dna cev v obliki \u010drke C izbolj\u0161a kakovost zvoka s poudarkom na nizkih tonih. Kljub temu, da ima samo en dinami\u010dni gonilnik, FD11 z lahkoto obvladuje nizke frekvence in jasno reproducira podrobnosti glasbe, s poudarkom na dolo\u010denih frekvencah za realisti\u010den in prostoren zvok.<\/p>\n<div class=\"group\/conversation-turn relative flex w-full min-w-0 flex-col agent-turn\">\n<div class=\"flex-col gap-1 md:gap-3\">\n<div class=\"flex flex-grow flex-col max-w-full\">\n<div class=\"min-h-[20px] text-message flex w-full flex-col items-end gap-2 whitespace-pre-wrap break-words [.text-message+&amp;]:mt-5 overflow-x-auto\" dir=\"auto\" data-message-author-role=\"assistant\" data-message-id=\"5235fbc0-a434-4ada-a463-b59fa5f237cf\">\n<div class=\"flex w-full flex-col gap-1 empty:hidden first:pt-[3px]\"><\/div>\n<\/div>\n<\/div>\n<\/div>\n<\/div>\n<ul>\n<li><strong>VRSTA:<\/strong> In-Ear<\/li>\n<li><strong style=\"font-size: 16px;\">IMPEDANCA:<\/strong><span style=\"font-size: 16px;\"> 32 \u03a9<\/span><\/li>\n<li><strong style=\"font-size: 16px;\">FREKVEN\u010cNI ODZIV:<\/strong><span style=\"font-size: 16px;\"> 10Hz \u2013 40.000Hz<\/span><\/li>\n<li><strong style=\"font-size: 16px;\">OB\u010cUTLJIVOST:<\/strong><span style=\"font-size: 16px;\"> 103 dB\/mW<\/span><\/li>\n<li><strong style=\"font-size: 16px;\">VRSTA GONILNIKA:<\/strong><span style=\"font-size: 16px;\"> 10 mm karbon<\/span><\/li>\n<li><strong style=\"font-size: 16px;\">NAJVE\u010cJA VHODNA MO\u010c:<\/strong><span style=\"font-size: 16px;\"> 100 mW<\/span><\/li>\n<li><strong style=\"font-size: 16px;\">KABEL:<\/strong><span style=\"font-size: 16px;\"> Monokristalni kabel z 2 pinoma 0,78 mm<\/span><\/li>\n<li><strong style=\"font-size: 16px;\">PRIKLJU\u010cEK:<\/strong><span style=\"font-size: 16px;\">\u00a0Pozla\u010den 3,5 mm mini jack<\/span><\/li>\n<\/ul>","protected":false},"excerpt":{"rendered":"<p>Fiio FD11 tip C so u\u0161esne slu\u0161alke z 10 mm dinami\u010dnim gonilnikom, izdelane iz tla\u010dno lite cinkove zlitine, ki izstopajo tako po \u010distem zvoku kot inovativni zasnovi. Vklju\u010dujejo asimetri\u010dna notranja in zunanja magnetna vezja, ki zagotavljajo natan\u010dno nastavljen frekven\u010dni odziv, certificiran za visokokakovosten zvok. Z uporabo najsodobnej\u0161ih tehnik ima Fiio FD11 tip C diafragmo na osnovi ogljika, ki je la\u017eja od aluminija ali berilija, kar omogo\u010da visoko odzivnost in minimalno popa\u010denje. Neodimski magneti N52 zagotavljajo ob\u010dutljivost 111 dB\/mW pri 1 kHz. Poleg tega dvoslojna dinami\u010dna zadnja votlina voznika nadzoruje pretok zraka in zmanj\u0161uje popa\u010denje, kar ima za posledico podrobne visoke tone in mo\u010dne nizke tone.<\/p>\n<p><a href=\"https:\/\/www.fiio.com\/fd11\" target=\"_blank\" rel=\"noopener\">Ostale informacije najdete na tej povezavi.<\/a><\/p>","protected":false},"featured_media":16104,"template":"","meta":{"site-sidebar-layout":"default","site-content-layout":"","ast-site-content-layout":"default","site-content-style":"default","site-sidebar-style":"default","ast-global-header-display":"","ast-banner-title-visibility":"","ast-main-header-display":"","ast-hfb-above-header-display":"","ast-hfb-below-header-display":"","ast-hfb-mobile-header-display":"","site-post-title":"","ast-breadcrumbs-content":"","ast-featured-img":"","footer-sml-layout":"","theme-transparent-header-meta":"default","adv-header-id-meta":"","stick-header-meta":"default","header-above-stick-meta":"","header-main-stick-meta":"","header-below-stick-meta":"","astra-migrate-meta-layouts":"set","ast-page-background-enabled":"default","ast-page-background-meta":{"desktop":{"background-color":"","background-image":"","background-repeat":"repeat","background-position":"center center","background-size":"auto","background-attachment":"scroll","background-type":"","background-media":"","overlay-type":"","overlay-color":"","overlay-opacity":"","overlay-gradient":""},"tablet":{"background-color":"","background-image":"","background-repeat":"repeat","background-position":"center center","background-size":"auto","background-attachment":"scroll","background-type":"","background-media":"","overlay-type":"","overlay-color":"","overlay-opacity":"","overlay-gradient":""},"mobile":{"background-color":"","background-image":"","background-repeat":"repeat","background-position":"center center","background-size":"auto","background-attachment":"scroll","background-type":"","background-media":"","overlay-type":"","overlay-color":"","overlay-opacity":"","overlay-gradient":""}},"ast-content-background-meta":{"desktop":{"background-color":"var(--ast-global-color-5)","background-image":"","background-repeat":"repeat","background-position":"center center","background-size":"auto","background-attachment":"scroll","background-type":"","background-media":"","overlay-type":"","overlay-color":"","overlay-opacity":"","overlay-gradient":""},"tablet":{"background-color":"var(--ast-global-color-5)","background-image":"","background-repeat":"repeat","background-position":"center center","background-size":"auto","background-attachment":"scroll","background-type":"","background-media":"","overlay-type":"","overlay-color":"","overlay-opacity":"","overlay-gradient":""},"mobile":{"background-color":"var(--ast-global-color-5)","background-image":"","background-repeat":"repeat","background-position":"center center","background-size":"auto","background-attachment":"scroll","background-type":"","background-media":"","overlay-type":"","overlay-color":"","overlay-opacity":"","overlay-gradient":""}}},"class_list":["post-16102","product","type-product","status-publish","has-post-thumbnail","hentry","product_cat-usne-slusalice-iem","product_cat-fiio","product_tag-novo-u-ponudi-fiio","desktop-align-center","tablet-align-center","mobile-align-center","ast-product-gallery-layout-horizontal","ast-magnify-disabled","ast-product-tabs-layout-horizontal"],"yoast_head":"<!-- This site is optimized with the Yoast SEO plugin v21.4 - https:\/\/yoast.com\/wordpress\/plugins\/seo\/ -->\n<title>FiiO FD11 type C - hd-multimedia<\/title>\n<meta name=\"description\" content=\"Fiio FD11 type C su in-ear slu\u0161alice s dinami\u010dkim driverom od 10 mm izra\u0111ene od legure cinka lijevane pod tlakomi i isti\u010du se po \u010distom zvuku.\" \/>\n<meta name=\"robots\" content=\"index, follow, max-snippet:-1, max-image-preview:large, max-video-preview:-1\" \/>\n<link rel=\"canonical\" href=\"https:\/\/hd-multimedia.com\/sl\/trgovina\/fiio-fd11-type-c\/\" \/>\n<meta property=\"og:locale\" content=\"sl_SI\" \/>\n<meta property=\"og:type\" content=\"article\" \/>\n<meta property=\"og:title\" content=\"FiiO FD11 type C - hd-multimedia\" \/>\n<meta property=\"og:description\" content=\"Fiio FD11 type C su in-ear slu\u0161alice s dinami\u010dkim driverom od 10 mm izra\u0111ene od legure cinka lijevane pod tlakomi i isti\u010du se po \u010distom zvuku.\" \/>\n<meta property=\"og:url\" content=\"https:\/\/hd-multimedia.com\/sl\/trgovina\/fiio-fd11-type-c\/\" \/>\n<meta property=\"og:site_name\" content=\"hd-multimedia\" \/>\n<meta property=\"article:modified_time\" content=\"2026-04-02T11:55:45+00:00\" \/>\n<meta property=\"og:image\" content=\"https:\/\/hd-multimedia.com\/hdm_media\/Capture3-e1721804512783.png\" \/>\n\t<meta property=\"og:image:width\" content=\"520\" \/>\n\t<meta property=\"og:image:height\" content=\"520\" \/>\n\t<meta property=\"og:image:type\" content=\"image\/png\" \/>\n<meta name=\"twitter:card\" content=\"summary_large_image\" \/>\n<meta name=\"twitter:label1\" content=\"Est. reading time\" \/>\n\t<meta name=\"twitter:data1\" content=\"1 minuta\" \/>\n<script type=\"application\/ld+json\" class=\"yoast-schema-graph\">{\"@context\":\"https:\/\/schema.org\",\"@graph\":[{\"@type\":\"WebPage\",\"@id\":\"https:\/\/hd-multimedia.com\/trgovina\/fiio-fd11-type-c\/\",\"url\":\"https:\/\/hd-multimedia.com\/trgovina\/fiio-fd11-type-c\/\",\"name\":\"FiiO FD11 type C - hd-multimedia\",\"isPartOf\":{\"@id\":\"https:\/\/hd-multimedia.com\/#website\"},\"datePublished\":\"2024-07-24T07:05:52+00:00\",\"dateModified\":\"2026-04-02T11:55:45+00:00\",\"description\":\"Fiio FD11 type C su in-ear slu\u0161alice s dinami\u010dkim driverom od 10 mm izra\u0111ene od legure cinka lijevane pod tlakomi i isti\u010du se po \u010distom zvuku.\",\"breadcrumb\":{\"@id\":\"https:\/\/hd-multimedia.com\/trgovina\/fiio-fd11-type-c\/#breadcrumb\"},\"inLanguage\":\"sl-SI\",\"potentialAction\":[{\"@type\":\"ReadAction\",\"target\":[\"https:\/\/hd-multimedia.com\/trgovina\/fiio-fd11-type-c\/\"]}]},{\"@type\":\"BreadcrumbList\",\"@id\":\"https:\/\/hd-multimedia.com\/trgovina\/fiio-fd11-type-c\/#breadcrumb\",\"itemListElement\":[{\"@type\":\"ListItem\",\"position\":1,\"name\":\"Po\u010detna stranica\",\"item\":\"https:\/\/hd-multimedia.com\/\"},{\"@type\":\"ListItem\",\"position\":2,\"name\":\"Trgovina\",\"item\":\"https:\/\/hd-multimedia.com\/trgovina\/\"},{\"@type\":\"ListItem\",\"position\":3,\"name\":\"FiiO FD11 type C\"}]},{\"@type\":\"WebSite\",\"@id\":\"https:\/\/hd-multimedia.com\/#website\",\"url\":\"https:\/\/hd-multimedia.com\/\",\"name\":\"hd-multimedia\",\"description\":\"\",\"publisher\":{\"@id\":\"https:\/\/hd-multimedia.com\/#organization\"},\"potentialAction\":[{\"@type\":\"SearchAction\",\"target\":{\"@type\":\"EntryPoint\",\"urlTemplate\":\"https:\/\/hd-multimedia.com\/?s={search_term_string}\"},\"query-input\":\"required name=search_term_string\"}],\"inLanguage\":\"sl-SI\"},{\"@type\":\"Organization\",\"@id\":\"https:\/\/hd-multimedia.com\/#organization\",\"name\":\"hd-multimedia\",\"url\":\"https:\/\/hd-multimedia.com\/\",\"logo\":{\"@type\":\"ImageObject\",\"inLanguage\":\"sl-SI\",\"@id\":\"https:\/\/hd-multimedia.com\/#\/schema\/logo\/image\/\",\"url\":\"https:\/\/hd-multimedia.com\/hdm_media\/HD-curves-ok-196-56px-alpha-1.png\",\"contentUrl\":\"https:\/\/hd-multimedia.com\/hdm_media\/HD-curves-ok-196-56px-alpha-1.png\",\"width\":196,\"height\":53,\"caption\":\"hd-multimedia\"},\"image\":{\"@id\":\"https:\/\/hd-multimedia.com\/#\/schema\/logo\/image\/\"}}]}<\/script>\n<!-- \/ Yoast SEO plugin. -->","yoast_head_json":{"title":"FiiO FD11 type C - hd-multimedia","description":"Fiio FD11 type C su in-ear slu\u0161alice s dinami\u010dkim driverom od 10 mm izra\u0111ene od legure cinka lijevane pod tlakomi i isti\u010du se po \u010distom zvuku.","robots":{"index":"index","follow":"follow","max-snippet":"max-snippet:-1","max-image-preview":"max-image-preview:large","max-video-preview":"max-video-preview:-1"},"canonical":"https:\/\/hd-multimedia.com\/sl\/trgovina\/fiio-fd11-type-c\/","og_locale":"sl_SI","og_type":"article","og_title":"FiiO FD11 type C - hd-multimedia","og_description":"Fiio FD11 type C su in-ear slu\u0161alice s dinami\u010dkim driverom od 10 mm izra\u0111ene od legure cinka lijevane pod tlakomi i isti\u010du se po \u010distom zvuku.","og_url":"https:\/\/hd-multimedia.com\/sl\/trgovina\/fiio-fd11-type-c\/","og_site_name":"hd-multimedia","article_modified_time":"2026-04-02T11:55:45+00:00","og_image":[{"width":520,"height":520,"url":"https:\/\/hd-multimedia.com\/hdm_media\/Capture3-e1721804512783.png","type":"image\/png"}],"twitter_card":"summary_large_image","twitter_misc":{"Est. reading time":"1 minuta"},"schema":{"@context":"https:\/\/schema.org","@graph":[{"@type":"WebPage","@id":"https:\/\/hd-multimedia.com\/trgovina\/fiio-fd11-type-c\/","url":"https:\/\/hd-multimedia.com\/trgovina\/fiio-fd11-type-c\/","name":"FiiO FD11 type C - hd-multimedia","isPartOf":{"@id":"https:\/\/hd-multimedia.com\/#website"},"datePublished":"2024-07-24T07:05:52+00:00","dateModified":"2026-04-02T11:55:45+00:00","description":"Fiio FD11 type C su in-ear slu\u0161alice s dinami\u010dkim driverom od 10 mm izra\u0111ene od legure cinka lijevane pod tlakomi i isti\u010du se po \u010distom zvuku.","breadcrumb":{"@id":"https:\/\/hd-multimedia.com\/trgovina\/fiio-fd11-type-c\/#breadcrumb"},"inLanguage":"sl-SI","potentialAction":[{"@type":"ReadAction","target":["https:\/\/hd-multimedia.com\/trgovina\/fiio-fd11-type-c\/"]}]},{"@type":"BreadcrumbList","@id":"https:\/\/hd-multimedia.com\/trgovina\/fiio-fd11-type-c\/#breadcrumb","itemListElement":[{"@type":"ListItem","position":1,"name":"Po\u010detna stranica","item":"https:\/\/hd-multimedia.com\/"},{"@type":"ListItem","position":2,"name":"Trgovina","item":"https:\/\/hd-multimedia.com\/trgovina\/"},{"@type":"ListItem","position":3,"name":"FiiO FD11 type C"}]},{"@type":"WebSite","@id":"https:\/\/hd-multimedia.com\/#website","url":"https:\/\/hd-multimedia.com\/","name":"hd-multimedia","description":"","publisher":{"@id":"https:\/\/hd-multimedia.com\/#organization"},"potentialAction":[{"@type":"SearchAction","target":{"@type":"EntryPoint","urlTemplate":"https:\/\/hd-multimedia.com\/?s={search_term_string}"},"query-input":"required name=search_term_string"}],"inLanguage":"sl-SI"},{"@type":"Organization","@id":"https:\/\/hd-multimedia.com\/#organization","name":"hd-multimedia","url":"https:\/\/hd-multimedia.com\/","logo":{"@type":"ImageObject","inLanguage":"sl-SI","@id":"https:\/\/hd-multimedia.com\/#\/schema\/logo\/image\/","url":"https:\/\/hd-multimedia.com\/hdm_media\/HD-curves-ok-196-56px-alpha-1.png","contentUrl":"https:\/\/hd-multimedia.com\/hdm_media\/HD-curves-ok-196-56px-alpha-1.png","width":196,"height":53,"caption":"hd-multimedia"},"image":{"@id":"https:\/\/hd-multimedia.com\/#\/schema\/logo\/image\/"}}]}},"post_mailing_queue_ids":[],"_links":{"self":[{"href":"https:\/\/hd-multimedia.com\/sl\/wp-json\/wp\/v2\/product\/16102","targetHints":{"allow":["GET"]}}],"collection":[{"href":"https:\/\/hd-multimedia.com\/sl\/wp-json\/wp\/v2\/product"}],"about":[{"href":"https:\/\/hd-multimedia.com\/sl\/wp-json\/wp\/v2\/types\/product"}],"version-history":[{"count":5,"href":"https:\/\/hd-multimedia.com\/sl\/wp-json\/wp\/v2\/product\/16102\/revisions"}],"predecessor-version":[{"id":16123,"href":"https:\/\/hd-multimedia.com\/sl\/wp-json\/wp\/v2\/product\/16102\/revisions\/16123"}],"wp:featuredmedia":[{"embeddable":true,"href":"https:\/\/hd-multimedia.com\/sl\/wp-json\/wp\/v2\/media\/16104"}],"wp:attachment":[{"href":"https:\/\/hd-multimedia.com\/sl\/wp-json\/wp\/v2\/media?parent=16102"}],"curies":[{"name":"wp","href":"https:\/\/api.w.org\/{rel}","templated":true}]}}