{"id":16056,"date":"2024-07-22T09:07:38","date_gmt":"2024-07-22T09:07:38","guid":{"rendered":"https:\/\/hd-multimedia.com\/?post_type=product&#038;p=16056"},"modified":"2026-03-25T09:27:52","modified_gmt":"2026-03-25T09:27:52","slug":"fiio-k11-r2r","status":"publish","type":"product","link":"https:\/\/hd-multimedia.com\/sl\/trgovina\/fiio-k11-r2r\/","title":{"rendered":"FiiO K11 R2R"},"content":{"rendered":"<ul>\n<li>Popolnoma diferencialni 24-bitni upor R2R<\/li>\n<li>NOS\/OS dvojni na\u010din z mo\u017enostjo prostega preklapljanja<\/li>\n<li>Profesionalno oblikovan nabor \u010dipov za elektronski nadzor glasnosti (NJW1195A)<\/li>\n<li>Podpora za 32-bit\/384kHz PCM in izvorno obdelavo zvoka DSD256<\/li>\n<li>Profesionalni avdio oja\u010devalci<\/li>\n<li>Mo\u010dna mo\u010d 1300mW+1300mW<\/li>\n<li>Nastavljivo oja\u010danje v treh stopnjah<\/li>\n<li>Posebej zasnovan nizko\u0161umni napajalnik<\/li>\n<li>Dva izhoda za slu\u0161alke: 6,35 mm in 4,4 mm<\/li>\n<li>Visokokakovostni smaragdni kondenzatorji<\/li>\n<li>LCD zaslon po meri<\/li>\n<li>Global RGB lu\u010dka z logotipom<\/li>\n<\/ul>\n<p><a href=\"https:\/\/www.fiio.com\/k11r2r\" target=\"_blank\" rel=\"noopener\">Ostale informacije najdete na tej povezavi.<\/a><\/p>","protected":false},"excerpt":{"rendered":"<p>FiiO je lansiral novo razli\u010dico R2R svojega priznanega namiznega DAC\/AMP K11, ki vklju\u010duje lasten popolnoma diferencialni 24-bitni upor R2R za gladek in bogat zvok. K11 R2R ponuja dvojna na\u010dina delovanja NOS\/OS, vsak z razli\u010dnimi zvo\u010dnimi lastnostmi, in vklju\u010duje 6,35 mm enostranski in 4,4 mm uravnote\u017een izhod za slu\u0161alke. Opremljen z zmogljivim oja\u010devalnikom s tremi stopnjami nastavljivega oja\u010denja in visokokakovostnimi smaragdnimi kondenzatorji zagotavlja 1300 mW na kanal, kar lahko napaja zahtevne slu\u0161alke. Napredna zvo\u010dna elektronika naprave vklju\u010duje nizkoprepustne filtre Ti OPA1642 in dvojna operacijska oja\u010devalnika SGM8262, ki zagotavljata \u010dist in jasen izhod s temnim ozadjem. K11 R2R podpira dekodiranje zvo\u010dnih signalov visoke lo\u010dljivosti do 32-bit\/384kHz PCM in DSD256 ter ponuja bogat, podroben zvok. Vsebuje tudi profesionalno oblikovan tihi napajalnik s 17 natan\u010dnimi regulatorji napetosti IC in zunanjim 12 V napajalnikom, ki zagotavlja \u010dist izhod brez popa\u010denj.<\/p>\n<p><a href=\"https:\/\/www.fiio.com\/k11r2r\" target=\"_blank\" rel=\"noopener\">Ostale informacije najdete na tej povezavi.<\/a><\/p>","protected":false},"featured_media":16059,"template":"","meta":{"site-sidebar-layout":"default","site-content-layout":"","ast-site-content-layout":"default","site-content-style":"default","site-sidebar-style":"default","ast-global-header-display":"","ast-banner-title-visibility":"","ast-main-header-display":"","ast-hfb-above-header-display":"","ast-hfb-below-header-display":"","ast-hfb-mobile-header-display":"","site-post-title":"","ast-breadcrumbs-content":"","ast-featured-img":"","footer-sml-layout":"","theme-transparent-header-meta":"default","adv-header-id-meta":"","stick-header-meta":"default","header-above-stick-meta":"","header-main-stick-meta":"","header-below-stick-meta":"","astra-migrate-meta-layouts":"set","ast-page-background-enabled":"default","ast-page-background-meta":{"desktop":{"background-color":"","background-image":"","background-repeat":"repeat","background-position":"center center","background-size":"auto","background-attachment":"scroll","background-type":"","background-media":"","overlay-type":"","overlay-color":"","overlay-opacity":"","overlay-gradient":""},"tablet":{"background-color":"","background-image":"","background-repeat":"repeat","background-position":"center center","background-size":"auto","background-attachment":"scroll","background-type":"","background-media":"","overlay-type":"","overlay-color":"","overlay-opacity":"","overlay-gradient":""},"mobile":{"background-color":"","background-image":"","background-repeat":"repeat","background-position":"center center","background-size":"auto","background-attachment":"scroll","background-type":"","background-media":"","overlay-type":"","overlay-color":"","overlay-opacity":"","overlay-gradient":""}},"ast-content-background-meta":{"desktop":{"background-color":"var(--ast-global-color-5)","background-image":"","background-repeat":"repeat","background-position":"center center","background-size":"auto","background-attachment":"scroll","background-type":"","background-media":"","overlay-type":"","overlay-color":"","overlay-opacity":"","overlay-gradient":""},"tablet":{"background-color":"var(--ast-global-color-5)","background-image":"","background-repeat":"repeat","background-position":"center center","background-size":"auto","background-attachment":"scroll","background-type":"","background-media":"","overlay-type":"","overlay-color":"","overlay-opacity":"","overlay-gradient":""},"mobile":{"background-color":"var(--ast-global-color-5)","background-image":"","background-repeat":"repeat","background-position":"center center","background-size":"auto","background-attachment":"scroll","background-type":"","background-media":"","overlay-type":"","overlay-color":"","overlay-opacity":"","overlay-gradient":""}}},"class_list":["post-16056","product","type-product","status-publish","has-post-thumbnail","hentry","product_cat-dac","product_cat-fiio","product_tag-novo-u-ponudi-fiio","desktop-align-center","tablet-align-center","mobile-align-center","ast-product-gallery-layout-horizontal","ast-magnify-disabled","ast-product-single-variable","ast-product-tabs-layout-horizontal"],"yoast_head":"<!-- This site is optimized with the Yoast SEO plugin v21.4 - https:\/\/yoast.com\/wordpress\/plugins\/seo\/ -->\n<title>FiiO K11 R2R - hd-multimedia<\/title>\n<meta name=\"description\" content=\"FiiO je lansirao novu R2R varijantu svog K11 desktop DAC\/AMP-a, koja sadr\u017ei vlastiti potpuno diferencijalni 24-bitni R2R otpornik za glatki i bogati zvuk.\" \/>\n<meta name=\"robots\" content=\"index, follow, max-snippet:-1, max-image-preview:large, max-video-preview:-1\" \/>\n<link rel=\"canonical\" href=\"https:\/\/hd-multimedia.com\/sl\/trgovina\/fiio-k11-r2r\/\" \/>\n<meta property=\"og:locale\" content=\"sl_SI\" \/>\n<meta property=\"og:type\" content=\"article\" \/>\n<meta property=\"og:title\" content=\"FiiO K11 R2R - hd-multimedia\" \/>\n<meta property=\"og:description\" content=\"FiiO je lansirao novu R2R varijantu svog K11 desktop DAC\/AMP-a, koja sadr\u017ei vlastiti potpuno diferencijalni 24-bitni R2R otpornik za glatki i bogati zvuk.\" \/>\n<meta property=\"og:url\" content=\"https:\/\/hd-multimedia.com\/sl\/trgovina\/fiio-k11-r2r\/\" \/>\n<meta property=\"og:site_name\" content=\"hd-multimedia\" \/>\n<meta property=\"article:modified_time\" content=\"2026-03-25T09:27:52+00:00\" \/>\n<meta property=\"og:image\" content=\"https:\/\/hd-multimedia.com\/hdm_media\/9437493-e1721639064206.jpg\" \/>\n\t<meta property=\"og:image:width\" content=\"699\" \/>\n\t<meta property=\"og:image:height\" content=\"699\" \/>\n\t<meta property=\"og:image:type\" content=\"image\/jpeg\" \/>\n<meta name=\"twitter:card\" content=\"summary_large_image\" \/>\n<meta name=\"twitter:label1\" content=\"Est. reading time\" \/>\n\t<meta name=\"twitter:data1\" content=\"1 minuta\" \/>\n<script type=\"application\/ld+json\" class=\"yoast-schema-graph\">{\"@context\":\"https:\/\/schema.org\",\"@graph\":[{\"@type\":\"WebPage\",\"@id\":\"https:\/\/hd-multimedia.com\/trgovina\/fiio-k11-r2r\/\",\"url\":\"https:\/\/hd-multimedia.com\/trgovina\/fiio-k11-r2r\/\",\"name\":\"FiiO K11 R2R - hd-multimedia\",\"isPartOf\":{\"@id\":\"https:\/\/hd-multimedia.com\/#website\"},\"datePublished\":\"2024-07-22T09:07:38+00:00\",\"dateModified\":\"2026-03-25T09:27:52+00:00\",\"description\":\"FiiO je lansirao novu R2R varijantu svog K11 desktop DAC\/AMP-a, koja sadr\u017ei vlastiti potpuno diferencijalni 24-bitni R2R otpornik za glatki i bogati zvuk.\",\"breadcrumb\":{\"@id\":\"https:\/\/hd-multimedia.com\/trgovina\/fiio-k11-r2r\/#breadcrumb\"},\"inLanguage\":\"sl-SI\",\"potentialAction\":[{\"@type\":\"ReadAction\",\"target\":[\"https:\/\/hd-multimedia.com\/trgovina\/fiio-k11-r2r\/\"]}]},{\"@type\":\"BreadcrumbList\",\"@id\":\"https:\/\/hd-multimedia.com\/trgovina\/fiio-k11-r2r\/#breadcrumb\",\"itemListElement\":[{\"@type\":\"ListItem\",\"position\":1,\"name\":\"Po\u010detna stranica\",\"item\":\"https:\/\/hd-multimedia.com\/\"},{\"@type\":\"ListItem\",\"position\":2,\"name\":\"Trgovina\",\"item\":\"https:\/\/hd-multimedia.com\/trgovina\/\"},{\"@type\":\"ListItem\",\"position\":3,\"name\":\"FiiO K11 R2R\"}]},{\"@type\":\"WebSite\",\"@id\":\"https:\/\/hd-multimedia.com\/#website\",\"url\":\"https:\/\/hd-multimedia.com\/\",\"name\":\"hd-multimedia\",\"description\":\"\",\"publisher\":{\"@id\":\"https:\/\/hd-multimedia.com\/#organization\"},\"potentialAction\":[{\"@type\":\"SearchAction\",\"target\":{\"@type\":\"EntryPoint\",\"urlTemplate\":\"https:\/\/hd-multimedia.com\/?s={search_term_string}\"},\"query-input\":\"required name=search_term_string\"}],\"inLanguage\":\"sl-SI\"},{\"@type\":\"Organization\",\"@id\":\"https:\/\/hd-multimedia.com\/#organization\",\"name\":\"hd-multimedia\",\"url\":\"https:\/\/hd-multimedia.com\/\",\"logo\":{\"@type\":\"ImageObject\",\"inLanguage\":\"sl-SI\",\"@id\":\"https:\/\/hd-multimedia.com\/#\/schema\/logo\/image\/\",\"url\":\"https:\/\/hd-multimedia.com\/hdm_media\/HD-curves-ok-196-56px-alpha-1.png\",\"contentUrl\":\"https:\/\/hd-multimedia.com\/hdm_media\/HD-curves-ok-196-56px-alpha-1.png\",\"width\":196,\"height\":53,\"caption\":\"hd-multimedia\"},\"image\":{\"@id\":\"https:\/\/hd-multimedia.com\/#\/schema\/logo\/image\/\"}}]}<\/script>\n<!-- \/ Yoast SEO plugin. -->","yoast_head_json":{"title":"FiiO K11 R2R - hd-multimedia","description":"FiiO je lansirao novu R2R varijantu svog K11 desktop DAC\/AMP-a, koja sadr\u017ei vlastiti potpuno diferencijalni 24-bitni R2R otpornik za glatki i bogati zvuk.","robots":{"index":"index","follow":"follow","max-snippet":"max-snippet:-1","max-image-preview":"max-image-preview:large","max-video-preview":"max-video-preview:-1"},"canonical":"https:\/\/hd-multimedia.com\/sl\/trgovina\/fiio-k11-r2r\/","og_locale":"sl_SI","og_type":"article","og_title":"FiiO K11 R2R - hd-multimedia","og_description":"FiiO je lansirao novu R2R varijantu svog K11 desktop DAC\/AMP-a, koja sadr\u017ei vlastiti potpuno diferencijalni 24-bitni R2R otpornik za glatki i bogati zvuk.","og_url":"https:\/\/hd-multimedia.com\/sl\/trgovina\/fiio-k11-r2r\/","og_site_name":"hd-multimedia","article_modified_time":"2026-03-25T09:27:52+00:00","og_image":[{"width":699,"height":699,"url":"https:\/\/hd-multimedia.com\/hdm_media\/9437493-e1721639064206.jpg","type":"image\/jpeg"}],"twitter_card":"summary_large_image","twitter_misc":{"Est. reading time":"1 minuta"},"schema":{"@context":"https:\/\/schema.org","@graph":[{"@type":"WebPage","@id":"https:\/\/hd-multimedia.com\/trgovina\/fiio-k11-r2r\/","url":"https:\/\/hd-multimedia.com\/trgovina\/fiio-k11-r2r\/","name":"FiiO K11 R2R - hd-multimedia","isPartOf":{"@id":"https:\/\/hd-multimedia.com\/#website"},"datePublished":"2024-07-22T09:07:38+00:00","dateModified":"2026-03-25T09:27:52+00:00","description":"FiiO je lansirao novu R2R varijantu svog K11 desktop DAC\/AMP-a, koja sadr\u017ei vlastiti potpuno diferencijalni 24-bitni R2R otpornik za glatki i bogati zvuk.","breadcrumb":{"@id":"https:\/\/hd-multimedia.com\/trgovina\/fiio-k11-r2r\/#breadcrumb"},"inLanguage":"sl-SI","potentialAction":[{"@type":"ReadAction","target":["https:\/\/hd-multimedia.com\/trgovina\/fiio-k11-r2r\/"]}]},{"@type":"BreadcrumbList","@id":"https:\/\/hd-multimedia.com\/trgovina\/fiio-k11-r2r\/#breadcrumb","itemListElement":[{"@type":"ListItem","position":1,"name":"Po\u010detna stranica","item":"https:\/\/hd-multimedia.com\/"},{"@type":"ListItem","position":2,"name":"Trgovina","item":"https:\/\/hd-multimedia.com\/trgovina\/"},{"@type":"ListItem","position":3,"name":"FiiO K11 R2R"}]},{"@type":"WebSite","@id":"https:\/\/hd-multimedia.com\/#website","url":"https:\/\/hd-multimedia.com\/","name":"hd-multimedia","description":"","publisher":{"@id":"https:\/\/hd-multimedia.com\/#organization"},"potentialAction":[{"@type":"SearchAction","target":{"@type":"EntryPoint","urlTemplate":"https:\/\/hd-multimedia.com\/?s={search_term_string}"},"query-input":"required name=search_term_string"}],"inLanguage":"sl-SI"},{"@type":"Organization","@id":"https:\/\/hd-multimedia.com\/#organization","name":"hd-multimedia","url":"https:\/\/hd-multimedia.com\/","logo":{"@type":"ImageObject","inLanguage":"sl-SI","@id":"https:\/\/hd-multimedia.com\/#\/schema\/logo\/image\/","url":"https:\/\/hd-multimedia.com\/hdm_media\/HD-curves-ok-196-56px-alpha-1.png","contentUrl":"https:\/\/hd-multimedia.com\/hdm_media\/HD-curves-ok-196-56px-alpha-1.png","width":196,"height":53,"caption":"hd-multimedia"},"image":{"@id":"https:\/\/hd-multimedia.com\/#\/schema\/logo\/image\/"}}]}},"post_mailing_queue_ids":[],"_links":{"self":[{"href":"https:\/\/hd-multimedia.com\/sl\/wp-json\/wp\/v2\/product\/16056","targetHints":{"allow":["GET"]}}],"collection":[{"href":"https:\/\/hd-multimedia.com\/sl\/wp-json\/wp\/v2\/product"}],"about":[{"href":"https:\/\/hd-multimedia.com\/sl\/wp-json\/wp\/v2\/types\/product"}],"version-history":[{"count":4,"href":"https:\/\/hd-multimedia.com\/sl\/wp-json\/wp\/v2\/product\/16056\/revisions"}],"predecessor-version":[{"id":17321,"href":"https:\/\/hd-multimedia.com\/sl\/wp-json\/wp\/v2\/product\/16056\/revisions\/17321"}],"wp:featuredmedia":[{"embeddable":true,"href":"https:\/\/hd-multimedia.com\/sl\/wp-json\/wp\/v2\/media\/16059"}],"wp:attachment":[{"href":"https:\/\/hd-multimedia.com\/sl\/wp-json\/wp\/v2\/media?parent=16056"}],"curies":[{"name":"wp","href":"https:\/\/api.w.org\/{rel}","templated":true}]}}