{"id":15984,"date":"2024-06-25T09:57:17","date_gmt":"2024-06-25T09:57:17","guid":{"rendered":"https:\/\/hd-multimedia.com\/?post_type=product&#038;p=15984"},"modified":"2026-02-24T13:38:22","modified_gmt":"2026-02-24T13:38:22","slug":"varro-ps250-subwoofer","status":"publish","type":"product","link":"https:\/\/hd-multimedia.com\/sl\/trgovina\/varro-ps250-subwoofer\/","title":{"rendered":"Varro PS250 subwoofer"},"content":{"rendered":"<p>ELAC-ova 95-letna tradicija ustvarjanja zvo\u010dne odli\u010dnosti je o\u010ditna v teh nizkotonskih zvo\u010dnikih, zasnovanih za globok bas, mo\u010d in dinami\u010dne zmogljivosti, ki se popolnoma prilegajo vsakemu okolju. Napredni nadzor aplikacij skupaj s samodejnim izena\u010devalnikom optimizira akustiko prostora in omogo\u010da prilagodljivo postavitev brez \u017ertvovanja zmogljivosti, zaradi \u010desar so globokotonci ELAC najbolj\u0161i za vsako raven poslu\u0161anja.<\/p>\n<ul>\n<li><strong>Vrsta zvo\u010dnika:<\/strong> Bas Reflex<\/li>\n<li><strong>Nizkotonec:<\/strong> 10\u201d obdelan papir<\/li>\n<li><strong>Frekven\u010dni odziv (Anechoic):<\/strong> 27Hz do 150Hz<\/li>\n<li><strong>Frekven\u010dni odziv (v sobi):<\/strong> 24Hz do 150Hz<\/li>\n<li><strong>Najvi\u0161ja izhodna raven, SPL dB\/1m brez odmeva:<\/strong> 107 dB<\/li>\n<li><strong>Nizkoprepustna kretnica, Hz:<\/strong> 40Hz do 150Hz<\/li>\n<li><strong>Mo\u010d oja\u010devalnika, @4 Ohm (RMS\/Peak):<\/strong> 250\/500 vatov<\/li>\n<li><strong>Nadzorovano z aplikacijo (BLE):<\/strong> iOS in Android<\/li>\n<li><strong>Topologija oja\u010devalnika:<\/strong> BASH<\/li>\n<li><strong>Poraba energije v stanju pripravljenosti:<\/strong> &lt; 0,5 W<\/li>\n<li><strong>Inputs:<\/strong> RCA Line Level<\/li>\n<li><strong>Podatkovna povezava:<\/strong> USB (posodobitev vdelane programske opreme)<\/li>\n<li><strong>Zaklju\u010dek omare:<\/strong> \u010crni vinil<\/li>\n<li><strong>Prilo\u017eeni dodatki:<\/strong> Re\u0161etka, AC napajalni kabel, konice<\/li>\n<li><strong>Vi\u0161ina:<\/strong> 381 mm<\/li>\n<li><strong>\u0161irina:<\/strong> 360 mm<\/li>\n<li><strong>Globina:<\/strong> 360 mm<\/li>\n<li><strong>Neto te\u017ea:<\/strong> 16,4 kg<\/li>\n<\/ul>\n<p><a href=\"https:\/\/www.elac.com\/ps250\" target=\"_blank\" rel=\"noopener\">Ostale informacije najdete na tej povezavi.<\/a><\/p>","protected":false},"excerpt":{"rendered":"<p>Nizkotonec Varro PS250 proizvajalca ELAC je mo\u010dan, drzen in dinami\u010den dodatek k njihovi novi seriji nizkotoncev Premium, ki ponuja izjemno mo\u010d in zmogljivost z elegantnim, sodobnim dizajnom. Z uporabo oja\u010devalnikov BASH, naprednega nadzora aplikacij in revolucionarnega sistema Auto EQ ELAC ti globokotonci zagotavljajo cenovno ugodno, a visokokakovostno re\u0161itev za doma\u010di kino ali glasbene sisteme. ELAC je pionir na podro\u010dju nadzora nizkotonskih zvo\u010dnikov prek aplikacije, ki omogo\u010da kalibracijo in upravljanje s pametnega telefona ter podpira ve\u010d nizkotonskih zvo\u010dnikov hkrati. Elegantna in akusti\u010dno uravnote\u017eena ohi\u0161ja, prevle\u010dena z vinilom, so du\u0161ena in notranje oja\u010dana, da odpravijo ne\u017eelene resonance, medtem ko gonilnik sto\u017eca iz obdelanega papirja z veliko 2,0-pal\u010dno zvo\u010dno tuljavo zagotavlja pove\u010dano mo\u010d in toplotno regulacijo za ve\u010dji izhod. Dvojni 28-bitni DSP z glavno taktno frekvenco 147 mHz obdeluje zvo\u010dne signale z visoko natan\u010dnostjo in minimalno zakasnitvijo.<\/p>\n<p><a href=\"https:\/\/www.elac.com\/ps250\" target=\"_blank\" rel=\"noopener\">Ostale informacije najdete na tej povezavi.<\/a><\/p>","protected":false},"featured_media":15988,"template":"","meta":{"site-sidebar-layout":"default","site-content-layout":"","ast-site-content-layout":"default","site-content-style":"default","site-sidebar-style":"default","ast-global-header-display":"","ast-banner-title-visibility":"","ast-main-header-display":"","ast-hfb-above-header-display":"","ast-hfb-below-header-display":"","ast-hfb-mobile-header-display":"","site-post-title":"","ast-breadcrumbs-content":"","ast-featured-img":"","footer-sml-layout":"","theme-transparent-header-meta":"default","adv-header-id-meta":"","stick-header-meta":"default","header-above-stick-meta":"","header-main-stick-meta":"","header-below-stick-meta":"","astra-migrate-meta-layouts":"set","ast-page-background-enabled":"default","ast-page-background-meta":{"desktop":{"background-color":"","background-image":"","background-repeat":"repeat","background-position":"center center","background-size":"auto","background-attachment":"scroll","background-type":"","background-media":"","overlay-type":"","overlay-color":"","overlay-opacity":"","overlay-gradient":""},"tablet":{"background-color":"","background-image":"","background-repeat":"repeat","background-position":"center center","background-size":"auto","background-attachment":"scroll","background-type":"","background-media":"","overlay-type":"","overlay-color":"","overlay-opacity":"","overlay-gradient":""},"mobile":{"background-color":"","background-image":"","background-repeat":"repeat","background-position":"center center","background-size":"auto","background-attachment":"scroll","background-type":"","background-media":"","overlay-type":"","overlay-color":"","overlay-opacity":"","overlay-gradient":""}},"ast-content-background-meta":{"desktop":{"background-color":"var(--ast-global-color-5)","background-image":"","background-repeat":"repeat","background-position":"center center","background-size":"auto","background-attachment":"scroll","background-type":"","background-media":"","overlay-type":"","overlay-color":"","overlay-opacity":"","overlay-gradient":""},"tablet":{"background-color":"var(--ast-global-color-5)","background-image":"","background-repeat":"repeat","background-position":"center center","background-size":"auto","background-attachment":"scroll","background-type":"","background-media":"","overlay-type":"","overlay-color":"","overlay-opacity":"","overlay-gradient":""},"mobile":{"background-color":"var(--ast-global-color-5)","background-image":"","background-repeat":"repeat","background-position":"center center","background-size":"auto","background-attachment":"scroll","background-type":"","background-media":"","overlay-type":"","overlay-color":"","overlay-opacity":"","overlay-gradient":""}}},"class_list":["post-15984","product","type-product","status-publish","has-post-thumbnail","hentry","product_cat-subwoofer-home-theater","product_cat-elac","desktop-align-center","tablet-align-center","mobile-align-center","ast-product-gallery-layout-horizontal","ast-magnify-disabled","ast-product-tabs-layout-horizontal"],"yoast_head":"<!-- This site is optimized with the Yoast SEO plugin v21.4 - https:\/\/yoast.com\/wordpress\/plugins\/seo\/ -->\n<title>Varro PS250 Subwoofer - hd-multimedia<\/title>\n<meta name=\"description\" content=\"Varro PS250 Subwoofer tvrtke ELAC je sna\u017ean, hrabar i dinami\u010dan dodatak njihovoj novoj Premium seriji subwoofera, nude\u0107i izuzetnu snagu i performanse.\" \/>\n<meta name=\"robots\" content=\"index, follow, max-snippet:-1, max-image-preview:large, max-video-preview:-1\" \/>\n<link rel=\"canonical\" href=\"https:\/\/hd-multimedia.com\/sl\/trgovina\/varro-ps250-subwoofer\/\" \/>\n<meta property=\"og:locale\" content=\"sl_SI\" \/>\n<meta property=\"og:type\" content=\"article\" \/>\n<meta property=\"og:title\" content=\"Varro PS250 Subwoofer - hd-multimedia\" \/>\n<meta property=\"og:description\" content=\"Varro PS250 Subwoofer tvrtke ELAC je sna\u017ean, hrabar i dinami\u010dan dodatak njihovoj novoj Premium seriji subwoofera, nude\u0107i izuzetnu snagu i performanse.\" \/>\n<meta property=\"og:url\" content=\"https:\/\/hd-multimedia.com\/sl\/trgovina\/varro-ps250-subwoofer\/\" \/>\n<meta property=\"og:site_name\" content=\"hd-multimedia\" \/>\n<meta property=\"article:modified_time\" content=\"2026-02-24T13:38:22+00:00\" \/>\n<meta property=\"og:image\" content=\"https:\/\/hd-multimedia.com\/hdm_media\/g970ps250bk-o-other9-e1719313124251.webp\" \/>\n\t<meta property=\"og:image:width\" content=\"900\" \/>\n\t<meta property=\"og:image:height\" content=\"900\" \/>\n\t<meta property=\"og:image:type\" content=\"image\/webp\" \/>\n<meta name=\"twitter:card\" content=\"summary_large_image\" \/>\n<meta name=\"twitter:label1\" content=\"Est. reading time\" \/>\n\t<meta name=\"twitter:data1\" content=\"1 minuta\" \/>\n<script type=\"application\/ld+json\" class=\"yoast-schema-graph\">{\"@context\":\"https:\/\/schema.org\",\"@graph\":[{\"@type\":\"WebPage\",\"@id\":\"https:\/\/hd-multimedia.com\/trgovina\/varro-ps250-subwoofer\/\",\"url\":\"https:\/\/hd-multimedia.com\/trgovina\/varro-ps250-subwoofer\/\",\"name\":\"Varro PS250 Subwoofer - hd-multimedia\",\"isPartOf\":{\"@id\":\"https:\/\/hd-multimedia.com\/#website\"},\"datePublished\":\"2024-06-25T09:57:17+00:00\",\"dateModified\":\"2026-02-24T13:38:22+00:00\",\"description\":\"Varro PS250 Subwoofer tvrtke ELAC je sna\u017ean, hrabar i dinami\u010dan dodatak njihovoj novoj Premium seriji subwoofera, nude\u0107i izuzetnu snagu i performanse.\",\"breadcrumb\":{\"@id\":\"https:\/\/hd-multimedia.com\/trgovina\/varro-ps250-subwoofer\/#breadcrumb\"},\"inLanguage\":\"sl-SI\",\"potentialAction\":[{\"@type\":\"ReadAction\",\"target\":[\"https:\/\/hd-multimedia.com\/trgovina\/varro-ps250-subwoofer\/\"]}]},{\"@type\":\"BreadcrumbList\",\"@id\":\"https:\/\/hd-multimedia.com\/trgovina\/varro-ps250-subwoofer\/#breadcrumb\",\"itemListElement\":[{\"@type\":\"ListItem\",\"position\":1,\"name\":\"Po\u010detna stranica\",\"item\":\"https:\/\/hd-multimedia.com\/\"},{\"@type\":\"ListItem\",\"position\":2,\"name\":\"Trgovina\",\"item\":\"https:\/\/hd-multimedia.com\/trgovina\/\"},{\"@type\":\"ListItem\",\"position\":3,\"name\":\"Varro PS250 Subwoofer\"}]},{\"@type\":\"WebSite\",\"@id\":\"https:\/\/hd-multimedia.com\/#website\",\"url\":\"https:\/\/hd-multimedia.com\/\",\"name\":\"hd-multimedia\",\"description\":\"\",\"publisher\":{\"@id\":\"https:\/\/hd-multimedia.com\/#organization\"},\"potentialAction\":[{\"@type\":\"SearchAction\",\"target\":{\"@type\":\"EntryPoint\",\"urlTemplate\":\"https:\/\/hd-multimedia.com\/?s={search_term_string}\"},\"query-input\":\"required name=search_term_string\"}],\"inLanguage\":\"sl-SI\"},{\"@type\":\"Organization\",\"@id\":\"https:\/\/hd-multimedia.com\/#organization\",\"name\":\"hd-multimedia\",\"url\":\"https:\/\/hd-multimedia.com\/\",\"logo\":{\"@type\":\"ImageObject\",\"inLanguage\":\"sl-SI\",\"@id\":\"https:\/\/hd-multimedia.com\/#\/schema\/logo\/image\/\",\"url\":\"https:\/\/hd-multimedia.com\/hdm_media\/HD-curves-ok-196-56px-alpha-1.png\",\"contentUrl\":\"https:\/\/hd-multimedia.com\/hdm_media\/HD-curves-ok-196-56px-alpha-1.png\",\"width\":196,\"height\":53,\"caption\":\"hd-multimedia\"},\"image\":{\"@id\":\"https:\/\/hd-multimedia.com\/#\/schema\/logo\/image\/\"}}]}<\/script>\n<!-- \/ Yoast SEO plugin. -->","yoast_head_json":{"title":"Varro PS250 Subwoofer - hd-multimedia","description":"Varro PS250 Subwoofer tvrtke ELAC je sna\u017ean, hrabar i dinami\u010dan dodatak njihovoj novoj Premium seriji subwoofera, nude\u0107i izuzetnu snagu i performanse.","robots":{"index":"index","follow":"follow","max-snippet":"max-snippet:-1","max-image-preview":"max-image-preview:large","max-video-preview":"max-video-preview:-1"},"canonical":"https:\/\/hd-multimedia.com\/sl\/trgovina\/varro-ps250-subwoofer\/","og_locale":"sl_SI","og_type":"article","og_title":"Varro PS250 Subwoofer - hd-multimedia","og_description":"Varro PS250 Subwoofer tvrtke ELAC je sna\u017ean, hrabar i dinami\u010dan dodatak njihovoj novoj Premium seriji subwoofera, nude\u0107i izuzetnu snagu i performanse.","og_url":"https:\/\/hd-multimedia.com\/sl\/trgovina\/varro-ps250-subwoofer\/","og_site_name":"hd-multimedia","article_modified_time":"2026-02-24T13:38:22+00:00","og_image":[{"width":900,"height":900,"url":"https:\/\/hd-multimedia.com\/hdm_media\/g970ps250bk-o-other9-e1719313124251.webp","type":"image\/webp"}],"twitter_card":"summary_large_image","twitter_misc":{"Est. reading time":"1 minuta"},"schema":{"@context":"https:\/\/schema.org","@graph":[{"@type":"WebPage","@id":"https:\/\/hd-multimedia.com\/trgovina\/varro-ps250-subwoofer\/","url":"https:\/\/hd-multimedia.com\/trgovina\/varro-ps250-subwoofer\/","name":"Varro PS250 Subwoofer - hd-multimedia","isPartOf":{"@id":"https:\/\/hd-multimedia.com\/#website"},"datePublished":"2024-06-25T09:57:17+00:00","dateModified":"2026-02-24T13:38:22+00:00","description":"Varro PS250 Subwoofer tvrtke ELAC je sna\u017ean, hrabar i dinami\u010dan dodatak njihovoj novoj Premium seriji subwoofera, nude\u0107i izuzetnu snagu i performanse.","breadcrumb":{"@id":"https:\/\/hd-multimedia.com\/trgovina\/varro-ps250-subwoofer\/#breadcrumb"},"inLanguage":"sl-SI","potentialAction":[{"@type":"ReadAction","target":["https:\/\/hd-multimedia.com\/trgovina\/varro-ps250-subwoofer\/"]}]},{"@type":"BreadcrumbList","@id":"https:\/\/hd-multimedia.com\/trgovina\/varro-ps250-subwoofer\/#breadcrumb","itemListElement":[{"@type":"ListItem","position":1,"name":"Po\u010detna stranica","item":"https:\/\/hd-multimedia.com\/"},{"@type":"ListItem","position":2,"name":"Trgovina","item":"https:\/\/hd-multimedia.com\/trgovina\/"},{"@type":"ListItem","position":3,"name":"Varro PS250 Subwoofer"}]},{"@type":"WebSite","@id":"https:\/\/hd-multimedia.com\/#website","url":"https:\/\/hd-multimedia.com\/","name":"hd-multimedia","description":"","publisher":{"@id":"https:\/\/hd-multimedia.com\/#organization"},"potentialAction":[{"@type":"SearchAction","target":{"@type":"EntryPoint","urlTemplate":"https:\/\/hd-multimedia.com\/?s={search_term_string}"},"query-input":"required name=search_term_string"}],"inLanguage":"sl-SI"},{"@type":"Organization","@id":"https:\/\/hd-multimedia.com\/#organization","name":"hd-multimedia","url":"https:\/\/hd-multimedia.com\/","logo":{"@type":"ImageObject","inLanguage":"sl-SI","@id":"https:\/\/hd-multimedia.com\/#\/schema\/logo\/image\/","url":"https:\/\/hd-multimedia.com\/hdm_media\/HD-curves-ok-196-56px-alpha-1.png","contentUrl":"https:\/\/hd-multimedia.com\/hdm_media\/HD-curves-ok-196-56px-alpha-1.png","width":196,"height":53,"caption":"hd-multimedia"},"image":{"@id":"https:\/\/hd-multimedia.com\/#\/schema\/logo\/image\/"}}]}},"post_mailing_queue_ids":[],"_links":{"self":[{"href":"https:\/\/hd-multimedia.com\/sl\/wp-json\/wp\/v2\/product\/15984","targetHints":{"allow":["GET"]}}],"collection":[{"href":"https:\/\/hd-multimedia.com\/sl\/wp-json\/wp\/v2\/product"}],"about":[{"href":"https:\/\/hd-multimedia.com\/sl\/wp-json\/wp\/v2\/types\/product"}],"version-history":[{"count":7,"href":"https:\/\/hd-multimedia.com\/sl\/wp-json\/wp\/v2\/product\/15984\/revisions"}],"predecessor-version":[{"id":18118,"href":"https:\/\/hd-multimedia.com\/sl\/wp-json\/wp\/v2\/product\/15984\/revisions\/18118"}],"wp:featuredmedia":[{"embeddable":true,"href":"https:\/\/hd-multimedia.com\/sl\/wp-json\/wp\/v2\/media\/15988"}],"wp:attachment":[{"href":"https:\/\/hd-multimedia.com\/sl\/wp-json\/wp\/v2\/media?parent=15984"}],"curies":[{"name":"wp","href":"https:\/\/api.w.org\/{rel}","templated":true}]}}