{"id":15869,"date":"2024-06-12T07:22:03","date_gmt":"2024-06-12T07:22:03","guid":{"rendered":"https:\/\/hd-multimedia.com\/?post_type=product&#038;p=15869"},"modified":"2025-07-21T12:34:38","modified_gmt":"2025-07-21T12:34:38","slug":"carina-fs-2474-floorstand","status":"publish","type":"product","link":"https:\/\/hd-multimedia.com\/sl\/trgovina\/carina-fs-2474-floorstand\/","title":{"rendered":"ELAC Carina FS 2474 (par)"},"content":{"rendered":"<ul>\n<li>2-1\/2 na\u010din, 3-gonilna zasnova<\/li>\n<li>Prepognjeni visokotonski zvo\u010dnik JET za bliskovito hiter odziv in \u0161irok dinami\u010dni razpon<\/li>\n<li>Dva gonilnika 5-1\/4\u2033 z aluminijastim sto\u017ecem: en srednji\/nizki in en nizkotonec<\/li>\n<li>Bas-refleksna omarica z dvema priklju\u010dkoma, enim zadaj in enim navzdol<\/li>\n<li>Frekven\u010dni odziv: 34-30.000 Hz<\/li>\n<li>Ob\u010dutljivost: 87 dB<\/li>\n<li>Impedanca: 6 ohmov<\/li>\n<li>Priporo\u010dena mo\u010d oja\u010devalnika: 30-120 vatov<\/li>\n<li>Dvojni kompleti priklju\u010dkov za zvo\u010dnike z mo\u017enostjo bi-amp\/bi-wire<\/li>\n<li>\u0160tiri stabilizatorske noge s konicami za tapecirana tla in izolacijske plo\u0161\u010de za trda tla<\/li>\n<li>Brez re\u0161etke.<\/li>\n<li>Mere: 9\u20135\/16\u2033\u0160 x 43\u20133\/8\u2033V x 9\u20137\/8\u2033G (z name\u0161\u010denimi podpornimi nogami in konicami za preproge)<\/li>\n<li>Te\u017ea: 36,2 lbs<\/li>\n<\/ul>","protected":false},"excerpt":{"rendered":"<p>Samostoje\u010di zvo\u010dnik ELAC Carina FS 2474 ima popolno kombinacijo elegance in mo\u010dnega zvo\u010dnega in\u017eeniringa. Ta zvo\u010dnik, opremljen s presti\u017enim visokotoncem JET, je dokaz natan\u010dnosti in inovativnosti, saj zagotavlja resni\u010den zvok visoke lo\u010dljivosti z bliskovito hitro odzivnostjo, \u0161irokim dinami\u010dnim razponom, minimalnim popa\u010denjem in pregledno zvo\u010dno sliko. Samostoje\u010di zvo\u010dnik ELAC Carina FS 2474 dvigne va\u0161o izku\u0161njo poslu\u0161anja na novo raven z izjemnim odzivom nizkih tonov, skrbno izdelanim za mo\u010dne in resonan\u010dne nizke tone. Inovativni aluminijasti nizkotonec s kompozitno ukrivljenostjo zagotavlja gladek prehod iz visokotonskega zvo\u010dnika, u\u010dinkovito obvladuje lomljenje membrane in se razteza izven delovnega obmo\u010dja nizkotonca, medtem ko velika zvo\u010dna tuljava in prevelik ventiliran magnetni pol zagotavljata izjemno dinamiko nizkih tonov in mo\u010dno zmogljivost. Navzdol obrnjena basrefleksna vrata omogo\u010dajo prilagodljivo postavitev zvo\u010dnikov in zmanj\u0161ujejo hrup prezra\u010devanja. Vsaka \u0161katla Carina ima akusti\u010dno optimizirane omarice z zunanjimi stenami iz masivnega MDF, elegantnimi satiniranimi zaklju\u010dki in strate\u0161ko name\u0161\u010denimi notranjimi oporniki za zmanj\u0161anje vibracij in ne\u017eelenega popa\u010denja zvoka.<\/p>\n<p>Cena velja za par (2 zvo\u010dnika)<\/p>","protected":false},"featured_media":15872,"template":"","meta":{"site-sidebar-layout":"default","site-content-layout":"","ast-site-content-layout":"default","site-content-style":"default","site-sidebar-style":"default","ast-global-header-display":"","ast-banner-title-visibility":"","ast-main-header-display":"","ast-hfb-above-header-display":"","ast-hfb-below-header-display":"","ast-hfb-mobile-header-display":"","site-post-title":"","ast-breadcrumbs-content":"","ast-featured-img":"","footer-sml-layout":"","theme-transparent-header-meta":"default","adv-header-id-meta":"","stick-header-meta":"default","header-above-stick-meta":"","header-main-stick-meta":"","header-below-stick-meta":"","astra-migrate-meta-layouts":"set","ast-page-background-enabled":"default","ast-page-background-meta":{"desktop":{"background-color":"","background-image":"","background-repeat":"repeat","background-position":"center center","background-size":"auto","background-attachment":"scroll","background-type":"","background-media":"","overlay-type":"","overlay-color":"","overlay-opacity":"","overlay-gradient":""},"tablet":{"background-color":"","background-image":"","background-repeat":"repeat","background-position":"center center","background-size":"auto","background-attachment":"scroll","background-type":"","background-media":"","overlay-type":"","overlay-color":"","overlay-opacity":"","overlay-gradient":""},"mobile":{"background-color":"","background-image":"","background-repeat":"repeat","background-position":"center center","background-size":"auto","background-attachment":"scroll","background-type":"","background-media":"","overlay-type":"","overlay-color":"","overlay-opacity":"","overlay-gradient":""}},"ast-content-background-meta":{"desktop":{"background-color":"var(--ast-global-color-5)","background-image":"","background-repeat":"repeat","background-position":"center center","background-size":"auto","background-attachment":"scroll","background-type":"","background-media":"","overlay-type":"","overlay-color":"","overlay-opacity":"","overlay-gradient":""},"tablet":{"background-color":"var(--ast-global-color-5)","background-image":"","background-repeat":"repeat","background-position":"center center","background-size":"auto","background-attachment":"scroll","background-type":"","background-media":"","overlay-type":"","overlay-color":"","overlay-opacity":"","overlay-gradient":""},"mobile":{"background-color":"var(--ast-global-color-5)","background-image":"","background-repeat":"repeat","background-position":"center center","background-size":"auto","background-attachment":"scroll","background-type":"","background-media":"","overlay-type":"","overlay-color":"","overlay-opacity":"","overlay-gradient":""}}},"class_list":["post-15869","product","type-product","status-publish","has-post-thumbnail","hentry","product_cat-pasivne-zvucne-kutije","product_cat-elac","product_tag-novi-modeli-elac","desktop-align-center","tablet-align-center","mobile-align-center","ast-product-gallery-layout-horizontal","ast-magnify-disabled","ast-product-tabs-layout-horizontal"],"yoast_head":"<!-- This site is optimized with the Yoast SEO plugin v21.4 - https:\/\/yoast.com\/wordpress\/plugins\/seo\/ -->\n<title>ELAC Carina FS 2474 (par) - hd-multimedia<\/title>\n<meta name=\"description\" content=\"ELAC Carina FS 2474 samostoje\u0107i zvu\u010dnik ima savr\u0161enu kombinaciju elegancije i sna\u017enog zvu\u010dnog in\u017eenjerstva. Opremljen presti\u017enim JET visokotoncem.\" \/>\n<meta name=\"robots\" content=\"index, follow, max-snippet:-1, max-image-preview:large, max-video-preview:-1\" \/>\n<link rel=\"canonical\" href=\"https:\/\/hd-multimedia.com\/sl\/trgovina\/carina-fs-2474-floorstand\/\" \/>\n<meta property=\"og:locale\" content=\"sl_SI\" \/>\n<meta property=\"og:type\" content=\"article\" \/>\n<meta property=\"og:title\" content=\"ELAC Carina FS 2474 (par) - hd-multimedia\" \/>\n<meta property=\"og:description\" content=\"ELAC Carina FS 2474 samostoje\u0107i zvu\u010dnik ima savr\u0161enu kombinaciju elegancije i sna\u017enog zvu\u010dnog in\u017eenjerstva. Opremljen presti\u017enim JET visokotoncem.\" \/>\n<meta property=\"og:url\" content=\"https:\/\/hd-multimedia.com\/sl\/trgovina\/carina-fs-2474-floorstand\/\" \/>\n<meta property=\"og:site_name\" content=\"hd-multimedia\" \/>\n<meta property=\"article:modified_time\" content=\"2025-07-21T12:34:38+00:00\" \/>\n<meta property=\"og:image\" content=\"https:\/\/hd-multimedia.com\/hdm_media\/preview-1.jpg\" \/>\n\t<meta property=\"og:image:width\" content=\"600\" \/>\n\t<meta property=\"og:image:height\" content=\"600\" \/>\n\t<meta property=\"og:image:type\" content=\"image\/jpeg\" \/>\n<meta name=\"twitter:card\" content=\"summary_large_image\" \/>\n<meta name=\"twitter:label1\" content=\"Est. reading time\" \/>\n\t<meta name=\"twitter:data1\" content=\"1 minuta\" \/>\n<script type=\"application\/ld+json\" class=\"yoast-schema-graph\">{\"@context\":\"https:\/\/schema.org\",\"@graph\":[{\"@type\":\"WebPage\",\"@id\":\"https:\/\/hd-multimedia.com\/trgovina\/carina-fs-2474-floorstand\/\",\"url\":\"https:\/\/hd-multimedia.com\/trgovina\/carina-fs-2474-floorstand\/\",\"name\":\"ELAC Carina FS 2474 (par) - hd-multimedia\",\"isPartOf\":{\"@id\":\"https:\/\/hd-multimedia.com\/#website\"},\"datePublished\":\"2024-06-12T07:22:03+00:00\",\"dateModified\":\"2025-07-21T12:34:38+00:00\",\"description\":\"ELAC Carina FS 2474 samostoje\u0107i zvu\u010dnik ima savr\u0161enu kombinaciju elegancije i sna\u017enog zvu\u010dnog in\u017eenjerstva. Opremljen presti\u017enim JET visokotoncem.\",\"breadcrumb\":{\"@id\":\"https:\/\/hd-multimedia.com\/trgovina\/carina-fs-2474-floorstand\/#breadcrumb\"},\"inLanguage\":\"sl-SI\",\"potentialAction\":[{\"@type\":\"ReadAction\",\"target\":[\"https:\/\/hd-multimedia.com\/trgovina\/carina-fs-2474-floorstand\/\"]}]},{\"@type\":\"BreadcrumbList\",\"@id\":\"https:\/\/hd-multimedia.com\/trgovina\/carina-fs-2474-floorstand\/#breadcrumb\",\"itemListElement\":[{\"@type\":\"ListItem\",\"position\":1,\"name\":\"Po\u010detna stranica\",\"item\":\"https:\/\/hd-multimedia.com\/\"},{\"@type\":\"ListItem\",\"position\":2,\"name\":\"Trgovina\",\"item\":\"https:\/\/hd-multimedia.com\/trgovina\/\"},{\"@type\":\"ListItem\",\"position\":3,\"name\":\"ELAC Carina FS 2474 (par)\"}]},{\"@type\":\"WebSite\",\"@id\":\"https:\/\/hd-multimedia.com\/#website\",\"url\":\"https:\/\/hd-multimedia.com\/\",\"name\":\"hd-multimedia\",\"description\":\"\",\"publisher\":{\"@id\":\"https:\/\/hd-multimedia.com\/#organization\"},\"potentialAction\":[{\"@type\":\"SearchAction\",\"target\":{\"@type\":\"EntryPoint\",\"urlTemplate\":\"https:\/\/hd-multimedia.com\/?s={search_term_string}\"},\"query-input\":\"required name=search_term_string\"}],\"inLanguage\":\"sl-SI\"},{\"@type\":\"Organization\",\"@id\":\"https:\/\/hd-multimedia.com\/#organization\",\"name\":\"hd-multimedia\",\"url\":\"https:\/\/hd-multimedia.com\/\",\"logo\":{\"@type\":\"ImageObject\",\"inLanguage\":\"sl-SI\",\"@id\":\"https:\/\/hd-multimedia.com\/#\/schema\/logo\/image\/\",\"url\":\"https:\/\/hd-multimedia.com\/hdm_media\/HD-curves-ok-196-56px-alpha-1.png\",\"contentUrl\":\"https:\/\/hd-multimedia.com\/hdm_media\/HD-curves-ok-196-56px-alpha-1.png\",\"width\":196,\"height\":53,\"caption\":\"hd-multimedia\"},\"image\":{\"@id\":\"https:\/\/hd-multimedia.com\/#\/schema\/logo\/image\/\"}}]}<\/script>\n<!-- \/ Yoast SEO plugin. -->","yoast_head_json":{"title":"ELAC Carina FS 2474 (par) - hd-multimedia","description":"ELAC Carina FS 2474 samostoje\u0107i zvu\u010dnik ima savr\u0161enu kombinaciju elegancije i sna\u017enog zvu\u010dnog in\u017eenjerstva. Opremljen presti\u017enim JET visokotoncem.","robots":{"index":"index","follow":"follow","max-snippet":"max-snippet:-1","max-image-preview":"max-image-preview:large","max-video-preview":"max-video-preview:-1"},"canonical":"https:\/\/hd-multimedia.com\/sl\/trgovina\/carina-fs-2474-floorstand\/","og_locale":"sl_SI","og_type":"article","og_title":"ELAC Carina FS 2474 (par) - hd-multimedia","og_description":"ELAC Carina FS 2474 samostoje\u0107i zvu\u010dnik ima savr\u0161enu kombinaciju elegancije i sna\u017enog zvu\u010dnog in\u017eenjerstva. Opremljen presti\u017enim JET visokotoncem.","og_url":"https:\/\/hd-multimedia.com\/sl\/trgovina\/carina-fs-2474-floorstand\/","og_site_name":"hd-multimedia","article_modified_time":"2025-07-21T12:34:38+00:00","og_image":[{"width":600,"height":600,"url":"https:\/\/hd-multimedia.com\/hdm_media\/preview-1.jpg","type":"image\/jpeg"}],"twitter_card":"summary_large_image","twitter_misc":{"Est. reading time":"1 minuta"},"schema":{"@context":"https:\/\/schema.org","@graph":[{"@type":"WebPage","@id":"https:\/\/hd-multimedia.com\/trgovina\/carina-fs-2474-floorstand\/","url":"https:\/\/hd-multimedia.com\/trgovina\/carina-fs-2474-floorstand\/","name":"ELAC Carina FS 2474 (par) - hd-multimedia","isPartOf":{"@id":"https:\/\/hd-multimedia.com\/#website"},"datePublished":"2024-06-12T07:22:03+00:00","dateModified":"2025-07-21T12:34:38+00:00","description":"ELAC Carina FS 2474 samostoje\u0107i zvu\u010dnik ima savr\u0161enu kombinaciju elegancije i sna\u017enog zvu\u010dnog in\u017eenjerstva. Opremljen presti\u017enim JET visokotoncem.","breadcrumb":{"@id":"https:\/\/hd-multimedia.com\/trgovina\/carina-fs-2474-floorstand\/#breadcrumb"},"inLanguage":"sl-SI","potentialAction":[{"@type":"ReadAction","target":["https:\/\/hd-multimedia.com\/trgovina\/carina-fs-2474-floorstand\/"]}]},{"@type":"BreadcrumbList","@id":"https:\/\/hd-multimedia.com\/trgovina\/carina-fs-2474-floorstand\/#breadcrumb","itemListElement":[{"@type":"ListItem","position":1,"name":"Po\u010detna stranica","item":"https:\/\/hd-multimedia.com\/"},{"@type":"ListItem","position":2,"name":"Trgovina","item":"https:\/\/hd-multimedia.com\/trgovina\/"},{"@type":"ListItem","position":3,"name":"ELAC Carina FS 2474 (par)"}]},{"@type":"WebSite","@id":"https:\/\/hd-multimedia.com\/#website","url":"https:\/\/hd-multimedia.com\/","name":"hd-multimedia","description":"","publisher":{"@id":"https:\/\/hd-multimedia.com\/#organization"},"potentialAction":[{"@type":"SearchAction","target":{"@type":"EntryPoint","urlTemplate":"https:\/\/hd-multimedia.com\/?s={search_term_string}"},"query-input":"required name=search_term_string"}],"inLanguage":"sl-SI"},{"@type":"Organization","@id":"https:\/\/hd-multimedia.com\/#organization","name":"hd-multimedia","url":"https:\/\/hd-multimedia.com\/","logo":{"@type":"ImageObject","inLanguage":"sl-SI","@id":"https:\/\/hd-multimedia.com\/#\/schema\/logo\/image\/","url":"https:\/\/hd-multimedia.com\/hdm_media\/HD-curves-ok-196-56px-alpha-1.png","contentUrl":"https:\/\/hd-multimedia.com\/hdm_media\/HD-curves-ok-196-56px-alpha-1.png","width":196,"height":53,"caption":"hd-multimedia"},"image":{"@id":"https:\/\/hd-multimedia.com\/#\/schema\/logo\/image\/"}}]}},"post_mailing_queue_ids":[],"_links":{"self":[{"href":"https:\/\/hd-multimedia.com\/sl\/wp-json\/wp\/v2\/product\/15869","targetHints":{"allow":["GET"]}}],"collection":[{"href":"https:\/\/hd-multimedia.com\/sl\/wp-json\/wp\/v2\/product"}],"about":[{"href":"https:\/\/hd-multimedia.com\/sl\/wp-json\/wp\/v2\/types\/product"}],"version-history":[{"count":7,"href":"https:\/\/hd-multimedia.com\/sl\/wp-json\/wp\/v2\/product\/15869\/revisions"}],"predecessor-version":[{"id":18342,"href":"https:\/\/hd-multimedia.com\/sl\/wp-json\/wp\/v2\/product\/15869\/revisions\/18342"}],"wp:featuredmedia":[{"embeddable":true,"href":"https:\/\/hd-multimedia.com\/sl\/wp-json\/wp\/v2\/media\/15872"}],"wp:attachment":[{"href":"https:\/\/hd-multimedia.com\/sl\/wp-json\/wp\/v2\/media?parent=15869"}],"curies":[{"name":"wp","href":"https:\/\/api.w.org\/{rel}","templated":true}]}}