{"id":15555,"date":"2024-05-21T07:52:38","date_gmt":"2024-05-21T07:52:38","guid":{"rendered":"https:\/\/hd-multimedia.com\/?post_type=product&#038;p=15555"},"modified":"2024-05-29T12:34:21","modified_gmt":"2024-05-29T12:34:21","slug":"cayin-idac-8","status":"publish","type":"product","link":"https:\/\/hd-multimedia.com\/sl\/trgovina\/cayin-idac-8\/","title":{"rendered":"Cayin IDAC-8"},"content":{"rendered":"<p>Cayin IDAC-8 omogo\u010da predvajanje glasbe prek Wi-Fi, Ethernet, Bluetooth, USB, SD kartice ali 2,5-pal\u010dnega priklju\u010dka za trdi disk SATA. Z zrcaljenjem zaslona HiByCast lahko uporabniki upravljajo vhode in izhode iz svojih naprav Android ali iOS iz udobja svojega kav\u010da. \u010cip FPGA obdeluje podatke in zagotavlja nepopa\u010dene podatke I2S prek HDMI, ki je zdru\u017eljiv z razli\u010dnimi napravami, alternativno pa je prenos mogo\u010de izvesti prek izhoda S\/PDIF. Zaradi Cayinove visokokakovostne strojne opreme in prilagodljivosti Androida je iDAP-8 odli\u010dna re\u0161itev za vse ljubitelje vrhunskega zvoka.<\/p>\n<p><a href=\"https:\/\/en.cayin.cn\/features\/7\/59\/621.html\" target=\"_blank\" rel=\"noopener\">Ostale informacije najdete na tej povezavi.<\/a><\/p>","protected":false},"excerpt":{"rendered":"<p>Cayin IDAC-8 je digitalni glasbeni streamer, ki temelji na Androidu, za namizno uporabo, ki predvaja glasbene datoteke prek WiFi, Bluetooth, trdih diskov, USB in SD kartic ter ponuja ve\u010d kot le navaden streamer. Ta naprava, ki temelji na operacijskem sistemu Android 9 s trgovino Google Play in zmogljivim procesorjem Snapdragon 660, podpira inteligentno uporabni\u0161ko izku\u0161njo s FPGA, ki ustvarja nepopa\u010den signal I2S in ga prek HDMI in AES\/EBU prena\u0161a na digitalne izhode. Popoln dodatek k pretvorniku iDAC-8 DA in oja\u010devalniku za slu\u0161alke iHA-8, ima iDAP-8 notranjo 128-GB glasbeno shrambo in podpira preto\u010dne aplikacije za Apple Music in Tidal v kakovosti Hi-Res Lossless, kot tudi omre\u017ene avdio aplikacije NAS, ki jih je mogo\u010de nadzorovati prek HiByCast in HiByLink. S svojimi visokokakovostnimi komponentami, vklju\u010dno s prevelikim 45-vatnim toroidnim transformatorjem, iDAP-8 ponuja vrhunsko pretakanje glasbe.<\/p>\n<p><a href=\"https:\/\/en.cayin.cn\/features\/7\/59\/621.html\" target=\"_blank\" rel=\"noopener\">Ostale informacije najdete na tej povezavi.<\/a><\/p>","protected":false},"featured_media":15557,"template":"","meta":{"site-sidebar-layout":"default","site-content-layout":"","ast-site-content-layout":"default","site-content-style":"default","site-sidebar-style":"default","ast-global-header-display":"","ast-banner-title-visibility":"","ast-main-header-display":"","ast-hfb-above-header-display":"","ast-hfb-below-header-display":"","ast-hfb-mobile-header-display":"","site-post-title":"","ast-breadcrumbs-content":"","ast-featured-img":"","footer-sml-layout":"","theme-transparent-header-meta":"default","adv-header-id-meta":"","stick-header-meta":"default","header-above-stick-meta":"","header-main-stick-meta":"","header-below-stick-meta":"","astra-migrate-meta-layouts":"set","ast-page-background-enabled":"default","ast-page-background-meta":{"desktop":{"background-color":"","background-image":"","background-repeat":"repeat","background-position":"center center","background-size":"auto","background-attachment":"scroll","background-type":"","background-media":"","overlay-type":"","overlay-color":"","overlay-opacity":"","overlay-gradient":""},"tablet":{"background-color":"","background-image":"","background-repeat":"repeat","background-position":"center center","background-size":"auto","background-attachment":"scroll","background-type":"","background-media":"","overlay-type":"","overlay-color":"","overlay-opacity":"","overlay-gradient":""},"mobile":{"background-color":"","background-image":"","background-repeat":"repeat","background-position":"center center","background-size":"auto","background-attachment":"scroll","background-type":"","background-media":"","overlay-type":"","overlay-color":"","overlay-opacity":"","overlay-gradient":""}},"ast-content-background-meta":{"desktop":{"background-color":"var(--ast-global-color-5)","background-image":"","background-repeat":"repeat","background-position":"center center","background-size":"auto","background-attachment":"scroll","background-type":"","background-media":"","overlay-type":"","overlay-color":"","overlay-opacity":"","overlay-gradient":""},"tablet":{"background-color":"var(--ast-global-color-5)","background-image":"","background-repeat":"repeat","background-position":"center center","background-size":"auto","background-attachment":"scroll","background-type":"","background-media":"","overlay-type":"","overlay-color":"","overlay-opacity":"","overlay-gradient":""},"mobile":{"background-color":"var(--ast-global-color-5)","background-image":"","background-repeat":"repeat","background-position":"center center","background-size":"auto","background-attachment":"scroll","background-type":"","background-media":"","overlay-type":"","overlay-color":"","overlay-opacity":"","overlay-gradient":""}}},"class_list":["post-15555","product","type-product","status-publish","has-post-thumbnail","hentry","product_cat-cayin","product_cat-dac","desktop-align-center","tablet-align-center","mobile-align-center","ast-product-gallery-layout-horizontal","ast-magnify-disabled","ast-product-tabs-layout-horizontal"],"yoast_head":"<!-- This site is optimized with the Yoast SEO plugin v21.4 - https:\/\/yoast.com\/wordpress\/plugins\/seo\/ -->\n<title>Cayin IDAC-8 - hd-multimedia<\/title>\n<meta name=\"description\" content=\"Cayin IDAC-8 je Android-bazirani digitalni glazbeni streamer za desktop uporabu koji reproducira glazbene datoteke putem WiFi-a, Bluetootha, tvrdih diskova, USB-a i SD kartica\" \/>\n<meta name=\"robots\" content=\"index, follow, max-snippet:-1, max-image-preview:large, max-video-preview:-1\" \/>\n<link rel=\"canonical\" href=\"https:\/\/hd-multimedia.com\/sl\/trgovina\/cayin-idac-8\/\" \/>\n<meta property=\"og:locale\" content=\"sl_SI\" \/>\n<meta property=\"og:type\" content=\"article\" \/>\n<meta property=\"og:title\" content=\"Cayin IDAC-8 - hd-multimedia\" \/>\n<meta property=\"og:description\" content=\"Cayin IDAC-8 je Android-bazirani digitalni glazbeni streamer za desktop uporabu koji reproducira glazbene datoteke putem WiFi-a, Bluetootha, tvrdih diskova, USB-a i SD kartica\" \/>\n<meta property=\"og:url\" content=\"https:\/\/hd-multimedia.com\/sl\/trgovina\/cayin-idac-8\/\" \/>\n<meta property=\"og:site_name\" content=\"hd-multimedia\" \/>\n<meta property=\"article:modified_time\" content=\"2024-05-29T12:34:21+00:00\" \/>\n<meta property=\"og:image\" content=\"https:\/\/hd-multimedia.com\/hdm_media\/f245be72b7deba93d8fcf10ad041d75bcd3afbb0.webp\" \/>\n\t<meta property=\"og:image:width\" content=\"680\" \/>\n\t<meta property=\"og:image:height\" content=\"680\" \/>\n\t<meta property=\"og:image:type\" content=\"image\/webp\" \/>\n<meta name=\"twitter:card\" content=\"summary_large_image\" \/>\n<meta name=\"twitter:label1\" content=\"Est. reading time\" \/>\n\t<meta name=\"twitter:data1\" content=\"1 minuta\" \/>\n<script type=\"application\/ld+json\" class=\"yoast-schema-graph\">{\"@context\":\"https:\/\/schema.org\",\"@graph\":[{\"@type\":\"WebPage\",\"@id\":\"https:\/\/hd-multimedia.com\/trgovina\/cayin-idac-8\/\",\"url\":\"https:\/\/hd-multimedia.com\/trgovina\/cayin-idac-8\/\",\"name\":\"Cayin IDAC-8 - hd-multimedia\",\"isPartOf\":{\"@id\":\"https:\/\/hd-multimedia.com\/#website\"},\"datePublished\":\"2024-05-21T07:52:38+00:00\",\"dateModified\":\"2024-05-29T12:34:21+00:00\",\"description\":\"Cayin IDAC-8 je Android-bazirani digitalni glazbeni streamer za desktop uporabu koji reproducira glazbene datoteke putem WiFi-a, Bluetootha, tvrdih diskova, USB-a i SD kartica\",\"breadcrumb\":{\"@id\":\"https:\/\/hd-multimedia.com\/trgovina\/cayin-idac-8\/#breadcrumb\"},\"inLanguage\":\"sl-SI\",\"potentialAction\":[{\"@type\":\"ReadAction\",\"target\":[\"https:\/\/hd-multimedia.com\/trgovina\/cayin-idac-8\/\"]}]},{\"@type\":\"BreadcrumbList\",\"@id\":\"https:\/\/hd-multimedia.com\/trgovina\/cayin-idac-8\/#breadcrumb\",\"itemListElement\":[{\"@type\":\"ListItem\",\"position\":1,\"name\":\"Po\u010detna stranica\",\"item\":\"https:\/\/hd-multimedia.com\/\"},{\"@type\":\"ListItem\",\"position\":2,\"name\":\"Trgovina\",\"item\":\"https:\/\/hd-multimedia.com\/trgovina\/\"},{\"@type\":\"ListItem\",\"position\":3,\"name\":\"Cayin IDAC-8\"}]},{\"@type\":\"WebSite\",\"@id\":\"https:\/\/hd-multimedia.com\/#website\",\"url\":\"https:\/\/hd-multimedia.com\/\",\"name\":\"hd-multimedia\",\"description\":\"\",\"publisher\":{\"@id\":\"https:\/\/hd-multimedia.com\/#organization\"},\"potentialAction\":[{\"@type\":\"SearchAction\",\"target\":{\"@type\":\"EntryPoint\",\"urlTemplate\":\"https:\/\/hd-multimedia.com\/?s={search_term_string}\"},\"query-input\":\"required name=search_term_string\"}],\"inLanguage\":\"sl-SI\"},{\"@type\":\"Organization\",\"@id\":\"https:\/\/hd-multimedia.com\/#organization\",\"name\":\"hd-multimedia\",\"url\":\"https:\/\/hd-multimedia.com\/\",\"logo\":{\"@type\":\"ImageObject\",\"inLanguage\":\"sl-SI\",\"@id\":\"https:\/\/hd-multimedia.com\/#\/schema\/logo\/image\/\",\"url\":\"https:\/\/hd-multimedia.com\/hdm_media\/HD-curves-ok-196-56px-alpha-1.png\",\"contentUrl\":\"https:\/\/hd-multimedia.com\/hdm_media\/HD-curves-ok-196-56px-alpha-1.png\",\"width\":196,\"height\":53,\"caption\":\"hd-multimedia\"},\"image\":{\"@id\":\"https:\/\/hd-multimedia.com\/#\/schema\/logo\/image\/\"}}]}<\/script>\n<!-- \/ Yoast SEO plugin. -->","yoast_head_json":{"title":"Cayin IDAC-8 - hd-multimedia","description":"Cayin IDAC-8 je Android-bazirani digitalni glazbeni streamer za desktop uporabu koji reproducira glazbene datoteke putem WiFi-a, Bluetootha, tvrdih diskova, USB-a i SD kartica","robots":{"index":"index","follow":"follow","max-snippet":"max-snippet:-1","max-image-preview":"max-image-preview:large","max-video-preview":"max-video-preview:-1"},"canonical":"https:\/\/hd-multimedia.com\/sl\/trgovina\/cayin-idac-8\/","og_locale":"sl_SI","og_type":"article","og_title":"Cayin IDAC-8 - hd-multimedia","og_description":"Cayin IDAC-8 je Android-bazirani digitalni glazbeni streamer za desktop uporabu koji reproducira glazbene datoteke putem WiFi-a, Bluetootha, tvrdih diskova, USB-a i SD kartica","og_url":"https:\/\/hd-multimedia.com\/sl\/trgovina\/cayin-idac-8\/","og_site_name":"hd-multimedia","article_modified_time":"2024-05-29T12:34:21+00:00","og_image":[{"width":680,"height":680,"url":"https:\/\/hd-multimedia.com\/hdm_media\/f245be72b7deba93d8fcf10ad041d75bcd3afbb0.webp","type":"image\/webp"}],"twitter_card":"summary_large_image","twitter_misc":{"Est. reading time":"1 minuta"},"schema":{"@context":"https:\/\/schema.org","@graph":[{"@type":"WebPage","@id":"https:\/\/hd-multimedia.com\/trgovina\/cayin-idac-8\/","url":"https:\/\/hd-multimedia.com\/trgovina\/cayin-idac-8\/","name":"Cayin IDAC-8 - hd-multimedia","isPartOf":{"@id":"https:\/\/hd-multimedia.com\/#website"},"datePublished":"2024-05-21T07:52:38+00:00","dateModified":"2024-05-29T12:34:21+00:00","description":"Cayin IDAC-8 je Android-bazirani digitalni glazbeni streamer za desktop uporabu koji reproducira glazbene datoteke putem WiFi-a, Bluetootha, tvrdih diskova, USB-a i SD kartica","breadcrumb":{"@id":"https:\/\/hd-multimedia.com\/trgovina\/cayin-idac-8\/#breadcrumb"},"inLanguage":"sl-SI","potentialAction":[{"@type":"ReadAction","target":["https:\/\/hd-multimedia.com\/trgovina\/cayin-idac-8\/"]}]},{"@type":"BreadcrumbList","@id":"https:\/\/hd-multimedia.com\/trgovina\/cayin-idac-8\/#breadcrumb","itemListElement":[{"@type":"ListItem","position":1,"name":"Po\u010detna stranica","item":"https:\/\/hd-multimedia.com\/"},{"@type":"ListItem","position":2,"name":"Trgovina","item":"https:\/\/hd-multimedia.com\/trgovina\/"},{"@type":"ListItem","position":3,"name":"Cayin IDAC-8"}]},{"@type":"WebSite","@id":"https:\/\/hd-multimedia.com\/#website","url":"https:\/\/hd-multimedia.com\/","name":"hd-multimedia","description":"","publisher":{"@id":"https:\/\/hd-multimedia.com\/#organization"},"potentialAction":[{"@type":"SearchAction","target":{"@type":"EntryPoint","urlTemplate":"https:\/\/hd-multimedia.com\/?s={search_term_string}"},"query-input":"required name=search_term_string"}],"inLanguage":"sl-SI"},{"@type":"Organization","@id":"https:\/\/hd-multimedia.com\/#organization","name":"hd-multimedia","url":"https:\/\/hd-multimedia.com\/","logo":{"@type":"ImageObject","inLanguage":"sl-SI","@id":"https:\/\/hd-multimedia.com\/#\/schema\/logo\/image\/","url":"https:\/\/hd-multimedia.com\/hdm_media\/HD-curves-ok-196-56px-alpha-1.png","contentUrl":"https:\/\/hd-multimedia.com\/hdm_media\/HD-curves-ok-196-56px-alpha-1.png","width":196,"height":53,"caption":"hd-multimedia"},"image":{"@id":"https:\/\/hd-multimedia.com\/#\/schema\/logo\/image\/"}}]}},"post_mailing_queue_ids":[],"_links":{"self":[{"href":"https:\/\/hd-multimedia.com\/sl\/wp-json\/wp\/v2\/product\/15555","targetHints":{"allow":["GET"]}}],"collection":[{"href":"https:\/\/hd-multimedia.com\/sl\/wp-json\/wp\/v2\/product"}],"about":[{"href":"https:\/\/hd-multimedia.com\/sl\/wp-json\/wp\/v2\/types\/product"}],"version-history":[{"count":4,"href":"https:\/\/hd-multimedia.com\/sl\/wp-json\/wp\/v2\/product\/15555\/revisions"}],"predecessor-version":[{"id":15570,"href":"https:\/\/hd-multimedia.com\/sl\/wp-json\/wp\/v2\/product\/15555\/revisions\/15570"}],"wp:featuredmedia":[{"embeddable":true,"href":"https:\/\/hd-multimedia.com\/sl\/wp-json\/wp\/v2\/media\/15557"}],"wp:attachment":[{"href":"https:\/\/hd-multimedia.com\/sl\/wp-json\/wp\/v2\/media?parent=15555"}],"curies":[{"name":"wp","href":"https:\/\/api.w.org\/{rel}","templated":true}]}}