{"id":15539,"date":"2024-05-20T10:14:21","date_gmt":"2024-05-20T10:14:21","guid":{"rendered":"https:\/\/hd-multimedia.com\/?post_type=product&#038;p=15539"},"modified":"2026-02-11T09:06:49","modified_gmt":"2026-02-11T09:06:49","slug":"cayin-n3ultra","status":"publish","type":"product","link":"https:\/\/hd-multimedia.com\/sl\/trgovina\/cayin-n3ultra\/","title":{"rendered":"Cayin N3Ultra"},"content":{"rendered":"<p>Predvajalnik Cayin N3Ultra ima dvojna \u010dipa AK4493S DAC, ki zmanj\u0161ata preslu\u0161avanje v mono na\u010dinu ter izbolj\u0161ata dinami\u010dni razpon in nizko popa\u010denje, podpirata 32-bitni\/768kHz PCM in izvorne signale DSD512. Cayin N3Ultra ima operacijski sistem Android, procesor Qualcomm Snapdragon 425 za gladko delovanje in prilagojen uporabni\u0161ki vmesnik za jasno predvajanje glasbe. Baterija s 4500 mAh zagotavlja do 11,8 ur predvajanja s 3,5 mm izhodom in polprevodni\u0161kim tonom ter do 7,6 ur z uravnote\u017eenim izhodom 4,4 mm in tube tonom. Naprava podpira tudi protokol hitrega polnjenja QC3.0. Ta naprava ne podpira preto\u010dnih aplikacij, vendar je namenjena predvajanju s kartice micro SD ali kot USB Audio DAC.<\/p>\n<ul>\n<li>Proprietary Gen3 Tube Circuit<\/li>\n<li>Military Grade NOS Vacuum Tube<\/li>\n<li>Classic, Modern, Solid-State Triple Timbre<\/li>\n<li>Dual AK4493S DAC Chips<\/li>\n<li>Snapdragon 425 SoC Chipset<\/li>\n<li>Supports 32-Bit\/768kHz PCM and Native DSD512 Decoding<\/li>\n<li>Dual Femtosecond Ultra-Low Jitter Oscillators<\/li>\n<li>4-Ch JRC Electronic Volume Control<\/li>\n<li>Fully Customizable 10-Band Parametric EQ<\/li>\n<li>3.5mm + 4.4mm Headphone and Line-Out Options<\/li>\n<li>Digital USB Output<\/li>\n<li>Hi-Res USB DAC Functionality<\/li>\n<li>4.1\u201d TFT Display Screen<\/li>\n<li>4500mAH High-Capacity Battery<\/li>\n<li>QC3.0 Fast Charging Support<\/li>\n<li>Up to 10 Hr Battery Life<\/li>\n<\/ul>","protected":false},"excerpt":{"rendered":"<p>Cayin N3Ultra je najnovej\u0161i prenosni avdio predvajalnik podjetja Cayin. Ta novi model je nadgradnja visoko cenjenega N3 Pro, ki vklju\u010duje voja\u0161ko arhitekturo NOS Vacuum Tube. Uporabniki lahko izbirajo med tremi razli\u010dnimi mo\u017enostmi zvoka: Classic Tube, Modern Tube in Solid-State. Cayin N3Ultra se pona\u0161a z dvojno nastavitvijo DAC AK4493S, eno za vsak kanal, in ponuja 3,5 mm in 4,4 mm izhode za slu\u0161alke ter linijski izhod. Vklju\u010duje 10-pasovni PEQ za nastavitev zvoka po va\u0161ih \u017eeljah. Opremljen z dvema voja\u0161kima miniaturnima vakuumskima elektronkama Raytheon JAN6418 z neposredno ogrevanimi pentodami NOS, N3Ultra podpira vakuumske elektronke in polprevodni\u0161ke tone na vseh izhodih. Te cevi so za\u0161\u010ditene z lastnim ohi\u0161jem, odpornim na udarce. Naprava zagotavlja pristno Hi-Res zvo\u010dno izku\u0161njo s tremi na\u010dini delovanja: Classic Tube z bogatim, toplim zvokom; Modern Tube z \u017eivahno zvo\u010dno kuliso; in Solid-State s hitrim in energi\u010dnim zvokom.<\/p>\n<p><a href=\"https:\/\/en.cayin.cn\/features\/7\/15\/623.html\" target=\"_blank\" rel=\"noopener\">Ostale informacije najdete na tej povezavi.<\/a><\/p>","protected":false},"featured_media":15540,"template":"","meta":{"site-sidebar-layout":"default","site-content-layout":"","ast-site-content-layout":"default","site-content-style":"default","site-sidebar-style":"default","ast-global-header-display":"","ast-banner-title-visibility":"","ast-main-header-display":"","ast-hfb-above-header-display":"","ast-hfb-below-header-display":"","ast-hfb-mobile-header-display":"","site-post-title":"","ast-breadcrumbs-content":"","ast-featured-img":"","footer-sml-layout":"","theme-transparent-header-meta":"default","adv-header-id-meta":"","stick-header-meta":"default","header-above-stick-meta":"","header-main-stick-meta":"","header-below-stick-meta":"","astra-migrate-meta-layouts":"set","ast-page-background-enabled":"default","ast-page-background-meta":{"desktop":{"background-color":"","background-image":"","background-repeat":"repeat","background-position":"center center","background-size":"auto","background-attachment":"scroll","background-type":"","background-media":"","overlay-type":"","overlay-color":"","overlay-opacity":"","overlay-gradient":""},"tablet":{"background-color":"","background-image":"","background-repeat":"repeat","background-position":"center center","background-size":"auto","background-attachment":"scroll","background-type":"","background-media":"","overlay-type":"","overlay-color":"","overlay-opacity":"","overlay-gradient":""},"mobile":{"background-color":"","background-image":"","background-repeat":"repeat","background-position":"center center","background-size":"auto","background-attachment":"scroll","background-type":"","background-media":"","overlay-type":"","overlay-color":"","overlay-opacity":"","overlay-gradient":""}},"ast-content-background-meta":{"desktop":{"background-color":"var(--ast-global-color-5)","background-image":"","background-repeat":"repeat","background-position":"center center","background-size":"auto","background-attachment":"scroll","background-type":"","background-media":"","overlay-type":"","overlay-color":"","overlay-opacity":"","overlay-gradient":""},"tablet":{"background-color":"var(--ast-global-color-5)","background-image":"","background-repeat":"repeat","background-position":"center center","background-size":"auto","background-attachment":"scroll","background-type":"","background-media":"","overlay-type":"","overlay-color":"","overlay-opacity":"","overlay-gradient":""},"mobile":{"background-color":"var(--ast-global-color-5)","background-image":"","background-repeat":"repeat","background-position":"center center","background-size":"auto","background-attachment":"scroll","background-type":"","background-media":"","overlay-type":"","overlay-color":"","overlay-opacity":"","overlay-gradient":""}}},"class_list":["post-15539","product","type-product","status-publish","has-post-thumbnail","hentry","product_cat-cayin","product_cat-mobilni-playeri","desktop-align-center","tablet-align-center","mobile-align-center","ast-product-gallery-layout-horizontal","ast-magnify-disabled","ast-product-tabs-layout-horizontal"],"yoast_head":"<!-- This site is optimized with the Yoast SEO plugin v21.4 - https:\/\/yoast.com\/wordpress\/plugins\/seo\/ -->\n<title>Cayin N3Ultra - hd-multimedia<\/title>\n<meta name=\"description\" content=\"Cayin N3Ultra je najnoviji prijenosni audio player iz ku\u0107e Cayin. Ovaj novi model predstavlja nadogradnju visoko cijenjenog N3 Pro.\" \/>\n<meta name=\"robots\" content=\"index, follow, max-snippet:-1, max-image-preview:large, max-video-preview:-1\" \/>\n<link rel=\"canonical\" href=\"https:\/\/hd-multimedia.com\/sl\/trgovina\/cayin-n3ultra\/\" \/>\n<meta property=\"og:locale\" content=\"sl_SI\" \/>\n<meta property=\"og:type\" content=\"article\" \/>\n<meta property=\"og:title\" content=\"Cayin N3Ultra - hd-multimedia\" \/>\n<meta property=\"og:description\" content=\"Cayin N3Ultra je najnoviji prijenosni audio player iz ku\u0107e Cayin. Ovaj novi model predstavlja nadogradnju visoko cijenjenog N3 Pro.\" \/>\n<meta property=\"og:url\" content=\"https:\/\/hd-multimedia.com\/sl\/trgovina\/cayin-n3ultra\/\" \/>\n<meta property=\"og:site_name\" content=\"hd-multimedia\" \/>\n<meta property=\"article:modified_time\" content=\"2026-02-11T09:06:49+00:00\" \/>\n<meta property=\"og:image\" content=\"https:\/\/hd-multimedia.com\/hdm_media\/cayin-n3ultra-n3-ultra-dual-ak4493s-triple-timbre-digital-audio-player-hifigo-718573_695x695.webp\" \/>\n\t<meta property=\"og:image:width\" content=\"695\" \/>\n\t<meta property=\"og:image:height\" content=\"695\" \/>\n\t<meta property=\"og:image:type\" content=\"image\/webp\" \/>\n<meta name=\"twitter:card\" content=\"summary_large_image\" \/>\n<meta name=\"twitter:label1\" content=\"Est. reading time\" \/>\n\t<meta name=\"twitter:data1\" content=\"1 minuta\" \/>\n<script type=\"application\/ld+json\" class=\"yoast-schema-graph\">{\"@context\":\"https:\/\/schema.org\",\"@graph\":[{\"@type\":\"WebPage\",\"@id\":\"https:\/\/hd-multimedia.com\/trgovina\/cayin-n3ultra\/\",\"url\":\"https:\/\/hd-multimedia.com\/trgovina\/cayin-n3ultra\/\",\"name\":\"Cayin N3Ultra - hd-multimedia\",\"isPartOf\":{\"@id\":\"https:\/\/hd-multimedia.com\/#website\"},\"datePublished\":\"2024-05-20T10:14:21+00:00\",\"dateModified\":\"2026-02-11T09:06:49+00:00\",\"description\":\"Cayin N3Ultra je najnoviji prijenosni audio player iz ku\u0107e Cayin. Ovaj novi model predstavlja nadogradnju visoko cijenjenog N3 Pro.\",\"breadcrumb\":{\"@id\":\"https:\/\/hd-multimedia.com\/trgovina\/cayin-n3ultra\/#breadcrumb\"},\"inLanguage\":\"sl-SI\",\"potentialAction\":[{\"@type\":\"ReadAction\",\"target\":[\"https:\/\/hd-multimedia.com\/trgovina\/cayin-n3ultra\/\"]}]},{\"@type\":\"BreadcrumbList\",\"@id\":\"https:\/\/hd-multimedia.com\/trgovina\/cayin-n3ultra\/#breadcrumb\",\"itemListElement\":[{\"@type\":\"ListItem\",\"position\":1,\"name\":\"Po\u010detna stranica\",\"item\":\"https:\/\/hd-multimedia.com\/\"},{\"@type\":\"ListItem\",\"position\":2,\"name\":\"Trgovina\",\"item\":\"https:\/\/hd-multimedia.com\/trgovina\/\"},{\"@type\":\"ListItem\",\"position\":3,\"name\":\"Cayin N3Ultra\"}]},{\"@type\":\"WebSite\",\"@id\":\"https:\/\/hd-multimedia.com\/#website\",\"url\":\"https:\/\/hd-multimedia.com\/\",\"name\":\"hd-multimedia\",\"description\":\"\",\"publisher\":{\"@id\":\"https:\/\/hd-multimedia.com\/#organization\"},\"potentialAction\":[{\"@type\":\"SearchAction\",\"target\":{\"@type\":\"EntryPoint\",\"urlTemplate\":\"https:\/\/hd-multimedia.com\/?s={search_term_string}\"},\"query-input\":\"required name=search_term_string\"}],\"inLanguage\":\"sl-SI\"},{\"@type\":\"Organization\",\"@id\":\"https:\/\/hd-multimedia.com\/#organization\",\"name\":\"hd-multimedia\",\"url\":\"https:\/\/hd-multimedia.com\/\",\"logo\":{\"@type\":\"ImageObject\",\"inLanguage\":\"sl-SI\",\"@id\":\"https:\/\/hd-multimedia.com\/#\/schema\/logo\/image\/\",\"url\":\"https:\/\/hd-multimedia.com\/hdm_media\/HD-curves-ok-196-56px-alpha-1.png\",\"contentUrl\":\"https:\/\/hd-multimedia.com\/hdm_media\/HD-curves-ok-196-56px-alpha-1.png\",\"width\":196,\"height\":53,\"caption\":\"hd-multimedia\"},\"image\":{\"@id\":\"https:\/\/hd-multimedia.com\/#\/schema\/logo\/image\/\"}}]}<\/script>\n<!-- \/ Yoast SEO plugin. -->","yoast_head_json":{"title":"Cayin N3Ultra - hd-multimedia","description":"Cayin N3Ultra je najnoviji prijenosni audio player iz ku\u0107e Cayin. Ovaj novi model predstavlja nadogradnju visoko cijenjenog N3 Pro.","robots":{"index":"index","follow":"follow","max-snippet":"max-snippet:-1","max-image-preview":"max-image-preview:large","max-video-preview":"max-video-preview:-1"},"canonical":"https:\/\/hd-multimedia.com\/sl\/trgovina\/cayin-n3ultra\/","og_locale":"sl_SI","og_type":"article","og_title":"Cayin N3Ultra - hd-multimedia","og_description":"Cayin N3Ultra je najnoviji prijenosni audio player iz ku\u0107e Cayin. Ovaj novi model predstavlja nadogradnju visoko cijenjenog N3 Pro.","og_url":"https:\/\/hd-multimedia.com\/sl\/trgovina\/cayin-n3ultra\/","og_site_name":"hd-multimedia","article_modified_time":"2026-02-11T09:06:49+00:00","og_image":[{"width":695,"height":695,"url":"https:\/\/hd-multimedia.com\/hdm_media\/cayin-n3ultra-n3-ultra-dual-ak4493s-triple-timbre-digital-audio-player-hifigo-718573_695x695.webp","type":"image\/webp"}],"twitter_card":"summary_large_image","twitter_misc":{"Est. reading time":"1 minuta"},"schema":{"@context":"https:\/\/schema.org","@graph":[{"@type":"WebPage","@id":"https:\/\/hd-multimedia.com\/trgovina\/cayin-n3ultra\/","url":"https:\/\/hd-multimedia.com\/trgovina\/cayin-n3ultra\/","name":"Cayin N3Ultra - hd-multimedia","isPartOf":{"@id":"https:\/\/hd-multimedia.com\/#website"},"datePublished":"2024-05-20T10:14:21+00:00","dateModified":"2026-02-11T09:06:49+00:00","description":"Cayin N3Ultra je najnoviji prijenosni audio player iz ku\u0107e Cayin. Ovaj novi model predstavlja nadogradnju visoko cijenjenog N3 Pro.","breadcrumb":{"@id":"https:\/\/hd-multimedia.com\/trgovina\/cayin-n3ultra\/#breadcrumb"},"inLanguage":"sl-SI","potentialAction":[{"@type":"ReadAction","target":["https:\/\/hd-multimedia.com\/trgovina\/cayin-n3ultra\/"]}]},{"@type":"BreadcrumbList","@id":"https:\/\/hd-multimedia.com\/trgovina\/cayin-n3ultra\/#breadcrumb","itemListElement":[{"@type":"ListItem","position":1,"name":"Po\u010detna stranica","item":"https:\/\/hd-multimedia.com\/"},{"@type":"ListItem","position":2,"name":"Trgovina","item":"https:\/\/hd-multimedia.com\/trgovina\/"},{"@type":"ListItem","position":3,"name":"Cayin N3Ultra"}]},{"@type":"WebSite","@id":"https:\/\/hd-multimedia.com\/#website","url":"https:\/\/hd-multimedia.com\/","name":"hd-multimedia","description":"","publisher":{"@id":"https:\/\/hd-multimedia.com\/#organization"},"potentialAction":[{"@type":"SearchAction","target":{"@type":"EntryPoint","urlTemplate":"https:\/\/hd-multimedia.com\/?s={search_term_string}"},"query-input":"required name=search_term_string"}],"inLanguage":"sl-SI"},{"@type":"Organization","@id":"https:\/\/hd-multimedia.com\/#organization","name":"hd-multimedia","url":"https:\/\/hd-multimedia.com\/","logo":{"@type":"ImageObject","inLanguage":"sl-SI","@id":"https:\/\/hd-multimedia.com\/#\/schema\/logo\/image\/","url":"https:\/\/hd-multimedia.com\/hdm_media\/HD-curves-ok-196-56px-alpha-1.png","contentUrl":"https:\/\/hd-multimedia.com\/hdm_media\/HD-curves-ok-196-56px-alpha-1.png","width":196,"height":53,"caption":"hd-multimedia"},"image":{"@id":"https:\/\/hd-multimedia.com\/#\/schema\/logo\/image\/"}}]}},"post_mailing_queue_ids":[],"_links":{"self":[{"href":"https:\/\/hd-multimedia.com\/sl\/wp-json\/wp\/v2\/product\/15539","targetHints":{"allow":["GET"]}}],"collection":[{"href":"https:\/\/hd-multimedia.com\/sl\/wp-json\/wp\/v2\/product"}],"about":[{"href":"https:\/\/hd-multimedia.com\/sl\/wp-json\/wp\/v2\/types\/product"}],"version-history":[{"count":8,"href":"https:\/\/hd-multimedia.com\/sl\/wp-json\/wp\/v2\/product\/15539\/revisions"}],"predecessor-version":[{"id":15566,"href":"https:\/\/hd-multimedia.com\/sl\/wp-json\/wp\/v2\/product\/15539\/revisions\/15566"}],"wp:featuredmedia":[{"embeddable":true,"href":"https:\/\/hd-multimedia.com\/sl\/wp-json\/wp\/v2\/media\/15540"}],"wp:attachment":[{"href":"https:\/\/hd-multimedia.com\/sl\/wp-json\/wp\/v2\/media?parent=15539"}],"curies":[{"name":"wp","href":"https:\/\/api.w.org\/{rel}","templated":true}]}}