{"id":15396,"date":"2024-05-14T08:29:18","date_gmt":"2024-05-14T08:29:18","guid":{"rendered":"https:\/\/hd-multimedia.com\/?post_type=product&#038;p=15396"},"modified":"2025-04-15T11:27:36","modified_gmt":"2025-04-15T11:27:36","slug":"trifecta-amber-radiance-iem","status":"publish","type":"product","link":"https:\/\/hd-multimedia.com\/sl\/trgovina\/trifecta-amber-radiance-iem\/","title":{"rendered":"Trifecta Amber Radiance IEM"},"content":{"rendered":"<ul>\n<li>Frekven\u010dni odziv: 5Hz\u201320 kHz<\/li>\n<li>SPL: 94 dB pri 1 kHz: 16,91 mVrms<\/li>\n<li>Impedanca: 6,3 Ohma pri 1 kHz<\/li>\n<li>Skupno harmoni\u010dno popa\u010denje manj kot 1%<\/li>\n<\/ul>\n<p><a href=\"https:\/\/www.campfireaudio.com\/products\/trifecta-amber-radiance\" target=\"_blank\" rel=\"noopener\">Ostale informacije najdete na tej povezavi.<\/a><\/p>","protected":false},"excerpt":{"rendered":"<p>Trifecta Amber Radiance je Campfireov prvi in edini IEM s tremi 10 mm dinami\u010dnimi gonilniki polnega razpona. To omogo\u010da Trifecti, da prevaja precej\u0161njo koli\u010dino zraka in ustvarja dovolj mo\u010dan signal, da ustvari izku\u0161njo, podobno izku\u0161nji z naglavnimi slu\u0161alkami, vendar v kompaktni, osebni in prenosni obliki IEM. Namesto ene same sprostitve tlaka za konfiguracijo gonilnika Trifecta je vsak gonilnik lo\u010deno odzra\u010den, kar ustvarja uravnote\u017een zra\u010dni tlak na sprednjem in zadnjem delu gonilnika. To zagotavlja popolno gibanje voznika, dosledno hitrost in ve\u010djo natan\u010dnost, s \u010dimer se izbolj\u0161a splo\u0161no delovanje vsakega voznika v celotnem frekven\u010dnem spektru. Osrednja komora Trifecta je posebej zasnovana za zdru\u017eevanje treh dinami\u010dnih gonilnikov celotnega obsega v eno kohezivno silo. Vsi trije zvo\u010dniki so obrnjeni drug proti drugemu in vstopijo v trikotno komoro, ki zdru\u017euje zra\u010dni pritisk iz vsakega zvo\u010dnika v mo\u010dan val, ki pomaga ustvariti edinstven zvok Trifecta.<\/p>\n<p><a href=\"https:\/\/www.campfireaudio.com\/products\/trifecta-amber-radiance\" target=\"_blank\" rel=\"noopener\">Ostale informacije najdete na tej povezavi.<\/a><\/p>","protected":false},"featured_media":15399,"template":"","meta":{"site-sidebar-layout":"default","site-content-layout":"","ast-site-content-layout":"default","site-content-style":"default","site-sidebar-style":"default","ast-global-header-display":"","ast-banner-title-visibility":"","ast-main-header-display":"","ast-hfb-above-header-display":"","ast-hfb-below-header-display":"","ast-hfb-mobile-header-display":"","site-post-title":"","ast-breadcrumbs-content":"","ast-featured-img":"","footer-sml-layout":"","theme-transparent-header-meta":"default","adv-header-id-meta":"","stick-header-meta":"default","header-above-stick-meta":"","header-main-stick-meta":"","header-below-stick-meta":"","astra-migrate-meta-layouts":"set","ast-page-background-enabled":"default","ast-page-background-meta":{"desktop":{"background-color":"","background-image":"","background-repeat":"repeat","background-position":"center center","background-size":"auto","background-attachment":"scroll","background-type":"","background-media":"","overlay-type":"","overlay-color":"","overlay-opacity":"","overlay-gradient":""},"tablet":{"background-color":"","background-image":"","background-repeat":"repeat","background-position":"center center","background-size":"auto","background-attachment":"scroll","background-type":"","background-media":"","overlay-type":"","overlay-color":"","overlay-opacity":"","overlay-gradient":""},"mobile":{"background-color":"","background-image":"","background-repeat":"repeat","background-position":"center center","background-size":"auto","background-attachment":"scroll","background-type":"","background-media":"","overlay-type":"","overlay-color":"","overlay-opacity":"","overlay-gradient":""}},"ast-content-background-meta":{"desktop":{"background-color":"var(--ast-global-color-5)","background-image":"","background-repeat":"repeat","background-position":"center center","background-size":"auto","background-attachment":"scroll","background-type":"","background-media":"","overlay-type":"","overlay-color":"","overlay-opacity":"","overlay-gradient":""},"tablet":{"background-color":"var(--ast-global-color-5)","background-image":"","background-repeat":"repeat","background-position":"center center","background-size":"auto","background-attachment":"scroll","background-type":"","background-media":"","overlay-type":"","overlay-color":"","overlay-opacity":"","overlay-gradient":""},"mobile":{"background-color":"var(--ast-global-color-5)","background-image":"","background-repeat":"repeat","background-position":"center center","background-size":"auto","background-attachment":"scroll","background-type":"","background-media":"","overlay-type":"","overlay-color":"","overlay-opacity":"","overlay-gradient":""}}},"class_list":["post-15396","product","type-product","status-publish","has-post-thumbnail","hentry","product_cat-campfire-audio","product_cat-usne-slusalice-iem","desktop-align-center","tablet-align-center","mobile-align-center","ast-product-gallery-layout-horizontal","ast-magnify-disabled","ast-product-tabs-layout-horizontal"],"yoast_head":"<!-- This site is optimized with the Yoast SEO plugin v21.4 - https:\/\/yoast.com\/wordpress\/plugins\/seo\/ -->\n<title>Trifecta Amber Radiance IEM - hd-multimedia<\/title>\n<meta name=\"description\" content=\"Trifecta Amber Radiance je Campfireov prvi i jedini IEM s tri punopojasna dinami\u010dka drajvera od 10 mm, signal nalik over-ear slu\u0161alicama!\" \/>\n<meta name=\"robots\" content=\"index, follow, max-snippet:-1, max-image-preview:large, max-video-preview:-1\" \/>\n<link rel=\"canonical\" href=\"https:\/\/hd-multimedia.com\/sl\/trgovina\/trifecta-amber-radiance-iem\/\" \/>\n<meta property=\"og:locale\" content=\"sl_SI\" \/>\n<meta property=\"og:type\" content=\"article\" \/>\n<meta property=\"og:title\" content=\"Trifecta Amber Radiance IEM - hd-multimedia\" \/>\n<meta property=\"og:description\" content=\"Trifecta Amber Radiance je Campfireov prvi i jedini IEM s tri punopojasna dinami\u010dka drajvera od 10 mm, signal nalik over-ear slu\u0161alicama!\" \/>\n<meta property=\"og:url\" content=\"https:\/\/hd-multimedia.com\/sl\/trgovina\/trifecta-amber-radiance-iem\/\" \/>\n<meta property=\"og:site_name\" content=\"hd-multimedia\" \/>\n<meta property=\"article:modified_time\" content=\"2025-04-15T11:27:36+00:00\" \/>\n<meta property=\"og:image\" content=\"https:\/\/hd-multimedia.com\/hdm_media\/TRIAmberShopify2048_4.webp\" \/>\n\t<meta property=\"og:image:width\" content=\"823\" \/>\n\t<meta property=\"og:image:height\" content=\"823\" \/>\n\t<meta property=\"og:image:type\" content=\"image\/webp\" \/>\n<meta name=\"twitter:card\" content=\"summary_large_image\" \/>\n<meta name=\"twitter:label1\" content=\"Est. reading time\" \/>\n\t<meta name=\"twitter:data1\" content=\"1 minuta\" \/>\n<script type=\"application\/ld+json\" class=\"yoast-schema-graph\">{\"@context\":\"https:\/\/schema.org\",\"@graph\":[{\"@type\":\"WebPage\",\"@id\":\"https:\/\/hd-multimedia.com\/trgovina\/trifecta-amber-radiance-iem\/\",\"url\":\"https:\/\/hd-multimedia.com\/trgovina\/trifecta-amber-radiance-iem\/\",\"name\":\"Trifecta Amber Radiance IEM - hd-multimedia\",\"isPartOf\":{\"@id\":\"https:\/\/hd-multimedia.com\/#website\"},\"datePublished\":\"2024-05-14T08:29:18+00:00\",\"dateModified\":\"2025-04-15T11:27:36+00:00\",\"description\":\"Trifecta Amber Radiance je Campfireov prvi i jedini IEM s tri punopojasna dinami\u010dka drajvera od 10 mm, signal nalik over-ear slu\u0161alicama!\",\"breadcrumb\":{\"@id\":\"https:\/\/hd-multimedia.com\/trgovina\/trifecta-amber-radiance-iem\/#breadcrumb\"},\"inLanguage\":\"sl-SI\",\"potentialAction\":[{\"@type\":\"ReadAction\",\"target\":[\"https:\/\/hd-multimedia.com\/trgovina\/trifecta-amber-radiance-iem\/\"]}]},{\"@type\":\"BreadcrumbList\",\"@id\":\"https:\/\/hd-multimedia.com\/trgovina\/trifecta-amber-radiance-iem\/#breadcrumb\",\"itemListElement\":[{\"@type\":\"ListItem\",\"position\":1,\"name\":\"Po\u010detna stranica\",\"item\":\"https:\/\/hd-multimedia.com\/\"},{\"@type\":\"ListItem\",\"position\":2,\"name\":\"Trgovina\",\"item\":\"https:\/\/hd-multimedia.com\/trgovina\/\"},{\"@type\":\"ListItem\",\"position\":3,\"name\":\"Trifecta Amber Radiance IEM\"}]},{\"@type\":\"WebSite\",\"@id\":\"https:\/\/hd-multimedia.com\/#website\",\"url\":\"https:\/\/hd-multimedia.com\/\",\"name\":\"hd-multimedia\",\"description\":\"\",\"publisher\":{\"@id\":\"https:\/\/hd-multimedia.com\/#organization\"},\"potentialAction\":[{\"@type\":\"SearchAction\",\"target\":{\"@type\":\"EntryPoint\",\"urlTemplate\":\"https:\/\/hd-multimedia.com\/?s={search_term_string}\"},\"query-input\":\"required name=search_term_string\"}],\"inLanguage\":\"sl-SI\"},{\"@type\":\"Organization\",\"@id\":\"https:\/\/hd-multimedia.com\/#organization\",\"name\":\"hd-multimedia\",\"url\":\"https:\/\/hd-multimedia.com\/\",\"logo\":{\"@type\":\"ImageObject\",\"inLanguage\":\"sl-SI\",\"@id\":\"https:\/\/hd-multimedia.com\/#\/schema\/logo\/image\/\",\"url\":\"https:\/\/hd-multimedia.com\/hdm_media\/HD-curves-ok-196-56px-alpha-1.png\",\"contentUrl\":\"https:\/\/hd-multimedia.com\/hdm_media\/HD-curves-ok-196-56px-alpha-1.png\",\"width\":196,\"height\":53,\"caption\":\"hd-multimedia\"},\"image\":{\"@id\":\"https:\/\/hd-multimedia.com\/#\/schema\/logo\/image\/\"}}]}<\/script>\n<!-- \/ Yoast SEO plugin. -->","yoast_head_json":{"title":"Trifecta Amber Radiance IEM - hd-multimedia","description":"Trifecta Amber Radiance je Campfireov prvi i jedini IEM s tri punopojasna dinami\u010dka drajvera od 10 mm, signal nalik over-ear slu\u0161alicama!","robots":{"index":"index","follow":"follow","max-snippet":"max-snippet:-1","max-image-preview":"max-image-preview:large","max-video-preview":"max-video-preview:-1"},"canonical":"https:\/\/hd-multimedia.com\/sl\/trgovina\/trifecta-amber-radiance-iem\/","og_locale":"sl_SI","og_type":"article","og_title":"Trifecta Amber Radiance IEM - hd-multimedia","og_description":"Trifecta Amber Radiance je Campfireov prvi i jedini IEM s tri punopojasna dinami\u010dka drajvera od 10 mm, signal nalik over-ear slu\u0161alicama!","og_url":"https:\/\/hd-multimedia.com\/sl\/trgovina\/trifecta-amber-radiance-iem\/","og_site_name":"hd-multimedia","article_modified_time":"2025-04-15T11:27:36+00:00","og_image":[{"width":823,"height":823,"url":"https:\/\/hd-multimedia.com\/hdm_media\/TRIAmberShopify2048_4.webp","type":"image\/webp"}],"twitter_card":"summary_large_image","twitter_misc":{"Est. reading time":"1 minuta"},"schema":{"@context":"https:\/\/schema.org","@graph":[{"@type":"WebPage","@id":"https:\/\/hd-multimedia.com\/trgovina\/trifecta-amber-radiance-iem\/","url":"https:\/\/hd-multimedia.com\/trgovina\/trifecta-amber-radiance-iem\/","name":"Trifecta Amber Radiance IEM - hd-multimedia","isPartOf":{"@id":"https:\/\/hd-multimedia.com\/#website"},"datePublished":"2024-05-14T08:29:18+00:00","dateModified":"2025-04-15T11:27:36+00:00","description":"Trifecta Amber Radiance je Campfireov prvi i jedini IEM s tri punopojasna dinami\u010dka drajvera od 10 mm, signal nalik over-ear slu\u0161alicama!","breadcrumb":{"@id":"https:\/\/hd-multimedia.com\/trgovina\/trifecta-amber-radiance-iem\/#breadcrumb"},"inLanguage":"sl-SI","potentialAction":[{"@type":"ReadAction","target":["https:\/\/hd-multimedia.com\/trgovina\/trifecta-amber-radiance-iem\/"]}]},{"@type":"BreadcrumbList","@id":"https:\/\/hd-multimedia.com\/trgovina\/trifecta-amber-radiance-iem\/#breadcrumb","itemListElement":[{"@type":"ListItem","position":1,"name":"Po\u010detna stranica","item":"https:\/\/hd-multimedia.com\/"},{"@type":"ListItem","position":2,"name":"Trgovina","item":"https:\/\/hd-multimedia.com\/trgovina\/"},{"@type":"ListItem","position":3,"name":"Trifecta Amber Radiance IEM"}]},{"@type":"WebSite","@id":"https:\/\/hd-multimedia.com\/#website","url":"https:\/\/hd-multimedia.com\/","name":"hd-multimedia","description":"","publisher":{"@id":"https:\/\/hd-multimedia.com\/#organization"},"potentialAction":[{"@type":"SearchAction","target":{"@type":"EntryPoint","urlTemplate":"https:\/\/hd-multimedia.com\/?s={search_term_string}"},"query-input":"required name=search_term_string"}],"inLanguage":"sl-SI"},{"@type":"Organization","@id":"https:\/\/hd-multimedia.com\/#organization","name":"hd-multimedia","url":"https:\/\/hd-multimedia.com\/","logo":{"@type":"ImageObject","inLanguage":"sl-SI","@id":"https:\/\/hd-multimedia.com\/#\/schema\/logo\/image\/","url":"https:\/\/hd-multimedia.com\/hdm_media\/HD-curves-ok-196-56px-alpha-1.png","contentUrl":"https:\/\/hd-multimedia.com\/hdm_media\/HD-curves-ok-196-56px-alpha-1.png","width":196,"height":53,"caption":"hd-multimedia"},"image":{"@id":"https:\/\/hd-multimedia.com\/#\/schema\/logo\/image\/"}}]}},"post_mailing_queue_ids":[],"_links":{"self":[{"href":"https:\/\/hd-multimedia.com\/sl\/wp-json\/wp\/v2\/product\/15396","targetHints":{"allow":["GET"]}}],"collection":[{"href":"https:\/\/hd-multimedia.com\/sl\/wp-json\/wp\/v2\/product"}],"about":[{"href":"https:\/\/hd-multimedia.com\/sl\/wp-json\/wp\/v2\/types\/product"}],"version-history":[{"count":4,"href":"https:\/\/hd-multimedia.com\/sl\/wp-json\/wp\/v2\/product\/15396\/revisions"}],"predecessor-version":[{"id":15406,"href":"https:\/\/hd-multimedia.com\/sl\/wp-json\/wp\/v2\/product\/15396\/revisions\/15406"}],"wp:featuredmedia":[{"embeddable":true,"href":"https:\/\/hd-multimedia.com\/sl\/wp-json\/wp\/v2\/media\/15399"}],"wp:attachment":[{"href":"https:\/\/hd-multimedia.com\/sl\/wp-json\/wp\/v2\/media?parent=15396"}],"curies":[{"name":"wp","href":"https:\/\/api.w.org\/{rel}","templated":true}]}}