{"id":15373,"date":"2024-05-14T06:39:14","date_gmt":"2024-05-14T06:39:14","guid":{"rendered":"https:\/\/hd-multimedia.com\/?post_type=product&#038;p=15373"},"modified":"2025-04-15T11:34:35","modified_gmt":"2025-04-15T11:34:35","slug":"solaris-stellar-horizon-iem","status":"publish","type":"product","link":"https:\/\/hd-multimedia.com\/sl\/trgovina\/solaris-stellar-horizon-iem\/","title":{"rendered":"Solaris &#039;Stellar Horizon&#039; IEM"},"content":{"rendered":"<ul>\n<li>Frekven\u010dni odziv = 5Hz \u2013 20kHz<\/li>\n<li>Ob\u010dutljivost = 9,145 mVrms za doseganje 94 dB<\/li>\n<li>Impedanca = 4,4 Ohma pri 1 kHz<\/li>\n<li>THD &lt; 0,5%<\/li>\n<\/ul>\n<p><a href=\"https:\/\/www.campfireaudio.com\/products\/solaris-stellar-horizon\" target=\"_blank\" rel=\"noopener\">Ostale informacije najdete na tej povezavi.<\/a><\/p>","protected":false},"excerpt":{"rendered":"<p>Solarisova &#039;Stellar Horizon&#039; IEM patentirana tehnologija obdelave gonilnikov podjetja Campfire, TAEC, zagotavlja edinstven prostor za namestitev uravnote\u017eene armature, ki omogo\u010da poudarjanje ali zmanj\u0161anje specifi\u010dnih frekven\u010dnih pasov. Posledica tega je izjemno fina nastavitev gonilnikov za doseganje optimalne zmogljivosti. Obdaja 10-milimetrski dinami\u010dni gonilnik Stellar Horizon z obro\u010dasto komoro omogo\u010da enakomernej\u0161o sprostitev pritiska na vseh straneh membrane, kar ima za posledico prefinjen, podroben in natan\u010den nizkotonski odziv. Z vklju\u010devanjem enega najnovej\u0161ih dose\u017ekov v tehnologiji uravnote\u017eene armature Campfire uvaja armature z dvojno membrano podjetja Knowles. Ta dodatna membrana izbolj\u0161a izhod zvoka in ustvari bogatej\u0161i signal. Poleg tega ti gonilniki nudijo prednosti ni\u017eje ob\u010dutljivosti in izjemno nizkega harmoni\u010dnega popa\u010denja.<\/p>\n<p><a href=\"https:\/\/www.campfireaudio.com\/products\/solaris-stellar-horizon\" target=\"_blank\" rel=\"noopener\">Ostale informacije najdete na tej povezavi.<\/a><\/p>","protected":false},"featured_media":15374,"template":"","meta":{"site-sidebar-layout":"default","site-content-layout":"","ast-site-content-layout":"default","site-content-style":"default","site-sidebar-style":"default","ast-global-header-display":"","ast-banner-title-visibility":"","ast-main-header-display":"","ast-hfb-above-header-display":"","ast-hfb-below-header-display":"","ast-hfb-mobile-header-display":"","site-post-title":"","ast-breadcrumbs-content":"","ast-featured-img":"","footer-sml-layout":"","theme-transparent-header-meta":"default","adv-header-id-meta":"","stick-header-meta":"default","header-above-stick-meta":"","header-main-stick-meta":"","header-below-stick-meta":"","astra-migrate-meta-layouts":"set","ast-page-background-enabled":"default","ast-page-background-meta":{"desktop":{"background-color":"","background-image":"","background-repeat":"repeat","background-position":"center center","background-size":"auto","background-attachment":"scroll","background-type":"","background-media":"","overlay-type":"","overlay-color":"","overlay-opacity":"","overlay-gradient":""},"tablet":{"background-color":"","background-image":"","background-repeat":"repeat","background-position":"center center","background-size":"auto","background-attachment":"scroll","background-type":"","background-media":"","overlay-type":"","overlay-color":"","overlay-opacity":"","overlay-gradient":""},"mobile":{"background-color":"","background-image":"","background-repeat":"repeat","background-position":"center center","background-size":"auto","background-attachment":"scroll","background-type":"","background-media":"","overlay-type":"","overlay-color":"","overlay-opacity":"","overlay-gradient":""}},"ast-content-background-meta":{"desktop":{"background-color":"var(--ast-global-color-5)","background-image":"","background-repeat":"repeat","background-position":"center center","background-size":"auto","background-attachment":"scroll","background-type":"","background-media":"","overlay-type":"","overlay-color":"","overlay-opacity":"","overlay-gradient":""},"tablet":{"background-color":"var(--ast-global-color-5)","background-image":"","background-repeat":"repeat","background-position":"center center","background-size":"auto","background-attachment":"scroll","background-type":"","background-media":"","overlay-type":"","overlay-color":"","overlay-opacity":"","overlay-gradient":""},"mobile":{"background-color":"var(--ast-global-color-5)","background-image":"","background-repeat":"repeat","background-position":"center center","background-size":"auto","background-attachment":"scroll","background-type":"","background-media":"","overlay-type":"","overlay-color":"","overlay-opacity":"","overlay-gradient":""}}},"class_list":["post-15373","product","type-product","status-publish","has-post-thumbnail","hentry","product_cat-campfire-audio","product_cat-usne-slusalice-iem","desktop-align-center","tablet-align-center","mobile-align-center","ast-product-gallery-layout-horizontal","ast-magnify-disabled","ast-product-tabs-layout-horizontal"],"yoast_head":"<!-- This site is optimized with the Yoast SEO plugin v21.4 - https:\/\/yoast.com\/wordpress\/plugins\/seo\/ -->\n<title>Solaris &#039;Stellar Horizon&#039; IEM - hd-multimedia<\/title>\n<meta name=\"description\" content=\"Solaris &#039;Stellar Horizon&#039; IEM patentirana tehnologija obrade drajvera tvrtke Campfire, TAEC, pru\u017ea jedinstveni prostor za smje\u0161taj uravnote\u017eene armature.\" \/>\n<meta name=\"robots\" content=\"index, follow, max-snippet:-1, max-image-preview:large, max-video-preview:-1\" \/>\n<link rel=\"canonical\" href=\"https:\/\/hd-multimedia.com\/sl\/trgovina\/solaris-stellar-horizon-iem\/\" \/>\n<meta property=\"og:locale\" content=\"sl_SI\" \/>\n<meta property=\"og:type\" content=\"article\" \/>\n<meta property=\"og:title\" content=\"Solaris &#039;Stellar Horizon&#039; IEM - hd-multimedia\" \/>\n<meta property=\"og:description\" content=\"Solaris &#039;Stellar Horizon&#039; IEM patentirana tehnologija obrade drajvera tvrtke Campfire, TAEC, pru\u017ea jedinstveni prostor za smje\u0161taj uravnote\u017eene armature.\" \/>\n<meta property=\"og:url\" content=\"https:\/\/hd-multimedia.com\/sl\/trgovina\/solaris-stellar-horizon-iem\/\" \/>\n<meta property=\"og:site_name\" content=\"hd-multimedia\" \/>\n<meta property=\"article:modified_time\" content=\"2025-04-15T11:34:35+00:00\" \/>\n<meta property=\"og:image\" content=\"https:\/\/hd-multimedia.com\/hdm_media\/SOLARIS-SH-New-Shopify-Images-2048.webp\" \/>\n\t<meta property=\"og:image:width\" content=\"823\" \/>\n\t<meta property=\"og:image:height\" content=\"823\" \/>\n\t<meta property=\"og:image:type\" content=\"image\/webp\" \/>\n<meta name=\"twitter:card\" content=\"summary_large_image\" \/>\n<meta name=\"twitter:label1\" content=\"Est. reading time\" \/>\n\t<meta name=\"twitter:data1\" content=\"1 minuta\" \/>\n<script type=\"application\/ld+json\" class=\"yoast-schema-graph\">{\"@context\":\"https:\/\/schema.org\",\"@graph\":[{\"@type\":\"WebPage\",\"@id\":\"https:\/\/hd-multimedia.com\/trgovina\/solaris-stellar-horizon-iem\/\",\"url\":\"https:\/\/hd-multimedia.com\/trgovina\/solaris-stellar-horizon-iem\/\",\"name\":\"Solaris 'Stellar Horizon' IEM - hd-multimedia\",\"isPartOf\":{\"@id\":\"https:\/\/hd-multimedia.com\/#website\"},\"datePublished\":\"2024-05-14T06:39:14+00:00\",\"dateModified\":\"2025-04-15T11:34:35+00:00\",\"description\":\"Solaris 'Stellar Horizon' IEM patentirana tehnologija obrade drajvera tvrtke Campfire, TAEC, pru\u017ea jedinstveni prostor za smje\u0161taj uravnote\u017eene armature.\",\"breadcrumb\":{\"@id\":\"https:\/\/hd-multimedia.com\/trgovina\/solaris-stellar-horizon-iem\/#breadcrumb\"},\"inLanguage\":\"sl-SI\",\"potentialAction\":[{\"@type\":\"ReadAction\",\"target\":[\"https:\/\/hd-multimedia.com\/trgovina\/solaris-stellar-horizon-iem\/\"]}]},{\"@type\":\"BreadcrumbList\",\"@id\":\"https:\/\/hd-multimedia.com\/trgovina\/solaris-stellar-horizon-iem\/#breadcrumb\",\"itemListElement\":[{\"@type\":\"ListItem\",\"position\":1,\"name\":\"Po\u010detna stranica\",\"item\":\"https:\/\/hd-multimedia.com\/\"},{\"@type\":\"ListItem\",\"position\":2,\"name\":\"Trgovina\",\"item\":\"https:\/\/hd-multimedia.com\/trgovina\/\"},{\"@type\":\"ListItem\",\"position\":3,\"name\":\"Solaris &#8216;Stellar Horizon&#8217; IEM\"}]},{\"@type\":\"WebSite\",\"@id\":\"https:\/\/hd-multimedia.com\/#website\",\"url\":\"https:\/\/hd-multimedia.com\/\",\"name\":\"hd-multimedia\",\"description\":\"\",\"publisher\":{\"@id\":\"https:\/\/hd-multimedia.com\/#organization\"},\"potentialAction\":[{\"@type\":\"SearchAction\",\"target\":{\"@type\":\"EntryPoint\",\"urlTemplate\":\"https:\/\/hd-multimedia.com\/?s={search_term_string}\"},\"query-input\":\"required name=search_term_string\"}],\"inLanguage\":\"sl-SI\"},{\"@type\":\"Organization\",\"@id\":\"https:\/\/hd-multimedia.com\/#organization\",\"name\":\"hd-multimedia\",\"url\":\"https:\/\/hd-multimedia.com\/\",\"logo\":{\"@type\":\"ImageObject\",\"inLanguage\":\"sl-SI\",\"@id\":\"https:\/\/hd-multimedia.com\/#\/schema\/logo\/image\/\",\"url\":\"https:\/\/hd-multimedia.com\/hdm_media\/HD-curves-ok-196-56px-alpha-1.png\",\"contentUrl\":\"https:\/\/hd-multimedia.com\/hdm_media\/HD-curves-ok-196-56px-alpha-1.png\",\"width\":196,\"height\":53,\"caption\":\"hd-multimedia\"},\"image\":{\"@id\":\"https:\/\/hd-multimedia.com\/#\/schema\/logo\/image\/\"}}]}<\/script>\n<!-- \/ Yoast SEO plugin. -->","yoast_head_json":{"title":"Solaris 'Stellar Horizon' IEM - hd-multimedia","description":"Solaris 'Stellar Horizon' IEM patentirana tehnologija obrade drajvera tvrtke Campfire, TAEC, pru\u017ea jedinstveni prostor za smje\u0161taj uravnote\u017eene armature.","robots":{"index":"index","follow":"follow","max-snippet":"max-snippet:-1","max-image-preview":"max-image-preview:large","max-video-preview":"max-video-preview:-1"},"canonical":"https:\/\/hd-multimedia.com\/sl\/trgovina\/solaris-stellar-horizon-iem\/","og_locale":"sl_SI","og_type":"article","og_title":"Solaris 'Stellar Horizon' IEM - hd-multimedia","og_description":"Solaris 'Stellar Horizon' IEM patentirana tehnologija obrade drajvera tvrtke Campfire, TAEC, pru\u017ea jedinstveni prostor za smje\u0161taj uravnote\u017eene armature.","og_url":"https:\/\/hd-multimedia.com\/sl\/trgovina\/solaris-stellar-horizon-iem\/","og_site_name":"hd-multimedia","article_modified_time":"2025-04-15T11:34:35+00:00","og_image":[{"width":823,"height":823,"url":"https:\/\/hd-multimedia.com\/hdm_media\/SOLARIS-SH-New-Shopify-Images-2048.webp","type":"image\/webp"}],"twitter_card":"summary_large_image","twitter_misc":{"Est. reading time":"1 minuta"},"schema":{"@context":"https:\/\/schema.org","@graph":[{"@type":"WebPage","@id":"https:\/\/hd-multimedia.com\/trgovina\/solaris-stellar-horizon-iem\/","url":"https:\/\/hd-multimedia.com\/trgovina\/solaris-stellar-horizon-iem\/","name":"Solaris 'Stellar Horizon' IEM - hd-multimedia","isPartOf":{"@id":"https:\/\/hd-multimedia.com\/#website"},"datePublished":"2024-05-14T06:39:14+00:00","dateModified":"2025-04-15T11:34:35+00:00","description":"Solaris 'Stellar Horizon' IEM patentirana tehnologija obrade drajvera tvrtke Campfire, TAEC, pru\u017ea jedinstveni prostor za smje\u0161taj uravnote\u017eene armature.","breadcrumb":{"@id":"https:\/\/hd-multimedia.com\/trgovina\/solaris-stellar-horizon-iem\/#breadcrumb"},"inLanguage":"sl-SI","potentialAction":[{"@type":"ReadAction","target":["https:\/\/hd-multimedia.com\/trgovina\/solaris-stellar-horizon-iem\/"]}]},{"@type":"BreadcrumbList","@id":"https:\/\/hd-multimedia.com\/trgovina\/solaris-stellar-horizon-iem\/#breadcrumb","itemListElement":[{"@type":"ListItem","position":1,"name":"Po\u010detna stranica","item":"https:\/\/hd-multimedia.com\/"},{"@type":"ListItem","position":2,"name":"Trgovina","item":"https:\/\/hd-multimedia.com\/trgovina\/"},{"@type":"ListItem","position":3,"name":"Solaris &#8216;Stellar Horizon&#8217; IEM"}]},{"@type":"WebSite","@id":"https:\/\/hd-multimedia.com\/#website","url":"https:\/\/hd-multimedia.com\/","name":"hd-multimedia","description":"","publisher":{"@id":"https:\/\/hd-multimedia.com\/#organization"},"potentialAction":[{"@type":"SearchAction","target":{"@type":"EntryPoint","urlTemplate":"https:\/\/hd-multimedia.com\/?s={search_term_string}"},"query-input":"required name=search_term_string"}],"inLanguage":"sl-SI"},{"@type":"Organization","@id":"https:\/\/hd-multimedia.com\/#organization","name":"hd-multimedia","url":"https:\/\/hd-multimedia.com\/","logo":{"@type":"ImageObject","inLanguage":"sl-SI","@id":"https:\/\/hd-multimedia.com\/#\/schema\/logo\/image\/","url":"https:\/\/hd-multimedia.com\/hdm_media\/HD-curves-ok-196-56px-alpha-1.png","contentUrl":"https:\/\/hd-multimedia.com\/hdm_media\/HD-curves-ok-196-56px-alpha-1.png","width":196,"height":53,"caption":"hd-multimedia"},"image":{"@id":"https:\/\/hd-multimedia.com\/#\/schema\/logo\/image\/"}}]}},"post_mailing_queue_ids":[],"_links":{"self":[{"href":"https:\/\/hd-multimedia.com\/sl\/wp-json\/wp\/v2\/product\/15373","targetHints":{"allow":["GET"]}}],"collection":[{"href":"https:\/\/hd-multimedia.com\/sl\/wp-json\/wp\/v2\/product"}],"about":[{"href":"https:\/\/hd-multimedia.com\/sl\/wp-json\/wp\/v2\/types\/product"}],"version-history":[{"count":3,"href":"https:\/\/hd-multimedia.com\/sl\/wp-json\/wp\/v2\/product\/15373\/revisions"}],"predecessor-version":[{"id":15384,"href":"https:\/\/hd-multimedia.com\/sl\/wp-json\/wp\/v2\/product\/15373\/revisions\/15384"}],"wp:featuredmedia":[{"embeddable":true,"href":"https:\/\/hd-multimedia.com\/sl\/wp-json\/wp\/v2\/media\/15374"}],"wp:attachment":[{"href":"https:\/\/hd-multimedia.com\/sl\/wp-json\/wp\/v2\/media?parent=15373"}],"curies":[{"name":"wp","href":"https:\/\/api.w.org\/{rel}","templated":true}]}}