{"id":15321,"date":"2024-05-07T11:36:38","date_gmt":"2024-05-07T11:36:38","guid":{"rendered":"https:\/\/hd-multimedia.com\/?post_type=product&#038;p=15321"},"modified":"2025-11-24T07:51:32","modified_gmt":"2025-11-24T07:51:32","slug":"supermoon","status":"publish","type":"product","link":"https:\/\/hd-multimedia.com\/sl\/trgovina\/supermoon\/","title":{"rendered":"Supermoon"},"content":{"rendered":"<ul>\n<li>Frekven\u010dni odziv: 5 Hz \u2013 20 kHz<\/li>\n<li>SPL: 94 dB pri 1 kHz: 54 mVrms<\/li>\n<li>Impedanca: 15,5 Ohmov pri 1 kHz<\/li>\n<li>Skupno harmoni\u010dno popa\u010denje: manj kot 1%<\/li>\n<\/ul>\n<p><a href=\"https:\/\/www.campfireaudio.com\/products\/supermoon-1?_pos=1&amp;_sid=7722848de&amp;_ss=r\" target=\"_blank\" rel=\"noopener\">Ostale informacije najdete na tej povezavi.<\/a><\/p>","protected":false},"excerpt":{"rendered":"<p>Supermoon se pona\u0161a s svojim edinstvenim 14 mm ravnim pogonom, ki ponuja neprimerljivo vsestranskost, vrhunsko zmogljivost in hitre odzivne \u010dase. Zahvaljujo\u010d plo\u0161\u010datemu magnetnemu gonilniku zagotavlja mo\u010dan udarec, tonske nianse in kompleksno reprodukcijo zvoka hkrati. Trdno ohi\u0161je Supermoon je izdelano s 3D tiskanjem in ro\u010dnim sestavljanjem, ki vklju\u010duje prefinjene elemente iz nerjave\u010dega jekla. Supermoon, ki je \u0161e posebej viden v alternativnih in jazz \u017eanrih, je prejel veliko pohval od zahtevnih poslu\u0161alcev za svojo izjemno zvestobo zvoka, ki zagotavlja kakovostno izku\u0161njo poslu\u0161anja. Univerzalne Supermoon so del serije Chromatic, oran\u017ene slu\u0161alke so del paketa &quot;vse v enem&quot; Essential, prilo\u017eene so 3,5 mm kablu Time Stream. V paketu se barve vseh dodatkov ujemajo z izbrano barvo slu\u0161alk.<\/p>\n<p><a href=\"https:\/\/www.campfireaudio.com\/products\/supermoon-1?_pos=1&amp;_sid=7722848de&amp;_ss=r\" target=\"_blank\" rel=\"noopener\">Ostale informacije najdete na tej povezavi.<\/a><\/p>","protected":false},"featured_media":15323,"template":"","meta":{"site-sidebar-layout":"default","site-content-layout":"","ast-site-content-layout":"default","site-content-style":"default","site-sidebar-style":"default","ast-global-header-display":"","ast-banner-title-visibility":"","ast-main-header-display":"","ast-hfb-above-header-display":"","ast-hfb-below-header-display":"","ast-hfb-mobile-header-display":"","site-post-title":"","ast-breadcrumbs-content":"","ast-featured-img":"","footer-sml-layout":"","theme-transparent-header-meta":"default","adv-header-id-meta":"","stick-header-meta":"default","header-above-stick-meta":"","header-main-stick-meta":"","header-below-stick-meta":"","astra-migrate-meta-layouts":"set","ast-page-background-enabled":"default","ast-page-background-meta":{"desktop":{"background-color":"","background-image":"","background-repeat":"repeat","background-position":"center center","background-size":"auto","background-attachment":"scroll","background-type":"","background-media":"","overlay-type":"","overlay-color":"","overlay-opacity":"","overlay-gradient":""},"tablet":{"background-color":"","background-image":"","background-repeat":"repeat","background-position":"center center","background-size":"auto","background-attachment":"scroll","background-type":"","background-media":"","overlay-type":"","overlay-color":"","overlay-opacity":"","overlay-gradient":""},"mobile":{"background-color":"","background-image":"","background-repeat":"repeat","background-position":"center center","background-size":"auto","background-attachment":"scroll","background-type":"","background-media":"","overlay-type":"","overlay-color":"","overlay-opacity":"","overlay-gradient":""}},"ast-content-background-meta":{"desktop":{"background-color":"var(--ast-global-color-5)","background-image":"","background-repeat":"repeat","background-position":"center center","background-size":"auto","background-attachment":"scroll","background-type":"","background-media":"","overlay-type":"","overlay-color":"","overlay-opacity":"","overlay-gradient":""},"tablet":{"background-color":"var(--ast-global-color-5)","background-image":"","background-repeat":"repeat","background-position":"center center","background-size":"auto","background-attachment":"scroll","background-type":"","background-media":"","overlay-type":"","overlay-color":"","overlay-opacity":"","overlay-gradient":""},"mobile":{"background-color":"var(--ast-global-color-5)","background-image":"","background-repeat":"repeat","background-position":"center center","background-size":"auto","background-attachment":"scroll","background-type":"","background-media":"","overlay-type":"","overlay-color":"","overlay-opacity":"","overlay-gradient":""}}},"class_list":["post-15321","product","type-product","status-publish","has-post-thumbnail","hentry","product_cat-campfire-audio","product_cat-usne-slusalice-iem","desktop-align-center","tablet-align-center","mobile-align-center","ast-product-gallery-layout-horizontal","ast-magnify-disabled","ast-product-tabs-layout-horizontal"],"yoast_head":"<!-- This site is optimized with the Yoast SEO plugin v21.4 - https:\/\/yoast.com\/wordpress\/plugins\/seo\/ -->\n<title>Supermoon - hd-multimedia<\/title>\n<meta name=\"description\" content=\"Supermoon se ponosi svojim jedinstvenim 14-milimetarskim planarnim drajverom, koji nudi vrhunske performanse i brzo vrijeme odgovora.\" \/>\n<meta name=\"robots\" content=\"index, follow, max-snippet:-1, max-image-preview:large, max-video-preview:-1\" \/>\n<link rel=\"canonical\" href=\"https:\/\/hd-multimedia.com\/sl\/trgovina\/supermoon\/\" \/>\n<meta property=\"og:locale\" content=\"sl_SI\" \/>\n<meta property=\"og:type\" content=\"article\" \/>\n<meta property=\"og:title\" content=\"Supermoon - hd-multimedia\" \/>\n<meta property=\"og:description\" content=\"Supermoon se ponosi svojim jedinstvenim 14-milimetarskim planarnim drajverom, koji nudi vrhunske performanse i brzo vrijeme odgovora.\" \/>\n<meta property=\"og:url\" content=\"https:\/\/hd-multimedia.com\/sl\/trgovina\/supermoon\/\" \/>\n<meta property=\"og:site_name\" content=\"hd-multimedia\" \/>\n<meta property=\"article:modified_time\" content=\"2025-11-24T07:51:32+00:00\" \/>\n<meta property=\"og:image\" content=\"https:\/\/hd-multimedia.com\/hdm_media\/Supermoon-Orange-Shopify-2048_1.webp\" \/>\n\t<meta property=\"og:image:width\" content=\"823\" \/>\n\t<meta property=\"og:image:height\" content=\"823\" \/>\n\t<meta property=\"og:image:type\" content=\"image\/webp\" \/>\n<meta name=\"twitter:card\" content=\"summary_large_image\" \/>\n<meta name=\"twitter:label1\" content=\"Est. reading time\" \/>\n\t<meta name=\"twitter:data1\" content=\"1 minuta\" \/>\n<script type=\"application\/ld+json\" class=\"yoast-schema-graph\">{\"@context\":\"https:\/\/schema.org\",\"@graph\":[{\"@type\":\"WebPage\",\"@id\":\"https:\/\/hd-multimedia.com\/trgovina\/supermoon\/\",\"url\":\"https:\/\/hd-multimedia.com\/trgovina\/supermoon\/\",\"name\":\"Supermoon - hd-multimedia\",\"isPartOf\":{\"@id\":\"https:\/\/hd-multimedia.com\/#website\"},\"datePublished\":\"2024-05-07T11:36:38+00:00\",\"dateModified\":\"2025-11-24T07:51:32+00:00\",\"description\":\"Supermoon se ponosi svojim jedinstvenim 14-milimetarskim planarnim drajverom, koji nudi vrhunske performanse i brzo vrijeme odgovora.\",\"breadcrumb\":{\"@id\":\"https:\/\/hd-multimedia.com\/trgovina\/supermoon\/#breadcrumb\"},\"inLanguage\":\"sl-SI\",\"potentialAction\":[{\"@type\":\"ReadAction\",\"target\":[\"https:\/\/hd-multimedia.com\/trgovina\/supermoon\/\"]}]},{\"@type\":\"BreadcrumbList\",\"@id\":\"https:\/\/hd-multimedia.com\/trgovina\/supermoon\/#breadcrumb\",\"itemListElement\":[{\"@type\":\"ListItem\",\"position\":1,\"name\":\"Po\u010detna stranica\",\"item\":\"https:\/\/hd-multimedia.com\/\"},{\"@type\":\"ListItem\",\"position\":2,\"name\":\"Trgovina\",\"item\":\"https:\/\/hd-multimedia.com\/trgovina\/\"},{\"@type\":\"ListItem\",\"position\":3,\"name\":\"Supermoon\"}]},{\"@type\":\"WebSite\",\"@id\":\"https:\/\/hd-multimedia.com\/#website\",\"url\":\"https:\/\/hd-multimedia.com\/\",\"name\":\"hd-multimedia\",\"description\":\"\",\"publisher\":{\"@id\":\"https:\/\/hd-multimedia.com\/#organization\"},\"potentialAction\":[{\"@type\":\"SearchAction\",\"target\":{\"@type\":\"EntryPoint\",\"urlTemplate\":\"https:\/\/hd-multimedia.com\/?s={search_term_string}\"},\"query-input\":\"required name=search_term_string\"}],\"inLanguage\":\"sl-SI\"},{\"@type\":\"Organization\",\"@id\":\"https:\/\/hd-multimedia.com\/#organization\",\"name\":\"hd-multimedia\",\"url\":\"https:\/\/hd-multimedia.com\/\",\"logo\":{\"@type\":\"ImageObject\",\"inLanguage\":\"sl-SI\",\"@id\":\"https:\/\/hd-multimedia.com\/#\/schema\/logo\/image\/\",\"url\":\"https:\/\/hd-multimedia.com\/hdm_media\/HD-curves-ok-196-56px-alpha-1.png\",\"contentUrl\":\"https:\/\/hd-multimedia.com\/hdm_media\/HD-curves-ok-196-56px-alpha-1.png\",\"width\":196,\"height\":53,\"caption\":\"hd-multimedia\"},\"image\":{\"@id\":\"https:\/\/hd-multimedia.com\/#\/schema\/logo\/image\/\"}}]}<\/script>\n<!-- \/ Yoast SEO plugin. -->","yoast_head_json":{"title":"Supermoon - hd-multimedia","description":"Supermoon se ponosi svojim jedinstvenim 14-milimetarskim planarnim drajverom, koji nudi vrhunske performanse i brzo vrijeme odgovora.","robots":{"index":"index","follow":"follow","max-snippet":"max-snippet:-1","max-image-preview":"max-image-preview:large","max-video-preview":"max-video-preview:-1"},"canonical":"https:\/\/hd-multimedia.com\/sl\/trgovina\/supermoon\/","og_locale":"sl_SI","og_type":"article","og_title":"Supermoon - hd-multimedia","og_description":"Supermoon se ponosi svojim jedinstvenim 14-milimetarskim planarnim drajverom, koji nudi vrhunske performanse i brzo vrijeme odgovora.","og_url":"https:\/\/hd-multimedia.com\/sl\/trgovina\/supermoon\/","og_site_name":"hd-multimedia","article_modified_time":"2025-11-24T07:51:32+00:00","og_image":[{"width":823,"height":823,"url":"https:\/\/hd-multimedia.com\/hdm_media\/Supermoon-Orange-Shopify-2048_1.webp","type":"image\/webp"}],"twitter_card":"summary_large_image","twitter_misc":{"Est. reading time":"1 minuta"},"schema":{"@context":"https:\/\/schema.org","@graph":[{"@type":"WebPage","@id":"https:\/\/hd-multimedia.com\/trgovina\/supermoon\/","url":"https:\/\/hd-multimedia.com\/trgovina\/supermoon\/","name":"Supermoon - hd-multimedia","isPartOf":{"@id":"https:\/\/hd-multimedia.com\/#website"},"datePublished":"2024-05-07T11:36:38+00:00","dateModified":"2025-11-24T07:51:32+00:00","description":"Supermoon se ponosi svojim jedinstvenim 14-milimetarskim planarnim drajverom, koji nudi vrhunske performanse i brzo vrijeme odgovora.","breadcrumb":{"@id":"https:\/\/hd-multimedia.com\/trgovina\/supermoon\/#breadcrumb"},"inLanguage":"sl-SI","potentialAction":[{"@type":"ReadAction","target":["https:\/\/hd-multimedia.com\/trgovina\/supermoon\/"]}]},{"@type":"BreadcrumbList","@id":"https:\/\/hd-multimedia.com\/trgovina\/supermoon\/#breadcrumb","itemListElement":[{"@type":"ListItem","position":1,"name":"Po\u010detna stranica","item":"https:\/\/hd-multimedia.com\/"},{"@type":"ListItem","position":2,"name":"Trgovina","item":"https:\/\/hd-multimedia.com\/trgovina\/"},{"@type":"ListItem","position":3,"name":"Supermoon"}]},{"@type":"WebSite","@id":"https:\/\/hd-multimedia.com\/#website","url":"https:\/\/hd-multimedia.com\/","name":"hd-multimedia","description":"","publisher":{"@id":"https:\/\/hd-multimedia.com\/#organization"},"potentialAction":[{"@type":"SearchAction","target":{"@type":"EntryPoint","urlTemplate":"https:\/\/hd-multimedia.com\/?s={search_term_string}"},"query-input":"required name=search_term_string"}],"inLanguage":"sl-SI"},{"@type":"Organization","@id":"https:\/\/hd-multimedia.com\/#organization","name":"hd-multimedia","url":"https:\/\/hd-multimedia.com\/","logo":{"@type":"ImageObject","inLanguage":"sl-SI","@id":"https:\/\/hd-multimedia.com\/#\/schema\/logo\/image\/","url":"https:\/\/hd-multimedia.com\/hdm_media\/HD-curves-ok-196-56px-alpha-1.png","contentUrl":"https:\/\/hd-multimedia.com\/hdm_media\/HD-curves-ok-196-56px-alpha-1.png","width":196,"height":53,"caption":"hd-multimedia"},"image":{"@id":"https:\/\/hd-multimedia.com\/#\/schema\/logo\/image\/"}}]}},"post_mailing_queue_ids":[],"_links":{"self":[{"href":"https:\/\/hd-multimedia.com\/sl\/wp-json\/wp\/v2\/product\/15321","targetHints":{"allow":["GET"]}}],"collection":[{"href":"https:\/\/hd-multimedia.com\/sl\/wp-json\/wp\/v2\/product"}],"about":[{"href":"https:\/\/hd-multimedia.com\/sl\/wp-json\/wp\/v2\/types\/product"}],"version-history":[{"count":4,"href":"https:\/\/hd-multimedia.com\/sl\/wp-json\/wp\/v2\/product\/15321\/revisions"}],"predecessor-version":[{"id":15367,"href":"https:\/\/hd-multimedia.com\/sl\/wp-json\/wp\/v2\/product\/15321\/revisions\/15367"}],"wp:featuredmedia":[{"embeddable":true,"href":"https:\/\/hd-multimedia.com\/sl\/wp-json\/wp\/v2\/media\/15323"}],"wp:attachment":[{"href":"https:\/\/hd-multimedia.com\/sl\/wp-json\/wp\/v2\/media?parent=15321"}],"curies":[{"name":"wp","href":"https:\/\/api.w.org\/{rel}","templated":true}]}}