{"id":15284,"date":"2024-05-06T10:03:32","date_gmt":"2024-05-06T10:03:32","guid":{"rendered":"https:\/\/hd-multimedia.com\/?post_type=product&#038;p=15284"},"modified":"2025-07-28T10:36:11","modified_gmt":"2025-07-28T10:36:11","slug":"fiio-1-5m-dual-3-5mm-ll-rc","status":"publish","type":"product","link":"https:\/\/hd-multimedia.com\/sl\/trgovina\/fiio-1-5m-dual-3-5mm-ll-rc\/","title":{"rendered":"FiiO LL-RC Dual 3.5mm plugs"},"content":{"rendered":"<p>FiiO LL-RC Dual 3,5 mm vti\u010di (1,5 m in 3 m).<\/p>","protected":false},"excerpt":{"rendered":"<p>FiiO LL-RC 2024 je monokristalni bakren kabel za slu\u0161alke japonskega proizvajalca Furukawa. Skrbno izdelan iz japonskega avtenti\u010dnega bakrenega materiala Furukawa visoke \u010distosti in podvr\u017een sekundarnemu procesu rafiniranja, ki vklju\u010duje 560 \u017eic. Njegove koaksialne pletene \u017eice in spajke brez svinca, ki vsebujejo srebro, zagotavljajo optimalen prenos signala in zagotavljajo brezhibno reprodukcijo zvoka. FiiO LL-RC 2024 je zasnovan za vsestranskost, z vti\u010di, ki so zdru\u017eljivi s 3,5 mm enosmernimi uravnote\u017eenimi zaklju\u010dki, zaradi \u010desar je idealen za razli\u010dne zvo\u010dne nastavitve.<\/p>\n<p>&nbsp;<\/p>","protected":false},"featured_media":15285,"template":"","meta":{"site-sidebar-layout":"default","site-content-layout":"","ast-site-content-layout":"default","site-content-style":"default","site-sidebar-style":"default","ast-global-header-display":"","ast-banner-title-visibility":"","ast-main-header-display":"","ast-hfb-above-header-display":"","ast-hfb-below-header-display":"","ast-hfb-mobile-header-display":"","site-post-title":"","ast-breadcrumbs-content":"","ast-featured-img":"","footer-sml-layout":"","theme-transparent-header-meta":"default","adv-header-id-meta":"","stick-header-meta":"default","header-above-stick-meta":"","header-main-stick-meta":"","header-below-stick-meta":"","astra-migrate-meta-layouts":"set","ast-page-background-enabled":"default","ast-page-background-meta":{"desktop":{"background-color":"","background-image":"","background-repeat":"repeat","background-position":"center center","background-size":"auto","background-attachment":"scroll","background-type":"","background-media":"","overlay-type":"","overlay-color":"","overlay-opacity":"","overlay-gradient":""},"tablet":{"background-color":"","background-image":"","background-repeat":"repeat","background-position":"center center","background-size":"auto","background-attachment":"scroll","background-type":"","background-media":"","overlay-type":"","overlay-color":"","overlay-opacity":"","overlay-gradient":""},"mobile":{"background-color":"","background-image":"","background-repeat":"repeat","background-position":"center center","background-size":"auto","background-attachment":"scroll","background-type":"","background-media":"","overlay-type":"","overlay-color":"","overlay-opacity":"","overlay-gradient":""}},"ast-content-background-meta":{"desktop":{"background-color":"var(--ast-global-color-5)","background-image":"","background-repeat":"repeat","background-position":"center center","background-size":"auto","background-attachment":"scroll","background-type":"","background-media":"","overlay-type":"","overlay-color":"","overlay-opacity":"","overlay-gradient":""},"tablet":{"background-color":"var(--ast-global-color-5)","background-image":"","background-repeat":"repeat","background-position":"center center","background-size":"auto","background-attachment":"scroll","background-type":"","background-media":"","overlay-type":"","overlay-color":"","overlay-opacity":"","overlay-gradient":""},"mobile":{"background-color":"var(--ast-global-color-5)","background-image":"","background-repeat":"repeat","background-position":"center center","background-size":"auto","background-attachment":"scroll","background-type":"","background-media":"","overlay-type":"","overlay-color":"","overlay-opacity":"","overlay-gradient":""}}},"class_list":["post-15284","product","type-product","status-publish","has-post-thumbnail","hentry","product_cat-kablovi-mobilni-audio","product_cat-fiio","desktop-align-center","tablet-align-center","mobile-align-center","ast-product-gallery-layout-horizontal","ast-magnify-disabled","ast-product-single-variable","ast-product-tabs-layout-horizontal"],"yoast_head":"<!-- This site is optimized with the Yoast SEO plugin v21.4 - https:\/\/yoast.com\/wordpress\/plugins\/seo\/ -->\n<title>FiiO LL-RC Dual 3.5mm plugs - hd-multimedia<\/title>\n<meta name=\"description\" content=\"FiiO LL-RC 2024 je dizajniran za raznovrsnost, s utika\u010dima koji su kompatibilni\u00a0 za 3.5mm jednostranim balansiranim zavr\u0161ecima.\" \/>\n<meta name=\"robots\" content=\"index, follow, max-snippet:-1, max-image-preview:large, max-video-preview:-1\" \/>\n<link rel=\"canonical\" href=\"https:\/\/hd-multimedia.com\/sl\/trgovina\/fiio-1-5m-dual-3-5mm-ll-rc\/\" \/>\n<meta property=\"og:locale\" content=\"sl_SI\" \/>\n<meta property=\"og:type\" content=\"article\" \/>\n<meta property=\"og:title\" content=\"FiiO LL-RC Dual 3.5mm plugs - hd-multimedia\" \/>\n<meta property=\"og:description\" content=\"FiiO LL-RC 2024 je dizajniran za raznovrsnost, s utika\u010dima koji su kompatibilni\u00a0 za 3.5mm jednostranim balansiranim zavr\u0161ecima.\" \/>\n<meta property=\"og:url\" content=\"https:\/\/hd-multimedia.com\/sl\/trgovina\/fiio-1-5m-dual-3-5mm-ll-rc\/\" \/>\n<meta property=\"og:site_name\" content=\"hd-multimedia\" \/>\n<meta property=\"article:modified_time\" content=\"2025-07-28T10:36:11+00:00\" \/>\n<meta property=\"og:image\" content=\"https:\/\/hd-multimedia.com\/hdm_media\/Headphone-Zone-FiiO-LL-RC-2024-1.5m-02.webp\" \/>\n\t<meta property=\"og:image:width\" content=\"800\" \/>\n\t<meta property=\"og:image:height\" content=\"800\" \/>\n\t<meta property=\"og:image:type\" content=\"image\/webp\" \/>\n<meta name=\"twitter:card\" content=\"summary_large_image\" \/>\n<meta name=\"twitter:label1\" content=\"Est. reading time\" \/>\n\t<meta name=\"twitter:data1\" content=\"1 minuta\" \/>\n<script type=\"application\/ld+json\" class=\"yoast-schema-graph\">{\"@context\":\"https:\/\/schema.org\",\"@graph\":[{\"@type\":\"WebPage\",\"@id\":\"https:\/\/hd-multimedia.com\/trgovina\/fiio-1-5m-dual-3-5mm-ll-rc\/\",\"url\":\"https:\/\/hd-multimedia.com\/trgovina\/fiio-1-5m-dual-3-5mm-ll-rc\/\",\"name\":\"FiiO LL-RC Dual 3.5mm plugs - hd-multimedia\",\"isPartOf\":{\"@id\":\"https:\/\/hd-multimedia.com\/#website\"},\"datePublished\":\"2024-05-06T10:03:32+00:00\",\"dateModified\":\"2025-07-28T10:36:11+00:00\",\"description\":\"FiiO LL-RC 2024 je dizajniran za raznovrsnost, s utika\u010dima koji su kompatibilni\u00a0 za 3.5mm jednostranim balansiranim zavr\u0161ecima.\",\"breadcrumb\":{\"@id\":\"https:\/\/hd-multimedia.com\/trgovina\/fiio-1-5m-dual-3-5mm-ll-rc\/#breadcrumb\"},\"inLanguage\":\"sl-SI\",\"potentialAction\":[{\"@type\":\"ReadAction\",\"target\":[\"https:\/\/hd-multimedia.com\/trgovina\/fiio-1-5m-dual-3-5mm-ll-rc\/\"]}]},{\"@type\":\"BreadcrumbList\",\"@id\":\"https:\/\/hd-multimedia.com\/trgovina\/fiio-1-5m-dual-3-5mm-ll-rc\/#breadcrumb\",\"itemListElement\":[{\"@type\":\"ListItem\",\"position\":1,\"name\":\"Po\u010detna stranica\",\"item\":\"https:\/\/hd-multimedia.com\/\"},{\"@type\":\"ListItem\",\"position\":2,\"name\":\"Trgovina\",\"item\":\"https:\/\/hd-multimedia.com\/trgovina\/\"},{\"@type\":\"ListItem\",\"position\":3,\"name\":\"FiiO LL-RC Dual 3.5mm plugs\"}]},{\"@type\":\"WebSite\",\"@id\":\"https:\/\/hd-multimedia.com\/#website\",\"url\":\"https:\/\/hd-multimedia.com\/\",\"name\":\"hd-multimedia\",\"description\":\"\",\"publisher\":{\"@id\":\"https:\/\/hd-multimedia.com\/#organization\"},\"potentialAction\":[{\"@type\":\"SearchAction\",\"target\":{\"@type\":\"EntryPoint\",\"urlTemplate\":\"https:\/\/hd-multimedia.com\/?s={search_term_string}\"},\"query-input\":\"required name=search_term_string\"}],\"inLanguage\":\"sl-SI\"},{\"@type\":\"Organization\",\"@id\":\"https:\/\/hd-multimedia.com\/#organization\",\"name\":\"hd-multimedia\",\"url\":\"https:\/\/hd-multimedia.com\/\",\"logo\":{\"@type\":\"ImageObject\",\"inLanguage\":\"sl-SI\",\"@id\":\"https:\/\/hd-multimedia.com\/#\/schema\/logo\/image\/\",\"url\":\"https:\/\/hd-multimedia.com\/hdm_media\/HD-curves-ok-196-56px-alpha-1.png\",\"contentUrl\":\"https:\/\/hd-multimedia.com\/hdm_media\/HD-curves-ok-196-56px-alpha-1.png\",\"width\":196,\"height\":53,\"caption\":\"hd-multimedia\"},\"image\":{\"@id\":\"https:\/\/hd-multimedia.com\/#\/schema\/logo\/image\/\"}}]}<\/script>\n<!-- \/ Yoast SEO plugin. -->","yoast_head_json":{"title":"FiiO LL-RC Dual 3.5mm plugs - hd-multimedia","description":"FiiO LL-RC 2024 je dizajniran za raznovrsnost, s utika\u010dima koji su kompatibilni\u00a0 za 3.5mm jednostranim balansiranim zavr\u0161ecima.","robots":{"index":"index","follow":"follow","max-snippet":"max-snippet:-1","max-image-preview":"max-image-preview:large","max-video-preview":"max-video-preview:-1"},"canonical":"https:\/\/hd-multimedia.com\/sl\/trgovina\/fiio-1-5m-dual-3-5mm-ll-rc\/","og_locale":"sl_SI","og_type":"article","og_title":"FiiO LL-RC Dual 3.5mm plugs - hd-multimedia","og_description":"FiiO LL-RC 2024 je dizajniran za raznovrsnost, s utika\u010dima koji su kompatibilni\u00a0 za 3.5mm jednostranim balansiranim zavr\u0161ecima.","og_url":"https:\/\/hd-multimedia.com\/sl\/trgovina\/fiio-1-5m-dual-3-5mm-ll-rc\/","og_site_name":"hd-multimedia","article_modified_time":"2025-07-28T10:36:11+00:00","og_image":[{"width":800,"height":800,"url":"https:\/\/hd-multimedia.com\/hdm_media\/Headphone-Zone-FiiO-LL-RC-2024-1.5m-02.webp","type":"image\/webp"}],"twitter_card":"summary_large_image","twitter_misc":{"Est. reading time":"1 minuta"},"schema":{"@context":"https:\/\/schema.org","@graph":[{"@type":"WebPage","@id":"https:\/\/hd-multimedia.com\/trgovina\/fiio-1-5m-dual-3-5mm-ll-rc\/","url":"https:\/\/hd-multimedia.com\/trgovina\/fiio-1-5m-dual-3-5mm-ll-rc\/","name":"FiiO LL-RC Dual 3.5mm plugs - hd-multimedia","isPartOf":{"@id":"https:\/\/hd-multimedia.com\/#website"},"datePublished":"2024-05-06T10:03:32+00:00","dateModified":"2025-07-28T10:36:11+00:00","description":"FiiO LL-RC 2024 je dizajniran za raznovrsnost, s utika\u010dima koji su kompatibilni\u00a0 za 3.5mm jednostranim balansiranim zavr\u0161ecima.","breadcrumb":{"@id":"https:\/\/hd-multimedia.com\/trgovina\/fiio-1-5m-dual-3-5mm-ll-rc\/#breadcrumb"},"inLanguage":"sl-SI","potentialAction":[{"@type":"ReadAction","target":["https:\/\/hd-multimedia.com\/trgovina\/fiio-1-5m-dual-3-5mm-ll-rc\/"]}]},{"@type":"BreadcrumbList","@id":"https:\/\/hd-multimedia.com\/trgovina\/fiio-1-5m-dual-3-5mm-ll-rc\/#breadcrumb","itemListElement":[{"@type":"ListItem","position":1,"name":"Po\u010detna stranica","item":"https:\/\/hd-multimedia.com\/"},{"@type":"ListItem","position":2,"name":"Trgovina","item":"https:\/\/hd-multimedia.com\/trgovina\/"},{"@type":"ListItem","position":3,"name":"FiiO LL-RC Dual 3.5mm plugs"}]},{"@type":"WebSite","@id":"https:\/\/hd-multimedia.com\/#website","url":"https:\/\/hd-multimedia.com\/","name":"hd-multimedia","description":"","publisher":{"@id":"https:\/\/hd-multimedia.com\/#organization"},"potentialAction":[{"@type":"SearchAction","target":{"@type":"EntryPoint","urlTemplate":"https:\/\/hd-multimedia.com\/?s={search_term_string}"},"query-input":"required name=search_term_string"}],"inLanguage":"sl-SI"},{"@type":"Organization","@id":"https:\/\/hd-multimedia.com\/#organization","name":"hd-multimedia","url":"https:\/\/hd-multimedia.com\/","logo":{"@type":"ImageObject","inLanguage":"sl-SI","@id":"https:\/\/hd-multimedia.com\/#\/schema\/logo\/image\/","url":"https:\/\/hd-multimedia.com\/hdm_media\/HD-curves-ok-196-56px-alpha-1.png","contentUrl":"https:\/\/hd-multimedia.com\/hdm_media\/HD-curves-ok-196-56px-alpha-1.png","width":196,"height":53,"caption":"hd-multimedia"},"image":{"@id":"https:\/\/hd-multimedia.com\/#\/schema\/logo\/image\/"}}]}},"post_mailing_queue_ids":[],"_links":{"self":[{"href":"https:\/\/hd-multimedia.com\/sl\/wp-json\/wp\/v2\/product\/15284","targetHints":{"allow":["GET"]}}],"collection":[{"href":"https:\/\/hd-multimedia.com\/sl\/wp-json\/wp\/v2\/product"}],"about":[{"href":"https:\/\/hd-multimedia.com\/sl\/wp-json\/wp\/v2\/types\/product"}],"version-history":[{"count":7,"href":"https:\/\/hd-multimedia.com\/sl\/wp-json\/wp\/v2\/product\/15284\/revisions"}],"predecessor-version":[{"id":15299,"href":"https:\/\/hd-multimedia.com\/sl\/wp-json\/wp\/v2\/product\/15284\/revisions\/15299"}],"wp:featuredmedia":[{"embeddable":true,"href":"https:\/\/hd-multimedia.com\/sl\/wp-json\/wp\/v2\/media\/15285"}],"wp:attachment":[{"href":"https:\/\/hd-multimedia.com\/sl\/wp-json\/wp\/v2\/media?parent=15284"}],"curies":[{"name":"wp","href":"https:\/\/api.w.org\/{rel}","templated":true}]}}