{"id":15198,"date":"2024-04-30T09:29:53","date_gmt":"2024-04-30T09:29:53","guid":{"rendered":"https:\/\/hd-multimedia.com\/?post_type=product&#038;p=15198"},"modified":"2026-04-01T13:12:11","modified_gmt":"2026-04-01T13:12:11","slug":"fiio-r9","status":"publish","type":"product","link":"https:\/\/hd-multimedia.com\/sl\/trgovina\/fiio-r9\/","title":{"rendered":"FiiO R9"},"content":{"rendered":"<p>FiiO R9 podpira tudi visokokakovostne kodeke Bluetooth in tehnologijo AirPlay, zaradi \u010desar je zdru\u017eljiv s \u0161iroko paleto virov. Obse\u017ene mo\u017enosti povezovanja dodatno pove\u010dajo njegovo prilagodljivost, zaradi \u010desar je idealna izbira za avdiofile, ki i\u0161\u010dejo ve\u010dnamensko namizno zvo\u010dno re\u0161itev.<\/p>\n<p><a href=\"https:\/\/www.fiio.com\/r9_parameters\" target=\"_blank\" rel=\"noopener\">Ostale informacije najdete na tej povezavi.<\/a><\/p>\n<p>&nbsp;<\/p>","protected":false},"excerpt":{"rendered":"<p>FiiO R9 je visoko zmogljiva namizna naprava, ki deluje kot DAC, streamer in oja\u010devalnik za slu\u0161alke. Poganjata ga dva \u010dipa ES9038Pro DAC, ki dekodirata tokove visoke lo\u010dljivosti do PCM 32bit 768kHz, DSD512 in MQA, hkrati pa omogo\u010data enostaven dostop do razli\u010dnih preto\u010dnih storitev prek vrat RJ45 in velikega zaslona. Oja\u010devalnik uporablja tehnologijo THX AAA-788+ in uravnote\u017eeno dvojno mono strukturo, ki zagotavlja izhodno mo\u010d slu\u0161alk do 7300 mW. Mo\u017enosti povezovanja so obse\u017ene, vklju\u010dno s 3 izhodi za slu\u0161alke, dvema linijskima izhodoma ter razli\u010dnimi digitalnimi in opti\u010dnimi vhodi\/izhodi. Skrbno izbrane komponente zagotavljajo nizko popa\u010denje in raven \u0161uma, medtem ko operacijski sistem Android 10 omogo\u010da dostop do lokalnih in spletnih storitev pretakanja. Na voljo je v srebrni barvi!<\/p>\n<p><a href=\"https:\/\/www.fiio.com\/r9\" target=\"_blank\" rel=\"noopener\">Ostale informacije najdete na tej povezavi.<\/a><\/p>","protected":false},"featured_media":15199,"template":"","meta":{"site-sidebar-layout":"default","site-content-layout":"","ast-site-content-layout":"default","site-content-style":"default","site-sidebar-style":"default","ast-global-header-display":"","ast-banner-title-visibility":"","ast-main-header-display":"","ast-hfb-above-header-display":"","ast-hfb-below-header-display":"","ast-hfb-mobile-header-display":"","site-post-title":"","ast-breadcrumbs-content":"","ast-featured-img":"","footer-sml-layout":"","theme-transparent-header-meta":"default","adv-header-id-meta":"","stick-header-meta":"default","header-above-stick-meta":"","header-main-stick-meta":"","header-below-stick-meta":"","astra-migrate-meta-layouts":"set","ast-page-background-enabled":"default","ast-page-background-meta":{"desktop":{"background-color":"","background-image":"","background-repeat":"repeat","background-position":"center center","background-size":"auto","background-attachment":"scroll","background-type":"","background-media":"","overlay-type":"","overlay-color":"","overlay-opacity":"","overlay-gradient":""},"tablet":{"background-color":"","background-image":"","background-repeat":"repeat","background-position":"center center","background-size":"auto","background-attachment":"scroll","background-type":"","background-media":"","overlay-type":"","overlay-color":"","overlay-opacity":"","overlay-gradient":""},"mobile":{"background-color":"","background-image":"","background-repeat":"repeat","background-position":"center center","background-size":"auto","background-attachment":"scroll","background-type":"","background-media":"","overlay-type":"","overlay-color":"","overlay-opacity":"","overlay-gradient":""}},"ast-content-background-meta":{"desktop":{"background-color":"var(--ast-global-color-5)","background-image":"","background-repeat":"repeat","background-position":"center center","background-size":"auto","background-attachment":"scroll","background-type":"","background-media":"","overlay-type":"","overlay-color":"","overlay-opacity":"","overlay-gradient":""},"tablet":{"background-color":"var(--ast-global-color-5)","background-image":"","background-repeat":"repeat","background-position":"center center","background-size":"auto","background-attachment":"scroll","background-type":"","background-media":"","overlay-type":"","overlay-color":"","overlay-opacity":"","overlay-gradient":""},"mobile":{"background-color":"var(--ast-global-color-5)","background-image":"","background-repeat":"repeat","background-position":"center center","background-size":"auto","background-attachment":"scroll","background-type":"","background-media":"","overlay-type":"","overlay-color":"","overlay-opacity":"","overlay-gradient":""}}},"class_list":["post-15198","product","type-product","status-publish","has-post-thumbnail","hentry","product_cat-mrezni-playeri","product_cat-fiio","desktop-align-center","tablet-align-center","mobile-align-center","ast-product-gallery-layout-horizontal","ast-magnify-disabled","ast-product-tabs-layout-horizontal"],"yoast_head":"<!-- This site is optimized with the Yoast SEO plugin v21.4 - https:\/\/yoast.com\/wordpress\/plugins\/seo\/ -->\n<title>FiiO R9 - hd-multimedia<\/title>\n<meta name=\"description\" content=\"FiiO R9 je ure\u0111aj vrhunske performanse za stolno kori\u0161tenje koji funkcionira kao DAC, streamer i poja\u010dalo za slu\u0161alice. Dva ES9038Pro DAC \u010dipa.\" \/>\n<meta name=\"robots\" content=\"index, follow, max-snippet:-1, max-image-preview:large, max-video-preview:-1\" \/>\n<link rel=\"canonical\" href=\"https:\/\/hd-multimedia.com\/sl\/trgovina\/fiio-r9\/\" \/>\n<meta property=\"og:locale\" content=\"sl_SI\" \/>\n<meta property=\"og:type\" content=\"article\" \/>\n<meta property=\"og:title\" content=\"FiiO R9 - hd-multimedia\" \/>\n<meta property=\"og:description\" content=\"FiiO R9 je ure\u0111aj vrhunske performanse za stolno kori\u0161tenje koji funkcionira kao DAC, streamer i poja\u010dalo za slu\u0161alice. Dva ES9038Pro DAC \u010dipa.\" \/>\n<meta property=\"og:url\" content=\"https:\/\/hd-multimedia.com\/sl\/trgovina\/fiio-r9\/\" \/>\n<meta property=\"og:site_name\" content=\"hd-multimedia\" \/>\n<meta property=\"article:modified_time\" content=\"2026-04-01T13:12:11+00:00\" \/>\n<meta property=\"og:image\" content=\"https:\/\/hd-multimedia.com\/hdm_media\/fiio-r9.jpg\" \/>\n\t<meta property=\"og:image:width\" content=\"900\" \/>\n\t<meta property=\"og:image:height\" content=\"900\" \/>\n\t<meta property=\"og:image:type\" content=\"image\/jpeg\" \/>\n<meta name=\"twitter:card\" content=\"summary_large_image\" \/>\n<meta name=\"twitter:label1\" content=\"Est. reading time\" \/>\n\t<meta name=\"twitter:data1\" content=\"1 minuta\" \/>\n<script type=\"application\/ld+json\" class=\"yoast-schema-graph\">{\"@context\":\"https:\/\/schema.org\",\"@graph\":[{\"@type\":\"WebPage\",\"@id\":\"https:\/\/hd-multimedia.com\/trgovina\/fiio-r9\/\",\"url\":\"https:\/\/hd-multimedia.com\/trgovina\/fiio-r9\/\",\"name\":\"FiiO R9 - hd-multimedia\",\"isPartOf\":{\"@id\":\"https:\/\/hd-multimedia.com\/#website\"},\"datePublished\":\"2024-04-30T09:29:53+00:00\",\"dateModified\":\"2026-04-01T13:12:11+00:00\",\"description\":\"FiiO R9 je ure\u0111aj vrhunske performanse za stolno kori\u0161tenje koji funkcionira kao DAC, streamer i poja\u010dalo za slu\u0161alice. Dva ES9038Pro DAC \u010dipa.\",\"breadcrumb\":{\"@id\":\"https:\/\/hd-multimedia.com\/trgovina\/fiio-r9\/#breadcrumb\"},\"inLanguage\":\"sl-SI\",\"potentialAction\":[{\"@type\":\"ReadAction\",\"target\":[\"https:\/\/hd-multimedia.com\/trgovina\/fiio-r9\/\"]}]},{\"@type\":\"BreadcrumbList\",\"@id\":\"https:\/\/hd-multimedia.com\/trgovina\/fiio-r9\/#breadcrumb\",\"itemListElement\":[{\"@type\":\"ListItem\",\"position\":1,\"name\":\"Po\u010detna stranica\",\"item\":\"https:\/\/hd-multimedia.com\/\"},{\"@type\":\"ListItem\",\"position\":2,\"name\":\"Trgovina\",\"item\":\"https:\/\/hd-multimedia.com\/trgovina\/\"},{\"@type\":\"ListItem\",\"position\":3,\"name\":\"FiiO R9\"}]},{\"@type\":\"WebSite\",\"@id\":\"https:\/\/hd-multimedia.com\/#website\",\"url\":\"https:\/\/hd-multimedia.com\/\",\"name\":\"hd-multimedia\",\"description\":\"\",\"publisher\":{\"@id\":\"https:\/\/hd-multimedia.com\/#organization\"},\"potentialAction\":[{\"@type\":\"SearchAction\",\"target\":{\"@type\":\"EntryPoint\",\"urlTemplate\":\"https:\/\/hd-multimedia.com\/?s={search_term_string}\"},\"query-input\":\"required name=search_term_string\"}],\"inLanguage\":\"sl-SI\"},{\"@type\":\"Organization\",\"@id\":\"https:\/\/hd-multimedia.com\/#organization\",\"name\":\"hd-multimedia\",\"url\":\"https:\/\/hd-multimedia.com\/\",\"logo\":{\"@type\":\"ImageObject\",\"inLanguage\":\"sl-SI\",\"@id\":\"https:\/\/hd-multimedia.com\/#\/schema\/logo\/image\/\",\"url\":\"https:\/\/hd-multimedia.com\/hdm_media\/HD-curves-ok-196-56px-alpha-1.png\",\"contentUrl\":\"https:\/\/hd-multimedia.com\/hdm_media\/HD-curves-ok-196-56px-alpha-1.png\",\"width\":196,\"height\":53,\"caption\":\"hd-multimedia\"},\"image\":{\"@id\":\"https:\/\/hd-multimedia.com\/#\/schema\/logo\/image\/\"}}]}<\/script>\n<!-- \/ Yoast SEO plugin. -->","yoast_head_json":{"title":"FiiO R9 - hd-multimedia","description":"FiiO R9 je ure\u0111aj vrhunske performanse za stolno kori\u0161tenje koji funkcionira kao DAC, streamer i poja\u010dalo za slu\u0161alice. Dva ES9038Pro DAC \u010dipa.","robots":{"index":"index","follow":"follow","max-snippet":"max-snippet:-1","max-image-preview":"max-image-preview:large","max-video-preview":"max-video-preview:-1"},"canonical":"https:\/\/hd-multimedia.com\/sl\/trgovina\/fiio-r9\/","og_locale":"sl_SI","og_type":"article","og_title":"FiiO R9 - hd-multimedia","og_description":"FiiO R9 je ure\u0111aj vrhunske performanse za stolno kori\u0161tenje koji funkcionira kao DAC, streamer i poja\u010dalo za slu\u0161alice. Dva ES9038Pro DAC \u010dipa.","og_url":"https:\/\/hd-multimedia.com\/sl\/trgovina\/fiio-r9\/","og_site_name":"hd-multimedia","article_modified_time":"2026-04-01T13:12:11+00:00","og_image":[{"width":900,"height":900,"url":"https:\/\/hd-multimedia.com\/hdm_media\/fiio-r9.jpg","type":"image\/jpeg"}],"twitter_card":"summary_large_image","twitter_misc":{"Est. reading time":"1 minuta"},"schema":{"@context":"https:\/\/schema.org","@graph":[{"@type":"WebPage","@id":"https:\/\/hd-multimedia.com\/trgovina\/fiio-r9\/","url":"https:\/\/hd-multimedia.com\/trgovina\/fiio-r9\/","name":"FiiO R9 - hd-multimedia","isPartOf":{"@id":"https:\/\/hd-multimedia.com\/#website"},"datePublished":"2024-04-30T09:29:53+00:00","dateModified":"2026-04-01T13:12:11+00:00","description":"FiiO R9 je ure\u0111aj vrhunske performanse za stolno kori\u0161tenje koji funkcionira kao DAC, streamer i poja\u010dalo za slu\u0161alice. Dva ES9038Pro DAC \u010dipa.","breadcrumb":{"@id":"https:\/\/hd-multimedia.com\/trgovina\/fiio-r9\/#breadcrumb"},"inLanguage":"sl-SI","potentialAction":[{"@type":"ReadAction","target":["https:\/\/hd-multimedia.com\/trgovina\/fiio-r9\/"]}]},{"@type":"BreadcrumbList","@id":"https:\/\/hd-multimedia.com\/trgovina\/fiio-r9\/#breadcrumb","itemListElement":[{"@type":"ListItem","position":1,"name":"Po\u010detna stranica","item":"https:\/\/hd-multimedia.com\/"},{"@type":"ListItem","position":2,"name":"Trgovina","item":"https:\/\/hd-multimedia.com\/trgovina\/"},{"@type":"ListItem","position":3,"name":"FiiO R9"}]},{"@type":"WebSite","@id":"https:\/\/hd-multimedia.com\/#website","url":"https:\/\/hd-multimedia.com\/","name":"hd-multimedia","description":"","publisher":{"@id":"https:\/\/hd-multimedia.com\/#organization"},"potentialAction":[{"@type":"SearchAction","target":{"@type":"EntryPoint","urlTemplate":"https:\/\/hd-multimedia.com\/?s={search_term_string}"},"query-input":"required name=search_term_string"}],"inLanguage":"sl-SI"},{"@type":"Organization","@id":"https:\/\/hd-multimedia.com\/#organization","name":"hd-multimedia","url":"https:\/\/hd-multimedia.com\/","logo":{"@type":"ImageObject","inLanguage":"sl-SI","@id":"https:\/\/hd-multimedia.com\/#\/schema\/logo\/image\/","url":"https:\/\/hd-multimedia.com\/hdm_media\/HD-curves-ok-196-56px-alpha-1.png","contentUrl":"https:\/\/hd-multimedia.com\/hdm_media\/HD-curves-ok-196-56px-alpha-1.png","width":196,"height":53,"caption":"hd-multimedia"},"image":{"@id":"https:\/\/hd-multimedia.com\/#\/schema\/logo\/image\/"}}]}},"post_mailing_queue_ids":[],"_links":{"self":[{"href":"https:\/\/hd-multimedia.com\/sl\/wp-json\/wp\/v2\/product\/15198","targetHints":{"allow":["GET"]}}],"collection":[{"href":"https:\/\/hd-multimedia.com\/sl\/wp-json\/wp\/v2\/product"}],"about":[{"href":"https:\/\/hd-multimedia.com\/sl\/wp-json\/wp\/v2\/types\/product"}],"version-history":[{"count":4,"href":"https:\/\/hd-multimedia.com\/sl\/wp-json\/wp\/v2\/product\/15198\/revisions"}],"predecessor-version":[{"id":15301,"href":"https:\/\/hd-multimedia.com\/sl\/wp-json\/wp\/v2\/product\/15198\/revisions\/15301"}],"wp:featuredmedia":[{"embeddable":true,"href":"https:\/\/hd-multimedia.com\/sl\/wp-json\/wp\/v2\/media\/15199"}],"wp:attachment":[{"href":"https:\/\/hd-multimedia.com\/sl\/wp-json\/wp\/v2\/media?parent=15198"}],"curies":[{"name":"wp","href":"https:\/\/api.w.org\/{rel}","templated":true}]}}