{"id":15126,"date":"2024-04-22T08:24:05","date_gmt":"2024-04-22T08:24:05","guid":{"rendered":"https:\/\/hd-multimedia.com\/?post_type=product&#038;p=15126"},"modified":"2025-04-15T12:34:46","modified_gmt":"2025-04-15T12:34:46","slug":"1more-crystal-piston-in-ear-slusalice","status":"publish","type":"product","link":"https:\/\/hd-multimedia.com\/sl\/trgovina\/1more-crystal-piston-in-ear-slusalice\/","title":{"rendered":"1MORE Crystal Piston In-Ear slu\u0161alke"},"content":{"rendered":"<ul>\n<li>Tip: In-Ear<\/li>\n<li>Te\u017ea: 16g<\/li>\n<li>Dol\u017eina: 1,25 metra<\/li>\n<li>In-line daljinski upravljalnik<\/li>\n<li>Material \u017eice: Emajlirana bakrena \u017eica<\/li>\n<li>\u010cep: 3,5 mm<\/li>\n<li>Frekven\u010dno obmo\u010dje: 20-20.000 Hz<\/li>\n<li>Impedanca: 32<\/li>\n<li>Nazivna mo\u010d: 5 mW<\/li>\n<\/ul>\n<p>&nbsp;<\/p>","protected":false},"excerpt":{"rendered":"<p>Do\u017eivite neprimerljivo kakovost zvoka s slu\u0161alkami 1More Crystal Piston In-Ear, okra\u0161enimi s kristali Swarovski. Te slu\u0161alke se ne pona\u0161ajo samo z izjemno izdelavo in elegantno torbico, ampak zagotavljajo tudi zvo\u010dno izku\u0161njo kot nobena druga. Z uporabo patentirane troslojne membrane s kovino za vesoljsko uporabo med plastmi PET ponujajo te slu\u0161alke neprimerljivo definicijo in jasnost. Raz\u0161irjeno frekven\u010dno obmo\u010dje in izbolj\u0161ana kakovost zvoka, ki ju je natan\u010dno uglasil zvo\u010dni in\u017eenir Luca Bignardi, dobitnik nagrade Grammy, povzdigneta va\u0161o glasbo na novo raven. Tudi z visokokakovostnim mikrofonom MEMS, zasnovanim za kristalno \u010diste telefonske klice, lahko u\u017eivate v brezhibni komunikaciji na napravah iOS in Android.<\/p>","protected":false},"featured_media":15128,"template":"","meta":{"site-sidebar-layout":"default","site-content-layout":"","ast-site-content-layout":"default","site-content-style":"default","site-sidebar-style":"default","ast-global-header-display":"","ast-banner-title-visibility":"","ast-main-header-display":"","ast-hfb-above-header-display":"","ast-hfb-below-header-display":"","ast-hfb-mobile-header-display":"","site-post-title":"","ast-breadcrumbs-content":"","ast-featured-img":"","footer-sml-layout":"","theme-transparent-header-meta":"default","adv-header-id-meta":"","stick-header-meta":"default","header-above-stick-meta":"","header-main-stick-meta":"","header-below-stick-meta":"","astra-migrate-meta-layouts":"set","ast-page-background-enabled":"default","ast-page-background-meta":{"desktop":{"background-color":"","background-image":"","background-repeat":"repeat","background-position":"center center","background-size":"auto","background-attachment":"scroll","background-type":"","background-media":"","overlay-type":"","overlay-color":"","overlay-opacity":"","overlay-gradient":""},"tablet":{"background-color":"","background-image":"","background-repeat":"repeat","background-position":"center center","background-size":"auto","background-attachment":"scroll","background-type":"","background-media":"","overlay-type":"","overlay-color":"","overlay-opacity":"","overlay-gradient":""},"mobile":{"background-color":"","background-image":"","background-repeat":"repeat","background-position":"center center","background-size":"auto","background-attachment":"scroll","background-type":"","background-media":"","overlay-type":"","overlay-color":"","overlay-opacity":"","overlay-gradient":""}},"ast-content-background-meta":{"desktop":{"background-color":"var(--ast-global-color-5)","background-image":"","background-repeat":"repeat","background-position":"center center","background-size":"auto","background-attachment":"scroll","background-type":"","background-media":"","overlay-type":"","overlay-color":"","overlay-opacity":"","overlay-gradient":""},"tablet":{"background-color":"var(--ast-global-color-5)","background-image":"","background-repeat":"repeat","background-position":"center center","background-size":"auto","background-attachment":"scroll","background-type":"","background-media":"","overlay-type":"","overlay-color":"","overlay-opacity":"","overlay-gradient":""},"mobile":{"background-color":"var(--ast-global-color-5)","background-image":"","background-repeat":"repeat","background-position":"center center","background-size":"auto","background-attachment":"scroll","background-type":"","background-media":"","overlay-type":"","overlay-color":"","overlay-opacity":"","overlay-gradient":""}}},"class_list":["post-15126","product","type-product","status-publish","has-post-thumbnail","hentry","product_cat-usne-slusalice-iem","product_cat-1more","desktop-align-center","tablet-align-center","mobile-align-center","ast-product-gallery-layout-horizontal","ast-magnify-disabled","ast-product-tabs-layout-horizontal"],"yoast_head":"<!-- This site is optimized with the Yoast SEO plugin v21.4 - https:\/\/yoast.com\/wordpress\/plugins\/seo\/ -->\n<title>1MORE Crystal Piston In-Ear slu\u0161alice - hd-multimedia<\/title>\n<meta name=\"description\" content=\"Do\u017eivite neusporedivu kvalitetu zvuka i dizajna s 1More Crystal Piston In-Ear slu\u0161alicama, s ukra\u0161enim Swarovski kristalima.\" \/>\n<meta name=\"robots\" content=\"index, follow, max-snippet:-1, max-image-preview:large, max-video-preview:-1\" \/>\n<link rel=\"canonical\" href=\"https:\/\/hd-multimedia.com\/sl\/trgovina\/1more-crystal-piston-in-ear-slusalice\/\" \/>\n<meta property=\"og:locale\" content=\"sl_SI\" \/>\n<meta property=\"og:type\" content=\"article\" \/>\n<meta property=\"og:title\" content=\"1MORE Crystal Piston In-Ear slu\u0161alice - hd-multimedia\" \/>\n<meta property=\"og:description\" content=\"Do\u017eivite neusporedivu kvalitetu zvuka i dizajna s 1More Crystal Piston In-Ear slu\u0161alicama, s ukra\u0161enim Swarovski kristalima.\" \/>\n<meta property=\"og:url\" content=\"https:\/\/hd-multimedia.com\/sl\/trgovina\/1more-crystal-piston-in-ear-slusalice\/\" \/>\n<meta property=\"og:site_name\" content=\"hd-multimedia\" \/>\n<meta property=\"article:modified_time\" content=\"2025-04-15T12:34:46+00:00\" \/>\n<meta property=\"og:image\" content=\"https:\/\/hd-multimedia.com\/hdm_media\/51ZnXX0bGNL.jpg\" \/>\n\t<meta property=\"og:image:width\" content=\"1000\" \/>\n\t<meta property=\"og:image:height\" content=\"1000\" \/>\n\t<meta property=\"og:image:type\" content=\"image\/jpeg\" \/>\n<meta name=\"twitter:card\" content=\"summary_large_image\" \/>\n<meta name=\"twitter:label1\" content=\"Est. reading time\" \/>\n\t<meta name=\"twitter:data1\" content=\"1 minuta\" \/>\n<script type=\"application\/ld+json\" class=\"yoast-schema-graph\">{\"@context\":\"https:\/\/schema.org\",\"@graph\":[{\"@type\":\"WebPage\",\"@id\":\"https:\/\/hd-multimedia.com\/trgovina\/1more-crystal-piston-in-ear-slusalice\/\",\"url\":\"https:\/\/hd-multimedia.com\/trgovina\/1more-crystal-piston-in-ear-slusalice\/\",\"name\":\"1MORE Crystal Piston In-Ear slu\u0161alice - hd-multimedia\",\"isPartOf\":{\"@id\":\"https:\/\/hd-multimedia.com\/#website\"},\"datePublished\":\"2024-04-22T08:24:05+00:00\",\"dateModified\":\"2025-04-15T12:34:46+00:00\",\"description\":\"Do\u017eivite neusporedivu kvalitetu zvuka i dizajna s 1More Crystal Piston In-Ear slu\u0161alicama, s ukra\u0161enim Swarovski kristalima.\",\"breadcrumb\":{\"@id\":\"https:\/\/hd-multimedia.com\/trgovina\/1more-crystal-piston-in-ear-slusalice\/#breadcrumb\"},\"inLanguage\":\"sl-SI\",\"potentialAction\":[{\"@type\":\"ReadAction\",\"target\":[\"https:\/\/hd-multimedia.com\/trgovina\/1more-crystal-piston-in-ear-slusalice\/\"]}]},{\"@type\":\"BreadcrumbList\",\"@id\":\"https:\/\/hd-multimedia.com\/trgovina\/1more-crystal-piston-in-ear-slusalice\/#breadcrumb\",\"itemListElement\":[{\"@type\":\"ListItem\",\"position\":1,\"name\":\"Po\u010detna stranica\",\"item\":\"https:\/\/hd-multimedia.com\/\"},{\"@type\":\"ListItem\",\"position\":2,\"name\":\"Trgovina\",\"item\":\"https:\/\/hd-multimedia.com\/trgovina\/\"},{\"@type\":\"ListItem\",\"position\":3,\"name\":\"1MORE Crystal Piston In-Ear slu\u0161alice\"}]},{\"@type\":\"WebSite\",\"@id\":\"https:\/\/hd-multimedia.com\/#website\",\"url\":\"https:\/\/hd-multimedia.com\/\",\"name\":\"hd-multimedia\",\"description\":\"\",\"publisher\":{\"@id\":\"https:\/\/hd-multimedia.com\/#organization\"},\"potentialAction\":[{\"@type\":\"SearchAction\",\"target\":{\"@type\":\"EntryPoint\",\"urlTemplate\":\"https:\/\/hd-multimedia.com\/?s={search_term_string}\"},\"query-input\":\"required name=search_term_string\"}],\"inLanguage\":\"sl-SI\"},{\"@type\":\"Organization\",\"@id\":\"https:\/\/hd-multimedia.com\/#organization\",\"name\":\"hd-multimedia\",\"url\":\"https:\/\/hd-multimedia.com\/\",\"logo\":{\"@type\":\"ImageObject\",\"inLanguage\":\"sl-SI\",\"@id\":\"https:\/\/hd-multimedia.com\/#\/schema\/logo\/image\/\",\"url\":\"https:\/\/hd-multimedia.com\/hdm_media\/HD-curves-ok-196-56px-alpha-1.png\",\"contentUrl\":\"https:\/\/hd-multimedia.com\/hdm_media\/HD-curves-ok-196-56px-alpha-1.png\",\"width\":196,\"height\":53,\"caption\":\"hd-multimedia\"},\"image\":{\"@id\":\"https:\/\/hd-multimedia.com\/#\/schema\/logo\/image\/\"}}]}<\/script>\n<!-- \/ Yoast SEO plugin. -->","yoast_head_json":{"title":"1MORE Crystal Piston In-Ear slu\u0161alice - hd-multimedia","description":"Do\u017eivite neusporedivu kvalitetu zvuka i dizajna s 1More Crystal Piston In-Ear slu\u0161alicama, s ukra\u0161enim Swarovski kristalima.","robots":{"index":"index","follow":"follow","max-snippet":"max-snippet:-1","max-image-preview":"max-image-preview:large","max-video-preview":"max-video-preview:-1"},"canonical":"https:\/\/hd-multimedia.com\/sl\/trgovina\/1more-crystal-piston-in-ear-slusalice\/","og_locale":"sl_SI","og_type":"article","og_title":"1MORE Crystal Piston In-Ear slu\u0161alice - hd-multimedia","og_description":"Do\u017eivite neusporedivu kvalitetu zvuka i dizajna s 1More Crystal Piston In-Ear slu\u0161alicama, s ukra\u0161enim Swarovski kristalima.","og_url":"https:\/\/hd-multimedia.com\/sl\/trgovina\/1more-crystal-piston-in-ear-slusalice\/","og_site_name":"hd-multimedia","article_modified_time":"2025-04-15T12:34:46+00:00","og_image":[{"width":1000,"height":1000,"url":"https:\/\/hd-multimedia.com\/hdm_media\/51ZnXX0bGNL.jpg","type":"image\/jpeg"}],"twitter_card":"summary_large_image","twitter_misc":{"Est. reading time":"1 minuta"},"schema":{"@context":"https:\/\/schema.org","@graph":[{"@type":"WebPage","@id":"https:\/\/hd-multimedia.com\/trgovina\/1more-crystal-piston-in-ear-slusalice\/","url":"https:\/\/hd-multimedia.com\/trgovina\/1more-crystal-piston-in-ear-slusalice\/","name":"1MORE Crystal Piston In-Ear slu\u0161alice - hd-multimedia","isPartOf":{"@id":"https:\/\/hd-multimedia.com\/#website"},"datePublished":"2024-04-22T08:24:05+00:00","dateModified":"2025-04-15T12:34:46+00:00","description":"Do\u017eivite neusporedivu kvalitetu zvuka i dizajna s 1More Crystal Piston In-Ear slu\u0161alicama, s ukra\u0161enim Swarovski kristalima.","breadcrumb":{"@id":"https:\/\/hd-multimedia.com\/trgovina\/1more-crystal-piston-in-ear-slusalice\/#breadcrumb"},"inLanguage":"sl-SI","potentialAction":[{"@type":"ReadAction","target":["https:\/\/hd-multimedia.com\/trgovina\/1more-crystal-piston-in-ear-slusalice\/"]}]},{"@type":"BreadcrumbList","@id":"https:\/\/hd-multimedia.com\/trgovina\/1more-crystal-piston-in-ear-slusalice\/#breadcrumb","itemListElement":[{"@type":"ListItem","position":1,"name":"Po\u010detna stranica","item":"https:\/\/hd-multimedia.com\/"},{"@type":"ListItem","position":2,"name":"Trgovina","item":"https:\/\/hd-multimedia.com\/trgovina\/"},{"@type":"ListItem","position":3,"name":"1MORE Crystal Piston In-Ear slu\u0161alice"}]},{"@type":"WebSite","@id":"https:\/\/hd-multimedia.com\/#website","url":"https:\/\/hd-multimedia.com\/","name":"hd-multimedia","description":"","publisher":{"@id":"https:\/\/hd-multimedia.com\/#organization"},"potentialAction":[{"@type":"SearchAction","target":{"@type":"EntryPoint","urlTemplate":"https:\/\/hd-multimedia.com\/?s={search_term_string}"},"query-input":"required name=search_term_string"}],"inLanguage":"sl-SI"},{"@type":"Organization","@id":"https:\/\/hd-multimedia.com\/#organization","name":"hd-multimedia","url":"https:\/\/hd-multimedia.com\/","logo":{"@type":"ImageObject","inLanguage":"sl-SI","@id":"https:\/\/hd-multimedia.com\/#\/schema\/logo\/image\/","url":"https:\/\/hd-multimedia.com\/hdm_media\/HD-curves-ok-196-56px-alpha-1.png","contentUrl":"https:\/\/hd-multimedia.com\/hdm_media\/HD-curves-ok-196-56px-alpha-1.png","width":196,"height":53,"caption":"hd-multimedia"},"image":{"@id":"https:\/\/hd-multimedia.com\/#\/schema\/logo\/image\/"}}]}},"post_mailing_queue_ids":[],"_links":{"self":[{"href":"https:\/\/hd-multimedia.com\/sl\/wp-json\/wp\/v2\/product\/15126","targetHints":{"allow":["GET"]}}],"collection":[{"href":"https:\/\/hd-multimedia.com\/sl\/wp-json\/wp\/v2\/product"}],"about":[{"href":"https:\/\/hd-multimedia.com\/sl\/wp-json\/wp\/v2\/types\/product"}],"version-history":[{"count":2,"href":"https:\/\/hd-multimedia.com\/sl\/wp-json\/wp\/v2\/product\/15126\/revisions"}],"predecessor-version":[{"id":15129,"href":"https:\/\/hd-multimedia.com\/sl\/wp-json\/wp\/v2\/product\/15126\/revisions\/15129"}],"wp:featuredmedia":[{"embeddable":true,"href":"https:\/\/hd-multimedia.com\/sl\/wp-json\/wp\/v2\/media\/15128"}],"wp:attachment":[{"href":"https:\/\/hd-multimedia.com\/sl\/wp-json\/wp\/v2\/media?parent=15126"}],"curies":[{"name":"wp","href":"https:\/\/api.w.org\/{rel}","templated":true}]}}