{"id":149,"date":"2019-08-21T09:47:39","date_gmt":"2019-08-21T09:47:39","guid":{"rendered":"https:\/\/hd-multimedia.com\/?product=elac-debut-ow4-2"},"modified":"2025-04-02T10:51:39","modified_gmt":"2025-04-02T10:51:39","slug":"elac-debut-ow4-2","status":"publish","type":"product","link":"https:\/\/hd-multimedia.com\/sl\/trgovina\/elac-debut-ow4-2\/","title":{"rendered":"Elac Debut OW4.2 (par)"},"content":{"rendered":"<p>\u2013 Vrsta ohi\u0161ja: 2-smerni bas refleks<\/p>\n<p>\u2013 Frekven\u010dni odziv: 70Hz \u2013 35000Hz<\/p>\n<p>\u2013 Nazivna impedanca: 6 Ohmov<\/p>\n<p>\u2013 Ob\u010dutljivost: 87db @2,83v\/1m<\/p>\n<p>\u2013 Crossover frekvenca: 2500Hz<\/p>\n<p>\u2013 Najve\u010dja vhodna mo\u010d: 80 vatov<\/p>\n<p>\u2013 Visokotonec: 1\u2033 platnena kupola<\/p>\n<p>\u2013 Nizkotonec: 4\u2033 aramidna vlakna<\/p>\n<p>\u2013 Omarica: MDF z oceno CARB2<\/p>\n<p>\u2013 Zaklju\u010dek ohi\u0161ja: \u010drni pepelni vinil<\/p>\n<p>\u2013 Vrata: Dual Flared<\/p>\n<p>\u2013 Vezni drogovi: 5 \u2013 kovinski<\/p>\n<p>\u2013 Mere (\u0160xVxG): 7,87\u2033 x 12,76\u2033 x 3,94\u2033<\/p>\n<p><a href=\"https:\/\/www.elac.com\/category\/on-wall-speakers\/debut-2-dow42\/\" target=\"_blank\" rel=\"noopener\">Ostale informacije najdete na tej povezavi.<\/a><\/p>","protected":false},"excerpt":{"rendered":"<p>Spoznajte Elac Debut OW4.2, stenski zvo\u010dnik, ki zagotavlja vrhunsko prostorsko izku\u0161njo tudi v prostorih, kjer je prostor omejen. Njegova kompaktna zasnova omogo\u010da enostavno namestitev na stranske ali zadnje stene, kar va\u0161emu avdio sistemu doda subtilen, a mo\u010dan pridih. Nov visokotonec z mehko kupolo zagotavlja realisti\u010dne visoke frekvence do 35.000 Hz, medtem ko valovod izbolj\u0161a nadzor smeri zvoka in odpravi na\u010dine difrakcije. Preoblikovana oblika sto\u017eca iz aramida zagotavlja izjemno togost in bla\u017eenje, kar ima za posledico gladek in raz\u0161irjen nizkofrekven\u010dni odziv. Do\u017eivite vrhunsko zvo\u010dno izku\u0161njo z Elac Debut OW4.2, kjer tehnologija in dizajn sodelujeta, da zagotovita nevsiljivo in mo\u010dno prostorsko re\u0161itev.<\/p>\n<p>Cena velja za par (2 zvo\u010dnika)<\/p>\n<p><a href=\"https:\/\/www.elac.com\/category\/on-wall-speakers\/debut-2-dow42\/\" target=\"_blank\" rel=\"noopener\">Ostale informacije najdete na tej povezavi.<\/a><\/p>\n<p>&nbsp;<\/p>","protected":false},"featured_media":1050,"template":"","meta":{"site-sidebar-layout":"default","site-content-layout":"default","ast-site-content-layout":"default","site-content-style":"default","site-sidebar-style":"default","ast-global-header-display":"","ast-banner-title-visibility":"","ast-main-header-display":"","ast-hfb-above-header-display":"","ast-hfb-below-header-display":"","ast-hfb-mobile-header-display":"","site-post-title":"","ast-breadcrumbs-content":"","ast-featured-img":"","footer-sml-layout":"","theme-transparent-header-meta":"default","adv-header-id-meta":"","stick-header-meta":"default","header-above-stick-meta":"","header-main-stick-meta":"","header-below-stick-meta":"","astra-migrate-meta-layouts":"set","ast-page-background-enabled":"default","ast-page-background-meta":{"desktop":{"background-color":"","background-image":"","background-repeat":"repeat","background-position":"center center","background-size":"auto","background-attachment":"scroll","background-type":"","background-media":"","overlay-type":"","overlay-color":"","overlay-opacity":"","overlay-gradient":""},"tablet":{"background-color":"","background-image":"","background-repeat":"repeat","background-position":"center center","background-size":"auto","background-attachment":"scroll","background-type":"","background-media":"","overlay-type":"","overlay-color":"","overlay-opacity":"","overlay-gradient":""},"mobile":{"background-color":"","background-image":"","background-repeat":"repeat","background-position":"center center","background-size":"auto","background-attachment":"scroll","background-type":"","background-media":"","overlay-type":"","overlay-color":"","overlay-opacity":"","overlay-gradient":""}},"ast-content-background-meta":{"desktop":{"background-color":"var(--ast-global-color-5)","background-image":"","background-repeat":"repeat","background-position":"center center","background-size":"auto","background-attachment":"scroll","background-type":"","background-media":"","overlay-type":"","overlay-color":"","overlay-opacity":"","overlay-gradient":""},"tablet":{"background-color":"var(--ast-global-color-5)","background-image":"","background-repeat":"repeat","background-position":"center center","background-size":"auto","background-attachment":"scroll","background-type":"","background-media":"","overlay-type":"","overlay-color":"","overlay-opacity":"","overlay-gradient":""},"mobile":{"background-color":"var(--ast-global-color-5)","background-image":"","background-repeat":"repeat","background-position":"center center","background-size":"auto","background-attachment":"scroll","background-type":"","background-media":"","overlay-type":"","overlay-color":"","overlay-opacity":"","overlay-gradient":""}}},"class_list":["post-149","product","type-product","status-publish","has-post-thumbnail","hentry","product_cat-pasivne-zvucne-kutije","product_cat-subwoofer-home-theater","product_cat-elac","desktop-align-center","tablet-align-center","mobile-align-center","ast-product-gallery-layout-horizontal","ast-magnify-disabled","ast-product-tabs-layout-horizontal"],"yoast_head":"<!-- This site is optimized with the Yoast SEO plugin v21.4 - https:\/\/yoast.com\/wordpress\/plugins\/seo\/ -->\n<title>Elac Debut OW4.2 (par) - hd-multimedia<\/title>\n<meta name=\"description\" content=\"ELAC Debut OW4.2Upoznajte Elac Debut OW4.2, zvu\u010dnik za zid koji pru\u017ea vrhunsko surround iskustvo \u010dak i u prostorima gdje je prostor ograni\u010den.\" \/>\n<meta name=\"robots\" content=\"index, follow, max-snippet:-1, max-image-preview:large, max-video-preview:-1\" \/>\n<link rel=\"canonical\" href=\"https:\/\/hd-multimedia.com\/sl\/trgovina\/elac-debut-ow4-2\/\" \/>\n<meta property=\"og:locale\" content=\"sl_SI\" \/>\n<meta property=\"og:type\" content=\"article\" \/>\n<meta property=\"og:title\" content=\"Elac Debut OW4.2 (par) - hd-multimedia\" \/>\n<meta property=\"og:description\" content=\"ELAC Debut OW4.2Upoznajte Elac Debut OW4.2, zvu\u010dnik za zid koji pru\u017ea vrhunsko surround iskustvo \u010dak i u prostorima gdje je prostor ograni\u010den.\" \/>\n<meta property=\"og:url\" content=\"https:\/\/hd-multimedia.com\/sl\/trgovina\/elac-debut-ow4-2\/\" \/>\n<meta property=\"og:site_name\" content=\"hd-multimedia\" \/>\n<meta property=\"article:modified_time\" content=\"2025-04-02T10:51:39+00:00\" \/>\n<meta property=\"og:image\" content=\"https:\/\/hd-multimedia.com\/hdm_media\/OW4.2-Gallery-1-750x579-e1568361979903.jpg\" \/>\n\t<meta property=\"og:image:width\" content=\"575\" \/>\n\t<meta property=\"og:image:height\" content=\"575\" \/>\n\t<meta property=\"og:image:type\" content=\"image\/jpeg\" \/>\n<meta name=\"twitter:card\" content=\"summary_large_image\" \/>\n<meta name=\"twitter:label1\" content=\"Est. reading time\" \/>\n\t<meta name=\"twitter:data1\" content=\"1 minuta\" \/>\n<script type=\"application\/ld+json\" class=\"yoast-schema-graph\">{\"@context\":\"https:\/\/schema.org\",\"@graph\":[{\"@type\":\"WebPage\",\"@id\":\"https:\/\/hd-multimedia.com\/trgovina\/elac-debut-ow4-2\/\",\"url\":\"https:\/\/hd-multimedia.com\/trgovina\/elac-debut-ow4-2\/\",\"name\":\"Elac Debut OW4.2 (par) - hd-multimedia\",\"isPartOf\":{\"@id\":\"https:\/\/hd-multimedia.com\/#website\"},\"datePublished\":\"2019-08-21T09:47:39+00:00\",\"dateModified\":\"2025-04-02T10:51:39+00:00\",\"description\":\"ELAC Debut OW4.2Upoznajte Elac Debut OW4.2, zvu\u010dnik za zid koji pru\u017ea vrhunsko surround iskustvo \u010dak i u prostorima gdje je prostor ograni\u010den.\",\"breadcrumb\":{\"@id\":\"https:\/\/hd-multimedia.com\/trgovina\/elac-debut-ow4-2\/#breadcrumb\"},\"inLanguage\":\"sl-SI\",\"potentialAction\":[{\"@type\":\"ReadAction\",\"target\":[\"https:\/\/hd-multimedia.com\/trgovina\/elac-debut-ow4-2\/\"]}]},{\"@type\":\"BreadcrumbList\",\"@id\":\"https:\/\/hd-multimedia.com\/trgovina\/elac-debut-ow4-2\/#breadcrumb\",\"itemListElement\":[{\"@type\":\"ListItem\",\"position\":1,\"name\":\"Po\u010detna stranica\",\"item\":\"https:\/\/hd-multimedia.com\/\"},{\"@type\":\"ListItem\",\"position\":2,\"name\":\"Trgovina\",\"item\":\"https:\/\/hd-multimedia.com\/trgovina\/\"},{\"@type\":\"ListItem\",\"position\":3,\"name\":\"Elac Debut OW4.2 (par)\"}]},{\"@type\":\"WebSite\",\"@id\":\"https:\/\/hd-multimedia.com\/#website\",\"url\":\"https:\/\/hd-multimedia.com\/\",\"name\":\"hd-multimedia\",\"description\":\"\",\"publisher\":{\"@id\":\"https:\/\/hd-multimedia.com\/#organization\"},\"potentialAction\":[{\"@type\":\"SearchAction\",\"target\":{\"@type\":\"EntryPoint\",\"urlTemplate\":\"https:\/\/hd-multimedia.com\/?s={search_term_string}\"},\"query-input\":\"required name=search_term_string\"}],\"inLanguage\":\"sl-SI\"},{\"@type\":\"Organization\",\"@id\":\"https:\/\/hd-multimedia.com\/#organization\",\"name\":\"hd-multimedia\",\"url\":\"https:\/\/hd-multimedia.com\/\",\"logo\":{\"@type\":\"ImageObject\",\"inLanguage\":\"sl-SI\",\"@id\":\"https:\/\/hd-multimedia.com\/#\/schema\/logo\/image\/\",\"url\":\"https:\/\/hd-multimedia.com\/hdm_media\/HD-curves-ok-196-56px-alpha-1.png\",\"contentUrl\":\"https:\/\/hd-multimedia.com\/hdm_media\/HD-curves-ok-196-56px-alpha-1.png\",\"width\":196,\"height\":53,\"caption\":\"hd-multimedia\"},\"image\":{\"@id\":\"https:\/\/hd-multimedia.com\/#\/schema\/logo\/image\/\"}}]}<\/script>\n<!-- \/ Yoast SEO plugin. -->","yoast_head_json":{"title":"Elac Debut OW4.2 (par) - hd-multimedia","description":"ELAC Debut OW4.2Upoznajte Elac Debut OW4.2, zvu\u010dnik za zid koji pru\u017ea vrhunsko surround iskustvo \u010dak i u prostorima gdje je prostor ograni\u010den.","robots":{"index":"index","follow":"follow","max-snippet":"max-snippet:-1","max-image-preview":"max-image-preview:large","max-video-preview":"max-video-preview:-1"},"canonical":"https:\/\/hd-multimedia.com\/sl\/trgovina\/elac-debut-ow4-2\/","og_locale":"sl_SI","og_type":"article","og_title":"Elac Debut OW4.2 (par) - hd-multimedia","og_description":"ELAC Debut OW4.2Upoznajte Elac Debut OW4.2, zvu\u010dnik za zid koji pru\u017ea vrhunsko surround iskustvo \u010dak i u prostorima gdje je prostor ograni\u010den.","og_url":"https:\/\/hd-multimedia.com\/sl\/trgovina\/elac-debut-ow4-2\/","og_site_name":"hd-multimedia","article_modified_time":"2025-04-02T10:51:39+00:00","og_image":[{"width":575,"height":575,"url":"https:\/\/hd-multimedia.com\/hdm_media\/OW4.2-Gallery-1-750x579-e1568361979903.jpg","type":"image\/jpeg"}],"twitter_card":"summary_large_image","twitter_misc":{"Est. reading time":"1 minuta"},"schema":{"@context":"https:\/\/schema.org","@graph":[{"@type":"WebPage","@id":"https:\/\/hd-multimedia.com\/trgovina\/elac-debut-ow4-2\/","url":"https:\/\/hd-multimedia.com\/trgovina\/elac-debut-ow4-2\/","name":"Elac Debut OW4.2 (par) - hd-multimedia","isPartOf":{"@id":"https:\/\/hd-multimedia.com\/#website"},"datePublished":"2019-08-21T09:47:39+00:00","dateModified":"2025-04-02T10:51:39+00:00","description":"ELAC Debut OW4.2Upoznajte Elac Debut OW4.2, zvu\u010dnik za zid koji pru\u017ea vrhunsko surround iskustvo \u010dak i u prostorima gdje je prostor ograni\u010den.","breadcrumb":{"@id":"https:\/\/hd-multimedia.com\/trgovina\/elac-debut-ow4-2\/#breadcrumb"},"inLanguage":"sl-SI","potentialAction":[{"@type":"ReadAction","target":["https:\/\/hd-multimedia.com\/trgovina\/elac-debut-ow4-2\/"]}]},{"@type":"BreadcrumbList","@id":"https:\/\/hd-multimedia.com\/trgovina\/elac-debut-ow4-2\/#breadcrumb","itemListElement":[{"@type":"ListItem","position":1,"name":"Po\u010detna stranica","item":"https:\/\/hd-multimedia.com\/"},{"@type":"ListItem","position":2,"name":"Trgovina","item":"https:\/\/hd-multimedia.com\/trgovina\/"},{"@type":"ListItem","position":3,"name":"Elac Debut OW4.2 (par)"}]},{"@type":"WebSite","@id":"https:\/\/hd-multimedia.com\/#website","url":"https:\/\/hd-multimedia.com\/","name":"hd-multimedia","description":"","publisher":{"@id":"https:\/\/hd-multimedia.com\/#organization"},"potentialAction":[{"@type":"SearchAction","target":{"@type":"EntryPoint","urlTemplate":"https:\/\/hd-multimedia.com\/?s={search_term_string}"},"query-input":"required name=search_term_string"}],"inLanguage":"sl-SI"},{"@type":"Organization","@id":"https:\/\/hd-multimedia.com\/#organization","name":"hd-multimedia","url":"https:\/\/hd-multimedia.com\/","logo":{"@type":"ImageObject","inLanguage":"sl-SI","@id":"https:\/\/hd-multimedia.com\/#\/schema\/logo\/image\/","url":"https:\/\/hd-multimedia.com\/hdm_media\/HD-curves-ok-196-56px-alpha-1.png","contentUrl":"https:\/\/hd-multimedia.com\/hdm_media\/HD-curves-ok-196-56px-alpha-1.png","width":196,"height":53,"caption":"hd-multimedia"},"image":{"@id":"https:\/\/hd-multimedia.com\/#\/schema\/logo\/image\/"}}]}},"post_mailing_queue_ids":[],"_links":{"self":[{"href":"https:\/\/hd-multimedia.com\/sl\/wp-json\/wp\/v2\/product\/149","targetHints":{"allow":["GET"]}}],"collection":[{"href":"https:\/\/hd-multimedia.com\/sl\/wp-json\/wp\/v2\/product"}],"about":[{"href":"https:\/\/hd-multimedia.com\/sl\/wp-json\/wp\/v2\/types\/product"}],"version-history":[{"count":5,"href":"https:\/\/hd-multimedia.com\/sl\/wp-json\/wp\/v2\/product\/149\/revisions"}],"predecessor-version":[{"id":18130,"href":"https:\/\/hd-multimedia.com\/sl\/wp-json\/wp\/v2\/product\/149\/revisions\/18130"}],"wp:featuredmedia":[{"embeddable":true,"href":"https:\/\/hd-multimedia.com\/sl\/wp-json\/wp\/v2\/media\/1050"}],"wp:attachment":[{"href":"https:\/\/hd-multimedia.com\/sl\/wp-json\/wp\/v2\/media?parent=149"}],"curies":[{"name":"wp","href":"https:\/\/api.w.org\/{rel}","templated":true}]}}