{"id":14826,"date":"2024-04-05T08:10:15","date_gmt":"2024-04-05T08:10:15","guid":{"rendered":"https:\/\/hd-multimedia.com\/?post_type=product&#038;p=14826"},"modified":"2026-02-17T14:35:12","modified_gmt":"2026-02-17T14:35:12","slug":"topping-hs02","status":"publish","type":"product","link":"https:\/\/hd-multimedia.com\/sl\/trgovina\/topping-hs02\/","title":{"rendered":"Topping HS02"},"content":{"rendered":"<ul>\n<li>Vrsta izdelka: USB izolator<\/li>\n<li>Vhodi: 1* USB-B, 1* USB-C<\/li>\n<li>Izhodi: 1* USB-A, 1* USB-C<\/li>\n<li>Podprte hitrosti vzor\u010denja: PCM do 32 bitov 768 kHz, izvorni DSD do DSD512<\/li>\n<li>Izolacijska napetost zvo\u010dnega signala: &gt; 1500KVrms<\/li>\n<li>Zakasnitev: 0,073\u00b5s<\/li>\n<li>Napajalna napetost: 5VDC<\/li>\n<li>Dimenzije: 59*38*18 mm<\/li>\n<li>Barva: \u010crna<\/li>\n<\/ul>\n<p><a href=\"https:\/\/www.tpdz.net\/productinfo\/953487.html\" target=\"_blank\" rel=\"noopener\">Ostale informacije najdete na tej povezavi.<\/a><\/p>","protected":false},"excerpt":{"rendered":"<p>Topping HS02 izstopa s svojo popolnoma izolirano zasnovo, ki zagotavlja, da pri uporabi pomo\u017enega napajanja ne pride do dodatnih motenj, hkrati pa u\u010dinkovito izolira zvo\u010dni signal od motenj ozemljitvene zanke. To pomeni slovo od te\u017eav z motnjami ozemljitvene zanke in \u0161umom v va\u0161em avdio sistemu. Poleg tega Topping HS02 ponuja vsestranskost z dvema vhodnima vmesnikoma (USB-B in Type-C) in dvema izhodnima vmesnikoma (USB-A in Type-C), kar vam omogo\u010da preprosto preklapljanje med njima z uporabo ustreznih vhodnih in izhodnih stikal. Poleg tega izstopa po visoki zdru\u017eljivosti, saj samodejno prepozna hitrosti prenosa USB2.0 od nizke do visoke, zaradi \u010desar je primeren za formate zvoka visoke lo\u010dljivosti, kot sta PCM32bit\/768kHz in DSD512Native. S funkcijami, kot so izolacija pomo\u017enega napajanja, visoka izolacijska napetost zvo\u010dnega signala (&gt;1500KVRMS) in znatno zmanj\u0161ana zakasnitev (manj kot 75%).<\/p>\n<p><a href=\"https:\/\/www.tpdz.net\/productinfo\/953487.html\" target=\"_blank\" rel=\"noopener\">Ostale informacije najdete na tej povezavi.<\/a><\/p>","protected":false},"featured_media":14827,"template":"","meta":{"site-sidebar-layout":"default","site-content-layout":"","ast-site-content-layout":"default","site-content-style":"default","site-sidebar-style":"default","ast-global-header-display":"","ast-banner-title-visibility":"","ast-main-header-display":"","ast-hfb-above-header-display":"","ast-hfb-below-header-display":"","ast-hfb-mobile-header-display":"","site-post-title":"","ast-breadcrumbs-content":"","ast-featured-img":"","footer-sml-layout":"","theme-transparent-header-meta":"default","adv-header-id-meta":"","stick-header-meta":"default","header-above-stick-meta":"","header-main-stick-meta":"","header-below-stick-meta":"","astra-migrate-meta-layouts":"set","ast-page-background-enabled":"default","ast-page-background-meta":{"desktop":{"background-color":"","background-image":"","background-repeat":"repeat","background-position":"center center","background-size":"auto","background-attachment":"scroll","background-type":"","background-media":"","overlay-type":"","overlay-color":"","overlay-opacity":"","overlay-gradient":""},"tablet":{"background-color":"","background-image":"","background-repeat":"repeat","background-position":"center center","background-size":"auto","background-attachment":"scroll","background-type":"","background-media":"","overlay-type":"","overlay-color":"","overlay-opacity":"","overlay-gradient":""},"mobile":{"background-color":"","background-image":"","background-repeat":"repeat","background-position":"center center","background-size":"auto","background-attachment":"scroll","background-type":"","background-media":"","overlay-type":"","overlay-color":"","overlay-opacity":"","overlay-gradient":""}},"ast-content-background-meta":{"desktop":{"background-color":"var(--ast-global-color-5)","background-image":"","background-repeat":"repeat","background-position":"center center","background-size":"auto","background-attachment":"scroll","background-type":"","background-media":"","overlay-type":"","overlay-color":"","overlay-opacity":"","overlay-gradient":""},"tablet":{"background-color":"var(--ast-global-color-5)","background-image":"","background-repeat":"repeat","background-position":"center center","background-size":"auto","background-attachment":"scroll","background-type":"","background-media":"","overlay-type":"","overlay-color":"","overlay-opacity":"","overlay-gradient":""},"mobile":{"background-color":"var(--ast-global-color-5)","background-image":"","background-repeat":"repeat","background-position":"center center","background-size":"auto","background-attachment":"scroll","background-type":"","background-media":"","overlay-type":"","overlay-color":"","overlay-opacity":"","overlay-gradient":""}}},"class_list":["post-14826","product","type-product","status-publish","has-post-thumbnail","hentry","product_cat-streameri","product_cat-computer-audio","product_cat-topping","desktop-align-center","tablet-align-center","mobile-align-center","ast-product-gallery-layout-horizontal","ast-magnify-disabled","ast-product-tabs-layout-horizontal"],"yoast_head":"<!-- This site is optimized with the Yoast SEO plugin v21.4 - https:\/\/yoast.com\/wordpress\/plugins\/seo\/ -->\n<title>Topping HS02 - hd-multimedia<\/title>\n<meta name=\"description\" content=\"Topping HS02 se isti\u010de svojim potpuno izoliranim dizajnom, osiguravaju\u0107i da se \u010dak ni dodatne smetnje ne uvode prilikom kori\u0161tenja pomo\u0107nog napajanja.\" \/>\n<meta name=\"robots\" content=\"index, follow, max-snippet:-1, max-image-preview:large, max-video-preview:-1\" \/>\n<link rel=\"canonical\" href=\"https:\/\/hd-multimedia.com\/sl\/trgovina\/topping-hs02\/\" \/>\n<meta property=\"og:locale\" content=\"sl_SI\" \/>\n<meta property=\"og:type\" content=\"article\" \/>\n<meta property=\"og:title\" content=\"Topping HS02 - hd-multimedia\" \/>\n<meta property=\"og:description\" content=\"Topping HS02 se isti\u010de svojim potpuno izoliranim dizajnom, osiguravaju\u0107i da se \u010dak ni dodatne smetnje ne uvode prilikom kori\u0161tenja pomo\u0107nog napajanja.\" \/>\n<meta property=\"og:url\" content=\"https:\/\/hd-multimedia.com\/sl\/trgovina\/topping-hs02\/\" \/>\n<meta property=\"og:site_name\" content=\"hd-multimedia\" \/>\n<meta property=\"article:modified_time\" content=\"2026-02-17T14:35:12+00:00\" \/>\n<meta property=\"og:image\" content=\"https:\/\/hd-multimedia.com\/hdm_media\/topping-hs02-usb-audio-isolator-32bit-768khz-dsd512.jpg\" \/>\n\t<meta property=\"og:image:width\" content=\"900\" \/>\n\t<meta property=\"og:image:height\" content=\"900\" \/>\n\t<meta property=\"og:image:type\" content=\"image\/jpeg\" \/>\n<meta name=\"twitter:card\" content=\"summary_large_image\" \/>\n<meta name=\"twitter:label1\" content=\"Est. reading time\" \/>\n\t<meta name=\"twitter:data1\" content=\"1 minuta\" \/>\n<script type=\"application\/ld+json\" class=\"yoast-schema-graph\">{\"@context\":\"https:\/\/schema.org\",\"@graph\":[{\"@type\":\"WebPage\",\"@id\":\"https:\/\/hd-multimedia.com\/trgovina\/topping-hs02\/\",\"url\":\"https:\/\/hd-multimedia.com\/trgovina\/topping-hs02\/\",\"name\":\"Topping HS02 - hd-multimedia\",\"isPartOf\":{\"@id\":\"https:\/\/hd-multimedia.com\/#website\"},\"datePublished\":\"2024-04-05T08:10:15+00:00\",\"dateModified\":\"2026-02-17T14:35:12+00:00\",\"description\":\"Topping HS02 se isti\u010de svojim potpuno izoliranim dizajnom, osiguravaju\u0107i da se \u010dak ni dodatne smetnje ne uvode prilikom kori\u0161tenja pomo\u0107nog napajanja.\",\"breadcrumb\":{\"@id\":\"https:\/\/hd-multimedia.com\/trgovina\/topping-hs02\/#breadcrumb\"},\"inLanguage\":\"sl-SI\",\"potentialAction\":[{\"@type\":\"ReadAction\",\"target\":[\"https:\/\/hd-multimedia.com\/trgovina\/topping-hs02\/\"]}]},{\"@type\":\"BreadcrumbList\",\"@id\":\"https:\/\/hd-multimedia.com\/trgovina\/topping-hs02\/#breadcrumb\",\"itemListElement\":[{\"@type\":\"ListItem\",\"position\":1,\"name\":\"Po\u010detna stranica\",\"item\":\"https:\/\/hd-multimedia.com\/\"},{\"@type\":\"ListItem\",\"position\":2,\"name\":\"Trgovina\",\"item\":\"https:\/\/hd-multimedia.com\/trgovina\/\"},{\"@type\":\"ListItem\",\"position\":3,\"name\":\"Topping HS02\"}]},{\"@type\":\"WebSite\",\"@id\":\"https:\/\/hd-multimedia.com\/#website\",\"url\":\"https:\/\/hd-multimedia.com\/\",\"name\":\"hd-multimedia\",\"description\":\"\",\"publisher\":{\"@id\":\"https:\/\/hd-multimedia.com\/#organization\"},\"potentialAction\":[{\"@type\":\"SearchAction\",\"target\":{\"@type\":\"EntryPoint\",\"urlTemplate\":\"https:\/\/hd-multimedia.com\/?s={search_term_string}\"},\"query-input\":\"required name=search_term_string\"}],\"inLanguage\":\"sl-SI\"},{\"@type\":\"Organization\",\"@id\":\"https:\/\/hd-multimedia.com\/#organization\",\"name\":\"hd-multimedia\",\"url\":\"https:\/\/hd-multimedia.com\/\",\"logo\":{\"@type\":\"ImageObject\",\"inLanguage\":\"sl-SI\",\"@id\":\"https:\/\/hd-multimedia.com\/#\/schema\/logo\/image\/\",\"url\":\"https:\/\/hd-multimedia.com\/hdm_media\/HD-curves-ok-196-56px-alpha-1.png\",\"contentUrl\":\"https:\/\/hd-multimedia.com\/hdm_media\/HD-curves-ok-196-56px-alpha-1.png\",\"width\":196,\"height\":53,\"caption\":\"hd-multimedia\"},\"image\":{\"@id\":\"https:\/\/hd-multimedia.com\/#\/schema\/logo\/image\/\"}}]}<\/script>\n<!-- \/ Yoast SEO plugin. -->","yoast_head_json":{"title":"Topping HS02 - hd-multimedia","description":"Topping HS02 se isti\u010de svojim potpuno izoliranim dizajnom, osiguravaju\u0107i da se \u010dak ni dodatne smetnje ne uvode prilikom kori\u0161tenja pomo\u0107nog napajanja.","robots":{"index":"index","follow":"follow","max-snippet":"max-snippet:-1","max-image-preview":"max-image-preview:large","max-video-preview":"max-video-preview:-1"},"canonical":"https:\/\/hd-multimedia.com\/sl\/trgovina\/topping-hs02\/","og_locale":"sl_SI","og_type":"article","og_title":"Topping HS02 - hd-multimedia","og_description":"Topping HS02 se isti\u010de svojim potpuno izoliranim dizajnom, osiguravaju\u0107i da se \u010dak ni dodatne smetnje ne uvode prilikom kori\u0161tenja pomo\u0107nog napajanja.","og_url":"https:\/\/hd-multimedia.com\/sl\/trgovina\/topping-hs02\/","og_site_name":"hd-multimedia","article_modified_time":"2026-02-17T14:35:12+00:00","og_image":[{"width":900,"height":900,"url":"https:\/\/hd-multimedia.com\/hdm_media\/topping-hs02-usb-audio-isolator-32bit-768khz-dsd512.jpg","type":"image\/jpeg"}],"twitter_card":"summary_large_image","twitter_misc":{"Est. reading time":"1 minuta"},"schema":{"@context":"https:\/\/schema.org","@graph":[{"@type":"WebPage","@id":"https:\/\/hd-multimedia.com\/trgovina\/topping-hs02\/","url":"https:\/\/hd-multimedia.com\/trgovina\/topping-hs02\/","name":"Topping HS02 - hd-multimedia","isPartOf":{"@id":"https:\/\/hd-multimedia.com\/#website"},"datePublished":"2024-04-05T08:10:15+00:00","dateModified":"2026-02-17T14:35:12+00:00","description":"Topping HS02 se isti\u010de svojim potpuno izoliranim dizajnom, osiguravaju\u0107i da se \u010dak ni dodatne smetnje ne uvode prilikom kori\u0161tenja pomo\u0107nog napajanja.","breadcrumb":{"@id":"https:\/\/hd-multimedia.com\/trgovina\/topping-hs02\/#breadcrumb"},"inLanguage":"sl-SI","potentialAction":[{"@type":"ReadAction","target":["https:\/\/hd-multimedia.com\/trgovina\/topping-hs02\/"]}]},{"@type":"BreadcrumbList","@id":"https:\/\/hd-multimedia.com\/trgovina\/topping-hs02\/#breadcrumb","itemListElement":[{"@type":"ListItem","position":1,"name":"Po\u010detna stranica","item":"https:\/\/hd-multimedia.com\/"},{"@type":"ListItem","position":2,"name":"Trgovina","item":"https:\/\/hd-multimedia.com\/trgovina\/"},{"@type":"ListItem","position":3,"name":"Topping HS02"}]},{"@type":"WebSite","@id":"https:\/\/hd-multimedia.com\/#website","url":"https:\/\/hd-multimedia.com\/","name":"hd-multimedia","description":"","publisher":{"@id":"https:\/\/hd-multimedia.com\/#organization"},"potentialAction":[{"@type":"SearchAction","target":{"@type":"EntryPoint","urlTemplate":"https:\/\/hd-multimedia.com\/?s={search_term_string}"},"query-input":"required name=search_term_string"}],"inLanguage":"sl-SI"},{"@type":"Organization","@id":"https:\/\/hd-multimedia.com\/#organization","name":"hd-multimedia","url":"https:\/\/hd-multimedia.com\/","logo":{"@type":"ImageObject","inLanguage":"sl-SI","@id":"https:\/\/hd-multimedia.com\/#\/schema\/logo\/image\/","url":"https:\/\/hd-multimedia.com\/hdm_media\/HD-curves-ok-196-56px-alpha-1.png","contentUrl":"https:\/\/hd-multimedia.com\/hdm_media\/HD-curves-ok-196-56px-alpha-1.png","width":196,"height":53,"caption":"hd-multimedia"},"image":{"@id":"https:\/\/hd-multimedia.com\/#\/schema\/logo\/image\/"}}]}},"post_mailing_queue_ids":[],"_links":{"self":[{"href":"https:\/\/hd-multimedia.com\/sl\/wp-json\/wp\/v2\/product\/14826","targetHints":{"allow":["GET"]}}],"collection":[{"href":"https:\/\/hd-multimedia.com\/sl\/wp-json\/wp\/v2\/product"}],"about":[{"href":"https:\/\/hd-multimedia.com\/sl\/wp-json\/wp\/v2\/types\/product"}],"version-history":[{"count":3,"href":"https:\/\/hd-multimedia.com\/sl\/wp-json\/wp\/v2\/product\/14826\/revisions"}],"predecessor-version":[{"id":14834,"href":"https:\/\/hd-multimedia.com\/sl\/wp-json\/wp\/v2\/product\/14826\/revisions\/14834"}],"wp:featuredmedia":[{"embeddable":true,"href":"https:\/\/hd-multimedia.com\/sl\/wp-json\/wp\/v2\/media\/14827"}],"wp:attachment":[{"href":"https:\/\/hd-multimedia.com\/sl\/wp-json\/wp\/v2\/media?parent=14826"}],"curies":[{"name":"wp","href":"https:\/\/api.w.org\/{rel}","templated":true}]}}