{"id":14802,"date":"2024-04-05T08:50:42","date_gmt":"2024-04-05T08:50:42","guid":{"rendered":"https:\/\/hd-multimedia.com\/?post_type=product&#038;p=14802"},"modified":"2024-05-02T06:36:30","modified_gmt":"2024-05-02T06:36:30","slug":"smsl-dl300-dac","status":"publish","type":"product","link":"https:\/\/hd-multimedia.com\/sl\/trgovina\/smsl-dl300-dac\/","title":{"rendered":"SMSL DL300 DAC"},"content":{"rendered":"<p>SMSL DL300 DAC podpira Qualcommov visokokakovosten Bluetooth \u010dip, ki podpira LDAC, APTX\/HD, SBC, AAC. Z visokokakovostnim aluminijastim ohi\u0161jem in pozla\u010denimi vhodno\/izhodnimi terminali izpolnjuje stroge standarde kakovosti Japan Audio Society (JAS) kot naprava s certifikatom Hi-Res. Opremljen je z daljinskim upravljalnikom in popolnim daljinskim upravljalnikom za udobje pri uporabi.<\/p>\n<p><a href=\"https:\/\/www.smsl-audio.com\/portal\/product\/detail\/id\/851.html\" target=\"_blank\" rel=\"noopener\">Ostale informacije najdete na tej povezavi.<\/a><\/p>","protected":false},"excerpt":{"rendered":"<p>SMSL DL300 DAC podpira dekodiranje MQA in MQA-CD, kar zagotavlja vrhunsko izku\u0161njo poslu\u0161anja glasbe. Z novo tretjo generacijo XMOS XU-316 podpira PCM do 32bit\/768kHz in DSD do DSD512. Z vrhunskim \u010dipom AK4191+AK4499EX DAC dose\u017ee nizko popa\u010denje 0,00006% (-124dB) z uporabo 5 vrhunskih dvojnih operacijskih oja\u010devalnikov in \u0161tevilnih avdiofilskih komponent. Podpira razli\u010dne na\u010dine prenosa, kot so USB, opti\u010dni, koaksialni in I2S za DSD ter DOP64 za opti\u010dni in koaksialni prenos. Opremljen je z neodvisno funkcijo prikaza DOP za natan\u010dno dolo\u010danje trenutnega formata dekodiranja. Uporaba kaljenega stekla in barvnega IPS zaslona zagotavlja estetsko privla\u010dno in funkcionalno obliko. Z vgrajeno obdelavo energije na nizki ravni, z ve\u010d tihimi regulatorji zagotavlja stabilno, zanesljivo, u\u010dinkovito in tiho napajanje.<\/p>\n<p><a href=\"https:\/\/www.smsl-audio.com\/portal\/product\/detail\/id\/851.html\" target=\"_blank\" rel=\"noopener\">Ostale informacije najdete na tej povezavi.<\/a><\/p>","protected":false},"featured_media":14803,"template":"","meta":{"site-sidebar-layout":"default","site-content-layout":"","ast-site-content-layout":"default","site-content-style":"default","site-sidebar-style":"default","ast-global-header-display":"","ast-banner-title-visibility":"","ast-main-header-display":"","ast-hfb-above-header-display":"","ast-hfb-below-header-display":"","ast-hfb-mobile-header-display":"","site-post-title":"","ast-breadcrumbs-content":"","ast-featured-img":"","footer-sml-layout":"","theme-transparent-header-meta":"default","adv-header-id-meta":"","stick-header-meta":"default","header-above-stick-meta":"","header-main-stick-meta":"","header-below-stick-meta":"","astra-migrate-meta-layouts":"set","ast-page-background-enabled":"default","ast-page-background-meta":{"desktop":{"background-color":"","background-image":"","background-repeat":"repeat","background-position":"center center","background-size":"auto","background-attachment":"scroll","background-type":"","background-media":"","overlay-type":"","overlay-color":"","overlay-opacity":"","overlay-gradient":""},"tablet":{"background-color":"","background-image":"","background-repeat":"repeat","background-position":"center center","background-size":"auto","background-attachment":"scroll","background-type":"","background-media":"","overlay-type":"","overlay-color":"","overlay-opacity":"","overlay-gradient":""},"mobile":{"background-color":"","background-image":"","background-repeat":"repeat","background-position":"center center","background-size":"auto","background-attachment":"scroll","background-type":"","background-media":"","overlay-type":"","overlay-color":"","overlay-opacity":"","overlay-gradient":""}},"ast-content-background-meta":{"desktop":{"background-color":"var(--ast-global-color-5)","background-image":"","background-repeat":"repeat","background-position":"center center","background-size":"auto","background-attachment":"scroll","background-type":"","background-media":"","overlay-type":"","overlay-color":"","overlay-opacity":"","overlay-gradient":""},"tablet":{"background-color":"var(--ast-global-color-5)","background-image":"","background-repeat":"repeat","background-position":"center center","background-size":"auto","background-attachment":"scroll","background-type":"","background-media":"","overlay-type":"","overlay-color":"","overlay-opacity":"","overlay-gradient":""},"mobile":{"background-color":"var(--ast-global-color-5)","background-image":"","background-repeat":"repeat","background-position":"center center","background-size":"auto","background-attachment":"scroll","background-type":"","background-media":"","overlay-type":"","overlay-color":"","overlay-opacity":"","overlay-gradient":""}}},"class_list":["post-14802","product","type-product","status-publish","has-post-thumbnail","hentry","product_cat-smsl","product_cat-dac","desktop-align-center","tablet-align-center","mobile-align-center","ast-product-gallery-layout-horizontal","ast-magnify-disabled","ast-product-tabs-layout-horizontal"],"yoast_head":"<!-- This site is optimized with the Yoast SEO plugin v21.4 - https:\/\/yoast.com\/wordpress\/plugins\/seo\/ -->\n<title>SMSL DL300 DAC - hd-multimedia<\/title>\n<meta name=\"description\" content=\"SMSL DL300 DAC podr\u017eava Qualcomm-ov visokokvalitetni Bluetooth \u010dip, podr\u017eavaju\u0107i LDAC, APTX\/HD, SBC, AAC. S kvalitetnom ku\u010di\u0161tem od aluminija.\" \/>\n<meta name=\"robots\" content=\"index, follow, max-snippet:-1, max-image-preview:large, max-video-preview:-1\" \/>\n<link rel=\"canonical\" href=\"https:\/\/hd-multimedia.com\/sl\/trgovina\/smsl-dl300-dac\/\" \/>\n<meta property=\"og:locale\" content=\"sl_SI\" \/>\n<meta property=\"og:type\" content=\"article\" \/>\n<meta property=\"og:title\" content=\"SMSL DL300 DAC - hd-multimedia\" \/>\n<meta property=\"og:description\" content=\"SMSL DL300 DAC podr\u017eava Qualcomm-ov visokokvalitetni Bluetooth \u010dip, podr\u017eavaju\u0107i LDAC, APTX\/HD, SBC, AAC. S kvalitetnom ku\u010di\u0161tem od aluminija.\" \/>\n<meta property=\"og:url\" content=\"https:\/\/hd-multimedia.com\/sl\/trgovina\/smsl-dl300-dac\/\" \/>\n<meta property=\"og:site_name\" content=\"hd-multimedia\" \/>\n<meta property=\"article:modified_time\" content=\"2024-05-02T06:36:30+00:00\" \/>\n<meta property=\"og:image\" content=\"https:\/\/hd-multimedia.com\/hdm_media\/smsl-dl300-dac-ak4191-ak4499-headphone-amplifier-xmos-xu316-bluetooth-51-ldac-32bit-768khz-dsd512-mqa-cd.jpg\" \/>\n\t<meta property=\"og:image:width\" content=\"900\" \/>\n\t<meta property=\"og:image:height\" content=\"900\" \/>\n\t<meta property=\"og:image:type\" content=\"image\/jpeg\" \/>\n<meta name=\"twitter:card\" content=\"summary_large_image\" \/>\n<meta name=\"twitter:label1\" content=\"Est. reading time\" \/>\n\t<meta name=\"twitter:data1\" content=\"1 minuta\" \/>\n<script type=\"application\/ld+json\" class=\"yoast-schema-graph\">{\"@context\":\"https:\/\/schema.org\",\"@graph\":[{\"@type\":\"WebPage\",\"@id\":\"https:\/\/hd-multimedia.com\/trgovina\/smsl-dl300-dac\/\",\"url\":\"https:\/\/hd-multimedia.com\/trgovina\/smsl-dl300-dac\/\",\"name\":\"SMSL DL300 DAC - hd-multimedia\",\"isPartOf\":{\"@id\":\"https:\/\/hd-multimedia.com\/#website\"},\"datePublished\":\"2024-04-05T08:50:42+00:00\",\"dateModified\":\"2024-05-02T06:36:30+00:00\",\"description\":\"SMSL DL300 DAC podr\u017eava Qualcomm-ov visokokvalitetni Bluetooth \u010dip, podr\u017eavaju\u0107i LDAC, APTX\/HD, SBC, AAC. S kvalitetnom ku\u010di\u0161tem od aluminija.\",\"breadcrumb\":{\"@id\":\"https:\/\/hd-multimedia.com\/trgovina\/smsl-dl300-dac\/#breadcrumb\"},\"inLanguage\":\"sl-SI\",\"potentialAction\":[{\"@type\":\"ReadAction\",\"target\":[\"https:\/\/hd-multimedia.com\/trgovina\/smsl-dl300-dac\/\"]}]},{\"@type\":\"BreadcrumbList\",\"@id\":\"https:\/\/hd-multimedia.com\/trgovina\/smsl-dl300-dac\/#breadcrumb\",\"itemListElement\":[{\"@type\":\"ListItem\",\"position\":1,\"name\":\"Po\u010detna stranica\",\"item\":\"https:\/\/hd-multimedia.com\/\"},{\"@type\":\"ListItem\",\"position\":2,\"name\":\"Trgovina\",\"item\":\"https:\/\/hd-multimedia.com\/trgovina\/\"},{\"@type\":\"ListItem\",\"position\":3,\"name\":\"SMSL DL300 DAC\"}]},{\"@type\":\"WebSite\",\"@id\":\"https:\/\/hd-multimedia.com\/#website\",\"url\":\"https:\/\/hd-multimedia.com\/\",\"name\":\"hd-multimedia\",\"description\":\"\",\"publisher\":{\"@id\":\"https:\/\/hd-multimedia.com\/#organization\"},\"potentialAction\":[{\"@type\":\"SearchAction\",\"target\":{\"@type\":\"EntryPoint\",\"urlTemplate\":\"https:\/\/hd-multimedia.com\/?s={search_term_string}\"},\"query-input\":\"required name=search_term_string\"}],\"inLanguage\":\"sl-SI\"},{\"@type\":\"Organization\",\"@id\":\"https:\/\/hd-multimedia.com\/#organization\",\"name\":\"hd-multimedia\",\"url\":\"https:\/\/hd-multimedia.com\/\",\"logo\":{\"@type\":\"ImageObject\",\"inLanguage\":\"sl-SI\",\"@id\":\"https:\/\/hd-multimedia.com\/#\/schema\/logo\/image\/\",\"url\":\"https:\/\/hd-multimedia.com\/hdm_media\/HD-curves-ok-196-56px-alpha-1.png\",\"contentUrl\":\"https:\/\/hd-multimedia.com\/hdm_media\/HD-curves-ok-196-56px-alpha-1.png\",\"width\":196,\"height\":53,\"caption\":\"hd-multimedia\"},\"image\":{\"@id\":\"https:\/\/hd-multimedia.com\/#\/schema\/logo\/image\/\"}}]}<\/script>\n<!-- \/ Yoast SEO plugin. -->","yoast_head_json":{"title":"SMSL DL300 DAC - hd-multimedia","description":"SMSL DL300 DAC podr\u017eava Qualcomm-ov visokokvalitetni Bluetooth \u010dip, podr\u017eavaju\u0107i LDAC, APTX\/HD, SBC, AAC. S kvalitetnom ku\u010di\u0161tem od aluminija.","robots":{"index":"index","follow":"follow","max-snippet":"max-snippet:-1","max-image-preview":"max-image-preview:large","max-video-preview":"max-video-preview:-1"},"canonical":"https:\/\/hd-multimedia.com\/sl\/trgovina\/smsl-dl300-dac\/","og_locale":"sl_SI","og_type":"article","og_title":"SMSL DL300 DAC - hd-multimedia","og_description":"SMSL DL300 DAC podr\u017eava Qualcomm-ov visokokvalitetni Bluetooth \u010dip, podr\u017eavaju\u0107i LDAC, APTX\/HD, SBC, AAC. S kvalitetnom ku\u010di\u0161tem od aluminija.","og_url":"https:\/\/hd-multimedia.com\/sl\/trgovina\/smsl-dl300-dac\/","og_site_name":"hd-multimedia","article_modified_time":"2024-05-02T06:36:30+00:00","og_image":[{"width":900,"height":900,"url":"https:\/\/hd-multimedia.com\/hdm_media\/smsl-dl300-dac-ak4191-ak4499-headphone-amplifier-xmos-xu316-bluetooth-51-ldac-32bit-768khz-dsd512-mqa-cd.jpg","type":"image\/jpeg"}],"twitter_card":"summary_large_image","twitter_misc":{"Est. reading time":"1 minuta"},"schema":{"@context":"https:\/\/schema.org","@graph":[{"@type":"WebPage","@id":"https:\/\/hd-multimedia.com\/trgovina\/smsl-dl300-dac\/","url":"https:\/\/hd-multimedia.com\/trgovina\/smsl-dl300-dac\/","name":"SMSL DL300 DAC - hd-multimedia","isPartOf":{"@id":"https:\/\/hd-multimedia.com\/#website"},"datePublished":"2024-04-05T08:50:42+00:00","dateModified":"2024-05-02T06:36:30+00:00","description":"SMSL DL300 DAC podr\u017eava Qualcomm-ov visokokvalitetni Bluetooth \u010dip, podr\u017eavaju\u0107i LDAC, APTX\/HD, SBC, AAC. S kvalitetnom ku\u010di\u0161tem od aluminija.","breadcrumb":{"@id":"https:\/\/hd-multimedia.com\/trgovina\/smsl-dl300-dac\/#breadcrumb"},"inLanguage":"sl-SI","potentialAction":[{"@type":"ReadAction","target":["https:\/\/hd-multimedia.com\/trgovina\/smsl-dl300-dac\/"]}]},{"@type":"BreadcrumbList","@id":"https:\/\/hd-multimedia.com\/trgovina\/smsl-dl300-dac\/#breadcrumb","itemListElement":[{"@type":"ListItem","position":1,"name":"Po\u010detna stranica","item":"https:\/\/hd-multimedia.com\/"},{"@type":"ListItem","position":2,"name":"Trgovina","item":"https:\/\/hd-multimedia.com\/trgovina\/"},{"@type":"ListItem","position":3,"name":"SMSL DL300 DAC"}]},{"@type":"WebSite","@id":"https:\/\/hd-multimedia.com\/#website","url":"https:\/\/hd-multimedia.com\/","name":"hd-multimedia","description":"","publisher":{"@id":"https:\/\/hd-multimedia.com\/#organization"},"potentialAction":[{"@type":"SearchAction","target":{"@type":"EntryPoint","urlTemplate":"https:\/\/hd-multimedia.com\/?s={search_term_string}"},"query-input":"required name=search_term_string"}],"inLanguage":"sl-SI"},{"@type":"Organization","@id":"https:\/\/hd-multimedia.com\/#organization","name":"hd-multimedia","url":"https:\/\/hd-multimedia.com\/","logo":{"@type":"ImageObject","inLanguage":"sl-SI","@id":"https:\/\/hd-multimedia.com\/#\/schema\/logo\/image\/","url":"https:\/\/hd-multimedia.com\/hdm_media\/HD-curves-ok-196-56px-alpha-1.png","contentUrl":"https:\/\/hd-multimedia.com\/hdm_media\/HD-curves-ok-196-56px-alpha-1.png","width":196,"height":53,"caption":"hd-multimedia"},"image":{"@id":"https:\/\/hd-multimedia.com\/#\/schema\/logo\/image\/"}}]}},"post_mailing_queue_ids":[],"_links":{"self":[{"href":"https:\/\/hd-multimedia.com\/sl\/wp-json\/wp\/v2\/product\/14802","targetHints":{"allow":["GET"]}}],"collection":[{"href":"https:\/\/hd-multimedia.com\/sl\/wp-json\/wp\/v2\/product"}],"about":[{"href":"https:\/\/hd-multimedia.com\/sl\/wp-json\/wp\/v2\/types\/product"}],"version-history":[{"count":4,"href":"https:\/\/hd-multimedia.com\/sl\/wp-json\/wp\/v2\/product\/14802\/revisions"}],"predecessor-version":[{"id":14836,"href":"https:\/\/hd-multimedia.com\/sl\/wp-json\/wp\/v2\/product\/14802\/revisions\/14836"}],"wp:featuredmedia":[{"embeddable":true,"href":"https:\/\/hd-multimedia.com\/sl\/wp-json\/wp\/v2\/media\/14803"}],"wp:attachment":[{"href":"https:\/\/hd-multimedia.com\/sl\/wp-json\/wp\/v2\/media?parent=14802"}],"curies":[{"name":"wp","href":"https:\/\/api.w.org\/{rel}","templated":true}]}}