{"id":14791,"date":"2024-04-05T08:55:50","date_gmt":"2024-04-05T08:55:50","guid":{"rendered":"https:\/\/hd-multimedia.com\/?post_type=product&#038;p=14791"},"modified":"2024-10-03T12:39:40","modified_gmt":"2024-10-03T12:39:40","slug":"smsl-vmv-d2r-reference-dac","status":"publish","type":"product","link":"https:\/\/hd-multimedia.com\/sl\/trgovina\/smsl-vmv-d2r-reference-dac\/","title":{"rendered":"SMSL VMV D2R Reference DAC"},"content":{"rendered":"<ul>\n<li>Mere (\u0160 x V x G): 280 x 235,5 x 43 mm<\/li>\n<li>Zdru\u017eljivost USB: Windows 7, Windows 8, Windows 8.1, Windows 10, OSX<\/li>\n<li>Bluetooth: Da<\/li>\n<li>WiFi: Ne<\/li>\n<li>D\/A pretvornik: BD34301EKV<\/li>\n<li>Model: VMV D2R<\/li>\n<li>Material: kovina<\/li>\n<li>Frekvence vzor\u010denja DSD: 2,8224 MHz (DSD64), 5,6448 MHz (DSD128), 11,2896 MHz (DSD256), 22,5792 MHz (DSD512)<\/li>\n<li>Dol\u017eina besede PCM: 16-bit, 24-bit, 32-bit<\/li>\n<li>Frekvence vzor\u010denja PCM: 44,1 kHz, 48 kHz, 88,2 kHz, 96 kHz, 176,4 kHz, 192 kHz, 352,8 kHz, 384 kHz, 705,6 kHz, 768 kHz<\/li>\n<li>Izhodi: RCA, XLR<\/li>\n<\/ul>\n<p><a href=\"https:\/\/www.smsl-audio.com\/portal\/product\/detail\/id\/745.html\" target=\"_blank\" rel=\"noopener\">Ostale informacije najdete na tej povezavi.<\/a><\/p>","protected":false},"excerpt":{"rendered":"<p>Referen\u010dni DAC SMSL VMV D2R uporablja Rohmov vodilni DAC \u010dip BD34301EKV. Za USB uporablja XMOS XU-316, zaradi \u010desar je 32-bitna re\u0161itev USB s podporo za PCM do 768 kHz in DSD do DSD512. Novo vezje za obdelavo ure CK-03 dosega izjemno nizko tresenje ure, zaradi \u010desar je tresenje ure za opti\u010dno-koaksialno povezljivost tako odli\u010dno kot za USB. Tiho napajalnik po meri zagotavlja stabilno in tiho napajanje za analogno vezje. Visokokakovostni pozla\u010deni vhodni in izhodni terminali, na novo oblikovani visokokakovostni gumbi ter uporaba kaljenih steklenih plo\u0161\u010d prispevajo k estetski in funkcionalni kakovosti naprave. Opremljen je z daljinskim upravljalnikom in polno funkcionalnostjo daljinskega upravljanja. Ima tudi certifikat Japan Audio Society (JAS) kot kakovostno napravo visoke lo\u010dljivosti.<\/p>\n<p><a href=\"https:\/\/www.smsl-audio.com\/portal\/product\/detail\/id\/745.html\" target=\"_blank\" rel=\"noopener\">Ostale informacije najdete na tej povezavi.<\/a><\/p>","protected":false},"featured_media":14792,"template":"","meta":{"site-sidebar-layout":"default","site-content-layout":"","ast-site-content-layout":"default","site-content-style":"default","site-sidebar-style":"default","ast-global-header-display":"","ast-banner-title-visibility":"","ast-main-header-display":"","ast-hfb-above-header-display":"","ast-hfb-below-header-display":"","ast-hfb-mobile-header-display":"","site-post-title":"","ast-breadcrumbs-content":"","ast-featured-img":"","footer-sml-layout":"","theme-transparent-header-meta":"default","adv-header-id-meta":"","stick-header-meta":"default","header-above-stick-meta":"","header-main-stick-meta":"","header-below-stick-meta":"","astra-migrate-meta-layouts":"set","ast-page-background-enabled":"default","ast-page-background-meta":{"desktop":{"background-color":"","background-image":"","background-repeat":"repeat","background-position":"center center","background-size":"auto","background-attachment":"scroll","background-type":"","background-media":"","overlay-type":"","overlay-color":"","overlay-opacity":"","overlay-gradient":""},"tablet":{"background-color":"","background-image":"","background-repeat":"repeat","background-position":"center center","background-size":"auto","background-attachment":"scroll","background-type":"","background-media":"","overlay-type":"","overlay-color":"","overlay-opacity":"","overlay-gradient":""},"mobile":{"background-color":"","background-image":"","background-repeat":"repeat","background-position":"center center","background-size":"auto","background-attachment":"scroll","background-type":"","background-media":"","overlay-type":"","overlay-color":"","overlay-opacity":"","overlay-gradient":""}},"ast-content-background-meta":{"desktop":{"background-color":"var(--ast-global-color-5)","background-image":"","background-repeat":"repeat","background-position":"center center","background-size":"auto","background-attachment":"scroll","background-type":"","background-media":"","overlay-type":"","overlay-color":"","overlay-opacity":"","overlay-gradient":""},"tablet":{"background-color":"var(--ast-global-color-5)","background-image":"","background-repeat":"repeat","background-position":"center center","background-size":"auto","background-attachment":"scroll","background-type":"","background-media":"","overlay-type":"","overlay-color":"","overlay-opacity":"","overlay-gradient":""},"mobile":{"background-color":"var(--ast-global-color-5)","background-image":"","background-repeat":"repeat","background-position":"center center","background-size":"auto","background-attachment":"scroll","background-type":"","background-media":"","overlay-type":"","overlay-color":"","overlay-opacity":"","overlay-gradient":""}}},"class_list":["post-14791","product","type-product","status-publish","has-post-thumbnail","hentry","product_cat-smsl","product_cat-dac","desktop-align-center","tablet-align-center","mobile-align-center","ast-product-gallery-layout-horizontal","ast-magnify-disabled","ast-product-tabs-layout-horizontal"],"yoast_head":"<!-- This site is optimized with the Yoast SEO plugin v21.4 - https:\/\/yoast.com\/wordpress\/plugins\/seo\/ -->\n<title>SMSL VMV D2R Reference DAC - hd-multimedia<\/title>\n<meta name=\"description\" content=\"SMSL VMV D2R Reference DAC koristi Rohmov flagship DAC \u010dip BD34301EKV. Za USB koristi XMOS XU-316, pravi 32-bitno USB rje\u0161enje.\" \/>\n<meta name=\"robots\" content=\"index, follow, max-snippet:-1, max-image-preview:large, max-video-preview:-1\" \/>\n<link rel=\"canonical\" href=\"https:\/\/hd-multimedia.com\/sl\/trgovina\/smsl-vmv-d2r-reference-dac\/\" \/>\n<meta property=\"og:locale\" content=\"sl_SI\" \/>\n<meta property=\"og:type\" content=\"article\" \/>\n<meta property=\"og:title\" content=\"SMSL VMV D2R Reference DAC - hd-multimedia\" \/>\n<meta property=\"og:description\" content=\"SMSL VMV D2R Reference DAC koristi Rohmov flagship DAC \u010dip BD34301EKV. Za USB koristi XMOS XU-316, pravi 32-bitno USB rje\u0161enje.\" \/>\n<meta property=\"og:url\" content=\"https:\/\/hd-multimedia.com\/sl\/trgovina\/smsl-vmv-d2r-reference-dac\/\" \/>\n<meta property=\"og:site_name\" content=\"hd-multimedia\" \/>\n<meta property=\"article:modified_time\" content=\"2024-10-03T12:39:40+00:00\" \/>\n<meta property=\"og:image\" content=\"https:\/\/hd-multimedia.com\/hdm_media\/smsl-vmv-d2r-dac-rohm-bd34301-xmos-xu316-bluetooth-51-aptx-hd-ldac-32bit-768khz-dsd512-mqa.jpg\" \/>\n\t<meta property=\"og:image:width\" content=\"900\" \/>\n\t<meta property=\"og:image:height\" content=\"900\" \/>\n\t<meta property=\"og:image:type\" content=\"image\/jpeg\" \/>\n<meta name=\"twitter:card\" content=\"summary_large_image\" \/>\n<meta name=\"twitter:label1\" content=\"Est. reading time\" \/>\n\t<meta name=\"twitter:data1\" content=\"1 minuta\" \/>\n<script type=\"application\/ld+json\" class=\"yoast-schema-graph\">{\"@context\":\"https:\/\/schema.org\",\"@graph\":[{\"@type\":\"WebPage\",\"@id\":\"https:\/\/hd-multimedia.com\/trgovina\/smsl-vmv-d2r-reference-dac\/\",\"url\":\"https:\/\/hd-multimedia.com\/trgovina\/smsl-vmv-d2r-reference-dac\/\",\"name\":\"SMSL VMV D2R Reference DAC - hd-multimedia\",\"isPartOf\":{\"@id\":\"https:\/\/hd-multimedia.com\/#website\"},\"datePublished\":\"2024-04-05T08:55:50+00:00\",\"dateModified\":\"2024-10-03T12:39:40+00:00\",\"description\":\"SMSL VMV D2R Reference DAC koristi Rohmov flagship DAC \u010dip BD34301EKV. Za USB koristi XMOS XU-316, pravi 32-bitno USB rje\u0161enje.\",\"breadcrumb\":{\"@id\":\"https:\/\/hd-multimedia.com\/trgovina\/smsl-vmv-d2r-reference-dac\/#breadcrumb\"},\"inLanguage\":\"sl-SI\",\"potentialAction\":[{\"@type\":\"ReadAction\",\"target\":[\"https:\/\/hd-multimedia.com\/trgovina\/smsl-vmv-d2r-reference-dac\/\"]}]},{\"@type\":\"BreadcrumbList\",\"@id\":\"https:\/\/hd-multimedia.com\/trgovina\/smsl-vmv-d2r-reference-dac\/#breadcrumb\",\"itemListElement\":[{\"@type\":\"ListItem\",\"position\":1,\"name\":\"Po\u010detna stranica\",\"item\":\"https:\/\/hd-multimedia.com\/\"},{\"@type\":\"ListItem\",\"position\":2,\"name\":\"Trgovina\",\"item\":\"https:\/\/hd-multimedia.com\/trgovina\/\"},{\"@type\":\"ListItem\",\"position\":3,\"name\":\"SMSL VMV D2R Reference DAC\"}]},{\"@type\":\"WebSite\",\"@id\":\"https:\/\/hd-multimedia.com\/#website\",\"url\":\"https:\/\/hd-multimedia.com\/\",\"name\":\"hd-multimedia\",\"description\":\"\",\"publisher\":{\"@id\":\"https:\/\/hd-multimedia.com\/#organization\"},\"potentialAction\":[{\"@type\":\"SearchAction\",\"target\":{\"@type\":\"EntryPoint\",\"urlTemplate\":\"https:\/\/hd-multimedia.com\/?s={search_term_string}\"},\"query-input\":\"required name=search_term_string\"}],\"inLanguage\":\"sl-SI\"},{\"@type\":\"Organization\",\"@id\":\"https:\/\/hd-multimedia.com\/#organization\",\"name\":\"hd-multimedia\",\"url\":\"https:\/\/hd-multimedia.com\/\",\"logo\":{\"@type\":\"ImageObject\",\"inLanguage\":\"sl-SI\",\"@id\":\"https:\/\/hd-multimedia.com\/#\/schema\/logo\/image\/\",\"url\":\"https:\/\/hd-multimedia.com\/hdm_media\/HD-curves-ok-196-56px-alpha-1.png\",\"contentUrl\":\"https:\/\/hd-multimedia.com\/hdm_media\/HD-curves-ok-196-56px-alpha-1.png\",\"width\":196,\"height\":53,\"caption\":\"hd-multimedia\"},\"image\":{\"@id\":\"https:\/\/hd-multimedia.com\/#\/schema\/logo\/image\/\"}}]}<\/script>\n<!-- \/ Yoast SEO plugin. -->","yoast_head_json":{"title":"SMSL VMV D2R Reference DAC - hd-multimedia","description":"SMSL VMV D2R Reference DAC koristi Rohmov flagship DAC \u010dip BD34301EKV. Za USB koristi XMOS XU-316, pravi 32-bitno USB rje\u0161enje.","robots":{"index":"index","follow":"follow","max-snippet":"max-snippet:-1","max-image-preview":"max-image-preview:large","max-video-preview":"max-video-preview:-1"},"canonical":"https:\/\/hd-multimedia.com\/sl\/trgovina\/smsl-vmv-d2r-reference-dac\/","og_locale":"sl_SI","og_type":"article","og_title":"SMSL VMV D2R Reference DAC - hd-multimedia","og_description":"SMSL VMV D2R Reference DAC koristi Rohmov flagship DAC \u010dip BD34301EKV. Za USB koristi XMOS XU-316, pravi 32-bitno USB rje\u0161enje.","og_url":"https:\/\/hd-multimedia.com\/sl\/trgovina\/smsl-vmv-d2r-reference-dac\/","og_site_name":"hd-multimedia","article_modified_time":"2024-10-03T12:39:40+00:00","og_image":[{"width":900,"height":900,"url":"https:\/\/hd-multimedia.com\/hdm_media\/smsl-vmv-d2r-dac-rohm-bd34301-xmos-xu316-bluetooth-51-aptx-hd-ldac-32bit-768khz-dsd512-mqa.jpg","type":"image\/jpeg"}],"twitter_card":"summary_large_image","twitter_misc":{"Est. reading time":"1 minuta"},"schema":{"@context":"https:\/\/schema.org","@graph":[{"@type":"WebPage","@id":"https:\/\/hd-multimedia.com\/trgovina\/smsl-vmv-d2r-reference-dac\/","url":"https:\/\/hd-multimedia.com\/trgovina\/smsl-vmv-d2r-reference-dac\/","name":"SMSL VMV D2R Reference DAC - hd-multimedia","isPartOf":{"@id":"https:\/\/hd-multimedia.com\/#website"},"datePublished":"2024-04-05T08:55:50+00:00","dateModified":"2024-10-03T12:39:40+00:00","description":"SMSL VMV D2R Reference DAC koristi Rohmov flagship DAC \u010dip BD34301EKV. Za USB koristi XMOS XU-316, pravi 32-bitno USB rje\u0161enje.","breadcrumb":{"@id":"https:\/\/hd-multimedia.com\/trgovina\/smsl-vmv-d2r-reference-dac\/#breadcrumb"},"inLanguage":"sl-SI","potentialAction":[{"@type":"ReadAction","target":["https:\/\/hd-multimedia.com\/trgovina\/smsl-vmv-d2r-reference-dac\/"]}]},{"@type":"BreadcrumbList","@id":"https:\/\/hd-multimedia.com\/trgovina\/smsl-vmv-d2r-reference-dac\/#breadcrumb","itemListElement":[{"@type":"ListItem","position":1,"name":"Po\u010detna stranica","item":"https:\/\/hd-multimedia.com\/"},{"@type":"ListItem","position":2,"name":"Trgovina","item":"https:\/\/hd-multimedia.com\/trgovina\/"},{"@type":"ListItem","position":3,"name":"SMSL VMV D2R Reference DAC"}]},{"@type":"WebSite","@id":"https:\/\/hd-multimedia.com\/#website","url":"https:\/\/hd-multimedia.com\/","name":"hd-multimedia","description":"","publisher":{"@id":"https:\/\/hd-multimedia.com\/#organization"},"potentialAction":[{"@type":"SearchAction","target":{"@type":"EntryPoint","urlTemplate":"https:\/\/hd-multimedia.com\/?s={search_term_string}"},"query-input":"required name=search_term_string"}],"inLanguage":"sl-SI"},{"@type":"Organization","@id":"https:\/\/hd-multimedia.com\/#organization","name":"hd-multimedia","url":"https:\/\/hd-multimedia.com\/","logo":{"@type":"ImageObject","inLanguage":"sl-SI","@id":"https:\/\/hd-multimedia.com\/#\/schema\/logo\/image\/","url":"https:\/\/hd-multimedia.com\/hdm_media\/HD-curves-ok-196-56px-alpha-1.png","contentUrl":"https:\/\/hd-multimedia.com\/hdm_media\/HD-curves-ok-196-56px-alpha-1.png","width":196,"height":53,"caption":"hd-multimedia"},"image":{"@id":"https:\/\/hd-multimedia.com\/#\/schema\/logo\/image\/"}}]}},"post_mailing_queue_ids":[],"_links":{"self":[{"href":"https:\/\/hd-multimedia.com\/sl\/wp-json\/wp\/v2\/product\/14791","targetHints":{"allow":["GET"]}}],"collection":[{"href":"https:\/\/hd-multimedia.com\/sl\/wp-json\/wp\/v2\/product"}],"about":[{"href":"https:\/\/hd-multimedia.com\/sl\/wp-json\/wp\/v2\/types\/product"}],"version-history":[{"count":2,"href":"https:\/\/hd-multimedia.com\/sl\/wp-json\/wp\/v2\/product\/14791\/revisions"}],"predecessor-version":[{"id":14799,"href":"https:\/\/hd-multimedia.com\/sl\/wp-json\/wp\/v2\/product\/14791\/revisions\/14799"}],"wp:featuredmedia":[{"embeddable":true,"href":"https:\/\/hd-multimedia.com\/sl\/wp-json\/wp\/v2\/media\/14792"}],"wp:attachment":[{"href":"https:\/\/hd-multimedia.com\/sl\/wp-json\/wp\/v2\/media?parent=14791"}],"curies":[{"name":"wp","href":"https:\/\/api.w.org\/{rel}","templated":true}]}}