{"id":14769,"date":"2024-03-26T10:09:15","date_gmt":"2024-03-26T10:09:15","guid":{"rendered":"https:\/\/hd-multimedia.com\/?post_type=product&#038;p=14769"},"modified":"2024-04-05T09:02:29","modified_gmt":"2024-04-05T09:02:29","slug":"smsl-d300-dac-rohm-chip","status":"publish","type":"product","link":"https:\/\/hd-multimedia.com\/sl\/trgovina\/smsl-d300-dac-rohm-chip\/","title":{"rendered":"SMSL D300  DAC \u2013 ROHM chip"},"content":{"rendered":"<p>\u010cip Qualcomm Bluetooth ponuja podporo za razli\u010dne kodeke, vklju\u010dno s SBC, AAC, aptX, aptX HD in LDAC. Z visokokakovostnimi pozla\u010denimi vhodnimi in izhodnimi priklju\u010dki, na novo oblikovanimi gumbi in barvnim zaslonom visoke lo\u010dljivosti s funkcijo izklopa zaslona ta sistem zdru\u017euje funkcionalnost z eleganco. Skupaj z mo\u017enostmi daljinskega upravljanja in certifikatom Hi-Res Japonskega avdio zdru\u017eenja (JAS) zagotavlja vrhunsko zvo\u010dno izku\u0161njo, ki ustreza najvi\u0161jim standardom kakovosti in zmogljivosti.<\/p>\n<p><a href=\"https:\/\/www.smsl-audio.com\/portal\/product\/detail\/id\/771.html\" target=\"_blank\" rel=\"noopener\">Ostale informacije najdete na tej povezavi.<\/a><\/p>","protected":false},"excerpt":{"rendered":"<p>DAC SMSL D300 ima v industriji vodilni \u010dip DAC BD34301EKV, ki je temeljito optimiziran za doseganje izjemnih vrednosti THD+N do -116 dB. S podporo USB preko XMOS XU-208 ta re\u0161itev zagotavlja pravo 32-bitno zmogljivost, ki omogo\u010da PCM do 768 kHz in DSD do DSD512. Vklju\u010ditev novega vezja za obdelavo ure CK-03 zagotavlja izjemno nizko tresenje ure, tudi pri povezavah z opti\u010dnimi vlakni. Ta sistem, obogaten z vgrajenimi ohi\u0161ji in tiho obdelavo energije, daje prednost energetski u\u010dinkovitosti in zmanj\u0161anju porabe, hkrati pa ohranja \u010distost zvoka. Posebej zasnovani stabilizirani diskretni komponentni napajalniki in ve\u010d stabiliziranih tihih napajalnikov dodatno prispevajo k \u010disti energiji za analogna vezja.<\/p>\n<p><a href=\"https:\/\/www.smsl-audio.com\/portal\/product\/detail\/id\/771.html\" target=\"_blank\" rel=\"noopener\">Ostale informacije najdete na tej povezavi.<\/a><\/p>","protected":false},"featured_media":14774,"template":"","meta":{"site-sidebar-layout":"default","site-content-layout":"","ast-site-content-layout":"default","site-content-style":"default","site-sidebar-style":"default","ast-global-header-display":"","ast-banner-title-visibility":"","ast-main-header-display":"","ast-hfb-above-header-display":"","ast-hfb-below-header-display":"","ast-hfb-mobile-header-display":"","site-post-title":"","ast-breadcrumbs-content":"","ast-featured-img":"","footer-sml-layout":"","theme-transparent-header-meta":"default","adv-header-id-meta":"","stick-header-meta":"default","header-above-stick-meta":"","header-main-stick-meta":"","header-below-stick-meta":"","astra-migrate-meta-layouts":"set","ast-page-background-enabled":"default","ast-page-background-meta":{"desktop":{"background-color":"","background-image":"","background-repeat":"repeat","background-position":"center center","background-size":"auto","background-attachment":"scroll","background-type":"","background-media":"","overlay-type":"","overlay-color":"","overlay-opacity":"","overlay-gradient":""},"tablet":{"background-color":"","background-image":"","background-repeat":"repeat","background-position":"center center","background-size":"auto","background-attachment":"scroll","background-type":"","background-media":"","overlay-type":"","overlay-color":"","overlay-opacity":"","overlay-gradient":""},"mobile":{"background-color":"","background-image":"","background-repeat":"repeat","background-position":"center center","background-size":"auto","background-attachment":"scroll","background-type":"","background-media":"","overlay-type":"","overlay-color":"","overlay-opacity":"","overlay-gradient":""}},"ast-content-background-meta":{"desktop":{"background-color":"var(--ast-global-color-5)","background-image":"","background-repeat":"repeat","background-position":"center center","background-size":"auto","background-attachment":"scroll","background-type":"","background-media":"","overlay-type":"","overlay-color":"","overlay-opacity":"","overlay-gradient":""},"tablet":{"background-color":"var(--ast-global-color-5)","background-image":"","background-repeat":"repeat","background-position":"center center","background-size":"auto","background-attachment":"scroll","background-type":"","background-media":"","overlay-type":"","overlay-color":"","overlay-opacity":"","overlay-gradient":""},"mobile":{"background-color":"var(--ast-global-color-5)","background-image":"","background-repeat":"repeat","background-position":"center center","background-size":"auto","background-attachment":"scroll","background-type":"","background-media":"","overlay-type":"","overlay-color":"","overlay-opacity":"","overlay-gradient":""}}},"class_list":["post-14769","product","type-product","status-publish","has-post-thumbnail","hentry","product_cat-smsl","product_cat-dac","desktop-align-center","tablet-align-center","mobile-align-center","ast-product-gallery-layout-horizontal","ast-magnify-disabled","ast-product-tabs-layout-horizontal"],"yoast_head":"<!-- This site is optimized with the Yoast SEO plugin v21.4 - https:\/\/yoast.com\/wordpress\/plugins\/seo\/ -->\n<title>SMSL D300 DAC - ROHM chip - hd-multimedia<\/title>\n<meta name=\"description\" content=\"SMSL D300 DAC sadr\u017ei vode\u0107im DAC \u010dip BD34301EKV, temeljito optimiziranim za postizanje iznimne THD+N vrijednosti od \u010dak -116dB.\" \/>\n<meta name=\"robots\" content=\"index, follow, max-snippet:-1, max-image-preview:large, max-video-preview:-1\" \/>\n<link rel=\"canonical\" href=\"https:\/\/hd-multimedia.com\/sl\/trgovina\/smsl-d300-dac-rohm-chip\/\" \/>\n<meta property=\"og:locale\" content=\"sl_SI\" \/>\n<meta property=\"og:type\" content=\"article\" \/>\n<meta property=\"og:title\" content=\"SMSL D300 DAC - ROHM chip - hd-multimedia\" \/>\n<meta property=\"og:description\" content=\"SMSL D300 DAC sadr\u017ei vode\u0107im DAC \u010dip BD34301EKV, temeljito optimiziranim za postizanje iznimne THD+N vrijednosti od \u010dak -116dB.\" \/>\n<meta property=\"og:url\" content=\"https:\/\/hd-multimedia.com\/sl\/trgovina\/smsl-d300-dac-rohm-chip\/\" \/>\n<meta property=\"og:site_name\" content=\"hd-multimedia\" \/>\n<meta property=\"article:modified_time\" content=\"2024-04-05T09:02:29+00:00\" \/>\n<meta property=\"og:image\" content=\"https:\/\/hd-multimedia.com\/hdm_media\/smsl-d300-rohm-dac-bd34301ekv-xmos-xu208-bluetooth-50-32bit-768khz-dsd512-5.jpg\" \/>\n\t<meta property=\"og:image:width\" content=\"900\" \/>\n\t<meta property=\"og:image:height\" content=\"900\" \/>\n\t<meta property=\"og:image:type\" content=\"image\/jpeg\" \/>\n<meta name=\"twitter:card\" content=\"summary_large_image\" \/>\n<meta name=\"twitter:label1\" content=\"Est. reading time\" \/>\n\t<meta name=\"twitter:data1\" content=\"1 minuta\" \/>\n<script type=\"application\/ld+json\" class=\"yoast-schema-graph\">{\"@context\":\"https:\/\/schema.org\",\"@graph\":[{\"@type\":\"WebPage\",\"@id\":\"https:\/\/hd-multimedia.com\/trgovina\/smsl-d300-dac-rohm-chip\/\",\"url\":\"https:\/\/hd-multimedia.com\/trgovina\/smsl-d300-dac-rohm-chip\/\",\"name\":\"SMSL D300 DAC - ROHM chip - hd-multimedia\",\"isPartOf\":{\"@id\":\"https:\/\/hd-multimedia.com\/#website\"},\"datePublished\":\"2024-03-26T10:09:15+00:00\",\"dateModified\":\"2024-04-05T09:02:29+00:00\",\"description\":\"SMSL D300 DAC sadr\u017ei vode\u0107im DAC \u010dip BD34301EKV, temeljito optimiziranim za postizanje iznimne THD+N vrijednosti od \u010dak -116dB.\",\"breadcrumb\":{\"@id\":\"https:\/\/hd-multimedia.com\/trgovina\/smsl-d300-dac-rohm-chip\/#breadcrumb\"},\"inLanguage\":\"sl-SI\",\"potentialAction\":[{\"@type\":\"ReadAction\",\"target\":[\"https:\/\/hd-multimedia.com\/trgovina\/smsl-d300-dac-rohm-chip\/\"]}]},{\"@type\":\"BreadcrumbList\",\"@id\":\"https:\/\/hd-multimedia.com\/trgovina\/smsl-d300-dac-rohm-chip\/#breadcrumb\",\"itemListElement\":[{\"@type\":\"ListItem\",\"position\":1,\"name\":\"Po\u010detna stranica\",\"item\":\"https:\/\/hd-multimedia.com\/\"},{\"@type\":\"ListItem\",\"position\":2,\"name\":\"Trgovina\",\"item\":\"https:\/\/hd-multimedia.com\/trgovina\/\"},{\"@type\":\"ListItem\",\"position\":3,\"name\":\"SMSL D300 DAC &#8211; ROHM chip\"}]},{\"@type\":\"WebSite\",\"@id\":\"https:\/\/hd-multimedia.com\/#website\",\"url\":\"https:\/\/hd-multimedia.com\/\",\"name\":\"hd-multimedia\",\"description\":\"\",\"publisher\":{\"@id\":\"https:\/\/hd-multimedia.com\/#organization\"},\"potentialAction\":[{\"@type\":\"SearchAction\",\"target\":{\"@type\":\"EntryPoint\",\"urlTemplate\":\"https:\/\/hd-multimedia.com\/?s={search_term_string}\"},\"query-input\":\"required name=search_term_string\"}],\"inLanguage\":\"sl-SI\"},{\"@type\":\"Organization\",\"@id\":\"https:\/\/hd-multimedia.com\/#organization\",\"name\":\"hd-multimedia\",\"url\":\"https:\/\/hd-multimedia.com\/\",\"logo\":{\"@type\":\"ImageObject\",\"inLanguage\":\"sl-SI\",\"@id\":\"https:\/\/hd-multimedia.com\/#\/schema\/logo\/image\/\",\"url\":\"https:\/\/hd-multimedia.com\/hdm_media\/HD-curves-ok-196-56px-alpha-1.png\",\"contentUrl\":\"https:\/\/hd-multimedia.com\/hdm_media\/HD-curves-ok-196-56px-alpha-1.png\",\"width\":196,\"height\":53,\"caption\":\"hd-multimedia\"},\"image\":{\"@id\":\"https:\/\/hd-multimedia.com\/#\/schema\/logo\/image\/\"}}]}<\/script>\n<!-- \/ Yoast SEO plugin. -->","yoast_head_json":{"title":"SMSL D300 DAC - ROHM chip - hd-multimedia","description":"SMSL D300 DAC sadr\u017ei vode\u0107im DAC \u010dip BD34301EKV, temeljito optimiziranim za postizanje iznimne THD+N vrijednosti od \u010dak -116dB.","robots":{"index":"index","follow":"follow","max-snippet":"max-snippet:-1","max-image-preview":"max-image-preview:large","max-video-preview":"max-video-preview:-1"},"canonical":"https:\/\/hd-multimedia.com\/sl\/trgovina\/smsl-d300-dac-rohm-chip\/","og_locale":"sl_SI","og_type":"article","og_title":"SMSL D300 DAC - ROHM chip - hd-multimedia","og_description":"SMSL D300 DAC sadr\u017ei vode\u0107im DAC \u010dip BD34301EKV, temeljito optimiziranim za postizanje iznimne THD+N vrijednosti od \u010dak -116dB.","og_url":"https:\/\/hd-multimedia.com\/sl\/trgovina\/smsl-d300-dac-rohm-chip\/","og_site_name":"hd-multimedia","article_modified_time":"2024-04-05T09:02:29+00:00","og_image":[{"width":900,"height":900,"url":"https:\/\/hd-multimedia.com\/hdm_media\/smsl-d300-rohm-dac-bd34301ekv-xmos-xu208-bluetooth-50-32bit-768khz-dsd512-5.jpg","type":"image\/jpeg"}],"twitter_card":"summary_large_image","twitter_misc":{"Est. reading time":"1 minuta"},"schema":{"@context":"https:\/\/schema.org","@graph":[{"@type":"WebPage","@id":"https:\/\/hd-multimedia.com\/trgovina\/smsl-d300-dac-rohm-chip\/","url":"https:\/\/hd-multimedia.com\/trgovina\/smsl-d300-dac-rohm-chip\/","name":"SMSL D300 DAC - ROHM chip - hd-multimedia","isPartOf":{"@id":"https:\/\/hd-multimedia.com\/#website"},"datePublished":"2024-03-26T10:09:15+00:00","dateModified":"2024-04-05T09:02:29+00:00","description":"SMSL D300 DAC sadr\u017ei vode\u0107im DAC \u010dip BD34301EKV, temeljito optimiziranim za postizanje iznimne THD+N vrijednosti od \u010dak -116dB.","breadcrumb":{"@id":"https:\/\/hd-multimedia.com\/trgovina\/smsl-d300-dac-rohm-chip\/#breadcrumb"},"inLanguage":"sl-SI","potentialAction":[{"@type":"ReadAction","target":["https:\/\/hd-multimedia.com\/trgovina\/smsl-d300-dac-rohm-chip\/"]}]},{"@type":"BreadcrumbList","@id":"https:\/\/hd-multimedia.com\/trgovina\/smsl-d300-dac-rohm-chip\/#breadcrumb","itemListElement":[{"@type":"ListItem","position":1,"name":"Po\u010detna stranica","item":"https:\/\/hd-multimedia.com\/"},{"@type":"ListItem","position":2,"name":"Trgovina","item":"https:\/\/hd-multimedia.com\/trgovina\/"},{"@type":"ListItem","position":3,"name":"SMSL D300 DAC &#8211; ROHM chip"}]},{"@type":"WebSite","@id":"https:\/\/hd-multimedia.com\/#website","url":"https:\/\/hd-multimedia.com\/","name":"hd-multimedia","description":"","publisher":{"@id":"https:\/\/hd-multimedia.com\/#organization"},"potentialAction":[{"@type":"SearchAction","target":{"@type":"EntryPoint","urlTemplate":"https:\/\/hd-multimedia.com\/?s={search_term_string}"},"query-input":"required name=search_term_string"}],"inLanguage":"sl-SI"},{"@type":"Organization","@id":"https:\/\/hd-multimedia.com\/#organization","name":"hd-multimedia","url":"https:\/\/hd-multimedia.com\/","logo":{"@type":"ImageObject","inLanguage":"sl-SI","@id":"https:\/\/hd-multimedia.com\/#\/schema\/logo\/image\/","url":"https:\/\/hd-multimedia.com\/hdm_media\/HD-curves-ok-196-56px-alpha-1.png","contentUrl":"https:\/\/hd-multimedia.com\/hdm_media\/HD-curves-ok-196-56px-alpha-1.png","width":196,"height":53,"caption":"hd-multimedia"},"image":{"@id":"https:\/\/hd-multimedia.com\/#\/schema\/logo\/image\/"}}]}},"post_mailing_queue_ids":[],"_links":{"self":[{"href":"https:\/\/hd-multimedia.com\/sl\/wp-json\/wp\/v2\/product\/14769","targetHints":{"allow":["GET"]}}],"collection":[{"href":"https:\/\/hd-multimedia.com\/sl\/wp-json\/wp\/v2\/product"}],"about":[{"href":"https:\/\/hd-multimedia.com\/sl\/wp-json\/wp\/v2\/types\/product"}],"version-history":[{"count":5,"href":"https:\/\/hd-multimedia.com\/sl\/wp-json\/wp\/v2\/product\/14769\/revisions"}],"predecessor-version":[{"id":14781,"href":"https:\/\/hd-multimedia.com\/sl\/wp-json\/wp\/v2\/product\/14769\/revisions\/14781"}],"wp:featuredmedia":[{"embeddable":true,"href":"https:\/\/hd-multimedia.com\/sl\/wp-json\/wp\/v2\/media\/14774"}],"wp:attachment":[{"href":"https:\/\/hd-multimedia.com\/sl\/wp-json\/wp\/v2\/media?parent=14769"}],"curies":[{"name":"wp","href":"https:\/\/api.w.org\/{rel}","templated":true}]}}