{"id":14762,"date":"2024-04-05T08:46:50","date_gmt":"2024-04-05T08:46:50","guid":{"rendered":"https:\/\/hd-multimedia.com\/?post_type=product&#038;p=14762"},"modified":"2026-03-27T11:25:50","modified_gmt":"2026-03-27T11:25:50","slug":"smsl-pl200-cd-player-dac","status":"publish","type":"product","link":"https:\/\/hd-multimedia.com\/sl\/trgovina\/smsl-pl200-cd-player-dac\/","title":{"rendered":"SMSL PL200 CD-Player \/ DAC"},"content":{"rendered":"<p>CD-predvajalnik \/ DAC SMSL PL200 ima zaslon IPS in vmesnik iz kaljenega stekla ter uporablja visokokakovostne komponente za izbolj\u0161anje zvo\u010dne izku\u0161nje. Z vgrajeno obdelavo nizke ravni energije in tihimi regulatorji zagotavlja stabilno, zanesljivo in tiho napajanje. Podpira Qualcomm Bluetooth \u010dip s podporo za LDAC, APTX\/HD, SBC, AAC. S certifikatom visoke lo\u010dljivosti Japan Audio Association (JAS) je to vrhunska naprava z daljinskim upravljalnikom in popolno funkcijo daljinskega upravljanja za maksimalno udobje.<\/p>\n<p><a href=\"https:\/\/www.smsl-audio.com\/portal\/product\/detail\/id\/852.html\" target=\"_blank\" rel=\"noopener\">Ostale informacije najdete na tej povezavi.<\/a><\/p>","protected":false},"excerpt":{"rendered":"<p>CD-predvajalnik \/ DAC SMSL PL200 podpira format MQA-CD. Uporablja vrhunski \u010dip DAC AK4499EX z izmerjenim popa\u010denjem samo 0,00006%. Podpira vhod USB z mo\u017enostjo predvajanja do 32bit\/768kHz in DSD512 ter polno dekodiranje MQA. Ima visokokakovosten oja\u010devalnik za slu\u0161alke s patentiranim vezjem PLFC in uravnote\u017eenimi izhodi XLR. Ponuja tudi opti\u010dne in koaksialne izhode ter lahko predvaja vsebino prek USB-ja, CD-ja in Bluetootha. CD-predvajalnik \/ DAC SMSL PL200 je opremljen z visoko zmogljivim digitalnim vmesnikom, ki pretvori vhodne signale v SPDIF izhod za periferne naprave.<\/p>\n<p><a href=\"https:\/\/www.smsl-audio.com\/portal\/product\/detail\/id\/852.html\" target=\"_blank\" rel=\"noopener\">Ostale informacije najdete na tej povezavi.<\/a><\/p>\n<p>&nbsp;<\/p>","protected":false},"featured_media":14837,"template":"","meta":{"site-sidebar-layout":"default","site-content-layout":"","ast-site-content-layout":"default","site-content-style":"default","site-sidebar-style":"default","ast-global-header-display":"","ast-banner-title-visibility":"","ast-main-header-display":"","ast-hfb-above-header-display":"","ast-hfb-below-header-display":"","ast-hfb-mobile-header-display":"","site-post-title":"","ast-breadcrumbs-content":"","ast-featured-img":"","footer-sml-layout":"","theme-transparent-header-meta":"default","adv-header-id-meta":"","stick-header-meta":"default","header-above-stick-meta":"","header-main-stick-meta":"","header-below-stick-meta":"","astra-migrate-meta-layouts":"set","ast-page-background-enabled":"default","ast-page-background-meta":{"desktop":{"background-color":"","background-image":"","background-repeat":"repeat","background-position":"center center","background-size":"auto","background-attachment":"scroll","background-type":"","background-media":"","overlay-type":"","overlay-color":"","overlay-opacity":"","overlay-gradient":""},"tablet":{"background-color":"","background-image":"","background-repeat":"repeat","background-position":"center center","background-size":"auto","background-attachment":"scroll","background-type":"","background-media":"","overlay-type":"","overlay-color":"","overlay-opacity":"","overlay-gradient":""},"mobile":{"background-color":"","background-image":"","background-repeat":"repeat","background-position":"center center","background-size":"auto","background-attachment":"scroll","background-type":"","background-media":"","overlay-type":"","overlay-color":"","overlay-opacity":"","overlay-gradient":""}},"ast-content-background-meta":{"desktop":{"background-color":"var(--ast-global-color-5)","background-image":"","background-repeat":"repeat","background-position":"center center","background-size":"auto","background-attachment":"scroll","background-type":"","background-media":"","overlay-type":"","overlay-color":"","overlay-opacity":"","overlay-gradient":""},"tablet":{"background-color":"var(--ast-global-color-5)","background-image":"","background-repeat":"repeat","background-position":"center center","background-size":"auto","background-attachment":"scroll","background-type":"","background-media":"","overlay-type":"","overlay-color":"","overlay-opacity":"","overlay-gradient":""},"mobile":{"background-color":"var(--ast-global-color-5)","background-image":"","background-repeat":"repeat","background-position":"center center","background-size":"auto","background-attachment":"scroll","background-type":"","background-media":"","overlay-type":"","overlay-color":"","overlay-opacity":"","overlay-gradient":""}}},"class_list":["post-14762","product","type-product","status-publish","has-post-thumbnail","hentry","product_cat-smsl","product_cat-cd-playeri","product_cat-dac","desktop-align-center","tablet-align-center","mobile-align-center","ast-product-gallery-layout-horizontal","ast-magnify-disabled","ast-product-tabs-layout-horizontal"],"yoast_head":"<!-- This site is optimized with the Yoast SEO plugin v21.4 - https:\/\/yoast.com\/wordpress\/plugins\/seo\/ -->\n<title>SMSL PL200 CD-Player \/ DAC - hd-multimedia<\/title>\n<meta name=\"description\" content=\"SMSL PL200 CD-Player \/ DAC pru\u017ea podr\u0161ku za MQA-CD format. Koristi vrhunski DAC \u010dip AK4499EX s izmjerena distorzija od samo 0.00006%.\" \/>\n<meta name=\"robots\" content=\"index, follow, max-snippet:-1, max-image-preview:large, max-video-preview:-1\" \/>\n<link rel=\"canonical\" href=\"https:\/\/hd-multimedia.com\/sl\/trgovina\/smsl-pl200-cd-player-dac\/\" \/>\n<meta property=\"og:locale\" content=\"sl_SI\" \/>\n<meta property=\"og:type\" content=\"article\" \/>\n<meta property=\"og:title\" content=\"SMSL PL200 CD-Player \/ DAC - hd-multimedia\" \/>\n<meta property=\"og:description\" content=\"SMSL PL200 CD-Player \/ DAC pru\u017ea podr\u0161ku za MQA-CD format. Koristi vrhunski DAC \u010dip AK4499EX s izmjerena distorzija od samo 0.00006%.\" \/>\n<meta property=\"og:url\" content=\"https:\/\/hd-multimedia.com\/sl\/trgovina\/smsl-pl200-cd-player-dac\/\" \/>\n<meta property=\"og:site_name\" content=\"hd-multimedia\" \/>\n<meta property=\"article:modified_time\" content=\"2026-03-27T11:25:50+00:00\" \/>\n<meta property=\"og:image\" content=\"https:\/\/hd-multimedia.com\/hdm_media\/SMSL-PL200-CD-Player.jpg\" \/>\n\t<meta property=\"og:image:width\" content=\"900\" \/>\n\t<meta property=\"og:image:height\" content=\"900\" \/>\n\t<meta property=\"og:image:type\" content=\"image\/jpeg\" \/>\n<meta name=\"twitter:card\" content=\"summary_large_image\" \/>\n<meta name=\"twitter:label1\" content=\"Est. reading time\" \/>\n\t<meta name=\"twitter:data1\" content=\"1 minuta\" \/>\n<script type=\"application\/ld+json\" class=\"yoast-schema-graph\">{\"@context\":\"https:\/\/schema.org\",\"@graph\":[{\"@type\":\"WebPage\",\"@id\":\"https:\/\/hd-multimedia.com\/trgovina\/smsl-pl200-cd-player-dac\/\",\"url\":\"https:\/\/hd-multimedia.com\/trgovina\/smsl-pl200-cd-player-dac\/\",\"name\":\"SMSL PL200 CD-Player \/ DAC - hd-multimedia\",\"isPartOf\":{\"@id\":\"https:\/\/hd-multimedia.com\/#website\"},\"datePublished\":\"2024-04-05T08:46:50+00:00\",\"dateModified\":\"2026-03-27T11:25:50+00:00\",\"description\":\"SMSL PL200 CD-Player \/ DAC pru\u017ea podr\u0161ku za MQA-CD format. Koristi vrhunski DAC \u010dip AK4499EX s izmjerena distorzija od samo 0.00006%.\",\"breadcrumb\":{\"@id\":\"https:\/\/hd-multimedia.com\/trgovina\/smsl-pl200-cd-player-dac\/#breadcrumb\"},\"inLanguage\":\"sl-SI\",\"potentialAction\":[{\"@type\":\"ReadAction\",\"target\":[\"https:\/\/hd-multimedia.com\/trgovina\/smsl-pl200-cd-player-dac\/\"]}]},{\"@type\":\"BreadcrumbList\",\"@id\":\"https:\/\/hd-multimedia.com\/trgovina\/smsl-pl200-cd-player-dac\/#breadcrumb\",\"itemListElement\":[{\"@type\":\"ListItem\",\"position\":1,\"name\":\"Po\u010detna stranica\",\"item\":\"https:\/\/hd-multimedia.com\/\"},{\"@type\":\"ListItem\",\"position\":2,\"name\":\"Trgovina\",\"item\":\"https:\/\/hd-multimedia.com\/trgovina\/\"},{\"@type\":\"ListItem\",\"position\":3,\"name\":\"SMSL PL200 CD-Player \/ DAC\"}]},{\"@type\":\"WebSite\",\"@id\":\"https:\/\/hd-multimedia.com\/#website\",\"url\":\"https:\/\/hd-multimedia.com\/\",\"name\":\"hd-multimedia\",\"description\":\"\",\"publisher\":{\"@id\":\"https:\/\/hd-multimedia.com\/#organization\"},\"potentialAction\":[{\"@type\":\"SearchAction\",\"target\":{\"@type\":\"EntryPoint\",\"urlTemplate\":\"https:\/\/hd-multimedia.com\/?s={search_term_string}\"},\"query-input\":\"required name=search_term_string\"}],\"inLanguage\":\"sl-SI\"},{\"@type\":\"Organization\",\"@id\":\"https:\/\/hd-multimedia.com\/#organization\",\"name\":\"hd-multimedia\",\"url\":\"https:\/\/hd-multimedia.com\/\",\"logo\":{\"@type\":\"ImageObject\",\"inLanguage\":\"sl-SI\",\"@id\":\"https:\/\/hd-multimedia.com\/#\/schema\/logo\/image\/\",\"url\":\"https:\/\/hd-multimedia.com\/hdm_media\/HD-curves-ok-196-56px-alpha-1.png\",\"contentUrl\":\"https:\/\/hd-multimedia.com\/hdm_media\/HD-curves-ok-196-56px-alpha-1.png\",\"width\":196,\"height\":53,\"caption\":\"hd-multimedia\"},\"image\":{\"@id\":\"https:\/\/hd-multimedia.com\/#\/schema\/logo\/image\/\"}}]}<\/script>\n<!-- \/ Yoast SEO plugin. -->","yoast_head_json":{"title":"SMSL PL200 CD-Player \/ DAC - hd-multimedia","description":"SMSL PL200 CD-Player \/ DAC pru\u017ea podr\u0161ku za MQA-CD format. Koristi vrhunski DAC \u010dip AK4499EX s izmjerena distorzija od samo 0.00006%.","robots":{"index":"index","follow":"follow","max-snippet":"max-snippet:-1","max-image-preview":"max-image-preview:large","max-video-preview":"max-video-preview:-1"},"canonical":"https:\/\/hd-multimedia.com\/sl\/trgovina\/smsl-pl200-cd-player-dac\/","og_locale":"sl_SI","og_type":"article","og_title":"SMSL PL200 CD-Player \/ DAC - hd-multimedia","og_description":"SMSL PL200 CD-Player \/ DAC pru\u017ea podr\u0161ku za MQA-CD format. Koristi vrhunski DAC \u010dip AK4499EX s izmjerena distorzija od samo 0.00006%.","og_url":"https:\/\/hd-multimedia.com\/sl\/trgovina\/smsl-pl200-cd-player-dac\/","og_site_name":"hd-multimedia","article_modified_time":"2026-03-27T11:25:50+00:00","og_image":[{"width":900,"height":900,"url":"https:\/\/hd-multimedia.com\/hdm_media\/SMSL-PL200-CD-Player.jpg","type":"image\/jpeg"}],"twitter_card":"summary_large_image","twitter_misc":{"Est. reading time":"1 minuta"},"schema":{"@context":"https:\/\/schema.org","@graph":[{"@type":"WebPage","@id":"https:\/\/hd-multimedia.com\/trgovina\/smsl-pl200-cd-player-dac\/","url":"https:\/\/hd-multimedia.com\/trgovina\/smsl-pl200-cd-player-dac\/","name":"SMSL PL200 CD-Player \/ DAC - hd-multimedia","isPartOf":{"@id":"https:\/\/hd-multimedia.com\/#website"},"datePublished":"2024-04-05T08:46:50+00:00","dateModified":"2026-03-27T11:25:50+00:00","description":"SMSL PL200 CD-Player \/ DAC pru\u017ea podr\u0161ku za MQA-CD format. Koristi vrhunski DAC \u010dip AK4499EX s izmjerena distorzija od samo 0.00006%.","breadcrumb":{"@id":"https:\/\/hd-multimedia.com\/trgovina\/smsl-pl200-cd-player-dac\/#breadcrumb"},"inLanguage":"sl-SI","potentialAction":[{"@type":"ReadAction","target":["https:\/\/hd-multimedia.com\/trgovina\/smsl-pl200-cd-player-dac\/"]}]},{"@type":"BreadcrumbList","@id":"https:\/\/hd-multimedia.com\/trgovina\/smsl-pl200-cd-player-dac\/#breadcrumb","itemListElement":[{"@type":"ListItem","position":1,"name":"Po\u010detna stranica","item":"https:\/\/hd-multimedia.com\/"},{"@type":"ListItem","position":2,"name":"Trgovina","item":"https:\/\/hd-multimedia.com\/trgovina\/"},{"@type":"ListItem","position":3,"name":"SMSL PL200 CD-Player \/ DAC"}]},{"@type":"WebSite","@id":"https:\/\/hd-multimedia.com\/#website","url":"https:\/\/hd-multimedia.com\/","name":"hd-multimedia","description":"","publisher":{"@id":"https:\/\/hd-multimedia.com\/#organization"},"potentialAction":[{"@type":"SearchAction","target":{"@type":"EntryPoint","urlTemplate":"https:\/\/hd-multimedia.com\/?s={search_term_string}"},"query-input":"required name=search_term_string"}],"inLanguage":"sl-SI"},{"@type":"Organization","@id":"https:\/\/hd-multimedia.com\/#organization","name":"hd-multimedia","url":"https:\/\/hd-multimedia.com\/","logo":{"@type":"ImageObject","inLanguage":"sl-SI","@id":"https:\/\/hd-multimedia.com\/#\/schema\/logo\/image\/","url":"https:\/\/hd-multimedia.com\/hdm_media\/HD-curves-ok-196-56px-alpha-1.png","contentUrl":"https:\/\/hd-multimedia.com\/hdm_media\/HD-curves-ok-196-56px-alpha-1.png","width":196,"height":53,"caption":"hd-multimedia"},"image":{"@id":"https:\/\/hd-multimedia.com\/#\/schema\/logo\/image\/"}}]}},"post_mailing_queue_ids":[],"_links":{"self":[{"href":"https:\/\/hd-multimedia.com\/sl\/wp-json\/wp\/v2\/product\/14762","targetHints":{"allow":["GET"]}}],"collection":[{"href":"https:\/\/hd-multimedia.com\/sl\/wp-json\/wp\/v2\/product"}],"about":[{"href":"https:\/\/hd-multimedia.com\/sl\/wp-json\/wp\/v2\/types\/product"}],"version-history":[{"count":4,"href":"https:\/\/hd-multimedia.com\/sl\/wp-json\/wp\/v2\/product\/14762\/revisions"}],"predecessor-version":[{"id":16751,"href":"https:\/\/hd-multimedia.com\/sl\/wp-json\/wp\/v2\/product\/14762\/revisions\/16751"}],"wp:featuredmedia":[{"embeddable":true,"href":"https:\/\/hd-multimedia.com\/sl\/wp-json\/wp\/v2\/media\/14837"}],"wp:attachment":[{"href":"https:\/\/hd-multimedia.com\/sl\/wp-json\/wp\/v2\/media?parent=14762"}],"curies":[{"name":"wp","href":"https:\/\/api.w.org\/{rel}","templated":true}]}}