{"id":14509,"date":"2024-02-19T10:04:53","date_gmt":"2024-02-19T10:04:53","guid":{"rendered":"https:\/\/hd-multimedia.com\/?post_type=product&#038;p=14509"},"modified":"2024-11-09T22:34:38","modified_gmt":"2024-11-09T22:34:38","slug":"cayin-mt35-bt2","status":"publish","type":"product","link":"https:\/\/hd-multimedia.com\/sl\/trgovina\/cayin-mt35-bt2\/","title":{"rendered":"Cayin MT35 BT2"},"content":{"rendered":"<p>Za razliko od tranzistorskih oja\u010devalnikov, kjer so izhodni tranzistorji spajkani, je ve\u010dina ventilov name\u0161\u010denih v le\u017eajih ventilov, kar omogo\u010da enostavno zamenjavo, bodisi za zamenjavo v primeru okvare ali za preizku\u0161anje razli\u010dnih tipov ventilov. Ta praksa zamenjave ventilov z razli\u010dnimi modeli ali razli\u010dicami istega ventila je znana kot &quot;zamenjava valov&quot; in vam omogo\u010da, da zvok oja\u010devalnika prilagodite svojim \u017eeljam.<\/p>","protected":false},"excerpt":{"rendered":"<p>Cayin MT35 BT2 predstavlja vstop v Cayinovo obse\u017eno ponudbo ventilskih oja\u010devalnikov, vendar ima dve odli\u010dni novi funkciji: mo\u017enost pretakanja glasbe prek Bluetooth 5.0 in mo\u017enost poslu\u0161anja prek slu\u0161alk. Tako kot ostala ponudba prihaja z ro\u010dno izdelanimi srebrnimi \u017ei\u010dnimi povezavami od to\u010dke do to\u010dke in izhodnimi transformatorji s \u0161iroko pasovno \u0161irino, ki zagotavljajo potreben tok va\u0161im zvo\u010dnikom. Cayin MT35 BT2 ima odli\u010den regulator glasnosti Alps (brez daljinskega upravljalnika), prakti\u010dno nastavitev polarizacije na sami napravi in spo\u0161tljivo te\u017eo 13,5 kilogramov (zahvaljujo\u010d kvalitetnim transformatorjem). Sestavljen je iz enega 12AX7 in dveh 12AU7 ventilov v predoja\u010devalni in krmilni stopnji ter \u0161tirih EL34 ventilov, ki zagotavljajo mo\u010d v izhodni stopnji. To omogo\u010da zdravih 35 vatov v ultra-linearnem na\u010dinu in zelo priro\u010dno, Cayin MT35 BT2 ima zdaj tudi mo\u017enost preklopa na triodni na\u010din za zelo \u010distih 18 vatov, kot nala\u0161\u010d za tiho poslu\u0161anje pozno pono\u010di.<\/p>\n<p>Ta izdelek je na ogled v na\u0161em razstavnem prostoru v Zagrebu! \u010ce bi ga radi poslu\u0161ali in gledali, se najavite na:<\/p>\n<p><a href=\"https:\/\/hd-multimedia.com\/sl\/kontakt\/\" target=\"_blank\" rel=\"noopener\">Dogovorite se za sestanek preko spleta!<\/a><\/p>","protected":false},"featured_media":14510,"template":"","meta":{"site-sidebar-layout":"default","site-content-layout":"","ast-site-content-layout":"default","site-content-style":"default","site-sidebar-style":"default","ast-global-header-display":"","ast-banner-title-visibility":"","ast-main-header-display":"","ast-hfb-above-header-display":"","ast-hfb-below-header-display":"","ast-hfb-mobile-header-display":"","site-post-title":"","ast-breadcrumbs-content":"","ast-featured-img":"","footer-sml-layout":"","theme-transparent-header-meta":"default","adv-header-id-meta":"","stick-header-meta":"default","header-above-stick-meta":"","header-main-stick-meta":"","header-below-stick-meta":"","astra-migrate-meta-layouts":"set","ast-page-background-enabled":"default","ast-page-background-meta":{"desktop":{"background-color":"","background-image":"","background-repeat":"repeat","background-position":"center center","background-size":"auto","background-attachment":"scroll","background-type":"","background-media":"","overlay-type":"","overlay-color":"","overlay-opacity":"","overlay-gradient":""},"tablet":{"background-color":"","background-image":"","background-repeat":"repeat","background-position":"center center","background-size":"auto","background-attachment":"scroll","background-type":"","background-media":"","overlay-type":"","overlay-color":"","overlay-opacity":"","overlay-gradient":""},"mobile":{"background-color":"","background-image":"","background-repeat":"repeat","background-position":"center center","background-size":"auto","background-attachment":"scroll","background-type":"","background-media":"","overlay-type":"","overlay-color":"","overlay-opacity":"","overlay-gradient":""}},"ast-content-background-meta":{"desktop":{"background-color":"var(--ast-global-color-5)","background-image":"","background-repeat":"repeat","background-position":"center center","background-size":"auto","background-attachment":"scroll","background-type":"","background-media":"","overlay-type":"","overlay-color":"","overlay-opacity":"","overlay-gradient":""},"tablet":{"background-color":"var(--ast-global-color-5)","background-image":"","background-repeat":"repeat","background-position":"center center","background-size":"auto","background-attachment":"scroll","background-type":"","background-media":"","overlay-type":"","overlay-color":"","overlay-opacity":"","overlay-gradient":""},"mobile":{"background-color":"var(--ast-global-color-5)","background-image":"","background-repeat":"repeat","background-position":"center center","background-size":"auto","background-attachment":"scroll","background-type":"","background-media":"","overlay-type":"","overlay-color":"","overlay-opacity":"","overlay-gradient":""}}},"class_list":["post-14509","product","type-product","status-publish","has-post-thumbnail","hentry","product_cat-cayin","product_cat-pojacala-za-slusalice","product_cat-integrirana-pojacala","desktop-align-center","tablet-align-center","mobile-align-center","ast-product-gallery-layout-horizontal","ast-magnify-disabled","ast-product-tabs-layout-horizontal"],"yoast_head":"<!-- This site is optimized with the Yoast SEO plugin v21.4 - https:\/\/yoast.com\/wordpress\/plugins\/seo\/ -->\n<title>Cayin MT35 BT2 - hd-multimedia<\/title>\n<meta name=\"description\" content=\"Cayin MT35 BT2 predstavlja ulazak u sveobuhvatnu ponudu Cayinovih ventilskih poja\u010dala, ali ima dvije izvrsne nove zna\u010dajke.\" \/>\n<meta name=\"robots\" content=\"index, follow, max-snippet:-1, max-image-preview:large, max-video-preview:-1\" \/>\n<link rel=\"canonical\" href=\"https:\/\/hd-multimedia.com\/sl\/trgovina\/cayin-mt35-bt2\/\" \/>\n<meta property=\"og:locale\" content=\"sl_SI\" \/>\n<meta property=\"og:type\" content=\"article\" \/>\n<meta property=\"og:title\" content=\"Cayin MT35 BT2 - hd-multimedia\" \/>\n<meta property=\"og:description\" content=\"Cayin MT35 BT2 predstavlja ulazak u sveobuhvatnu ponudu Cayinovih ventilskih poja\u010dala, ali ima dvije izvrsne nove zna\u010dajke.\" \/>\n<meta property=\"og:url\" content=\"https:\/\/hd-multimedia.com\/sl\/trgovina\/cayin-mt35-bt2\/\" \/>\n<meta property=\"og:site_name\" content=\"hd-multimedia\" \/>\n<meta property=\"article:modified_time\" content=\"2024-11-09T22:34:38+00:00\" \/>\n<meta property=\"og:image\" content=\"https:\/\/hd-multimedia.com\/hdm_media\/cayin-mt-35mk2-amplifier-3s-e1708336206909.jpg\" \/>\n\t<meta property=\"og:image:width\" content=\"1300\" \/>\n\t<meta property=\"og:image:height\" content=\"1300\" \/>\n\t<meta property=\"og:image:type\" content=\"image\/jpeg\" \/>\n<meta name=\"twitter:card\" content=\"summary_large_image\" \/>\n<meta name=\"twitter:label1\" content=\"Est. reading time\" \/>\n\t<meta name=\"twitter:data1\" content=\"1 minuta\" \/>\n<script type=\"application\/ld+json\" class=\"yoast-schema-graph\">{\"@context\":\"https:\/\/schema.org\",\"@graph\":[{\"@type\":\"WebPage\",\"@id\":\"https:\/\/hd-multimedia.com\/trgovina\/cayin-mt35-bt2\/\",\"url\":\"https:\/\/hd-multimedia.com\/trgovina\/cayin-mt35-bt2\/\",\"name\":\"Cayin MT35 BT2 - hd-multimedia\",\"isPartOf\":{\"@id\":\"https:\/\/hd-multimedia.com\/#website\"},\"datePublished\":\"2024-02-19T10:04:53+00:00\",\"dateModified\":\"2024-11-09T22:34:38+00:00\",\"description\":\"Cayin MT35 BT2 predstavlja ulazak u sveobuhvatnu ponudu Cayinovih ventilskih poja\u010dala, ali ima dvije izvrsne nove zna\u010dajke.\",\"breadcrumb\":{\"@id\":\"https:\/\/hd-multimedia.com\/trgovina\/cayin-mt35-bt2\/#breadcrumb\"},\"inLanguage\":\"sl-SI\",\"potentialAction\":[{\"@type\":\"ReadAction\",\"target\":[\"https:\/\/hd-multimedia.com\/trgovina\/cayin-mt35-bt2\/\"]}]},{\"@type\":\"BreadcrumbList\",\"@id\":\"https:\/\/hd-multimedia.com\/trgovina\/cayin-mt35-bt2\/#breadcrumb\",\"itemListElement\":[{\"@type\":\"ListItem\",\"position\":1,\"name\":\"Po\u010detna stranica\",\"item\":\"https:\/\/hd-multimedia.com\/\"},{\"@type\":\"ListItem\",\"position\":2,\"name\":\"Trgovina\",\"item\":\"https:\/\/hd-multimedia.com\/trgovina\/\"},{\"@type\":\"ListItem\",\"position\":3,\"name\":\"Cayin MT35 BT2\"}]},{\"@type\":\"WebSite\",\"@id\":\"https:\/\/hd-multimedia.com\/#website\",\"url\":\"https:\/\/hd-multimedia.com\/\",\"name\":\"hd-multimedia\",\"description\":\"\",\"publisher\":{\"@id\":\"https:\/\/hd-multimedia.com\/#organization\"},\"potentialAction\":[{\"@type\":\"SearchAction\",\"target\":{\"@type\":\"EntryPoint\",\"urlTemplate\":\"https:\/\/hd-multimedia.com\/?s={search_term_string}\"},\"query-input\":\"required name=search_term_string\"}],\"inLanguage\":\"sl-SI\"},{\"@type\":\"Organization\",\"@id\":\"https:\/\/hd-multimedia.com\/#organization\",\"name\":\"hd-multimedia\",\"url\":\"https:\/\/hd-multimedia.com\/\",\"logo\":{\"@type\":\"ImageObject\",\"inLanguage\":\"sl-SI\",\"@id\":\"https:\/\/hd-multimedia.com\/#\/schema\/logo\/image\/\",\"url\":\"https:\/\/hd-multimedia.com\/hdm_media\/HD-curves-ok-196-56px-alpha-1.png\",\"contentUrl\":\"https:\/\/hd-multimedia.com\/hdm_media\/HD-curves-ok-196-56px-alpha-1.png\",\"width\":196,\"height\":53,\"caption\":\"hd-multimedia\"},\"image\":{\"@id\":\"https:\/\/hd-multimedia.com\/#\/schema\/logo\/image\/\"}}]}<\/script>\n<!-- \/ Yoast SEO plugin. -->","yoast_head_json":{"title":"Cayin MT35 BT2 - hd-multimedia","description":"Cayin MT35 BT2 predstavlja ulazak u sveobuhvatnu ponudu Cayinovih ventilskih poja\u010dala, ali ima dvije izvrsne nove zna\u010dajke.","robots":{"index":"index","follow":"follow","max-snippet":"max-snippet:-1","max-image-preview":"max-image-preview:large","max-video-preview":"max-video-preview:-1"},"canonical":"https:\/\/hd-multimedia.com\/sl\/trgovina\/cayin-mt35-bt2\/","og_locale":"sl_SI","og_type":"article","og_title":"Cayin MT35 BT2 - hd-multimedia","og_description":"Cayin MT35 BT2 predstavlja ulazak u sveobuhvatnu ponudu Cayinovih ventilskih poja\u010dala, ali ima dvije izvrsne nove zna\u010dajke.","og_url":"https:\/\/hd-multimedia.com\/sl\/trgovina\/cayin-mt35-bt2\/","og_site_name":"hd-multimedia","article_modified_time":"2024-11-09T22:34:38+00:00","og_image":[{"width":1300,"height":1300,"url":"https:\/\/hd-multimedia.com\/hdm_media\/cayin-mt-35mk2-amplifier-3s-e1708336206909.jpg","type":"image\/jpeg"}],"twitter_card":"summary_large_image","twitter_misc":{"Est. reading time":"1 minuta"},"schema":{"@context":"https:\/\/schema.org","@graph":[{"@type":"WebPage","@id":"https:\/\/hd-multimedia.com\/trgovina\/cayin-mt35-bt2\/","url":"https:\/\/hd-multimedia.com\/trgovina\/cayin-mt35-bt2\/","name":"Cayin MT35 BT2 - hd-multimedia","isPartOf":{"@id":"https:\/\/hd-multimedia.com\/#website"},"datePublished":"2024-02-19T10:04:53+00:00","dateModified":"2024-11-09T22:34:38+00:00","description":"Cayin MT35 BT2 predstavlja ulazak u sveobuhvatnu ponudu Cayinovih ventilskih poja\u010dala, ali ima dvije izvrsne nove zna\u010dajke.","breadcrumb":{"@id":"https:\/\/hd-multimedia.com\/trgovina\/cayin-mt35-bt2\/#breadcrumb"},"inLanguage":"sl-SI","potentialAction":[{"@type":"ReadAction","target":["https:\/\/hd-multimedia.com\/trgovina\/cayin-mt35-bt2\/"]}]},{"@type":"BreadcrumbList","@id":"https:\/\/hd-multimedia.com\/trgovina\/cayin-mt35-bt2\/#breadcrumb","itemListElement":[{"@type":"ListItem","position":1,"name":"Po\u010detna stranica","item":"https:\/\/hd-multimedia.com\/"},{"@type":"ListItem","position":2,"name":"Trgovina","item":"https:\/\/hd-multimedia.com\/trgovina\/"},{"@type":"ListItem","position":3,"name":"Cayin MT35 BT2"}]},{"@type":"WebSite","@id":"https:\/\/hd-multimedia.com\/#website","url":"https:\/\/hd-multimedia.com\/","name":"hd-multimedia","description":"","publisher":{"@id":"https:\/\/hd-multimedia.com\/#organization"},"potentialAction":[{"@type":"SearchAction","target":{"@type":"EntryPoint","urlTemplate":"https:\/\/hd-multimedia.com\/?s={search_term_string}"},"query-input":"required name=search_term_string"}],"inLanguage":"sl-SI"},{"@type":"Organization","@id":"https:\/\/hd-multimedia.com\/#organization","name":"hd-multimedia","url":"https:\/\/hd-multimedia.com\/","logo":{"@type":"ImageObject","inLanguage":"sl-SI","@id":"https:\/\/hd-multimedia.com\/#\/schema\/logo\/image\/","url":"https:\/\/hd-multimedia.com\/hdm_media\/HD-curves-ok-196-56px-alpha-1.png","contentUrl":"https:\/\/hd-multimedia.com\/hdm_media\/HD-curves-ok-196-56px-alpha-1.png","width":196,"height":53,"caption":"hd-multimedia"},"image":{"@id":"https:\/\/hd-multimedia.com\/#\/schema\/logo\/image\/"}}]}},"post_mailing_queue_ids":[],"_links":{"self":[{"href":"https:\/\/hd-multimedia.com\/sl\/wp-json\/wp\/v2\/product\/14509","targetHints":{"allow":["GET"]}}],"collection":[{"href":"https:\/\/hd-multimedia.com\/sl\/wp-json\/wp\/v2\/product"}],"about":[{"href":"https:\/\/hd-multimedia.com\/sl\/wp-json\/wp\/v2\/types\/product"}],"version-history":[{"count":4,"href":"https:\/\/hd-multimedia.com\/sl\/wp-json\/wp\/v2\/product\/14509\/revisions"}],"predecessor-version":[{"id":16335,"href":"https:\/\/hd-multimedia.com\/sl\/wp-json\/wp\/v2\/product\/14509\/revisions\/16335"}],"wp:featuredmedia":[{"embeddable":true,"href":"https:\/\/hd-multimedia.com\/sl\/wp-json\/wp\/v2\/media\/14510"}],"wp:attachment":[{"href":"https:\/\/hd-multimedia.com\/sl\/wp-json\/wp\/v2\/media?parent=14509"}],"curies":[{"name":"wp","href":"https:\/\/api.w.org\/{rel}","templated":true}]}}