{"id":14448,"date":"2024-02-16T10:22:57","date_gmt":"2024-02-16T10:22:57","guid":{"rendered":"https:\/\/hd-multimedia.com\/?post_type=product&#038;p=14448"},"modified":"2025-04-17T06:48:35","modified_gmt":"2025-04-17T06:48:35","slug":"cayin-ha-3a","status":"publish","type":"product","link":"https:\/\/hd-multimedia.com\/sl\/trgovina\/cayin-ha-3a\/","title":{"rendered":"Cayin HA-3A"},"content":{"rendered":"<p>Oja\u010devalnik HA-3A ima izhod 6V6, ki poganja patentirane transformatorske tuljave, ki podpirajo enostranske in uravnote\u017eene izhode za slu\u0161alke. Ti transformatorji omogo\u010dajo uravnote\u017een pogon slu\u0161alk iz enosmernega vezja, kar zagotavlja vsestranskost in visoko zvestobo reprodukcije zvoka. Ohi\u0161je gre skozi skrbno izdelanih 14 korakov za vzdr\u017eljivost in prefinjen zaklju\u010dek. Z dvojnimi vhodi (XLR in RCA) je oja\u010devalnik zdru\u017eljiv z razli\u010dnimi viri, pri \u010demer se uravnote\u017eeni vhodi pretvorijo v enosmerne signale za optimalno delovanje.<\/p>\n<p>Cayin vedno poudarja kakovost in natan\u010dnost v vseh vidikih oblikovanja, vklju\u010dno z mo\u010dnostnimi transformatorji. Oja\u010devalnik HA-3A uporablja transformatorje z visoko induktivnostjo in visokim izkoristkom, kar zagotavlja optimalno delovanje. Okrepljena zasnova za\u0161\u010dite zmanj\u0161uje motnje in hrup, medtem ko gladki potenciometer ALPS 50KA*2 z dvojno enoto nudi vzdr\u017eljiv in natan\u010den nadzor glasnosti. Posebna za\u0161\u010dita in zasnova proti udarcem u\u010dinkovito odpravljata mikrofonijo za bolj\u0161o izku\u0161njo poslu\u0161anja. Z XL aluminijastimi podlogami za noge, ki bla\u017eijo udarce, ostane oja\u010devalnik stabilen na kateri koli povr\u0161ini.<\/p>","protected":false},"excerpt":{"rendered":"<p>Oja\u010devalnik HA-3A uporablja usmerjevalno cev RCA 25AX4GT, ki je znana kot ena najbolj\u0161ih razli\u010dic, ki so na voljo na trgu elektronk. Ta usmerni\u0161ka cev ima klju\u010dno vlogo pri pretvarjanju vhodnih virov energije v enosmerni tok, kar u\u010dinkovito zmanj\u0161uje motnje in zagotavlja \u010disto napajanje oja\u010devalnika. Z enostopenjsko zasnovo enosmernega vezja HA-3A uporablja pogonske cevi 12AU7\/ECC82 za oja\u010danje nivoja napetosti zvo\u010dnega signala, kar zagotavlja, da se izhodne cevi 6V6 uporabljajo v zelo linearnih pogojih. Ta konfiguracija ohranja inherenten ton vakuumskih elektronk brez kakr\u0161ne koli preklice, kar ima za posledico bogato in poglobljeno izku\u0161njo poslu\u0161anja. Poleg tega z uporabo ujemajo\u010dih se parov namesto ujemajo\u010dih setov kvadratov cevi enostranska zasnova ponuja ve\u010djo prilagodljivost pri zamenjavi cevi, kar uporabnikom omogo\u010da enostavno prilagajanje zvoka.<\/p>\n<p>Izdelka trenutno nimamo na zalogi, vendar ga je mo\u017eno naro\u010diti, za naro\u010dilo nas kontaktirajte preko kontaktnega obrazca.<\/p>\n<p><a href=\"https:\/\/hd-multimedia.com\/sl\/kontakt\/\" target=\"_blank\" rel=\"noopener\">Uredite naro\u010dilo na povezavi!<\/a><\/p>","protected":false},"featured_media":14449,"template":"","meta":{"site-sidebar-layout":"default","site-content-layout":"","ast-site-content-layout":"default","site-content-style":"default","site-sidebar-style":"default","ast-global-header-display":"","ast-banner-title-visibility":"","ast-main-header-display":"","ast-hfb-above-header-display":"","ast-hfb-below-header-display":"","ast-hfb-mobile-header-display":"","site-post-title":"","ast-breadcrumbs-content":"","ast-featured-img":"","footer-sml-layout":"","theme-transparent-header-meta":"default","adv-header-id-meta":"","stick-header-meta":"default","header-above-stick-meta":"","header-main-stick-meta":"","header-below-stick-meta":"","astra-migrate-meta-layouts":"set","ast-page-background-enabled":"default","ast-page-background-meta":{"desktop":{"background-color":"","background-image":"","background-repeat":"repeat","background-position":"center center","background-size":"auto","background-attachment":"scroll","background-type":"","background-media":"","overlay-type":"","overlay-color":"","overlay-opacity":"","overlay-gradient":""},"tablet":{"background-color":"","background-image":"","background-repeat":"repeat","background-position":"center center","background-size":"auto","background-attachment":"scroll","background-type":"","background-media":"","overlay-type":"","overlay-color":"","overlay-opacity":"","overlay-gradient":""},"mobile":{"background-color":"","background-image":"","background-repeat":"repeat","background-position":"center center","background-size":"auto","background-attachment":"scroll","background-type":"","background-media":"","overlay-type":"","overlay-color":"","overlay-opacity":"","overlay-gradient":""}},"ast-content-background-meta":{"desktop":{"background-color":"var(--ast-global-color-5)","background-image":"","background-repeat":"repeat","background-position":"center center","background-size":"auto","background-attachment":"scroll","background-type":"","background-media":"","overlay-type":"","overlay-color":"","overlay-opacity":"","overlay-gradient":""},"tablet":{"background-color":"var(--ast-global-color-5)","background-image":"","background-repeat":"repeat","background-position":"center center","background-size":"auto","background-attachment":"scroll","background-type":"","background-media":"","overlay-type":"","overlay-color":"","overlay-opacity":"","overlay-gradient":""},"mobile":{"background-color":"var(--ast-global-color-5)","background-image":"","background-repeat":"repeat","background-position":"center center","background-size":"auto","background-attachment":"scroll","background-type":"","background-media":"","overlay-type":"","overlay-color":"","overlay-opacity":"","overlay-gradient":""}}},"class_list":["post-14448","product","type-product","status-publish","has-post-thumbnail","hentry","product_cat-cayin","product_cat-pojacala-za-slusalice","desktop-align-center","tablet-align-center","mobile-align-center","ast-product-gallery-layout-horizontal","ast-magnify-disabled","ast-product-tabs-layout-horizontal"],"yoast_head":"<!-- This site is optimized with the Yoast SEO plugin v21.4 - https:\/\/yoast.com\/wordpress\/plugins\/seo\/ -->\n<title>Cayin HA-3A - hd-multimedia<\/title>\n<meta name=\"description\" content=\"Poja\u010dalo HA-3A koristi RCA 25AX4GT usmjeriva\u010dku cijev, poznatu kao jednu od najboljih verzija dostupnih na tr\u017ei\u0161tu cijevi.\" \/>\n<meta name=\"robots\" content=\"index, follow, max-snippet:-1, max-image-preview:large, max-video-preview:-1\" \/>\n<link rel=\"canonical\" href=\"https:\/\/hd-multimedia.com\/sl\/trgovina\/cayin-ha-3a\/\" \/>\n<meta property=\"og:locale\" content=\"sl_SI\" \/>\n<meta property=\"og:type\" content=\"article\" \/>\n<meta property=\"og:title\" content=\"Cayin HA-3A - hd-multimedia\" \/>\n<meta property=\"og:description\" content=\"Poja\u010dalo HA-3A koristi RCA 25AX4GT usmjeriva\u010dku cijev, poznatu kao jednu od najboljih verzija dostupnih na tr\u017ei\u0161tu cijevi.\" \/>\n<meta property=\"og:url\" content=\"https:\/\/hd-multimedia.com\/sl\/trgovina\/cayin-ha-3a\/\" \/>\n<meta property=\"og:site_name\" content=\"hd-multimedia\" \/>\n<meta property=\"article:modified_time\" content=\"2025-04-17T06:48:35+00:00\" \/>\n<meta property=\"og:image\" content=\"https:\/\/hd-multimedia.com\/hdm_media\/s-l1600-1.jpg\" \/>\n\t<meta property=\"og:image:width\" content=\"800\" \/>\n\t<meta property=\"og:image:height\" content=\"800\" \/>\n\t<meta property=\"og:image:type\" content=\"image\/jpeg\" \/>\n<meta name=\"twitter:card\" content=\"summary_large_image\" \/>\n<meta name=\"twitter:label1\" content=\"Est. reading time\" \/>\n\t<meta name=\"twitter:data1\" content=\"1 minuta\" \/>\n<script type=\"application\/ld+json\" class=\"yoast-schema-graph\">{\"@context\":\"https:\/\/schema.org\",\"@graph\":[{\"@type\":\"WebPage\",\"@id\":\"https:\/\/hd-multimedia.com\/trgovina\/cayin-ha-3a\/\",\"url\":\"https:\/\/hd-multimedia.com\/trgovina\/cayin-ha-3a\/\",\"name\":\"Cayin HA-3A - hd-multimedia\",\"isPartOf\":{\"@id\":\"https:\/\/hd-multimedia.com\/#website\"},\"datePublished\":\"2024-02-16T10:22:57+00:00\",\"dateModified\":\"2025-04-17T06:48:35+00:00\",\"description\":\"Poja\u010dalo HA-3A koristi RCA 25AX4GT usmjeriva\u010dku cijev, poznatu kao jednu od najboljih verzija dostupnih na tr\u017ei\u0161tu cijevi.\",\"breadcrumb\":{\"@id\":\"https:\/\/hd-multimedia.com\/trgovina\/cayin-ha-3a\/#breadcrumb\"},\"inLanguage\":\"sl-SI\",\"potentialAction\":[{\"@type\":\"ReadAction\",\"target\":[\"https:\/\/hd-multimedia.com\/trgovina\/cayin-ha-3a\/\"]}]},{\"@type\":\"BreadcrumbList\",\"@id\":\"https:\/\/hd-multimedia.com\/trgovina\/cayin-ha-3a\/#breadcrumb\",\"itemListElement\":[{\"@type\":\"ListItem\",\"position\":1,\"name\":\"Po\u010detna stranica\",\"item\":\"https:\/\/hd-multimedia.com\/\"},{\"@type\":\"ListItem\",\"position\":2,\"name\":\"Trgovina\",\"item\":\"https:\/\/hd-multimedia.com\/trgovina\/\"},{\"@type\":\"ListItem\",\"position\":3,\"name\":\"Cayin HA-3A\"}]},{\"@type\":\"WebSite\",\"@id\":\"https:\/\/hd-multimedia.com\/#website\",\"url\":\"https:\/\/hd-multimedia.com\/\",\"name\":\"hd-multimedia\",\"description\":\"\",\"publisher\":{\"@id\":\"https:\/\/hd-multimedia.com\/#organization\"},\"potentialAction\":[{\"@type\":\"SearchAction\",\"target\":{\"@type\":\"EntryPoint\",\"urlTemplate\":\"https:\/\/hd-multimedia.com\/?s={search_term_string}\"},\"query-input\":\"required name=search_term_string\"}],\"inLanguage\":\"sl-SI\"},{\"@type\":\"Organization\",\"@id\":\"https:\/\/hd-multimedia.com\/#organization\",\"name\":\"hd-multimedia\",\"url\":\"https:\/\/hd-multimedia.com\/\",\"logo\":{\"@type\":\"ImageObject\",\"inLanguage\":\"sl-SI\",\"@id\":\"https:\/\/hd-multimedia.com\/#\/schema\/logo\/image\/\",\"url\":\"https:\/\/hd-multimedia.com\/hdm_media\/HD-curves-ok-196-56px-alpha-1.png\",\"contentUrl\":\"https:\/\/hd-multimedia.com\/hdm_media\/HD-curves-ok-196-56px-alpha-1.png\",\"width\":196,\"height\":53,\"caption\":\"hd-multimedia\"},\"image\":{\"@id\":\"https:\/\/hd-multimedia.com\/#\/schema\/logo\/image\/\"}}]}<\/script>\n<!-- \/ Yoast SEO plugin. -->","yoast_head_json":{"title":"Cayin HA-3A - hd-multimedia","description":"Poja\u010dalo HA-3A koristi RCA 25AX4GT usmjeriva\u010dku cijev, poznatu kao jednu od najboljih verzija dostupnih na tr\u017ei\u0161tu cijevi.","robots":{"index":"index","follow":"follow","max-snippet":"max-snippet:-1","max-image-preview":"max-image-preview:large","max-video-preview":"max-video-preview:-1"},"canonical":"https:\/\/hd-multimedia.com\/sl\/trgovina\/cayin-ha-3a\/","og_locale":"sl_SI","og_type":"article","og_title":"Cayin HA-3A - hd-multimedia","og_description":"Poja\u010dalo HA-3A koristi RCA 25AX4GT usmjeriva\u010dku cijev, poznatu kao jednu od najboljih verzija dostupnih na tr\u017ei\u0161tu cijevi.","og_url":"https:\/\/hd-multimedia.com\/sl\/trgovina\/cayin-ha-3a\/","og_site_name":"hd-multimedia","article_modified_time":"2025-04-17T06:48:35+00:00","og_image":[{"width":800,"height":800,"url":"https:\/\/hd-multimedia.com\/hdm_media\/s-l1600-1.jpg","type":"image\/jpeg"}],"twitter_card":"summary_large_image","twitter_misc":{"Est. reading time":"1 minuta"},"schema":{"@context":"https:\/\/schema.org","@graph":[{"@type":"WebPage","@id":"https:\/\/hd-multimedia.com\/trgovina\/cayin-ha-3a\/","url":"https:\/\/hd-multimedia.com\/trgovina\/cayin-ha-3a\/","name":"Cayin HA-3A - hd-multimedia","isPartOf":{"@id":"https:\/\/hd-multimedia.com\/#website"},"datePublished":"2024-02-16T10:22:57+00:00","dateModified":"2025-04-17T06:48:35+00:00","description":"Poja\u010dalo HA-3A koristi RCA 25AX4GT usmjeriva\u010dku cijev, poznatu kao jednu od najboljih verzija dostupnih na tr\u017ei\u0161tu cijevi.","breadcrumb":{"@id":"https:\/\/hd-multimedia.com\/trgovina\/cayin-ha-3a\/#breadcrumb"},"inLanguage":"sl-SI","potentialAction":[{"@type":"ReadAction","target":["https:\/\/hd-multimedia.com\/trgovina\/cayin-ha-3a\/"]}]},{"@type":"BreadcrumbList","@id":"https:\/\/hd-multimedia.com\/trgovina\/cayin-ha-3a\/#breadcrumb","itemListElement":[{"@type":"ListItem","position":1,"name":"Po\u010detna stranica","item":"https:\/\/hd-multimedia.com\/"},{"@type":"ListItem","position":2,"name":"Trgovina","item":"https:\/\/hd-multimedia.com\/trgovina\/"},{"@type":"ListItem","position":3,"name":"Cayin HA-3A"}]},{"@type":"WebSite","@id":"https:\/\/hd-multimedia.com\/#website","url":"https:\/\/hd-multimedia.com\/","name":"hd-multimedia","description":"","publisher":{"@id":"https:\/\/hd-multimedia.com\/#organization"},"potentialAction":[{"@type":"SearchAction","target":{"@type":"EntryPoint","urlTemplate":"https:\/\/hd-multimedia.com\/?s={search_term_string}"},"query-input":"required name=search_term_string"}],"inLanguage":"sl-SI"},{"@type":"Organization","@id":"https:\/\/hd-multimedia.com\/#organization","name":"hd-multimedia","url":"https:\/\/hd-multimedia.com\/","logo":{"@type":"ImageObject","inLanguage":"sl-SI","@id":"https:\/\/hd-multimedia.com\/#\/schema\/logo\/image\/","url":"https:\/\/hd-multimedia.com\/hdm_media\/HD-curves-ok-196-56px-alpha-1.png","contentUrl":"https:\/\/hd-multimedia.com\/hdm_media\/HD-curves-ok-196-56px-alpha-1.png","width":196,"height":53,"caption":"hd-multimedia"},"image":{"@id":"https:\/\/hd-multimedia.com\/#\/schema\/logo\/image\/"}}]}},"post_mailing_queue_ids":[],"_links":{"self":[{"href":"https:\/\/hd-multimedia.com\/sl\/wp-json\/wp\/v2\/product\/14448","targetHints":{"allow":["GET"]}}],"collection":[{"href":"https:\/\/hd-multimedia.com\/sl\/wp-json\/wp\/v2\/product"}],"about":[{"href":"https:\/\/hd-multimedia.com\/sl\/wp-json\/wp\/v2\/types\/product"}],"version-history":[{"count":6,"href":"https:\/\/hd-multimedia.com\/sl\/wp-json\/wp\/v2\/product\/14448\/revisions"}],"predecessor-version":[{"id":18331,"href":"https:\/\/hd-multimedia.com\/sl\/wp-json\/wp\/v2\/product\/14448\/revisions\/18331"}],"wp:featuredmedia":[{"embeddable":true,"href":"https:\/\/hd-multimedia.com\/sl\/wp-json\/wp\/v2\/media\/14449"}],"wp:attachment":[{"href":"https:\/\/hd-multimedia.com\/sl\/wp-json\/wp\/v2\/media?parent=14448"}],"curies":[{"name":"wp","href":"https:\/\/api.w.org\/{rel}","templated":true}]}}