{"id":14378,"date":"2024-02-12T10:52:10","date_gmt":"2024-02-12T10:52:10","guid":{"rendered":"https:\/\/hd-multimedia.com\/?post_type=product&#038;p=14378"},"modified":"2025-04-16T07:59:15","modified_gmt":"2025-04-16T07:59:15","slug":"1more-eo323-dual-driver","status":"publish","type":"product","link":"https:\/\/hd-multimedia.com\/sl\/trgovina\/1more-eo323-dual-driver\/","title":{"rendered":"1More EO323 Dual Driver"},"content":{"rendered":"<ul>\n<li>Impedanca: 32\u03a9<\/li>\n<li>Te\u017ea: 15g<\/li>\n<li>Frekven\u010dni odziv: 20-20.000Hz<\/li>\n<li>Vgrajen daljinski upravljalnik z mikrofonom<\/li>\n<li>Ob\u010dutljivost: 98dB<\/li>\n<\/ul>","protected":false},"excerpt":{"rendered":"<p>1More EO323 Dual Driver je izdelan iz lahke aluminijeve zlitine z dvema 45-stopinjskima kotoma za naravno prileganje u\u0161esu, kar zagotavlja varno prileganje s \u0161tirimi mo\u017enostmi silikonskih u\u0161esnih nastavkov. U\u017eivajte v enostavnem prostoro\u010dnem klicanju in upravljanju predvajanja prek vgrajene nadzorne \u0161katle s tremi gumbi in mikrofona MEMS brez te\u017eav s preslu\u0161avanjem. Kabel brez zapletanja, prevle\u010den s kevlarjem za ve\u010djo vzdr\u017eljivost, zmanj\u0161a mikrofonijo, ko kabel drgne ob va\u0161e prsi.<\/p>","protected":false},"featured_media":14379,"template":"","meta":{"site-sidebar-layout":"default","site-content-layout":"","ast-site-content-layout":"default","site-content-style":"default","site-sidebar-style":"default","ast-global-header-display":"","ast-banner-title-visibility":"","ast-main-header-display":"","ast-hfb-above-header-display":"","ast-hfb-below-header-display":"","ast-hfb-mobile-header-display":"","site-post-title":"","ast-breadcrumbs-content":"","ast-featured-img":"","footer-sml-layout":"","theme-transparent-header-meta":"default","adv-header-id-meta":"","stick-header-meta":"default","header-above-stick-meta":"","header-main-stick-meta":"","header-below-stick-meta":"","astra-migrate-meta-layouts":"set","ast-page-background-enabled":"default","ast-page-background-meta":{"desktop":{"background-color":"","background-image":"","background-repeat":"repeat","background-position":"center center","background-size":"auto","background-attachment":"scroll","background-type":"","background-media":"","overlay-type":"","overlay-color":"","overlay-opacity":"","overlay-gradient":""},"tablet":{"background-color":"","background-image":"","background-repeat":"repeat","background-position":"center center","background-size":"auto","background-attachment":"scroll","background-type":"","background-media":"","overlay-type":"","overlay-color":"","overlay-opacity":"","overlay-gradient":""},"mobile":{"background-color":"","background-image":"","background-repeat":"repeat","background-position":"center center","background-size":"auto","background-attachment":"scroll","background-type":"","background-media":"","overlay-type":"","overlay-color":"","overlay-opacity":"","overlay-gradient":""}},"ast-content-background-meta":{"desktop":{"background-color":"var(--ast-global-color-5)","background-image":"","background-repeat":"repeat","background-position":"center center","background-size":"auto","background-attachment":"scroll","background-type":"","background-media":"","overlay-type":"","overlay-color":"","overlay-opacity":"","overlay-gradient":""},"tablet":{"background-color":"var(--ast-global-color-5)","background-image":"","background-repeat":"repeat","background-position":"center center","background-size":"auto","background-attachment":"scroll","background-type":"","background-media":"","overlay-type":"","overlay-color":"","overlay-opacity":"","overlay-gradient":""},"mobile":{"background-color":"var(--ast-global-color-5)","background-image":"","background-repeat":"repeat","background-position":"center center","background-size":"auto","background-attachment":"scroll","background-type":"","background-media":"","overlay-type":"","overlay-color":"","overlay-opacity":"","overlay-gradient":""}}},"class_list":["post-14378","product","type-product","status-publish","has-post-thumbnail","hentry","product_cat-usne-slusalice-iem","product_cat-1more","desktop-align-center","tablet-align-center","mobile-align-center","ast-product-gallery-layout-horizontal","ast-product-gallery-with-no-image","ast-magnify-disabled","ast-product-tabs-layout-horizontal"],"yoast_head":"<!-- This site is optimized with the Yoast SEO plugin v21.4 - https:\/\/yoast.com\/wordpress\/plugins\/seo\/ -->\n<title>1More EO323 Dual Driver - hd-multimedia<\/title>\n<meta name=\"description\" content=\"1More EO323 Dual Driver izra\u0111ene je od lagane legure aluminija s dva nagiba od 45 stupnjeva za prirodno uklapanje u uho svakog korisnika.\" \/>\n<meta name=\"robots\" content=\"index, follow, max-snippet:-1, max-image-preview:large, max-video-preview:-1\" \/>\n<link rel=\"canonical\" href=\"https:\/\/hd-multimedia.com\/sl\/trgovina\/1more-eo323-dual-driver\/\" \/>\n<meta property=\"og:locale\" content=\"sl_SI\" \/>\n<meta property=\"og:type\" content=\"article\" \/>\n<meta property=\"og:title\" content=\"1More EO323 Dual Driver - hd-multimedia\" \/>\n<meta property=\"og:description\" content=\"1More EO323 Dual Driver izra\u0111ene je od lagane legure aluminija s dva nagiba od 45 stupnjeva za prirodno uklapanje u uho svakog korisnika.\" \/>\n<meta property=\"og:url\" content=\"https:\/\/hd-multimedia.com\/sl\/trgovina\/1more-eo323-dual-driver\/\" \/>\n<meta property=\"og:site_name\" content=\"hd-multimedia\" \/>\n<meta property=\"article:modified_time\" content=\"2025-04-16T07:59:15+00:00\" \/>\n<meta property=\"og:image\" content=\"https:\/\/hd-multimedia.com\/hdm_media\/51Zz-FA-F7L._AC_SX466_-e1707735064947.jpg\" \/>\n\t<meta property=\"og:image:width\" content=\"466\" \/>\n\t<meta property=\"og:image:height\" content=\"466\" \/>\n\t<meta property=\"og:image:type\" content=\"image\/jpeg\" \/>\n<meta name=\"twitter:card\" content=\"summary_large_image\" \/>\n<meta name=\"twitter:label1\" content=\"Est. reading time\" \/>\n\t<meta name=\"twitter:data1\" content=\"1 minuta\" \/>\n<script type=\"application\/ld+json\" class=\"yoast-schema-graph\">{\"@context\":\"https:\/\/schema.org\",\"@graph\":[{\"@type\":\"WebPage\",\"@id\":\"https:\/\/hd-multimedia.com\/trgovina\/1more-eo323-dual-driver\/\",\"url\":\"https:\/\/hd-multimedia.com\/trgovina\/1more-eo323-dual-driver\/\",\"name\":\"1More EO323 Dual Driver - hd-multimedia\",\"isPartOf\":{\"@id\":\"https:\/\/hd-multimedia.com\/#website\"},\"datePublished\":\"2024-02-12T10:52:10+00:00\",\"dateModified\":\"2025-04-16T07:59:15+00:00\",\"description\":\"1More EO323 Dual Driver izra\u0111ene je od lagane legure aluminija s dva nagiba od 45 stupnjeva za prirodno uklapanje u uho svakog korisnika.\",\"breadcrumb\":{\"@id\":\"https:\/\/hd-multimedia.com\/trgovina\/1more-eo323-dual-driver\/#breadcrumb\"},\"inLanguage\":\"sl-SI\",\"potentialAction\":[{\"@type\":\"ReadAction\",\"target\":[\"https:\/\/hd-multimedia.com\/trgovina\/1more-eo323-dual-driver\/\"]}]},{\"@type\":\"BreadcrumbList\",\"@id\":\"https:\/\/hd-multimedia.com\/trgovina\/1more-eo323-dual-driver\/#breadcrumb\",\"itemListElement\":[{\"@type\":\"ListItem\",\"position\":1,\"name\":\"Po\u010detna stranica\",\"item\":\"https:\/\/hd-multimedia.com\/\"},{\"@type\":\"ListItem\",\"position\":2,\"name\":\"Trgovina\",\"item\":\"https:\/\/hd-multimedia.com\/trgovina\/\"},{\"@type\":\"ListItem\",\"position\":3,\"name\":\"1More EO323 Dual Driver\"}]},{\"@type\":\"WebSite\",\"@id\":\"https:\/\/hd-multimedia.com\/#website\",\"url\":\"https:\/\/hd-multimedia.com\/\",\"name\":\"hd-multimedia\",\"description\":\"\",\"publisher\":{\"@id\":\"https:\/\/hd-multimedia.com\/#organization\"},\"potentialAction\":[{\"@type\":\"SearchAction\",\"target\":{\"@type\":\"EntryPoint\",\"urlTemplate\":\"https:\/\/hd-multimedia.com\/?s={search_term_string}\"},\"query-input\":\"required name=search_term_string\"}],\"inLanguage\":\"sl-SI\"},{\"@type\":\"Organization\",\"@id\":\"https:\/\/hd-multimedia.com\/#organization\",\"name\":\"hd-multimedia\",\"url\":\"https:\/\/hd-multimedia.com\/\",\"logo\":{\"@type\":\"ImageObject\",\"inLanguage\":\"sl-SI\",\"@id\":\"https:\/\/hd-multimedia.com\/#\/schema\/logo\/image\/\",\"url\":\"https:\/\/hd-multimedia.com\/hdm_media\/HD-curves-ok-196-56px-alpha-1.png\",\"contentUrl\":\"https:\/\/hd-multimedia.com\/hdm_media\/HD-curves-ok-196-56px-alpha-1.png\",\"width\":196,\"height\":53,\"caption\":\"hd-multimedia\"},\"image\":{\"@id\":\"https:\/\/hd-multimedia.com\/#\/schema\/logo\/image\/\"}}]}<\/script>\n<!-- \/ Yoast SEO plugin. -->","yoast_head_json":{"title":"1More EO323 Dual Driver - hd-multimedia","description":"1More EO323 Dual Driver izra\u0111ene je od lagane legure aluminija s dva nagiba od 45 stupnjeva za prirodno uklapanje u uho svakog korisnika.","robots":{"index":"index","follow":"follow","max-snippet":"max-snippet:-1","max-image-preview":"max-image-preview:large","max-video-preview":"max-video-preview:-1"},"canonical":"https:\/\/hd-multimedia.com\/sl\/trgovina\/1more-eo323-dual-driver\/","og_locale":"sl_SI","og_type":"article","og_title":"1More EO323 Dual Driver - hd-multimedia","og_description":"1More EO323 Dual Driver izra\u0111ene je od lagane legure aluminija s dva nagiba od 45 stupnjeva za prirodno uklapanje u uho svakog korisnika.","og_url":"https:\/\/hd-multimedia.com\/sl\/trgovina\/1more-eo323-dual-driver\/","og_site_name":"hd-multimedia","article_modified_time":"2025-04-16T07:59:15+00:00","og_image":[{"width":466,"height":466,"url":"https:\/\/hd-multimedia.com\/hdm_media\/51Zz-FA-F7L._AC_SX466_-e1707735064947.jpg","type":"image\/jpeg"}],"twitter_card":"summary_large_image","twitter_misc":{"Est. reading time":"1 minuta"},"schema":{"@context":"https:\/\/schema.org","@graph":[{"@type":"WebPage","@id":"https:\/\/hd-multimedia.com\/trgovina\/1more-eo323-dual-driver\/","url":"https:\/\/hd-multimedia.com\/trgovina\/1more-eo323-dual-driver\/","name":"1More EO323 Dual Driver - hd-multimedia","isPartOf":{"@id":"https:\/\/hd-multimedia.com\/#website"},"datePublished":"2024-02-12T10:52:10+00:00","dateModified":"2025-04-16T07:59:15+00:00","description":"1More EO323 Dual Driver izra\u0111ene je od lagane legure aluminija s dva nagiba od 45 stupnjeva za prirodno uklapanje u uho svakog korisnika.","breadcrumb":{"@id":"https:\/\/hd-multimedia.com\/trgovina\/1more-eo323-dual-driver\/#breadcrumb"},"inLanguage":"sl-SI","potentialAction":[{"@type":"ReadAction","target":["https:\/\/hd-multimedia.com\/trgovina\/1more-eo323-dual-driver\/"]}]},{"@type":"BreadcrumbList","@id":"https:\/\/hd-multimedia.com\/trgovina\/1more-eo323-dual-driver\/#breadcrumb","itemListElement":[{"@type":"ListItem","position":1,"name":"Po\u010detna stranica","item":"https:\/\/hd-multimedia.com\/"},{"@type":"ListItem","position":2,"name":"Trgovina","item":"https:\/\/hd-multimedia.com\/trgovina\/"},{"@type":"ListItem","position":3,"name":"1More EO323 Dual Driver"}]},{"@type":"WebSite","@id":"https:\/\/hd-multimedia.com\/#website","url":"https:\/\/hd-multimedia.com\/","name":"hd-multimedia","description":"","publisher":{"@id":"https:\/\/hd-multimedia.com\/#organization"},"potentialAction":[{"@type":"SearchAction","target":{"@type":"EntryPoint","urlTemplate":"https:\/\/hd-multimedia.com\/?s={search_term_string}"},"query-input":"required name=search_term_string"}],"inLanguage":"sl-SI"},{"@type":"Organization","@id":"https:\/\/hd-multimedia.com\/#organization","name":"hd-multimedia","url":"https:\/\/hd-multimedia.com\/","logo":{"@type":"ImageObject","inLanguage":"sl-SI","@id":"https:\/\/hd-multimedia.com\/#\/schema\/logo\/image\/","url":"https:\/\/hd-multimedia.com\/hdm_media\/HD-curves-ok-196-56px-alpha-1.png","contentUrl":"https:\/\/hd-multimedia.com\/hdm_media\/HD-curves-ok-196-56px-alpha-1.png","width":196,"height":53,"caption":"hd-multimedia"},"image":{"@id":"https:\/\/hd-multimedia.com\/#\/schema\/logo\/image\/"}}]}},"post_mailing_queue_ids":[],"_links":{"self":[{"href":"https:\/\/hd-multimedia.com\/sl\/wp-json\/wp\/v2\/product\/14378","targetHints":{"allow":["GET"]}}],"collection":[{"href":"https:\/\/hd-multimedia.com\/sl\/wp-json\/wp\/v2\/product"}],"about":[{"href":"https:\/\/hd-multimedia.com\/sl\/wp-json\/wp\/v2\/types\/product"}],"version-history":[{"count":2,"href":"https:\/\/hd-multimedia.com\/sl\/wp-json\/wp\/v2\/product\/14378\/revisions"}],"predecessor-version":[{"id":14382,"href":"https:\/\/hd-multimedia.com\/sl\/wp-json\/wp\/v2\/product\/14378\/revisions\/14382"}],"wp:featuredmedia":[{"embeddable":true,"href":"https:\/\/hd-multimedia.com\/sl\/wp-json\/wp\/v2\/media\/14379"}],"wp:attachment":[{"href":"https:\/\/hd-multimedia.com\/sl\/wp-json\/wp\/v2\/media?parent=14378"}],"curies":[{"name":"wp","href":"https:\/\/api.w.org\/{rel}","templated":true}]}}