{"id":14375,"date":"2024-02-12T10:29:49","date_gmt":"2024-02-12T10:29:49","guid":{"rendered":"https:\/\/hd-multimedia.com\/?post_type=product&#038;p=14375"},"modified":"2024-06-17T07:27:29","modified_gmt":"2024-06-17T07:27:29","slug":"fiio-rc-mmcx3b","status":"publish","type":"product","link":"https:\/\/hd-multimedia.com\/sl\/trgovina\/fiio-rc-mmcx3b\/","title":{"rendered":"FiiO RC-MMCX3B"},"content":{"rendered":"<ul>\n<li>Priklju\u010dek 2,5 mm na MMCX, kabel 1,2 m\/4 ft<\/li>\n<li>Barvno kodirani priklju\u010dki MMCX za levi\/desni kanal<\/li>\n<li>Prilagodljiv u\u0161esni kavelj za varno in udobno no\u0161enje<\/li>\n<li>Pravokotni pozla\u010deni bakreni vti\u010d<\/li>\n<\/ul>\n<p><a href=\"https:\/\/www.fiio.com\/productinfo\/28687.html\" target=\"_blank\" rel=\"noopener\">Ostale informacije najdete na tej povezavi.<\/a><\/p>","protected":false},"excerpt":{"rendered":"<p id=\"title\" class=\"a-size-large a-spacing-none\">FiiO RC-MMCX3B ima 2,5-milimetrski priklju\u010dek z zasnovo na u\u0161esu in u\u0161esnim kavljem, ki zagotavlja varno in udobno prileganje med uporabo. Njegovi barvno kodirani priklju\u010dki MMCX za levi\/desni kanal zagotavljajo enostavno in natan\u010dno namestitev, medtem ko 1,2 m dol\u017eine kabla zagotavlja prilagodljivost za razli\u010dna okolja poslu\u0161anja. Poleg tega ima kabel pod pravim kotom bakren pozla\u010den vti\u010d, ki izbolj\u0161uje vzdr\u017eljivost in kakovost prenosa signala. S temi funkcijami lahko uporabniki u\u017eivajo v zanesljivem in visokokakovostnem zvoku s svojimi zdru\u017eljivimi napravami.<\/p>\n<p><a href=\"https:\/\/www.fiio.com\/productinfo\/28687.html\" target=\"_blank\" rel=\"noopener\">Ostale informacije najdete na tej povezavi.<\/a><\/p>","protected":false},"featured_media":14376,"template":"","meta":{"site-sidebar-layout":"default","site-content-layout":"","ast-site-content-layout":"default","site-content-style":"default","site-sidebar-style":"default","ast-global-header-display":"","ast-banner-title-visibility":"","ast-main-header-display":"","ast-hfb-above-header-display":"","ast-hfb-below-header-display":"","ast-hfb-mobile-header-display":"","site-post-title":"","ast-breadcrumbs-content":"","ast-featured-img":"","footer-sml-layout":"","theme-transparent-header-meta":"default","adv-header-id-meta":"","stick-header-meta":"default","header-above-stick-meta":"","header-main-stick-meta":"","header-below-stick-meta":"","astra-migrate-meta-layouts":"set","ast-page-background-enabled":"default","ast-page-background-meta":{"desktop":{"background-color":"","background-image":"","background-repeat":"repeat","background-position":"center center","background-size":"auto","background-attachment":"scroll","background-type":"","background-media":"","overlay-type":"","overlay-color":"","overlay-opacity":"","overlay-gradient":""},"tablet":{"background-color":"","background-image":"","background-repeat":"repeat","background-position":"center center","background-size":"auto","background-attachment":"scroll","background-type":"","background-media":"","overlay-type":"","overlay-color":"","overlay-opacity":"","overlay-gradient":""},"mobile":{"background-color":"","background-image":"","background-repeat":"repeat","background-position":"center center","background-size":"auto","background-attachment":"scroll","background-type":"","background-media":"","overlay-type":"","overlay-color":"","overlay-opacity":"","overlay-gradient":""}},"ast-content-background-meta":{"desktop":{"background-color":"var(--ast-global-color-5)","background-image":"","background-repeat":"repeat","background-position":"center center","background-size":"auto","background-attachment":"scroll","background-type":"","background-media":"","overlay-type":"","overlay-color":"","overlay-opacity":"","overlay-gradient":""},"tablet":{"background-color":"var(--ast-global-color-5)","background-image":"","background-repeat":"repeat","background-position":"center center","background-size":"auto","background-attachment":"scroll","background-type":"","background-media":"","overlay-type":"","overlay-color":"","overlay-opacity":"","overlay-gradient":""},"mobile":{"background-color":"var(--ast-global-color-5)","background-image":"","background-repeat":"repeat","background-position":"center center","background-size":"auto","background-attachment":"scroll","background-type":"","background-media":"","overlay-type":"","overlay-color":"","overlay-opacity":"","overlay-gradient":""}}},"class_list":["post-14375","product","type-product","status-publish","has-post-thumbnail","hentry","product_cat-kablovi-mobilni-audio","product_cat-fiio","desktop-align-center","tablet-align-center","mobile-align-center","ast-product-gallery-layout-horizontal","ast-magnify-disabled","ast-product-tabs-layout-horizontal"],"yoast_head":"<!-- This site is optimized with the Yoast SEO plugin v21.4 - https:\/\/yoast.com\/wordpress\/plugins\/seo\/ -->\n<title>FiiO RC-MMCX3B - hd-multimedia<\/title>\n<meta name=\"description\" content=\"FiiO RC-MMCX3B ima 2,5 mm konektor s dizajnom preko uha i kuke za uho, pru\u017eaju\u0107i sigurno i udobno no\u0161enje tijekom upotrebe.\" \/>\n<meta name=\"robots\" content=\"index, follow, max-snippet:-1, max-image-preview:large, max-video-preview:-1\" \/>\n<link rel=\"canonical\" href=\"https:\/\/hd-multimedia.com\/sl\/trgovina\/fiio-rc-mmcx3b\/\" \/>\n<meta property=\"og:locale\" content=\"sl_SI\" \/>\n<meta property=\"og:type\" content=\"article\" \/>\n<meta property=\"og:title\" content=\"FiiO RC-MMCX3B - hd-multimedia\" \/>\n<meta property=\"og:description\" content=\"FiiO RC-MMCX3B ima 2,5 mm konektor s dizajnom preko uha i kuke za uho, pru\u017eaju\u0107i sigurno i udobno no\u0161enje tijekom upotrebe.\" \/>\n<meta property=\"og:url\" content=\"https:\/\/hd-multimedia.com\/sl\/trgovina\/fiio-rc-mmcx3b\/\" \/>\n<meta property=\"og:site_name\" content=\"hd-multimedia\" \/>\n<meta property=\"article:modified_time\" content=\"2024-06-17T07:27:29+00:00\" \/>\n<meta property=\"og:image\" content=\"https:\/\/hd-multimedia.com\/hdm_media\/RC-MMCX3B-FOTO-e1707733476283.jpg\" \/>\n\t<meta property=\"og:image:width\" content=\"499\" \/>\n\t<meta property=\"og:image:height\" content=\"499\" \/>\n\t<meta property=\"og:image:type\" content=\"image\/jpeg\" \/>\n<meta name=\"twitter:card\" content=\"summary_large_image\" \/>\n<meta name=\"twitter:label1\" content=\"Est. reading time\" \/>\n\t<meta name=\"twitter:data1\" content=\"1 minuta\" \/>\n<script type=\"application\/ld+json\" class=\"yoast-schema-graph\">{\"@context\":\"https:\/\/schema.org\",\"@graph\":[{\"@type\":\"WebPage\",\"@id\":\"https:\/\/hd-multimedia.com\/trgovina\/fiio-rc-mmcx3b\/\",\"url\":\"https:\/\/hd-multimedia.com\/trgovina\/fiio-rc-mmcx3b\/\",\"name\":\"FiiO RC-MMCX3B - hd-multimedia\",\"isPartOf\":{\"@id\":\"https:\/\/hd-multimedia.com\/#website\"},\"datePublished\":\"2024-02-12T10:29:49+00:00\",\"dateModified\":\"2024-06-17T07:27:29+00:00\",\"description\":\"FiiO RC-MMCX3B ima 2,5 mm konektor s dizajnom preko uha i kuke za uho, pru\u017eaju\u0107i sigurno i udobno no\u0161enje tijekom upotrebe.\",\"breadcrumb\":{\"@id\":\"https:\/\/hd-multimedia.com\/trgovina\/fiio-rc-mmcx3b\/#breadcrumb\"},\"inLanguage\":\"sl-SI\",\"potentialAction\":[{\"@type\":\"ReadAction\",\"target\":[\"https:\/\/hd-multimedia.com\/trgovina\/fiio-rc-mmcx3b\/\"]}]},{\"@type\":\"BreadcrumbList\",\"@id\":\"https:\/\/hd-multimedia.com\/trgovina\/fiio-rc-mmcx3b\/#breadcrumb\",\"itemListElement\":[{\"@type\":\"ListItem\",\"position\":1,\"name\":\"Po\u010detna stranica\",\"item\":\"https:\/\/hd-multimedia.com\/\"},{\"@type\":\"ListItem\",\"position\":2,\"name\":\"Trgovina\",\"item\":\"https:\/\/hd-multimedia.com\/trgovina\/\"},{\"@type\":\"ListItem\",\"position\":3,\"name\":\"FiiO RC-MMCX3B\"}]},{\"@type\":\"WebSite\",\"@id\":\"https:\/\/hd-multimedia.com\/#website\",\"url\":\"https:\/\/hd-multimedia.com\/\",\"name\":\"hd-multimedia\",\"description\":\"\",\"publisher\":{\"@id\":\"https:\/\/hd-multimedia.com\/#organization\"},\"potentialAction\":[{\"@type\":\"SearchAction\",\"target\":{\"@type\":\"EntryPoint\",\"urlTemplate\":\"https:\/\/hd-multimedia.com\/?s={search_term_string}\"},\"query-input\":\"required name=search_term_string\"}],\"inLanguage\":\"sl-SI\"},{\"@type\":\"Organization\",\"@id\":\"https:\/\/hd-multimedia.com\/#organization\",\"name\":\"hd-multimedia\",\"url\":\"https:\/\/hd-multimedia.com\/\",\"logo\":{\"@type\":\"ImageObject\",\"inLanguage\":\"sl-SI\",\"@id\":\"https:\/\/hd-multimedia.com\/#\/schema\/logo\/image\/\",\"url\":\"https:\/\/hd-multimedia.com\/hdm_media\/HD-curves-ok-196-56px-alpha-1.png\",\"contentUrl\":\"https:\/\/hd-multimedia.com\/hdm_media\/HD-curves-ok-196-56px-alpha-1.png\",\"width\":196,\"height\":53,\"caption\":\"hd-multimedia\"},\"image\":{\"@id\":\"https:\/\/hd-multimedia.com\/#\/schema\/logo\/image\/\"}}]}<\/script>\n<!-- \/ Yoast SEO plugin. -->","yoast_head_json":{"title":"FiiO RC-MMCX3B - hd-multimedia","description":"FiiO RC-MMCX3B ima 2,5 mm konektor s dizajnom preko uha i kuke za uho, pru\u017eaju\u0107i sigurno i udobno no\u0161enje tijekom upotrebe.","robots":{"index":"index","follow":"follow","max-snippet":"max-snippet:-1","max-image-preview":"max-image-preview:large","max-video-preview":"max-video-preview:-1"},"canonical":"https:\/\/hd-multimedia.com\/sl\/trgovina\/fiio-rc-mmcx3b\/","og_locale":"sl_SI","og_type":"article","og_title":"FiiO RC-MMCX3B - hd-multimedia","og_description":"FiiO RC-MMCX3B ima 2,5 mm konektor s dizajnom preko uha i kuke za uho, pru\u017eaju\u0107i sigurno i udobno no\u0161enje tijekom upotrebe.","og_url":"https:\/\/hd-multimedia.com\/sl\/trgovina\/fiio-rc-mmcx3b\/","og_site_name":"hd-multimedia","article_modified_time":"2024-06-17T07:27:29+00:00","og_image":[{"width":499,"height":499,"url":"https:\/\/hd-multimedia.com\/hdm_media\/RC-MMCX3B-FOTO-e1707733476283.jpg","type":"image\/jpeg"}],"twitter_card":"summary_large_image","twitter_misc":{"Est. reading time":"1 minuta"},"schema":{"@context":"https:\/\/schema.org","@graph":[{"@type":"WebPage","@id":"https:\/\/hd-multimedia.com\/trgovina\/fiio-rc-mmcx3b\/","url":"https:\/\/hd-multimedia.com\/trgovina\/fiio-rc-mmcx3b\/","name":"FiiO RC-MMCX3B - hd-multimedia","isPartOf":{"@id":"https:\/\/hd-multimedia.com\/#website"},"datePublished":"2024-02-12T10:29:49+00:00","dateModified":"2024-06-17T07:27:29+00:00","description":"FiiO RC-MMCX3B ima 2,5 mm konektor s dizajnom preko uha i kuke za uho, pru\u017eaju\u0107i sigurno i udobno no\u0161enje tijekom upotrebe.","breadcrumb":{"@id":"https:\/\/hd-multimedia.com\/trgovina\/fiio-rc-mmcx3b\/#breadcrumb"},"inLanguage":"sl-SI","potentialAction":[{"@type":"ReadAction","target":["https:\/\/hd-multimedia.com\/trgovina\/fiio-rc-mmcx3b\/"]}]},{"@type":"BreadcrumbList","@id":"https:\/\/hd-multimedia.com\/trgovina\/fiio-rc-mmcx3b\/#breadcrumb","itemListElement":[{"@type":"ListItem","position":1,"name":"Po\u010detna stranica","item":"https:\/\/hd-multimedia.com\/"},{"@type":"ListItem","position":2,"name":"Trgovina","item":"https:\/\/hd-multimedia.com\/trgovina\/"},{"@type":"ListItem","position":3,"name":"FiiO RC-MMCX3B"}]},{"@type":"WebSite","@id":"https:\/\/hd-multimedia.com\/#website","url":"https:\/\/hd-multimedia.com\/","name":"hd-multimedia","description":"","publisher":{"@id":"https:\/\/hd-multimedia.com\/#organization"},"potentialAction":[{"@type":"SearchAction","target":{"@type":"EntryPoint","urlTemplate":"https:\/\/hd-multimedia.com\/?s={search_term_string}"},"query-input":"required name=search_term_string"}],"inLanguage":"sl-SI"},{"@type":"Organization","@id":"https:\/\/hd-multimedia.com\/#organization","name":"hd-multimedia","url":"https:\/\/hd-multimedia.com\/","logo":{"@type":"ImageObject","inLanguage":"sl-SI","@id":"https:\/\/hd-multimedia.com\/#\/schema\/logo\/image\/","url":"https:\/\/hd-multimedia.com\/hdm_media\/HD-curves-ok-196-56px-alpha-1.png","contentUrl":"https:\/\/hd-multimedia.com\/hdm_media\/HD-curves-ok-196-56px-alpha-1.png","width":196,"height":53,"caption":"hd-multimedia"},"image":{"@id":"https:\/\/hd-multimedia.com\/#\/schema\/logo\/image\/"}}]}},"post_mailing_queue_ids":[],"_links":{"self":[{"href":"https:\/\/hd-multimedia.com\/sl\/wp-json\/wp\/v2\/product\/14375","targetHints":{"allow":["GET"]}}],"collection":[{"href":"https:\/\/hd-multimedia.com\/sl\/wp-json\/wp\/v2\/product"}],"about":[{"href":"https:\/\/hd-multimedia.com\/sl\/wp-json\/wp\/v2\/types\/product"}],"version-history":[{"count":2,"href":"https:\/\/hd-multimedia.com\/sl\/wp-json\/wp\/v2\/product\/14375\/revisions"}],"predecessor-version":[{"id":15884,"href":"https:\/\/hd-multimedia.com\/sl\/wp-json\/wp\/v2\/product\/14375\/revisions\/15884"}],"wp:featuredmedia":[{"embeddable":true,"href":"https:\/\/hd-multimedia.com\/sl\/wp-json\/wp\/v2\/media\/14376"}],"wp:attachment":[{"href":"https:\/\/hd-multimedia.com\/sl\/wp-json\/wp\/v2\/media?parent=14375"}],"curies":[{"name":"wp","href":"https:\/\/api.w.org\/{rel}","templated":true}]}}