{"id":14371,"date":"2024-02-12T08:57:55","date_gmt":"2024-02-12T08:57:55","guid":{"rendered":"https:\/\/hd-multimedia.com\/?post_type=product&#038;p=14371"},"modified":"2024-06-17T07:22:06","modified_gmt":"2024-06-17T07:22:06","slug":"fiio-lc-re-mmcx","status":"publish","type":"product","link":"https:\/\/hd-multimedia.com\/sl\/trgovina\/fiio-lc-re-mmcx\/","title":{"rendered":"FiiO LC-RE MMCX"},"content":{"rendered":"<ul>\n<li>Srebrni in bakreni me\u0161ani hibridni pleteni kabel<\/li>\n<li>8 pramenov, ki vle\u010dejo 360-stopinjske \u017eice<\/li>\n<li>Kotni konektorji MMCX iz nerjave\u010dega jekla<\/li>\n<li>Prozoren nem\u0161ki TPU pla\u0161\u010d<\/li>\n<li>Pletena struktura Litz<\/li>\n<li>Zamenljivi zaklju\u010dni \u010depi Twist-Lock, ki so vstavljeni v linije<\/li>\n<\/ul>\n<p><a href=\"https:\/\/www.fiio.com\/newsinfo\/674648.html\" target=\"_blank\" rel=\"noopener\">Ostale informacije najdete na tej povezavi.<\/a><\/p>","protected":false},"excerpt":{"rendered":"<p>Kabel za slu\u0161alke s konektorji 2,5 mm, 3,5 mm in 4,4 mm na enem koncu ter mmcx na drugem je dolg 1,2 metra. Zasnovan je tako, da se prilagaja razli\u010dnim vrstam priklju\u010dkov za slu\u0161alke, kar zagotavlja zdru\u017eljivost z razli\u010dnimi zvo\u010dnimi napravami. Dimenzije kabla so 1200x10x10 mm, te\u017ea embala\u017ee je 0,5 kg, velikost embala\u017ee je 100x100x100 mm. Ta prilagodljivi kabel uporabnikom ponuja udobje in mo\u017enost povezovanja njihovih slu\u0161alk z zdru\u017eljivimi zvo\u010dnimi viri.<\/p>\n<p><a href=\"https:\/\/www.fiio.com\/newsinfo\/674648.html\" target=\"_blank\" rel=\"noopener\">Ostale informacije najdete na tej povezavi.<\/a><\/p>\n<p>&nbsp;<\/p>","protected":false},"featured_media":14374,"template":"","meta":{"site-sidebar-layout":"default","site-content-layout":"","ast-site-content-layout":"default","site-content-style":"default","site-sidebar-style":"default","ast-global-header-display":"","ast-banner-title-visibility":"","ast-main-header-display":"","ast-hfb-above-header-display":"","ast-hfb-below-header-display":"","ast-hfb-mobile-header-display":"","site-post-title":"","ast-breadcrumbs-content":"","ast-featured-img":"","footer-sml-layout":"","theme-transparent-header-meta":"default","adv-header-id-meta":"","stick-header-meta":"default","header-above-stick-meta":"","header-main-stick-meta":"","header-below-stick-meta":"","astra-migrate-meta-layouts":"set","ast-page-background-enabled":"default","ast-page-background-meta":{"desktop":{"background-color":"","background-image":"","background-repeat":"repeat","background-position":"center center","background-size":"auto","background-attachment":"scroll","background-type":"","background-media":"","overlay-type":"","overlay-color":"","overlay-opacity":"","overlay-gradient":""},"tablet":{"background-color":"","background-image":"","background-repeat":"repeat","background-position":"center center","background-size":"auto","background-attachment":"scroll","background-type":"","background-media":"","overlay-type":"","overlay-color":"","overlay-opacity":"","overlay-gradient":""},"mobile":{"background-color":"","background-image":"","background-repeat":"repeat","background-position":"center center","background-size":"auto","background-attachment":"scroll","background-type":"","background-media":"","overlay-type":"","overlay-color":"","overlay-opacity":"","overlay-gradient":""}},"ast-content-background-meta":{"desktop":{"background-color":"var(--ast-global-color-5)","background-image":"","background-repeat":"repeat","background-position":"center center","background-size":"auto","background-attachment":"scroll","background-type":"","background-media":"","overlay-type":"","overlay-color":"","overlay-opacity":"","overlay-gradient":""},"tablet":{"background-color":"var(--ast-global-color-5)","background-image":"","background-repeat":"repeat","background-position":"center center","background-size":"auto","background-attachment":"scroll","background-type":"","background-media":"","overlay-type":"","overlay-color":"","overlay-opacity":"","overlay-gradient":""},"mobile":{"background-color":"var(--ast-global-color-5)","background-image":"","background-repeat":"repeat","background-position":"center center","background-size":"auto","background-attachment":"scroll","background-type":"","background-media":"","overlay-type":"","overlay-color":"","overlay-opacity":"","overlay-gradient":""}}},"class_list":["post-14371","product","type-product","status-publish","has-post-thumbnail","hentry","product_cat-kablovi-mobilni-audio","product_cat-fiio","product_tag-fiio","desktop-align-center","tablet-align-center","mobile-align-center","ast-product-gallery-layout-horizontal","ast-product-gallery-with-no-image","ast-magnify-disabled","ast-product-tabs-layout-horizontal"],"yoast_head":"<!-- This site is optimized with the Yoast SEO plugin v21.4 - https:\/\/yoast.com\/wordpress\/plugins\/seo\/ -->\n<title>FiiO LC-RE MMCX - hd-multimedia<\/title>\n<meta name=\"description\" content=\"Kabel za slu\u0161alice, s tipovima konektora koji uklju\u010duju 2,5 mm, 3,5 mm i 4,4 mm na jednom kraju i mmcx na drugom, ima du\u017einu od 1,2 metra.\" \/>\n<meta name=\"robots\" content=\"index, follow, max-snippet:-1, max-image-preview:large, max-video-preview:-1\" \/>\n<link rel=\"canonical\" href=\"https:\/\/hd-multimedia.com\/sl\/trgovina\/fiio-lc-re-mmcx\/\" \/>\n<meta property=\"og:locale\" content=\"sl_SI\" \/>\n<meta property=\"og:type\" content=\"article\" \/>\n<meta property=\"og:title\" content=\"FiiO LC-RE MMCX - hd-multimedia\" \/>\n<meta property=\"og:description\" content=\"Kabel za slu\u0161alice, s tipovima konektora koji uklju\u010duju 2,5 mm, 3,5 mm i 4,4 mm na jednom kraju i mmcx na drugom, ima du\u017einu od 1,2 metra.\" \/>\n<meta property=\"og:url\" content=\"https:\/\/hd-multimedia.com\/sl\/trgovina\/fiio-lc-re-mmcx\/\" \/>\n<meta property=\"og:site_name\" content=\"hd-multimedia\" \/>\n<meta property=\"article:modified_time\" content=\"2024-06-17T07:22:06+00:00\" \/>\n<meta property=\"og:image\" content=\"https:\/\/hd-multimedia.com\/hdm_media\/a628780b-6c0e-431e-bb13-43e5aa80989c_cropped-e1707728546495.jpg\" \/>\n\t<meta property=\"og:image:width\" content=\"486\" \/>\n\t<meta property=\"og:image:height\" content=\"486\" \/>\n\t<meta property=\"og:image:type\" content=\"image\/jpeg\" \/>\n<meta name=\"twitter:card\" content=\"summary_large_image\" \/>\n<meta name=\"twitter:label1\" content=\"Est. reading time\" \/>\n\t<meta name=\"twitter:data1\" content=\"1 minuta\" \/>\n<script type=\"application\/ld+json\" class=\"yoast-schema-graph\">{\"@context\":\"https:\/\/schema.org\",\"@graph\":[{\"@type\":\"WebPage\",\"@id\":\"https:\/\/hd-multimedia.com\/trgovina\/fiio-lc-re-mmcx\/\",\"url\":\"https:\/\/hd-multimedia.com\/trgovina\/fiio-lc-re-mmcx\/\",\"name\":\"FiiO LC-RE MMCX - hd-multimedia\",\"isPartOf\":{\"@id\":\"https:\/\/hd-multimedia.com\/#website\"},\"datePublished\":\"2024-02-12T08:57:55+00:00\",\"dateModified\":\"2024-06-17T07:22:06+00:00\",\"description\":\"Kabel za slu\u0161alice, s tipovima konektora koji uklju\u010duju 2,5 mm, 3,5 mm i 4,4 mm na jednom kraju i mmcx na drugom, ima du\u017einu od 1,2 metra.\",\"breadcrumb\":{\"@id\":\"https:\/\/hd-multimedia.com\/trgovina\/fiio-lc-re-mmcx\/#breadcrumb\"},\"inLanguage\":\"sl-SI\",\"potentialAction\":[{\"@type\":\"ReadAction\",\"target\":[\"https:\/\/hd-multimedia.com\/trgovina\/fiio-lc-re-mmcx\/\"]}]},{\"@type\":\"BreadcrumbList\",\"@id\":\"https:\/\/hd-multimedia.com\/trgovina\/fiio-lc-re-mmcx\/#breadcrumb\",\"itemListElement\":[{\"@type\":\"ListItem\",\"position\":1,\"name\":\"Po\u010detna stranica\",\"item\":\"https:\/\/hd-multimedia.com\/\"},{\"@type\":\"ListItem\",\"position\":2,\"name\":\"Trgovina\",\"item\":\"https:\/\/hd-multimedia.com\/trgovina\/\"},{\"@type\":\"ListItem\",\"position\":3,\"name\":\"FiiO LC-RE MMCX\"}]},{\"@type\":\"WebSite\",\"@id\":\"https:\/\/hd-multimedia.com\/#website\",\"url\":\"https:\/\/hd-multimedia.com\/\",\"name\":\"hd-multimedia\",\"description\":\"\",\"publisher\":{\"@id\":\"https:\/\/hd-multimedia.com\/#organization\"},\"potentialAction\":[{\"@type\":\"SearchAction\",\"target\":{\"@type\":\"EntryPoint\",\"urlTemplate\":\"https:\/\/hd-multimedia.com\/?s={search_term_string}\"},\"query-input\":\"required name=search_term_string\"}],\"inLanguage\":\"sl-SI\"},{\"@type\":\"Organization\",\"@id\":\"https:\/\/hd-multimedia.com\/#organization\",\"name\":\"hd-multimedia\",\"url\":\"https:\/\/hd-multimedia.com\/\",\"logo\":{\"@type\":\"ImageObject\",\"inLanguage\":\"sl-SI\",\"@id\":\"https:\/\/hd-multimedia.com\/#\/schema\/logo\/image\/\",\"url\":\"https:\/\/hd-multimedia.com\/hdm_media\/HD-curves-ok-196-56px-alpha-1.png\",\"contentUrl\":\"https:\/\/hd-multimedia.com\/hdm_media\/HD-curves-ok-196-56px-alpha-1.png\",\"width\":196,\"height\":53,\"caption\":\"hd-multimedia\"},\"image\":{\"@id\":\"https:\/\/hd-multimedia.com\/#\/schema\/logo\/image\/\"}}]}<\/script>\n<!-- \/ Yoast SEO plugin. -->","yoast_head_json":{"title":"FiiO LC-RE MMCX - hd-multimedia","description":"Kabel za slu\u0161alice, s tipovima konektora koji uklju\u010duju 2,5 mm, 3,5 mm i 4,4 mm na jednom kraju i mmcx na drugom, ima du\u017einu od 1,2 metra.","robots":{"index":"index","follow":"follow","max-snippet":"max-snippet:-1","max-image-preview":"max-image-preview:large","max-video-preview":"max-video-preview:-1"},"canonical":"https:\/\/hd-multimedia.com\/sl\/trgovina\/fiio-lc-re-mmcx\/","og_locale":"sl_SI","og_type":"article","og_title":"FiiO LC-RE MMCX - hd-multimedia","og_description":"Kabel za slu\u0161alice, s tipovima konektora koji uklju\u010duju 2,5 mm, 3,5 mm i 4,4 mm na jednom kraju i mmcx na drugom, ima du\u017einu od 1,2 metra.","og_url":"https:\/\/hd-multimedia.com\/sl\/trgovina\/fiio-lc-re-mmcx\/","og_site_name":"hd-multimedia","article_modified_time":"2024-06-17T07:22:06+00:00","og_image":[{"width":486,"height":486,"url":"https:\/\/hd-multimedia.com\/hdm_media\/a628780b-6c0e-431e-bb13-43e5aa80989c_cropped-e1707728546495.jpg","type":"image\/jpeg"}],"twitter_card":"summary_large_image","twitter_misc":{"Est. reading time":"1 minuta"},"schema":{"@context":"https:\/\/schema.org","@graph":[{"@type":"WebPage","@id":"https:\/\/hd-multimedia.com\/trgovina\/fiio-lc-re-mmcx\/","url":"https:\/\/hd-multimedia.com\/trgovina\/fiio-lc-re-mmcx\/","name":"FiiO LC-RE MMCX - hd-multimedia","isPartOf":{"@id":"https:\/\/hd-multimedia.com\/#website"},"datePublished":"2024-02-12T08:57:55+00:00","dateModified":"2024-06-17T07:22:06+00:00","description":"Kabel za slu\u0161alice, s tipovima konektora koji uklju\u010duju 2,5 mm, 3,5 mm i 4,4 mm na jednom kraju i mmcx na drugom, ima du\u017einu od 1,2 metra.","breadcrumb":{"@id":"https:\/\/hd-multimedia.com\/trgovina\/fiio-lc-re-mmcx\/#breadcrumb"},"inLanguage":"sl-SI","potentialAction":[{"@type":"ReadAction","target":["https:\/\/hd-multimedia.com\/trgovina\/fiio-lc-re-mmcx\/"]}]},{"@type":"BreadcrumbList","@id":"https:\/\/hd-multimedia.com\/trgovina\/fiio-lc-re-mmcx\/#breadcrumb","itemListElement":[{"@type":"ListItem","position":1,"name":"Po\u010detna stranica","item":"https:\/\/hd-multimedia.com\/"},{"@type":"ListItem","position":2,"name":"Trgovina","item":"https:\/\/hd-multimedia.com\/trgovina\/"},{"@type":"ListItem","position":3,"name":"FiiO LC-RE MMCX"}]},{"@type":"WebSite","@id":"https:\/\/hd-multimedia.com\/#website","url":"https:\/\/hd-multimedia.com\/","name":"hd-multimedia","description":"","publisher":{"@id":"https:\/\/hd-multimedia.com\/#organization"},"potentialAction":[{"@type":"SearchAction","target":{"@type":"EntryPoint","urlTemplate":"https:\/\/hd-multimedia.com\/?s={search_term_string}"},"query-input":"required name=search_term_string"}],"inLanguage":"sl-SI"},{"@type":"Organization","@id":"https:\/\/hd-multimedia.com\/#organization","name":"hd-multimedia","url":"https:\/\/hd-multimedia.com\/","logo":{"@type":"ImageObject","inLanguage":"sl-SI","@id":"https:\/\/hd-multimedia.com\/#\/schema\/logo\/image\/","url":"https:\/\/hd-multimedia.com\/hdm_media\/HD-curves-ok-196-56px-alpha-1.png","contentUrl":"https:\/\/hd-multimedia.com\/hdm_media\/HD-curves-ok-196-56px-alpha-1.png","width":196,"height":53,"caption":"hd-multimedia"},"image":{"@id":"https:\/\/hd-multimedia.com\/#\/schema\/logo\/image\/"}}]}},"post_mailing_queue_ids":[],"_links":{"self":[{"href":"https:\/\/hd-multimedia.com\/sl\/wp-json\/wp\/v2\/product\/14371","targetHints":{"allow":["GET"]}}],"collection":[{"href":"https:\/\/hd-multimedia.com\/sl\/wp-json\/wp\/v2\/product"}],"about":[{"href":"https:\/\/hd-multimedia.com\/sl\/wp-json\/wp\/v2\/types\/product"}],"version-history":[{"count":3,"href":"https:\/\/hd-multimedia.com\/sl\/wp-json\/wp\/v2\/product\/14371\/revisions"}],"predecessor-version":[{"id":15883,"href":"https:\/\/hd-multimedia.com\/sl\/wp-json\/wp\/v2\/product\/14371\/revisions\/15883"}],"wp:featuredmedia":[{"embeddable":true,"href":"https:\/\/hd-multimedia.com\/sl\/wp-json\/wp\/v2\/media\/14374"}],"wp:attachment":[{"href":"https:\/\/hd-multimedia.com\/sl\/wp-json\/wp\/v2\/media?parent=14371"}],"curies":[{"name":"wp","href":"https:\/\/api.w.org\/{rel}","templated":true}]}}