{"id":14128,"date":"2024-01-24T09:26:12","date_gmt":"2024-01-24T09:26:12","guid":{"rendered":"https:\/\/hd-multimedia.com\/?post_type=product&#038;p=14128"},"modified":"2024-07-22T07:28:29","modified_gmt":"2024-07-22T07:28:29","slug":"edifier-stax-spirit-s3","status":"publish","type":"product","link":"https:\/\/hd-multimedia.com\/sl\/trgovina\/edifier-stax-spirit-s3\/","title":{"rendered":"Edifier Stax Spirit S3"},"content":{"rendered":"<ul>\n<li>Bluetooth: V5.2<\/li>\n<li>Bluetooth protokol: A2DP, AVRCP, HFP<\/li>\n<li>\u010cas predvajanja: 80 ur<\/li>\n<li>Vrata za polnjenje: USB-C (Type-C)<\/li>\n<li>Vhod: 5 V \u2393 1,5 A<\/li>\n<li>\u010cas polnjenja: pribli\u017eno 1,5 ure<\/li>\n<li>Avdio kodiranje: Qualcomm\u00ae aptX\u2122 Adaptive, Qualcomm\u00ae aptX\u2122 HD, Qualcomm\u00ae aptX\u2122, SBC<\/li>\n<li>Pogonska enota: 89 mm * 70 mm planarni magnetni pogon<\/li>\n<li>Nivo zvo\u010dnega tlaka: 94 \u00b1 3dBSPL(A)<\/li>\n<li>Frekven\u010dni odziv: 20Hz~40KHz<\/li>\n<li>Te\u017ea: 329g<\/li>\n<li>Dimenzije (D x \u0160 x V mm): 208x110x255 mm<\/li>\n<\/ul>\n<p><a href=\"https:\/\/www.edifier.com\/global\/p\/over-ear-on-ear-headphones\/s3\" target=\"_blank\" rel=\"noopener\">Ostale informacije najdete na tej povezavi.<\/a><\/p>","protected":false},"excerpt":{"rendered":"<p>Do\u017eivite vrhunsko zvo\u010dno izku\u0161njo s STAX SPIRIT S3, zasnovanim za glasbene avdiofile z naprednim planarnim magnetnim gonilnikom za zmanj\u0161ano popa\u010denje in \u0161ir\u0161i dinami\u010dni odziv. S tehnologijo magnetne strukture Audeze Fluxor\u2122 in neodimskimi magneti po meri dose\u017ee dvojno gostoto pretoka v primerjavi z obi\u010dajnimi magneti, kar zagotavlja neprimerljivo u\u010dinkovitost. Tehnologija Qualcomm\u00ae aptX\u2122 Voice znatno izbolj\u0161a razmerje med signalom in \u0161umom, kar zagotavlja izjemno kakovost glasovnega klica pri 32 kHz. Enostavno preklapljajte med dvema napravama Bluetooth za glasbo, igre ali telefonske klice, zaradi \u010desar je SPIRIT S3 idealen za raznolike in visokokakovostne zvo\u010dne izku\u0161nje.<\/p>\n<p><a href=\"https:\/\/www.edifier.com\/global\/p\/over-ear-on-ear-headphones\/s3\" target=\"_blank\" rel=\"noopener\">Ostale informacije najdete na tej povezavi.<\/a><\/p>","protected":false},"featured_media":14130,"template":"","meta":{"site-sidebar-layout":"default","site-content-layout":"","ast-site-content-layout":"default","site-content-style":"default","site-sidebar-style":"default","ast-global-header-display":"","ast-banner-title-visibility":"","ast-main-header-display":"","ast-hfb-above-header-display":"","ast-hfb-below-header-display":"","ast-hfb-mobile-header-display":"","site-post-title":"","ast-breadcrumbs-content":"","ast-featured-img":"","footer-sml-layout":"","theme-transparent-header-meta":"default","adv-header-id-meta":"","stick-header-meta":"default","header-above-stick-meta":"","header-main-stick-meta":"","header-below-stick-meta":"","astra-migrate-meta-layouts":"set","ast-page-background-enabled":"default","ast-page-background-meta":{"desktop":{"background-color":"","background-image":"","background-repeat":"repeat","background-position":"center center","background-size":"auto","background-attachment":"scroll","background-type":"","background-media":"","overlay-type":"","overlay-color":"","overlay-opacity":"","overlay-gradient":""},"tablet":{"background-color":"","background-image":"","background-repeat":"repeat","background-position":"center center","background-size":"auto","background-attachment":"scroll","background-type":"","background-media":"","overlay-type":"","overlay-color":"","overlay-opacity":"","overlay-gradient":""},"mobile":{"background-color":"","background-image":"","background-repeat":"repeat","background-position":"center center","background-size":"auto","background-attachment":"scroll","background-type":"","background-media":"","overlay-type":"","overlay-color":"","overlay-opacity":"","overlay-gradient":""}},"ast-content-background-meta":{"desktop":{"background-color":"var(--ast-global-color-5)","background-image":"","background-repeat":"repeat","background-position":"center center","background-size":"auto","background-attachment":"scroll","background-type":"","background-media":"","overlay-type":"","overlay-color":"","overlay-opacity":"","overlay-gradient":""},"tablet":{"background-color":"var(--ast-global-color-5)","background-image":"","background-repeat":"repeat","background-position":"center center","background-size":"auto","background-attachment":"scroll","background-type":"","background-media":"","overlay-type":"","overlay-color":"","overlay-opacity":"","overlay-gradient":""},"mobile":{"background-color":"var(--ast-global-color-5)","background-image":"","background-repeat":"repeat","background-position":"center center","background-size":"auto","background-attachment":"scroll","background-type":"","background-media":"","overlay-type":"","overlay-color":"","overlay-opacity":"","overlay-gradient":""}}},"class_list":["post-14128","product","type-product","status-publish","has-post-thumbnail","hentry","product_cat-stax","product_cat-bluetooth-slusalice","product_cat-naglavne-slusalice","product_cat-edifier","desktop-align-center","tablet-align-center","mobile-align-center","ast-product-gallery-layout-horizontal","ast-magnify-disabled","ast-product-tabs-layout-horizontal"],"yoast_head":"<!-- This site is optimized with the Yoast SEO plugin v21.4 - https:\/\/yoast.com\/wordpress\/plugins\/seo\/ -->\n<title>Edifier Stax Spirit S3 - hd-multimedia<\/title>\n<meta name=\"description\" content=\"Do\u017eivite vrhunski audio do\u017eivljaj s STAX SPIRIT S3, namijenjen glazbenim audiofilima s naprednim planarno-magnetskim drajverom za smanjenje distorzija.\" \/>\n<meta name=\"robots\" content=\"index, follow, max-snippet:-1, max-image-preview:large, max-video-preview:-1\" \/>\n<link rel=\"canonical\" href=\"https:\/\/hd-multimedia.com\/sl\/trgovina\/edifier-stax-spirit-s3\/\" \/>\n<meta property=\"og:locale\" content=\"sl_SI\" \/>\n<meta property=\"og:type\" content=\"article\" \/>\n<meta property=\"og:title\" content=\"Edifier Stax Spirit S3 - hd-multimedia\" \/>\n<meta property=\"og:description\" content=\"Do\u017eivite vrhunski audio do\u017eivljaj s STAX SPIRIT S3, namijenjen glazbenim audiofilima s naprednim planarno-magnetskim drajverom za smanjenje distorzija.\" \/>\n<meta property=\"og:url\" content=\"https:\/\/hd-multimedia.com\/sl\/trgovina\/edifier-stax-spirit-s3\/\" \/>\n<meta property=\"og:site_name\" content=\"hd-multimedia\" \/>\n<meta property=\"article:modified_time\" content=\"2024-07-22T07:28:29+00:00\" \/>\n<meta property=\"og:image\" content=\"https:\/\/hd-multimedia.com\/hdm_media\/4350c4c500252a13a0f126147aa8076c.png\" \/>\n\t<meta property=\"og:image:width\" content=\"800\" \/>\n\t<meta property=\"og:image:height\" content=\"800\" \/>\n\t<meta property=\"og:image:type\" content=\"image\/png\" \/>\n<meta name=\"twitter:card\" content=\"summary_large_image\" \/>\n<meta name=\"twitter:label1\" content=\"Est. reading time\" \/>\n\t<meta name=\"twitter:data1\" content=\"1 minuta\" \/>\n<script type=\"application\/ld+json\" class=\"yoast-schema-graph\">{\"@context\":\"https:\/\/schema.org\",\"@graph\":[{\"@type\":\"WebPage\",\"@id\":\"https:\/\/hd-multimedia.com\/trgovina\/edifier-stax-spirit-s3\/\",\"url\":\"https:\/\/hd-multimedia.com\/trgovina\/edifier-stax-spirit-s3\/\",\"name\":\"Edifier Stax Spirit S3 - hd-multimedia\",\"isPartOf\":{\"@id\":\"https:\/\/hd-multimedia.com\/#website\"},\"datePublished\":\"2024-01-24T09:26:12+00:00\",\"dateModified\":\"2024-07-22T07:28:29+00:00\",\"description\":\"Do\u017eivite vrhunski audio do\u017eivljaj s STAX SPIRIT S3, namijenjen glazbenim audiofilima s naprednim planarno-magnetskim drajverom za smanjenje distorzija.\",\"breadcrumb\":{\"@id\":\"https:\/\/hd-multimedia.com\/trgovina\/edifier-stax-spirit-s3\/#breadcrumb\"},\"inLanguage\":\"sl-SI\",\"potentialAction\":[{\"@type\":\"ReadAction\",\"target\":[\"https:\/\/hd-multimedia.com\/trgovina\/edifier-stax-spirit-s3\/\"]}]},{\"@type\":\"BreadcrumbList\",\"@id\":\"https:\/\/hd-multimedia.com\/trgovina\/edifier-stax-spirit-s3\/#breadcrumb\",\"itemListElement\":[{\"@type\":\"ListItem\",\"position\":1,\"name\":\"Po\u010detna stranica\",\"item\":\"https:\/\/hd-multimedia.com\/\"},{\"@type\":\"ListItem\",\"position\":2,\"name\":\"Trgovina\",\"item\":\"https:\/\/hd-multimedia.com\/trgovina\/\"},{\"@type\":\"ListItem\",\"position\":3,\"name\":\"Edifier Stax Spirit S3\"}]},{\"@type\":\"WebSite\",\"@id\":\"https:\/\/hd-multimedia.com\/#website\",\"url\":\"https:\/\/hd-multimedia.com\/\",\"name\":\"hd-multimedia\",\"description\":\"\",\"publisher\":{\"@id\":\"https:\/\/hd-multimedia.com\/#organization\"},\"potentialAction\":[{\"@type\":\"SearchAction\",\"target\":{\"@type\":\"EntryPoint\",\"urlTemplate\":\"https:\/\/hd-multimedia.com\/?s={search_term_string}\"},\"query-input\":\"required name=search_term_string\"}],\"inLanguage\":\"sl-SI\"},{\"@type\":\"Organization\",\"@id\":\"https:\/\/hd-multimedia.com\/#organization\",\"name\":\"hd-multimedia\",\"url\":\"https:\/\/hd-multimedia.com\/\",\"logo\":{\"@type\":\"ImageObject\",\"inLanguage\":\"sl-SI\",\"@id\":\"https:\/\/hd-multimedia.com\/#\/schema\/logo\/image\/\",\"url\":\"https:\/\/hd-multimedia.com\/hdm_media\/HD-curves-ok-196-56px-alpha-1.png\",\"contentUrl\":\"https:\/\/hd-multimedia.com\/hdm_media\/HD-curves-ok-196-56px-alpha-1.png\",\"width\":196,\"height\":53,\"caption\":\"hd-multimedia\"},\"image\":{\"@id\":\"https:\/\/hd-multimedia.com\/#\/schema\/logo\/image\/\"}}]}<\/script>\n<!-- \/ Yoast SEO plugin. -->","yoast_head_json":{"title":"Edifier Stax Spirit S3 - hd-multimedia","description":"Do\u017eivite vrhunski audio do\u017eivljaj s STAX SPIRIT S3, namijenjen glazbenim audiofilima s naprednim planarno-magnetskim drajverom za smanjenje distorzija.","robots":{"index":"index","follow":"follow","max-snippet":"max-snippet:-1","max-image-preview":"max-image-preview:large","max-video-preview":"max-video-preview:-1"},"canonical":"https:\/\/hd-multimedia.com\/sl\/trgovina\/edifier-stax-spirit-s3\/","og_locale":"sl_SI","og_type":"article","og_title":"Edifier Stax Spirit S3 - hd-multimedia","og_description":"Do\u017eivite vrhunski audio do\u017eivljaj s STAX SPIRIT S3, namijenjen glazbenim audiofilima s naprednim planarno-magnetskim drajverom za smanjenje distorzija.","og_url":"https:\/\/hd-multimedia.com\/sl\/trgovina\/edifier-stax-spirit-s3\/","og_site_name":"hd-multimedia","article_modified_time":"2024-07-22T07:28:29+00:00","og_image":[{"width":800,"height":800,"url":"https:\/\/hd-multimedia.com\/hdm_media\/4350c4c500252a13a0f126147aa8076c.png","type":"image\/png"}],"twitter_card":"summary_large_image","twitter_misc":{"Est. reading time":"1 minuta"},"schema":{"@context":"https:\/\/schema.org","@graph":[{"@type":"WebPage","@id":"https:\/\/hd-multimedia.com\/trgovina\/edifier-stax-spirit-s3\/","url":"https:\/\/hd-multimedia.com\/trgovina\/edifier-stax-spirit-s3\/","name":"Edifier Stax Spirit S3 - hd-multimedia","isPartOf":{"@id":"https:\/\/hd-multimedia.com\/#website"},"datePublished":"2024-01-24T09:26:12+00:00","dateModified":"2024-07-22T07:28:29+00:00","description":"Do\u017eivite vrhunski audio do\u017eivljaj s STAX SPIRIT S3, namijenjen glazbenim audiofilima s naprednim planarno-magnetskim drajverom za smanjenje distorzija.","breadcrumb":{"@id":"https:\/\/hd-multimedia.com\/trgovina\/edifier-stax-spirit-s3\/#breadcrumb"},"inLanguage":"sl-SI","potentialAction":[{"@type":"ReadAction","target":["https:\/\/hd-multimedia.com\/trgovina\/edifier-stax-spirit-s3\/"]}]},{"@type":"BreadcrumbList","@id":"https:\/\/hd-multimedia.com\/trgovina\/edifier-stax-spirit-s3\/#breadcrumb","itemListElement":[{"@type":"ListItem","position":1,"name":"Po\u010detna stranica","item":"https:\/\/hd-multimedia.com\/"},{"@type":"ListItem","position":2,"name":"Trgovina","item":"https:\/\/hd-multimedia.com\/trgovina\/"},{"@type":"ListItem","position":3,"name":"Edifier Stax Spirit S3"}]},{"@type":"WebSite","@id":"https:\/\/hd-multimedia.com\/#website","url":"https:\/\/hd-multimedia.com\/","name":"hd-multimedia","description":"","publisher":{"@id":"https:\/\/hd-multimedia.com\/#organization"},"potentialAction":[{"@type":"SearchAction","target":{"@type":"EntryPoint","urlTemplate":"https:\/\/hd-multimedia.com\/?s={search_term_string}"},"query-input":"required name=search_term_string"}],"inLanguage":"sl-SI"},{"@type":"Organization","@id":"https:\/\/hd-multimedia.com\/#organization","name":"hd-multimedia","url":"https:\/\/hd-multimedia.com\/","logo":{"@type":"ImageObject","inLanguage":"sl-SI","@id":"https:\/\/hd-multimedia.com\/#\/schema\/logo\/image\/","url":"https:\/\/hd-multimedia.com\/hdm_media\/HD-curves-ok-196-56px-alpha-1.png","contentUrl":"https:\/\/hd-multimedia.com\/hdm_media\/HD-curves-ok-196-56px-alpha-1.png","width":196,"height":53,"caption":"hd-multimedia"},"image":{"@id":"https:\/\/hd-multimedia.com\/#\/schema\/logo\/image\/"}}]}},"post_mailing_queue_ids":[],"_links":{"self":[{"href":"https:\/\/hd-multimedia.com\/sl\/wp-json\/wp\/v2\/product\/14128","targetHints":{"allow":["GET"]}}],"collection":[{"href":"https:\/\/hd-multimedia.com\/sl\/wp-json\/wp\/v2\/product"}],"about":[{"href":"https:\/\/hd-multimedia.com\/sl\/wp-json\/wp\/v2\/types\/product"}],"version-history":[{"count":1,"href":"https:\/\/hd-multimedia.com\/sl\/wp-json\/wp\/v2\/product\/14128\/revisions"}],"predecessor-version":[{"id":14135,"href":"https:\/\/hd-multimedia.com\/sl\/wp-json\/wp\/v2\/product\/14128\/revisions\/14135"}],"wp:featuredmedia":[{"embeddable":true,"href":"https:\/\/hd-multimedia.com\/sl\/wp-json\/wp\/v2\/media\/14130"}],"wp:attachment":[{"href":"https:\/\/hd-multimedia.com\/sl\/wp-json\/wp\/v2\/media?parent=14128"}],"curies":[{"name":"wp","href":"https:\/\/api.w.org\/{rel}","templated":true}]}}