{"id":14121,"date":"2024-01-24T08:44:24","date_gmt":"2024-01-24T08:44:24","guid":{"rendered":"https:\/\/hd-multimedia.com\/?post_type=product&#038;p=14121"},"modified":"2025-09-23T09:23:28","modified_gmt":"2025-09-23T09:23:28","slug":"edifier-wh950nb","status":"publish","type":"product","link":"https:\/\/hd-multimedia.com\/sl\/trgovina\/edifier-wh950nb\/","title":{"rendered":"Edifier WH950NB"},"content":{"rendered":"<ul>\n<li>Bluetooth: V5.3<\/li>\n<li>Protokol Bluetooth: A2DP, AVRCP, HFP<\/li>\n<li>\u010das predvajanja:<\/li>\n<li>ANC vklopljen: 34 ur<\/li>\n<li>ANC izklopljen: 55 ur<\/li>\n<li>Vrata za polnjenje: USB-C (Type-C)<\/li>\n<li>\u010cas polnjenja: 1,5 ure<\/li>\n<li>Vhod: 5V \u2393 1A<\/li>\n<li>Avdio kodiranje: LDAC, SBC<\/li>\n<li>Gonilnik: \u042440mm Dynamic<\/li>\n<li>Frekven\u010dni odziv: 20Hz \u2013 40kHz<\/li>\n<li>Izhodna raven zvo\u010dnega tlaka: 91dB \u00b1 3dBSPL(A)<\/li>\n<li>Te\u017ea: 296 \u00b1 1g<\/li>\n<li>Dimenzije (D x \u0160 x V mm): 193 x 169 x 82 mm<\/li>\n<\/ul>\n<p><a href=\"https:\/\/www.edifier.com\/global\/p\/over-ear-on-ear-headphones\/wh950nb\" target=\"_blank\" rel=\"noopener\">Ostale informacije najdete na tej povezavi.<\/a><\/p>","protected":false},"excerpt":{"rendered":"<p>Slu\u0161alke WH950NB so opremljene z inteligentnimi aktivnimi algoritmi za zmanj\u0161evanje hrupa, ki ponujajo dve mo\u017enosti za odpravo hrupa iz okolice in prilagajanje okolju poslu\u0161anja. Te slu\u0161alke, ki podpirajo Hi-Res Audio in Hi-Res Audio Wireless s certifikatom LDAC, ki jih je uglasila akusti\u010dna ekipa svetovnega razreda, zagotavljajo zvok studijske kakovosti s frekven\u010dnim odzivom 40 kHz. S \u0161tirimi vgrajenimi mikrofoni in procesorjem zvo\u010dnega signala WH950NB zagotavlja jasne glasovne klice tako, da osredoto\u010di va\u0161 glas, zmanj\u0161a hrup v ozadju in zadu\u0161i veter ter izbolj\u0161a kakovost pogovora.<\/p>\n<p><a href=\"https:\/\/www.edifier.com\/global\/p\/over-ear-on-ear-headphones\/wh950nb\" target=\"_blank\" rel=\"noopener\">Ostale informacije najdete na tej povezavi.<\/a><\/p>","protected":false},"featured_media":14123,"template":"","meta":{"site-sidebar-layout":"default","site-content-layout":"","ast-site-content-layout":"default","site-content-style":"default","site-sidebar-style":"default","ast-global-header-display":"","ast-banner-title-visibility":"","ast-main-header-display":"","ast-hfb-above-header-display":"","ast-hfb-below-header-display":"","ast-hfb-mobile-header-display":"","site-post-title":"","ast-breadcrumbs-content":"","ast-featured-img":"","footer-sml-layout":"","theme-transparent-header-meta":"default","adv-header-id-meta":"","stick-header-meta":"default","header-above-stick-meta":"","header-main-stick-meta":"","header-below-stick-meta":"","astra-migrate-meta-layouts":"set","ast-page-background-enabled":"default","ast-page-background-meta":{"desktop":{"background-color":"","background-image":"","background-repeat":"repeat","background-position":"center center","background-size":"auto","background-attachment":"scroll","background-type":"","background-media":"","overlay-type":"","overlay-color":"","overlay-opacity":"","overlay-gradient":""},"tablet":{"background-color":"","background-image":"","background-repeat":"repeat","background-position":"center center","background-size":"auto","background-attachment":"scroll","background-type":"","background-media":"","overlay-type":"","overlay-color":"","overlay-opacity":"","overlay-gradient":""},"mobile":{"background-color":"","background-image":"","background-repeat":"repeat","background-position":"center center","background-size":"auto","background-attachment":"scroll","background-type":"","background-media":"","overlay-type":"","overlay-color":"","overlay-opacity":"","overlay-gradient":""}},"ast-content-background-meta":{"desktop":{"background-color":"var(--ast-global-color-5)","background-image":"","background-repeat":"repeat","background-position":"center center","background-size":"auto","background-attachment":"scroll","background-type":"","background-media":"","overlay-type":"","overlay-color":"","overlay-opacity":"","overlay-gradient":""},"tablet":{"background-color":"var(--ast-global-color-5)","background-image":"","background-repeat":"repeat","background-position":"center center","background-size":"auto","background-attachment":"scroll","background-type":"","background-media":"","overlay-type":"","overlay-color":"","overlay-opacity":"","overlay-gradient":""},"mobile":{"background-color":"var(--ast-global-color-5)","background-image":"","background-repeat":"repeat","background-position":"center center","background-size":"auto","background-attachment":"scroll","background-type":"","background-media":"","overlay-type":"","overlay-color":"","overlay-opacity":"","overlay-gradient":""}}},"class_list":["post-14121","product","type-product","status-publish","has-post-thumbnail","hentry","product_cat-bluetooth-slusalice","product_cat-naglavne-slusalice","product_cat-edifier","desktop-align-center","tablet-align-center","mobile-align-center","ast-product-gallery-layout-horizontal","ast-magnify-disabled","ast-product-tabs-layout-horizontal"],"yoast_head":"<!-- This site is optimized with the Yoast SEO plugin v21.4 - https:\/\/yoast.com\/wordpress\/plugins\/seo\/ -->\n<title>Edifier WH950NB - hd-multimedia<\/title>\n<meta name=\"description\" content=\"Slu\u0161alice WH950NB opremljene su inteligentnim algoritmima aktivne redukcije buke koji nude dvije opcije za eliminaciju okolne buke i prilagodbu okoline.\" \/>\n<meta name=\"robots\" content=\"index, follow, max-snippet:-1, max-image-preview:large, max-video-preview:-1\" \/>\n<link rel=\"canonical\" href=\"https:\/\/hd-multimedia.com\/sl\/trgovina\/edifier-wh950nb\/\" \/>\n<meta property=\"og:locale\" content=\"sl_SI\" \/>\n<meta property=\"og:type\" content=\"article\" \/>\n<meta property=\"og:title\" content=\"Edifier WH950NB - hd-multimedia\" \/>\n<meta property=\"og:description\" content=\"Slu\u0161alice WH950NB opremljene su inteligentnim algoritmima aktivne redukcije buke koji nude dvije opcije za eliminaciju okolne buke i prilagodbu okoline.\" \/>\n<meta property=\"og:url\" content=\"https:\/\/hd-multimedia.com\/sl\/trgovina\/edifier-wh950nb\/\" \/>\n<meta property=\"og:site_name\" content=\"hd-multimedia\" \/>\n<meta property=\"article:modified_time\" content=\"2025-09-23T09:23:28+00:00\" \/>\n<meta property=\"og:image\" content=\"https:\/\/hd-multimedia.com\/hdm_media\/549fb8d7293e8b3efc26374ed87f74a8.png\" \/>\n\t<meta property=\"og:image:width\" content=\"800\" \/>\n\t<meta property=\"og:image:height\" content=\"800\" \/>\n\t<meta property=\"og:image:type\" content=\"image\/png\" \/>\n<meta name=\"twitter:card\" content=\"summary_large_image\" \/>\n<meta name=\"twitter:label1\" content=\"Est. reading time\" \/>\n\t<meta name=\"twitter:data1\" content=\"1 minuta\" \/>\n<script type=\"application\/ld+json\" class=\"yoast-schema-graph\">{\"@context\":\"https:\/\/schema.org\",\"@graph\":[{\"@type\":\"WebPage\",\"@id\":\"https:\/\/hd-multimedia.com\/trgovina\/edifier-wh950nb\/\",\"url\":\"https:\/\/hd-multimedia.com\/trgovina\/edifier-wh950nb\/\",\"name\":\"Edifier WH950NB - hd-multimedia\",\"isPartOf\":{\"@id\":\"https:\/\/hd-multimedia.com\/#website\"},\"datePublished\":\"2024-01-24T08:44:24+00:00\",\"dateModified\":\"2025-09-23T09:23:28+00:00\",\"description\":\"Slu\u0161alice WH950NB opremljene su inteligentnim algoritmima aktivne redukcije buke koji nude dvije opcije za eliminaciju okolne buke i prilagodbu okoline.\",\"breadcrumb\":{\"@id\":\"https:\/\/hd-multimedia.com\/trgovina\/edifier-wh950nb\/#breadcrumb\"},\"inLanguage\":\"sl-SI\",\"potentialAction\":[{\"@type\":\"ReadAction\",\"target\":[\"https:\/\/hd-multimedia.com\/trgovina\/edifier-wh950nb\/\"]}]},{\"@type\":\"BreadcrumbList\",\"@id\":\"https:\/\/hd-multimedia.com\/trgovina\/edifier-wh950nb\/#breadcrumb\",\"itemListElement\":[{\"@type\":\"ListItem\",\"position\":1,\"name\":\"Po\u010detna stranica\",\"item\":\"https:\/\/hd-multimedia.com\/\"},{\"@type\":\"ListItem\",\"position\":2,\"name\":\"Trgovina\",\"item\":\"https:\/\/hd-multimedia.com\/trgovina\/\"},{\"@type\":\"ListItem\",\"position\":3,\"name\":\"Edifier WH950NB\"}]},{\"@type\":\"WebSite\",\"@id\":\"https:\/\/hd-multimedia.com\/#website\",\"url\":\"https:\/\/hd-multimedia.com\/\",\"name\":\"hd-multimedia\",\"description\":\"\",\"publisher\":{\"@id\":\"https:\/\/hd-multimedia.com\/#organization\"},\"potentialAction\":[{\"@type\":\"SearchAction\",\"target\":{\"@type\":\"EntryPoint\",\"urlTemplate\":\"https:\/\/hd-multimedia.com\/?s={search_term_string}\"},\"query-input\":\"required name=search_term_string\"}],\"inLanguage\":\"sl-SI\"},{\"@type\":\"Organization\",\"@id\":\"https:\/\/hd-multimedia.com\/#organization\",\"name\":\"hd-multimedia\",\"url\":\"https:\/\/hd-multimedia.com\/\",\"logo\":{\"@type\":\"ImageObject\",\"inLanguage\":\"sl-SI\",\"@id\":\"https:\/\/hd-multimedia.com\/#\/schema\/logo\/image\/\",\"url\":\"https:\/\/hd-multimedia.com\/hdm_media\/HD-curves-ok-196-56px-alpha-1.png\",\"contentUrl\":\"https:\/\/hd-multimedia.com\/hdm_media\/HD-curves-ok-196-56px-alpha-1.png\",\"width\":196,\"height\":53,\"caption\":\"hd-multimedia\"},\"image\":{\"@id\":\"https:\/\/hd-multimedia.com\/#\/schema\/logo\/image\/\"}}]}<\/script>\n<!-- \/ Yoast SEO plugin. -->","yoast_head_json":{"title":"Edifier WH950NB - hd-multimedia","description":"Slu\u0161alice WH950NB opremljene su inteligentnim algoritmima aktivne redukcije buke koji nude dvije opcije za eliminaciju okolne buke i prilagodbu okoline.","robots":{"index":"index","follow":"follow","max-snippet":"max-snippet:-1","max-image-preview":"max-image-preview:large","max-video-preview":"max-video-preview:-1"},"canonical":"https:\/\/hd-multimedia.com\/sl\/trgovina\/edifier-wh950nb\/","og_locale":"sl_SI","og_type":"article","og_title":"Edifier WH950NB - hd-multimedia","og_description":"Slu\u0161alice WH950NB opremljene su inteligentnim algoritmima aktivne redukcije buke koji nude dvije opcije za eliminaciju okolne buke i prilagodbu okoline.","og_url":"https:\/\/hd-multimedia.com\/sl\/trgovina\/edifier-wh950nb\/","og_site_name":"hd-multimedia","article_modified_time":"2025-09-23T09:23:28+00:00","og_image":[{"width":800,"height":800,"url":"https:\/\/hd-multimedia.com\/hdm_media\/549fb8d7293e8b3efc26374ed87f74a8.png","type":"image\/png"}],"twitter_card":"summary_large_image","twitter_misc":{"Est. reading time":"1 minuta"},"schema":{"@context":"https:\/\/schema.org","@graph":[{"@type":"WebPage","@id":"https:\/\/hd-multimedia.com\/trgovina\/edifier-wh950nb\/","url":"https:\/\/hd-multimedia.com\/trgovina\/edifier-wh950nb\/","name":"Edifier WH950NB - hd-multimedia","isPartOf":{"@id":"https:\/\/hd-multimedia.com\/#website"},"datePublished":"2024-01-24T08:44:24+00:00","dateModified":"2025-09-23T09:23:28+00:00","description":"Slu\u0161alice WH950NB opremljene su inteligentnim algoritmima aktivne redukcije buke koji nude dvije opcije za eliminaciju okolne buke i prilagodbu okoline.","breadcrumb":{"@id":"https:\/\/hd-multimedia.com\/trgovina\/edifier-wh950nb\/#breadcrumb"},"inLanguage":"sl-SI","potentialAction":[{"@type":"ReadAction","target":["https:\/\/hd-multimedia.com\/trgovina\/edifier-wh950nb\/"]}]},{"@type":"BreadcrumbList","@id":"https:\/\/hd-multimedia.com\/trgovina\/edifier-wh950nb\/#breadcrumb","itemListElement":[{"@type":"ListItem","position":1,"name":"Po\u010detna stranica","item":"https:\/\/hd-multimedia.com\/"},{"@type":"ListItem","position":2,"name":"Trgovina","item":"https:\/\/hd-multimedia.com\/trgovina\/"},{"@type":"ListItem","position":3,"name":"Edifier WH950NB"}]},{"@type":"WebSite","@id":"https:\/\/hd-multimedia.com\/#website","url":"https:\/\/hd-multimedia.com\/","name":"hd-multimedia","description":"","publisher":{"@id":"https:\/\/hd-multimedia.com\/#organization"},"potentialAction":[{"@type":"SearchAction","target":{"@type":"EntryPoint","urlTemplate":"https:\/\/hd-multimedia.com\/?s={search_term_string}"},"query-input":"required name=search_term_string"}],"inLanguage":"sl-SI"},{"@type":"Organization","@id":"https:\/\/hd-multimedia.com\/#organization","name":"hd-multimedia","url":"https:\/\/hd-multimedia.com\/","logo":{"@type":"ImageObject","inLanguage":"sl-SI","@id":"https:\/\/hd-multimedia.com\/#\/schema\/logo\/image\/","url":"https:\/\/hd-multimedia.com\/hdm_media\/HD-curves-ok-196-56px-alpha-1.png","contentUrl":"https:\/\/hd-multimedia.com\/hdm_media\/HD-curves-ok-196-56px-alpha-1.png","width":196,"height":53,"caption":"hd-multimedia"},"image":{"@id":"https:\/\/hd-multimedia.com\/#\/schema\/logo\/image\/"}}]}},"post_mailing_queue_ids":[],"_links":{"self":[{"href":"https:\/\/hd-multimedia.com\/sl\/wp-json\/wp\/v2\/product\/14121","targetHints":{"allow":["GET"]}}],"collection":[{"href":"https:\/\/hd-multimedia.com\/sl\/wp-json\/wp\/v2\/product"}],"about":[{"href":"https:\/\/hd-multimedia.com\/sl\/wp-json\/wp\/v2\/types\/product"}],"version-history":[{"count":2,"href":"https:\/\/hd-multimedia.com\/sl\/wp-json\/wp\/v2\/product\/14121\/revisions"}],"predecessor-version":[{"id":17947,"href":"https:\/\/hd-multimedia.com\/sl\/wp-json\/wp\/v2\/product\/14121\/revisions\/17947"}],"wp:featuredmedia":[{"embeddable":true,"href":"https:\/\/hd-multimedia.com\/sl\/wp-json\/wp\/v2\/media\/14123"}],"wp:attachment":[{"href":"https:\/\/hd-multimedia.com\/sl\/wp-json\/wp\/v2\/media?parent=14121"}],"curies":[{"name":"wp","href":"https:\/\/api.w.org\/{rel}","templated":true}]}}