{"id":14104,"date":"2024-01-23T08:42:18","date_gmt":"2024-01-23T08:42:18","guid":{"rendered":"https:\/\/hd-multimedia.com\/?post_type=product&#038;p=14104"},"modified":"2025-11-02T10:33:22","modified_gmt":"2025-11-02T10:33:22","slug":"topping-d90-iii-sabre","status":"publish","type":"product","link":"https:\/\/hd-multimedia.com\/sl\/trgovina\/topping-d90-iii-sabre\/","title":{"rendered":"Topping D90 III SABLJA"},"content":{"rendered":"<ul>\n<li>Dva \u010dipa ES9039SPRO za neprimerljivo obdelavo zvoka.<\/li>\n<li>Inovativna uporaba CPLD za optimalno obdelavo signalov.<\/li>\n<li>Polni dekoder MQA za predvajanje zvoka v visoki lo\u010dljivosti.<\/li>\n<li>Povsem novo vezje za pretvorbo I\/V za minimalno popa\u010denje.<\/li>\n<li>Brez\u017ei\u010dna odli\u010dnost s podporo LDAC za vrhunsko pretakanje zvoka.<\/li>\n<li>Brezhibna zdru\u017eljivost in enostavna povezava.<\/li>\n<li>Izbolj\u0161an nadzor prek daljinskega upravljalnika Bluetooth za priro\u010dno uporabo.<\/li>\n<li>Popolna kombinacija z diskretnim oja\u010devalnikom A90 za popolno zvo\u010dno izku\u0161njo.<\/li>\n<li>Brezhibna integracija s spro\u017eilcem 12 V za dodatno vsestranskost.<\/li>\n<\/ul>","protected":false},"excerpt":{"rendered":"<p>Topping D90 III SABRE izstopa s svojo inovativno uporabo CPLD za obdelavo takta, ki dosega izjemno nizke ravni tresenja ne glede na vhodni vir. Njegovo napredno vezje za pretvorbo I\/V minimizira popa\u010denje in zmanj\u0161a \u0161um ter zagotavlja pristno reprodukcijo glasbe s THD+N pod 0,000045%. S podporo za LDAC in Bluetooth 5.1 brez\u017ei\u010dno prena\u0161a visokokakovosten zvok do 96kHz\/24bit. Prilo\u017een daljinski upravljalnik 2,4 G Bluetooth omogo\u010da prilagodljiv nadzor, simulacija zvoka pa vam omogo\u010da preklapljanje med privzetimi, ventilskimi in tranzistorskimi na\u010dini za prilagojeno zvo\u010dno izku\u0161njo.<\/p>\n<p>&nbsp;<\/p>","protected":false},"featured_media":14105,"template":"","meta":{"site-sidebar-layout":"default","site-content-layout":"","ast-site-content-layout":"default","site-content-style":"default","site-sidebar-style":"default","ast-global-header-display":"","ast-banner-title-visibility":"","ast-main-header-display":"","ast-hfb-above-header-display":"","ast-hfb-below-header-display":"","ast-hfb-mobile-header-display":"","site-post-title":"","ast-breadcrumbs-content":"","ast-featured-img":"","footer-sml-layout":"","theme-transparent-header-meta":"default","adv-header-id-meta":"","stick-header-meta":"default","header-above-stick-meta":"","header-main-stick-meta":"","header-below-stick-meta":"","astra-migrate-meta-layouts":"set","ast-page-background-enabled":"default","ast-page-background-meta":{"desktop":{"background-color":"","background-image":"","background-repeat":"repeat","background-position":"center center","background-size":"auto","background-attachment":"scroll","background-type":"","background-media":"","overlay-type":"","overlay-color":"","overlay-opacity":"","overlay-gradient":""},"tablet":{"background-color":"","background-image":"","background-repeat":"repeat","background-position":"center center","background-size":"auto","background-attachment":"scroll","background-type":"","background-media":"","overlay-type":"","overlay-color":"","overlay-opacity":"","overlay-gradient":""},"mobile":{"background-color":"","background-image":"","background-repeat":"repeat","background-position":"center center","background-size":"auto","background-attachment":"scroll","background-type":"","background-media":"","overlay-type":"","overlay-color":"","overlay-opacity":"","overlay-gradient":""}},"ast-content-background-meta":{"desktop":{"background-color":"var(--ast-global-color-5)","background-image":"","background-repeat":"repeat","background-position":"center center","background-size":"auto","background-attachment":"scroll","background-type":"","background-media":"","overlay-type":"","overlay-color":"","overlay-opacity":"","overlay-gradient":""},"tablet":{"background-color":"var(--ast-global-color-5)","background-image":"","background-repeat":"repeat","background-position":"center center","background-size":"auto","background-attachment":"scroll","background-type":"","background-media":"","overlay-type":"","overlay-color":"","overlay-opacity":"","overlay-gradient":""},"mobile":{"background-color":"var(--ast-global-color-5)","background-image":"","background-repeat":"repeat","background-position":"center center","background-size":"auto","background-attachment":"scroll","background-type":"","background-media":"","overlay-type":"","overlay-color":"","overlay-opacity":"","overlay-gradient":""}}},"class_list":["post-14104","product","type-product","status-publish","has-post-thumbnail","hentry","product_cat-dac","product_cat-topping","desktop-align-center","tablet-align-center","mobile-align-center","ast-product-gallery-layout-horizontal","ast-magnify-disabled","ast-product-single-variable","ast-product-tabs-layout-horizontal"],"yoast_head":"<!-- This site is optimized with the Yoast SEO plugin v21.4 - https:\/\/yoast.com\/wordpress\/plugins\/seo\/ -->\n<title>Topping D90 III SABRE - hd-multimedia<\/title>\n<meta name=\"description\" content=\"Topping D90 III SABRE isti\u010de se inovativnom uporabom CPLD za obradu sata, posti\u017eu\u0107i izuzetno niske razine jittera bez obzira na izvor ulaza.\" \/>\n<meta name=\"robots\" content=\"index, follow, max-snippet:-1, max-image-preview:large, max-video-preview:-1\" \/>\n<link rel=\"canonical\" href=\"https:\/\/hd-multimedia.com\/sl\/trgovina\/topping-d90-iii-sabre\/\" \/>\n<meta property=\"og:locale\" content=\"sl_SI\" \/>\n<meta property=\"og:type\" content=\"article\" \/>\n<meta property=\"og:title\" content=\"Topping D90 III SABRE - hd-multimedia\" \/>\n<meta property=\"og:description\" content=\"Topping D90 III SABRE isti\u010de se inovativnom uporabom CPLD za obradu sata, posti\u017eu\u0107i izuzetno niske razine jittera bez obzira na izvor ulaza.\" \/>\n<meta property=\"og:url\" content=\"https:\/\/hd-multimedia.com\/sl\/trgovina\/topping-d90-iii-sabre\/\" \/>\n<meta property=\"og:site_name\" content=\"hd-multimedia\" \/>\n<meta property=\"article:modified_time\" content=\"2025-11-02T10:33:22+00:00\" \/>\n<meta property=\"og:image\" content=\"https:\/\/hd-multimedia.com\/hdm_media\/D90IIISABRE-04.webp\" \/>\n\t<meta property=\"og:image:width\" content=\"2400\" \/>\n\t<meta property=\"og:image:height\" content=\"2400\" \/>\n\t<meta property=\"og:image:type\" content=\"image\/webp\" \/>\n<meta name=\"twitter:card\" content=\"summary_large_image\" \/>\n<meta name=\"twitter:label1\" content=\"Est. reading time\" \/>\n\t<meta name=\"twitter:data1\" content=\"1 minuta\" \/>\n<script type=\"application\/ld+json\" class=\"yoast-schema-graph\">{\"@context\":\"https:\/\/schema.org\",\"@graph\":[{\"@type\":\"WebPage\",\"@id\":\"https:\/\/hd-multimedia.com\/trgovina\/topping-d90-iii-sabre\/\",\"url\":\"https:\/\/hd-multimedia.com\/trgovina\/topping-d90-iii-sabre\/\",\"name\":\"Topping D90 III SABRE - hd-multimedia\",\"isPartOf\":{\"@id\":\"https:\/\/hd-multimedia.com\/#website\"},\"datePublished\":\"2024-01-23T08:42:18+00:00\",\"dateModified\":\"2025-11-02T10:33:22+00:00\",\"description\":\"Topping D90 III SABRE isti\u010de se inovativnom uporabom CPLD za obradu sata, posti\u017eu\u0107i izuzetno niske razine jittera bez obzira na izvor ulaza.\",\"breadcrumb\":{\"@id\":\"https:\/\/hd-multimedia.com\/trgovina\/topping-d90-iii-sabre\/#breadcrumb\"},\"inLanguage\":\"sl-SI\",\"potentialAction\":[{\"@type\":\"ReadAction\",\"target\":[\"https:\/\/hd-multimedia.com\/trgovina\/topping-d90-iii-sabre\/\"]}]},{\"@type\":\"BreadcrumbList\",\"@id\":\"https:\/\/hd-multimedia.com\/trgovina\/topping-d90-iii-sabre\/#breadcrumb\",\"itemListElement\":[{\"@type\":\"ListItem\",\"position\":1,\"name\":\"Po\u010detna stranica\",\"item\":\"https:\/\/hd-multimedia.com\/\"},{\"@type\":\"ListItem\",\"position\":2,\"name\":\"Trgovina\",\"item\":\"https:\/\/hd-multimedia.com\/trgovina\/\"},{\"@type\":\"ListItem\",\"position\":3,\"name\":\"Topping D90 III SABRE\"}]},{\"@type\":\"WebSite\",\"@id\":\"https:\/\/hd-multimedia.com\/#website\",\"url\":\"https:\/\/hd-multimedia.com\/\",\"name\":\"hd-multimedia\",\"description\":\"\",\"publisher\":{\"@id\":\"https:\/\/hd-multimedia.com\/#organization\"},\"potentialAction\":[{\"@type\":\"SearchAction\",\"target\":{\"@type\":\"EntryPoint\",\"urlTemplate\":\"https:\/\/hd-multimedia.com\/?s={search_term_string}\"},\"query-input\":\"required name=search_term_string\"}],\"inLanguage\":\"sl-SI\"},{\"@type\":\"Organization\",\"@id\":\"https:\/\/hd-multimedia.com\/#organization\",\"name\":\"hd-multimedia\",\"url\":\"https:\/\/hd-multimedia.com\/\",\"logo\":{\"@type\":\"ImageObject\",\"inLanguage\":\"sl-SI\",\"@id\":\"https:\/\/hd-multimedia.com\/#\/schema\/logo\/image\/\",\"url\":\"https:\/\/hd-multimedia.com\/hdm_media\/HD-curves-ok-196-56px-alpha-1.png\",\"contentUrl\":\"https:\/\/hd-multimedia.com\/hdm_media\/HD-curves-ok-196-56px-alpha-1.png\",\"width\":196,\"height\":53,\"caption\":\"hd-multimedia\"},\"image\":{\"@id\":\"https:\/\/hd-multimedia.com\/#\/schema\/logo\/image\/\"}}]}<\/script>\n<!-- \/ Yoast SEO plugin. -->","yoast_head_json":{"title":"Topping D90 III SABRE - hd-multimedia","description":"Topping D90 III SABRE isti\u010de se inovativnom uporabom CPLD za obradu sata, posti\u017eu\u0107i izuzetno niske razine jittera bez obzira na izvor ulaza.","robots":{"index":"index","follow":"follow","max-snippet":"max-snippet:-1","max-image-preview":"max-image-preview:large","max-video-preview":"max-video-preview:-1"},"canonical":"https:\/\/hd-multimedia.com\/sl\/trgovina\/topping-d90-iii-sabre\/","og_locale":"sl_SI","og_type":"article","og_title":"Topping D90 III SABRE - hd-multimedia","og_description":"Topping D90 III SABRE isti\u010de se inovativnom uporabom CPLD za obradu sata, posti\u017eu\u0107i izuzetno niske razine jittera bez obzira na izvor ulaza.","og_url":"https:\/\/hd-multimedia.com\/sl\/trgovina\/topping-d90-iii-sabre\/","og_site_name":"hd-multimedia","article_modified_time":"2025-11-02T10:33:22+00:00","og_image":[{"width":2400,"height":2400,"url":"https:\/\/hd-multimedia.com\/hdm_media\/D90IIISABRE-04.webp","type":"image\/webp"}],"twitter_card":"summary_large_image","twitter_misc":{"Est. reading time":"1 minuta"},"schema":{"@context":"https:\/\/schema.org","@graph":[{"@type":"WebPage","@id":"https:\/\/hd-multimedia.com\/trgovina\/topping-d90-iii-sabre\/","url":"https:\/\/hd-multimedia.com\/trgovina\/topping-d90-iii-sabre\/","name":"Topping D90 III SABRE - hd-multimedia","isPartOf":{"@id":"https:\/\/hd-multimedia.com\/#website"},"datePublished":"2024-01-23T08:42:18+00:00","dateModified":"2025-11-02T10:33:22+00:00","description":"Topping D90 III SABRE isti\u010de se inovativnom uporabom CPLD za obradu sata, posti\u017eu\u0107i izuzetno niske razine jittera bez obzira na izvor ulaza.","breadcrumb":{"@id":"https:\/\/hd-multimedia.com\/trgovina\/topping-d90-iii-sabre\/#breadcrumb"},"inLanguage":"sl-SI","potentialAction":[{"@type":"ReadAction","target":["https:\/\/hd-multimedia.com\/trgovina\/topping-d90-iii-sabre\/"]}]},{"@type":"BreadcrumbList","@id":"https:\/\/hd-multimedia.com\/trgovina\/topping-d90-iii-sabre\/#breadcrumb","itemListElement":[{"@type":"ListItem","position":1,"name":"Po\u010detna stranica","item":"https:\/\/hd-multimedia.com\/"},{"@type":"ListItem","position":2,"name":"Trgovina","item":"https:\/\/hd-multimedia.com\/trgovina\/"},{"@type":"ListItem","position":3,"name":"Topping D90 III SABRE"}]},{"@type":"WebSite","@id":"https:\/\/hd-multimedia.com\/#website","url":"https:\/\/hd-multimedia.com\/","name":"hd-multimedia","description":"","publisher":{"@id":"https:\/\/hd-multimedia.com\/#organization"},"potentialAction":[{"@type":"SearchAction","target":{"@type":"EntryPoint","urlTemplate":"https:\/\/hd-multimedia.com\/?s={search_term_string}"},"query-input":"required name=search_term_string"}],"inLanguage":"sl-SI"},{"@type":"Organization","@id":"https:\/\/hd-multimedia.com\/#organization","name":"hd-multimedia","url":"https:\/\/hd-multimedia.com\/","logo":{"@type":"ImageObject","inLanguage":"sl-SI","@id":"https:\/\/hd-multimedia.com\/#\/schema\/logo\/image\/","url":"https:\/\/hd-multimedia.com\/hdm_media\/HD-curves-ok-196-56px-alpha-1.png","contentUrl":"https:\/\/hd-multimedia.com\/hdm_media\/HD-curves-ok-196-56px-alpha-1.png","width":196,"height":53,"caption":"hd-multimedia"},"image":{"@id":"https:\/\/hd-multimedia.com\/#\/schema\/logo\/image\/"}}]}},"post_mailing_queue_ids":[],"_links":{"self":[{"href":"https:\/\/hd-multimedia.com\/sl\/wp-json\/wp\/v2\/product\/14104","targetHints":{"allow":["GET"]}}],"collection":[{"href":"https:\/\/hd-multimedia.com\/sl\/wp-json\/wp\/v2\/product"}],"about":[{"href":"https:\/\/hd-multimedia.com\/sl\/wp-json\/wp\/v2\/types\/product"}],"version-history":[{"count":2,"href":"https:\/\/hd-multimedia.com\/sl\/wp-json\/wp\/v2\/product\/14104\/revisions"}],"predecessor-version":[{"id":14114,"href":"https:\/\/hd-multimedia.com\/sl\/wp-json\/wp\/v2\/product\/14104\/revisions\/14114"}],"wp:featuredmedia":[{"embeddable":true,"href":"https:\/\/hd-multimedia.com\/sl\/wp-json\/wp\/v2\/media\/14105"}],"wp:attachment":[{"href":"https:\/\/hd-multimedia.com\/sl\/wp-json\/wp\/v2\/media?parent=14104"}],"curies":[{"name":"wp","href":"https:\/\/api.w.org\/{rel}","templated":true}]}}