{"id":13950,"date":"2024-01-03T10:49:15","date_gmt":"2024-01-03T10:49:15","guid":{"rendered":"https:\/\/hd-multimedia.com\/?post_type=product&#038;p=13950"},"modified":"2025-01-31T12:01:52","modified_gmt":"2025-01-31T12:01:52","slug":"airpulse-a300pro","status":"publish","type":"product","link":"https:\/\/hd-multimedia.com\/sl\/trgovina\/airpulse-a300pro\/","title":{"rendered":"Airpulse A300pro"},"content":{"rendered":"<ul>\n<li>Skupna izhodna mo\u010d (RMS): L\/D (visoki toni): 10 W + 10 W L\/D (nizkotonec): 120 W + 120 W<\/li>\n<li>Frekven\u010dni odziv: 40Hz \u2013 40kHz<\/li>\n<li>Razmerje med signalom in \u0161umom: \u2265 90dB (A)<\/li>\n<li>Avdio vhodi: AUX, uravnote\u017een vhod, USB, opti\u010dni, koaksialni, Bluetooth<\/li>\n<li>Vhodna ob\u010dutljivost:<br \/>\nAUX: 700 \u00b150mV<br \/>\nRavnovesje: 1100 \u00b1 50mV<br \/>\nBluetooth: 500 \u00b1 50 mFFs<br \/>\nUSB: 550 \u00b1 50 mFFs<br \/>\nOpti\u010dni: 500 \u00b1 50 mFFs<br \/>\nKoaksialni: 500 \u00b1 50 mFFs<br \/>\nRazli\u010dica Bluetooth: V5.0<\/li>\n<li>Dimenzije (\u0160 x V x G): 225 mm x 385 mm x 350 mm<\/li>\n<li>Neto te\u017ea: 24,3 kg<\/li>\n<\/ul>\n<p><a href=\"https:\/\/www.edifier.com\/global\/p\/bookshelf-speakers\/airpulse-a300-pro\" target=\"_blank\" rel=\"noopener\">Ostale informacije najdete na tej povezavi.<\/a><\/p>","protected":false},"excerpt":{"rendered":"<p>Izbolj\u0161ajte svojo zvo\u010dno izku\u0161njo z regalnimi zvo\u010dniki Airpulse A300pro. Opremljeni s procesorjem Xmos in zvo\u010dniki Hi-Fi res so idealna izbira za kateri koli vir glasbe. Visokofrekven\u010dne tonske barve obogatijo vsak koti\u010dek va\u0161e sobe in zagotavljajo popolnoma poglobljeno izku\u0161njo poslu\u0161anja. Upravljajte te zmogljive zvo\u010dnike s prilo\u017eenim brez\u017ei\u010dnim daljinskim upravljalnikom, kar omogo\u010da nemoteno prilagajanje iz udobja va\u0161ega kav\u010da. Tehni\u010dna, a elegantna zasnova, z nadgrajenim 150 W visoko u\u010dinkovitim napajalnikom, zagotavlja nemoten prenos odli\u010dnih rezultatov. Zahvaljujo\u010d tehnologiji DSP vgrajeni oja\u010devalniki neodvisno poganjajo visokotonec in nizkotonec ter zagotavljajo izjemno izku\u0161njo poslu\u0161anja.<\/p>\n<p><a href=\"https:\/\/www.edifier.com\/global\/p\/bookshelf-speakers\/airpulse-a300-pro\" target=\"_blank\" rel=\"noopener\">Ostale informacije najdete na tej povezavi.<\/a><\/p>","protected":false},"featured_media":13952,"template":"","meta":{"site-sidebar-layout":"default","site-content-layout":"","ast-site-content-layout":"default","site-content-style":"default","site-sidebar-style":"default","ast-global-header-display":"","ast-banner-title-visibility":"","ast-main-header-display":"","ast-hfb-above-header-display":"","ast-hfb-below-header-display":"","ast-hfb-mobile-header-display":"","site-post-title":"","ast-breadcrumbs-content":"","ast-featured-img":"","footer-sml-layout":"","theme-transparent-header-meta":"default","adv-header-id-meta":"","stick-header-meta":"default","header-above-stick-meta":"","header-main-stick-meta":"","header-below-stick-meta":"","astra-migrate-meta-layouts":"set","ast-page-background-enabled":"default","ast-page-background-meta":{"desktop":{"background-color":"","background-image":"","background-repeat":"repeat","background-position":"center center","background-size":"auto","background-attachment":"scroll","background-type":"","background-media":"","overlay-type":"","overlay-color":"","overlay-opacity":"","overlay-gradient":""},"tablet":{"background-color":"","background-image":"","background-repeat":"repeat","background-position":"center center","background-size":"auto","background-attachment":"scroll","background-type":"","background-media":"","overlay-type":"","overlay-color":"","overlay-opacity":"","overlay-gradient":""},"mobile":{"background-color":"","background-image":"","background-repeat":"repeat","background-position":"center center","background-size":"auto","background-attachment":"scroll","background-type":"","background-media":"","overlay-type":"","overlay-color":"","overlay-opacity":"","overlay-gradient":""}},"ast-content-background-meta":{"desktop":{"background-color":"var(--ast-global-color-5)","background-image":"","background-repeat":"repeat","background-position":"center center","background-size":"auto","background-attachment":"scroll","background-type":"","background-media":"","overlay-type":"","overlay-color":"","overlay-opacity":"","overlay-gradient":""},"tablet":{"background-color":"var(--ast-global-color-5)","background-image":"","background-repeat":"repeat","background-position":"center center","background-size":"auto","background-attachment":"scroll","background-type":"","background-media":"","overlay-type":"","overlay-color":"","overlay-opacity":"","overlay-gradient":""},"mobile":{"background-color":"var(--ast-global-color-5)","background-image":"","background-repeat":"repeat","background-position":"center center","background-size":"auto","background-attachment":"scroll","background-type":"","background-media":"","overlay-type":"","overlay-color":"","overlay-opacity":"","overlay-gradient":""}}},"class_list":["post-13950","product","type-product","status-publish","has-post-thumbnail","hentry","product_cat-aktivne-zvucne-kutije","product_cat-airpulse","desktop-align-center","tablet-align-center","mobile-align-center","ast-product-gallery-layout-horizontal","ast-magnify-disabled","ast-product-tabs-layout-horizontal"],"yoast_head":"<!-- This site is optimized with the Yoast SEO plugin v21.4 - https:\/\/yoast.com\/wordpress\/plugins\/seo\/ -->\n<title>Airpulse A300pro - hd-multimedia<\/title>\n<meta name=\"description\" content=\"Podigni svoje audio iskustvo s vrhunskim Airpulse A300pro zvu\u010dnicima za police. Opremljeni Xmos procesorom i Hi-Fi res zvu\u010dnicima.\" \/>\n<meta name=\"robots\" content=\"index, follow, max-snippet:-1, max-image-preview:large, max-video-preview:-1\" \/>\n<link rel=\"canonical\" href=\"https:\/\/hd-multimedia.com\/sl\/trgovina\/airpulse-a300pro\/\" \/>\n<meta property=\"og:locale\" content=\"sl_SI\" \/>\n<meta property=\"og:type\" content=\"article\" \/>\n<meta property=\"og:title\" content=\"Airpulse A300pro - hd-multimedia\" \/>\n<meta property=\"og:description\" content=\"Podigni svoje audio iskustvo s vrhunskim Airpulse A300pro zvu\u010dnicima za police. Opremljeni Xmos procesorom i Hi-Fi res zvu\u010dnicima.\" \/>\n<meta property=\"og:url\" content=\"https:\/\/hd-multimedia.com\/sl\/trgovina\/airpulse-a300pro\/\" \/>\n<meta property=\"og:site_name\" content=\"hd-multimedia\" \/>\n<meta property=\"article:modified_time\" content=\"2025-01-31T12:01:52+00:00\" \/>\n<meta property=\"og:image\" content=\"https:\/\/hd-multimedia.com\/hdm_media\/d65ec6763b4e2028353f24592b62ac6b.png\" \/>\n\t<meta property=\"og:image:width\" content=\"800\" \/>\n\t<meta property=\"og:image:height\" content=\"800\" \/>\n\t<meta property=\"og:image:type\" content=\"image\/png\" \/>\n<meta name=\"twitter:card\" content=\"summary_large_image\" \/>\n<meta name=\"twitter:label1\" content=\"Est. reading time\" \/>\n\t<meta name=\"twitter:data1\" content=\"1 minuta\" \/>\n<script type=\"application\/ld+json\" class=\"yoast-schema-graph\">{\"@context\":\"https:\/\/schema.org\",\"@graph\":[{\"@type\":\"WebPage\",\"@id\":\"https:\/\/hd-multimedia.com\/trgovina\/airpulse-a300pro\/\",\"url\":\"https:\/\/hd-multimedia.com\/trgovina\/airpulse-a300pro\/\",\"name\":\"Airpulse A300pro - hd-multimedia\",\"isPartOf\":{\"@id\":\"https:\/\/hd-multimedia.com\/#website\"},\"datePublished\":\"2024-01-03T10:49:15+00:00\",\"dateModified\":\"2025-01-31T12:01:52+00:00\",\"description\":\"Podigni svoje audio iskustvo s vrhunskim Airpulse A300pro zvu\u010dnicima za police. Opremljeni Xmos procesorom i Hi-Fi res zvu\u010dnicima.\",\"breadcrumb\":{\"@id\":\"https:\/\/hd-multimedia.com\/trgovina\/airpulse-a300pro\/#breadcrumb\"},\"inLanguage\":\"sl-SI\",\"potentialAction\":[{\"@type\":\"ReadAction\",\"target\":[\"https:\/\/hd-multimedia.com\/trgovina\/airpulse-a300pro\/\"]}]},{\"@type\":\"BreadcrumbList\",\"@id\":\"https:\/\/hd-multimedia.com\/trgovina\/airpulse-a300pro\/#breadcrumb\",\"itemListElement\":[{\"@type\":\"ListItem\",\"position\":1,\"name\":\"Po\u010detna stranica\",\"item\":\"https:\/\/hd-multimedia.com\/\"},{\"@type\":\"ListItem\",\"position\":2,\"name\":\"Trgovina\",\"item\":\"https:\/\/hd-multimedia.com\/trgovina\/\"},{\"@type\":\"ListItem\",\"position\":3,\"name\":\"Airpulse A300pro\"}]},{\"@type\":\"WebSite\",\"@id\":\"https:\/\/hd-multimedia.com\/#website\",\"url\":\"https:\/\/hd-multimedia.com\/\",\"name\":\"hd-multimedia\",\"description\":\"\",\"publisher\":{\"@id\":\"https:\/\/hd-multimedia.com\/#organization\"},\"potentialAction\":[{\"@type\":\"SearchAction\",\"target\":{\"@type\":\"EntryPoint\",\"urlTemplate\":\"https:\/\/hd-multimedia.com\/?s={search_term_string}\"},\"query-input\":\"required name=search_term_string\"}],\"inLanguage\":\"sl-SI\"},{\"@type\":\"Organization\",\"@id\":\"https:\/\/hd-multimedia.com\/#organization\",\"name\":\"hd-multimedia\",\"url\":\"https:\/\/hd-multimedia.com\/\",\"logo\":{\"@type\":\"ImageObject\",\"inLanguage\":\"sl-SI\",\"@id\":\"https:\/\/hd-multimedia.com\/#\/schema\/logo\/image\/\",\"url\":\"https:\/\/hd-multimedia.com\/hdm_media\/HD-curves-ok-196-56px-alpha-1.png\",\"contentUrl\":\"https:\/\/hd-multimedia.com\/hdm_media\/HD-curves-ok-196-56px-alpha-1.png\",\"width\":196,\"height\":53,\"caption\":\"hd-multimedia\"},\"image\":{\"@id\":\"https:\/\/hd-multimedia.com\/#\/schema\/logo\/image\/\"}}]}<\/script>\n<!-- \/ Yoast SEO plugin. -->","yoast_head_json":{"title":"Airpulse A300pro - hd-multimedia","description":"Podigni svoje audio iskustvo s vrhunskim Airpulse A300pro zvu\u010dnicima za police. Opremljeni Xmos procesorom i Hi-Fi res zvu\u010dnicima.","robots":{"index":"index","follow":"follow","max-snippet":"max-snippet:-1","max-image-preview":"max-image-preview:large","max-video-preview":"max-video-preview:-1"},"canonical":"https:\/\/hd-multimedia.com\/sl\/trgovina\/airpulse-a300pro\/","og_locale":"sl_SI","og_type":"article","og_title":"Airpulse A300pro - hd-multimedia","og_description":"Podigni svoje audio iskustvo s vrhunskim Airpulse A300pro zvu\u010dnicima za police. Opremljeni Xmos procesorom i Hi-Fi res zvu\u010dnicima.","og_url":"https:\/\/hd-multimedia.com\/sl\/trgovina\/airpulse-a300pro\/","og_site_name":"hd-multimedia","article_modified_time":"2025-01-31T12:01:52+00:00","og_image":[{"width":800,"height":800,"url":"https:\/\/hd-multimedia.com\/hdm_media\/d65ec6763b4e2028353f24592b62ac6b.png","type":"image\/png"}],"twitter_card":"summary_large_image","twitter_misc":{"Est. reading time":"1 minuta"},"schema":{"@context":"https:\/\/schema.org","@graph":[{"@type":"WebPage","@id":"https:\/\/hd-multimedia.com\/trgovina\/airpulse-a300pro\/","url":"https:\/\/hd-multimedia.com\/trgovina\/airpulse-a300pro\/","name":"Airpulse A300pro - hd-multimedia","isPartOf":{"@id":"https:\/\/hd-multimedia.com\/#website"},"datePublished":"2024-01-03T10:49:15+00:00","dateModified":"2025-01-31T12:01:52+00:00","description":"Podigni svoje audio iskustvo s vrhunskim Airpulse A300pro zvu\u010dnicima za police. Opremljeni Xmos procesorom i Hi-Fi res zvu\u010dnicima.","breadcrumb":{"@id":"https:\/\/hd-multimedia.com\/trgovina\/airpulse-a300pro\/#breadcrumb"},"inLanguage":"sl-SI","potentialAction":[{"@type":"ReadAction","target":["https:\/\/hd-multimedia.com\/trgovina\/airpulse-a300pro\/"]}]},{"@type":"BreadcrumbList","@id":"https:\/\/hd-multimedia.com\/trgovina\/airpulse-a300pro\/#breadcrumb","itemListElement":[{"@type":"ListItem","position":1,"name":"Po\u010detna stranica","item":"https:\/\/hd-multimedia.com\/"},{"@type":"ListItem","position":2,"name":"Trgovina","item":"https:\/\/hd-multimedia.com\/trgovina\/"},{"@type":"ListItem","position":3,"name":"Airpulse A300pro"}]},{"@type":"WebSite","@id":"https:\/\/hd-multimedia.com\/#website","url":"https:\/\/hd-multimedia.com\/","name":"hd-multimedia","description":"","publisher":{"@id":"https:\/\/hd-multimedia.com\/#organization"},"potentialAction":[{"@type":"SearchAction","target":{"@type":"EntryPoint","urlTemplate":"https:\/\/hd-multimedia.com\/?s={search_term_string}"},"query-input":"required name=search_term_string"}],"inLanguage":"sl-SI"},{"@type":"Organization","@id":"https:\/\/hd-multimedia.com\/#organization","name":"hd-multimedia","url":"https:\/\/hd-multimedia.com\/","logo":{"@type":"ImageObject","inLanguage":"sl-SI","@id":"https:\/\/hd-multimedia.com\/#\/schema\/logo\/image\/","url":"https:\/\/hd-multimedia.com\/hdm_media\/HD-curves-ok-196-56px-alpha-1.png","contentUrl":"https:\/\/hd-multimedia.com\/hdm_media\/HD-curves-ok-196-56px-alpha-1.png","width":196,"height":53,"caption":"hd-multimedia"},"image":{"@id":"https:\/\/hd-multimedia.com\/#\/schema\/logo\/image\/"}}]}},"post_mailing_queue_ids":[],"_links":{"self":[{"href":"https:\/\/hd-multimedia.com\/sl\/wp-json\/wp\/v2\/product\/13950","targetHints":{"allow":["GET"]}}],"collection":[{"href":"https:\/\/hd-multimedia.com\/sl\/wp-json\/wp\/v2\/product"}],"about":[{"href":"https:\/\/hd-multimedia.com\/sl\/wp-json\/wp\/v2\/types\/product"}],"version-history":[{"count":4,"href":"https:\/\/hd-multimedia.com\/sl\/wp-json\/wp\/v2\/product\/13950\/revisions"}],"predecessor-version":[{"id":17708,"href":"https:\/\/hd-multimedia.com\/sl\/wp-json\/wp\/v2\/product\/13950\/revisions\/17708"}],"wp:featuredmedia":[{"embeddable":true,"href":"https:\/\/hd-multimedia.com\/sl\/wp-json\/wp\/v2\/media\/13952"}],"wp:attachment":[{"href":"https:\/\/hd-multimedia.com\/sl\/wp-json\/wp\/v2\/media?parent=13950"}],"curies":[{"name":"wp","href":"https:\/\/api.w.org\/{rel}","templated":true}]}}