{"id":13581,"date":"2023-12-14T08:42:45","date_gmt":"2023-12-14T08:42:45","guid":{"rendered":"https:\/\/hd-multimedia.com\/?post_type=product&#038;p=13581"},"modified":"2024-11-19T08:19:30","modified_gmt":"2024-11-19T08:19:30","slug":"fiio-ft3","status":"publish","type":"product","link":"https:\/\/hd-multimedia.com\/sl\/trgovina\/fiio-ft3\/","title":{"rendered":"FiiO FT3"},"content":{"rendered":"<p>\u2013 Asimetri\u010dni sistem notranjega in zunanjega magnetnega vezja<\/p>\n<p>\u2013 Odprta in lahka votla oblika<\/p>\n<p>\u2013 monokristalni bakreni kabel Furukawa<\/p>\n<p>\u2013 Konstrukcija iz aluminijeve zlitine<\/p>\n<p>\u2013 Prilo\u017eeni 4 razli\u010dni avdio priklju\u010dki<\/p>\n<p>\u2013 Velike dinami\u010dne slu\u0161alke visoke lo\u010dljivosti<\/p>\n<p>\u2013 60 mm velik dinami\u010dni gonilnik<\/p>\n<p>\u2013 Zunanjost prevle\u010dena z berilijem + diafragma DLC<\/p>\n<p>\u2013 Visoka impedanca 350\u03a9<\/p>\n<p><a href=\"https:\/\/www.fiio.com\/FT3\" target=\"_blank\" rel=\"noopener\">Ostale informacije najdete na tej povezavi.<\/a><\/p>","protected":false},"excerpt":{"rendered":"<p>FiiO FT3 ima velik 60 mm gonilnik. Kabel je izdelan iz monokristalnega bakra, proizvajalca Furukawa, zunanji del pa je iz aluminijeve zlitine. FiiO FT3 ima visoko impedanco 350\u03a9, kar je presenetljivo za to vrsto slu\u0161alk. V paketu imate tri razli\u010dne kabelske vhode XLR, 4,4 mm in 3,5 mm. Na voljo imate tudi 6,3 mm adapter za oja\u010devalnike polne velikosti. FiiO FT3 vklju\u010duje lastne zamenljive kabelske vti\u010de.<\/p>\n<p>Obstaja tudi 32\u03a9 razli\u010dica teh slu\u0161alk, ki ne potrebujejo mo\u010dnih oja\u010devalcev in se lahko uporabljajo z mobilnim telefonom, tablico ali osebnim ra\u010dunalnikom.<\/p>\n<p><a href=\"https:\/\/www.fiio.com\/FT3\" target=\"_blank\" rel=\"noopener\">Ostale informacije najdete na tej povezavi.<\/a><\/p>","protected":false},"featured_media":13584,"template":"","meta":{"site-sidebar-layout":"default","site-content-layout":"","ast-site-content-layout":"default","site-content-style":"default","site-sidebar-style":"default","ast-global-header-display":"","ast-banner-title-visibility":"","ast-main-header-display":"","ast-hfb-above-header-display":"","ast-hfb-below-header-display":"","ast-hfb-mobile-header-display":"","site-post-title":"","ast-breadcrumbs-content":"","ast-featured-img":"","footer-sml-layout":"","theme-transparent-header-meta":"default","adv-header-id-meta":"","stick-header-meta":"default","header-above-stick-meta":"","header-main-stick-meta":"","header-below-stick-meta":"","astra-migrate-meta-layouts":"set","ast-page-background-enabled":"default","ast-page-background-meta":{"desktop":{"background-color":"","background-image":"","background-repeat":"repeat","background-position":"center center","background-size":"auto","background-attachment":"scroll","background-type":"","background-media":"","overlay-type":"","overlay-color":"","overlay-opacity":"","overlay-gradient":""},"tablet":{"background-color":"","background-image":"","background-repeat":"repeat","background-position":"center center","background-size":"auto","background-attachment":"scroll","background-type":"","background-media":"","overlay-type":"","overlay-color":"","overlay-opacity":"","overlay-gradient":""},"mobile":{"background-color":"","background-image":"","background-repeat":"repeat","background-position":"center center","background-size":"auto","background-attachment":"scroll","background-type":"","background-media":"","overlay-type":"","overlay-color":"","overlay-opacity":"","overlay-gradient":""}},"ast-content-background-meta":{"desktop":{"background-color":"var(--ast-global-color-5)","background-image":"","background-repeat":"repeat","background-position":"center center","background-size":"auto","background-attachment":"scroll","background-type":"","background-media":"","overlay-type":"","overlay-color":"","overlay-opacity":"","overlay-gradient":""},"tablet":{"background-color":"var(--ast-global-color-5)","background-image":"","background-repeat":"repeat","background-position":"center center","background-size":"auto","background-attachment":"scroll","background-type":"","background-media":"","overlay-type":"","overlay-color":"","overlay-opacity":"","overlay-gradient":""},"mobile":{"background-color":"var(--ast-global-color-5)","background-image":"","background-repeat":"repeat","background-position":"center center","background-size":"auto","background-attachment":"scroll","background-type":"","background-media":"","overlay-type":"","overlay-color":"","overlay-opacity":"","overlay-gradient":""}}},"class_list":["post-13581","product","type-product","status-publish","has-post-thumbnail","hentry","product_cat-naglavne-slusalice","product_cat-fiio","desktop-align-center","tablet-align-center","mobile-align-center","ast-product-gallery-layout-horizontal","ast-magnify-disabled","ast-product-single-variable","ast-product-tabs-layout-horizontal"],"yoast_head":"<!-- This site is optimized with the Yoast SEO plugin v21.4 - https:\/\/yoast.com\/wordpress\/plugins\/seo\/ -->\n<title>FiiO FT3 - hd-multimedia<\/title>\n<meta name=\"description\" content=\"FiiO FT3 ima veliki driver od 60 mm. Kabel je proizveden od monokristalnog bakra, proizvo\u0111a\u010da Furukawa, a vanjski dio izra\u0111en je od aluminijske legure.\" \/>\n<meta name=\"robots\" content=\"index, follow, max-snippet:-1, max-image-preview:large, max-video-preview:-1\" \/>\n<link rel=\"canonical\" href=\"https:\/\/hd-multimedia.com\/sl\/trgovina\/fiio-ft3\/\" \/>\n<meta property=\"og:locale\" content=\"sl_SI\" \/>\n<meta property=\"og:type\" content=\"article\" \/>\n<meta property=\"og:title\" content=\"FiiO FT3 - hd-multimedia\" \/>\n<meta property=\"og:description\" content=\"FiiO FT3 ima veliki driver od 60 mm. Kabel je proizveden od monokristalnog bakra, proizvo\u0111a\u010da Furukawa, a vanjski dio izra\u0111en je od aluminijske legure.\" \/>\n<meta property=\"og:url\" content=\"https:\/\/hd-multimedia.com\/sl\/trgovina\/fiio-ft3\/\" \/>\n<meta property=\"og:site_name\" content=\"hd-multimedia\" \/>\n<meta property=\"article:modified_time\" content=\"2024-11-19T08:19:30+00:00\" \/>\n<meta property=\"og:image\" content=\"https:\/\/hd-multimedia.com\/hdm_media\/fiio-ft3-wired-dynamic-driver-open-back-headphone-hifigo-574360_695x695.webp\" \/>\n\t<meta property=\"og:image:width\" content=\"695\" \/>\n\t<meta property=\"og:image:height\" content=\"695\" \/>\n\t<meta property=\"og:image:type\" content=\"image\/webp\" \/>\n<meta name=\"twitter:card\" content=\"summary_large_image\" \/>\n<meta name=\"twitter:label1\" content=\"Est. reading time\" \/>\n\t<meta name=\"twitter:data1\" content=\"1 minuta\" \/>\n<script type=\"application\/ld+json\" class=\"yoast-schema-graph\">{\"@context\":\"https:\/\/schema.org\",\"@graph\":[{\"@type\":\"WebPage\",\"@id\":\"https:\/\/hd-multimedia.com\/trgovina\/fiio-ft3\/\",\"url\":\"https:\/\/hd-multimedia.com\/trgovina\/fiio-ft3\/\",\"name\":\"FiiO FT3 - hd-multimedia\",\"isPartOf\":{\"@id\":\"https:\/\/hd-multimedia.com\/#website\"},\"datePublished\":\"2023-12-14T08:42:45+00:00\",\"dateModified\":\"2024-11-19T08:19:30+00:00\",\"description\":\"FiiO FT3 ima veliki driver od 60 mm. Kabel je proizveden od monokristalnog bakra, proizvo\u0111a\u010da Furukawa, a vanjski dio izra\u0111en je od aluminijske legure.\",\"breadcrumb\":{\"@id\":\"https:\/\/hd-multimedia.com\/trgovina\/fiio-ft3\/#breadcrumb\"},\"inLanguage\":\"sl-SI\",\"potentialAction\":[{\"@type\":\"ReadAction\",\"target\":[\"https:\/\/hd-multimedia.com\/trgovina\/fiio-ft3\/\"]}]},{\"@type\":\"BreadcrumbList\",\"@id\":\"https:\/\/hd-multimedia.com\/trgovina\/fiio-ft3\/#breadcrumb\",\"itemListElement\":[{\"@type\":\"ListItem\",\"position\":1,\"name\":\"Po\u010detna stranica\",\"item\":\"https:\/\/hd-multimedia.com\/\"},{\"@type\":\"ListItem\",\"position\":2,\"name\":\"Trgovina\",\"item\":\"https:\/\/hd-multimedia.com\/trgovina\/\"},{\"@type\":\"ListItem\",\"position\":3,\"name\":\"FiiO FT3\"}]},{\"@type\":\"WebSite\",\"@id\":\"https:\/\/hd-multimedia.com\/#website\",\"url\":\"https:\/\/hd-multimedia.com\/\",\"name\":\"hd-multimedia\",\"description\":\"\",\"publisher\":{\"@id\":\"https:\/\/hd-multimedia.com\/#organization\"},\"potentialAction\":[{\"@type\":\"SearchAction\",\"target\":{\"@type\":\"EntryPoint\",\"urlTemplate\":\"https:\/\/hd-multimedia.com\/?s={search_term_string}\"},\"query-input\":\"required name=search_term_string\"}],\"inLanguage\":\"sl-SI\"},{\"@type\":\"Organization\",\"@id\":\"https:\/\/hd-multimedia.com\/#organization\",\"name\":\"hd-multimedia\",\"url\":\"https:\/\/hd-multimedia.com\/\",\"logo\":{\"@type\":\"ImageObject\",\"inLanguage\":\"sl-SI\",\"@id\":\"https:\/\/hd-multimedia.com\/#\/schema\/logo\/image\/\",\"url\":\"https:\/\/hd-multimedia.com\/hdm_media\/HD-curves-ok-196-56px-alpha-1.png\",\"contentUrl\":\"https:\/\/hd-multimedia.com\/hdm_media\/HD-curves-ok-196-56px-alpha-1.png\",\"width\":196,\"height\":53,\"caption\":\"hd-multimedia\"},\"image\":{\"@id\":\"https:\/\/hd-multimedia.com\/#\/schema\/logo\/image\/\"}}]}<\/script>\n<!-- \/ Yoast SEO plugin. -->","yoast_head_json":{"title":"FiiO FT3 - hd-multimedia","description":"FiiO FT3 ima veliki driver od 60 mm. Kabel je proizveden od monokristalnog bakra, proizvo\u0111a\u010da Furukawa, a vanjski dio izra\u0111en je od aluminijske legure.","robots":{"index":"index","follow":"follow","max-snippet":"max-snippet:-1","max-image-preview":"max-image-preview:large","max-video-preview":"max-video-preview:-1"},"canonical":"https:\/\/hd-multimedia.com\/sl\/trgovina\/fiio-ft3\/","og_locale":"sl_SI","og_type":"article","og_title":"FiiO FT3 - hd-multimedia","og_description":"FiiO FT3 ima veliki driver od 60 mm. Kabel je proizveden od monokristalnog bakra, proizvo\u0111a\u010da Furukawa, a vanjski dio izra\u0111en je od aluminijske legure.","og_url":"https:\/\/hd-multimedia.com\/sl\/trgovina\/fiio-ft3\/","og_site_name":"hd-multimedia","article_modified_time":"2024-11-19T08:19:30+00:00","og_image":[{"width":695,"height":695,"url":"https:\/\/hd-multimedia.com\/hdm_media\/fiio-ft3-wired-dynamic-driver-open-back-headphone-hifigo-574360_695x695.webp","type":"image\/webp"}],"twitter_card":"summary_large_image","twitter_misc":{"Est. reading time":"1 minuta"},"schema":{"@context":"https:\/\/schema.org","@graph":[{"@type":"WebPage","@id":"https:\/\/hd-multimedia.com\/trgovina\/fiio-ft3\/","url":"https:\/\/hd-multimedia.com\/trgovina\/fiio-ft3\/","name":"FiiO FT3 - hd-multimedia","isPartOf":{"@id":"https:\/\/hd-multimedia.com\/#website"},"datePublished":"2023-12-14T08:42:45+00:00","dateModified":"2024-11-19T08:19:30+00:00","description":"FiiO FT3 ima veliki driver od 60 mm. Kabel je proizveden od monokristalnog bakra, proizvo\u0111a\u010da Furukawa, a vanjski dio izra\u0111en je od aluminijske legure.","breadcrumb":{"@id":"https:\/\/hd-multimedia.com\/trgovina\/fiio-ft3\/#breadcrumb"},"inLanguage":"sl-SI","potentialAction":[{"@type":"ReadAction","target":["https:\/\/hd-multimedia.com\/trgovina\/fiio-ft3\/"]}]},{"@type":"BreadcrumbList","@id":"https:\/\/hd-multimedia.com\/trgovina\/fiio-ft3\/#breadcrumb","itemListElement":[{"@type":"ListItem","position":1,"name":"Po\u010detna stranica","item":"https:\/\/hd-multimedia.com\/"},{"@type":"ListItem","position":2,"name":"Trgovina","item":"https:\/\/hd-multimedia.com\/trgovina\/"},{"@type":"ListItem","position":3,"name":"FiiO FT3"}]},{"@type":"WebSite","@id":"https:\/\/hd-multimedia.com\/#website","url":"https:\/\/hd-multimedia.com\/","name":"hd-multimedia","description":"","publisher":{"@id":"https:\/\/hd-multimedia.com\/#organization"},"potentialAction":[{"@type":"SearchAction","target":{"@type":"EntryPoint","urlTemplate":"https:\/\/hd-multimedia.com\/?s={search_term_string}"},"query-input":"required name=search_term_string"}],"inLanguage":"sl-SI"},{"@type":"Organization","@id":"https:\/\/hd-multimedia.com\/#organization","name":"hd-multimedia","url":"https:\/\/hd-multimedia.com\/","logo":{"@type":"ImageObject","inLanguage":"sl-SI","@id":"https:\/\/hd-multimedia.com\/#\/schema\/logo\/image\/","url":"https:\/\/hd-multimedia.com\/hdm_media\/HD-curves-ok-196-56px-alpha-1.png","contentUrl":"https:\/\/hd-multimedia.com\/hdm_media\/HD-curves-ok-196-56px-alpha-1.png","width":196,"height":53,"caption":"hd-multimedia"},"image":{"@id":"https:\/\/hd-multimedia.com\/#\/schema\/logo\/image\/"}}]}},"post_mailing_queue_ids":[],"_links":{"self":[{"href":"https:\/\/hd-multimedia.com\/sl\/wp-json\/wp\/v2\/product\/13581","targetHints":{"allow":["GET"]}}],"collection":[{"href":"https:\/\/hd-multimedia.com\/sl\/wp-json\/wp\/v2\/product"}],"about":[{"href":"https:\/\/hd-multimedia.com\/sl\/wp-json\/wp\/v2\/types\/product"}],"version-history":[{"count":7,"href":"https:\/\/hd-multimedia.com\/sl\/wp-json\/wp\/v2\/product\/13581\/revisions"}],"predecessor-version":[{"id":17374,"href":"https:\/\/hd-multimedia.com\/sl\/wp-json\/wp\/v2\/product\/13581\/revisions\/17374"}],"wp:featuredmedia":[{"embeddable":true,"href":"https:\/\/hd-multimedia.com\/sl\/wp-json\/wp\/v2\/media\/13584"}],"wp:attachment":[{"href":"https:\/\/hd-multimedia.com\/sl\/wp-json\/wp\/v2\/media?parent=13581"}],"curies":[{"name":"wp","href":"https:\/\/api.w.org\/{rel}","templated":true}]}}