{"id":13572,"date":"2023-12-13T12:18:02","date_gmt":"2023-12-13T12:18:02","guid":{"rendered":"https:\/\/hd-multimedia.com\/?post_type=product&#038;p=13572"},"modified":"2025-10-29T08:09:25","modified_gmt":"2025-10-29T08:09:25","slug":"fiio-ft5","status":"publish","type":"product","link":"https:\/\/hd-multimedia.com\/sl\/trgovina\/fiio-ft5\/","title":{"rendered":"FiiO FT5"},"content":{"rendered":"<p>\u2013 FiiO prve planarne slu\u0161alke z magnetnim pogonom.<\/p>\n<p>\u2013 90 mm planarni magnetni gonilnik.<\/p>\n<p>- Ultratanka diafragma &gt;6 um.<\/p>\n<p>\u2013 Tuljava iz mikronsko prevle\u010denega aluminija in zlitine srebra.<\/p>\n<p>\u2013 Lahka konstrukcija iz magnezija in aluminijeve zlitine.<\/p>\n<p>\u2013 Mo\u010dan magnetni tok z 20 neodimskimi magneti na vsaki strani.<\/p>\n<p>\u2013 Kabel iz monokristalnega bakra visoke \u010distosti.<\/p>\n<p>\u2013 Prilo\u017eeni sta dve vrsti u\u0161esnih blazinic.<\/p>\n<p>\u2013 \u0160tiri vrste kon\u010dnih povezav.<\/p>\n<p><a href=\"https:\/\/www.fiio.com\/ft5\" target=\"_blank\" rel=\"noopener\">Ostale informacije najdete na tej povezavi.<\/a><\/p>","protected":false},"excerpt":{"rendered":"<p>FiiO FT5 je opremljen z velikim 90 mm planarnim magnetnim gonilnikom, ki uporablja ultra tanko 6 um membrano, ta par proizvaja izjemno trden zvok z nizkim popa\u010denjem in visoko \u010distostjo. FiiO je izdelal polno kvadratni gonilnik glasovne tuljave iz aluminijevo-srebrne zlitine z mikronsko prevleko. Same slu\u0161alke so izdelane iz lahke konstrukcije iz magnezijeve in aluminijeve zlitine s trismernim vrtenjem slu\u0161alke. FiiO je razvil FT5 z visoko zmogljivim Teslovim magnetnim tokom z 20 mo\u010dnimi neodimskimi magneti na vsaki strani. FIiO povezuje slu\u0161alke FT5 s standardnim kablom visoke \u010distosti, izdelanim iz 392 jeder iz monokristalnega bakrenega materiala. Kabel ima sistem zamenljivih kon\u010dnih konektorjev in v paketu vsebuje 3,5mm in 4,4mm konektorje.<\/p>\n<p><a href=\"https:\/\/www.fiio.com\/ft5\" target=\"_blank\" rel=\"noopener\">Ostale informacije najdete na tej povezavi.<\/a><\/p>","protected":false},"featured_media":13575,"template":"","meta":{"site-sidebar-layout":"default","site-content-layout":"","ast-site-content-layout":"default","site-content-style":"default","site-sidebar-style":"default","ast-global-header-display":"","ast-banner-title-visibility":"","ast-main-header-display":"","ast-hfb-above-header-display":"","ast-hfb-below-header-display":"","ast-hfb-mobile-header-display":"","site-post-title":"","ast-breadcrumbs-content":"","ast-featured-img":"","footer-sml-layout":"","theme-transparent-header-meta":"default","adv-header-id-meta":"","stick-header-meta":"default","header-above-stick-meta":"","header-main-stick-meta":"","header-below-stick-meta":"","astra-migrate-meta-layouts":"set","ast-page-background-enabled":"default","ast-page-background-meta":{"desktop":{"background-color":"","background-image":"","background-repeat":"repeat","background-position":"center center","background-size":"auto","background-attachment":"scroll","background-type":"","background-media":"","overlay-type":"","overlay-color":"","overlay-opacity":"","overlay-gradient":""},"tablet":{"background-color":"","background-image":"","background-repeat":"repeat","background-position":"center center","background-size":"auto","background-attachment":"scroll","background-type":"","background-media":"","overlay-type":"","overlay-color":"","overlay-opacity":"","overlay-gradient":""},"mobile":{"background-color":"","background-image":"","background-repeat":"repeat","background-position":"center center","background-size":"auto","background-attachment":"scroll","background-type":"","background-media":"","overlay-type":"","overlay-color":"","overlay-opacity":"","overlay-gradient":""}},"ast-content-background-meta":{"desktop":{"background-color":"var(--ast-global-color-5)","background-image":"","background-repeat":"repeat","background-position":"center center","background-size":"auto","background-attachment":"scroll","background-type":"","background-media":"","overlay-type":"","overlay-color":"","overlay-opacity":"","overlay-gradient":""},"tablet":{"background-color":"var(--ast-global-color-5)","background-image":"","background-repeat":"repeat","background-position":"center center","background-size":"auto","background-attachment":"scroll","background-type":"","background-media":"","overlay-type":"","overlay-color":"","overlay-opacity":"","overlay-gradient":""},"mobile":{"background-color":"var(--ast-global-color-5)","background-image":"","background-repeat":"repeat","background-position":"center center","background-size":"auto","background-attachment":"scroll","background-type":"","background-media":"","overlay-type":"","overlay-color":"","overlay-opacity":"","overlay-gradient":""}}},"class_list":["post-13572","product","type-product","status-publish","has-post-thumbnail","hentry","product_cat-naglavne-slusalice","product_cat-fiio","desktop-align-center","tablet-align-center","mobile-align-center","ast-product-gallery-layout-horizontal","ast-magnify-disabled","ast-product-tabs-layout-horizontal"],"yoast_head":"<!-- This site is optimized with the Yoast SEO plugin v21.4 - https:\/\/yoast.com\/wordpress\/plugins\/seo\/ -->\n<title>FiiO FT5 - hd-multimedia<\/title>\n<meta name=\"description\" content=\"FiiO FT5 dolazi s velikom planarnom magnetskom drajverskom jedinicom od 90 mm koja koristi ultra-tanku dijafragmu od 6 um.\" \/>\n<meta name=\"robots\" content=\"index, follow, max-snippet:-1, max-image-preview:large, max-video-preview:-1\" \/>\n<link rel=\"canonical\" href=\"https:\/\/hd-multimedia.com\/sl\/trgovina\/fiio-ft5\/\" \/>\n<meta property=\"og:locale\" content=\"sl_SI\" \/>\n<meta property=\"og:type\" content=\"article\" \/>\n<meta property=\"og:title\" content=\"FiiO FT5 - hd-multimedia\" \/>\n<meta property=\"og:description\" content=\"FiiO FT5 dolazi s velikom planarnom magnetskom drajverskom jedinicom od 90 mm koja koristi ultra-tanku dijafragmu od 6 um.\" \/>\n<meta property=\"og:url\" content=\"https:\/\/hd-multimedia.com\/sl\/trgovina\/fiio-ft5\/\" \/>\n<meta property=\"og:site_name\" content=\"hd-multimedia\" \/>\n<meta property=\"article:modified_time\" content=\"2025-10-29T08:09:25+00:00\" \/>\n<meta property=\"og:image\" content=\"https:\/\/hd-multimedia.com\/hdm_media\/8309179-scaled-e1702638579702.jpg\" \/>\n\t<meta property=\"og:image:width\" content=\"1200\" \/>\n\t<meta property=\"og:image:height\" content=\"1200\" \/>\n\t<meta property=\"og:image:type\" content=\"image\/jpeg\" \/>\n<meta name=\"twitter:card\" content=\"summary_large_image\" \/>\n<meta name=\"twitter:label1\" content=\"Est. reading time\" \/>\n\t<meta name=\"twitter:data1\" content=\"1 minuta\" \/>\n<script type=\"application\/ld+json\" class=\"yoast-schema-graph\">{\"@context\":\"https:\/\/schema.org\",\"@graph\":[{\"@type\":\"WebPage\",\"@id\":\"https:\/\/hd-multimedia.com\/trgovina\/fiio-ft5\/\",\"url\":\"https:\/\/hd-multimedia.com\/trgovina\/fiio-ft5\/\",\"name\":\"FiiO FT5 - hd-multimedia\",\"isPartOf\":{\"@id\":\"https:\/\/hd-multimedia.com\/#website\"},\"datePublished\":\"2023-12-13T12:18:02+00:00\",\"dateModified\":\"2025-10-29T08:09:25+00:00\",\"description\":\"FiiO FT5 dolazi s velikom planarnom magnetskom drajverskom jedinicom od 90 mm koja koristi ultra-tanku dijafragmu od 6 um.\",\"breadcrumb\":{\"@id\":\"https:\/\/hd-multimedia.com\/trgovina\/fiio-ft5\/#breadcrumb\"},\"inLanguage\":\"sl-SI\",\"potentialAction\":[{\"@type\":\"ReadAction\",\"target\":[\"https:\/\/hd-multimedia.com\/trgovina\/fiio-ft5\/\"]}]},{\"@type\":\"BreadcrumbList\",\"@id\":\"https:\/\/hd-multimedia.com\/trgovina\/fiio-ft5\/#breadcrumb\",\"itemListElement\":[{\"@type\":\"ListItem\",\"position\":1,\"name\":\"Po\u010detna stranica\",\"item\":\"https:\/\/hd-multimedia.com\/\"},{\"@type\":\"ListItem\",\"position\":2,\"name\":\"Trgovina\",\"item\":\"https:\/\/hd-multimedia.com\/trgovina\/\"},{\"@type\":\"ListItem\",\"position\":3,\"name\":\"FiiO FT5\"}]},{\"@type\":\"WebSite\",\"@id\":\"https:\/\/hd-multimedia.com\/#website\",\"url\":\"https:\/\/hd-multimedia.com\/\",\"name\":\"hd-multimedia\",\"description\":\"\",\"publisher\":{\"@id\":\"https:\/\/hd-multimedia.com\/#organization\"},\"potentialAction\":[{\"@type\":\"SearchAction\",\"target\":{\"@type\":\"EntryPoint\",\"urlTemplate\":\"https:\/\/hd-multimedia.com\/?s={search_term_string}\"},\"query-input\":\"required name=search_term_string\"}],\"inLanguage\":\"sl-SI\"},{\"@type\":\"Organization\",\"@id\":\"https:\/\/hd-multimedia.com\/#organization\",\"name\":\"hd-multimedia\",\"url\":\"https:\/\/hd-multimedia.com\/\",\"logo\":{\"@type\":\"ImageObject\",\"inLanguage\":\"sl-SI\",\"@id\":\"https:\/\/hd-multimedia.com\/#\/schema\/logo\/image\/\",\"url\":\"https:\/\/hd-multimedia.com\/hdm_media\/HD-curves-ok-196-56px-alpha-1.png\",\"contentUrl\":\"https:\/\/hd-multimedia.com\/hdm_media\/HD-curves-ok-196-56px-alpha-1.png\",\"width\":196,\"height\":53,\"caption\":\"hd-multimedia\"},\"image\":{\"@id\":\"https:\/\/hd-multimedia.com\/#\/schema\/logo\/image\/\"}}]}<\/script>\n<!-- \/ Yoast SEO plugin. -->","yoast_head_json":{"title":"FiiO FT5 - hd-multimedia","description":"FiiO FT5 dolazi s velikom planarnom magnetskom drajverskom jedinicom od 90 mm koja koristi ultra-tanku dijafragmu od 6 um.","robots":{"index":"index","follow":"follow","max-snippet":"max-snippet:-1","max-image-preview":"max-image-preview:large","max-video-preview":"max-video-preview:-1"},"canonical":"https:\/\/hd-multimedia.com\/sl\/trgovina\/fiio-ft5\/","og_locale":"sl_SI","og_type":"article","og_title":"FiiO FT5 - hd-multimedia","og_description":"FiiO FT5 dolazi s velikom planarnom magnetskom drajverskom jedinicom od 90 mm koja koristi ultra-tanku dijafragmu od 6 um.","og_url":"https:\/\/hd-multimedia.com\/sl\/trgovina\/fiio-ft5\/","og_site_name":"hd-multimedia","article_modified_time":"2025-10-29T08:09:25+00:00","og_image":[{"width":1200,"height":1200,"url":"https:\/\/hd-multimedia.com\/hdm_media\/8309179-scaled-e1702638579702.jpg","type":"image\/jpeg"}],"twitter_card":"summary_large_image","twitter_misc":{"Est. reading time":"1 minuta"},"schema":{"@context":"https:\/\/schema.org","@graph":[{"@type":"WebPage","@id":"https:\/\/hd-multimedia.com\/trgovina\/fiio-ft5\/","url":"https:\/\/hd-multimedia.com\/trgovina\/fiio-ft5\/","name":"FiiO FT5 - hd-multimedia","isPartOf":{"@id":"https:\/\/hd-multimedia.com\/#website"},"datePublished":"2023-12-13T12:18:02+00:00","dateModified":"2025-10-29T08:09:25+00:00","description":"FiiO FT5 dolazi s velikom planarnom magnetskom drajverskom jedinicom od 90 mm koja koristi ultra-tanku dijafragmu od 6 um.","breadcrumb":{"@id":"https:\/\/hd-multimedia.com\/trgovina\/fiio-ft5\/#breadcrumb"},"inLanguage":"sl-SI","potentialAction":[{"@type":"ReadAction","target":["https:\/\/hd-multimedia.com\/trgovina\/fiio-ft5\/"]}]},{"@type":"BreadcrumbList","@id":"https:\/\/hd-multimedia.com\/trgovina\/fiio-ft5\/#breadcrumb","itemListElement":[{"@type":"ListItem","position":1,"name":"Po\u010detna stranica","item":"https:\/\/hd-multimedia.com\/"},{"@type":"ListItem","position":2,"name":"Trgovina","item":"https:\/\/hd-multimedia.com\/trgovina\/"},{"@type":"ListItem","position":3,"name":"FiiO FT5"}]},{"@type":"WebSite","@id":"https:\/\/hd-multimedia.com\/#website","url":"https:\/\/hd-multimedia.com\/","name":"hd-multimedia","description":"","publisher":{"@id":"https:\/\/hd-multimedia.com\/#organization"},"potentialAction":[{"@type":"SearchAction","target":{"@type":"EntryPoint","urlTemplate":"https:\/\/hd-multimedia.com\/?s={search_term_string}"},"query-input":"required name=search_term_string"}],"inLanguage":"sl-SI"},{"@type":"Organization","@id":"https:\/\/hd-multimedia.com\/#organization","name":"hd-multimedia","url":"https:\/\/hd-multimedia.com\/","logo":{"@type":"ImageObject","inLanguage":"sl-SI","@id":"https:\/\/hd-multimedia.com\/#\/schema\/logo\/image\/","url":"https:\/\/hd-multimedia.com\/hdm_media\/HD-curves-ok-196-56px-alpha-1.png","contentUrl":"https:\/\/hd-multimedia.com\/hdm_media\/HD-curves-ok-196-56px-alpha-1.png","width":196,"height":53,"caption":"hd-multimedia"},"image":{"@id":"https:\/\/hd-multimedia.com\/#\/schema\/logo\/image\/"}}]}},"post_mailing_queue_ids":[],"_links":{"self":[{"href":"https:\/\/hd-multimedia.com\/sl\/wp-json\/wp\/v2\/product\/13572","targetHints":{"allow":["GET"]}}],"collection":[{"href":"https:\/\/hd-multimedia.com\/sl\/wp-json\/wp\/v2\/product"}],"about":[{"href":"https:\/\/hd-multimedia.com\/sl\/wp-json\/wp\/v2\/types\/product"}],"version-history":[{"count":5,"href":"https:\/\/hd-multimedia.com\/sl\/wp-json\/wp\/v2\/product\/13572\/revisions"}],"predecessor-version":[{"id":17396,"href":"https:\/\/hd-multimedia.com\/sl\/wp-json\/wp\/v2\/product\/13572\/revisions\/17396"}],"wp:featuredmedia":[{"embeddable":true,"href":"https:\/\/hd-multimedia.com\/sl\/wp-json\/wp\/v2\/media\/13575"}],"wp:attachment":[{"href":"https:\/\/hd-multimedia.com\/sl\/wp-json\/wp\/v2\/media?parent=13572"}],"curies":[{"name":"wp","href":"https:\/\/api.w.org\/{rel}","templated":true}]}}